{"id":67269,"date":"2025-01-17T11:13:01","date_gmt":"2025-01-17T09:13:01","guid":{"rendered":"https:\/\/obera.fr\/produits\/depoussiereurs-industriels\/lumina-prafului\/"},"modified":"2025-07-11T11:17:49","modified_gmt":"2025-07-11T09:17:49","slug":"lumina-prafului","status":"publish","type":"page","link":"https:\/\/obera.fr\/ro\/produits\/depoussiereurs-industriels\/lumina-prafului\/","title":{"rendered":"Preia controlul asupra mediului t\u0103u de lucru cu Dustlight"},"content":{"rendered":"\n<div class=\"wp-block-columns is-layout-flex wp-container-core-columns-is-layout-28f84493 wp-block-columns-is-layout-flex\">\n<div class=\"wp-block-column is-layout-flow wp-block-column-is-layout-flow\">\n<div class=\"wp-block-media-text has-media-on-the-right is-stacked-on-mobile\" style=\"grid-template-columns:auto 33%\"><div class=\"wp-block-media-text__content\">\n<p>OberA este m\u00e2ndr\u0103 s\u0103 prezinte <strong>Dustlight<\/strong>, un analizor portabil inovator conceput pentru a detecta \u0219i analiza cu acurate\u021be praful fin.  <\/p>\n\n\n\n<p>Compact, fiabil \u0219i u\u0219or de utilizat, acest dispozitiv este instrumentul ideal pentru profesioni\u0219tii \u0219i industria\u0219ii care doresc s\u0103 monitorizeze calitatea aerului \u0219i s\u0103 identifice particulele \u00een suspensie.<\/p>\n<\/div><figure class=\"wp-block-media-text__media\"><img decoding=\"async\" src=\"https:\/\/lh7-rt.googleusercontent.com\/docsz\/AD_4nXePsRD5Y4gAIBhHibguQOn0U6fgzh-p6iUVppCy2PUUWG4S_QIvoTfNJeagK6httptlC4XtT9kmxghV9258tIgq2J0QFwvU7BowEB_Xe_4_rgzVdEW0mM97dpA7WZj9dGkQUsTtMadi1obMqCXsxII?key=QO8r7RmlolM9MhCfcv5-73XE\" alt=\"Prevenirea riscurilor legate de praf | Travail-emploi.gouv.fr | Minist\u00e8re du Travail, de la Sant\u00e9, des Solidarit\u00e9s et des Familles\"\/><\/figure><\/div>\n\n\n\n<div style=\"height:41px\" aria-hidden=\"true\" class=\"wp-block-spacer\"><\/div>\n\n\n\n<div class=\"wp-block-buttons is-content-justification-center is-layout-flex wp-container-core-buttons-is-layout-a89b3969 wp-block-buttons-is-layout-flex\">\n<div class=\"wp-block-button\"><a class=\"wp-block-button__link has-text-align-center wp-element-button\" href=\"https:\/\/obera.fr\/formulaire-dustlight\/\">TEST GRATUIT DE 20 DE ZILE<\/a><\/div>\n<\/div>\n<\/div>\n<\/div>\n\n<p><\/p>\n\n<p><\/p>\n\n<h2 class=\"wp-block-heading\">Proteja\u021bi-v\u0103 de pericolul invizibil al prafului respirabil la locul de munc\u0103<\/h2>\n\n<figure class=\"wp-block-image aligncenter is-resized\"><img decoding=\"async\" src=\"https:\/\/lh7-rt.googleusercontent.com\/docsz\/AD_4nXcOS0Hfg67TC29tD0YKTlwhEbY82uCB9DoKqHN4byLMiiWnWb6_cUR2kTh4CxjF9WQI7qzrJx1chS1E8L9qU3zGeBgcCaStWF9a7mYnCr73_ylzp9tDc1LItbkRpO8_Eg6aBoXNFQRLSfcDQnw1RmM?key=QO8r7RmlolM9MhCfcv5-73XE\" alt=\"O imagine care con&#x21B;ine text, Dispozitive electronice, Dispozitive electronice, Screenshot&#10;&#10;Descriere generat&#x103; automat\" style=\"width:617px;height:auto\"\/><figcaption class=\"wp-element-caption\"><strong>Analizor portabil de praf fin<\/strong><\/figcaption><\/figure>\n\n<p>Utiliza\u021bi dispozitivul de m\u0103surare Dustlight pentru a m\u0103sura cu exactitate concentra\u021biile de praf  <\/p>\n\n<p>\u00een medii industriale \u0219i s\u0103 v\u0103 proteja\u021bi s\u0103n\u0103tatea dumneavoastr\u0103 \u0219i a angaja\u021bilor dumneavoastr\u0103.<\/p>\n\n<p><\/p>\n\n<p>Praful fin respirabil poate cauza probleme grave de s\u0103n\u0103tate, cum ar fi boli respiratorii, probleme cardiovasculare \u0219i cancer.<\/p>\n\n<p><\/p>\n\n<p>Cu <strong>Dustlight<\/strong>, pute\u021bi minimiza eficient aceste riscuri prin m\u0103surarea expunerii la praf \u0219i luarea m\u0103surilor de protec\u021bie adecvate.<\/p>\n\n<p><\/p>\n\n<p><strong>Dustlight<\/strong> m\u0103soar\u0103 expunerea la praf \u00een fiecare secund\u0103.  <\/p>\n\n<p>Valorile pot fi vizualizate \u00een aplica\u021bia noastr\u0103 smartphone \u0219i web \u0219i desc\u0103rcate sub form\u0103 de raport.  <\/p>\n\n<p><\/p>\n\n<h2 class=\"wp-block-heading\">Crea\u021bi un mediu de lucru sigur \u0219i investi\u021bi \u00een s\u0103n\u0103tatea angaja\u021bilor dvs. cu monitorul de praf Dustlight.<\/h2>\n\n<p><\/p>\n\n<p><strong>Doar porni\u021bi-l \u0219i lucra\u021bi \u00een deplin\u0103 siguran\u021b\u0103!<\/strong><\/p>\n\n<p><\/p>\n\n<ul class=\"wp-block-list\">\n<li><strong>Cartografierea \u0219i monitorizarea \u00een timp real a concentra\u021biilor de praf<\/strong>: <strong>PM10, PM2.5 \u0219i PM1 <\/strong> <\/li>\n\n\n\n<li><strong>Avertizarea rapid\u0103 a persoanelor cu privire la necesitatea de a purta protec\u021bie respiratorie<\/strong><\/li>\n\n\n\n<li><strong>Facerea vizibil\u0103 a riscului de expunere la pulberi periculoase (CMR)<\/strong><\/li>\n\n\n\n<li><strong>Identificarea surselor de poluare \u0219i facerea lor vizibil\u0103, astfel \u00eenc\u00e2t acestea s\u0103 poat\u0103 fi tratate mai eficient<\/strong><\/li>\n\n\n\n<li><strong>Protejarea operatorilor \u00een fabrici \u0219i pe \u0219antiere<\/strong><\/li>\n\n\n\n<li><strong>Identificarea prafului respirabil<\/strong><\/li>\n\n\n\n<li><strong>Anticiparea m\u0103surilor de reglementare<\/strong><\/li>\n\n\n\n<li><strong>Validarea unei solu\u021bii implementate<\/strong><\/li>\n<\/ul>\n\n<div class=\"wp-block-media-text has-media-on-the-right is-stacked-on-mobile\" style=\"grid-template-columns:auto 20%\"><div class=\"wp-block-media-text__content\">\n<p class=\"has-text-align-center\"><strong>Solu\u021bie inovatoare  <\/strong><\/p>\n\n\n\n<p class=\"has-text-align-center\"><strong>Ajut\u0103 la identificarea situa\u021biilor critice \u00een timp real,<\/strong> <strong>ajut\u00e2nd la protejarea<\/strong> <strong>s\u0103n\u0103tatea lucr\u0103torilor: PREVENIRE <\/strong> <\/p>\n<\/div><figure class=\"wp-block-media-text__media\"><img decoding=\"async\" src=\"https:\/\/lh7-rt.googleusercontent.com\/docsz\/AD_4nXeMFP13jbj-PgQg3zsXKleNzM21nevJo4ZMdadvv0-GNt5HN84xZQB6mAnWebn-wFPR-rT_1JpVNez2htbLY9d4Ve75JkuKUHIqs0fLQs9OeMiTljWOFxzfyO-fptezwx-JAYi4g5NCkfxQYE6Rrw?key=QO8r7RmlolM9MhCfcv5-73XE\" alt=\"Click Fast - curea toracic\u0103\"\/><\/figure><\/div>\n\n<h3 class=\"wp-block-heading\">Simplu, fiabil \u0219i robust<\/h3>\n\n<p>Detectare imediat\u0103: o m\u0103surare extrem de eficient\u0103 \u0219i precis\u0103.<\/p>\n\n<p>Evaluare rapid\u0103 a \u00eenc\u0103rc\u0103turii de praf cu afi\u0219aj colorat \u0219i avertizare sonor\u0103.<\/p>\n\n<p>Un sistem de semaforizare care v\u0103 ofer\u0103 o indica\u021bie rapid\u0103 \u0219i clar\u0103 atunci c\u00e2nd valorile limit\u0103 sunt dep\u0103\u0219ite, astfel \u00eenc\u00e2t s\u0103 pute\u021bi lua m\u0103suri imediate.<\/p>\n\n<h3 class=\"wp-block-heading\">Domenii de aplicare<\/h3>\n\n<ul class=\"wp-block-list\">\n<li>Industria lemnului: algoritm special pentru m\u0103surarea prafului de lemn de esen\u021b\u0103 tare \u0219i moale<\/li>\n\n\n\n<li>Sudare: monitorizarea vaporilor de sudur\u0103 \u0219i a prafului metalic.<\/li>\n\n\n\n<li>M\u0103surare adecvat\u0103 pentru substan\u021be precum siliciul \u0219i pulberile<\/li>\n\n\n\n<li>Industria alimentar\u0103<\/li>\n\n\n\n<li>Configurabil pentru aplica\u021bii specifice<\/li>\n<\/ul>\n\n<h3 class=\"wp-block-heading\">Tehnologie \u0219i inovare<\/h3>\n\n<ul class=\"wp-block-list\">\n<li>Senzor fotometric cu laser<\/li>\n\n\n\n<li>Detectarea rapid\u0103 \u0219i precis\u0103 a particulelor<\/li>\n\n\n\n<li>Protec\u021bia senzorului<\/li>\n\n\n\n<li>Flux de aer filtrat \u0219i sistem de cur\u0103\u021bare automat\u0103 pentru o durat\u0103 de via\u021b\u0103 extins\u0103.<\/li>\n<\/ul>\n\n<h3 class=\"wp-block-heading\">Testat \u0219i aprobat<\/h3>\n\n<p>Validat de Institutul pentru Cercetarea Substan\u021belor Periculoase (IGF)  <\/p>\n\n<p><\/p>\n\n<figure class=\"wp-block-image aligncenter is-resized\"><img decoding=\"async\" src=\"https:\/\/lh7-rt.googleusercontent.com\/docsz\/AD_4nXdpqfRaq3oGk9dAXgZ7x3rjs5SzASfAHYKydUkBgvmnTjZ5JgpSdlKbZKnVxPfWPOjTUifc5SLMAcyDv4ciV6yYT5AQcLkpX61KeDgoaoVP7TC-bwCWL_w0JA6woMYYZDAlgg7ewWyzWQmlIVx4LA?key=QO8r7RmlolM9MhCfcv5-73XE\" alt=\"Dustlight praf respirabil Dispozitiv de m&#x103;surare pentru monitorizarea calit&#x103;&#x21B;ii aerului la locul de munc&#x103;, robust &#x219;i portabil pentru utilizare industrial&#x103;. LED-ul verde indic&#x103; expunerea la praf sub valoarea prag. \" style=\"width:458px;height:auto\"\/><\/figure>\n\n<h2 class=\"wp-block-heading\">Caracteristici principale<\/h2>\n\n<h3 class=\"wp-block-heading\">M\u0103sur\u0103tori precise<\/h3>\n\n<p>Monitorizarea pulberilor PM10, PM2,5 \u0219i PM1 cu o rezolu\u021bie de 1 \u00b5g\/m\u00b3.<\/p>\n\n<h3 class=\"wp-block-heading\">Sistem de alert\u0103 vizual\u0103  <\/h3>\n\n<ul class=\"wp-block-list\">\n<li>Afi\u0219aj LED \u0219i semnal luminos (verde, galben, ro\u0219u) \u00een func\u021bie de valorile limit\u0103<\/li>\n\n\n\n<li>TRGS 900 (echivalent cu VLEP \u00een Germania)<\/li>\n\n\n\n<li>Afi\u0219area \u00eenc\u0103rc\u0103turii curente de praf respirabil<\/li>\n\n\n\n<li>Durata de via\u021b\u0103 a bateriei p\u00e2n\u0103 la 40 de ore (modul eco) + starea de \u00eenc\u0103rcare<\/li>\n<\/ul>\n\n<h3 class=\"wp-block-heading\">Robuste\u021be<\/h3>\n\n<ul class=\"wp-block-list\">\n<li>Echipamente avansate de protec\u021bie \u00eempotriva prafului  <\/li>\n\n\n\n<li>pentru o durat\u0103 de via\u021b\u0103 maxim\u0103 (prefiltre, aer filtrat, autocur\u0103\u021bare)<\/li>\n\n\n\n<li>Sistem de protec\u021bie patentat pentru senzori cura\u021bi permanent<\/li>\n\n\n\n<li>Priz\u0103 de \u00eenc\u0103rcare rezistent\u0103 la praf<\/li>\n<\/ul>\n\n<h3 class=\"wp-block-heading\">Montare modular\u0103<\/h3>\n\n<ul class=\"wp-block-list\">\n<li>Sistem adaptabil brevetat Klick-Fast (clip, band\u0103 Velcro, plasture)<\/li>\n<\/ul>\n\n<h3 class=\"wp-block-heading\">Date tehnice<\/h3>\n\n<ul class=\"wp-block-list\">\n<li>Dimensiuni: 69 x 69 x 32,5 mm (f\u0103r\u0103 clip)<\/li>\n\n\n\n<li>Greutate: 149 g<\/li>\n\n\n\n<li>Baterie: litiu-ion, a<\/li>\n\n\n\n<li>Grad de protec\u021bie: IP4X<\/li>\n\n\n\n<li>Temperatura de func\u021bionare : -10 p\u00e2n\u0103 la +50 \u00b0C<\/li>\n\n\n\n<li>Interval de m\u0103surare: 0 &#8211; 10 000 \u00b5g\/m\u00b3.<\/li>\n\n\n\n<li>Servicii asociate<\/li>\n\n\n\n<li>Configura\u021bii specifice: Adaptare pentru medii specifice  <\/li>\n\n\n\n<li>(de exemplu, lemn, sudur\u0103).<\/li>\n\n\n\n<li>\u00centre\u021binere: service anual care include cur\u0103\u021barea, recalibrarea \u0219i actualizarea software-ului.<\/li>\n<\/ul>\n\n<h2 class=\"wp-block-heading\">Dustlight este acum disponibil prin intermediul noii aplica\u021bii web \u0219i al aplica\u021biei pentru smartphone.  <\/h2>\n\n<ul class=\"wp-block-list\">\n<li>Tehnologie de m\u0103surare de ultim\u0103 genera\u021bie care \u00eenregistreaz\u0103 nivelurile de praf la secund\u0103.  <\/li>\n\n\n\n<li>Sistem de avertizare integrat pentru a ajuta la respectarea standardelor de calitate a aerului<\/li>\n\n\n\n<li>Reglarea individual\u0103 a valorilor limit\u0103 \u00een aplica\u021bie \u0219i \u00een aplica\u021bia web<\/li>\n\n\n\n<li>avertismente sonore \u0219i colorate de \u00eendat\u0103 ce valorile limit\u0103 pe care le-a\u021bi stabilit sunt dep\u0103\u0219ite, astfel \u00eenc\u00e2t deciziile s\u0103 poat\u0103 fi luate \u00eentr-un stadiu incipient<\/li>\n\n\n\n<li>Raportare avansat\u0103 \u0219i analiz\u0103 a datelor &#8211; desc\u0103rcare direct\u0103 a rapoartelor de evaluare a riscurilor &#8211; suport important pentru raportarea ESG.\n<ul class=\"wp-block-list\">\n<li>Format CSV sau PDF<\/li>\n<\/ul>\n<\/li>\n<\/ul>\n\n<figure class=\"wp-block-image aligncenter is-resized\"><img decoding=\"async\" src=\"https:\/\/lh7-rt.googleusercontent.com\/docsz\/AD_4nXfpUeAu-RQ97rEMo0ogKOvI3id8fXZbwSMJwAgs-GtmaJ_Q5nyjpb40R12sTCs5kSWbL5tB4dLEl37jMKzpdX0-E-_fW3yQnN7Lb1c_7lYFSPlGmw0UjR5Ubi1ZHw8JTmPjIJIIkzYCGP9bS9qSE6Y?key=QO8r7RmlolM9MhCfcv5-73XE\" alt=\"O imagine care con&#x21B;ine text, multimedia, dispozitive electronice, software&#10;&#10;Descriere generat&#x103; automat\" style=\"width:800px;height:auto\"\/><\/figure>\n\n<p class=\"has-text-align-center\"><strong>Comanda\u021bi ast\u0103zi Dustlight  <\/strong><\/p>\n\n<p class=\"has-text-align-center\"><strong>\u0219i garanta\u021bi un mediu de lucru mai sigur!<\/strong><\/p>\n\n<div class=\"wp-block-buttons is-content-justification-center is-layout-flex wp-container-core-buttons-is-layout-a89b3969 wp-block-buttons-is-layout-flex\">\n<div class=\"wp-block-button\"><a class=\"wp-block-button__link has-text-align-center wp-element-button\" href=\"https:\/\/obera.fr\/formulaire-dustlight\/\">TEST GRATUIT DE 20 DE ZILE<\/a><\/div>\n<\/div>\n","protected":false},"excerpt":{"rendered":"<p>OberA este m\u00e2ndr\u0103 s\u0103 prezinte Dustlight, un analizor portabil inovator conceput pentru a detecta \u0219i analiza cu acurate\u021be praful fin. Compact, fiabil \u0219i u\u0219or de utilizat, acest dispozitiv este instrumentul ideal pentru profesioni\u0219tii \u0219i industria\u0219ii care doresc s\u0103 monitorizeze calitatea aerului \u0219i s\u0103 identifice particulele \u00een suspensie. Proteja\u021bi-v\u0103 de pericolul invizibil al prafului respirabil la locul de munc\u0103 Utiliza\u021bi dispozitivul de m\u0103surare Dustlight pentru a m\u0103sura cu exactitate concentra\u021biile de praf \u00een medii industriale \u0219i s\u0103 v\u0103 proteja\u021bi s\u0103n\u0103tatea dumneavoastr\u0103 \u0219i a angaja\u021bilor dumneavoastr\u0103. Praful fin respirabil poate cauza probleme grave de s\u0103n\u0103tate, cum ar fi boli respiratorii, probleme cardiovasculare &#8230; <\/p>\n<p class=\"read-more-container\"><a title=\"Preia controlul asupra mediului t\u0103u de lucru cu Dustlight\" class=\"read-more button\" href=\"https:\/\/obera.fr\/ro\/produits\/depoussiereurs-industriels\/lumina-prafului\/#more-67269\" aria-label=\"Cite\u0219te mai multe despre Preia controlul asupra mediului t\u0103u de lucru cu Dustlight\">Lire la suite<\/a><\/p>\n","protected":false},"author":4,"featured_media":103627,"parent":45668,"menu_order":0,"comment_status":"closed","ping_status":"closed","template":"","meta":{"_acf_changed":false,"_seopress_robots_primary_cat":"","_seopress_titles_title":"Preia controlul asupra mediului t\u0103u de lucru cu Dustlight","_seopress_titles_desc":"Descoperi\u021bi Dustlight de la OberA, un analizor portabil precis \u0219i compact pentru detectarea prafului fin. Ideal pentru monitorizarea calit\u0103\u021bii aerului. ","_seopress_robots_index":"","footnotes":""},"class_list":{"0":"post-67269","1":"page","2":"type-page","3":"status-publish","4":"has-post-thumbnail","6":"no-featured-image-padding","7":"resize-featured-image"},"acf":[],"_links":{"self":[{"href":"https:\/\/obera.fr\/ro\/wp-json\/wp\/v2\/pages\/67269","targetHints":{"allow":["GET"]}}],"collection":[{"href":"https:\/\/obera.fr\/ro\/wp-json\/wp\/v2\/pages"}],"about":[{"href":"https:\/\/obera.fr\/ro\/wp-json\/wp\/v2\/types\/page"}],"author":[{"embeddable":true,"href":"https:\/\/obera.fr\/ro\/wp-json\/wp\/v2\/users\/4"}],"replies":[{"embeddable":true,"href":"https:\/\/obera.fr\/ro\/wp-json\/wp\/v2\/comments?post=67269"}],"version-history":[{"count":1,"href":"https:\/\/obera.fr\/ro\/wp-json\/wp\/v2\/pages\/67269\/revisions"}],"predecessor-version":[{"id":67275,"href":"https:\/\/obera.fr\/ro\/wp-json\/wp\/v2\/pages\/67269\/revisions\/67275"}],"up":[{"embeddable":true,"href":"https:\/\/obera.fr\/ro\/wp-json\/wp\/v2\/pages\/45668"}],"wp:featuredmedia":[{"embeddable":true,"href":"https:\/\/obera.fr\/ro\/wp-json\/wp\/v2\/media\/103627"}],"wp:attachment":[{"href":"https:\/\/obera.fr\/ro\/wp-json\/wp\/v2\/media?parent=67269"}],"curies":[{"name":"wp","href":"https:\/\/api.w.org\/{rel}","templated":true}]}}