{"id":67393,"date":"2021-10-01T18:50:29","date_gmt":"2021-10-01T16:50:29","guid":{"rendered":"https:\/\/obera.fr\/contactati-ne\/news-merci\/"},"modified":"2025-02-26T14:06:41","modified_gmt":"2025-02-26T12:06:41","slug":"news-merci","status":"publish","type":"page","link":"https:\/\/obera.fr\/ro\/contact\/news-merci\/","title":{"rendered":"V\u0103 mul\u021bumim"},"content":{"rendered":"\n<p><meta charset=\"utf-8\"\/>Cererea dumneavoastr\u0103 este luat\u0103 \u00een considerare<\/p>\n","protected":false},"excerpt":{"rendered":"<p>Cererea dumneavoastr\u0103 este luat\u0103 \u00een considerare<\/p>\n","protected":false},"author":4,"featured_media":0,"parent":48865,"menu_order":0,"comment_status":"closed","ping_status":"closed","template":"","meta":{"_acf_changed":false,"_seopress_robots_primary_cat":"","_seopress_titles_title":"","_seopress_titles_desc":"","_seopress_robots_index":"da","footnotes":""},"class_list":{"0":"post-67393","1":"page","2":"type-page","3":"status-publish","5":"no-featured-image-padding"},"acf":[],"_links":{"self":[{"href":"https:\/\/obera.fr\/ro\/wp-json\/wp\/v2\/pages\/67393","targetHints":{"allow":["GET"]}}],"collection":[{"href":"https:\/\/obera.fr\/ro\/wp-json\/wp\/v2\/pages"}],"about":[{"href":"https:\/\/obera.fr\/ro\/wp-json\/wp\/v2\/types\/page"}],"author":[{"embeddable":true,"href":"https:\/\/obera.fr\/ro\/wp-json\/wp\/v2\/users\/4"}],"replies":[{"embeddable":true,"href":"https:\/\/obera.fr\/ro\/wp-json\/wp\/v2\/comments?post=67393"}],"version-history":[{"count":1,"href":"https:\/\/obera.fr\/ro\/wp-json\/wp\/v2\/pages\/67393\/revisions"}],"predecessor-version":[{"id":67395,"href":"https:\/\/obera.fr\/ro\/wp-json\/wp\/v2\/pages\/67393\/revisions\/67395"}],"up":[{"embeddable":true,"href":"https:\/\/obera.fr\/ro\/wp-json\/wp\/v2\/pages\/48865"}],"wp:attachment":[{"href":"https:\/\/obera.fr\/ro\/wp-json\/wp\/v2\/media?parent=67393"}],"curies":[{"name":"wp","href":"https:\/\/api.w.org\/{rel}","templated":true}]}}