{"id":115351,"date":"2025-06-26T12:05:10","date_gmt":"2025-06-26T10:05:10","guid":{"rendered":"https:\/\/obera.fr\/clearbox\/"},"modified":"2025-06-26T12:09:02","modified_gmt":"2025-06-26T10:09:02","slug":"clearbox","status":"publish","type":"page","link":"https:\/\/obera.fr\/sk\/clearbox\/","title":{"rendered":"Clearbox"},"content":{"rendered":"\n<div class=\"wp-block-columns is-layout-flex wp-container-core-columns-is-layout-28f84493 wp-block-columns-is-layout-flex\">\n<div class=\"wp-block-column is-layout-flow wp-block-column-is-layout-flow\" style=\"flex-basis:33.33%\">\n<figure class=\"wp-block-image aligncenter size-medium\"><img decoding=\"async\" width=\"300\" height=\"267\" src=\"https:\/\/obera.fr\/wp-content\/uploads\/2025\/06\/clearbox-300x267.png\" alt=\"clearbox\" class=\"wp-image-109012\" srcset=\"https:\/\/obera.fr\/wp-content\/uploads\/2025\/06\/clearbox-300x267.png 300w, https:\/\/obera.fr\/wp-content\/uploads\/2025\/06\/clearbox.png 534w\" sizes=\"(max-width: 300px) 100vw, 300px\" \/><figcaption class=\"wp-element-caption\">Clearbox<\/figcaption><\/figure>\n<\/div>\n\n\n\n<div class=\"wp-block-column is-layout-flow wp-block-column-is-layout-flow\" style=\"flex-basis:66.66%\">\n<p class=\"has-drop-cap\"><\/p>\n\n\n\n<hr class=\"wp-block-separator has-text-color has-black-color has-css-opacity has-black-background-color has-background is-style-dots\"\/>\n\n\n\n<div class=\"wp-block-columns is-layout-flex wp-container-core-columns-is-layout-28f84493 wp-block-columns-is-layout-flex\">\n<div class=\"wp-block-column is-layout-flow wp-block-column-is-layout-flow\" style=\"flex-basis:33.33%\">\n<div class=\"wp-block-buttons is-layout-flex wp-block-buttons-is-layout-flex\">\n<div class=\"wp-block-button\"><a class=\"wp-block-button__link wp-element-button\" href=\"https:\/\/obera.fr\/wp-content\/uploads\/2025\/06\/fr-caisson-mobile-daspiration-clearbox-1.pdf\">STIAHNU\u0164 BRO\u017d\u00daRU<\/a><\/div>\n<\/div>\n<\/div>\n\n\n\n<div class=\"wp-block-column is-layout-flow wp-block-column-is-layout-flow\" style=\"flex-basis:33.34%\">\n<div class=\"wp-block-buttons is-horizontal is-content-justification-center is-layout-flex wp-container-core-buttons-is-layout-03627597 wp-block-buttons-is-layout-flex\">\n<div class=\"wp-block-button has-custom-width wp-block-button__width-100\"><a class=\"wp-block-button__link wp-element-button\" href=\"https:\/\/obera.fr\/sk\/kontaktujte-nas\/\">Ve\u010d o tem<\/a><\/div>\n<\/div>\n<\/div>\n\n\n\n<div class=\"wp-block-column is-layout-flow wp-block-column-is-layout-flow\" style=\"flex-basis:33.34%\">\n<div class=\"wp-block-buttons is-content-justification-center is-layout-flex wp-container-core-buttons-is-layout-a89b3969 wp-block-buttons-is-layout-flex\">\n<div class=\"wp-block-button btn-devis-source\"><a class=\"wp-block-button__link wp-element-button\" href=\"https:\/\/obera.fr\/sk\/devis\/\">Po\u017eiada\u0165 o cenov\u00fa ponuku<\/a><\/div>\n<\/div>\n\n\n<script>\r\ndocument.addEventListener('DOMContentLoaded', function() {\r\n    \/\/ 1. On cherche le titre H1 de la page\r\n    var h1 = document.querySelector('h1');\r\n    var productTitle = h1 ? h1.innerText.trim() : \"\";\r\n\r\n    \/\/ 2. On cherche les boutons via la classe CSS .btn-devis-source\r\n    var buttons = document.querySelectorAll('.btn-devis-source a');\r\n\r\n    \/\/ 3. Si on a le titre et les boutons, on ajoute le param\u00e8tre\r\n    if (buttons.length > 0 && productTitle !== \"\") {\r\n        var encodedTitle = encodeURIComponent(productTitle);\r\n\r\n        buttons.forEach(function(btn) {\r\n            var currentHref = btn.getAttribute('href');\r\n            \r\n            \/\/ S\u00e9curit\u00e9 pour ne pas ajouter le param\u00e8tre 2 fois\r\n            if (currentHref.indexOf('sujet=') === -1) {\r\n                var separator = currentHref.indexOf('?') !== -1 ? '&' : '?';\r\n                var newLink = currentHref + separator + 'sujet=' + encodedTitle;\r\n                \r\n                btn.setAttribute('href', newLink);\r\n            }\r\n        });\r\n    }\r\n});\r\n<\/script><\/div>\n<\/div>\n\n\n\n<p><\/p>\n<\/div>\n<\/div>\n\n<p>Clearbox je <strong>mobiln\u00e1 ods\u00e1vacia jednotka<\/strong> vyroben\u00e1 vo Franc\u00fazsku s 5-ro\u010dnou z\u00e1rukou a vysok\u00fdm prietokom. Je \u0161peci\u00e1lne navrhnut\u00e1 na spracovanie prchav\u00fdch organick\u00fdch zl\u00fa\u010den\u00edn (VOC), plynov, z\u00e1pachu, rozp\u00fa\u0161\u0165adiel, prachu a v\u00fdparov.   <\/p>\n\n<p><\/p>\n\n<p>T\u00e1to jednotka pon\u00faka r\u00f4zne \u00farovne filtr\u00e1cie, od 2 do 3 stup\u0148ov, a m\u00f4\u017ee by\u0165 nakonfigurovan\u00e1 pod\u013ea va\u0161ich \u0161pecifick\u00fdch potrieb, \u010do zaru\u010duje optim\u00e1lnu \u00fa\u010dinnos\u0165 pri<strong>odstra\u0148ovan\u00ed zne\u010dis\u0165uj\u00facich l\u00e1tok<\/strong>. Je vybaven\u00e1 predfiltrom G4, nas\u00fdten\u00fdmi filtrami F9 a\u017e H14 na prach a v\u00fdpary a m\u00f4\u017ee obsahova\u0165 akt\u00edvne uhlie na <strong>\u010distenie plynov a prchav\u00fdch organick\u00fdch l\u00e1tok<\/strong>.   <\/p>\n\n<p><\/p>\n\n<p>Navy\u0161e je k dispoz\u00edcii v troch verzi\u00e1ch: s ods\u00e1vac\u00edm ramenom, s r\u00farkov\u00fdm pr\u00edvodom alebo vo <strong>forme ods\u00e1vacieho stola<\/strong>. K dispoz\u00edcii je aj prachov\u00e1 verzia ATEX. <\/p>\n\n<div class=\"wp-block-columns is-layout-flex wp-container-core-columns-is-layout-28f84493 wp-block-columns-is-layout-flex\">\n<div class=\"wp-block-column is-layout-flow wp-block-column-is-layout-flow\">\n<h2 class=\"wp-block-heading has-text-align-center\"><strong>V\u00fdhody<\/strong><\/h2>\n\n\n\n<ul class=\"wp-block-list\">\n<li>Ve\u013emi vysok\u00fd ventil\u00e1tor<\/li>\n\n\n\n<li>v\u00fdkon<\/li>\n\n\n\n<li>Tlmi\u010d hluku<\/li>\n\n\n\n<li>Mobiln\u00fd, \u013eahk\u00fd a \u013eahko ovl\u00e1date\u013en\u00fd<br\/><\/li>\n\n\n\n<li>Mal\u00e1 plocha<br\/><\/li>\n\n\n\n<li>Jednoduch\u00e1 \u00fadr\u017eba<br\/>filtrov<\/li>\n\n\n\n<li>Prietok nastavite\u013en\u00fd od 0 do<br\/>100 %.<\/li>\n\n\n\n<li>Nap\u00e1janie pomocou<br\/>\u0161tandardnej 230V z\u00e1suvky<\/li>\n<\/ul>\n<\/div>\n\n\n\n<div class=\"wp-block-column is-layout-flow wp-block-column-is-layout-flow\">\n<h2 class=\"wp-block-heading has-text-align-center\"><strong>\u0160peci\u00e1lne funkcie<\/strong><\/h2>\n\n\n\n<ul class=\"wp-block-list\">\n<li>V\u00fdmena<\/li>\n\n\n\n<li>vysoko v\u00fdkonn\u00e9 filtra\u010dn\u00e9 m\u00e9di\u00e1<\/li>\n\n\n\n<li>jednoduch\u00e9<\/li>\n\n\n\n<li>Mo\u017enos\u0165 aktualiz\u00e1cie a konfigur\u00e1cie<br\/><\/li>\n\n\n\n<li>Vysok\u00e1 adsorp\u010dn\u00e1 kapacita<br\/><\/li>\n\n\n\n<li>Hodinomer<\/li>\n\n\n\n<li>Meranie<br\/>ne\u010dist\u00f4t na filtroch<br\/><\/li>\n\n\n\n<li>Nastavenie prietoku od<br\/>0 do 100 %.<\/li>\n\n\n\n<li>Syst\u00e9m Plug &amp; Play<\/li>\n\n\n\n<li>Mo\u017enos\u0165 ATEX<br\/>prach<\/li>\n<\/ul>\n<\/div>\n\n\n\n<div class=\"wp-block-column is-layout-flow wp-block-column-is-layout-flow\">\n<h2 class=\"wp-block-heading has-text-align-center\"><strong>Funkcie<\/strong><\/h2>\n\n\n\n<ul class=\"wp-block-list\">\n<li>Maxim\u00e1lny prietok :<\/li>\n\n\n\n<li>2000m3\/h<\/li>\n\n\n\n<li>In\u0161talovan\u00fd v\u00fdkon:<br\/>750W<\/li>\n\n\n\n<li>Nap\u00e1janie: 230 V<\/li>\n\n\n\n<li>Rozmery: 710 x<br\/>710 x 2050<\/li>\n\n\n\n<li>Hmotnos\u0165: 70 kg<\/li>\n\n\n\n<li>Hladina hluku:<br\/>72 dB<\/li>\n<\/ul>\n<\/div>\n<\/div>\n\n<h2 class=\"wp-block-heading\">Na ak\u00e9 \u00fa\u010dely?<\/h2>\n\n<p><strong>Clearbox je praktick\u00e9 <\/strong>, kompaktn\u00e9 <strong>zariadenie <\/strong>ur\u010den\u00e9 na zachyt\u00e1vanie a \u00fa\u010dinn\u00e9 spracovanie plynn\u00fdch zne\u010dis\u0165uj\u00facich l\u00e1tok, z\u00e1pachu, prachu a v\u00fdparov. Je vybaven\u00fd kolieskami, tak\u017ee <strong>sa \u013eahko zmest\u00ed do ak\u00e9hoko\u013evek pracovn\u00e9ho priestoru<\/strong> a dok\u00e1\u017ee o\u0161etrova\u0165 pevn\u00e9 aj mobiln\u00e9 pracovisk\u00e1. <\/p>\n\n<p><br\/>Box Clearbox je vybaven\u00fd <strong>predfilterom G4, nasycovac\u00edmi filtrami F9 a\u017e H14 <\/strong>a v pr\u00edpade potreby aj akt\u00edvnym uhl\u00edm. Je k dispoz\u00edcii aj vo verzii ATEX pre prach. Pravideln\u00e1 \u00fadr\u017eba filtrov je nevyhnutn\u00e1 na to, aby zariadenie spr\u00e1vne fungovalo.  <\/p>\n\n<div class=\"wp-block-columns is-layout-flex wp-container-core-columns-is-layout-28f84493 wp-block-columns-is-layout-flex\">\n<div class=\"wp-block-column is-layout-flow wp-block-column-is-layout-flow\">\n<h3 class=\"wp-block-heading has-text-align-center\">Zne\u010dis\u0165uj\u00face l\u00e1tky<\/h3>\n\n\n\n<hr class=\"wp-block-separator has-css-opacity is-style-wide\"\/>\n\n\n\n<div class=\"wp-block-columns is-layout-flex wp-container-core-columns-is-layout-28f84493 wp-block-columns-is-layout-flex\">\n<div class=\"wp-block-column is-layout-flow wp-block-column-is-layout-flow\">\n<figure class=\"wp-block-image aligncenter size-large\"><img decoding=\"async\" width=\"70\" height=\"70\" src=\"https:\/\/obera.fr\/wp-content\/uploads\/2020\/08\/industrie-fumees.jpg\" alt=\"Priemyseln&#xFD; dym\" class=\"wp-image-722\"\/><figcaption class=\"wp-element-caption\">V\u00fdpary<\/figcaption><\/figure>\n<\/div>\n\n\n\n<div class=\"wp-block-column is-layout-flow wp-block-column-is-layout-flow\">\n<figure class=\"wp-block-image aligncenter size-large\"><img decoding=\"async\" width=\"70\" height=\"70\" src=\"https:\/\/obera.fr\/wp-content\/uploads\/2020\/08\/polluants-poussieres.jpg\" alt=\"Zne&#x10D;is&#x165;uj&#xFA;ce l&#xE1;tky Prach\" class=\"wp-image-675\"\/><figcaption class=\"wp-element-caption\">Prach<\/figcaption><\/figure>\n<\/div>\n<\/div>\n\n\n\n<div class=\"wp-block-columns is-layout-flex wp-container-core-columns-is-layout-28f84493 wp-block-columns-is-layout-flex\">\n<div class=\"wp-block-column is-layout-flow wp-block-column-is-layout-flow\">\n<figure class=\"wp-block-image aligncenter size-large\"><img decoding=\"async\" width=\"70\" height=\"70\" src=\"https:\/\/obera.fr\/wp-content\/uploads\/2020\/08\/industrie-odeur.jpg\" alt=\"Priemyseln&#xFD; z&#xE1;pach\" class=\"wp-image-723\"\/><figcaption class=\"wp-element-caption\">Z\u00e1pachy<\/figcaption><\/figure>\n<\/div>\n\n\n\n<div class=\"wp-block-column is-layout-flow wp-block-column-is-layout-flow\">\n<figure class=\"wp-block-image aligncenter size-large is-resized\"><img decoding=\"async\" width=\"70\" height=\"70\" src=\"https:\/\/obera.fr\/wp-content\/uploads\/2020\/10\/industrie-aerosols.jpg\" alt=\"Priemyseln&#xE9; aeros&#xF3;ly\" class=\"wp-image-1201\" style=\"width:70px;height:auto\"\/><figcaption class=\"wp-element-caption\">VOCS<\/figcaption><\/figure>\n<\/div>\n<\/div>\n<\/div>\n\n\n\n<div class=\"wp-block-column is-layout-flow wp-block-column-is-layout-flow\">\n<h3 class=\"wp-block-heading has-text-align-center\">Odvetvia<\/h3>\n\n\n\n<hr class=\"wp-block-separator has-css-opacity is-style-wide\"\/>\n\n\n\n<div class=\"wp-block-columns is-layout-flex wp-container-core-columns-is-layout-28f84493 wp-block-columns-is-layout-flex\">\n<div class=\"wp-block-column is-layout-flow wp-block-column-is-layout-flow\" style=\"flex-basis:100%\">\n<div style=\"height:47px\" aria-hidden=\"true\" class=\"wp-block-spacer\"><\/div>\n\n\n\n<p class=\"has-text-align-center\">Vhodn\u00e9 pre v\u0161etky typy priemyslu<\/p>\n<\/div>\n\n\n\n<div class=\"wp-block-column is-layout-flow wp-block-column-is-layout-flow\"><\/div>\n<\/div>\n<\/div>\n<\/div>\n\n<div class=\"wp-block-buttons is-horizontal is-content-justification-center is-layout-flex wp-container-core-buttons-is-layout-03627597 wp-block-buttons-is-layout-flex\">\n<div class=\"wp-block-button has-custom-width wp-block-button__width-100\"><a class=\"wp-block-button__link wp-element-button\" href=\"https:\/\/obera.fr\/sk\/kontaktujte-nas\/\">Ve\u010d o tem<\/a><\/div>\n<\/div>\n\n<h2 class=\"wp-block-heading\">Ak\u00e9 s\u00fa funkcie zariadenia Clearbox?<\/h2>\n\n<p>Clearbox je <strong>mobiln\u00e1 ods\u00e1vacia jednotka<\/strong> vyr\u00e1ban\u00e1 vo Franc\u00fazsku s 5-ro\u010dnou z\u00e1rukou a vysok\u00fdm prietokom 2000 m\u00b3\/h. Je vybaven\u00e1 3 \u00farov\u0148ami vysokov\u00fdkonnej filtr\u00e1cie, ktor\u00e9 sa daj\u00fa nakonfigurova\u0165 pod\u013ea va\u0161ich potrieb. Je k dispoz\u00edcii v 2 \u00farovniach <strong>filtr\u00e1cie s predfiltrom G4 <\/strong>a nasycovac\u00edm filtrom F9 a\u017e H14 alebo v 3 \u00farovniach s akt\u00edvnym uhl\u00edm.    <\/p>\n\n<p><\/p>\n\n<p>Navy\u0161e sa dod\u00e1va v troch verzi\u00e1ch: s ods\u00e1vac\u00edm ramenom, s r\u00farkov\u00fdm pr\u00edvodom alebo vo <strong>forme ods\u00e1vacieho stola<\/strong> a mo\u017eno ho upravi\u0165 aj na prachov\u00fa verziu ATEX. V\u010faka svojej vysokej adsorp\u010dnej kapacite eliminuje maxim\u00e1lne mno\u017estvo zne\u010dis\u0165uj\u00facich l\u00e1tok.   <\/p>\n\n<p><\/p>\n\n<p>Pravideln\u00e1 v\u00fdmena filtra je nevyhnutn\u00e1 na udr\u017eanie bezporuchov\u00e9ho chodu spotrebi\u010da. Zabudovan\u00fd <strong>syst\u00e9m merania zanesenia filtra<\/strong> indikuje, kedy je \u010das na v\u00fdmenu filtrov, a v\u00fdmena filtra\u010dn\u00fdch m\u00e9di\u00ed je jednoduch\u00e1. <\/p>\n\n<p><\/p>\n\n<p>Toto zariadenie je typu Plug and Play, tak\u017ee jeho in\u0161tal\u00e1cia je jednoduch\u00e1. Je vybaven\u00e9 kolieskami a <strong>mimoriadne kompaktn\u00fdm dizajnom<\/strong>, tak\u017ee sa s n\u00edm \u013eahko man\u00e9vruje a prisp\u00f4sob\u00ed sa ka\u017ed\u00e9mu pracovn\u00e9mu prostrediu. <\/p>\n\n<p><\/p>\n\n<figure class=\"wp-block-table\"><table class=\"has-fixed-layout\"><tbody><tr><td><strong>Zariadenie  <\/strong><\/td><td><\/td><td><strong>S ramenom  <\/strong><\/td><td><strong>Vstup s r\u00farkami  <\/strong><\/td><td><strong>Tabu\u013eka<\/strong><\/td><\/tr><tr><td>Maxim\u00e1lny prietok  <\/td><td>m3\/h  <\/td><td>2000  <\/td><td>2500  <\/td><td>5000<\/td><\/tr><tr><td>Regul\u00e1cia prietoku<\/td><td>%\u00a0<\/td><td>0-100  <\/td><td>0-100  <\/td><td>0-100<\/td><\/tr><tr><td>In\u0161talovan\u00e1 kapacita<\/td><td>W  <\/td><td>750  <\/td><td>750  <\/td><td>750<\/td><\/tr><tr><td>Nap\u00e1janie  <\/td><td>V  <\/td><td>230  <\/td><td>230  <\/td><td>230<\/td><\/tr><tr><td>Celkov\u00e9 rozmery (\u0160xDxV)<\/td><td>mm  <\/td><td>710x710x2050  <\/td><td>710x710x2050  <\/td><td>710x710x2050<\/td><\/tr><tr><td>Hmotnos\u0165  <\/td><td>kg  <\/td><td>70  <\/td><td>75  <\/td><td>75<\/td><\/tr><tr><td>Hladina hluku  <\/td><td>dB  <\/td><td>72  <\/td><td>72  <\/td><td>72<\/td><\/tr><\/tbody><\/table><\/figure>\n","protected":false},"excerpt":{"rendered":"<p>Clearbox je mobiln\u00e1 ods\u00e1vacia jednotka vyroben\u00e1 vo Franc\u00fazsku s 5-ro\u010dnou z\u00e1rukou a vysok\u00fdm prietokom. Je \u0161peci\u00e1lne navrhnut\u00e1 na spracovanie prchav\u00fdch organick\u00fdch zl\u00fa\u010den\u00edn (VOC), plynov, z\u00e1pachu, rozp\u00fa\u0161\u0165adiel, prachu a v\u00fdparov. T\u00e1to jednotka pon\u00faka r\u00f4zne \u00farovne filtr\u00e1cie, od 2 do 3 stup\u0148ov, a m\u00f4\u017ee by\u0165 nakonfigurovan\u00e1 pod\u013ea va\u0161ich \u0161pecifick\u00fdch potrieb, \u010do zaru\u010duje optim\u00e1lnu \u00fa\u010dinnos\u0165 priodstra\u0148ovan\u00ed zne\u010dis\u0165uj\u00facich l\u00e1tok. Je vybaven\u00e1 predfiltrom G4, nas\u00fdten\u00fdmi filtrami F9 a\u017e H14 na prach a v\u00fdpary a m\u00f4\u017ee obsahova\u0165 akt\u00edvne uhlie na \u010distenie plynov a prchav\u00fdch organick\u00fdch l\u00e1tok. Navy\u0161e je k dispoz\u00edcii v troch verzi\u00e1ch: s ods\u00e1vac\u00edm ramenom, s r\u00farkov\u00fdm pr\u00edvodom alebo vo forme ods\u00e1vacieho stola. K dispoz\u00edcii &#8230; <\/p>\n<p class=\"read-more-container\"><a title=\"Clearbox\" class=\"read-more button\" href=\"https:\/\/obera.fr\/sk\/clearbox\/#more-115351\" aria-label=\"Pre\u010d\u00edtajte si viac o Clearbox\">Lire la suite<\/a><\/p>\n","protected":false},"author":4,"featured_media":0,"parent":0,"menu_order":0,"comment_status":"closed","ping_status":"closed","template":"","meta":{"_acf_changed":false,"_seopress_robots_primary_cat":"","_seopress_titles_title":"Clearbox: Vysoko v\u00fdkonn\u00e1 mobiln\u00e1 ods\u00e1vacia jednotka","_seopress_titles_desc":"Objavte Clearbox, vysoko v\u00fdkonn\u00fa mobiln\u00fa ods\u00e1vaciu jednotku na prchav\u00e9 organick\u00e9 l\u00e1tky, plyny, dym a prach. Vyroben\u00e9 vo Franc\u00fazsku, so z\u00e1rukou 5 rokov, konfigurovate\u013en\u00e9 a kompaktn\u00e9. ","_seopress_robots_index":"","footnotes":""},"class_list":{"0":"post-115351","1":"page","2":"type-page","3":"status-publish","5":"no-featured-image-padding"},"acf":[],"_links":{"self":[{"href":"https:\/\/obera.fr\/sk\/wp-json\/wp\/v2\/pages\/115351","targetHints":{"allow":["GET"]}}],"collection":[{"href":"https:\/\/obera.fr\/sk\/wp-json\/wp\/v2\/pages"}],"about":[{"href":"https:\/\/obera.fr\/sk\/wp-json\/wp\/v2\/types\/page"}],"author":[{"embeddable":true,"href":"https:\/\/obera.fr\/sk\/wp-json\/wp\/v2\/users\/4"}],"replies":[{"embeddable":true,"href":"https:\/\/obera.fr\/sk\/wp-json\/wp\/v2\/comments?post=115351"}],"version-history":[{"count":1,"href":"https:\/\/obera.fr\/sk\/wp-json\/wp\/v2\/pages\/115351\/revisions"}],"predecessor-version":[{"id":115353,"href":"https:\/\/obera.fr\/sk\/wp-json\/wp\/v2\/pages\/115351\/revisions\/115353"}],"wp:attachment":[{"href":"https:\/\/obera.fr\/sk\/wp-json\/wp\/v2\/media?parent=115351"}],"curies":[{"name":"wp","href":"https:\/\/api.w.org\/{rel}","templated":true}]}}