{"id":37421,"date":"2024-04-01T13:32:19","date_gmt":"2024-04-01T11:32:19","guid":{"rendered":"https:\/\/obera.fr\/chladic-vzduchu-s-odparovacim-filtrom-ic22\/"},"modified":"2025-04-24T12:24:47","modified_gmt":"2025-04-24T10:24:47","slug":"ic22-filtrant-par-evaporation","status":"publish","type":"page","link":"https:\/\/obera.fr\/sk\/produits\/rafraichisseurs-air\/rafraichisseurs-par-evaporation-ic\/ic22-filtrant-par-evaporation\/","title":{"rendered":"Chladi\u010d vzduchu s odparovac\u00edm filtrom IC22"},"content":{"rendered":"\n<p>Ekologick\u00fd a \u00fasporn\u00fd <strong>osvie\u017eova\u010d vzduchu s odparovac\u00edm filtrom<\/strong> je ide\u00e1lny na vytv\u00e1ranie chladnej\u0161ieho vzduchu s teplotou pribli\u017ene 10 a\u017e 20 \u00b0C vo va\u0161ich pracovn\u00fdch priestoroch.<\/p>\n\n\n\n<h2 class=\"wp-block-heading\">Chladi\u010d vzduchu s odparovac\u00edm filtrom OberA: ako funguje?<\/h2>\n\n\n\n<div class=\"wp-block-columns is-layout-flex wp-container-core-columns-is-layout-28f84493 wp-block-columns-is-layout-flex\">\n<div class=\"wp-block-column is-vertically-aligned-top is-layout-flow wp-block-column-is-layout-flow\" style=\"flex-basis:50%\">\n<figure class=\"wp-block-image aligncenter size-full is-resized\"><img decoding=\"async\" width=\"600\" height=\"600\" src=\"https:\/\/obera.fr\/wp-content\/uploads\/2024\/02\/ic22-carre.jpg\" alt=\"Chladi\u010d vzduchu s odparovac\u00edm filtrom IC22\" class=\"wp-image-28148\" style=\"width:370px;height:auto\" srcset=\"https:\/\/obera.fr\/wp-content\/uploads\/2024\/02\/ic22-carre.jpg 600w, https:\/\/obera.fr\/wp-content\/uploads\/2024\/02\/ic22-carre-300x300.jpg 300w, https:\/\/obera.fr\/wp-content\/uploads\/2024\/02\/ic22-carre-150x150.jpg 150w\" sizes=\"(max-width: 600px) 100vw, 600px\" \/><figcaption class=\"wp-element-caption\">IC 22<\/figcaption><\/figure>\n<\/div>\n\n\n\n<div class=\"wp-block-column is-vertically-aligned-center is-layout-flow wp-block-column-is-layout-flow\" style=\"flex-basis:66.66%\">\n<p>Rad odparovac\u00edch chladi\u010dov vzduchu IC22 je vybaven\u00fd vo\u0161tinov\u00fdmi panelmi, ktor\u00e9 s\u00fa neust\u00e1le nasiaknut\u00e9 vodou. Axi\u00e1lny \u0161pir\u00e1lov\u00fd ventil\u00e1tor v zadnej \u010dasti zariadenia nas\u00e1va hor\u00faci vzduch a prev\u00e1dza ho cez chladiace panely. Hor\u00faci vzduch sa pri kontakte s vodou vyparuje a ochladzuje. Tento jav je zn\u00e1my ako <strong>&#8222;chladiaci efekt&#8220;<\/strong> a zni\u017euje teplotu nas\u00e1van\u00e9ho vzduchu a\u017e o 20 \u00b0C. Chladnej\u0161\u00ed, filtrovan\u00fd vzduch sa potom pretl\u00e1\u010da cez jednotku a cirkuluje po pracovnom priestore. St\u00e1le je d\u00f4le\u017eit\u00e9, aby sa miestnos\u0165 vetrala, aby vzduch mohol spr\u00e1vne cirkulova\u0165, odv\u00e1dza\u0165 vlhkos\u0165 a priv\u00e1dza\u0165 nov\u00fd tepl\u00fd vzduch, ktor\u00fd bude filtrovan\u00fd <strong>mobiln\u00fdm chladi\u010dom<\/strong>. Stru\u010dne povedan\u00e9, \u010d\u00edm teplej\u0161\u00ed vzduch, t\u00fdm lep\u0161ie chladenie.      <\/p>\n\n\n\n<p><a href=\"https:\/\/obera.fr\/sk\/produits\/rafraichisseurs-air\/rafraichisseurs-par-evaporation-ic\/\" data-type=\"page\" data-id=\"18698\">Adiabatick\u00fd chladi\u010d vzduchu IC je ur\u010den\u00fd na<\/a> pou\u017eitie vo <strong>v\u0161etk\u00fdch odvetviach<\/strong> priemyslu, logistick\u00fdch skladoch a po\u013enohospod\u00e1rstve. M\u00f4\u017ee sa pou\u017e\u00edva\u0165 na chladenie pracov\u00edsk alebo priestorov zamestnancov. Obzvl\u00e1\u0161\u0165 ob\u013e\u00faben\u00fd je v tov\u00e1r\u0148ach, gar\u00e1\u017each, skladovac\u00edch hal\u00e1ch, diel\u0148ach, sklen\u00edkoch a skladoch.  <\/p>\n\n\n\n<div class=\"wp-block-columns is-layout-flex wp-container-core-columns-is-layout-28f84493 wp-block-columns-is-layout-flex\">\n<div class=\"wp-block-column is-layout-flow wp-block-column-is-layout-flow\" style=\"flex-basis:33.33%\">\n<div class=\"wp-block-buttons is-layout-flex wp-block-buttons-is-layout-flex\">\n<div class=\"wp-block-button\"><a class=\"wp-block-button__link wp-element-button\" href=\"https:\/\/obera.fr\/wp-content\/uploads\/2025\/04\/brochure-ic-22-en.pdf\">STIAHNU\u0164 BRO\u017d\u00daRU<\/a><\/div>\n<\/div>\n<\/div>\n\n\n\n<div class=\"wp-block-column is-layout-flow wp-block-column-is-layout-flow\" style=\"flex-basis:33.34%\">\n<div class=\"wp-block-buttons is-horizontal is-content-justification-center is-layout-flex wp-container-core-buttons-is-layout-03627597 wp-block-buttons-is-layout-flex\">\n<div class=\"wp-block-button has-custom-width wp-block-button__width-100\"><a class=\"wp-block-button__link wp-element-button\" href=\"https:\/\/obera.fr\/sk\/kontaktujte-nas\/\">Ve\u010d o tem<\/a><\/div>\n<\/div>\n\n\n\n<p><\/p>\n<\/div>\n\n\n\n<div class=\"wp-block-column is-layout-flow wp-block-column-is-layout-flow\" style=\"flex-basis:33.34%\">\n<div class=\"wp-block-buttons is-content-justification-center is-layout-flex wp-container-core-buttons-is-layout-a89b3969 wp-block-buttons-is-layout-flex\">\n<div class=\"wp-block-button btn-devis-source\"><a class=\"wp-block-button__link wp-element-button\" href=\"https:\/\/obera.fr\/sk\/devis\/\">Po\u017eiada\u0165 o cenov\u00fa ponuku<\/a><\/div>\n<\/div>\n\n\n<script>\r\ndocument.addEventListener('DOMContentLoaded', function() {\r\n    \/\/ 1. On cherche le titre H1 de la page\r\n    var h1 = document.querySelector('h1');\r\n    var productTitle = h1 ? h1.innerText.trim() : \"\";\r\n\r\n    \/\/ 2. On cherche les boutons via la classe CSS .btn-devis-source\r\n    var buttons = document.querySelectorAll('.btn-devis-source a');\r\n\r\n    \/\/ 3. Si on a le titre et les boutons, on ajoute le param\u00e8tre\r\n    if (buttons.length > 0 && productTitle !== \"\") {\r\n        var encodedTitle = encodeURIComponent(productTitle);\r\n\r\n        buttons.forEach(function(btn) {\r\n            var currentHref = btn.getAttribute('href');\r\n            \r\n            \/\/ S\u00e9curit\u00e9 pour ne pas ajouter le param\u00e8tre 2 fois\r\n            if (currentHref.indexOf('sujet=') === -1) {\r\n                var separator = currentHref.indexOf('?') !== -1 ? '&' : '?';\r\n                var newLink = currentHref + separator + 'sujet=' + encodedTitle;\r\n                \r\n                btn.setAttribute('href', newLink);\r\n            }\r\n        });\r\n    }\r\n});\r\n<\/script><\/div>\n<\/div>\n<\/div>\n<\/div>\n\n\n\n<div class=\"wp-block-columns is-layout-flex wp-container-core-columns-is-layout-28f84493 wp-block-columns-is-layout-flex\">\n<div class=\"wp-block-column is-layout-flow wp-block-column-is-layout-flow\" style=\"flex-basis:25%\"><\/div>\n\n\n\n<div class=\"wp-block-column is-layout-flow wp-block-column-is-layout-flow\" style=\"flex-basis:50%\">\n<figure class=\"wp-block-embed is-type-video is-provider-youtube wp-block-embed-youtube wp-embed-aspect-16-9 wp-has-aspect-ratio\"><div class=\"wp-block-embed__wrapper\">\n<iframe title=\"Rafraichisseur d&#039;air - Gamme IC - OberA\" width=\"1200\" height=\"675\" src=\"https:\/\/www.youtube.com\/embed\/NG-Ssy2oM70?feature=oembed\" frameborder=\"0\" allow=\"accelerometer; autoplay; clipboard-write; encrypted-media; gyroscope; picture-in-picture; web-share\" referrerpolicy=\"strict-origin-when-cross-origin\" allowfullscreen><\/iframe>\n<\/div><\/figure>\n\n\n\n<p><\/p>\n<\/div>\n\n\n\n<div class=\"wp-block-column is-layout-flow wp-block-column-is-layout-flow\" style=\"flex-basis:25%\"><\/div>\n<\/div>\n\n\n\n<h2 class=\"wp-block-heading\">Ak\u00e9 s\u00fa vlastnosti chladi\u010da vzduchu IC22?<\/h2>\n\n\n\n<p>Mobiln\u00fd odparovac\u00ed osvie\u017eova\u010d vzduchu IC22 m\u00e1 3 r\u00fdchlosti, aby ste mali kontrolu nad v\u00fdkonom a prisp\u00f4sobili sa potreb\u00e1m t\u00edmov. Na ovl\u00e1dacom paneli mo\u017eno nastavi\u0165 smer pr\u00fadenia vzduchu v jednotke, \u00fapravu vody prostredn\u00edctvom ioniz\u00e1tora a aktiv\u00e1ciu pr\u00fadenia vody cez filtra\u010dn\u00e9 m\u00e9di\u00e1. <\/p>\n\n\n\n<p>T\u00e1to v\u00fdkonn\u00e1 jednotka m\u00e1 prietok 22 000 m3\/h, \u010do sta\u010d\u00ed na chladenie plochy a\u017e 250 m2. V n\u00e1dr\u017ei na vodu je mo\u017en\u00e9 uskladni\u0165 a\u017e 130 litrov vody, \u010do zaru\u010duje nepretr\u017eit\u00fa prev\u00e1dzku na ve\u013ekej ploche. <\/p>\n\n\n\n<p>\u010eal\u0161ou technickou v\u00fdhodou, a nie menej d\u00f4le\u017eitou, je, \u017ee <strong>vzduchov\u00fd chladi\u010d vy\u017eaduje ve\u013emi m\u00e1lo vody a elektrickej energie<\/strong>. Spotreba vody sa pohybuje od 10 do 15 litrov za hodinu. Je ove\u013ea efekt\u00edvnej\u0161\u00ed ako zvlh\u010dova\u010d vzduchu alebo ventila\u010dn\u00fd syst\u00e9m na chladenie ve\u013ek\u00fdch priestorov.  <\/p>\n\n\n\n<p>Vzduchov\u00fd chladi\u010d IC22 je mobiln\u00fd a stabiln\u00fd. V\u00e1\u017ei <strong>50 kg<\/strong> a m\u00e1 m\u00e4kk\u00e9 kolieska, tak\u017ee ho m\u00f4\u017eete pres\u00fava\u0165 pod\u013ea potreby. S\u00fa\u010das\u0165ou balenia je dia\u013ekov\u00fd ovl\u00e1da\u010d na jednoduch\u00e9 dia\u013ekov\u00e9 ovl\u00e1danie.  <\/p>\n\n\n\n<blockquote class=\"wp-block-quote is-layout-flow wp-block-quote-is-layout-flow\">\n<figure class=\"wp-block-image aligncenter size-full\"><img decoding=\"async\" width=\"290\" height=\"98\" src=\"https:\/\/obera.fr\/wp-content\/uploads\/2025\/02\/green-modern-marketing-logo.png\" alt=\"zelen\u00e9 modern\u00e9 marketingov\u00e9 logo\" class=\"wp-image-61494\"\/><\/figure>\n\n\n\n<p>Filter G4: Odparovac\u00ed chladi\u010d vzduchu IC22 je vybaven\u00fd vzduchov\u00fdm filtrom G4 na zlep\u0161enie kvality vzduchu. Je to jednozna\u010dn\u00e1 v\u00fdhoda pre zdravie zamestnancov a na zaru\u010denie v\u00fdkonu stroja. Predl\u017euje tie\u017e \u017eivotnos\u0165 chladi\u010da, preto\u017ee je menej zanesen\u00fd ne\u010distotami a prachom.  <\/p>\n<\/blockquote>\n\n\n\n<div class=\"wp-block-columns is-layout-flex wp-container-core-columns-is-layout-28f84493 wp-block-columns-is-layout-flex\">\n<div class=\"wp-block-column is-layout-flow wp-block-column-is-layout-flow\"><\/div>\n\n\n\n<div class=\"wp-block-column is-layout-flow wp-block-column-is-layout-flow\"><\/div>\n\n\n\n<div class=\"wp-block-column is-layout-flow wp-block-column-is-layout-flow\"><\/div>\n<\/div>\n\n\n\n<h3 class=\"wp-block-heading has-text-align-center\">PRIEMYSLY<\/h3>\n\n\n\n<div class=\"wp-block-columns is-layout-flex wp-container-core-columns-is-layout-28f84493 wp-block-columns-is-layout-flex\">\n<div class=\"wp-block-column is-layout-flow wp-block-column-is-layout-flow\">\n<hr class=\"wp-block-separator has-alpha-channel-opacity\"\/>\n\n\n\n<div class=\"wp-block-columns is-layout-flex wp-container-core-columns-is-layout-28f84493 wp-block-columns-is-layout-flex\">\n<div class=\"wp-block-column is-layout-flow wp-block-column-is-layout-flow\">\n<figure class=\"wp-block-image aligncenter size-thumbnail is-resized\"><img decoding=\"async\" width=\"150\" height=\"150\" src=\"https:\/\/obera.fr\/wp-content\/uploads\/2022\/02\/Textile-150x150.png\" alt=\"textil\" class=\"wp-image-8855\"\/><figcaption class=\"wp-element-caption\">Textil<\/figcaption><\/figure>\n\n\n\n<figure class=\"wp-block-image aligncenter size-thumbnail is-resized\"><img decoding=\"async\" width=\"150\" height=\"150\" src=\"https:\/\/obera.fr\/wp-content\/uploads\/2022\/02\/Plastique-150x150.png\" alt=\"plast\" class=\"wp-image-8854\"\/><figcaption class=\"wp-element-caption\">Plastov\u00e9<\/figcaption><\/figure>\n\n\n\n<figure class=\"wp-block-image aligncenter size-thumbnail is-resized\"><img decoding=\"async\" width=\"150\" height=\"150\" src=\"https:\/\/obera.fr\/wp-content\/uploads\/2023\/02\/sans-titre-2023-02-14t104609.147-150x150.png\" alt=\"Logistika\" class=\"wp-image-18825\"\/><figcaption class=\"wp-element-caption\">Logistika<\/figcaption><\/figure>\n<\/div>\n\n\n\n<div class=\"wp-block-column is-layout-flow wp-block-column-is-layout-flow\">\n<figure class=\"wp-block-image aligncenter size-thumbnail is-resized\"><img decoding=\"async\" width=\"150\" height=\"150\" src=\"https:\/\/obera.fr\/wp-content\/uploads\/2022\/02\/MINERAIS-150x150.png\" alt=\"rudy\" class=\"wp-image-8847\"\/><figcaption class=\"wp-element-caption\">Miner\u00e1ly<\/figcaption><\/figure>\n\n\n\n<figure class=\"wp-block-image aligncenter size-thumbnail is-resized\"><img decoding=\"async\" width=\"150\" height=\"150\" src=\"https:\/\/obera.fr\/wp-content\/uploads\/2022\/02\/Metalurgie-150x150.png\" alt=\"metalurgia\" class=\"wp-image-8857\"\/><figcaption class=\"wp-element-caption\">Hutn\u00edctvo<\/figcaption><\/figure>\n\n\n\n<figure class=\"wp-block-image aligncenter size-thumbnail is-resized\"><img decoding=\"async\" width=\"150\" height=\"150\" src=\"https:\/\/obera.fr\/wp-content\/uploads\/2023\/02\/sans-titre-2023-02-14t102211.641-150x150.png\" alt=\"Po\u013enohospod\u00e1rstvo\" class=\"wp-image-18828\"\/><figcaption class=\"wp-element-caption\">Po\u013enohospod\u00e1rstvo<\/figcaption><\/figure>\n<\/div>\n<\/div>\n<\/div>\n\n\n\n<div class=\"wp-block-column is-layout-flow wp-block-column-is-layout-flow\">\n<hr class=\"wp-block-separator has-alpha-channel-opacity\"\/>\n\n\n\n<div class=\"wp-block-columns is-layout-flex wp-container-core-columns-is-layout-28f84493 wp-block-columns-is-layout-flex\">\n<div class=\"wp-block-column is-layout-flow wp-block-column-is-layout-flow\">\n<figure class=\"wp-block-image aligncenter size-thumbnail is-resized\"><img decoding=\"async\" width=\"150\" height=\"150\" src=\"https:\/\/obera.fr\/wp-content\/uploads\/2022\/02\/Chimie-150x150.png\" alt=\"ch\u00e9mia\" class=\"wp-image-8846\"\/><figcaption class=\"wp-element-caption\">Ch\u00e9mia<\/figcaption><\/figure>\n\n\n\n<figure class=\"wp-block-image aligncenter size-thumbnail is-resized\"><img decoding=\"async\" width=\"150\" height=\"150\" src=\"https:\/\/obera.fr\/wp-content\/uploads\/2022\/02\/Travail-du-bois-150x150.png\" alt=\"spracovanie dreva\" class=\"wp-image-8856\"\/><figcaption class=\"wp-element-caption\">Spracovanie dreva<\/figcaption><\/figure>\n\n\n\n<figure class=\"wp-block-image aligncenter size-thumbnail is-resized\"><img decoding=\"async\" width=\"150\" height=\"150\" src=\"https:\/\/obera.fr\/wp-content\/uploads\/2023\/02\/sans-titre-2023-02-14t101920.185-150x150.png\" alt=\"Letectvo\" class=\"wp-image-18831\"\/><figcaption class=\"wp-element-caption\">Letectvo<\/figcaption><\/figure>\n<\/div>\n\n\n\n<div class=\"wp-block-column is-layout-flow wp-block-column-is-layout-flow\">\n<figure class=\"wp-block-image aligncenter size-thumbnail is-resized\"><img decoding=\"async\" width=\"150\" height=\"150\" src=\"https:\/\/obera.fr\/wp-content\/uploads\/2022\/02\/AGROALIMENTAIRE-150x150.png\" alt=\"agropotravin\u00e1rsky\" class=\"wp-image-8844\"\/><figcaption class=\"wp-element-caption\">Potravin\u00e1rsky priemysel<\/figcaption><\/figure>\n\n\n\n<figure class=\"wp-block-image aligncenter size-thumbnail is-resized\"><img decoding=\"async\" width=\"150\" height=\"150\" src=\"https:\/\/obera.fr\/wp-content\/uploads\/2022\/02\/Papier-carton-150x150.png\" alt=\"papier a lepenka\" class=\"wp-image-8853\"\/><figcaption class=\"wp-element-caption\">Papier\/kart\u00f3n<\/figcaption><\/figure>\n\n\n\n<figure class=\"wp-block-image aligncenter size-thumbnail is-resized\"><img decoding=\"async\" width=\"150\" height=\"150\" src=\"https:\/\/obera.fr\/wp-content\/uploads\/2023\/02\/sans-titre-2023-02-14t101712.416-150x150.png\" alt=\"Automobilov\u00fd priemysel\" class=\"wp-image-18834\"\/><figcaption class=\"wp-element-caption\">Automobilov\u00fd priemysel<\/figcaption><\/figure>\n<\/div>\n<\/div>\n<\/div>\n<\/div>\n\n\n\n<figure class=\"wp-block-table\"><table class=\"has-fixed-layout\"><tbody><tr><td>Prietok<\/td><td>m3\/h<\/td><td>22 000<\/td><\/tr><tr><td>Po\u010det r\u00fdchlost\u00ed<\/td><td><\/td><td>3<\/td><\/tr><tr><td>Nap\u00e4tie<\/td><td>V<\/td><td>230<\/td><\/tr><tr><td>Menovit\u00fd pr\u00fad<\/td><td>A<\/td><td>2.8<\/td><\/tr><tr><td>Nap\u00e1janie<\/td><td>W<\/td><td>640<\/td><\/tr><tr><td>Rozmery<\/td><td>l\/L\/h (mm)<\/td><td>1120 x 640 x 1600<\/td><\/tr><tr><td>Hmotnos\u0165<\/td><td>kg<\/td><td>50<\/td><\/tr><tr><td>Hladina hluku<\/td><td>dB(A)<\/td><td>58\/64\/68<\/td><\/tr><tr><td>Povrchovo upraven\u00e9<\/td><td>m\u00b2<\/td><td>150 \u00e0 250<\/td><\/tr><tr><td>Kapacita n\u00e1dr\u017ee<\/td><td>L<\/td><td>130<\/td><\/tr><tr><td>Spotreba vody<\/td><td>L\/h<\/td><td>10 \u00e0 15<\/td><\/tr><\/tbody><\/table><\/figure>\n\n\n\n<div class=\"wp-block-columns is-layout-flex wp-container-core-columns-is-layout-28f84493 wp-block-columns-is-layout-flex\">\n<div class=\"wp-block-column is-layout-flow wp-block-column-is-layout-flow\">\n<div class=\"wp-block-buttons is-content-justification-center is-layout-flex wp-container-core-buttons-is-layout-a89b3969 wp-block-buttons-is-layout-flex\">\n<div class=\"wp-block-button\"><a class=\"wp-block-button__link wp-element-button\" href=\"https:\/\/obera.fr\/wp-content\/uploads\/2025\/04\/brochure-ic-22-en.pdf\">STIAHNU\u0164 BRO\u017d\u00daRU<\/a><\/div>\n<\/div>\n<\/div>\n\n\n\n<div class=\"wp-block-column is-layout-flow wp-block-column-is-layout-flow\">\n<div class=\"wp-block-buttons is-horizontal is-content-justification-center is-layout-flex wp-container-core-buttons-is-layout-03627597 wp-block-buttons-is-layout-flex\">\n<div class=\"wp-block-button has-custom-width wp-block-button__width-100\"><a class=\"wp-block-button__link wp-element-button\" href=\"https:\/\/obera.fr\/sk\/kontaktujte-nas\/\">Ve\u010d o tem<\/a><\/div>\n<\/div>\n<\/div>\n<\/div>\n\n\n\n<blockquote class=\"wp-block-quote is-layout-flow wp-block-quote-is-layout-flow\">\n<p>Je dobr\u00e9 vedie\u0165: <strong>OberA pon\u00faka na predaj nov\u00e9 aj pou\u017eit\u00e9 spotrebi\u010de<\/strong>. Pou\u017eit\u00e9 v\u00fdrobky s\u00fa opraven\u00e9, repasovan\u00e9 a renovovan\u00e9 a vz\u0165ahuje sa na ne jednoro\u010dn\u00e1 z\u00e1ruka. Ka\u017ed\u00fd pou\u017eit\u00fd v\u00fdrobok m\u00e1 svoju klasifik\u00e1ciu: trieda A (takmer nov\u00fd), trieda B (stredn\u00fd stav s miernymi zn\u00e1mkami opotrebovania) a trieda C (zhor\u0161en\u00fd stav, ale len kozmetick\u00fd). N\u00e1\u0161 internetov\u00fd obchod zaru\u010duje bezpe\u010dn\u00fa platbu a r\u00fdchle dodanie v\u00fdrobkov.   <\/p>\n<\/blockquote>\n\n\n\n<h2 class=\"wp-block-heading\">Odparovacie chladi\u010de: v\u00fdhody modelu IC22<\/h2>\n\n\n\n<p>Osvie\u017eova\u010d vzduchu IC22 je v\u010faka svojmu dizajnu mimoriadne <strong>pohodln\u00fd pre va\u0161ich zamestnancov<\/strong>. V\u00fdznamne prispieva k ich pohode t\u00fdm, \u017ee \u0161\u00edri \u010derstv\u00fd vzduch bez chladiv\u00e9ho efektu. S hladinou hluku 66 dB(A) je spotrebi\u010d tich\u00fd bez toho, aby sa zn\u00ed\u017eil jeho v\u00fdkon. A preto\u017ee sa s n\u00edm ve\u013emi \u013eahko manipuluje, va\u0161i zamestnanci ho m\u00f4\u017eu premiestni\u0165 kamko\u013evek, kde si bud\u00fa m\u00f4c\u0165 vychutna\u0165 pr\u00edjemn\u00fd vzduch.   <\/p>\n\n\n\n<p>\u00darove\u0148 vlhkosti vzduchu (5 % a\u017e 10 %) tie\u017e pom\u00e1ha chr\u00e1ni\u0165 va\u0161e zariadenie. T\u00e1to funkcia je <strong>vhodn\u00e1<\/strong> najm\u00e4 <strong>pre sklen\u00edky alebo po\u013enohospod\u00e1rske priestory<\/strong> so zariadeniami a v\u00fdrobkami, ktor\u00e9 s\u00fa citliv\u00e9 na teplo a such\u00fd vzduch. <\/p>\n\n\n\n<p>Z h\u013eadiska invest\u00edci\u00ed spotrebuje tento <a href=\"https:\/\/obera.fr\/sk\/produits\/rafraichisseurs-air\/\" data-type=\"page\" data-id=\"368\">adiabatick\u00fd chladi\u010d vzduchu<\/a> a\u017e o 80 % menej energie ako be\u017en\u00e1 klimatiz\u00e1cia. Okrem spotreby elektrickej energie <strong>vyu\u017e\u00edva chladi\u010d na ochladzovanie okolit\u00e9ho vzduchu kompresor a chladivo,<\/strong> \u010do je tie\u017e menej ekologick\u00fd komponent. <\/p>\n\n\n\n<div class=\"wp-block-columns is-layout-flex wp-container-core-columns-is-layout-28f84493 wp-block-columns-is-layout-flex\">\n<div class=\"wp-block-column is-layout-flow wp-block-column-is-layout-flow\">\n<h3 class=\"wp-block-heading\">V\u00fdhody :<\/h3>\n\n\n\n<ul class=\"wp-block-list\">\n<li>\u0160etrn\u00e9 k \u017eivotn\u00e9mu prostrediu;<\/li>\n\n\n\n<li>\u013dahko ovl\u00e1date\u013en\u00e9 mobiln\u00e9 zariadenie;<\/li>\n\n\n\n<li>Prietok, ktor\u00fd dok\u00e1\u017ee ochladi\u0165 priestory s rozlohou 250 m2 ;<\/li>\n\n\n\n<li>Plug &amp; play.<\/li>\n<\/ul>\n<\/div>\n\n\n\n<div class=\"wp-block-column is-layout-flow wp-block-column-is-layout-flow\">\n<h3 class=\"wp-block-heading\">\u0160peci\u00e1lne funkcie:<\/h3>\n\n\n\n<ul class=\"wp-block-list\">\n<li>Energeticky \u00fasporn\u00e9 (voda a elektrina) ;<\/li>\n\n\n\n<li>Filtr\u00e1cia prachu (filter G4) ;<\/li>\n\n\n\n<li>Funkcia \u010dasova\u010da na automatick\u00e9 spustenie a zastavenie<\/li>\n\n\n\n<li>\u017diadna in\u0161tal\u00e1cia potrubia alebo ods\u00e1vac\u00edch kan\u00e1lov;<\/li>\n\n\n\n<li>\u017diadne n\u00e1klady na in\u0161tal\u00e1ciu.<\/li>\n<\/ul>\n<\/div>\n\n\n\n<div class=\"wp-block-column is-layout-flow wp-block-column-is-layout-flow\">\n<h3 class=\"wp-block-heading\">Vlastnosti :<\/h3>\n\n\n\n<ul class=\"wp-block-list\">\n<li>\u017diadny &#8222;cold snap&#8220; efekt;<\/li>\n\n\n\n<li>Re\u017eim oscil\u00e1cie pr\u00fadenia vzduchu ;<\/li>\n\n\n\n<li>Udr\u017euje optim\u00e1lnu \u00farove\u0148 vlhkosti.<\/li>\n<\/ul>\n<\/div>\n<\/div>\n\n\n\n<h2 class=\"wp-block-heading\">Otestujte n\u00e1\u0161 chladi\u010d vzduchu IC22<\/h2>\n\n\n\n<p>Pon\u00fakame<strong> mo\u017enos\u0165 pren\u00e1jmu\/testovania tohto zariadenia v priemere na jeden mesiac s<\/strong> r\u00fdchlym dodan\u00edm na takmer okam\u017eit\u00e9 vysk\u00fa\u0161anie vo va\u0161ej dielni. Ak sa rozhodnete toto rie\u0161enie overi\u0165, nebudete plati\u0165 \u017eiadny rozdiel! Ak nie, pos\u00fadime v\u00fdkonnos\u0165 zariadenia a navrhneme chladi\u010d, ktor\u00fd bude lep\u0161ie vyhovova\u0165 va\u0161im potreb\u00e1m a \u0161pecifik\u00e1ci\u00e1m.  <\/p>\n\n\n\n<div class=\"wp-block-buttons is-content-justification-center is-layout-flex wp-container-core-buttons-is-layout-a89b3969 wp-block-buttons-is-layout-flex\">\n<div class=\"wp-block-button\"><a class=\"wp-block-button__link wp-element-button\" href=\"https:\/\/obera.fr\/sk\/contact\/\">KONTAKTUJTE N\u00c1S<\/a><\/div>\n<\/div>\n","protected":false},"excerpt":{"rendered":"<p>Ekologick\u00fd a \u00fasporn\u00fd osvie\u017eova\u010d vzduchu s odparovac\u00edm filtrom je ide\u00e1lny na vytv\u00e1ranie chladnej\u0161ieho vzduchu s teplotou pribli\u017ene 10 a\u017e 20 \u00b0C vo va\u0161ich pracovn\u00fdch priestoroch. Chladi\u010d vzduchu s odparovac\u00edm filtrom OberA: ako funguje? Rad odparovac\u00edch chladi\u010dov vzduchu IC22 je vybaven\u00fd vo\u0161tinov\u00fdmi panelmi, ktor\u00e9 s\u00fa neust\u00e1le nasiaknut\u00e9 vodou. Axi\u00e1lny \u0161pir\u00e1lov\u00fd ventil\u00e1tor v zadnej \u010dasti zariadenia nas\u00e1va hor\u00faci vzduch a prev\u00e1dza ho cez chladiace panely. Hor\u00faci vzduch sa pri kontakte s vodou vyparuje a ochladzuje. Tento jav je zn\u00e1my ako &#8222;chladiaci efekt&#8220; a zni\u017euje teplotu nas\u00e1van\u00e9ho vzduchu a\u017e o 20 \u00b0C. Chladnej\u0161\u00ed, filtrovan\u00fd vzduch sa potom pretl\u00e1\u010da cez jednotku a cirkuluje po &#8230; <\/p>\n<p class=\"read-more-container\"><a title=\"Chladi\u010d vzduchu s odparovac\u00edm filtrom IC22\" class=\"read-more button\" href=\"https:\/\/obera.fr\/sk\/produits\/rafraichisseurs-air\/rafraichisseurs-par-evaporation-ic\/ic22-filtrant-par-evaporation\/#more-37421\" aria-label=\"Pre\u010d\u00edtajte si viac o Chladi\u010d vzduchu s odparovac\u00edm filtrom IC22\">Lire la suite<\/a><\/p>\n","protected":false},"author":4,"featured_media":83749,"parent":37575,"menu_order":0,"comment_status":"closed","ping_status":"closed","template":"","meta":{"_acf_changed":false,"_seopress_robots_primary_cat":"","_seopress_titles_title":"IC22, priemyseln\u00fd odparovac\u00ed chladi\u010d","_seopress_titles_desc":"Ekologick\u00fd a \u00fasporn\u00fd osvie\u017eova\u010d vzduchu s odparovac\u00edm filtrom IC22 je ide\u00e1lny na vytv\u00e1ranie chladnej\u0161ieho vzduchu s teplotou pribli\u017ene 10 a\u017e 20 \u00b0C vo va\u0161ich pracovn\u00fdch priestoroch.","_seopress_robots_index":"","footnotes":""},"class_list":{"0":"post-37421","1":"page","2":"type-page","3":"status-publish","4":"has-post-thumbnail","6":"no-featured-image-padding","7":"resize-featured-image"},"acf":[],"_links":{"self":[{"href":"https:\/\/obera.fr\/sk\/wp-json\/wp\/v2\/pages\/37421","targetHints":{"allow":["GET"]}}],"collection":[{"href":"https:\/\/obera.fr\/sk\/wp-json\/wp\/v2\/pages"}],"about":[{"href":"https:\/\/obera.fr\/sk\/wp-json\/wp\/v2\/types\/page"}],"author":[{"embeddable":true,"href":"https:\/\/obera.fr\/sk\/wp-json\/wp\/v2\/users\/4"}],"replies":[{"embeddable":true,"href":"https:\/\/obera.fr\/sk\/wp-json\/wp\/v2\/comments?post=37421"}],"version-history":[{"count":9,"href":"https:\/\/obera.fr\/sk\/wp-json\/wp\/v2\/pages\/37421\/revisions"}],"predecessor-version":[{"id":88711,"href":"https:\/\/obera.fr\/sk\/wp-json\/wp\/v2\/pages\/37421\/revisions\/88711"}],"up":[{"embeddable":true,"href":"https:\/\/obera.fr\/sk\/wp-json\/wp\/v2\/pages\/37575"}],"wp:featuredmedia":[{"embeddable":true,"href":"https:\/\/obera.fr\/sk\/wp-json\/wp\/v2\/media\/83749"}],"wp:attachment":[{"href":"https:\/\/obera.fr\/sk\/wp-json\/wp\/v2\/media?parent=37421"}],"curies":[{"name":"wp","href":"https:\/\/api.w.org\/{rel}","templated":true}]}}