{"id":38790,"date":"2022-09-13T10:52:39","date_gmt":"2022-09-13T08:52:39","guid":{"rendered":"https:\/\/obera.fr\/nase-produkty\/ramena-a-zberne-zariadenia\/prstene-pouyes\/"},"modified":"2025-08-29T09:25:46","modified_gmt":"2025-08-29T07:25:46","slug":"anneaux-de-pouyes","status":"publish","type":"page","link":"https:\/\/obera.fr\/sk\/produits\/bras-dispositifs-captation\/anneaux-de-pouyes\/","title":{"rendered":"Prstene Pouy\u00e8s"},"content":{"rendered":"\n<h2 class=\"wp-block-heading\">Sn\u00edma\u010de sania a kr\u00fa\u017eku<\/h2>\n\n<p>Aby sa pracovn\u00e9 prostredie udr\u017ealo \u010dist\u00e9 a zdrav\u00e9, a t\u00fdm sa chr\u00e1nilo zdravie pracovn\u00edkov, musia sa zne\u010dis\u0165uj\u00face l\u00e1tky zachyt\u00e1va\u0165 hne\u010f po ich vzniku, \u010do najbli\u017e\u0161ie k zdroju emisi\u00ed a \u010do naj\u00fa\u010dinnej\u0161ie. Zoh\u013ead\u0148uje sa pritom povaha, vlastnosti a koncentr\u00e1cia samotnej zne\u010dis\u0165uj\u00facej l\u00e1tky. V z\u00e1vislosti od po\u017eiadaviek z\u00e1kazn\u00edka spolo\u010dnos\u0165 OberA navrhuje r\u00f4zne kr\u00fa\u017eky Pouyes a sn\u00edma\u010de sania pod\u013ea pl\u00e1nu.<\/p>\n\n<p><\/p>\n\n<div class=\"wp-block-columns is-layout-flex wp-container-core-columns-is-layout-28f84493 wp-block-columns-is-layout-flex\">\n<div class=\"wp-block-column is-vertically-aligned-top is-layout-flow wp-block-column-is-layout-flow\" style=\"flex-basis:33.33%\">\n<p><\/p>\n\n\n\n<figure class=\"wp-block-image aligncenter size-large\"><img decoding=\"async\" width=\"1024\" height=\"768\" src=\"https:\/\/obera.fr\/wp-content\/uploads\/2025\/08\/img_20250827_130840-1024x768.jpg\" alt=\"Obr&#xE1;zok 20250827 130840\" class=\"wp-image-127390\" srcset=\"https:\/\/obera.fr\/wp-content\/uploads\/2025\/08\/img_20250827_130840-1024x768.jpg 1024w, https:\/\/obera.fr\/wp-content\/uploads\/2025\/08\/img_20250827_130840-300x225.jpg 300w, https:\/\/obera.fr\/wp-content\/uploads\/2025\/08\/img_20250827_130840-768x576.jpg 768w, https:\/\/obera.fr\/wp-content\/uploads\/2025\/08\/img_20250827_130840-1536x1152.jpg 1536w, https:\/\/obera.fr\/wp-content\/uploads\/2025\/08\/img_20250827_130840-2048x1536.jpg 2048w\" sizes=\"(max-width: 1024px) 100vw, 1024px\" \/><\/figure>\n<\/div>\n\n\n\n<div class=\"wp-block-column is-vertically-aligned-center is-layout-flow wp-block-column-is-layout-flow\" style=\"flex-basis:66.66%\">\n<h3 class=\"wp-block-heading\">SN\u00cdMA\u010cE KR\u00da\u017dKOV<\/h3>\n\n\n\n<p>Pouy\u00e8sove prstence alebo prstencov\u00e9 kolektory s\u00fa ve\u013emi \u00fa\u010dinn\u00fdm prostriedkom na zachyt\u00e1vanie energie pri zdroji. Boli navrhnut\u00e9 tak, aby zaru\u010dovali optim\u00e1lnu r\u00fdchlos\u0165 ods\u00e1vania a rovnomern\u00e9 pr\u00fadenie vzduchu, pri\u010dom priestor nad pracovnou plochou zost\u00e1va vo\u013en\u00fd.<\/p>\n\n\n\n<h3 class=\"wp-block-heading\">ako funguje prste\u0148 pouy\u00e8s<\/h3>\n\n\n\n<p>V\u010faka podtlaku, ktor\u00fd vytv\u00e1ra ventil\u00e1tor, sa prchav\u00e9 zne\u010dis\u0165uj\u00face l\u00e1tky zachyt\u00e1vaj\u00fa \u010do najbli\u017e\u0161ie k zdroju emisi\u00ed, odkia\u013e sa cez nas\u00e1vacie \u0161trbiny dost\u00e1vaj\u00fa do zbera\u010da pripojen\u00e9ho k filtra\u010dn\u00e9mu syst\u00e9mu.<\/p>\n\n\n\n<h3 class=\"wp-block-heading\">BENEFITS<\/h3>\n\n\n\n<p class=\"has-contrast-color has-text-color\">Okrem ochrany zdravia obsluhy a jej pracovn\u00e9ho prostredia kr\u00fa\u017eky Pouy\u00e8s<span class=\"JsGRdQ\" style=\"color: rgb(33, 45, 87); font-weight: 400; font-style: normal; text-decoration: none;\"> optimalizuj\u00fa r\u00fdchlos\u0165 ods\u00e1vania a prin\u00e1\u0161aj\u00fa skuto\u010dn\u00e9 \u00faspory energie<\/span>. Z ergonomick\u00e9ho h\u013eadiska kr\u00fa\u017eky Pouy\u00e8s zabra\u0148uj\u00fa nepohodliu obsluhy. Kr\u00fa\u017eok de Pouy\u00e8s v konfigur\u00e1cii s vreckom m\u00f4\u017ee pou\u017e\u00edvate\u013eovi u\u013eah\u010di\u0165 a spr\u00edjemni\u0165 ka\u017edodenn\u00fa pr\u00e1cu. Ich kon\u0161trukcia tie\u017e umo\u017e\u0148uje r\u00fdchlu a jednoduch\u00fa \u00fadr\u017ebu.   <\/p>\n\n\n\n<div class=\"wp-block-columns is-layout-flex wp-container-core-columns-is-layout-28f84493 wp-block-columns-is-layout-flex\">\n<div class=\"wp-block-column is-vertically-aligned-top is-layout-flow wp-block-column-is-layout-flow\">\n<div class=\"wp-block-buttons is-content-justification-center is-layout-flex wp-container-core-buttons-is-layout-a89b3969 wp-block-buttons-is-layout-flex\">\n<div class=\"wp-block-button is-style-fill\"><a class=\"wp-block-button__link wp-element-button\" href=\"https:\/\/obera.fr\/wp-content\/uploads\/2025\/06\/brochure-anneaux-de-pouyes.pdf\">Stiahnite si bro\u017e\u00faru<\/a><\/div>\n<\/div>\n<\/div>\n\n\n\n<div class=\"wp-block-column is-vertically-aligned-top is-layout-flow wp-block-column-is-layout-flow\">\n<div class=\"wp-block-buttons is-horizontal is-content-justification-center is-layout-flex wp-container-core-buttons-is-layout-03627597 wp-block-buttons-is-layout-flex\">\n<div class=\"wp-block-button has-custom-width wp-block-button__width-100\"><a class=\"wp-block-button__link wp-element-button\" href=\"https:\/\/obera.fr\/sk\/kontaktujte-nas\/\">Ve\u010d o tem<\/a><\/div>\n<\/div>\n<\/div>\n\n\n\n<div class=\"wp-block-column is-layout-flow wp-block-column-is-layout-flow\">\n<div class=\"wp-block-buttons is-content-justification-center is-layout-flex wp-container-core-buttons-is-layout-a89b3969 wp-block-buttons-is-layout-flex\">\n<div class=\"wp-block-button btn-devis-source\"><a class=\"wp-block-button__link wp-element-button\" href=\"https:\/\/obera.fr\/sk\/devis\/\">Po\u017eiada\u0165 o cenov\u00fa ponuku<\/a><\/div>\n<\/div>\n\n\n<script>\r\ndocument.addEventListener('DOMContentLoaded', function() {\r\n    \/\/ 1. On cherche le titre H1 de la page\r\n    var h1 = document.querySelector('h1');\r\n    var productTitle = h1 ? h1.innerText.trim() : \"\";\r\n\r\n    \/\/ 2. On cherche les boutons via la classe CSS .btn-devis-source\r\n    var buttons = document.querySelectorAll('.btn-devis-source a');\r\n\r\n    \/\/ 3. Si on a le titre et les boutons, on ajoute le param\u00e8tre\r\n    if (buttons.length > 0 && productTitle !== \"\") {\r\n        var encodedTitle = encodeURIComponent(productTitle);\r\n\r\n        buttons.forEach(function(btn) {\r\n            var currentHref = btn.getAttribute('href');\r\n            \r\n            \/\/ S\u00e9curit\u00e9 pour ne pas ajouter le param\u00e8tre 2 fois\r\n            if (currentHref.indexOf('sujet=') === -1) {\r\n                var separator = currentHref.indexOf('?') !== -1 ? '&' : '?';\r\n                var newLink = currentHref + separator + 'sujet=' + encodedTitle;\r\n                \r\n                btn.setAttribute('href', newLink);\r\n            }\r\n        });\r\n    }\r\n});\r\n<\/script><\/div>\n<\/div>\n<\/div>\n<\/div>\n\n<h2 class=\"wp-block-heading\">Ak\u00e9 zne\u010dis\u0165uj\u00face l\u00e1tky m\u00f4\u017eem o\u0161etri\u0165 kr\u00fa\u017ekami Pouy\u00e8s?<\/h2>\n\n<p><\/p>\n\n<div class=\"wp-block-columns is-layout-flex wp-container-core-columns-is-layout-28f84493 wp-block-columns-is-layout-flex\">\n<div class=\"wp-block-column is-layout-flow wp-block-column-is-layout-flow\" style=\"flex-basis:33.33%\">\n<figure class=\"wp-block-image aligncenter size-full is-resized\"><img decoding=\"async\" width=\"500\" height=\"500\" src=\"https:\/\/obera.fr\/wp-content\/uploads\/2024\/05\/anneau-de-pouyes-2-1.jpg\" alt=\"anneau de pouyes 2 1\" class=\"wp-image-31088\" style=\"width:169px;height:auto\" srcset=\"https:\/\/obera.fr\/wp-content\/uploads\/2024\/05\/anneau-de-pouyes-2-1.jpg 500w, https:\/\/obera.fr\/wp-content\/uploads\/2024\/05\/anneau-de-pouyes-2-1-300x300.jpg 300w, https:\/\/obera.fr\/wp-content\/uploads\/2024\/05\/anneau-de-pouyes-2-1-150x150.jpg 150w\" sizes=\"(max-width: 500px) 100vw, 500px\" \/><\/figure>\n<\/div>\n\n\n\n<div class=\"wp-block-column is-layout-flow wp-block-column-is-layout-flow\" style=\"flex-basis:66.66%\">\n<div class=\"wp-block-columns is-layout-flex wp-container-core-columns-is-layout-28f84493 wp-block-columns-is-layout-flex\">\n<div class=\"wp-block-column is-layout-flow wp-block-column-is-layout-flow\"><\/div>\n<\/div>\n\n\n\n<div class=\"wp-block-columns is-layout-flex wp-container-core-columns-is-layout-28f84493 wp-block-columns-is-layout-flex\">\n<div class=\"wp-block-column is-layout-flow wp-block-column-is-layout-flow\"><\/div>\n<\/div>\n\n\n\n<p>Prstencov\u00e9 sn\u00edma\u010de sa m\u00f4\u017eu pou\u017e\u00edva\u0165 v r\u00f4znych priemyseln\u00fdch odvetviach a odpor\u00fa\u010daj\u00fa sa najm\u00e4 na mie\u0161anie a odber vzoriek, plnenie do vriec, plnenie, balenie, vypr\u00e1zd\u0148ovanie, mletie a preosievanie, plnenie reaktorov a v\u00e1\u017eenie.<\/p>\n\n\n\n<div class=\"wp-block-columns is-layout-flex wp-container-core-columns-is-layout-28f84493 wp-block-columns-is-layout-flex\">\n<div class=\"wp-block-column is-layout-flow wp-block-column-is-layout-flow\"><\/div>\n<\/div>\n<\/div>\n<\/div>\n\n<div class=\"wp-block-columns is-layout-flex wp-container-core-columns-is-layout-28f84493 wp-block-columns-is-layout-flex\">\n<div class=\"wp-block-column is-layout-flow wp-block-column-is-layout-flow\"><\/div>\n<\/div>\n\n<div class=\"wp-block-columns is-layout-flex wp-container-core-columns-is-layout-28f84493 wp-block-columns-is-layout-flex\">\n<div class=\"wp-block-column is-layout-flow wp-block-column-is-layout-flow\"><\/div>\n\n\n\n<div class=\"wp-block-column is-layout-flow wp-block-column-is-layout-flow\"><\/div>\n<\/div>\n\n<h3 class=\"wp-block-heading\">Odvetvia \u010dinnosti<\/h3>\n\n<div class=\"wp-block-columns is-layout-flex wp-container-core-columns-is-layout-28f84493 wp-block-columns-is-layout-flex\">\n<div class=\"wp-block-column is-layout-flow wp-block-column-is-layout-flow\">\n<figure class=\"wp-block-image aligncenter size-full\"><img decoding=\"async\" width=\"150\" height=\"150\" src=\"https:\/\/obera.fr\/wp-content\/uploads\/2022\/02\/Chimie.png\" alt=\"ch&#xE9;mia\" class=\"wp-image-8846\"\/><figcaption class=\"wp-element-caption\">Ch\u00e9mia<\/figcaption><\/figure>\n<\/div>\n\n\n\n<div class=\"wp-block-column is-layout-flow wp-block-column-is-layout-flow\">\n<figure class=\"wp-block-image aligncenter size-full\"><img decoding=\"async\" width=\"150\" height=\"150\" src=\"https:\/\/obera.fr\/wp-content\/uploads\/2022\/09\/Sans-titre-2022-09-13T095047.797.jpg\" alt=\"Kozmetika\" class=\"wp-image-14491\"\/><figcaption class=\"wp-element-caption\">Kozmetika<\/figcaption><\/figure>\n<\/div>\n\n\n\n<div class=\"wp-block-column is-layout-flow wp-block-column-is-layout-flow\">\n<figure class=\"wp-block-image aligncenter size-full\"><img decoding=\"async\" width=\"150\" height=\"150\" src=\"https:\/\/obera.fr\/wp-content\/uploads\/2022\/02\/AGROALIMENTAIRE.png\" alt=\"agropotravin&#xE1;rsky\" class=\"wp-image-8844\"\/><figcaption class=\"wp-element-caption\">Potravin\u00e1rsky priemysel<\/figcaption><\/figure>\n<\/div>\n\n\n\n<div class=\"wp-block-column is-layout-flow wp-block-column-is-layout-flow\">\n<figure class=\"wp-block-image aligncenter size-full\"><img decoding=\"async\" width=\"150\" height=\"150\" src=\"https:\/\/obera.fr\/wp-content\/uploads\/2022\/09\/Sans-titre-2022-09-13T095545.356.jpg\" alt=\"Farmaceutick&#xE9; v&#xFD;robky\" class=\"wp-image-14497\"\/><figcaption class=\"wp-element-caption\">Farmaceutick\u00e9 v\u00fdrobky<\/figcaption><\/figure>\n<\/div>\n\n\n\n<div class=\"wp-block-column is-layout-flow wp-block-column-is-layout-flow\">\n<figure class=\"wp-block-image aligncenter size-full\"><img decoding=\"async\" width=\"150\" height=\"150\" src=\"https:\/\/obera.fr\/wp-content\/uploads\/2022\/09\/Sans-titre-2022-09-13T095819.046.jpg\" alt=\"Stroj&#xE1;rstvo\" class=\"wp-image-14500\"\/><figcaption class=\"wp-element-caption\">Stroj\u00e1rstvo<\/figcaption><\/figure>\n<\/div>\n<\/div>\n\n<h2 class=\"wp-block-heading\">Ak\u00e9 s\u00fa ich vlastnosti?<\/h2>\n\n<p>Kruhov\u00e9 zbera\u010de je mo\u017en\u00e9 vyrobi\u0165 na mieru z pozinkovanej ocele, lakovanej ocele, nehrdzavej\u00facej ocele 304L a nehrdzavej\u00facej ocele 316L. V z\u00e1vislosti od aplik\u00e1cie a \u0161pecifick\u00fdch po\u017eiadaviek s\u00fa k dispoz\u00edcii v priemyselnom alebo farmaceutickom vyhotoven\u00ed a v jednodielnom alebo rozoberate\u013enom preveden\u00ed.<\/p>\n\n<figure class=\"wp-block-image aligncenter size-large is-resized\"><img decoding=\"async\" width=\"1024\" height=\"342\" src=\"https:\/\/obera.fr\/wp-content\/uploads\/2022\/09\/Sans-titre-2022-09-13T102420.496-1024x342.jpg\" alt=\"Vlastnosti kr&#xFA;&#x17E;kov Pouy&#xE8;s OberA\" class=\"wp-image-14505\" style=\"width:768px;height:257px\" srcset=\"https:\/\/obera.fr\/wp-content\/uploads\/2022\/09\/Sans-titre-2022-09-13T102420.496-1024x342.jpg 1024w, https:\/\/obera.fr\/wp-content\/uploads\/2022\/09\/Sans-titre-2022-09-13T102420.496-300x100.jpg 300w, https:\/\/obera.fr\/wp-content\/uploads\/2022\/09\/Sans-titre-2022-09-13T102420.496-768x256.jpg 768w, https:\/\/obera.fr\/wp-content\/uploads\/2022\/09\/Sans-titre-2022-09-13T102420.496-1536x512.jpg 1536w, https:\/\/obera.fr\/wp-content\/uploads\/2022\/09\/Sans-titre-2022-09-13T102420.496.jpg 2000w\" sizes=\"(max-width: 1024px) 100vw, 1024px\" \/><\/figure>\n\n<h2 class=\"wp-block-heading\">Ostatn\u00e9 ods\u00e1vacie a zbern\u00e9 zariadenia OberA<\/h2>\n\n<div class=\"wp-block-columns is-layout-flex wp-container-core-columns-is-layout-28f84493 wp-block-columns-is-layout-flex\">\n<div class=\"wp-block-column is-layout-flow wp-block-column-is-layout-flow\">\n<figure class=\"wp-block-image aligncenter size-full is-resized\"><a href=\"https:\/\/obera.fr\/?page_id=489\"><img decoding=\"async\" width=\"433\" height=\"433\" src=\"https:\/\/obera.fr\/wp-content\/uploads\/2020\/10\/table-SF.png\" alt=\"Zv&#xE1;ranie - dym\" class=\"wp-image-1179\" style=\"object-fit:cover;width:120px;height:120px\" srcset=\"https:\/\/obera.fr\/wp-content\/uploads\/2020\/10\/table-SF.png 433w, https:\/\/obera.fr\/wp-content\/uploads\/2020\/10\/table-SF-300x300.png 300w, https:\/\/obera.fr\/wp-content\/uploads\/2020\/10\/table-SF-150x150.png 150w\" sizes=\"(max-width: 433px) 100vw, 433px\" \/><\/a><figcaption class=\"wp-element-caption\">Ods\u00e1vac\u00ed st\u00f4l<\/figcaption><\/figure>\n<\/div>\n\n\n\n<div class=\"wp-block-column is-layout-flow wp-block-column-is-layout-flow\">\n<figure class=\"wp-block-image aligncenter size-large is-resized\"><a href=\"https:\/\/obera.fr\/produits\/bras-dispositifs-captation\/bras-de-laboratoire\/\"><img decoding=\"async\" width=\"1024\" height=\"1024\" src=\"https:\/\/obera.fr\/wp-content\/uploads\/2020\/11\/22-bras-de-labo-1024x1024.jpg\" alt=\"Fumex - Laborat&#xF3;rium\" class=\"wp-image-1662\" style=\"object-fit:cover;width:120px;height:120px\" srcset=\"https:\/\/obera.fr\/wp-content\/uploads\/2020\/11\/22-bras-de-labo-1024x1024.jpg 1024w, https:\/\/obera.fr\/wp-content\/uploads\/2020\/11\/22-bras-de-labo-300x300.jpg 300w, https:\/\/obera.fr\/wp-content\/uploads\/2020\/11\/22-bras-de-labo-150x150.jpg 150w, https:\/\/obera.fr\/wp-content\/uploads\/2020\/11\/22-bras-de-labo-768x768.jpg 768w, https:\/\/obera.fr\/wp-content\/uploads\/2020\/11\/22-bras-de-labo.jpg 1500w\" sizes=\"(max-width: 1024px) 100vw, 1024px\" \/><\/a><figcaption class=\"wp-element-caption\">Laborat\u00f3rne ramen\u00e1<\/figcaption><\/figure>\n<\/div>\n\n\n\n<div class=\"wp-block-column is-layout-flow wp-block-column-is-layout-flow\">\n<figure class=\"wp-block-image aligncenter size-thumbnail is-resized\"><a href=\"https:\/\/obera.fr\/produits\/bras-dispositifs-captation\/dosserets-aspirants\/\"><img decoding=\"async\" width=\"150\" height=\"150\" src=\"https:\/\/obera.fr\/wp-content\/uploads\/2020\/10\/Dosserets-oberA-150x150.png\" alt=\"V&#xFD;robok - dizajn v&#xFD;robku\" class=\"wp-image-1174\" style=\"object-fit:cover;width:120px;height:120px\"\/><\/a><figcaption class=\"wp-element-caption\">Ods\u00e1vacie backsplashe<\/figcaption><\/figure>\n<\/div>\n<\/div>\n\n<div class=\"wp-block-columns is-layout-flex wp-container-core-columns-is-layout-28f84493 wp-block-columns-is-layout-flex\">\n<div class=\"wp-block-column is-layout-flow wp-block-column-is-layout-flow\">\n<figure class=\"wp-block-image aligncenter size-thumbnail is-resized\"><img decoding=\"async\" width=\"150\" height=\"150\" src=\"https:\/\/obera.fr\/wp-content\/uploads\/2024\/06\/hotte-de-captation-rectangulaire-industrielle-600x600-1-1-150x150.png\" alt=\"Priemyseln&#xFD; obd&#x13A;&#x17E;nikov&#xFD; digestor 600x600 1 1\" class=\"wp-image-31520\" style=\"object-fit:cover;width:120px;height:120px\" srcset=\"https:\/\/obera.fr\/wp-content\/uploads\/2024\/06\/hotte-de-captation-rectangulaire-industrielle-600x600-1-1-150x150.png 150w, https:\/\/obera.fr\/wp-content\/uploads\/2024\/06\/hotte-de-captation-rectangulaire-industrielle-600x600-1-1-300x300.png 300w, https:\/\/obera.fr\/wp-content\/uploads\/2024\/06\/hotte-de-captation-rectangulaire-industrielle-600x600-1-1-1024x1024.png 1024w, https:\/\/obera.fr\/wp-content\/uploads\/2024\/06\/hotte-de-captation-rectangulaire-industrielle-600x600-1-1-768x768.png 768w, https:\/\/obera.fr\/wp-content\/uploads\/2024\/06\/hotte-de-captation-rectangulaire-industrielle-600x600-1-1.png 1280w\" sizes=\"(max-width: 150px) 100vw, 150px\" \/><figcaption class=\"wp-element-caption\">Priemyseln\u00fd obd\u013a\u017enikov\u00fd ods\u00e1va\u010d p\u00e1r<\/figcaption><\/figure>\n<\/div>\n\n\n\n<div class=\"wp-block-column is-layout-flow wp-block-column-is-layout-flow\">\n<figure class=\"wp-block-image aligncenter size-thumbnail is-resized\"><img decoding=\"async\" width=\"150\" height=\"150\" src=\"https:\/\/obera.fr\/wp-content\/uploads\/2024\/06\/hotte-de-captation-modulaire-600x600-1-150x150.png\" alt=\"Modul&#xE1;rny digestor 600x600 1\" class=\"wp-image-31479\" style=\"object-fit:cover;width:120px;height:120px\" srcset=\"https:\/\/obera.fr\/wp-content\/uploads\/2024\/06\/hotte-de-captation-modulaire-600x600-1-150x150.png 150w, https:\/\/obera.fr\/wp-content\/uploads\/2024\/06\/hotte-de-captation-modulaire-600x600-1-300x300.png 300w, https:\/\/obera.fr\/wp-content\/uploads\/2024\/06\/hotte-de-captation-modulaire-600x600-1-1024x1024.png 1024w, https:\/\/obera.fr\/wp-content\/uploads\/2024\/06\/hotte-de-captation-modulaire-600x600-1-768x768.png 768w, https:\/\/obera.fr\/wp-content\/uploads\/2024\/06\/hotte-de-captation-modulaire-600x600-1.png 1280w\" sizes=\"(max-width: 150px) 100vw, 150px\" \/><figcaption class=\"wp-element-caption\">Modul\u00e1rne ods\u00e1va\u010de p\u00e1r<\/figcaption><\/figure>\n<\/div>\n\n\n\n<div class=\"wp-block-column is-layout-flow wp-block-column-is-layout-flow\">\n<figure class=\"wp-block-image aligncenter size-full is-resized\"><a href=\"https:\/\/obera.fr\/produits\/bras-dispositifs-captation\/capot-industriel\/\"><img decoding=\"async\" width=\"150\" height=\"150\" src=\"https:\/\/obera.fr\/wp-content\/uploads\/2020\/10\/capots.png\" alt=\"Farebn&#xE1; norma RAL - Lak\" class=\"wp-image-1173\" style=\"object-fit:cover;width:120px;height:120px\"\/><\/a><figcaption class=\"wp-element-caption\">Ods\u00e1vacia a zbern\u00e1 kapota<\/figcaption><\/figure>\n<\/div>\n<\/div>\n","protected":false},"excerpt":{"rendered":"<p>Sn\u00edma\u010de sania a kr\u00fa\u017eku Aby sa pracovn\u00e9 prostredie udr\u017ealo \u010dist\u00e9 a zdrav\u00e9, a t\u00fdm sa chr\u00e1nilo zdravie pracovn\u00edkov, musia sa zne\u010dis\u0165uj\u00face l\u00e1tky zachyt\u00e1va\u0165 hne\u010f po ich vzniku, \u010do najbli\u017e\u0161ie k zdroju emisi\u00ed a \u010do naj\u00fa\u010dinnej\u0161ie. Zoh\u013ead\u0148uje sa pritom povaha, vlastnosti a koncentr\u00e1cia samotnej zne\u010dis\u0165uj\u00facej l\u00e1tky. V z\u00e1vislosti od po\u017eiadaviek z\u00e1kazn\u00edka spolo\u010dnos\u0165 OberA navrhuje r\u00f4zne kr\u00fa\u017eky Pouyes a sn\u00edma\u010de sania pod\u013ea pl\u00e1nu. SN\u00cdMA\u010cE KR\u00da\u017dKOV Pouy\u00e8sove prstence alebo prstencov\u00e9 kolektory s\u00fa ve\u013emi \u00fa\u010dinn\u00fdm prostriedkom na zachyt\u00e1vanie energie pri zdroji. Boli navrhnut\u00e9 tak, aby zaru\u010dovali optim\u00e1lnu r\u00fdchlos\u0165 ods\u00e1vania a rovnomern\u00e9 pr\u00fadenie vzduchu, pri\u010dom priestor nad pracovnou plochou zost\u00e1va vo\u013en\u00fd. ako funguje prste\u0148 pouy\u00e8s &#8230; <\/p>\n<p class=\"read-more-container\"><a title=\"Prstene Pouy\u00e8s\" class=\"read-more button\" href=\"https:\/\/obera.fr\/sk\/produits\/bras-dispositifs-captation\/anneaux-de-pouyes\/#more-38790\" aria-label=\"Pre\u010d\u00edtajte si viac o Prstene Pouy\u00e8s\">Lire la suite<\/a><\/p>\n","protected":false},"author":4,"featured_media":83749,"parent":38347,"menu_order":0,"comment_status":"closed","ping_status":"closed","template":"","meta":{"_acf_changed":false,"_seopress_robots_primary_cat":"","_seopress_titles_title":"Objavte v\u00fdnimo\u010dn\u00e9 v\u00fdhody kr\u00fa\u017ekov Pouy\u00e8s","_seopress_titles_desc":"Zistite, pre\u010do s\u00fa kr\u00fa\u017eky Pouy\u00e8s z\u00e1kladn\u00fdm k\u013e\u00fa\u010dom k naj\u00fa\u010dinnej\u0161\u00edm \u010disti\u010dk\u00e1m vzduchu pre lep\u0161iu kvalitu vzduchu v interi\u00e9ri.","_seopress_robots_index":"","footnotes":""},"class_list":{"0":"post-38790","1":"page","2":"type-page","3":"status-publish","4":"has-post-thumbnail","6":"no-featured-image-padding","7":"resize-featured-image"},"acf":[],"_links":{"self":[{"href":"https:\/\/obera.fr\/sk\/wp-json\/wp\/v2\/pages\/38790","targetHints":{"allow":["GET"]}}],"collection":[{"href":"https:\/\/obera.fr\/sk\/wp-json\/wp\/v2\/pages"}],"about":[{"href":"https:\/\/obera.fr\/sk\/wp-json\/wp\/v2\/types\/page"}],"author":[{"embeddable":true,"href":"https:\/\/obera.fr\/sk\/wp-json\/wp\/v2\/users\/4"}],"replies":[{"embeddable":true,"href":"https:\/\/obera.fr\/sk\/wp-json\/wp\/v2\/comments?post=38790"}],"version-history":[{"count":11,"href":"https:\/\/obera.fr\/sk\/wp-json\/wp\/v2\/pages\/38790\/revisions"}],"predecessor-version":[{"id":127525,"href":"https:\/\/obera.fr\/sk\/wp-json\/wp\/v2\/pages\/38790\/revisions\/127525"}],"up":[{"embeddable":true,"href":"https:\/\/obera.fr\/sk\/wp-json\/wp\/v2\/pages\/38347"}],"wp:featuredmedia":[{"embeddable":true,"href":"https:\/\/obera.fr\/sk\/wp-json\/wp\/v2\/media\/83749"}],"wp:attachment":[{"href":"https:\/\/obera.fr\/sk\/wp-json\/wp\/v2\/media?parent=38790"}],"curies":[{"name":"wp","href":"https:\/\/api.w.org\/{rel}","templated":true}]}}