{"id":38833,"date":"2020-08-26T12:55:27","date_gmt":"2020-08-26T10:55:27","guid":{"rendered":"https:\/\/obera.fr\/nase-produkty\/ramena-a-zberne-zariadenia\/priemyselne-odsavacie-ramena\/"},"modified":"2024-11-18T14:55:47","modified_gmt":"2024-11-18T12:55:47","slug":"priemyselne-odsavacie-ramena-2","status":"publish","type":"page","link":"https:\/\/obera.fr\/sk\/produits\/bras-dispositifs-captation\/priemyselne-odsavacie-ramena-2\/","title":{"rendered":"Priemyseln\u00e9 ods\u00e1vacie ramen\u00e1"},"content":{"rendered":"","protected":false},"excerpt":{"rendered":"","protected":false},"author":4,"featured_media":37423,"parent":38347,"menu_order":0,"comment_status":"closed","ping_status":"closed","template":"","meta":{"_acf_changed":false,"_seopress_robots_primary_cat":"","_seopress_titles_title":"Ods\u00e1vacie ramen\u00e1 pre ov\u00e1lne a obd\u013a\u017enikov\u00e9 ods\u00e1va\u010de p\u00e1r - oberA","_seopress_titles_desc":"Ods\u00e1vacie ramen\u00e1 s\u00fa ide\u00e1lne na zachyt\u00e1vanie prachu, zv\u00e1rac\u00edch dymov a zne\u010dis\u0165uj\u00facich l\u00e1tok priamo na pracovisku.","_seopress_robots_index":"","footnotes":""},"class_list":{"0":"post-38833","1":"page","2":"type-page","3":"status-publish","4":"has-post-thumbnail","6":"no-featured-image-padding","7":"resize-featured-image"},"acf":[],"_links":{"self":[{"href":"https:\/\/obera.fr\/sk\/wp-json\/wp\/v2\/pages\/38833","targetHints":{"allow":["GET"]}}],"collection":[{"href":"https:\/\/obera.fr\/sk\/wp-json\/wp\/v2\/pages"}],"about":[{"href":"https:\/\/obera.fr\/sk\/wp-json\/wp\/v2\/types\/page"}],"author":[{"embeddable":true,"href":"https:\/\/obera.fr\/sk\/wp-json\/wp\/v2\/users\/4"}],"replies":[{"embeddable":true,"href":"https:\/\/obera.fr\/sk\/wp-json\/wp\/v2\/comments?post=38833"}],"version-history":[{"count":1,"href":"https:\/\/obera.fr\/sk\/wp-json\/wp\/v2\/pages\/38833\/revisions"}],"predecessor-version":[{"id":54279,"href":"https:\/\/obera.fr\/sk\/wp-json\/wp\/v2\/pages\/38833\/revisions\/54279"}],"up":[{"embeddable":true,"href":"https:\/\/obera.fr\/sk\/wp-json\/wp\/v2\/pages\/38347"}],"wp:featuredmedia":[{"embeddable":true,"href":"https:\/\/obera.fr\/sk\/wp-json\/wp\/v2\/media\/37423"}],"wp:attachment":[{"href":"https:\/\/obera.fr\/sk\/wp-json\/wp\/v2\/media?parent=38833"}],"curies":[{"name":"wp","href":"https:\/\/api.w.org\/{rel}","templated":true}]}}