{"id":38949,"date":"2020-08-26T12:56:16","date_gmt":"2020-08-26T10:56:16","guid":{"rendered":"https:\/\/obera.fr\/nase-produkty\/ramena-a-zberne-zariadenia\/odsavacie-backsplashe\/"},"modified":"2025-06-17T14:03:21","modified_gmt":"2025-06-17T12:03:21","slug":"dosserets-aspirants","status":"publish","type":"page","link":"https:\/\/obera.fr\/sk\/produits\/bras-dispositifs-captation\/dosserets-aspirants\/","title":{"rendered":"Ods\u00e1vacie backsplashe"},"content":{"rendered":"\n<h2 class=\"wp-block-heading\">N\u00e1\u0161 sortiment ods\u00e1vac\u00edch striekac\u00edch dosiek OBDOS<\/h2>\n\n<div class=\"wp-block-columns is-layout-flex wp-container-core-columns-is-layout-28f84493 wp-block-columns-is-layout-flex\">\n<div class=\"wp-block-column is-layout-flow wp-block-column-is-layout-flow\" style=\"flex-basis:33.33%\">\n<figure class=\"wp-block-image aligncenter size-full is-resized\"><img decoding=\"async\" width=\"577\" height=\"433\" src=\"https:\/\/obera.fr\/wp-content\/uploads\/2024\/02\/dosserets-obera.png\" alt=\"obera splashbacks\" class=\"wp-image-28190\" srcset=\"https:\/\/obera.fr\/wp-content\/uploads\/2024\/02\/dosserets-obera.png 577w, https:\/\/obera.fr\/wp-content\/uploads\/2024\/02\/dosserets-obera-300x225.png 300w\" sizes=\"(max-width: 577px) 100vw, 577px\" \/><figcaption class=\"wp-element-caption\">Ods\u00e1vac\u00ed backsplash<\/figcaption><\/figure>\n<\/div>\n\n\n\n<div class=\"wp-block-column is-layout-flow wp-block-column-is-layout-flow\" style=\"flex-basis:66.66%\">\n<p><strong>Ods\u00e1vacie backsplashe<\/strong> s\u00fa &#8222;steny&#8220; so \u0161trbinami, ktor\u00e9 <a href=\"https:\/\/obera.fr\/sk\/produits\/bras-dispositifs-captation\/\" data-type=\"page\" data-id=\"364\">nas\u00e1vaj\u00fa zne\u010dis\u0165uj\u00face l\u00e1tky<\/a> produkovan\u00e9 obsluhou priamo pred \u0148ou, \u010di u\u017e ide o v\u00fdpary, plyny, prach alebo v\u00fdpary. To znamen\u00e1, \u017ee obsluha je v bezpe\u010d\u00ed a m\u00f4\u017ee pracova\u0165 bez toho, aby vdychovala r\u00f4zne zne\u010dis\u0165uj\u00face l\u00e1tky, ktor\u00e9 sa po\u010das jej pr\u00e1ce uvo\u013e\u0148uj\u00fa. <\/p>\n\n\n\n<p>K tejto in\u0161tal\u00e1cii mo\u017eno prida\u0165 aj dve bo\u010dn\u00e9 z\u00e1steny, ako aj horizont\u00e1lny priezor, ktor\u00fd ohrani\u010d\u00ed obsluhu a jej pracovn\u00fd priestor, a t\u00fdm zefekt\u00edvni ods\u00e1vanie.<\/p>\n\n\n\n<hr class=\"wp-block-separator has-text-color has-black-color has-css-opacity has-black-background-color has-background is-style-dots\"\/>\n\n\n\n<div class=\"wp-block-columns is-layout-flex wp-container-core-columns-is-layout-28f84493 wp-block-columns-is-layout-flex\">\n<div class=\"wp-block-column is-layout-flow wp-block-column-is-layout-flow\" style=\"flex-basis:33.33%\">\n<div class=\"wp-block-buttons is-layout-flex wp-block-buttons-is-layout-flex\">\n<div class=\"wp-block-button\"><a class=\"wp-block-button__link wp-element-button\" href=\"https:\/\/obera.fr\/wp-content\/uploads\/2025\/06\/brochure-dosseret-aspirant-industriel.pdf\">STIAHNU\u0164 BRO\u017d\u00daRU<\/a><\/div>\n<\/div>\n<\/div>\n\n\n\n<div class=\"wp-block-column is-layout-flow wp-block-column-is-layout-flow\" style=\"flex-basis:33.34%\">\n<div class=\"wp-block-buttons is-horizontal is-content-justification-center is-layout-flex wp-container-core-buttons-is-layout-03627597 wp-block-buttons-is-layout-flex\">\n<div class=\"wp-block-button has-custom-width wp-block-button__width-100\"><a class=\"wp-block-button__link wp-element-button\" href=\"https:\/\/obera.fr\/sk\/kontaktujte-nas\/\">Ve\u010d o tem<\/a><\/div>\n<\/div>\n<\/div>\n\n\n\n<div class=\"wp-block-column is-layout-flow wp-block-column-is-layout-flow\" style=\"flex-basis:33.34%\">\n<div class=\"wp-block-buttons is-content-justification-center is-layout-flex wp-container-core-buttons-is-layout-a89b3969 wp-block-buttons-is-layout-flex\">\n<div class=\"wp-block-button btn-devis-source\"><a class=\"wp-block-button__link wp-element-button\" href=\"https:\/\/obera.fr\/sk\/devis\/\">Po\u017eiada\u0165 o cenov\u00fa ponuku<\/a><\/div>\n<\/div>\n\n\n<script>\r\ndocument.addEventListener('DOMContentLoaded', function() {\r\n    \/\/ 1. On cherche le titre H1 de la page\r\n    var h1 = document.querySelector('h1');\r\n    var productTitle = h1 ? h1.innerText.trim() : \"\";\r\n\r\n    \/\/ 2. On cherche les boutons via la classe CSS .btn-devis-source\r\n    var buttons = document.querySelectorAll('.btn-devis-source a');\r\n\r\n    \/\/ 3. Si on a le titre et les boutons, on ajoute le param\u00e8tre\r\n    if (buttons.length > 0 && productTitle !== \"\") {\r\n        var encodedTitle = encodeURIComponent(productTitle);\r\n\r\n        buttons.forEach(function(btn) {\r\n            var currentHref = btn.getAttribute('href');\r\n            \r\n            \/\/ S\u00e9curit\u00e9 pour ne pas ajouter le param\u00e8tre 2 fois\r\n            if (currentHref.indexOf('sujet=') === -1) {\r\n                var separator = currentHref.indexOf('?') !== -1 ? '&' : '?';\r\n                var newLink = currentHref + separator + 'sujet=' + encodedTitle;\r\n                \r\n                btn.setAttribute('href', newLink);\r\n            }\r\n        });\r\n    }\r\n});\r\n<\/script><\/div>\n<\/div>\n\n\n\n<p><\/p>\n<\/div>\n<\/div>\n\n<h2 class=\"wp-block-heading\">V\u00fdhody ods\u00e1vacieho splashbacku<\/h2>\n\n<div class=\"wp-block-columns is-layout-flex wp-container-core-columns-is-layout-28f84493 wp-block-columns-is-layout-flex\">\n<div class=\"wp-block-column is-layout-flow wp-block-column-is-layout-flow\">\n<h3 class=\"wp-block-heading has-text-align-center\"><strong>V\u00fdhody<\/strong><\/h3>\n\n\n\n<ul class=\"wp-block-list\">\n<li>Pripojenie k ventil\u00e1toru alebo pevn\u00e9mu \u010di mobiln\u00e9mu vys\u00e1va\u010du<\/li>\n\n\n\n<li>Na odstra\u0148ovanie otrepov, br\u00fasenie alebo br\u00fasenie obrobkov alebo zv\u00e1ranie<\/li>\n\n\n\n<li>Vhodn\u00e9 aj na lepenie, lakovanie at\u010f.<\/li>\n\n\n\n<li>Chr\u00e1nen\u00fd prev\u00e1dzkovate\u013e<\/li>\n<\/ul>\n<\/div>\n\n\n\n<div class=\"wp-block-column is-layout-flow wp-block-column-is-layout-flow\">\n<h3 class=\"wp-block-heading has-text-align-center\"><strong>\u0160peci\u00e1lne funkcie<\/strong><\/h3>\n\n\n\n<ul class=\"wp-block-list\">\n<li>Jednoduch\u00e1 in\u0161tal\u00e1cia<\/li>\n\n\n\n<li>Priestor na pou\u017eitie ako pracovisko<\/li>\n\n\n\n<li>Volite\u013en\u00e9 doplnky na po\u017eiadanie: nerezov\u00e1 oce\u013e, osvetlenie, nosn\u00e1 kon\u0161trukcia<\/li>\n\n\n\n<li>Na mieru \u0161it\u00e9<\/li>\n<\/ul>\n<\/div>\n\n\n\n<div class=\"wp-block-column is-layout-flow wp-block-column-is-layout-flow\">\n<h3 class=\"wp-block-heading has-text-align-center\"><strong>Funkcie<\/strong><\/h3>\n\n\n\n<ul class=\"wp-block-list\">\n<li><a href=\"https:\/\/obera.fr\/sk\/produits\/bras-dispositifs-captation\/capot-industriel\/\">Ods\u00e1vanie na pracovisku<\/a><\/li>\n\n\n\n<li>Kompaktn\u00e9 rie\u0161enie<\/li>\n\n\n\n<li>Robustn\u00e1 kon\u0161trukcia<\/li>\n<\/ul>\n<\/div>\n<\/div>\n\n<h2 class=\"wp-block-heading\">Aplik\u00e1cie<\/h2>\n\n<div class=\"wp-block-columns is-layout-flex wp-container-core-columns-is-layout-28f84493 wp-block-columns-is-layout-flex\">\n<div class=\"wp-block-column is-layout-flow wp-block-column-is-layout-flow\">\n<h3 class=\"wp-block-heading has-text-align-center\">Zne\u010dis\u0165uj\u00face l\u00e1tky<\/h3>\n\n\n\n<hr class=\"wp-block-separator has-css-opacity is-style-wide\"\/>\n\n\n\n<div class=\"wp-block-columns is-layout-flex wp-container-core-columns-is-layout-28f84493 wp-block-columns-is-layout-flex\">\n<div class=\"wp-block-column is-layout-flow wp-block-column-is-layout-flow\">\n<figure class=\"wp-block-image aligncenter size-large\"><img decoding=\"async\" width=\"70\" height=\"70\" src=\"https:\/\/obera.fr\/wp-content\/uploads\/2020\/08\/polluants-poussieres.jpg\" alt=\"Zne&#x10D;is&#x165;uj&#xFA;ce l&#xE1;tky Prach\" class=\"wp-image-675\"\/><figcaption class=\"wp-element-caption\">V\u00fdpary<\/figcaption><\/figure>\n\n\n\n<figure class=\"wp-block-image aligncenter size-large\"><img decoding=\"async\" width=\"70\" height=\"70\" src=\"https:\/\/obera.fr\/wp-content\/uploads\/2020\/08\/industrie-odeur.jpg\" alt=\"Priemyseln&#xFD; z&#xE1;pach\" class=\"wp-image-723\"\/><figcaption class=\"wp-element-caption\">Z\u00e1pachy<\/figcaption><\/figure>\n<\/div>\n\n\n\n<div class=\"wp-block-column is-layout-flow wp-block-column-is-layout-flow\">\n<figure class=\"wp-block-image aligncenter size-large\"><img decoding=\"async\" width=\"70\" height=\"70\" src=\"https:\/\/obera.fr\/wp-content\/uploads\/2020\/08\/industrie-fumees.jpg\" alt=\"Priemyseln&#xFD; dym\" class=\"wp-image-722\"\/><figcaption class=\"wp-element-caption\">V\u00fdpary<\/figcaption><\/figure>\n\n\n\n<figure class=\"wp-block-image aligncenter size-large\"><img decoding=\"async\" width=\"70\" height=\"70\" src=\"https:\/\/obera.fr\/wp-content\/uploads\/2020\/09\/cov.png\" alt=\"Cov\" class=\"wp-image-959\"\/><figcaption class=\"wp-element-caption\">VOCS<\/figcaption><\/figure>\n<\/div>\n<\/div>\n\n\n\n<p><\/p>\n<\/div>\n\n\n\n<div class=\"wp-block-column is-layout-flow wp-block-column-is-layout-flow\">\n<h3 class=\"wp-block-heading has-text-align-center\">Odvetvia<\/h3>\n\n\n\n<hr class=\"wp-block-separator has-css-opacity is-style-wide\"\/>\n\n\n\n<div class=\"wp-block-columns is-layout-flex wp-container-core-columns-is-layout-28f84493 wp-block-columns-is-layout-flex\">\n<div class=\"wp-block-column is-layout-flow wp-block-column-is-layout-flow\">\n<figure class=\"wp-block-image aligncenter size-large\"><img decoding=\"async\" width=\"70\" height=\"70\" src=\"https:\/\/obera.fr\/wp-content\/uploads\/2020\/08\/industrie-metallurgie.jpg\" alt=\"Hutn&#xED;cky priemysel\" class=\"wp-image-673\"\/><figcaption class=\"wp-element-caption\">Hutn\u00edctvo<\/figcaption><\/figure>\n\n\n\n<figure class=\"wp-block-image aligncenter size-large\"><img decoding=\"async\" width=\"70\" height=\"70\" src=\"https:\/\/obera.fr\/wp-content\/uploads\/2020\/08\/industrie-chimie.jpg\" alt=\"Chemick&#xFD; priemysel\" class=\"wp-image-725\"\/><figcaption class=\"wp-element-caption\">Chemik\u00e1lie\/Petrochemik\u00e1lie<\/figcaption><\/figure>\n<\/div>\n\n\n\n<div class=\"wp-block-column is-layout-flow wp-block-column-is-layout-flow\">\n<figure class=\"wp-block-image aligncenter size-large\"><img decoding=\"async\" width=\"70\" height=\"70\" src=\"https:\/\/obera.fr\/wp-content\/uploads\/2020\/08\/industrie-plastique.jpg\" alt=\"Plastik&#xE1;rsky priemysel\" class=\"wp-image-669\"\/><figcaption class=\"wp-element-caption\">Plasty<\/figcaption><\/figure>\n\n\n\n<figure class=\"wp-block-image aligncenter size-large\"><img decoding=\"async\" width=\"70\" height=\"70\" src=\"https:\/\/obera.fr\/wp-content\/uploads\/2020\/08\/industrie-bois.jpg\" alt=\"Drev&#xE1;rsky priemysel\" class=\"wp-image-672\"\/><figcaption class=\"wp-element-caption\">Spracovanie dreva<\/figcaption><\/figure>\n<\/div>\n<\/div>\n<\/div>\n<\/div>\n\n<h2 class=\"wp-block-heading\">Technick\u00e9 \u0161pecifik\u00e1cie<\/h2>\n\n<p>Spolo\u010dnos\u0165 OberA pon\u00faka ods\u00e1vacie strie\u0161ky so \u0161\u00edrkou od 40 cm do 3,60 m (zoraden\u00edm a\u017e 3 strie\u0161ok ved\u013ea seba s 3 v\u00fdvodmi). Dostupn\u00e9 v\u00fd\u0161ky s\u00fa 60 cm, 80 cm a 1 m. Pripojenie je mo\u017en\u00e9 realizova\u0165 prostredn\u00edctvom r\u00farky so spadnutou hranou alebo hladkou hranou. Ods\u00e1vacie strie\u0161ky OberA s\u00fa k dispoz\u00edcii z pozinkovanej ocele alebo nehrdzavej\u00facej ocele 304L.   <\/p>\n\n<div class=\"wp-block-buttons is-content-justification-center is-layout-flex wp-container-core-buttons-is-layout-a89b3969 wp-block-buttons-is-layout-flex\">\n<div class=\"wp-block-button\"><a class=\"wp-block-button__link wp-element-button\" href=\"https:\/\/obera.fr\/wp-content\/uploads\/2024\/02\/brochure-dosseret-aspirant-industriel.pdf\">POZRI TECHNICK\u00c9 \u00daDAJE<\/a><\/div>\n<\/div>\n\n<h2 class=\"wp-block-heading\">Mo\u017enosti<\/h2>\n\n<div class=\"wp-block-columns is-layout-flex wp-container-core-columns-is-layout-28f84493 wp-block-columns-is-layout-flex\">\n<div class=\"wp-block-column is-layout-flow wp-block-column-is-layout-flow\">\n<figure class=\"wp-block-image aligncenter size-large\"><img decoding=\"async\" width=\"100\" height=\"100\" src=\"https:\/\/obera.fr\/wp-content\/uploads\/2020\/11\/picto-sur-mesure.jpg\" alt=\"Vlastn&#xE9; Picto\" class=\"wp-image-2062\"\/><figcaption class=\"wp-element-caption\">K dispoz\u00edcii s\u00fa vlastn\u00e9 ve\u013ekosti<\/figcaption><\/figure>\n<\/div>\n\n\n\n<div class=\"wp-block-column is-layout-flow wp-block-column-is-layout-flow\"><\/div>\n\n\n\n<div class=\"wp-block-column is-layout-flow wp-block-column-is-layout-flow\"><\/div>\n<\/div>\n\n<div class=\"wp-block-buttons is-horizontal is-content-justification-center is-layout-flex wp-container-core-buttons-is-layout-03627597 wp-block-buttons-is-layout-flex\">\n<div class=\"wp-block-button has-custom-width wp-block-button__width-100\"><a class=\"wp-block-button__link wp-element-button\" href=\"https:\/\/obera.fr\/sk\/kontaktujte-nas\/\">Ve\u010d o tem<\/a><\/div>\n<\/div>\n\n<hr class=\"wp-block-separator has-css-opacity is-style-dots\"\/>\n\n<h2 class=\"wp-block-heading\">Ostatn\u00e9 zbrane a z\u00e1chytn\u00e9 zariadenia OberA<\/h2>\n\n<div class=\"wp-block-columns is-layout-flex wp-container-core-columns-is-layout-28f84493 wp-block-columns-is-layout-flex\">\n<div class=\"wp-block-column is-layout-flow wp-block-column-is-layout-flow\">\n<figure class=\"wp-block-image aligncenter size-thumbnail\"><a href=\"https:\/\/obera.fr\/produits\/bras-dispositifs-captation\/bras-hotte-ovale-rectangulaire\/\"><img decoding=\"async\" width=\"150\" height=\"150\" src=\"https:\/\/obera.fr\/wp-content\/uploads\/2020\/09\/Bras-SF-150x150.jpg\" alt=\"Sacie rameno\" class=\"wp-image-969\" srcset=\"https:\/\/obera.fr\/wp-content\/uploads\/2020\/09\/Bras-SF-150x150.jpg 150w, https:\/\/obera.fr\/wp-content\/uploads\/2020\/09\/Bras-SF-300x300.jpg 300w, https:\/\/obera.fr\/wp-content\/uploads\/2020\/09\/Bras-SF.jpg 433w\" sizes=\"(max-width: 150px) 100vw, 150px\" \/><\/a><figcaption class=\"wp-element-caption\">Sacie rameno<\/figcaption><\/figure>\n<\/div>\n\n\n\n<div class=\"wp-block-column is-layout-flow wp-block-column-is-layout-flow\">\n<figure class=\"wp-block-image aligncenter size-thumbnail\"><a href=\"https:\/\/obera.fr\/produits\/bras-dispositifs-captation\/bras-de-laboratoire\/\"><img decoding=\"async\" width=\"150\" height=\"150\" src=\"https:\/\/obera.fr\/wp-content\/uploads\/2020\/11\/22-bras-de-labo-150x150.jpg\" alt=\"Laborat&#xF3;rne ramen&#xE1;\" class=\"wp-image-1662\" srcset=\"https:\/\/obera.fr\/wp-content\/uploads\/2020\/11\/22-bras-de-labo-150x150.jpg 150w, https:\/\/obera.fr\/wp-content\/uploads\/2020\/11\/22-bras-de-labo-300x300.jpg 300w, https:\/\/obera.fr\/wp-content\/uploads\/2020\/11\/22-bras-de-labo-1024x1024.jpg 1024w, https:\/\/obera.fr\/wp-content\/uploads\/2020\/11\/22-bras-de-labo-768x768.jpg 768w, https:\/\/obera.fr\/wp-content\/uploads\/2020\/11\/22-bras-de-labo.jpg 1500w\" sizes=\"(max-width: 150px) 100vw, 150px\" \/><\/a><figcaption class=\"wp-element-caption\">Laborat\u00f3rne ramen\u00e1<\/figcaption><\/figure>\n<\/div>\n\n\n\n<div class=\"wp-block-column is-layout-flow wp-block-column-is-layout-flow\">\n<figure class=\"wp-block-image aligncenter size-thumbnail\"><a href=\"https:\/\/obera.fr\/produits\/bras-dispositifs-captation\/anneaux-de-pouyes\/\"><img decoding=\"async\" width=\"150\" height=\"150\" src=\"https:\/\/obera.fr\/wp-content\/uploads\/2022\/09\/Anneau-de-pouyes-2-150x150.jpg\" alt=\"Kuracie kr&#xFA;&#x17E;ky\" class=\"wp-image-14482\" srcset=\"https:\/\/obera.fr\/wp-content\/uploads\/2022\/09\/Anneau-de-pouyes-2-150x150.jpg 150w, https:\/\/obera.fr\/wp-content\/uploads\/2022\/09\/Anneau-de-pouyes-2-300x300.jpg 300w, https:\/\/obera.fr\/wp-content\/uploads\/2022\/09\/Anneau-de-pouyes-2.jpg 500w\" sizes=\"(max-width: 150px) 100vw, 150px\" \/><\/a><figcaption class=\"wp-element-caption\">Kuracie kr\u00fa\u017eky<\/figcaption><\/figure>\n<\/div>\n\n\n\n<div class=\"wp-block-column is-layout-flow wp-block-column-is-layout-flow\">\n<figure class=\"wp-block-image aligncenter size-thumbnail\"><a href=\"https:\/\/obera.fr\/?page_id=489\"><img decoding=\"async\" width=\"150\" height=\"150\" src=\"https:\/\/obera.fr\/wp-content\/uploads\/2020\/10\/table-SF-150x150.png\" alt=\"Ods&#xE1;vacie stoly\" class=\"wp-image-1179\" srcset=\"https:\/\/obera.fr\/wp-content\/uploads\/2020\/10\/table-SF-150x150.png 150w, https:\/\/obera.fr\/wp-content\/uploads\/2020\/10\/table-SF-300x300.png 300w, https:\/\/obera.fr\/wp-content\/uploads\/2020\/10\/table-SF.png 433w\" sizes=\"(max-width: 150px) 100vw, 150px\" \/><\/a><figcaption class=\"wp-element-caption\">Ods\u00e1vacie stoly<\/figcaption><\/figure>\n<\/div>\n<\/div>\n\n<div class=\"wp-block-columns is-layout-flex wp-container-core-columns-is-layout-28f84493 wp-block-columns-is-layout-flex\">\n<div class=\"wp-block-column is-layout-flow wp-block-column-is-layout-flow\">\n<figure class=\"wp-block-image aligncenter size-thumbnail\"><a href=\"https:\/\/obera.fr\/produits\/bras-dispositifs-captation\/hotte-rectangulaire\/\"><img decoding=\"async\" width=\"150\" height=\"150\" src=\"https:\/\/obera.fr\/wp-content\/uploads\/2020\/10\/hotte-rectangulaire-150x150.png\" alt=\"Obd&#x13A;&#x17E;nikov&#xE9; ods&#xE1;va&#x10D;e p&#xE1;r\" class=\"wp-image-1178\" srcset=\"https:\/\/obera.fr\/wp-content\/uploads\/2020\/10\/hotte-rectangulaire-150x150.png 150w, https:\/\/obera.fr\/wp-content\/uploads\/2020\/10\/hotte-rectangulaire.png 158w\" sizes=\"(max-width: 150px) 100vw, 150px\" \/><\/a><figcaption class=\"wp-element-caption\">Priemyseln\u00e9 obd\u013a\u017enikov\u00e9 digestory<\/figcaption><\/figure>\n<\/div>\n\n\n\n<div class=\"wp-block-column is-layout-flow wp-block-column-is-layout-flow\">\n<figure class=\"wp-block-image aligncenter size-thumbnail\"><a href=\"https:\/\/obera.fr\/produits\/bras-dispositifs-captation\/hotte-modulaire\/\"><img decoding=\"async\" width=\"150\" height=\"150\" src=\"https:\/\/obera.fr\/wp-content\/uploads\/2020\/10\/hotte-modulaire-A-logo-SF-150x150.png\" alt=\"Modul&#xE1;rna kapota\" class=\"wp-image-1177\"\/><\/a><figcaption class=\"wp-element-caption\">Modul\u00e1rne ods\u00e1va\u010de p\u00e1r<\/figcaption><\/figure>\n<\/div>\n\n\n\n<div class=\"wp-block-column is-layout-flow wp-block-column-is-layout-flow\">\n<figure class=\"wp-block-image aligncenter size-full\"><a href=\"https:\/\/obera.fr\/produits\/bras-dispositifs-captation\/capot-industriel\/\"><img decoding=\"async\" width=\"150\" height=\"150\" src=\"https:\/\/obera.fr\/wp-content\/uploads\/2020\/10\/capots.png\" alt=\"Ods&#xE1;vacie kapoty\" class=\"wp-image-1173\"\/><\/a><figcaption class=\"wp-element-caption\">Ods\u00e1vacia a zbern\u00e1 kapota<\/figcaption><\/figure>\n<\/div>\n\n\n\n<div class=\"wp-block-column is-layout-flow wp-block-column-is-layout-flow\"><\/div>\n<\/div>\n","protected":false},"excerpt":{"rendered":"<p>N\u00e1\u0161 sortiment ods\u00e1vac\u00edch striekac\u00edch dosiek OBDOS Ods\u00e1vacie backsplashe s\u00fa &#8222;steny&#8220; so \u0161trbinami, ktor\u00e9 nas\u00e1vaj\u00fa zne\u010dis\u0165uj\u00face l\u00e1tky produkovan\u00e9 obsluhou priamo pred \u0148ou, \u010di u\u017e ide o v\u00fdpary, plyny, prach alebo v\u00fdpary. To znamen\u00e1, \u017ee obsluha je v bezpe\u010d\u00ed a m\u00f4\u017ee pracova\u0165 bez toho, aby vdychovala r\u00f4zne zne\u010dis\u0165uj\u00face l\u00e1tky, ktor\u00e9 sa po\u010das jej pr\u00e1ce uvo\u013e\u0148uj\u00fa. K tejto in\u0161tal\u00e1cii mo\u017eno prida\u0165 aj dve bo\u010dn\u00e9 z\u00e1steny, ako aj horizont\u00e1lny priezor, ktor\u00fd ohrani\u010d\u00ed obsluhu a jej pracovn\u00fd priestor, a t\u00fdm zefekt\u00edvni ods\u00e1vanie. V\u00fdhody ods\u00e1vacieho splashbacku V\u00fdhody \u0160peci\u00e1lne funkcie Funkcie Aplik\u00e1cie Zne\u010dis\u0165uj\u00face l\u00e1tky Odvetvia Technick\u00e9 \u0161pecifik\u00e1cie Spolo\u010dnos\u0165 OberA pon\u00faka ods\u00e1vacie strie\u0161ky so \u0161\u00edrkou od 40 cm &#8230; <\/p>\n<p class=\"read-more-container\"><a title=\"Ods\u00e1vacie backsplashe\" class=\"read-more button\" href=\"https:\/\/obera.fr\/sk\/produits\/bras-dispositifs-captation\/dosserets-aspirants\/#more-38949\" aria-label=\"Pre\u010d\u00edtajte si viac o Ods\u00e1vacie backsplashe\">Lire la suite<\/a><\/p>\n","protected":false},"author":4,"featured_media":83749,"parent":38347,"menu_order":0,"comment_status":"closed","ping_status":"closed","template":"","meta":{"_acf_changed":false,"_seopress_robots_primary_cat":"","_seopress_titles_title":"Dosserets aspirants pour capter les polluants - oberA","_seopress_titles_desc":"Les dosserets aspirants aspirent les polluants g\u00e9n\u00e9r\u00e9s par l\u2019op\u00e9rateur face \u00e0 lui, qu\u2019il s\u2019agisse de vapeurs, de gaz, de poussi\u00e8res ou de fum\u00e9es.","_seopress_robots_index":"","_seopress_analysis_target_kw":"","footnotes":""},"class_list":{"0":"post-38949","1":"page","2":"type-page","3":"status-publish","4":"has-post-thumbnail","6":"no-featured-image-padding","7":"resize-featured-image"},"acf":[],"_links":{"self":[{"href":"https:\/\/obera.fr\/sk\/wp-json\/wp\/v2\/pages\/38949","targetHints":{"allow":["GET"]}}],"collection":[{"href":"https:\/\/obera.fr\/sk\/wp-json\/wp\/v2\/pages"}],"about":[{"href":"https:\/\/obera.fr\/sk\/wp-json\/wp\/v2\/types\/page"}],"author":[{"embeddable":true,"href":"https:\/\/obera.fr\/sk\/wp-json\/wp\/v2\/users\/4"}],"replies":[{"embeddable":true,"href":"https:\/\/obera.fr\/sk\/wp-json\/wp\/v2\/comments?post=38949"}],"version-history":[{"count":5,"href":"https:\/\/obera.fr\/sk\/wp-json\/wp\/v2\/pages\/38949\/revisions"}],"predecessor-version":[{"id":112847,"href":"https:\/\/obera.fr\/sk\/wp-json\/wp\/v2\/pages\/38949\/revisions\/112847"}],"up":[{"embeddable":true,"href":"https:\/\/obera.fr\/sk\/wp-json\/wp\/v2\/pages\/38347"}],"wp:featuredmedia":[{"embeddable":true,"href":"https:\/\/obera.fr\/sk\/wp-json\/wp\/v2\/media\/83749"}],"wp:attachment":[{"href":"https:\/\/obera.fr\/sk\/wp-json\/wp\/v2\/media?parent=38949"}],"curies":[{"name":"wp","href":"https:\/\/api.w.org\/{rel}","templated":true}]}}