{"id":41898,"date":"2024-05-07T09:40:24","date_gmt":"2024-05-07T07:40:24","guid":{"rendered":"https:\/\/obera.fr\/nase-produkty\/mobilne-odsavacie-jednotky\/mobilny-odsavaci-box-epurbox-brs\/"},"modified":"2025-06-30T13:59:24","modified_gmt":"2025-06-30T11:59:24","slug":"epurbox-brs","status":"publish","type":"page","link":"https:\/\/obera.fr\/sk\/produits\/caissons-mobiles-aspiration\/epurbox-brs\/","title":{"rendered":"Mobiln\u00fd ods\u00e1vac\u00ed box ePURbox BRS"},"content":{"rendered":"\n<div class=\"wp-block-columns is-layout-flex wp-container-core-columns-is-layout-28f84493 wp-block-columns-is-layout-flex\">\n<div class=\"wp-block-column is-layout-flow wp-block-column-is-layout-flow\" style=\"flex-basis:33.33%\">\n<figure class=\"wp-block-image aligncenter size-medium\"><img decoding=\"async\" width=\"300\" height=\"300\" src=\"https:\/\/obera.fr\/wp-content\/uploads\/2024\/05\/epurbox-brs-300x300.png\" alt=\"epurbox brs\" class=\"wp-image-30328\" srcset=\"https:\/\/obera.fr\/wp-content\/uploads\/2024\/05\/epurbox-brs-300x300.png 300w, https:\/\/obera.fr\/wp-content\/uploads\/2024\/05\/epurbox-brs-1024x1024.png 1024w, https:\/\/obera.fr\/wp-content\/uploads\/2024\/05\/epurbox-brs-150x150.png 150w, https:\/\/obera.fr\/wp-content\/uploads\/2024\/05\/epurbox-brs-768x768.png 768w, https:\/\/obera.fr\/wp-content\/uploads\/2024\/05\/epurbox-brs.png 1200w\" sizes=\"(max-width: 300px) 100vw, 300px\" \/><figcaption class=\"wp-element-caption\">ePURbox BRS<\/figcaption><\/figure>\n<\/div>\n\n\n\n<div class=\"wp-block-column is-layout-flow wp-block-column-is-layout-flow\" style=\"flex-basis:66.66%\">\n<p class=\"has-drop-cap\"><\/p>\n\n\n\n<hr class=\"wp-block-separator has-text-color has-black-color has-css-opacity has-black-background-color has-background is-style-dots\"\/>\n\n\n\n<div class=\"wp-block-columns is-layout-flex wp-container-core-columns-is-layout-28f84493 wp-block-columns-is-layout-flex\">\n<div class=\"wp-block-column is-layout-flow wp-block-column-is-layout-flow\" style=\"flex-basis:33.33%\">\n<div class=\"wp-block-buttons is-layout-flex wp-block-buttons-is-layout-flex\">\n<div class=\"wp-block-button\"><a class=\"wp-block-button__link wp-element-button\" href=\"https:\/\/obera.fr\/wp-content\/uploads\/2025\/04\/brochure-epurbox-atex-brs-fr.pdf\">STIAHNU\u0164 BRO\u017d\u00daRU<\/a><\/div>\n<\/div>\n<\/div>\n\n\n\n<div class=\"wp-block-column is-layout-flow wp-block-column-is-layout-flow\" style=\"flex-basis:33.34%\">\n<div class=\"wp-block-buttons is-horizontal is-content-justification-center is-layout-flex wp-container-core-buttons-is-layout-03627597 wp-block-buttons-is-layout-flex\">\n<div class=\"wp-block-button has-custom-width wp-block-button__width-100\"><a class=\"wp-block-button__link wp-element-button\" href=\"https:\/\/obera.fr\/sk\/kontaktujte-nas\/\">Ve\u010d o tem<\/a><\/div>\n<\/div>\n<\/div>\n\n\n\n<div class=\"wp-block-column is-layout-flow wp-block-column-is-layout-flow\" style=\"flex-basis:33.34%\">\n<div class=\"wp-block-buttons is-content-justification-center is-layout-flex wp-container-core-buttons-is-layout-a89b3969 wp-block-buttons-is-layout-flex\">\n<div class=\"wp-block-button btn-devis-source\"><a class=\"wp-block-button__link wp-element-button\" href=\"https:\/\/obera.fr\/sk\/devis\/\">Po\u017eiada\u0165 o cenov\u00fa ponuku<\/a><\/div>\n<\/div>\n\n\n<script>\r\ndocument.addEventListener('DOMContentLoaded', function() {\r\n    \/\/ 1. On cherche le titre H1 de la page\r\n    var h1 = document.querySelector('h1');\r\n    var productTitle = h1 ? h1.innerText.trim() : \"\";\r\n\r\n    \/\/ 2. On cherche les boutons via la classe CSS .btn-devis-source\r\n    var buttons = document.querySelectorAll('.btn-devis-source a');\r\n\r\n    \/\/ 3. Si on a le titre et les boutons, on ajoute le param\u00e8tre\r\n    if (buttons.length > 0 && productTitle !== \"\") {\r\n        var encodedTitle = encodeURIComponent(productTitle);\r\n\r\n        buttons.forEach(function(btn) {\r\n            var currentHref = btn.getAttribute('href');\r\n            \r\n            \/\/ S\u00e9curit\u00e9 pour ne pas ajouter le param\u00e8tre 2 fois\r\n            if (currentHref.indexOf('sujet=') === -1) {\r\n                var separator = currentHref.indexOf('?') !== -1 ? '&' : '?';\r\n                var newLink = currentHref + separator + 'sujet=' + encodedTitle;\r\n                \r\n                btn.setAttribute('href', newLink);\r\n            }\r\n        });\r\n    }\r\n});\r\n<\/script><\/div>\n<\/div>\n\n\n\n<p><\/p>\n<\/div>\n<\/div>\n\n<div class=\"wp-block-columns is-layout-flex wp-container-core-columns-is-layout-28f84493 wp-block-columns-is-layout-flex\">\n<div class=\"wp-block-column is-layout-flow wp-block-column-is-layout-flow\">\n<h2 class=\"wp-block-heading has-text-align-center\"><strong>V\u00fdhody<\/strong><\/h2>\n\n\n\n<ul class=\"wp-block-list\">\n<li>Ventil\u00e1tor s ve\u013emi vysokou \u00fa\u010dinnos\u0165ou<\/li>\n\n\n\n<li>Tlmi\u010d hluku<\/li>\n\n\n\n<li>Mobiln\u00fd, \u013eahk\u00fd, \u013eahko ovl\u00e1date\u013en\u00fd<\/li>\n\n\n\n<li>Mal\u00e1 plocha<\/li>\n\n\n\n<li>Jednoduch\u00e1 \u00fadr\u017eba filtra<\/li>\n\n\n\n<li>Prietok nastavite\u013en\u00fd od 0 do 100 %.<\/li>\n\n\n\n<li>Syst\u00e9m Plug &amp; Play<\/li>\n<\/ul>\n\n\n\n<p><\/p>\n<\/div>\n\n\n\n<div class=\"wp-block-column is-layout-flow wp-block-column-is-layout-flow\">\n<h2 class=\"wp-block-heading has-text-align-center\"><strong>\u0160peci\u00e1lne funkcie<\/strong><\/h2>\n\n\n\n<ul class=\"wp-block-list\">\n<li>Jednoduch\u00e1 v\u00fdmena filtra\u010dn\u00fdch m\u00e9di\u00ed<\/li>\n\n\n\n<li>Mo\u017enos\u0165 aktualiz\u00e1cie a konfigur\u00e1cie<\/li>\n\n\n\n<li>Atex 2 plyn \/ Atex 22 prach<\/li>\n\n\n\n<li>Vysok\u00e1 adsorp\u010dn\u00e1 kapacita<\/li>\n\n\n\n<li>Hodinomer<\/li>\n\n\n\n<li>Indik\u00e1tor zanesenia filtra<\/li>\n\n\n\n<li>220V<\/li>\n<\/ul>\n\n\n\n<p><\/p>\n<\/div>\n\n\n\n<div class=\"wp-block-column is-layout-flow wp-block-column-is-layout-flow\">\n<h2 class=\"wp-block-heading has-text-align-center\"><strong>Funkcie<\/strong><\/h2>\n\n\n\n<ul class=\"wp-block-list\">\n<li>Maxim\u00e1lny prietok 1200 m3\/h<\/li>\n\n\n\n<li>priemer vstupn\u00e9ho otvoru 140 mm<\/li>\n\n\n\n<li>Maxim\u00e1lny podtlak 1350 Pa<\/li>\n\n\n\n<li>Menovit\u00fd v\u00fdkon 0,75 kW<\/li>\n\n\n\n<li>15 kg filter s akt\u00edvnym uhl\u00edm<\/li>\n\n\n\n<li>Rozmery: 700 x 710 x 1060 mm<\/li>\n\n\n\n<li>Hmotnos\u0165 90 kg<\/li>\n\n\n\n<li>Hladina hluku 68 db<\/li>\n<\/ul>\n\n\n\n<figure class=\"wp-block-image aligncenter size-large is-resized\"><img decoding=\"async\" width=\"1024\" height=\"549\" src=\"https:\/\/obera.fr\/wp-content\/uploads\/2025\/03\/charbon-actif-mix-1024x549.jpg\" alt=\"zmes akt&#xED;vneho uhlia\" class=\"wp-image-76515\" style=\"width:207px;height:auto\" srcset=\"https:\/\/obera.fr\/wp-content\/uploads\/2025\/03\/charbon-actif-mix-1024x549.jpg 1024w, https:\/\/obera.fr\/wp-content\/uploads\/2025\/03\/charbon-actif-mix-300x161.jpg 300w, https:\/\/obera.fr\/wp-content\/uploads\/2025\/03\/charbon-actif-mix-768x412.jpg 768w, https:\/\/obera.fr\/wp-content\/uploads\/2025\/03\/charbon-actif-mix.jpg 1200w\" sizes=\"(max-width: 1024px) 100vw, 1024px\" \/><\/figure>\n<\/div>\n<\/div>\n\n<div class=\"wp-block-columns is-layout-flex wp-container-core-columns-is-layout-28f84493 wp-block-columns-is-layout-flex\">\n<div class=\"wp-block-column is-layout-flow wp-block-column-is-layout-flow\" style=\"flex-basis:25%\"><\/div>\n\n\n\n<div class=\"wp-block-column is-layout-flow wp-block-column-is-layout-flow\" style=\"flex-basis:50%\">\n<figure class=\"wp-block-embed is-type-video is-provider-youtube wp-block-embed-youtube wp-embed-aspect-16-9 wp-has-aspect-ratio\"><div class=\"wp-block-embed__wrapper\">\n<iframe title=\"Caisson mobile d&#039;aspiration - ePURbox Atex - OberA\" width=\"1200\" height=\"675\" src=\"https:\/\/www.youtube.com\/embed\/vpDttbOwJGQ?feature=oembed\" frameborder=\"0\" allow=\"accelerometer; autoplay; clipboard-write; encrypted-media; gyroscope; picture-in-picture; web-share\" referrerpolicy=\"strict-origin-when-cross-origin\" allowfullscreen><\/iframe>\n<\/div><\/figure>\n\n\n\n<p><\/p>\n<\/div>\n<\/div>\n\n<h2 class=\"wp-block-heading\">V ktor\u00fdch priemyseln\u00fdch odvetviach sa pou\u017e\u00edva?<\/h2>\n\n<div class=\"wp-block-columns is-layout-flex wp-container-core-columns-is-layout-28f84493 wp-block-columns-is-layout-flex\">\n<div class=\"wp-block-column is-layout-flow wp-block-column-is-layout-flow\">\n<h3 class=\"wp-block-heading has-text-align-center\">Zne\u010dis\u0165uj\u00face l\u00e1tky<\/h3>\n\n\n\n<hr class=\"wp-block-separator has-css-opacity is-style-wide\"\/>\n\n\n\n<div class=\"wp-block-columns is-layout-flex wp-container-core-columns-is-layout-28f84493 wp-block-columns-is-layout-flex\">\n<div class=\"wp-block-column is-layout-flow wp-block-column-is-layout-flow\">\n<figure class=\"wp-block-image aligncenter size-large\"><img decoding=\"async\" width=\"70\" height=\"70\" src=\"https:\/\/obera.fr\/wp-content\/uploads\/2020\/08\/industrie-fumees.jpg\" alt=\"Priemyseln&#xFD; dym\" class=\"wp-image-722\"\/><figcaption class=\"wp-element-caption\">V\u00fdpary<\/figcaption><\/figure>\n<\/div>\n\n\n\n<div class=\"wp-block-column is-layout-flow wp-block-column-is-layout-flow\"><\/div>\n<\/div>\n\n\n\n<p><\/p>\n<\/div>\n\n\n\n<div class=\"wp-block-column is-layout-flow wp-block-column-is-layout-flow\">\n<h3 class=\"wp-block-heading has-text-align-center\">Odvetvia<\/h3>\n\n\n\n<hr class=\"wp-block-separator has-css-opacity is-style-wide\"\/>\n\n\n\n<div class=\"wp-block-columns is-layout-flex wp-container-core-columns-is-layout-28f84493 wp-block-columns-is-layout-flex\">\n<div class=\"wp-block-column is-layout-flow wp-block-column-is-layout-flow\">\n<figure class=\"wp-block-image aligncenter size-large\"><img decoding=\"async\" width=\"70\" height=\"70\" src=\"https:\/\/obera.fr\/wp-content\/uploads\/2020\/08\/industrie-metallurgie.jpg\" alt=\"Hutn&#xED;cky priemysel\" class=\"wp-image-673\"\/><figcaption class=\"wp-element-caption\">Hutn\u00edctvo<\/figcaption><\/figure>\n<\/div>\n\n\n\n<div class=\"wp-block-column is-layout-flow wp-block-column-is-layout-flow\"><\/div>\n<\/div>\n<\/div>\n<\/div>\n\n<div class=\"wp-block-buttons is-horizontal is-content-justification-center is-layout-flex wp-container-core-buttons-is-layout-03627597 wp-block-buttons-is-layout-flex\">\n<div class=\"wp-block-button has-custom-width wp-block-button__width-100\"><a class=\"wp-block-button__link wp-element-button\" href=\"https:\/\/obera.fr\/sk\/kontaktujte-nas\/\">Ve\u010d o tem<\/a><\/div>\n<\/div>\n\n<h2 class=\"wp-block-heading\">Technick\u00e9 \u0161pecifik\u00e1cie<\/h2>\n\n<figure class=\"wp-block-table\"><table class=\"has-fixed-layout\"><thead><tr><th>Zariadenie<\/th><th><\/th><th>ePURBOX<\/th><\/tr><\/thead><tbody><tr><td>Prietok<\/td><td>m3\/h<\/td><td>1 200<\/td><\/tr><tr><td>Priemer vstupn\u00e9ho otvoru<\/td><td>mm<\/td><td>140<\/td><\/tr><tr><td>Maxim\u00e1lny podtlak<\/td><td>Pa<\/td><td>1 350<\/td><\/tr><tr><td>Nap\u00e1jacie nap\u00e4tie<\/td><td>V<\/td><td>230<\/td><\/tr><tr><td>Nap\u00e1janie<\/td><td>kW<\/td><td>0.75<\/td><\/tr><tr><td>Rozmery<\/td><td>l\/L\/h (mm)<\/td><td>700 x 710 x 1060 mm<\/td><\/tr><tr><td>Hmotnos\u0165<\/td><td>kg<\/td><td>90<\/td><\/tr><tr><td>Hladina hluku<\/td><td>dB(A)<\/td><td>68<\/td><\/tr><\/tbody><\/table><\/figure>\n\n<div class=\"wp-block-buttons is-content-justification-center is-layout-flex wp-container-core-buttons-is-layout-a89b3969 wp-block-buttons-is-layout-flex\">\n<div class=\"wp-block-button is-style-fill\"><a class=\"wp-block-button__link wp-element-button\" href=\"https:\/\/obera.fr\/wp-content\/uploads\/2025\/04\/brochure-epurbox-atex-brs-fr.pdf\">Stiahnite si produktov\u00fd list<\/a><\/div>\n<\/div>\n\n<hr class=\"wp-block-separator has-css-opacity is-style-dots\"\/>\n","protected":false},"excerpt":{"rendered":"<p>V\u00fdhody \u0160peci\u00e1lne funkcie Funkcie V ktor\u00fdch priemyseln\u00fdch odvetviach sa pou\u017e\u00edva? Zne\u010dis\u0165uj\u00face l\u00e1tky Odvetvia Technick\u00e9 \u0161pecifik\u00e1cie Zariadenie ePURBOX Prietok m3\/h 1 200 Priemer vstupn\u00e9ho otvoru mm 140 Maxim\u00e1lny podtlak Pa 1 350 Nap\u00e1jacie nap\u00e4tie V 230 Nap\u00e1janie kW 0.75 Rozmery l\/L\/h (mm) 700 x 710 x 1060 mm Hmotnos\u0165 kg 90 Hladina hluku dB(A) 68<\/p>\n","protected":false},"author":4,"featured_media":83749,"parent":39642,"menu_order":0,"comment_status":"closed","ping_status":"closed","template":"","meta":{"_acf_changed":false,"_seopress_robots_primary_cat":"","_seopress_titles_title":"Caisson mobile d'aspiration ePURBOX BRS - oberA","_seopress_titles_desc":"Un caisson mobile d\u2019aspiration, aussi appel\u00e9 caisson mobile de filtration ou unit\u00e9 mobile d\u2019aspiration ou encore unit\u00e9 mobile de filtration, est g\u00e9n\u00e9ralement un petit appareil mobile permettant d\u2019aspirer les polluants \u00e0 la source et de les filtrer.","_seopress_robots_index":"","footnotes":""},"class_list":{"0":"post-41898","1":"page","2":"type-page","3":"status-publish","4":"has-post-thumbnail","6":"no-featured-image-padding","7":"resize-featured-image"},"acf":[],"_links":{"self":[{"href":"https:\/\/obera.fr\/sk\/wp-json\/wp\/v2\/pages\/41898","targetHints":{"allow":["GET"]}}],"collection":[{"href":"https:\/\/obera.fr\/sk\/wp-json\/wp\/v2\/pages"}],"about":[{"href":"https:\/\/obera.fr\/sk\/wp-json\/wp\/v2\/types\/page"}],"author":[{"embeddable":true,"href":"https:\/\/obera.fr\/sk\/wp-json\/wp\/v2\/users\/4"}],"replies":[{"embeddable":true,"href":"https:\/\/obera.fr\/sk\/wp-json\/wp\/v2\/comments?post=41898"}],"version-history":[{"count":20,"href":"https:\/\/obera.fr\/sk\/wp-json\/wp\/v2\/pages\/41898\/revisions"}],"predecessor-version":[{"id":116619,"href":"https:\/\/obera.fr\/sk\/wp-json\/wp\/v2\/pages\/41898\/revisions\/116619"}],"up":[{"embeddable":true,"href":"https:\/\/obera.fr\/sk\/wp-json\/wp\/v2\/pages\/39642"}],"wp:featuredmedia":[{"embeddable":true,"href":"https:\/\/obera.fr\/sk\/wp-json\/wp\/v2\/media\/83749"}],"wp:attachment":[{"href":"https:\/\/obera.fr\/sk\/wp-json\/wp\/v2\/media?parent=41898"}],"curies":[{"name":"wp","href":"https:\/\/api.w.org\/{rel}","templated":true}]}}