{"id":42485,"date":"2020-08-26T16:20:46","date_gmt":"2020-08-26T14:20:46","guid":{"rendered":"https:\/\/obera.fr\/historia-spolocnosti-obera\/"},"modified":"2025-05-15T10:19:13","modified_gmt":"2025-05-15T08:19:13","slug":"histoire","status":"publish","type":"page","link":"https:\/\/obera.fr\/sk\/decouvrir\/histoire\/","title":{"rendered":"Hist\u00f3ria spolo\u010dnosti OberA"},"content":{"rendered":"\n<h2 class=\"wp-block-heading\">V\u00e1\u0161 partner pre zdrav\u00fd vzduch na pracovisku!<\/h2>\n\n<p><\/p>\n\n<figure class=\"wp-block-image alignright size-medium is-resized\"><img decoding=\"async\" width=\"300\" height=\"85\" src=\"https:\/\/obera.fr\/wp-content\/uploads\/2025\/05\/obera-logo-fr-rvb-v2-300x85.png\" alt=\"logo obera en rvb v2\" class=\"wp-image-100991\" srcset=\"https:\/\/obera.fr\/wp-content\/uploads\/2025\/05\/obera-logo-fr-rvb-v2-300x85.png 300w, https:\/\/obera.fr\/wp-content\/uploads\/2025\/05\/obera-logo-fr-rvb-v2-1024x291.png 1024w, https:\/\/obera.fr\/wp-content\/uploads\/2025\/05\/obera-logo-fr-rvb-v2-768x218.png 768w, https:\/\/obera.fr\/wp-content\/uploads\/2025\/05\/obera-logo-fr-rvb-v2-1536x437.png 1536w, https:\/\/obera.fr\/wp-content\/uploads\/2025\/05\/obera-logo-fr-rvb-v2.png 1995w\" sizes=\"(max-width: 300px) 100vw, 300px\" \/><\/figure>\n\n<p>Zne\u010distenie ovzdu\u0161ia vo Franc\u00fazsku je pr\u00ed\u010dinou takmer 50 000 \u00famrt\u00ed ro\u010dne. Zatia\u013e \u010do probl\u00e9my spojen\u00e9 s kvalitou ovzdu\u0161ia v mestskom prostred\u00ed s\u00fa dobre zn\u00e1me, na pracovisk\u00e1ch s\u00fa st\u00e1le zna\u010dne podce\u0148ovan\u00e9. Napriek tomu m\u00f4\u017ee by\u0165 vzduch vo vn\u00fatorn\u00fdch priestoroch podnikov <strong>10 a\u017e 50-kr\u00e1t viac zne\u010disten\u00fd<\/strong> ako vonkaj\u0161\u00ed vzduch.  <\/p>\n\n<p><\/p>\n\n<p>Existuje mnoho zdrojov zne\u010distenia:<\/p>\n\n<ul class=\"wp-block-list\">\n<li><strong>Emisie spojen\u00e9 s priemyseln\u00fdmi procesmi<\/strong> (v\u00fdpary, dymy, olejov\u00e9 hmly),<\/li>\n\n\n\n<li><strong>Manipul\u00e1cia so<\/strong> surovinami <strong>a<\/strong> ich <strong>preprava<\/strong>,<\/li>\n\n\n\n<li><strong>Produkty pou\u017e\u00edvan\u00e9 vo v\u00fdrobe<\/strong> (VOC, z\u00e1pachy, prach, v\u00edrusy at\u010f.).<\/li>\n<\/ul>\n\n<p><\/p>\n\n<p>Tieto zne\u010dis\u0165uj\u00face l\u00e1tky, \u010di u\u017e plynn\u00e9 alebo tuh\u00e9, maj\u00fa priamy vplyv na zdravie zamestnancov, ale aj na v\u00fdkonnos\u0165 priemyslu: zv\u00fd\u0161en\u00fd odpad, s\u0165a\u017enosti z\u00e1kazn\u00edkov, ni\u017e\u0161ia produktivita a vy\u0161\u0161ie n\u00e1klady na \u00fadr\u017ebu.<\/p>\n\n<p><\/p>\n\n<h3 class=\"wp-block-heading\">Inovat\u00edvna reakcia na kontrastn\u00e9 limity<\/h3>\n\n<p>Vystavenie zne\u010dis\u0165uj\u00facim l\u00e1tkam vedie k <strong>zdravotn\u00fdm probl\u00e9mom<\/strong> a m\u00f4\u017ee sp\u00f4sobi\u0165 ochorenie exponovan\u00fdch zamestnancov. Okrem toho m\u00e1 zl\u00e1 kvalita ovzdu\u0161ia vplyv na <strong>mieru zmetkovitosti<\/strong>, <strong>s\u0165a\u017enosti z\u00e1kazn\u00edkov<\/strong>, <strong>produktivitu<\/strong> a frekvenciu <strong>\u00fadr\u017eby<\/strong> v\u00fdrobn\u00fdch zariaden\u00ed. <\/p>\n\n<p>Pri rie\u0161en\u00ed probl\u00e9mu t\u00fdchto zne\u010dis\u0165uj\u00facich l\u00e1tok sa zvy\u010dajne zameriavame na zachyt\u00e1vanie, odstra\u0148ovanie prachu a filtra\u010dn\u00e9 rie\u0161enia, a to opr\u00e1vnene. Tieto rie\u0161enia v\u0161ak m\u00e1lokedy sta\u010dia na \u00fapln\u00e9 vyrie\u0161enie probl\u00e9mov s kvalitou ovzdu\u0161ia, najm\u00e4 ak je zne\u010distenie rozpt\u00fdlen\u00e9. Navy\u0161e v\u00fdrobcovia zariaden\u00ed na odstra\u0148ovanie a filtr\u00e1ciu prachu sa len zriedka zav\u00e4zuj\u00fa dodr\u017eiava\u0165 zvy\u0161kov\u00e9 \u00farovne zne\u010distenia okolia alebo <strong>s\u00falad s predpismi VLEP<\/strong>.  <\/p>\n\n<p><a href=\"https:\/\/obera.fr\/sk\/decouvrir\/\" data-type=\"page\" data-id=\"731\">Spolo\u010dnos\u0165 OberA<\/a> prin\u00e1\u0161a <strong>inovat\u00edvny a jedine\u010dn\u00fd pr\u00edstup, ktor\u00fd <\/strong>v\u00e1m<strong> zaru\u010d\u00ed zdrav\u00fd vzduch. <\/strong>Tento pr\u00edstup je v\u00fdsledkom viac ako 20 rokov sk\u00fasenost\u00ed v oblasti odstra\u0148ovania prachu, filtr\u00e1cie a \u00fapravy vzduchu.  <\/p>\n\n<p><\/p>\n\n<div class=\"wp-block-buttons is-content-justification-center is-layout-flex wp-container-core-buttons-is-layout-a89b3969 wp-block-buttons-is-layout-flex\">\n<div class=\"wp-block-button\"><a class=\"wp-block-button__link wp-element-button\" href=\"https:\/\/obera.fr\/sk\/produits\/\">Objavte n\u00e1\u0161 sortiment rie\u0161en\u00ed na zabezpe\u010denie kvality v\u00e1\u0161ho vzduchu<\/a><\/div>\n<\/div>\n\n<p><\/p>\n\n<h3 class=\"wp-block-heading\">OberA, nov\u00e1 v\u00edzia \u00fapravy vzduchu<\/h3>\n\n<p>S viac ako 20-ro\u010dn\u00fdmi sk\u00fasenos\u0165ami v oblasti odstra\u0148ovania prachu, filtr\u00e1cie a \u010distenia vzduchu <strong>pon\u00faka spolo\u010dnos\u0165 OberA glob\u00e1lny, inovat\u00edvny a na v\u00fdsledky orientovan\u00fd pr\u00edstup<\/strong> zalo\u017een\u00fd na \u0161tyroch k\u013e\u00fa\u010dov\u00fdch etap\u00e1ch:<\/p>\n\n<ol class=\"wp-block-list\">\n<li><strong>Presn\u00e1 diagnostika<\/strong>: identifik\u00e1cia zdrojov zne\u010distenia a meranie koncentr\u00e1cie a ve\u013ekosti \u010dast\u00edc.<\/li>\n\n\n\n<li><strong>F\u00e1za nez\u00e1v\u00e4zn\u00e9ho testovania<\/strong>: in\u0161tal\u00e1cia testovacieho alebo prenajat\u00e9ho zariadenia na overenie technick\u00e9ho v\u00fdkonu a zaru\u010denie v\u00fdsledkov.<\/li>\n\n\n\n<li><strong>Nasadenie vhodn\u00e9ho rie\u0161enia<\/strong>: zachyt\u00e1vanie pri zdroji, \u00faprava okolit\u00e9ho vzduchu (\u010distenie), jemn\u00e1 filtr\u00e1cia.<\/li>\n\n\n\n<li><strong>Monitorovanie v re\u00e1lnom \u010dase<\/strong>: nepretr\u017eit\u00e9 monitorovanie kvality ovzdu\u0161ia a prepojen\u00e1 \u00fadr\u017eba (Priemysel 4.0).<\/li>\n<\/ol>\n\n<blockquote class=\"wp-block-quote is-layout-flow wp-block-quote-is-layout-flow\">\n<p><strong>Povolen\u00e9 obchodovanie s vyu\u017eit\u00edm d\u00f4vern\u00fdch inform\u00e1ci\u00ed!<\/strong><\/p>\n<\/blockquote>\n\n<p><a href=\"https:\/\/obera.fr\/sk\/decouvrir\/nasi-zakaznici\/\" data-type=\"page\" data-id=\"743\">Z\u00e1kazn\u00edci spolo\u010dnosti OberA<\/a> tak investuj\u00fa do zariaden\u00ed, ktor\u00e9 im zaru\u010duj\u00fa lep\u0161iu \u00farove\u0148 kvality ovzdu\u0161ia a z\u00e1rove\u0148 maj\u00fa \u00fapln\u00fa informovanos\u0165 o v\u00fdsledkoch, investi\u010dn\u00fdch a prev\u00e1dzkov\u00fdch n\u00e1kladoch.<\/p>\n\n<p><\/p>\n\n<div class=\"wp-block-buttons is-horizontal is-content-justification-center is-layout-flex wp-container-core-buttons-is-layout-03627597 wp-block-buttons-is-layout-flex\">\n<div class=\"wp-block-button\"><a class=\"wp-block-button__link wp-element-button\" href=\"https:\/\/obera.fr\/sk\/produits\/\">Objavte n\u00e1\u0161 kompletn\u00fd sortiment<\/a><\/div>\n<\/div>\n\n<div style=\"height:35px\" aria-hidden=\"true\" class=\"wp-block-spacer\"><\/div>\n\n<div class=\"wp-block-columns is-layout-flex wp-container-core-columns-is-layout-28f84493 wp-block-columns-is-layout-flex\">\n<div class=\"wp-block-column is-layout-flow wp-block-column-is-layout-flow\"><\/div>\n\n\n\n<div class=\"wp-block-column is-layout-flow wp-block-column-is-layout-flow\">\n<figure class=\"wp-block-video\"><video height=\"1080\" style=\"aspect-ratio: 1920 \/ 1080;\" width=\"1920\" autoplay=\"\" controls=\"\" loop=\"\" muted=\"\" poster=\"https:\/\/obera.fr\/wp-content\/uploads\/2025\/05\/capture-decran-2025-05-14-100342.png\" src=\"https:\/\/obera.fr\/wp-content\/uploads\/2025\/05\/made_in_france_obera_fr.mp4\"><\/video><\/figure>\n<\/div>\n\n\n\n<div class=\"wp-block-column is-layout-flow wp-block-column-is-layout-flow\"><\/div>\n<\/div>\n\n<p><\/p>\n\n<h3 class=\"wp-block-heading\">Investovanie s istotou<\/h3>\n\n<p>So spolo\u010dnos\u0165ou OberA m\u00f4\u017eete vyu\u017e\u00edva\u0165 osved\u010den\u00e9 rie\u0161enia, ktor\u00e9 zaru\u010duj\u00fa merate\u013en\u00e9 zlep\u0161enie kvality ovzdu\u0161ia <strong>s \u00faplnou transparentnos\u0165ou v\u00fdsledkov, invest\u00edci\u00ed a prev\u00e1dzkov\u00fdch n\u00e1kladov<\/strong>.<\/p>\n\n<blockquote class=\"wp-block-quote is-layout-flow wp-block-quote-is-layout-flow\">\n<p>Preto\u017ee zdrav\u00fd vzduch nie je mo\u017enos\u0165, ale po\u017eiadavka.<\/p>\n\n\n\n<p><\/p>\n<\/blockquote>\n","protected":false},"excerpt":{"rendered":"<p>V\u00e1\u0161 partner pre zdrav\u00fd vzduch na pracovisku! Zne\u010distenie ovzdu\u0161ia vo Franc\u00fazsku je pr\u00ed\u010dinou takmer 50 000 \u00famrt\u00ed ro\u010dne. Zatia\u013e \u010do probl\u00e9my spojen\u00e9 s kvalitou ovzdu\u0161ia v mestskom prostred\u00ed s\u00fa dobre zn\u00e1me, na pracovisk\u00e1ch s\u00fa st\u00e1le zna\u010dne podce\u0148ovan\u00e9. Napriek tomu m\u00f4\u017ee by\u0165 vzduch vo vn\u00fatorn\u00fdch priestoroch podnikov 10 a\u017e 50-kr\u00e1t viac zne\u010disten\u00fd ako vonkaj\u0161\u00ed vzduch. Existuje mnoho zdrojov zne\u010distenia: Tieto zne\u010dis\u0165uj\u00face l\u00e1tky, \u010di u\u017e plynn\u00e9 alebo tuh\u00e9, maj\u00fa priamy vplyv na zdravie zamestnancov, ale aj na v\u00fdkonnos\u0165 priemyslu: zv\u00fd\u0161en\u00fd odpad, s\u0165a\u017enosti z\u00e1kazn\u00edkov, ni\u017e\u0161ia produktivita a vy\u0161\u0161ie n\u00e1klady na \u00fadr\u017ebu. Inovat\u00edvna reakcia na kontrastn\u00e9 limity Vystavenie zne\u010dis\u0165uj\u00facim l\u00e1tkam vedie k zdravotn\u00fdm probl\u00e9mom &#8230; <\/p>\n<p class=\"read-more-container\"><a title=\"Hist\u00f3ria spolo\u010dnosti OberA\" class=\"read-more button\" href=\"https:\/\/obera.fr\/sk\/decouvrir\/histoire\/#more-42485\" aria-label=\"Pre\u010d\u00edtajte si viac o Hist\u00f3ria spolo\u010dnosti OberA\">Lire la suite<\/a><\/p>\n","protected":false},"author":4,"featured_media":84822,"parent":42558,"menu_order":0,"comment_status":"closed","ping_status":"closed","template":"","meta":{"_acf_changed":false,"_seopress_robots_primary_cat":"","_seopress_titles_title":"Objavte hist\u00f3riu spolo\u010dnosti oberA za viac ako 20 rokov","_seopress_titles_desc":"Viac ako 20 rokov sk\u00fasenost\u00ed v oblasti odstra\u0148ovania prachu, filtr\u00e1cie a \u00fapravy vzduchu. OBERA pon\u00faka inovat\u00edvny a jedine\u010dn\u00fd pr\u00edstup.","_seopress_robots_index":"","footnotes":""},"class_list":{"0":"post-42485","1":"page","2":"type-page","3":"status-publish","4":"has-post-thumbnail","6":"no-featured-image-padding","7":"resize-featured-image"},"acf":[],"_links":{"self":[{"href":"https:\/\/obera.fr\/sk\/wp-json\/wp\/v2\/pages\/42485","targetHints":{"allow":["GET"]}}],"collection":[{"href":"https:\/\/obera.fr\/sk\/wp-json\/wp\/v2\/pages"}],"about":[{"href":"https:\/\/obera.fr\/sk\/wp-json\/wp\/v2\/types\/page"}],"author":[{"embeddable":true,"href":"https:\/\/obera.fr\/sk\/wp-json\/wp\/v2\/users\/4"}],"replies":[{"embeddable":true,"href":"https:\/\/obera.fr\/sk\/wp-json\/wp\/v2\/comments?post=42485"}],"version-history":[{"count":4,"href":"https:\/\/obera.fr\/sk\/wp-json\/wp\/v2\/pages\/42485\/revisions"}],"predecessor-version":[{"id":101294,"href":"https:\/\/obera.fr\/sk\/wp-json\/wp\/v2\/pages\/42485\/revisions\/101294"}],"up":[{"embeddable":true,"href":"https:\/\/obera.fr\/sk\/wp-json\/wp\/v2\/pages\/42558"}],"wp:featuredmedia":[{"embeddable":true,"href":"https:\/\/obera.fr\/sk\/wp-json\/wp\/v2\/media\/84822"}],"wp:attachment":[{"href":"https:\/\/obera.fr\/sk\/wp-json\/wp\/v2\/media?parent=42485"}],"curies":[{"name":"wp","href":"https:\/\/api.w.org\/{rel}","templated":true}]}}