{"id":42905,"date":"2024-05-07T09:40:58","date_gmt":"2024-05-07T07:40:58","guid":{"rendered":"https:\/\/obera.fr\/nase-produkty\/mobilne-odsavacie-jednotky\/mobilny-stol-epurbox-tsp\/"},"modified":"2025-06-30T14:00:21","modified_gmt":"2025-06-30T12:00:21","slug":"epurbox-tsp","status":"publish","type":"page","link":"https:\/\/obera.fr\/sk\/produits\/caissons-mobiles-aspiration\/epurbox-tsp\/","title":{"rendered":"EpurBox TSP"},"content":{"rendered":"\n<div class=\"wp-block-columns is-layout-flex wp-container-core-columns-is-layout-28f84493 wp-block-columns-is-layout-flex\">\n<div class=\"wp-block-column is-vertically-aligned-top is-layout-flow wp-block-column-is-layout-flow\" style=\"flex-basis:33.33%\">\n<figure class=\"wp-block-image aligncenter size-full is-resized\"><img decoding=\"async\" width=\"1200\" height=\"1200\" src=\"https:\/\/obera.fr\/wp-content\/uploads\/2024\/05\/epurbox-tsp.png\" alt=\"epurbox tsp ods&#xE1;vac&#xED; st&#xF4;l\" class=\"wp-image-30348\" style=\"width:296px;height:346px\" srcset=\"https:\/\/obera.fr\/wp-content\/uploads\/2024\/05\/epurbox-tsp.png 1200w, https:\/\/obera.fr\/wp-content\/uploads\/2024\/05\/epurbox-tsp-300x300.png 300w, https:\/\/obera.fr\/wp-content\/uploads\/2024\/05\/epurbox-tsp-1024x1024.png 1024w, https:\/\/obera.fr\/wp-content\/uploads\/2024\/05\/epurbox-tsp-150x150.png 150w, https:\/\/obera.fr\/wp-content\/uploads\/2024\/05\/epurbox-tsp-768x768.png 768w\" sizes=\"(max-width: 1200px) 100vw, 1200px\" \/><figcaption class=\"wp-element-caption\">ePURbox TSP<\/figcaption><\/figure>\n<\/div>\n\n\n\n<div class=\"wp-block-column is-layout-flow wp-block-column-is-layout-flow\" style=\"flex-basis:66.66%\">\n<p><strong>Ods\u00e1vac\u00ed st\u00f4l ePURBOX<\/strong> je priamo integrovan\u00fd do pr\u00edstroja ePURBOX. M\u00e1 vlastn\u00fd filtra\u010dn\u00fd syst\u00e9m a vlastn\u00fd ventil\u00e1tor na \u00fapravu pachov a prchav\u00fdch organick\u00fdch l\u00e1tok. Obklad zadnej steny zabezpe\u010duje vysoko \u00fa\u010dinn\u00e9 ods\u00e1vanie a zachyt\u00e1vanie \u0161kodliv\u00edn po celej ploche ods\u00e1vacieho stola.  <\/p>\n\n\n\n<p>Hrub\u00e9 \u010dastice sa filtruj\u00fa pred filtrom pomocou integrovan\u00e9ho predfiltra (G4), aby sa pred\u013a\u017eila \u017eivotnos\u0165 kaziet s akt\u00edvnym uhl\u00edm.<\/p>\n\n\n\n<p>Oblo\u017eenie bo\u010dn\u00fdch stien zabezpe\u010duje ve\u013emi vysok\u00fa \u00farove\u0148 zachyt\u00e1vania pachov na povrchu stola. Nakoniec sa procesn\u00fd vzduch filtruje akt\u00edvnym uhl\u00edm (typ A) a m\u00f4\u017ee sa znovu zavies\u0165 do pracovn\u00e9ho priestoru. <\/p>\n\n\n\n<hr class=\"wp-block-separator has-css-opacity is-style-dots\"\/>\n\n\n\n<div class=\"wp-block-columns is-layout-flex wp-container-core-columns-is-layout-28f84493 wp-block-columns-is-layout-flex\">\n<div class=\"wp-block-column is-layout-flow wp-block-column-is-layout-flow\" style=\"flex-basis:33.33%\">\n<div class=\"wp-block-buttons is-layout-flex wp-block-buttons-is-layout-flex\">\n<div class=\"wp-block-button\"><a class=\"wp-block-button__link wp-element-button\" href=\"https:\/\/obera.fr\/wp-content\/uploads\/2025\/04\/brochure-epurbox-tsp-atex-fr.pdf\">STIAHNU\u0164 BRO\u017d\u00daRU<\/a><\/div>\n<\/div>\n<\/div>\n\n\n\n<div class=\"wp-block-column is-layout-flow wp-block-column-is-layout-flow\" style=\"flex-basis:33.34%\">\n<div class=\"wp-block-buttons is-horizontal is-content-justification-center is-layout-flex wp-container-core-buttons-is-layout-03627597 wp-block-buttons-is-layout-flex\">\n<div class=\"wp-block-button has-custom-width wp-block-button__width-100\"><a class=\"wp-block-button__link wp-element-button\" href=\"https:\/\/obera.fr\/sk\/kontaktujte-nas\/\">Ve\u010d o tem<\/a><\/div>\n<\/div>\n<\/div>\n\n\n\n<div class=\"wp-block-column is-layout-flow wp-block-column-is-layout-flow\" style=\"flex-basis:33.34%\">\n<div class=\"wp-block-buttons is-content-justification-center is-layout-flex wp-container-core-buttons-is-layout-a89b3969 wp-block-buttons-is-layout-flex\">\n<div class=\"wp-block-button btn-devis-source\"><a class=\"wp-block-button__link wp-element-button\" href=\"https:\/\/obera.fr\/sk\/devis\/\">Po\u017eiada\u0165 o cenov\u00fa ponuku<\/a><\/div>\n<\/div>\n\n\n<script>\r\ndocument.addEventListener('DOMContentLoaded', function() {\r\n    \/\/ 1. On cherche le titre H1 de la page\r\n    var h1 = document.querySelector('h1');\r\n    var productTitle = h1 ? h1.innerText.trim() : \"\";\r\n\r\n    \/\/ 2. On cherche les boutons via la classe CSS .btn-devis-source\r\n    var buttons = document.querySelectorAll('.btn-devis-source a');\r\n\r\n    \/\/ 3. Si on a le titre et les boutons, on ajoute le param\u00e8tre\r\n    if (buttons.length > 0 && productTitle !== \"\") {\r\n        var encodedTitle = encodeURIComponent(productTitle);\r\n\r\n        buttons.forEach(function(btn) {\r\n            var currentHref = btn.getAttribute('href');\r\n            \r\n            \/\/ S\u00e9curit\u00e9 pour ne pas ajouter le param\u00e8tre 2 fois\r\n            if (currentHref.indexOf('sujet=') === -1) {\r\n                var separator = currentHref.indexOf('?') !== -1 ? '&' : '?';\r\n                var newLink = currentHref + separator + 'sujet=' + encodedTitle;\r\n                \r\n                btn.setAttribute('href', newLink);\r\n            }\r\n        });\r\n    }\r\n});\r\n<\/script><\/div>\n<\/div>\n\n\n\n<div style=\"height:45px\" aria-hidden=\"true\" class=\"wp-block-spacer\"><\/div>\n<\/div>\n<\/div>\n\n<div class=\"wp-block-columns is-layout-flex wp-container-core-columns-is-layout-28f84493 wp-block-columns-is-layout-flex\">\n<div class=\"wp-block-column is-layout-flow wp-block-column-is-layout-flow\" style=\"flex-basis:33.34%\">\n<h3 class=\"wp-block-heading\">V\u00fdhody<\/h3>\n\n\n\n<ul class=\"wp-block-list\">\n<li>Ventil\u00e1tor s ve\u013emi vysokou \u00fa\u010dinnos\u0165ou<\/li>\n\n\n\n<li>Tlmi\u010d hluku<\/li>\n\n\n\n<li>Mobiln\u00fd, \u013eahk\u00fd, \u013eahko ovl\u00e1date\u013en\u00fd<\/li>\n\n\n\n<li>Mal\u00e1 plocha<\/li>\n\n\n\n<li>Jednoduch\u00e1 \u00fadr\u017eba filtra<\/li>\n\n\n\n<li>Prietok nastavite\u013en\u00fd od 0 do 100 %.<\/li>\n\n\n\n<li>Syst\u00e9m Plug &amp; Play<\/li>\n<\/ul>\n<\/div>\n\n\n\n<div class=\"wp-block-column is-layout-flow wp-block-column-is-layout-flow\" style=\"flex-basis:33.34%\">\n<h3 class=\"wp-block-heading\">\u0160peci\u00e1lne funkcie<\/h3>\n\n\n\n<ul class=\"wp-block-list\">\n<li>Jednoduch\u00e1 v\u00fdmena filtra\u010dn\u00fdch m\u00e9di\u00ed<\/li>\n\n\n\n<li>Mo\u017enos\u0165 aktualiz\u00e1cie a konfigur\u00e1cie<\/li>\n\n\n\n<li>Atex 2 plyn \/ Atex 22 prach<\/li>\n\n\n\n<li>Vysok\u00e1 adsorp\u010dn\u00e1 kapacita<\/li>\n\n\n\n<li>Hodinomer<\/li>\n\n\n\n<li>Indik\u00e1tor zanesenia filtra<\/li>\n\n\n\n<li>220V<\/li>\n<\/ul>\n<\/div>\n\n\n\n<div class=\"wp-block-column is-layout-flow wp-block-column-is-layout-flow\" style=\"flex-basis:33.33%\">\n<h3 class=\"wp-block-heading\">Funkcie<\/h3>\n\n\n\n<ul class=\"wp-block-list\">\n<li>Maxim\u00e1lny prietok 1200 m3\/h<\/li>\n\n\n\n<li>priemer vstupn\u00e9ho otvoru 140 mm<\/li>\n\n\n\n<li>Maxim\u00e1lny podtlak 1350 Pa<\/li>\n\n\n\n<li>Menovit\u00fd v\u00fdkon 0,75 kW<\/li>\n\n\n\n<li>15 kg filter s akt\u00edvnym uhl\u00edm<\/li>\n\n\n\n<li>Rozmery: 700 x 710 x 1060 mm<\/li>\n\n\n\n<li>Hmotnos\u0165 90 kg<\/li>\n\n\n\n<li>Hladina hluku 68 db<\/li>\n<\/ul>\n<\/div>\n<\/div>\n\n<h3 class=\"wp-block-heading\">V\u00fdhody<\/h3>\n\n<p>Ods\u00e1vac\u00ed st\u00f4l ePURBOX bol navrhnut\u00fd na <strong>mobiln\u00e9 pou\u017eitie a je vhodn\u00fd na nepretr\u017eit\u00fa prev\u00e1dzku<\/strong>. V\u010faka robustnej kon\u0161trukcii je ods\u00e1vac\u00ed st\u00f4l kompaktn\u00fd a \u013eahko sa s n\u00edm manipuluje. Pod ro\u0161tom sa nach\u00e1dza z\u00e1suvka na jednoduch\u00fa a \u010dist\u00fa likvid\u00e1ciu odpadu zozbieran\u00e9ho po\u010das procesu. Technol\u00f3gia EC zabezpe\u010duje<strong> tich\u00fa <\/strong>a \u00fasporn\u00fa<strong> prev\u00e1dzku <\/strong>.   <\/p>\n\n<h3 class=\"wp-block-heading\">\u0160peci\u00e1lne funkcie<\/h3>\n\n<p>Ods\u00e1vac\u00ed st\u00f4l ePURBOX m\u00e1 gomb\u00edk na plynul\u00e9 nastavenie prietoku vzduchu. Pomocou <strong>oto\u010dn\u00e9ho gomb\u00edka m\u00f4\u017eete manu\u00e1lne nastavi\u0165 prietok vzduchu <\/strong>pod\u013ea potreby. K dispoz\u00edcii je aj po\u010d\u00edtadlo prev\u00e1dzkov\u00fdch hod\u00edn, aby ste vedeli, ako dlho s\u00fa vo vn\u00fatri napr\u00edklad filtre, aby ste vedeli, kedy ich treba vymeni\u0165.  <\/p>\n\n<h3 class=\"wp-block-heading\">Funkcie<\/h3>\n\n<p>V\u010faka materi\u00e1lom pou\u017eit\u00fdm pri kon\u0161trukcii<strong> ods\u00e1vacieho stola ePURBOX<\/strong> je robustn\u00fd a \u013eahko sa s n\u00edm manipuluje. V\u010faka svojej mobilite a rozmerom je tento st\u00f4l efekt\u00edvnym pracovn\u00fdm priestorom. <\/p>\n\n<h3 class=\"wp-block-heading\">Ktor\u00e9 zne\u010dis\u0165uj\u00face l\u00e1tky mo\u017eno spracova\u0165 pomocou tabu\u013eky ePURBOX?<\/h3>\n\n<p>Ods\u00e1vac\u00ed st\u00f4l ePURBOX TSP je \u00fa\u010dinn\u00fd proti .<\/p>\n\n<ul class=\"wp-block-list\">\n<li>\u010castice vznikaj\u00face pri br\u00fasen\u00ed a br\u00fasen\u00ed.<\/li>\n\n\n\n<li>Jemn\u00fd a ve\u013emi jemn\u00fd prach ;<\/li>\n\n\n\n<li>Kovov\u00e9 v\u00fdpary ;<\/li>\n\n\n\n<li>\u0160kodliv\u00e9 plyny a v\u00fdpary ;<\/li>\n<\/ul>\n\n<p><\/p>\n\n<div class=\"wp-block-columns is-layout-flex wp-container-core-columns-is-layout-28f84493 wp-block-columns-is-layout-flex\">\n<div class=\"wp-block-column is-layout-flow wp-block-column-is-layout-flow\" style=\"flex-basis:25%\"><\/div>\n\n\n\n<div class=\"wp-block-column is-layout-flow wp-block-column-is-layout-flow\" style=\"flex-basis:50%\">\n<figure class=\"wp-block-embed is-type-video is-provider-youtube wp-block-embed-youtube wp-embed-aspect-16-9 wp-has-aspect-ratio\"><div class=\"wp-block-embed__wrapper\">\n<iframe title=\"Caisson mobile d&#039;aspiration - ePURbox Atex - OberA\" width=\"1200\" height=\"675\" src=\"https:\/\/www.youtube.com\/embed\/vpDttbOwJGQ?start=1&#038;feature=oembed\" frameborder=\"0\" allow=\"accelerometer; autoplay; clipboard-write; encrypted-media; gyroscope; picture-in-picture; web-share\" referrerpolicy=\"strict-origin-when-cross-origin\" allowfullscreen><\/iframe>\n<\/div><\/figure>\n\n\n\n<p><\/p>\n<\/div>\n\n\n\n<div class=\"wp-block-column is-layout-flow wp-block-column-is-layout-flow\" style=\"flex-basis:25%\"><\/div>\n<\/div>\n\n<h2 class=\"wp-block-heading\">Priemyseln\u00e9 aplik\u00e1cie ods\u00e1vac\u00edch stolov ATEX<\/h2>\n\n<div class=\"wp-block-columns is-layout-flex wp-container-core-columns-is-layout-28f84493 wp-block-columns-is-layout-flex\">\n<div class=\"wp-block-column is-layout-flow wp-block-column-is-layout-flow\">\n<h3 class=\"wp-block-heading has-text-align-center\">Zne\u010dis\u0165uj\u00face l\u00e1tky<\/h3>\n\n\n\n<div class=\"wp-block-columns is-layout-flex wp-container-core-columns-is-layout-28f84493 wp-block-columns-is-layout-flex\">\n<div class=\"wp-block-column is-layout-flow wp-block-column-is-layout-flow\">\n<figure class=\"wp-block-image aligncenter size-large\"><img decoding=\"async\" width=\"70\" height=\"70\" src=\"https:\/\/obera.fr\/wp-content\/uploads\/2021\/03\/industrie-fumees.jpg\" alt=\"priemyseln&#xE9; v&#xFD;pary\" class=\"wp-image-4971\"\/><figcaption class=\"wp-element-caption\">V\u00fdpary<\/figcaption><\/figure>\n\n\n\n<figure class=\"wp-block-image aligncenter size-large\"><img decoding=\"async\" width=\"70\" height=\"70\" src=\"https:\/\/obera.fr\/wp-content\/uploads\/2021\/03\/industrie-odeur-2.jpg\" alt=\"priemysel z&#xE1;pachu 2\" class=\"wp-image-4972\"\/><figcaption class=\"wp-element-caption\">Z\u00e1pachy<\/figcaption><\/figure>\n<\/div>\n\n\n\n<div class=\"wp-block-column is-layout-flow wp-block-column-is-layout-flow\">\n<figure class=\"wp-block-image aligncenter size-large\"><img decoding=\"async\" width=\"70\" height=\"70\" src=\"https:\/\/obera.fr\/wp-content\/uploads\/2021\/03\/polluants-poussieres-1.jpg\" alt=\"prachov&#xE9; zne&#x10D;is&#x165;uj&#xFA;ce l&#xE1;tky 1\" class=\"wp-image-4969\"\/><figcaption class=\"wp-element-caption\">Prach<\/figcaption><\/figure>\n<\/div>\n<\/div>\n\n\n\n<p><\/p>\n<\/div>\n\n\n\n<div class=\"wp-block-column is-layout-flow wp-block-column-is-layout-flow\">\n<h3 class=\"wp-block-heading has-text-align-center\">priemyseln\u00e9 odvetvia<\/h3>\n\n\n\n<div class=\"wp-block-columns is-layout-flex wp-container-core-columns-is-layout-28f84493 wp-block-columns-is-layout-flex\">\n<div class=\"wp-block-column is-layout-flow wp-block-column-is-layout-flow\">\n<figure class=\"wp-block-image aligncenter size-large\"><img decoding=\"async\" width=\"70\" height=\"70\" src=\"https:\/\/obera.fr\/wp-content\/uploads\/2021\/03\/industrie-metallurgie-1.jpg\" alt=\"hutn&#xED;cky priemysel 1\" class=\"wp-image-4975\"\/><figcaption class=\"wp-element-caption\">Hutn\u00edctvo<\/figcaption><\/figure>\n\n\n\n<figure class=\"wp-block-image aligncenter size-large\"><img decoding=\"async\" width=\"70\" height=\"70\" src=\"https:\/\/obera.fr\/wp-content\/uploads\/2021\/03\/industrie-textile.jpg\" alt=\"textiln&#xFD; priemysel\" class=\"wp-image-4980\"\/><figcaption class=\"wp-element-caption\">Textil<\/figcaption><\/figure>\n\n\n\n<figure class=\"wp-block-image aligncenter size-large\"><img decoding=\"async\" width=\"70\" height=\"70\" src=\"https:\/\/obera.fr\/wp-content\/uploads\/2021\/03\/industrie-chimie-1.jpg\" alt=\"chemick&#xFD; priemysel 1\" class=\"wp-image-4981\"\/><figcaption class=\"wp-element-caption\">Ch\u00e9mia<\/figcaption><\/figure>\n\n\n\n<figure class=\"wp-block-image aligncenter size-large\"><img decoding=\"async\" width=\"70\" height=\"70\" src=\"https:\/\/obera.fr\/wp-content\/uploads\/2021\/03\/industrie-minerai.jpg\" alt=\"nerastn&#xFD; priemysel\" class=\"wp-image-4977\"\/><figcaption class=\"wp-element-caption\">Miner\u00e1ly<\/figcaption><\/figure>\n<\/div>\n\n\n\n<div class=\"wp-block-column is-layout-flow wp-block-column-is-layout-flow\">\n<figure class=\"wp-block-image aligncenter size-large\"><img decoding=\"async\" width=\"70\" height=\"70\" src=\"https:\/\/obera.fr\/wp-content\/uploads\/2020\/08\/industrie-bois.jpg\" alt=\"&#xDA;STAV PARAMEDICKEJ VEDY A MANA&#x17D;MENTU - Mana&#x17E;ment\" class=\"wp-image-672\"\/><figcaption class=\"wp-element-caption\">Spracovanie dreva<\/figcaption><\/figure>\n\n\n\n<figure class=\"wp-block-image aligncenter size-large\"><img decoding=\"async\" width=\"70\" height=\"70\" src=\"https:\/\/obera.fr\/wp-content\/uploads\/2021\/03\/industrie-plastique.jpg\" alt=\"plastov&#xFD; priemysel\" class=\"wp-image-4976\"\/><figcaption class=\"wp-element-caption\">Plasty<\/figcaption><\/figure>\n\n\n\n<figure class=\"wp-block-image aligncenter size-large\"><img decoding=\"async\" width=\"70\" height=\"70\" src=\"https:\/\/obera.fr\/wp-content\/uploads\/2021\/03\/industrie-papier-carton.jpg\" alt=\"papierensk&#xFD; a kart&#xF3;nov&#xFD; priemysel\" class=\"wp-image-4982\"\/><figcaption class=\"wp-element-caption\">Papier\/kart\u00f3n<\/figcaption><\/figure>\n\n\n\n<figure class=\"wp-block-image aligncenter size-large\"><img decoding=\"async\" width=\"70\" height=\"70\" src=\"https:\/\/obera.fr\/wp-content\/uploads\/2020\/08\/industrie-dechets.jpg\" alt=\"V&#xFD;robok - Zna&#x10D;ka\" class=\"wp-image-726\"\/><figcaption class=\"wp-element-caption\">Zber a triedenie odpadu<\/figcaption><\/figure>\n<\/div>\n<\/div>\n<\/div>\n<\/div>\n\n<p>V leteckom priemysle sa <strong>mobiln\u00e1 jednotka na ods\u00e1vanie prachu ePURbox TSP<\/strong> pou\u017e\u00edva na br\u00fasenie hlin\u00edkov\u00fdch dielov, pri ktorom vznik\u00e1 jemn\u00fd prach. Tieto hlin\u00edkov\u00e9 prachy predstavuj\u00fa zdravotn\u00e9 rizik\u00e1 pre obsluhu, ako aj <strong>rizik\u00e1 ATEX<\/strong>. V\u00fdberom modelu ePURbox ATEX TSP v\u00fdrobca v\u00fdrazne zn\u00ed\u017eil rizik\u00e1 spojen\u00e9 s hor\u013eav\u00fdmi prachmi a splnil svoju potrebu flexibility v\u00fdberom mobiln\u00e9ho zariadenia.  <\/p>\n\n<div class=\"wp-block-buttons is-horizontal is-content-justification-center is-layout-flex wp-container-core-buttons-is-layout-03627597 wp-block-buttons-is-layout-flex\">\n<div class=\"wp-block-button has-custom-width wp-block-button__width-100\"><a class=\"wp-block-button__link wp-element-button\" href=\"https:\/\/obera.fr\/sk\/kontaktujte-nas\/\">Ve\u010d o tem<\/a><\/div>\n<\/div>\n\n<figure class=\"wp-block-table\"><table class=\"has-fixed-layout\"><thead><tr><th>Produkt<\/th><th><\/th><th>ePURbox<\/th><\/tr><\/thead><tbody><tr><td>Maxim\u00e1lny prietok vzduchu<\/td><td>m3\/h<\/td><td>1200<\/td><\/tr><tr><td>Nap\u00e1jacie nap\u00e4tie<\/td><td>V<\/td><td>220<\/td><\/tr><tr><td>Nap\u00e1janie<\/td><td>kW<\/td><td>0.75<\/td><\/tr><tr><td>Sac\u00ed povrch<\/td><td>mm<\/td><td>570 x 460<\/td><\/tr><tr><td>Filter s akt\u00edvnym uhl\u00edm<\/td><td>kg<\/td><td>15<\/td><\/tr><tr><td>Rozmery<\/td><td>mm (D x \u0160 x V)<\/td><td>700 x 710 x 1060 mm<\/td><\/tr><tr><td>Hmotnos\u0165<\/td><td>kg<\/td><td>90<\/td><\/tr><tr><td>Hladina hluku<\/td><td>dB(A)<\/td><td>68<\/td><\/tr><\/tbody><\/table><\/figure>\n","protected":false},"excerpt":{"rendered":"<p>Ods\u00e1vac\u00ed st\u00f4l ePURBOX je priamo integrovan\u00fd do pr\u00edstroja ePURBOX. M\u00e1 vlastn\u00fd filtra\u010dn\u00fd syst\u00e9m a vlastn\u00fd ventil\u00e1tor na \u00fapravu pachov a prchav\u00fdch organick\u00fdch l\u00e1tok. Obklad zadnej steny zabezpe\u010duje vysoko \u00fa\u010dinn\u00e9 ods\u00e1vanie a zachyt\u00e1vanie \u0161kodliv\u00edn po celej ploche ods\u00e1vacieho stola. Hrub\u00e9 \u010dastice sa filtruj\u00fa pred filtrom pomocou integrovan\u00e9ho predfiltra (G4), aby sa pred\u013a\u017eila \u017eivotnos\u0165 kaziet s akt\u00edvnym uhl\u00edm. Oblo\u017eenie bo\u010dn\u00fdch stien zabezpe\u010duje ve\u013emi vysok\u00fa \u00farove\u0148 zachyt\u00e1vania pachov na povrchu stola. Nakoniec sa procesn\u00fd vzduch filtruje akt\u00edvnym uhl\u00edm (typ A) a m\u00f4\u017ee sa znovu zavies\u0165 do pracovn\u00e9ho priestoru. V\u00fdhody \u0160peci\u00e1lne funkcie Funkcie V\u00fdhody Ods\u00e1vac\u00ed st\u00f4l ePURBOX bol navrhnut\u00fd na mobiln\u00e9 pou\u017eitie a je &#8230; <\/p>\n<p class=\"read-more-container\"><a title=\"EpurBox TSP\" class=\"read-more button\" href=\"https:\/\/obera.fr\/sk\/produits\/caissons-mobiles-aspiration\/epurbox-tsp\/#more-42905\" aria-label=\"Pre\u010d\u00edtajte si viac o EpurBox TSP\">Lire la suite<\/a><\/p>\n","protected":false},"author":4,"featured_media":83749,"parent":39642,"menu_order":0,"comment_status":"closed","ping_status":"closed","template":"","meta":{"_acf_changed":false,"_seopress_robots_primary_cat":"","_seopress_titles_title":"Table mobile ePURBOX TSP - oberA","_seopress_titles_desc":"","_seopress_robots_index":"","footnotes":""},"class_list":{"0":"post-42905","1":"page","2":"type-page","3":"status-publish","4":"has-post-thumbnail","6":"no-featured-image-padding","7":"resize-featured-image"},"acf":[],"_links":{"self":[{"href":"https:\/\/obera.fr\/sk\/wp-json\/wp\/v2\/pages\/42905","targetHints":{"allow":["GET"]}}],"collection":[{"href":"https:\/\/obera.fr\/sk\/wp-json\/wp\/v2\/pages"}],"about":[{"href":"https:\/\/obera.fr\/sk\/wp-json\/wp\/v2\/types\/page"}],"author":[{"embeddable":true,"href":"https:\/\/obera.fr\/sk\/wp-json\/wp\/v2\/users\/4"}],"replies":[{"embeddable":true,"href":"https:\/\/obera.fr\/sk\/wp-json\/wp\/v2\/comments?post=42905"}],"version-history":[{"count":22,"href":"https:\/\/obera.fr\/sk\/wp-json\/wp\/v2\/pages\/42905\/revisions"}],"predecessor-version":[{"id":116245,"href":"https:\/\/obera.fr\/sk\/wp-json\/wp\/v2\/pages\/42905\/revisions\/116245"}],"up":[{"embeddable":true,"href":"https:\/\/obera.fr\/sk\/wp-json\/wp\/v2\/pages\/39642"}],"wp:featuredmedia":[{"embeddable":true,"href":"https:\/\/obera.fr\/sk\/wp-json\/wp\/v2\/media\/83749"}],"wp:attachment":[{"href":"https:\/\/obera.fr\/sk\/wp-json\/wp\/v2\/media?parent=42905"}],"curies":[{"name":"wp","href":"https:\/\/api.w.org\/{rel}","templated":true}]}}