{"id":44163,"date":"2020-08-26T12:41:56","date_gmt":"2020-08-26T10:41:56","guid":{"rendered":"https:\/\/obera.fr\/nase-produkty\/priemyselne-cisticky-vzduchu\/epur-b01-cisticka-vzduchu-ecoprime\/"},"modified":"2025-03-07T16:42:26","modified_gmt":"2025-03-07T14:42:26","slug":"epur-b01-cisticka-vzduchu-ecoprime","status":"publish","type":"page","link":"https:\/\/obera.fr\/sk\/produits\/purificateurs-air\/epur-b01-cisticka-vzduchu-ecoprime\/","title":{"rendered":"ePUR B01 \u010cisti\u010dka vzduchu Ecoprime"},"content":{"rendered":"\n<p><strong>ePUR B01 Ecoprime<\/strong> je <a href=\"https:\/\/obera.fr\/sk\/produits\/purificateurs-air\/\" data-type=\"page\" data-id=\"26\">profesion\u00e1lna \u010disti\u010dka vzduchu<\/a> pre mal\u00e9 objemy.<\/p>\n\n\n\n\n\n\n<h2 class=\"wp-block-heading\" id=\"comment-fonctionne-notre-purificateur-d-air\">Ako funguje na\u0161a \u010disti\u010dka vzduchu?<\/h2>\n\n\n\n<div class=\"wp-block-columns is-layout-flex wp-container-core-columns-is-layout-28f84493 wp-block-columns-is-layout-flex\">\n<div class=\"wp-block-column is-layout-flow wp-block-column-is-layout-flow\" style=\"flex-basis:33.33%\">\n<figure class=\"wp-block-image aligncenter size-medium\"><img decoding=\"async\" width=\"300\" height=\"300\" src=\"https:\/\/obera.fr\/wp-content\/uploads\/2020\/09\/epur-b01-ecoprime-300x300.jpg\" alt=\"Epur B01 Ecoprime\" class=\"wp-image-1008\" srcset=\"https:\/\/obera.fr\/wp-content\/uploads\/2020\/09\/epur-b01-ecoprime-300x300.jpg 300w, https:\/\/obera.fr\/wp-content\/uploads\/2020\/09\/epur-b01-ecoprime-150x150.jpg 150w, https:\/\/obera.fr\/wp-content\/uploads\/2020\/09\/epur-b01-ecoprime.jpg 433w\" sizes=\"(max-width: 300px) 100vw, 300px\" \/><\/figure>\n<\/div>\n\n\n\n<div class=\"wp-block-column is-layout-flow wp-block-column-is-layout-flow\" style=\"flex-basis:66.66%\">\n<p>Funguje to jednoducho: zne\u010disten\u00fd vzduch sa nas\u00e1va v hornej \u010dasti jednotky, potom prech\u00e1dza nieko\u013ek\u00fdmi filtra\u010dn\u00fdmi vrstvami vo vn\u00fatri jednotky a potom sa vyp\u00fa\u0161\u0165a v spodnej \u010dasti priamo do pracovn\u00e9ho priestoru.<\/p>\n\n\n\n<h3 class=\"wp-block-heading\" id=\"a-quelles-utilisations-convient-il\">Ak\u00e9 s\u00fa jeho mo\u017enosti pou\u017eitia?<\/h3>\n\n\n\n<p>T\u00e1to jednotka na <strong>\u00fapravu vzduchu<\/strong> je vhodn\u00e1 prakticky pre v\u0161etky typy podnikov. Bude \u00fa\u010dinn\u00e1 v mal\u00fdch a stredne ve\u013ek\u00fdch priestoroch, ako s\u00fa kancel\u00e1rie, zasadacie miestnosti, kadern\u00edctva, nechtov\u00e9 sal\u00f3ny, hotely, \u010distiarne, \u0161portov\u00e9 haly, ordin\u00e1cie lek\u00e1rov, zub\u00e1rov, domovy d\u00f4chodcov, obchodn\u00edci a \u0161koly at\u010f. <\/p>\n\n\n\n<div class=\"wp-block-columns is-layout-flex wp-container-core-columns-is-layout-28f84493 wp-block-columns-is-layout-flex\">\n<div class=\"wp-block-column is-layout-flow wp-block-column-is-layout-flow\" style=\"flex-basis:33.34%\">\n<div class=\"wp-block-buttons is-content-justification-center is-layout-flex wp-container-core-buttons-is-layout-a89b3969 wp-block-buttons-is-layout-flex\">\n<div class=\"wp-block-button\"><a class=\"wp-block-button__link wp-element-button\" href=\"https:\/\/obera.fr\/wp-content\/uploads\/2025\/03\/ecoprime-en.pdf\">Stiahnite si bro\u017e\u00faru<\/a><\/div>\n<\/div>\n<\/div>\n\n\n\n<div class=\"wp-block-column is-layout-flow wp-block-column-is-layout-flow\" style=\"flex-basis:33.34%\">\n<div class=\"wp-block-buttons is-horizontal is-content-justification-center is-layout-flex wp-container-core-buttons-is-layout-03627597 wp-block-buttons-is-layout-flex\">\n<div class=\"wp-block-button\"><a class=\"wp-block-button__link\" href=\"https:\/\/boutique.obera.fr\/22-acheter-purificateur-air-epur-b01-ecoprime-poussieres.html\" target=\"_blank\" rel=\"noreferrer noopener\">Acheter Epur B01 Ecoprime \u00e0 880,80\u20ac TTC<\/a><\/div>\n<\/div>\n<\/div>\n\n\n\n<div class=\"wp-block-column is-layout-flow wp-block-column-is-layout-flow\" style=\"flex-basis:33.33%\">\n<div class=\"wp-block-buttons is-content-justification-center is-layout-flex wp-container-core-buttons-is-layout-a89b3969 wp-block-buttons-is-layout-flex\">\n<div class=\"wp-block-button btn-devis-source\"><a class=\"wp-block-button__link wp-element-button\" href=\"https:\/\/obera.fr\/sk\/devis\/\">Po\u017eiada\u0165 o cenov\u00fa ponuku<\/a><\/div>\n<\/div>\n\n\n<script>\r\ndocument.addEventListener('DOMContentLoaded', function() {\r\n    \/\/ 1. On cherche le titre H1 de la page\r\n    var h1 = document.querySelector('h1');\r\n    var productTitle = h1 ? h1.innerText.trim() : \"\";\r\n\r\n    \/\/ 2. On cherche les boutons via la classe CSS .btn-devis-source\r\n    var buttons = document.querySelectorAll('.btn-devis-source a');\r\n\r\n    \/\/ 3. Si on a le titre et les boutons, on ajoute le param\u00e8tre\r\n    if (buttons.length > 0 && productTitle !== \"\") {\r\n        var encodedTitle = encodeURIComponent(productTitle);\r\n\r\n        buttons.forEach(function(btn) {\r\n            var currentHref = btn.getAttribute('href');\r\n            \r\n            \/\/ S\u00e9curit\u00e9 pour ne pas ajouter le param\u00e8tre 2 fois\r\n            if (currentHref.indexOf('sujet=') === -1) {\r\n                var separator = currentHref.indexOf('?') !== -1 ? '&' : '?';\r\n                var newLink = currentHref + separator + 'sujet=' + encodedTitle;\r\n                \r\n                btn.setAttribute('href', newLink);\r\n            }\r\n        });\r\n    }\r\n});\r\n<\/script><\/div>\n<\/div>\n<\/div>\n<\/div>\n\n\n\n<h2 class=\"wp-block-heading\" id=\"quels-polluants-puis-je-traiter-avec-le-purificateur-d-air-epur-b01-ecoprime\">Ak\u00e9 zne\u010dis\u0165uj\u00face l\u00e1tky m\u00f4\u017eem \u010disti\u010dkou vzduchu ePUR B01 Ecoprime \u010disti\u0165?<\/h2>\n\n\n\n<p>\u010cisti\u010dku vzduchu ePUR B01 Ecoprime mo\u017eno vybavi\u0165 r\u00f4znymi filtra\u010dn\u00fdmi konfigur\u00e1ciami. \u0160tandardne obsahuje stupe\u0148 molekul\u00e1rnej filtr\u00e1cie s akt\u00edvnym uhl\u00edm pre <strong>plynn\u00e9 zne\u010dis\u0165uj\u00face l\u00e1tky<\/strong> (VOC, pachy, formaldehydy at\u010f.) a stupe\u0148 <strong>filtr\u00e1cie pevn\u00fdch \u010dast\u00edc<\/strong> (trieda F a\u017e nas\u00fdten\u00fd filter HEPA) na spracovanie jemn\u00e9ho prachu, plynn\u00fdch zne\u010dis\u0165uj\u00facich l\u00e1tok, pachov, VOC a v\u00edrusov a bakt\u00e9ri\u00ed pr\u00edtomn\u00fdch vo vzduchu. <\/p>\n\n\n\n<div class=\"wp-block-buttons is-horizontal is-content-justification-center is-layout-flex wp-container-core-buttons-is-layout-03627597 wp-block-buttons-is-layout-flex\">\n<div class=\"wp-block-button has-custom-width wp-block-button__width-100\"><a class=\"wp-block-button__link wp-element-button\" href=\"https:\/\/obera.fr\/sk\/kontaktujte-nas\/\">Ve\u010d o tem<\/a><\/div>\n<\/div>\n\n\n\n<div style=\"height:20px\" aria-hidden=\"true\" class=\"wp-block-spacer\"><\/div>\n\n\n\n<div class=\"wp-block-columns is-layout-flex wp-container-core-columns-is-layout-28f84493 wp-block-columns-is-layout-flex\">\n<div class=\"wp-block-column is-layout-flow wp-block-column-is-layout-flow\">\n<h3 class=\"wp-block-heading has-text-align-center\" id=\"polluants\">Zne\u010dis\u0165uj\u00face l\u00e1tky<\/h3>\n\n\n\n<hr class=\"wp-block-separator has-css-opacity is-style-wide\"\/>\n\n\n\n<div class=\"wp-block-columns is-layout-flex wp-container-core-columns-is-layout-28f84493 wp-block-columns-is-layout-flex\">\n<div class=\"wp-block-column is-layout-flow wp-block-column-is-layout-flow\">\n<figure class=\"wp-block-image aligncenter size-large\"><img decoding=\"async\" width=\"70\" height=\"70\" src=\"https:\/\/obera.fr\/wp-content\/uploads\/2020\/08\/polluants-poussieres.jpg\" alt=\"Zne\u010dis\u0165uj\u00face l\u00e1tky Prach\" class=\"wp-image-675\"\/><figcaption class=\"wp-element-caption\">Prach<\/figcaption><\/figure>\n<\/div>\n\n\n\n<div class=\"wp-block-column is-layout-flow wp-block-column-is-layout-flow\">\n<figure class=\"wp-block-image aligncenter size-large\"><img decoding=\"async\" width=\"70\" height=\"70\" src=\"https:\/\/obera.fr\/wp-content\/uploads\/2020\/10\/industrie-aerosols.jpg\" alt=\"Priemyseln\u00e9 aeros\u00f3ly\" class=\"wp-image-1201\"\/><figcaption class=\"wp-element-caption\">Aeros\u00f3ly<\/figcaption><\/figure>\n<\/div>\n<\/div>\n\n\n\n<p><\/p>\n<\/div>\n\n\n\n<div class=\"wp-block-column is-layout-flow wp-block-column-is-layout-flow\">\n<h3 class=\"wp-block-heading has-text-align-center\" id=\"industries\">Odvetvia<\/h3>\n\n\n\n<hr class=\"wp-block-separator has-css-opacity is-style-wide\"\/>\n\n\n\n<p>Je vhodn\u00fd pre v\u0161etky typy podnikov, bude nepostr\u00e1date\u013en\u00fd v :<\/p>\n\n\n\n<ul class=\"wp-block-list\">\n<li>Kancel\u00e1rie a zasadacie miestnosti<\/li>\n\n\n\n<li>Otvoren\u00e9 priestory<\/li>\n\n\n\n<li>Remeseln\u00edci<\/li>\n\n\n\n<li>Kadern\u00edctva<\/li>\n\n\n\n<li>Umenie nechtov<\/li>\n\n\n\n<li>Obchodovanie s elektronick\u00fdmi cigaretami a tekutinami do elektronick\u00fdch cigariet<\/li>\n\n\n\n<li>Lek\u00e1rske postupy<\/li>\n\n\n\n<li>Zubn\u00ed lek\u00e1ri<\/li>\n\n\n\n<li>Zubn\u00ed technici<\/li>\n\n\n\n<li>EPHAD<\/li>\n\n\n\n<li>Optici<\/li>\n\n\n\n<li>Hotely<\/li>\n\n\n\n<li>Re\u0161taur\u00e1cie<\/li>\n\n\n\n<li>Obchody s konfekciou<\/li>\n\n\n\n<li>Stla\u010denie<\/li>\n\n\n\n<li>\u0160portov\u00e9 a fitnes centr\u00e1<\/li>\n\n\n\n<li>Primeurs<\/li>\n\n\n\n<li>\u0160k\u00f4lky a \u0161koly<\/li>\n<\/ul>\n<\/div>\n<\/div>\n\n\n\n<h2 class=\"wp-block-heading\" id=\"quelles-sont-les-caracteristiques-du-purificateur-d-air-epur-b01-ecoprime\">Ak\u00e9 s\u00fa funkcie \u010disti\u010dky vzduchu ePUR B01 Ecoprime?<\/h2>\n\n\n\n<figure class=\"wp-block-image alignright size-medium\"><img decoding=\"async\" width=\"300\" height=\"206\" src=\"https:\/\/obera.fr\/wp-content\/uploads\/2020\/10\/epur-ecoprime-300x206.jpg\" alt=\"Epur Ecoprime\" class=\"wp-image-1240\" srcset=\"https:\/\/obera.fr\/wp-content\/uploads\/2020\/10\/epur-ecoprime-300x206.jpg 300w, https:\/\/obera.fr\/wp-content\/uploads\/2020\/10\/epur-ecoprime-768x528.jpg 768w, https:\/\/obera.fr\/wp-content\/uploads\/2020\/10\/epur-ecoprime.jpg 900w\" sizes=\"(max-width: 300px) 100vw, 300px\" \/><figcaption class=\"wp-element-caption\">EcoPrime<\/figcaption><\/figure>\n\n\n\n<p>Toto zariadenie m\u00e1 <strong>vysoko\u00fa\u010dinn\u00fd filter pevn\u00fdch \u010dast\u00edc impregnovan\u00fd uhl\u00edkom<\/strong>, ktor\u00fd zachyt\u00e1va viac ako 99,9 % prachu a plynn\u00fdch zne\u010dis\u0165uj\u00facich l\u00e1tok. Jeho v\u00fdkon je plne nastavite\u013en\u00fd, tak\u017ee si m\u00f4\u017eete prisp\u00f4sobi\u0165 prietok pod\u013ea potreby. V\u010faka kompaktn\u00fdm rozmerom 25 \u00d7 25 \u00d7 33 cm sa pohodlne zmest\u00ed aj do toho najmen\u0161ieho pracovn\u00e9ho prostredia.    <\/p>\n\n\n\n<p>Dok\u00e1\u017ee \u00fa\u010dinne spracova\u0165 zne\u010dis\u0165uj\u00face l\u00e1tky z plochy a\u017e do 60 m\u00b2. Je energeticky \u00fasporn\u00fd, s pr\u00edkonom len 14 W v triede A+. \u010cisti\u010dka vzduchu ePUR B01 Ecoprime je <strong>tich\u00e1<\/strong>, s n\u00edzkou hlu\u010dnos\u0165ou 48 dB pri plnom v\u00fdkone, tak\u017ee ju m\u00f4\u017eete umiestni\u0165 \u010do najbli\u017e\u0161ie k sebe bez toho, aby v\u00e1s ru\u0161ila.  <\/p>\n\n\n\n<h2 class=\"wp-block-heading\" id=\"quels-sont-ses-avantages\"><strong>Ak\u00e9 s\u00fa jeho v\u00fdhody?<\/strong><\/h2>\n\n\n\n<p>Po prv\u00e9, \u010disti\u010dka vzduchu chr\u00e1ni zamestnancov pred jemn\u00fdmi \u010dasticami a in\u00fdmi plynn\u00fdmi zne\u010dis\u0165uj\u00facimi l\u00e1tkami, \u010d\u00edm pom\u00e1ha predch\u00e1dza\u0165 v\u0161etk\u00fdm typom p\u013e\u00facnych a srdcov\u00fdch ochoren\u00ed. <strong>Filtr\u00e1cia HEPA<\/strong> tie\u017e eliminuje v\u00edrusy, bakt\u00e9rie a sp\u00f3ry, aby sa obmedzili epid\u00e9mie sp\u00f4soben\u00e9 patog\u00e9nmi, l\u00e1tkami pren\u00e1\u0161an\u00fdmi vzduchom a alerg\u00e9nmi. <\/p>\n\n\n\n<p>V\u00fdhodou s\u00fa aj n\u00e1klady na \u010distenie. Spotrebi\u010d spracov\u00e1va prach a in\u00e9 \u0161kodliviny, ktor\u00e9 by sa inak usadzovali vo va\u0161om pracovnom priestore. Navy\u0161e si nevy\u017eaduje prakticky \u017eiadnu \u00fadr\u017ebu. V z\u00e1vislosti od sp\u00f4sobu pou\u017e\u00edvania a \u00farovne zne\u010dis\u0165uj\u00facich l\u00e1tok v miestnosti sta\u010d\u00ed jeho filtre meni\u0165 raz ro\u010dne. T\u00e1to kompaktn\u00e1 \u010disti\u010dka vzduchu s elegantn\u00fdm, modern\u00fdm dizajnom bude vyzera\u0165 skvele v ka\u017edej miestnosti.    <\/p>\n\n\n\n<p>V niektor\u00fdch pr\u00edpadoch sa na\u0161a profesion\u00e1lna \u010disti\u010dka vzduchu pou\u017e\u00edva na splnenie limitov expoz\u00edcie pri pr\u00e1ci (OEL).<\/p>\n\n\n\n<div class=\"wp-block-columns is-layout-flex wp-container-core-columns-is-layout-28f84493 wp-block-columns-is-layout-flex\">\n<div class=\"wp-block-column is-layout-flow wp-block-column-is-layout-flow\">\n<h3 class=\"wp-block-heading has-text-align-center\" id=\"avantages\">V\u00fdhody<\/h3>\n\n\n\n<ul class=\"wp-block-list\">\n<li>Syntetick\u00fd HEPA filter impregnovan\u00fd vysoko\u00fa\u010dinn\u00fdm akt\u00edvnym uhl\u00edm.<\/li>\n\n\n\n<li>\u00daspora energie: max. 14 W <\/li>\n\n\n\n<li>Maxim\u00e1lna \u00fa\u010dinnos\u0165 do 60 m\u00b2.<\/li>\n<\/ul>\n<\/div>\n\n\n\n<div class=\"wp-block-column is-layout-flow wp-block-column-is-layout-flow\">\n<h3 class=\"wp-block-heading has-text-align-center\" id=\"particularites\">\u0160peci\u00e1lne funkcie<\/h3>\n\n\n\n<ul class=\"wp-block-list\">\n<li>V\u00fdkon nastavite\u013en\u00fd od 0 do 100 %.<\/li>\n\n\n\n<li>Modern\u00fd, preh\u013eadn\u00fd dizajn<\/li>\n\n\n\n<li>Kompaktn\u00e9 rozmery 25 cm x 25 cm x 33 cm<\/li>\n\n\n\n<li>Tich\u00fd chod: max. 48 dB pri plnom v\u00fdkone <\/li>\n<\/ul>\n<\/div>\n\n\n\n<div class=\"wp-block-column is-layout-flow wp-block-column-is-layout-flow\">\n<h3 class=\"wp-block-heading has-text-align-center\" id=\"caracteristiques\">Funkcie<\/h3>\n\n\n\n<ul class=\"wp-block-list\">\n<li>Viac ako 99,9 % filtr\u00e1cia jemn\u00fdch \u010dast\u00edc a prchav\u00fdch organick\u00fdch zl\u00fa\u010den\u00edn (VOC)<\/li>\n\n\n\n<li>Filtruje v\u00edrusy, bakt\u00e9rie a sp\u00f3ry: pom\u00e1ha obmedzova\u0165 epid\u00e9mie sp\u00f4soben\u00e9 patog\u00e9nmi pren\u00e1\u0161an\u00fdmi vzduchom<\/li>\n<\/ul>\n<\/div>\n<\/div>\n\n\n\n<div class=\"wp-block-buttons is-horizontal is-content-justification-center is-layout-flex wp-container-core-buttons-is-layout-03627597 wp-block-buttons-is-layout-flex\">\n<div class=\"wp-block-button has-custom-width wp-block-button__width-100\"><a class=\"wp-block-button__link wp-element-button\" href=\"https:\/\/obera.fr\/sk\/kontaktujte-nas\/\">Ve\u010d o tem<\/a><\/div>\n<\/div>\n\n\n\n<h2 class=\"wp-block-heading\" id=\"exemples-de-domaine-d-application-pour-le-epur-b01-ecoprime\">Pr\u00edklady pou\u017eitia ePUR B01 Ecoprime :<\/h2>\n\n\n\n<h3 class=\"wp-block-heading\" id=\"secteur-medical-hopitaux-ehpad-veterinaires-pedicures-podologues-dentistes-et-prothesistes-dentaires-cabinets-medicaux-espaces-funeraires\">Zdravotn\u00edcky sektor (nemocnice, domovy d\u00f4chodcov, veterin\u00e1ri, pedik\u00e9ri, zub\u00e1ri a zubn\u00ed technici, ordin\u00e1cie lek\u00e1rov, pohrebn\u00e9 \u00fastavy)<\/h3>\n\n\n\n<p>Potreby s\u00fa r\u00f4zne:<\/p>\n\n\n\n<ul class=\"wp-block-list\">\n<li>Zlep\u0161enie kvality vzduchu s cie\u013eom <strong>zn\u00ed\u017ei\u0165 kontamin\u00e1ciu pren\u00e1\u0161an\u00fa vzduchom<\/strong>(v\u00edrusy, bakt\u00e9rie)<\/li>\n\n\n\n<li>Dezinfikujte a <strong>zabr\u00e1\u0148te \u0161\u00edreniu v\u00edrusov<\/strong>, bakt\u00e9ri\u00ed at\u010f.<\/li>\n\n\n\n<li>Odstra\u0148ovanie nepr\u00edjemn\u00fdch pachov a <strong>neutraliz\u00e1cia r\u00f4znych druhov pachov\u00e9ho zne\u010distenia<\/strong><\/li>\n\n\n\n<li><strong>Zn\u00ed\u017eenie \u00farovne pra\u0161nosti<\/strong> z \u010dinnost\u00ed, pri ktor\u00fdch vznik\u00e1 prach<\/li>\n<\/ul>\n\n\n\n<h2 class=\"wp-block-heading\" id=\"les-autres-purificateur-d-air-de-la-marque-obera\">\u010eal\u0161ie \u010disti\u010dky vzduchu od zna\u010dky oberA<\/h2>\n\n\n\n<div class=\"wp-block-columns is-layout-flex wp-container-core-columns-is-layout-28f84493 wp-block-columns-is-layout-flex\">\n<div class=\"wp-block-column is-layout-flow wp-block-column-is-layout-flow\">\n<figure class=\"wp-block-image aligncenter size-medium is-resized\"><a href=\"https:\/\/obera.fr\/sk\/produits\/purificateurs-air\/filtower\/\"><img decoding=\"async\" width=\"300\" height=\"300\" src=\"https:\/\/obera.fr\/wp-content\/uploads\/2020\/09\/FILTOWER-SF-300x300.png\" alt=\"Filtra\u010dn\u00e1 ve\u017ea Sf\" class=\"wp-image-1017\" style=\"width:150px;height:150px\" srcset=\"https:\/\/obera.fr\/wp-content\/uploads\/2020\/09\/FILTOWER-SF-300x300.png 300w, https:\/\/obera.fr\/wp-content\/uploads\/2020\/09\/FILTOWER-SF-150x150.png 150w, https:\/\/obera.fr\/wp-content\/uploads\/2020\/09\/FILTOWER-SF.png 600w\" sizes=\"(max-width: 300px) 100vw, 300px\" \/><\/a><figcaption class=\"wp-element-caption\">Filtrovacia ve\u017ea<\/figcaption><\/figure>\n<\/div>\n\n\n\n<div class=\"wp-block-column is-layout-flow wp-block-column-is-layout-flow\">\n<figure class=\"wp-block-image aligncenter size-medium is-resized\"><a href=\"https:\/\/obera.fr\/sk\/produits\/purificateurs-air\/professionnel-epur-ca\/\"><img decoding=\"async\" width=\"300\" height=\"300\" src=\"https:\/\/obera.fr\/wp-content\/uploads\/2020\/09\/gamme-epur-ca-300x300.jpg\" alt=\"Rozsah Epur Ca\" class=\"wp-image-1015\" style=\"width:150px;height:150px\" srcset=\"https:\/\/obera.fr\/wp-content\/uploads\/2020\/09\/gamme-epur-ca-300x300.jpg 300w, https:\/\/obera.fr\/wp-content\/uploads\/2020\/09\/gamme-epur-ca-150x150.jpg 150w, https:\/\/obera.fr\/wp-content\/uploads\/2020\/09\/gamme-epur-ca.jpg 433w\" sizes=\"(max-width: 300px) 100vw, 300px\" \/><\/a><figcaption class=\"wp-element-caption\">ePUR CA<\/figcaption><\/figure>\n<\/div>\n\n\n\n<div class=\"wp-block-column is-layout-flow wp-block-column-is-layout-flow\">\n<figure class=\"wp-block-image aligncenter size-full\"><a href=\"https:\/\/obera.fr\/sk\/produits\/purificateurs-air\/industriel-epur\/\"><img decoding=\"async\" width=\"150\" height=\"150\" src=\"https:\/\/obera.fr\/wp-content\/uploads\/2023\/05\/gamme-epur.png\" alt=\"rozsah epur\" class=\"wp-image-22632\"\/><\/a><figcaption class=\"wp-element-caption\">ePUR<\/figcaption><\/figure>\n<\/div>\n\n\n\n<div class=\"wp-block-column is-layout-flow wp-block-column-is-layout-flow\">\n<figure class=\"wp-block-image aligncenter size-full\"><a href=\"https:\/\/obera.fr\/sk\/produits\/purificateurs-air\/purificateur-rafraichisseur-epur150-fresh\/\"><img decoding=\"async\" width=\"150\" height=\"150\" src=\"https:\/\/obera.fr\/wp-content\/uploads\/2023\/04\/epur150-fresh-4.png\" alt=\"epur150 \u010derstv\u00e9 (4)\" class=\"wp-image-22427\"\/><\/a><figcaption class=\"wp-element-caption\">ePUR150 FRESH<\/figcaption><\/figure>\n<\/div>\n<\/div>\n","protected":false},"excerpt":{"rendered":"<p>ePUR B01 Ecoprime je profesion\u00e1lna \u010disti\u010dka vzduchu pre mal\u00e9 objemy. Ako funguje na\u0161a \u010disti\u010dka vzduchu? Funguje to jednoducho: zne\u010disten\u00fd vzduch sa nas\u00e1va v hornej \u010dasti jednotky, potom prech\u00e1dza nieko\u013ek\u00fdmi filtra\u010dn\u00fdmi vrstvami vo vn\u00fatri jednotky a potom sa vyp\u00fa\u0161\u0165a v spodnej \u010dasti priamo do pracovn\u00e9ho priestoru. Ak\u00e9 s\u00fa jeho mo\u017enosti pou\u017eitia? T\u00e1to jednotka na \u00fapravu vzduchu je vhodn\u00e1 prakticky pre v\u0161etky typy podnikov. Bude \u00fa\u010dinn\u00e1 v mal\u00fdch a stredne ve\u013ek\u00fdch priestoroch, ako s\u00fa kancel\u00e1rie, zasadacie miestnosti, kadern\u00edctva, nechtov\u00e9 sal\u00f3ny, hotely, \u010distiarne, \u0161portov\u00e9 haly, ordin\u00e1cie lek\u00e1rov, zub\u00e1rov, domovy d\u00f4chodcov, obchodn\u00edci a \u0161koly at\u010f. Ak\u00e9 zne\u010dis\u0165uj\u00face l\u00e1tky m\u00f4\u017eem \u010disti\u010dkou vzduchu ePUR B01 Ecoprime &#8230; <\/p>\n<p class=\"read-more-container\"><a title=\"ePUR B01 \u010cisti\u010dka vzduchu Ecoprime\" class=\"read-more button\" href=\"https:\/\/obera.fr\/sk\/produits\/purificateurs-air\/epur-b01-cisticka-vzduchu-ecoprime\/#more-44163\" aria-label=\"Pre\u010d\u00edtajte si viac o ePUR B01 \u010cisti\u010dka vzduchu Ecoprime\">Lire la suite<\/a><\/p>\n","protected":false},"author":4,"featured_media":83749,"parent":37710,"menu_order":0,"comment_status":"closed","ping_status":"closed","template":"","meta":{"_acf_changed":false,"_seopress_robots_primary_cat":"","_seopress_titles_title":"ePUR B01 \u010cisti\u010dka vzduchu Ecoprime - oberA","_seopress_titles_desc":"\u010cisti\u010dka vzduchu Ecoprime ePUR B01 je vybaven\u00e1 r\u00f4znymi filtra\u010dn\u00fdmi konfigur\u00e1ciami. T\u00e1to jednotka na \u010distenie vzduchu je vhodn\u00e1 pre v\u0161etky podniky","_seopress_robots_index":"","footnotes":""},"class_list":{"0":"post-44163","1":"page","2":"type-page","3":"status-publish","4":"has-post-thumbnail","6":"no-featured-image-padding","7":"resize-featured-image"},"acf":[],"_links":{"self":[{"href":"https:\/\/obera.fr\/sk\/wp-json\/wp\/v2\/pages\/44163","targetHints":{"allow":["GET"]}}],"collection":[{"href":"https:\/\/obera.fr\/sk\/wp-json\/wp\/v2\/pages"}],"about":[{"href":"https:\/\/obera.fr\/sk\/wp-json\/wp\/v2\/types\/page"}],"author":[{"embeddable":true,"href":"https:\/\/obera.fr\/sk\/wp-json\/wp\/v2\/users\/4"}],"replies":[{"embeddable":true,"href":"https:\/\/obera.fr\/sk\/wp-json\/wp\/v2\/comments?post=44163"}],"version-history":[{"count":2,"href":"https:\/\/obera.fr\/sk\/wp-json\/wp\/v2\/pages\/44163\/revisions"}],"predecessor-version":[{"id":71720,"href":"https:\/\/obera.fr\/sk\/wp-json\/wp\/v2\/pages\/44163\/revisions\/71720"}],"up":[{"embeddable":true,"href":"https:\/\/obera.fr\/sk\/wp-json\/wp\/v2\/pages\/37710"}],"wp:featuredmedia":[{"embeddable":true,"href":"https:\/\/obera.fr\/sk\/wp-json\/wp\/v2\/media\/83749"}],"wp:attachment":[{"href":"https:\/\/obera.fr\/sk\/wp-json\/wp\/v2\/media?parent=44163"}],"curies":[{"name":"wp","href":"https:\/\/api.w.org\/{rel}","templated":true}]}}