{"id":44216,"date":"2024-04-06T01:24:32","date_gmt":"2024-04-05T23:24:32","guid":{"rendered":"https:\/\/obera.fr\/na-2-2-mobilny-mokry-zberac-prachu\/"},"modified":"2025-06-27T15:39:48","modified_gmt":"2025-06-27T13:39:48","slug":"na-2-2-depoussiereur-a-voie-humide","status":"publish","type":"page","link":"https:\/\/obera.fr\/sk\/produits\/depoussiereurs-industriels\/mobiles\/na-2-2-depoussiereur-a-voie-humide\/","title":{"rendered":"NA 2.2: mobiln\u00fd mokr\u00fd zbera\u010d prachu"},"content":{"rendered":"\n<p>Objavte mokr\u00fd vys\u00e1va\u010d NA 2.2 na vys\u00e1vanie lepkav\u00fdch l\u00e1tok a prachu so srpkov\u00fdm efektom, ktor\u00fd vznik\u00e1 vo va\u0161ich diel\u0148ach.<\/p>\n\n<h2 class=\"wp-block-heading\">NA 2.2 Mokr\u00fd zbera\u010d prachu: prev\u00e1dzka a pou\u017e\u00edvanie<\/h2>\n\n<div class=\"wp-block-columns is-layout-flex wp-container-core-columns-is-layout-28f84493 wp-block-columns-is-layout-flex\">\n<div class=\"wp-block-column is-layout-flow wp-block-column-is-layout-flow\" style=\"flex-basis:33.33%\">\n<figure class=\"wp-block-image aligncenter size-full\"><img decoding=\"async\" width=\"600\" height=\"600\" src=\"https:\/\/obera.fr\/wp-content\/uploads\/2024\/04\/obera-na-2-2-depoussiereur-a-voie-humide-mobile.jpg\" alt=\"NA 2.2: mobiln&#xFD; mokr&#xFD; zbera&#x10D; prachu\" class=\"wp-image-29475\" srcset=\"https:\/\/obera.fr\/wp-content\/uploads\/2024\/04\/obera-na-2-2-depoussiereur-a-voie-humide-mobile.jpg 600w, https:\/\/obera.fr\/wp-content\/uploads\/2024\/04\/obera-na-2-2-depoussiereur-a-voie-humide-mobile-300x300.jpg 300w, https:\/\/obera.fr\/wp-content\/uploads\/2024\/04\/obera-na-2-2-depoussiereur-a-voie-humide-mobile-150x150.jpg 150w\" sizes=\"(max-width: 600px) 100vw, 600px\" \/><\/figure>\n<\/div>\n\n\n\n<div class=\"wp-block-column is-layout-flow wp-block-column-is-layout-flow\" style=\"flex-basis:66.66%\">\n<p>Filtra\u010dn\u00fd syst\u00e9m pou\u017e\u00edvan\u00fd v mokr\u00fdch odlu\u010dova\u010doch prachu je zalo\u017een\u00fd na princ\u00edpe odstredivej sily, pri\u010dom ako filtra\u010dn\u00e9 m\u00e9dium sa pou\u017e\u00edva voda. Z praktick\u00e9ho h\u013eadiska sa vzduch pln\u00fd jemn\u00fdch \u010dast\u00edc a prachu zachyt\u00e1va v zbera\u010di prachu pomocou zabudovan\u00e9ho ventil\u00e1tora. Vzduch sa potom nas\u00fdti vodou prostredn\u00edctvom rozpra\u0161ovac\u00edch d\u00fdz, \u010d\u00edm sa prach aglomeruje a \u013eah\u0161ie sa zachyt\u00e1va. Na oddelenie \u010dast\u00edc sa vzduch a voda ot\u00e1\u010daj\u00fa vysokou r\u00fdchlos\u0165ou a vrhaj\u00fa ich proti stene vys\u00e1va\u010da (princ\u00edp v\u00edrenia). \u010cist\u00fd vzduch sa ods\u00e1va a vyp\u00fa\u0161\u0165a do atmosf\u00e9ry pomocou odstrediv\u00e9ho ods\u00e1vacieho ventil\u00e1tora.<\/p>\n\n\n\n<p>Ide\u00e1lne na rezanie, rezanie a kr\u00e1janie, ale aj na br\u00fasenie, le\u0161tenie, odstra\u0148ovanie triesok, fr\u00e9zovanie, dekantovanie, plnenie a mie\u0161anie. Verzia ATEX je k dispoz\u00edcii ako volite\u013en\u00e9 pr\u00edslu\u0161enstvo.<\/p>\n\n\n\n<p>Na ak\u00e9 \u00fa\u010dely? Mokr\u00fd vys\u00e1va\u010d NA 2.2 sa osved\u010duje najm\u00e4 pri vys\u00e1van\u00ed lepkav\u00fdch l\u00e1tok a pri \u010dinnostiach, pri ktor\u00fdch vznikaj\u00fa siln\u00e9 iskry. Je ide\u00e1lny na ods\u00e1vanie kovov\u00e9ho prachu, lepkav\u00e9ho prachu a hor\u013eav\u00e9ho prachu. V\u010faka tomu je ide\u00e1lny na pou\u017eitie v potravin\u00e1rskom a kovospracuj\u00facom priemysle.<\/p>\n\n\n\n<div class=\"wp-block-columns is-layout-flex wp-container-core-columns-is-layout-28f84493 wp-block-columns-is-layout-flex\">\n<div class=\"wp-block-column is-layout-flow wp-block-column-is-layout-flow\">\n<div class=\"wp-block-buttons is-layout-flex wp-block-buttons-is-layout-flex\">\n<div class=\"wp-block-button\"><a class=\"wp-block-button__link wp-element-button\" href=\"https:\/\/obera.fr\/wp-content\/uploads\/2025\/04\/brochure-na-2.2-fr.pdf\">Stiahnite si bro\u017e\u00faru<\/a><\/div>\n<\/div>\n<\/div>\n\n\n\n<div class=\"wp-block-column is-layout-flow wp-block-column-is-layout-flow\">\n<div class=\"wp-block-buttons is-layout-flex wp-block-buttons-is-layout-flex\">\n<div class=\"wp-block-button\"><a class=\"wp-block-button__link wp-element-button\" href=\"https:\/\/obera.fr\/contact\/\">Potrebujete individu\u00e1lne poradenstvo?<\/a><\/div>\n<\/div>\n<\/div>\n\n\n\n<div class=\"wp-block-column is-layout-flow wp-block-column-is-layout-flow\">\n<div class=\"wp-block-buttons is-content-justification-center is-layout-flex wp-container-core-buttons-is-layout-a89b3969 wp-block-buttons-is-layout-flex\">\n<div class=\"wp-block-button btn-devis-source\"><a class=\"wp-block-button__link wp-element-button\" href=\"https:\/\/obera.fr\/sk\/devis\/\">Po\u017eiada\u0165 o cenov\u00fa ponuku<\/a><\/div>\n<\/div>\n\n\n<script>\r\ndocument.addEventListener('DOMContentLoaded', function() {\r\n    \/\/ 1. On cherche le titre H1 de la page\r\n    var h1 = document.querySelector('h1');\r\n    var productTitle = h1 ? h1.innerText.trim() : \"\";\r\n\r\n    \/\/ 2. On cherche les boutons via la classe CSS .btn-devis-source\r\n    var buttons = document.querySelectorAll('.btn-devis-source a');\r\n\r\n    \/\/ 3. Si on a le titre et les boutons, on ajoute le param\u00e8tre\r\n    if (buttons.length > 0 && productTitle !== \"\") {\r\n        var encodedTitle = encodeURIComponent(productTitle);\r\n\r\n        buttons.forEach(function(btn) {\r\n            var currentHref = btn.getAttribute('href');\r\n            \r\n            \/\/ S\u00e9curit\u00e9 pour ne pas ajouter le param\u00e8tre 2 fois\r\n            if (currentHref.indexOf('sujet=') === -1) {\r\n                var separator = currentHref.indexOf('?') !== -1 ? '&' : '?';\r\n                var newLink = currentHref + separator + 'sujet=' + encodedTitle;\r\n                \r\n                btn.setAttribute('href', newLink);\r\n            }\r\n        });\r\n    }\r\n});\r\n<\/script><\/div>\n<\/div>\n<\/div>\n<\/div>\n\n<h2 class=\"wp-block-heading\">Charakteristika mokr\u00e9ho zbera\u010da prachu NA 2.2<\/h2>\n\n<p>Okrem toho, \u017ee je ve\u013emi mobiln\u00fd, pon\u00faka aj nie\u010do, \u010do v zariadeniach NA e\u0161te nebolo: kompaktn\u00fd, priestorovo \u00fasporn\u00fd dizajn. Doteraz mohli by\u0165 odlu\u010dova\u010de vody len pevn\u00e9, s v\u00e4\u010d\u0161ou plochou (ove\u013ea v\u00e4\u010d\u0161ie rozmery), aby pokryli \u0161irok\u00fa \u0161k\u00e1lu aplik\u00e1ci\u00ed. Odpra\u0161ova\u010de NA teraz \u00faspe\u0161ne kombinuj\u00fa v\u00fdkon a jednoduch\u00e9 pou\u017e\u00edvanie s flexibiln\u00fdmi, kompaktn\u00fdmi mobiln\u00fdmi jednotkami. Okrem toho je zariadenie NA v\u017edy vybaven\u00e9 v\u00fdklopnou hornou \u010das\u0165ou pre \u013eahk\u00fd pr\u00edstup do vn\u00fatra spotrebi\u010da.<\/p>\n\n<p>S\u00e9ria NA tie\u017e vyd\u00e1va ve\u013emi m\u00e1lo hluku: 68 dB(A). To znamen\u00e1, \u017ee sa m\u00f4\u017ee pou\u017e\u00edva\u0165 priamo na r\u00f4znych pracovn\u00fdch miestach bez toho, aby ru\u0161il obsluhu.<\/p>\n\n<blockquote class=\"wp-block-quote is-layout-flow wp-block-quote-is-layout-flow\">\n<p>Mo\u017enosti: Mokr\u00fd vys\u00e1va\u010d NA 2.2 je k dispoz\u00edcii aj ako \u010distiaci vys\u00e1va\u010d s priemerom hadice 50 mm. Je k dispoz\u00edcii vo verzii z nehrdzavej\u00facej ocele, aby sp\u013a\u0148al po\u017eiadavky potravin\u00e1rskeho priemyslu, ktor\u00fd produkuje jemn\u00fd a organick\u00fd prach a podlieha pr\u00edsnym hygienick\u00fdm predpisom a predpisom o bezpe\u010dnosti potrav\u00edn. \u010eal\u0161ia d\u00f4le\u017eit\u00e1 mo\u017enos\u0165 pre priemyseln\u00e9 odvetvia pracuj\u00face v oblastiach s nebezpe\u010denstvom v\u00fdbuchu (z\u00f3na 22): verzia ATEX na bezpe\u010dn\u00e9 ods\u00e1vanie such\u00e9ho, hor\u013eav\u00e9ho, nevodiv\u00e9ho prachu.<\/p>\n<\/blockquote>\n\n<h3 class=\"wp-block-heading has-text-align-center\">PRIEMYSLY<\/h3>\n\n<div class=\"wp-block-columns is-layout-flex wp-container-core-columns-is-layout-28f84493 wp-block-columns-is-layout-flex\">\n<div class=\"wp-block-column is-layout-flow wp-block-column-is-layout-flow\">\n<hr class=\"wp-block-separator has-alpha-channel-opacity\"\/>\n\n\n\n<div class=\"wp-block-columns is-layout-flex wp-container-core-columns-is-layout-28f84493 wp-block-columns-is-layout-flex\">\n<div class=\"wp-block-column is-layout-flow wp-block-column-is-layout-flow\">\n<figure class=\"wp-block-image aligncenter size-thumbnail is-resized\"><img decoding=\"async\" width=\"150\" height=\"150\" src=\"https:\/\/obera.fr\/wp-content\/uploads\/2022\/02\/Metalurgie-150x150.png\" alt=\"metalurgia\" class=\"wp-image-8857\"\/><figcaption class=\"wp-element-caption\">Hutn\u00edctvo<\/figcaption><\/figure>\n<\/div>\n\n\n\n<div class=\"wp-block-column is-layout-flow wp-block-column-is-layout-flow\">\n<figure class=\"wp-block-image aligncenter size-thumbnail is-resized\"><img decoding=\"async\" width=\"150\" height=\"150\" src=\"https:\/\/obera.fr\/wp-content\/uploads\/2022\/02\/AGROALIMENTAIRE-150x150.png\" alt=\"agropotravin&#xE1;rsky\" class=\"wp-image-8844\"\/><figcaption class=\"wp-element-caption\">Potravin\u00e1rsky priemysel<\/figcaption><\/figure>\n<\/div>\n<\/div>\n<\/div>\n\n\n\n<div class=\"wp-block-column is-layout-flow wp-block-column-is-layout-flow\">\n<hr class=\"wp-block-separator has-alpha-channel-opacity\"\/>\n\n\n\n<div class=\"wp-block-columns is-layout-flex wp-container-core-columns-is-layout-28f84493 wp-block-columns-is-layout-flex\">\n<div class=\"wp-block-column is-layout-flow wp-block-column-is-layout-flow\"><\/div>\n\n\n\n<div class=\"wp-block-column is-layout-flow wp-block-column-is-layout-flow\"><\/div>\n<\/div>\n<\/div>\n<\/div>\n\n<table id=\"tablepress-201\" class=\"tablepress tablepress-id-201\">\n<tbody class=\"row-striping row-hover\">\n<tr class=\"row-1\">\n\t<td class=\"column-1\">Volume d\u2019air max. D\u00e9bit d\u2019air<\/td><td class=\"column-2\">M3\/h<\/td><td class=\"column-3\">300<\/td>\n<\/tr>\n<tr class=\"row-2\">\n\t<td class=\"column-1\">Diam\u00e8tre d\u2019entr\u00e9e\/de sortie<\/td><td class=\"column-2\">mm<\/td><td class=\"column-3\">50\/-<\/td>\n<\/tr>\n<tr class=\"row-3\">\n\t<td class=\"column-1\">Pression d\u2019air max. D\u00e9pression<\/td><td class=\"column-2\">Pa<\/td><td class=\"column-3\">21.000<\/td>\n<\/tr>\n<tr class=\"row-4\">\n\t<td class=\"column-1\">Puissance d\u2019entra\u00eenement<\/td><td class=\"column-2\">kW<\/td><td class=\"column-3\">2.2<\/td>\n<\/tr>\n<tr class=\"row-5\">\n\t<td class=\"column-1\">Contenu en eau<\/td><td class=\"column-2\">L<\/td><td class=\"column-3\">40<\/td>\n<\/tr>\n<tr class=\"row-6\">\n\t<td class=\"column-1\">R\u00e9servoir de collecte de volume<\/td><td class=\"column-2\">L<\/td><td class=\"column-3\">100<\/td>\n<\/tr>\n<tr class=\"row-7\">\n\t<td class=\"column-1\">Dimensions (L\/l\/h)<\/td><td class=\"column-2\">mm<\/td><td class=\"column-3\">1.260x630x1.560<\/td>\n<\/tr>\n<tr class=\"row-8\">\n\t<td class=\"column-1\">Poids (sans eau)<\/td><td class=\"column-2\">kg<\/td><td class=\"column-3\">130<\/td>\n<\/tr>\n<tr class=\"row-9\">\n\t<td class=\"column-1\">\u00c9missions sonores<\/td><td class=\"column-2\">dB(A)<\/td><td class=\"column-3\">68<\/td>\n<\/tr>\n<\/tbody>\n<\/table>\n\n\n<div class=\"wp-block-buttons is-content-justification-center is-layout-flex wp-container-core-buttons-is-layout-a89b3969 wp-block-buttons-is-layout-flex\">\n<div class=\"wp-block-button\"><a class=\"wp-block-button__link wp-element-button\" href=\"https:\/\/obera.fr\/wp-content\/uploads\/2025\/04\/brochure-na-2.2-de.pdf\">STIAHNITE SI KARTU S \u00daDAJMI O V\u00ddROBKU<\/a><\/div>\n<\/div>\n\n<figure class=\"wp-block-table\"><table class=\"has-fixed-layout\"><tbody><tr><td>Maxim\u00e1lny objem vzduchu Prietok vzduchu<\/td><td>M3\/h<\/td><td>300<\/td><\/tr><tr><td>Priemer vstupn\u00e9ho\/v\u00fdstupn\u00e9ho otvoru<\/td><td>mm<\/td><td>50\/-<\/td><\/tr><tr><td>Maxim\u00e1lny tlak vzduchu V\u00e1kuum <\/td><td>Pa<\/td><td>21.000<\/td><\/tr><tr><td>V\u00fdkon pohonu<\/td><td>kW<\/td><td>2.2<\/td><\/tr><tr><td>Obsah vody<\/td><td>L<\/td><td>40<\/td><\/tr><tr><td>Objem zbernej n\u00e1dr\u017ee<\/td><td>L<\/td><td>100<\/td><\/tr><tr><td>Rozmery (D\/\u0160\/V)<\/td><td>mm<\/td><td>1 260x630x1 560 cm<\/td><\/tr><tr><td>Hmotnos\u0165 (bez vody)<\/td><td>kg<\/td><td>130<\/td><\/tr><tr><td>Emisie hluku<\/td><td>dB(A)<\/td><td>68<\/td><\/tr><\/tbody><\/table><\/figure>\n\n<div style=\"height:34px\" aria-hidden=\"true\" class=\"wp-block-spacer\"><\/div>\n\n<h2 class=\"wp-block-heading\">Ak\u00e9 s\u00fa v\u00fdhody mokr\u00e9ho vys\u00e1va\u010da NA 2.2?<\/h2>\n\n<p>Mokr\u00fd zbera\u010d prachu vyu\u017e\u00edva filtra\u010dn\u00fa technol\u00f3giu na zabezpe\u010denie optim\u00e1lnej kvality vzduchu vo v\u00fdrobn\u00fdch prev\u00e1dzkach. Okrem ochrany zdravia svojich t\u00edmov zn\u00ed\u017eite aj riziko por\u00fach a po\u0161kodenia strojov a zariaden\u00ed.<\/p>\n\n<p>Mobiln\u00fd a flexibiln\u00fd vys\u00e1va\u010d NA 2.2 na mokr\u00e9 vys\u00e1vanie sa v\u010faka hladk\u00fdm kolieskam \u013eahko ovl\u00e1da. Je ide\u00e1lny na \u010dast\u00e9 zmeny polohy pre maxim\u00e1lny komfort pou\u017e\u00edvate\u013ea. Je tie\u017e kompaktn\u00fd a m\u00e1 mal\u00e9 rozmery.<\/p>\n\n<p>Mokr\u00fd zbera\u010d prachu NA 2.2 mo\u017eno kombinova\u0165 s \u010fal\u0161\u00edm vybaven\u00edm pre maxim\u00e1lny komfort pou\u017e\u00edvate\u013ea, napr\u00edklad s automatickou regul\u00e1ciou hladiny vody alebo s elektromagnetick\u00fdm ventilom na automatick\u00fd pr\u00edvod vody do zariadenia.<\/p>\n\n<div class=\"wp-block-columns is-layout-flex wp-container-core-columns-is-layout-28f84493 wp-block-columns-is-layout-flex\">\n<div class=\"wp-block-column is-layout-flow wp-block-column-is-layout-flow\" style=\"flex-basis:33.34%\">\n<h3 class=\"wp-block-heading\">V\u00fdhody :<\/h3>\n\n\n\n<ul class=\"wp-block-list\">\n<li>Tich\u00fd a kompaktn\u00fd;<\/li>\n\n\n\n<li>Flexibiln\u00e9 mo\u017enosti pou\u017eitia.<\/li>\n<\/ul>\n<\/div>\n\n\n\n<div class=\"wp-block-column is-layout-flow wp-block-column-is-layout-flow\" style=\"flex-basis:33.34%\">\n<h3 class=\"wp-block-heading\">\u0160peci\u00e1lne funkcie:<\/h3>\n\n\n\n<ul class=\"wp-block-list\">\n<li>Ods\u00e1vanie lepkav\u00fdch prachov, vhodn\u00e9 pre pracovn\u00e9 procesy s iskrovou projekciou;<\/li>\n\n\n\n<li>K dispoz\u00edcii ako \u010distiaci vys\u00e1va\u010d.<\/li>\n<\/ul>\n\n\n\n<div style=\"height:26px\" aria-hidden=\"true\" class=\"wp-block-spacer\"><\/div>\n<\/div>\n\n\n\n<div class=\"wp-block-column is-layout-flow wp-block-column-is-layout-flow\" style=\"flex-basis:33.33%\">\n<h3 class=\"wp-block-heading\">Vlastnosti :<\/h3>\n\n\n\n<ul class=\"wp-block-list\">\n<li>Volite\u013en\u00e1 verzia <a href=\"https:\/\/obera.fr\/sk\/produits\/atex\/\" data-type=\"page\" data-id=\"372\">ATEX<\/a>;<\/li>\n\n\n\n<li>K dispoz\u00edcii v nerezovej oceli.<\/li>\n<\/ul>\n<\/div>\n<\/div>\n\n<div class=\"wp-block-buttons is-content-justification-center is-layout-flex wp-container-core-buttons-is-layout-a89b3969 wp-block-buttons-is-layout-flex\">\n<div class=\"wp-block-button\"><a class=\"wp-block-button__link wp-element-button\" href=\"https:\/\/obera.fr\/sk\/contact\/\">TESTOVANIE ZBERA\u010cA PRACHU NA 2.2<\/a><\/div>\n<\/div>\n\n<div style=\"height:25px\" aria-hidden=\"true\" class=\"wp-block-spacer\"><\/div>\n\n<h2 class=\"wp-block-heading\">\u010eal\u0161ie mobiln\u00e9 vys\u00e1va\u010de zna\u010dky OberA<\/h2>\n\n<div class=\"wp-block-columns is-layout-flex wp-container-core-columns-is-layout-28f84493 wp-block-columns-is-layout-flex\">\n<div class=\"wp-block-column is-layout-flow wp-block-column-is-layout-flow\">\n<figure class=\"wp-block-image aligncenter size-medium\"><a href=\"https:\/\/obera.fr\/produits\/depoussiereurs-industriels\/mobiles\/srf-k\/\"><img decoding=\"async\" width=\"300\" height=\"300\" src=\"https:\/\/obera.fr\/wp-content\/uploads\/2020\/10\/SRF-K-SF-300x300.png\" alt=\"Srf K Sf\" class=\"wp-image-1309\" srcset=\"https:\/\/obera.fr\/wp-content\/uploads\/2020\/10\/SRF-K-SF-300x300.png 300w, https:\/\/obera.fr\/wp-content\/uploads\/2020\/10\/SRF-K-SF-150x150.png 150w, https:\/\/obera.fr\/wp-content\/uploads\/2020\/10\/SRF-K-SF.png 600w\" sizes=\"(max-width: 300px) 100vw, 300px\" \/><\/a><figcaption class=\"wp-element-caption\">SRF-K<\/figcaption><\/figure>\n<\/div>\n\n\n\n<div class=\"wp-block-column is-layout-flow wp-block-column-is-layout-flow\">\n<figure class=\"wp-block-image aligncenter size-medium\"><a href=\"https:\/\/obera.fr\/produits\/depoussiereurs-industriels\/mobiles\/aspiration-poussiere-dustomat-10\/\"><img decoding=\"async\" width=\"300\" height=\"300\" src=\"https:\/\/obera.fr\/wp-content\/uploads\/2020\/10\/extracteur-poussiere-mobile-DUSTOMAT-10-300x300.png\" alt=\"Mobiln&#xFD; vys&#xE1;va&#x10D; prachu Dustomat 10\" class=\"wp-image-1306\" srcset=\"https:\/\/obera.fr\/wp-content\/uploads\/2020\/10\/extracteur-poussiere-mobile-DUSTOMAT-10-300x300.png 300w, https:\/\/obera.fr\/wp-content\/uploads\/2020\/10\/extracteur-poussiere-mobile-DUSTOMAT-10-150x150.png 150w, https:\/\/obera.fr\/wp-content\/uploads\/2020\/10\/extracteur-poussiere-mobile-DUSTOMAT-10.png 600w\" sizes=\"(max-width: 300px) 100vw, 300px\" \/><\/a><figcaption class=\"wp-element-caption\">DUSTOMAT 10<\/figcaption><\/figure>\n<\/div>\n\n\n\n<div class=\"wp-block-column is-layout-flow wp-block-column-is-layout-flow\">\n<figure class=\"wp-block-image aligncenter size-medium\"><a href=\"https:\/\/obera.fr\/produits\/depoussiereurs-industriels\/mobiles\/extracteur-poussiere-pulverulente-dustomat-16m\/\"><img decoding=\"async\" width=\"300\" height=\"300\" src=\"https:\/\/obera.fr\/wp-content\/uploads\/2020\/10\/extracteur-poussiere-pulverulente-DUSTOMAT-16-300x300.png\" alt=\"Ods&#xE1;va&#x10D; prachu Dustomat 16\" class=\"wp-image-1307\" srcset=\"https:\/\/obera.fr\/wp-content\/uploads\/2020\/10\/extracteur-poussiere-pulverulente-DUSTOMAT-16-300x300.png 300w, https:\/\/obera.fr\/wp-content\/uploads\/2020\/10\/extracteur-poussiere-pulverulente-DUSTOMAT-16-150x150.png 150w, https:\/\/obera.fr\/wp-content\/uploads\/2020\/10\/extracteur-poussiere-pulverulente-DUSTOMAT-16.png 600w\" sizes=\"(max-width: 300px) 100vw, 300px\" \/><\/a><figcaption class=\"wp-element-caption\">DUSTOMAT 16<\/figcaption><\/figure>\n<\/div>\n\n\n\n<div class=\"wp-block-column is-layout-flow wp-block-column-is-layout-flow\">\n<figure class=\"wp-block-image aligncenter size-medium\"><a href=\"https:\/\/obera.fr\/produits\/depoussiereurs-industriels\/mobiles\/extracteur-poussiere-dustomat-4\/\"><img decoding=\"async\" width=\"300\" height=\"300\" src=\"https:\/\/obera.fr\/wp-content\/uploads\/2023\/02\/dustomat-4-300x300.png\" alt=\"Ods&#xE1;va&#x10D; prachu Dustomat 4\" class=\"wp-image-19008\" srcset=\"https:\/\/obera.fr\/wp-content\/uploads\/2023\/02\/dustomat-4-300x300.png 300w, https:\/\/obera.fr\/wp-content\/uploads\/2023\/02\/dustomat-4-150x150.png 150w, https:\/\/obera.fr\/wp-content\/uploads\/2023\/02\/dustomat-4.png 500w\" sizes=\"(max-width: 300px) 100vw, 300px\" \/><\/a><figcaption class=\"wp-element-caption\">Dustomat 4<\/figcaption><\/figure>\n<\/div>\n<\/div>\n\n<div class=\"wp-block-columns is-layout-flex wp-container-core-columns-is-layout-28f84493 wp-block-columns-is-layout-flex\">\n<div class=\"wp-block-column is-layout-flow wp-block-column-is-layout-flow\">\n<figure class=\"wp-block-image aligncenter size-medium is-resized\"><a href=\"https:\/\/obera.fr\/produits\/depoussiereurs-industriels\/mobiles\/extracteur-de-poussiere-dustomat-dry\/#more-24274\"><img decoding=\"async\" width=\"300\" height=\"300\" src=\"https:\/\/obera.fr\/wp-content\/uploads\/2023\/09\/dustomat-dry-300x300.png\" alt=\"dustomat dry\" class=\"wp-image-24355\" style=\"width:auto;height:250px\" srcset=\"https:\/\/obera.fr\/wp-content\/uploads\/2023\/09\/dustomat-dry-300x300.png 300w, https:\/\/obera.fr\/wp-content\/uploads\/2023\/09\/dustomat-dry-150x150.png 150w, https:\/\/obera.fr\/wp-content\/uploads\/2023\/09\/dustomat-dry.png 320w\" sizes=\"(max-width: 300px) 100vw, 300px\" \/><\/a><figcaption class=\"wp-element-caption\">DUSTOMAT DRY<\/figcaption><\/figure>\n<\/div>\n\n\n\n<div class=\"wp-block-column is-layout-flow wp-block-column-is-layout-flow\"><\/div>\n<\/div>\n","protected":false},"excerpt":{"rendered":"<p>Objavte mokr\u00fd vys\u00e1va\u010d NA 2.2 na vys\u00e1vanie lepkav\u00fdch l\u00e1tok a prachu so srpkov\u00fdm efektom, ktor\u00fd vznik\u00e1 vo va\u0161ich diel\u0148ach. NA 2.2 Mokr\u00fd zbera\u010d prachu: prev\u00e1dzka a pou\u017e\u00edvanie Filtra\u010dn\u00fd syst\u00e9m pou\u017e\u00edvan\u00fd v mokr\u00fdch odlu\u010dova\u010doch prachu je zalo\u017een\u00fd na princ\u00edpe odstredivej sily, pri\u010dom ako filtra\u010dn\u00e9 m\u00e9dium sa pou\u017e\u00edva voda. Z praktick\u00e9ho h\u013eadiska sa vzduch pln\u00fd jemn\u00fdch \u010dast\u00edc a prachu zachyt\u00e1va v zbera\u010di prachu pomocou zabudovan\u00e9ho ventil\u00e1tora. Vzduch sa potom nas\u00fdti vodou prostredn\u00edctvom rozpra\u0161ovac\u00edch d\u00fdz, \u010d\u00edm sa prach aglomeruje a \u013eah\u0161ie sa zachyt\u00e1va. Na oddelenie \u010dast\u00edc sa vzduch a voda ot\u00e1\u010daj\u00fa vysokou r\u00fdchlos\u0165ou a vrhaj\u00fa ich proti stene vys\u00e1va\u010da (princ\u00edp v\u00edrenia). \u010cist\u00fd vzduch &#8230; <\/p>\n<p class=\"read-more-container\"><a title=\"NA 2.2: mobiln\u00fd mokr\u00fd zbera\u010d prachu\" class=\"read-more button\" href=\"https:\/\/obera.fr\/sk\/produits\/depoussiereurs-industriels\/mobiles\/na-2-2-depoussiereur-a-voie-humide\/#more-44216\" aria-label=\"Pre\u010d\u00edtajte si viac o NA 2.2: mobiln\u00fd mokr\u00fd zbera\u010d prachu\">Lire la suite<\/a><\/p>\n","protected":false},"author":4,"featured_media":83749,"parent":46881,"menu_order":0,"comment_status":"closed","ping_status":"closed","template":"","meta":{"_acf_changed":false,"_seopress_robots_primary_cat":"","_seopress_titles_title":"","_seopress_titles_desc":"","_seopress_robots_index":"","footnotes":""},"class_list":{"0":"post-44216","1":"page","2":"type-page","3":"status-publish","4":"has-post-thumbnail","6":"no-featured-image-padding","7":"resize-featured-image"},"acf":[],"_links":{"self":[{"href":"https:\/\/obera.fr\/sk\/wp-json\/wp\/v2\/pages\/44216","targetHints":{"allow":["GET"]}}],"collection":[{"href":"https:\/\/obera.fr\/sk\/wp-json\/wp\/v2\/pages"}],"about":[{"href":"https:\/\/obera.fr\/sk\/wp-json\/wp\/v2\/types\/page"}],"author":[{"embeddable":true,"href":"https:\/\/obera.fr\/sk\/wp-json\/wp\/v2\/users\/4"}],"replies":[{"embeddable":true,"href":"https:\/\/obera.fr\/sk\/wp-json\/wp\/v2\/comments?post=44216"}],"version-history":[{"count":7,"href":"https:\/\/obera.fr\/sk\/wp-json\/wp\/v2\/pages\/44216\/revisions"}],"predecessor-version":[{"id":117261,"href":"https:\/\/obera.fr\/sk\/wp-json\/wp\/v2\/pages\/44216\/revisions\/117261"}],"up":[{"embeddable":true,"href":"https:\/\/obera.fr\/sk\/wp-json\/wp\/v2\/pages\/46881"}],"wp:featuredmedia":[{"embeddable":true,"href":"https:\/\/obera.fr\/sk\/wp-json\/wp\/v2\/media\/83749"}],"wp:attachment":[{"href":"https:\/\/obera.fr\/sk\/wp-json\/wp\/v2\/media?parent=44216"}],"curies":[{"name":"wp","href":"https:\/\/api.w.org\/{rel}","templated":true}]}}