{"id":44223,"date":"2020-08-26T12:38:40","date_gmt":"2020-08-26T10:38:40","guid":{"rendered":"https:\/\/obera.fr\/nase-produkty\/priemyselne-cisticky-vzduchu\/cisticka-vzduchu-filtower\/"},"modified":"2025-03-07T16:30:35","modified_gmt":"2025-03-07T14:30:35","slug":"filtower","status":"publish","type":"page","link":"https:\/\/obera.fr\/sk\/produits\/purificateurs-air\/filtower\/","title":{"rendered":"\u010cisti\u010dka vzduchu Filtower"},"content":{"rendered":"\n\n\n\n<h2 class=\"wp-block-heading\" id=\"centrale-de-traitement-d-air-sans-tuyauterie-ni-montage\">Vzduchotechnick\u00e1 jednotka bez potrubia alebo mont\u00e1\u017ee<\/h2>\n\n\n\n<div class=\"wp-block-columns is-layout-flex wp-container-core-columns-is-layout-28f84493 wp-block-columns-is-layout-flex\">\n<div class=\"wp-block-column is-layout-flow wp-block-column-is-layout-flow\" style=\"flex-basis:33.33%\">\n<figure class=\"wp-block-image aligncenter size-medium\"><img decoding=\"async\" width=\"184\" height=\"300\" src=\"https:\/\/obera.fr\/wp-content\/uploads\/2024\/02\/design-sans-titre-1-184x300.png\" alt=\"dizajn bez n\u00e1zvu 1\" class=\"wp-image-28336\" srcset=\"https:\/\/obera.fr\/wp-content\/uploads\/2024\/02\/design-sans-titre-1-184x300.png 184w, https:\/\/obera.fr\/wp-content\/uploads\/2024\/02\/design-sans-titre-1.png 496w\" sizes=\"(max-width: 184px) 100vw, 184px\" \/><\/figure>\n<\/div>\n\n\n\n<div class=\"wp-block-column is-layout-flow wp-block-column-is-layout-flow\" style=\"flex-basis:66.66%\">\n<p><a href=\"https:\/\/obera.fr\/sk\/produits\/purificateurs-air\/\" data-type=\"page\" data-id=\"26\">\u010cisti\u010dka vzduchu<\/a> FILTOWER sa \u010dasto pou\u017e\u00edva v spojen\u00ed s ods\u00e1vac\u00edm syst\u00e9mom pri zdroji na ods\u00e1vanie a filtrovanie prachu, zv\u00e1rac\u00edch dymov a olejovej hmly.<\/p>\n\n\n\n<p>FILTOWER sa pou\u017e\u00edva na :<\/p>\n\n\n\n<ul class=\"wp-block-list\">\n<li>V\u00fdrazne zlep\u0161i\u0165 kvalitu ovzdu\u0161ia v dielni.<\/li>\n\n\n\n<li>Dodr\u017eiavanie regula\u010dn\u00fdch hodn\u00f4t na pracovisku.<\/li>\n\n\n\n<li>Dokon\u010dite syst\u00e9m zachyt\u00e1vania zdrojov.<\/li>\n\n\n\n<li>Zv\u00e1racie procesy, pri ktor\u00fdch nie je mo\u017en\u00e9 zachyti\u0165 zdroj alebo je zachytenie zdroja m\u00e1lo \u00fa\u010dinn\u00e9.<\/li>\n\n\n\n<li>Zachyt\u00e1vanie rozpt\u00fdlen\u00fdch emisi\u00ed.<\/li>\n<\/ul>\n\n\n\n<p>Jednotky radu <strong>FILTOWER<\/strong> m\u00f4\u017eu u\u0161etri\u0165 a\u017e 70 % n\u00e1kladov na vykurovanie, preto\u017ee teplo z filtrovan\u00e9ho vzduchu sa op\u00e4\u0165 dost\u00e1va do budovy.<\/p>\n\n\n\n<div class=\"wp-block-columns is-layout-flex wp-container-core-columns-is-layout-28f84493 wp-block-columns-is-layout-flex\">\n<div class=\"wp-block-column is-layout-flow wp-block-column-is-layout-flow\" style=\"flex-basis:33.34%\">\n<div class=\"wp-block-buttons is-content-justification-center is-layout-flex wp-container-core-buttons-is-layout-a89b3969 wp-block-buttons-is-layout-flex\">\n<div class=\"wp-block-button\"><a class=\"wp-block-button__link wp-element-button\" href=\"https:\/\/obera.fr\/wp-content\/uploads\/2025\/03\/en-brochure-filtower.pdf\">Stiahnite si bro\u017e\u00faru<\/a><\/div>\n<\/div>\n<\/div>\n\n\n\n<div class=\"wp-block-column is-layout-flow wp-block-column-is-layout-flow\" style=\"flex-basis:33.34%\">\n<div class=\"wp-block-buttons is-horizontal is-content-justification-center is-layout-flex wp-container-core-buttons-is-layout-03627597 wp-block-buttons-is-layout-flex\">\n<div class=\"wp-block-button has-custom-width wp-block-button__width-100\"><a class=\"wp-block-button__link wp-element-button\" href=\"https:\/\/obera.fr\/sk\/kontaktujte-nas\/\">Ve\u010d o tem<\/a><\/div>\n<\/div>\n<\/div>\n\n\n\n<div class=\"wp-block-column is-layout-flow wp-block-column-is-layout-flow\" style=\"flex-basis:33.33%\">\n<div class=\"wp-block-buttons is-content-justification-center is-layout-flex wp-container-core-buttons-is-layout-a89b3969 wp-block-buttons-is-layout-flex\">\n<div class=\"wp-block-button btn-devis-source\"><a class=\"wp-block-button__link wp-element-button\" href=\"https:\/\/obera.fr\/sk\/devis\/\">Po\u017eiada\u0165 o cenov\u00fa ponuku<\/a><\/div>\n<\/div>\n\n\n<script>\r\ndocument.addEventListener('DOMContentLoaded', function() {\r\n    \/\/ 1. On cherche le titre H1 de la page\r\n    var h1 = document.querySelector('h1');\r\n    var productTitle = h1 ? h1.innerText.trim() : \"\";\r\n\r\n    \/\/ 2. On cherche les boutons via la classe CSS .btn-devis-source\r\n    var buttons = document.querySelectorAll('.btn-devis-source a');\r\n\r\n    \/\/ 3. Si on a le titre et les boutons, on ajoute le param\u00e8tre\r\n    if (buttons.length > 0 && productTitle !== \"\") {\r\n        var encodedTitle = encodeURIComponent(productTitle);\r\n\r\n        buttons.forEach(function(btn) {\r\n            var currentHref = btn.getAttribute('href');\r\n            \r\n            \/\/ S\u00e9curit\u00e9 pour ne pas ajouter le param\u00e8tre 2 fois\r\n            if (currentHref.indexOf('sujet=') === -1) {\r\n                var separator = currentHref.indexOf('?') !== -1 ? '&' : '?';\r\n                var newLink = currentHref + separator + 'sujet=' + encodedTitle;\r\n                \r\n                btn.setAttribute('href', newLink);\r\n            }\r\n        });\r\n    }\r\n});\r\n<\/script><\/div>\n<\/div>\n<\/div>\n<\/div>\n\n\n\n<figure class=\"wp-block-gallery has-nested-images columns-default is-cropped wp-block-gallery-1 is-layout-flex wp-block-gallery-is-layout-flex\">\n<figure class=\"wp-block-image size-large\"><img decoding=\"async\" width=\"1024\" height=\"683\" data-id=\"1247\" src=\"https:\/\/obera.fr\/wp-content\/uploads\/2020\/10\/FILTOWER-fonctionnement.jpg\" alt=\"Filtower Ako to funguje\" class=\"wp-image-1247\" srcset=\"https:\/\/obera.fr\/wp-content\/uploads\/2020\/10\/FILTOWER-fonctionnement.jpg 1024w, https:\/\/obera.fr\/wp-content\/uploads\/2020\/10\/FILTOWER-fonctionnement-300x200.jpg 300w, https:\/\/obera.fr\/wp-content\/uploads\/2020\/10\/FILTOWER-fonctionnement-768x512.jpg 768w\" sizes=\"(max-width: 1024px) 100vw, 1024px\" \/><figcaption class=\"wp-element-caption\">Ako to funguje<\/figcaption><\/figure>\n\n\n\n<figure class=\"wp-block-image size-large\"><img decoding=\"async\" width=\"1024\" height=\"683\" data-id=\"1250\" src=\"https:\/\/obera.fr\/wp-content\/uploads\/2020\/10\/filtower-ouvert.jpg\" alt=\"Otvoren\u00e1 filtra\u010dn\u00e1 ve\u017ea\" class=\"wp-image-1250\" srcset=\"https:\/\/obera.fr\/wp-content\/uploads\/2020\/10\/filtower-ouvert.jpg 1024w, https:\/\/obera.fr\/wp-content\/uploads\/2020\/10\/filtower-ouvert-300x200.jpg 300w, https:\/\/obera.fr\/wp-content\/uploads\/2020\/10\/filtower-ouvert-768x512.jpg 768w\" sizes=\"(max-width: 1024px) 100vw, 1024px\" \/><figcaption class=\"wp-element-caption\">Otvorte str\u00e1nku<\/figcaption><\/figure>\n\n\n\n<figure class=\"wp-block-image size-large\"><img decoding=\"async\" width=\"1024\" height=\"576\" data-id=\"1246\" src=\"https:\/\/obera.fr\/wp-content\/uploads\/2020\/10\/FILTOWER-BAC.jpg\" alt=\"Filtra\u010dn\u00e1 ve\u017ea Bac\" class=\"wp-image-1246\" srcset=\"https:\/\/obera.fr\/wp-content\/uploads\/2020\/10\/FILTOWER-BAC.jpg 1024w, https:\/\/obera.fr\/wp-content\/uploads\/2020\/10\/FILTOWER-BAC-300x169.jpg 300w, https:\/\/obera.fr\/wp-content\/uploads\/2020\/10\/FILTOWER-BAC-768x432.jpg 768w\" sizes=\"(max-width: 1024px) 100vw, 1024px\" \/><figcaption class=\"wp-element-caption\">Z\u00e1sobn\u00edky<\/figcaption><\/figure>\n<\/figure>\n\n\n\n<div class=\"wp-block-columns is-layout-flex wp-container-core-columns-is-layout-28f84493 wp-block-columns-is-layout-flex\">\n<div class=\"wp-block-column is-layout-flow wp-block-column-is-layout-flow\">\n<h3 class=\"wp-block-heading has-text-align-center\" id=\"avantages\">V\u00fdhody<\/h3>\n\n\n\n<ul class=\"wp-block-list\">\n<li>Plug &amp; Play: pripoj\u00edte ho k nap\u00e1janiu, stla\u010den\u00e9mu vzduchu a to je v\u0161etko.<\/li>\n\n\n\n<li>V\u00fdkonn\u00fd a tich\u00fd<\/li>\n\n\n\n<li>\u017diadne ods\u00e1vacie kan\u00e1ly<\/li>\n\n\n\n<li>Navrhnut\u00e9 tak, aby sa dali \u013eahko premiest\u0148ova\u0165 pomocou vysokozdvi\u017en\u00e9ho voz\u00edka alebo mostov\u00e9ho \u017eeriavu<\/li>\n\n\n\n<li>N\u00edzke n\u00e1klady na \u00fadr\u017ebu v\u010faka automatick\u00e9mu \u010disteniu filtra\u010dn\u00fdch kaziet<\/li>\n<\/ul>\n<\/div>\n\n\n\n<div class=\"wp-block-column is-layout-flow wp-block-column-is-layout-flow\">\n<h3 class=\"wp-block-heading has-text-align-center\" id=\"particularites\">\u0160peci\u00e1lne funkcie<\/h3>\n\n\n\n<ul class=\"wp-block-list\">\n<li>\u00daspora tepla a\u017e do 70 %<\/li>\n\n\n\n<li>Jednoduch\u00e1 bezpra\u0161n\u00e1 v\u00fdmena filtra<\/li>\n\n\n\n<li>Filtra\u010dn\u00e9 kazety s dlhou \u017eivotnos\u0165ou<\/li>\n\n\n\n<li>Nanovl\u00e1kna pre viac ako 99,95 % \u00fa\u010dinnos\u0165 filtr\u00e1cie<\/li>\n\n\n\n<li>Patentovan\u00fd syst\u00e9m predbe\u017enej separ\u00e1cie \u010dast\u00edc<\/li>\n\n\n\n<li>N\u00edzka r\u00fdchlos\u0165 vystre\u013eovania filtrovan\u00e9ho vzduchu<\/li>\n\n\n\n<li>Jednoduch\u00e9 a \u010dist\u00e9 vyp\u00fa\u0161\u0165anie ods\u00e1van\u00e9ho prachu<\/li>\n<\/ul>\n<\/div>\n\n\n\n<div class=\"wp-block-column is-layout-flow wp-block-column-is-layout-flow\">\n<h3 class=\"wp-block-heading has-text-align-center\" id=\"caracteristiques\">Funkcie<\/h3>\n\n\n\n<ul class=\"wp-block-list\">\n<li>V\u00fdrazne zlep\u0161uje kvalitu vzduchu vo v\u00fdrobn\u00fdch diel\u0148ach a dop\u013a\u0148a existuj\u00face syst\u00e9my<\/li>\n<\/ul>\n<\/div>\n<\/div>\n\n\n\n<h2 class=\"wp-block-heading\" id=\"applications\">Aplik\u00e1cie<\/h2>\n\n\n\n<div class=\"wp-block-columns is-layout-flex wp-container-core-columns-is-layout-28f84493 wp-block-columns-is-layout-flex\">\n<div class=\"wp-block-column is-layout-flow wp-block-column-is-layout-flow\">\n<h3 class=\"wp-block-heading has-text-align-center\" id=\"polluants\">Zne\u010dis\u0165uj\u00face l\u00e1tky<\/h3>\n\n\n\n<hr class=\"wp-block-separator has-css-opacity is-style-wide\"\/>\n\n\n\n<div class=\"wp-block-columns is-layout-flex wp-container-core-columns-is-layout-28f84493 wp-block-columns-is-layout-flex\">\n<div class=\"wp-block-column is-layout-flow wp-block-column-is-layout-flow\">\n<figure class=\"wp-block-image aligncenter size-large\"><img decoding=\"async\" width=\"70\" height=\"70\" src=\"https:\/\/obera.fr\/wp-content\/uploads\/2020\/08\/polluants-poussieres.jpg\" alt=\"Zne\u010dis\u0165uj\u00face l\u00e1tky Prach\" class=\"wp-image-675\"\/><figcaption class=\"wp-element-caption\">Prach<\/figcaption><\/figure>\n\n\n\n<figure class=\"wp-block-image aligncenter size-large\"><img decoding=\"async\" width=\"70\" height=\"70\" src=\"https:\/\/obera.fr\/wp-content\/uploads\/2020\/08\/industrie-fumees.jpg\" alt=\"Priemyseln\u00fd dym\" class=\"wp-image-722\"\/><figcaption class=\"wp-element-caption\">V\u00fdpary<\/figcaption><\/figure>\n\n\n\n<figure class=\"wp-block-image aligncenter size-large\"><img decoding=\"async\" width=\"70\" height=\"70\" src=\"https:\/\/obera.fr\/wp-content\/uploads\/2020\/09\/cov.png\" alt=\"Cov\" class=\"wp-image-959\"\/><figcaption class=\"wp-element-caption\">VOCS<\/figcaption><\/figure>\n<\/div>\n\n\n\n<div class=\"wp-block-column is-layout-flow wp-block-column-is-layout-flow\">\n<figure class=\"wp-block-image aligncenter size-large\"><img decoding=\"async\" width=\"70\" height=\"70\" src=\"https:\/\/obera.fr\/wp-content\/uploads\/2020\/08\/industrie-odeur.jpg\" alt=\"Priemyseln\u00fd z\u00e1pach\" class=\"wp-image-723\"\/><figcaption class=\"wp-element-caption\">Z\u00e1pachy<\/figcaption><\/figure>\n\n\n\n<figure class=\"wp-block-image aligncenter size-large\"><img decoding=\"async\" width=\"70\" height=\"70\" src=\"https:\/\/obera.fr\/wp-content\/uploads\/2020\/08\/industrie-brouillard-huile.jpg\" alt=\"Priemyseln\u00fd olej na hmlu\" class=\"wp-image-721\"\/><figcaption class=\"wp-element-caption\">Olejov\u00e1 hmla<\/figcaption><\/figure>\n<\/div>\n<\/div>\n<\/div>\n\n\n\n<div class=\"wp-block-column is-layout-flow wp-block-column-is-layout-flow\">\n<h3 class=\"wp-block-heading has-text-align-center\" id=\"industries\">Odvetvia<\/h3>\n\n\n\n<hr class=\"wp-block-separator has-css-opacity is-style-wide\"\/>\n\n\n\n<div class=\"wp-block-columns is-layout-flex wp-container-core-columns-is-layout-28f84493 wp-block-columns-is-layout-flex\">\n<div class=\"wp-block-column is-layout-flow wp-block-column-is-layout-flow\">\n<figure class=\"wp-block-image aligncenter size-large\"><img decoding=\"async\" width=\"70\" height=\"70\" src=\"https:\/\/obera.fr\/wp-content\/uploads\/2020\/08\/industrie-metallurgie.jpg\" alt=\"Hutn\u00edcky priemysel\" class=\"wp-image-673\"\/><figcaption class=\"wp-element-caption\">Hutn\u00edctvo<\/figcaption><\/figure>\n\n\n\n<figure class=\"wp-block-image aligncenter size-large\"><img decoding=\"async\" width=\"70\" height=\"70\" src=\"https:\/\/obera.fr\/wp-content\/uploads\/2020\/08\/industrie-plastique.jpg\" alt=\"Plastik\u00e1rsky priemysel\" class=\"wp-image-669\"\/><figcaption class=\"wp-element-caption\">Plasty<\/figcaption><\/figure>\n\n\n\n<figure class=\"wp-block-image aligncenter size-large\"><img decoding=\"async\" width=\"70\" height=\"70\" src=\"https:\/\/obera.fr\/wp-content\/uploads\/2020\/08\/industrie-chimie.jpg\" alt=\"Chemick\u00fd priemysel\" class=\"wp-image-725\"\/><figcaption class=\"wp-element-caption\">Chemik\u00e1lie\/Petrochemik\u00e1lie<\/figcaption><\/figure>\n<\/div>\n\n\n\n<div class=\"wp-block-column is-layout-flow wp-block-column-is-layout-flow\">\n<figure class=\"wp-block-image aligncenter size-large\"><img decoding=\"async\" width=\"70\" height=\"70\" src=\"https:\/\/obera.fr\/wp-content\/uploads\/2020\/08\/industrie-bois.jpg\" alt=\"Drev\u00e1rsky priemysel\" class=\"wp-image-672\"\/><figcaption class=\"wp-element-caption\">Spracovanie dreva<\/figcaption><\/figure>\n\n\n\n<figure class=\"wp-block-image aligncenter size-large\"><img decoding=\"async\" width=\"70\" height=\"70\" src=\"https:\/\/obera.fr\/wp-content\/uploads\/2020\/08\/industrie-papier-carton.jpg\" alt=\"Papierensk\u00fd a kart\u00f3nov\u00fd priemysel\" class=\"wp-image-670\"\/><figcaption class=\"wp-element-caption\">Papier\/kart\u00f3n<\/figcaption><\/figure>\n\n\n\n<figure class=\"wp-block-image aligncenter size-large\"><img decoding=\"async\" width=\"70\" height=\"70\" src=\"https:\/\/obera.fr\/wp-content\/uploads\/2020\/08\/industrie-minerai.jpg\" alt=\"Rudn\u00fd priemysel\" class=\"wp-image-724\"\/><figcaption class=\"wp-element-caption\">Miner\u00e1ly<\/figcaption><\/figure>\n<\/div>\n<\/div>\n<\/div>\n<\/div>\n\n\n\n<h2 class=\"wp-block-heading\" id=\"caracteristiques-techniques\">Technick\u00e9 \u0161pecifik\u00e1cie<\/h2>\n\n\n\n<figure class=\"wp-block-table\"><table class=\"has-fixed-layout\"><thead><tr><th>Zariadenie<\/th><th><\/th><th>FILTOWER 100<\/th><th>FILTOWER 160<\/th><th>FILTOWER 200<\/th><\/tr><\/thead><tbody><tr><td>Prietok<\/td><td>m3\/h<\/td><td>10 000<\/td><td>15 000<\/td><td>20 000<\/td><\/tr><tr><td>maxim\u00e1lny podtlak<\/td><td>Pa<\/td><td>2 800<\/td><td>2 800<\/td><td>2 800<\/td><\/tr><tr><td>Nap\u00e1jacie nap\u00e4tie<\/td><td>V<\/td><td>400<\/td><td>400<\/td><td>400<\/td><\/tr><tr><td>Nap\u00e1janie<\/td><td>kW<\/td><td>2 x 3.0<\/td><td>2 x 4.0<\/td><td>2 x 7.5<\/td><\/tr><tr><td>Povrch filtra<\/td><td>m\u00b2<\/td><td>100<\/td><td>160<\/td><td>200<\/td><\/tr><tr><td>Po\u010det filtrov<\/td><td>\u010cas\u0165<\/td><td>4<\/td><td>4<\/td><td>4<\/td><\/tr><tr><td>Kapacita skladovania prachu<\/td><td>l<\/td><td>150<\/td><td>150<\/td><td>150<\/td><\/tr><tr><td>Rozmery<\/td><td>l\/L\/h (mm)<\/td><td>2060x1510x2950<\/td><td>2060x1510x3350<\/td><td>2060x1510x3850<\/td><\/tr><tr><td>Hmotnos\u0165<\/td><td>kg<\/td><td>1 100<\/td><td>1 200<\/td><td>1 500<\/td><\/tr><tr><td>\u00darove\u0148 zvuku<\/td><td>dB(A)<\/td><td>71<\/td><td>75<\/td><td>77<\/td><\/tr><\/tbody><\/table><\/figure>\n\n\n\n<h3 class=\"wp-block-heading\" id=\"en-option\">Volite\u013en\u00e9<\/h3>\n\n\n\n<div class=\"wp-block-columns is-layout-flex wp-container-core-columns-is-layout-28f84493 wp-block-columns-is-layout-flex\">\n<div class=\"wp-block-column is-layout-flow wp-block-column-is-layout-flow\">\n<figure class=\"wp-block-image aligncenter size-large\"><img decoding=\"async\" width=\"100\" height=\"100\" src=\"https:\/\/obera.fr\/wp-content\/uploads\/2020\/09\/Appareil-de-controle.jpg\" alt=\"Riadiace zariadenie\" class=\"wp-image-961\"\/><figcaption class=\"wp-element-caption\">Priebe\u017en\u00e9 meranie<\/figcaption><\/figure>\n<\/div>\n\n\n\n<div class=\"wp-block-column is-layout-flow wp-block-column-is-layout-flow\">\n<figure class=\"wp-block-image aligncenter size-large\"><img decoding=\"async\" width=\"100\" height=\"100\" src=\"https:\/\/obera.fr\/wp-content\/uploads\/2020\/09\/Charbon-actif-100x100-1.jpg\" alt=\"Akt\u00edvne uhlie 100x100\" class=\"wp-image-963\"\/><\/figure>\n\n\n\n<p class=\"has-text-align-center\">Filter s akt\u00edvnym uhl\u00edm<\/p>\n<\/div>\n\n\n\n<div class=\"wp-block-column is-layout-flow wp-block-column-is-layout-flow\">\n<figure class=\"wp-block-image aligncenter size-large\"><img decoding=\"async\" width=\"150\" height=\"150\" src=\"https:\/\/obera.fr\/wp-content\/uploads\/2020\/11\/4-industrie-4-0.jpg\" alt=\"4 Priemysel 4 0\" class=\"wp-image-1641\"\/><figcaption class=\"wp-element-caption\">Priemysel 4.0<\/figcaption><\/figure>\n<\/div>\n<\/div>\n\n\n\n<hr class=\"wp-block-separator has-css-opacity is-style-dots\"\/>\n\n\n\n<div class=\"wp-block-buttons is-horizontal is-content-justification-center is-layout-flex wp-container-core-buttons-is-layout-03627597 wp-block-buttons-is-layout-flex\">\n<div class=\"wp-block-button has-custom-width wp-block-button__width-100\"><a class=\"wp-block-button__link wp-element-button\" href=\"https:\/\/obera.fr\/sk\/kontaktujte-nas\/\">Ve\u010d o tem<\/a><\/div>\n<\/div>\n\n\n\n<h2 class=\"wp-block-heading\" id=\"les-autres-purificateurs-d-air\">Ostatn\u00e9 \u010disti\u010dky vzduchu<\/h2>\n\n\n\n<div class=\"wp-block-columns is-layout-flex wp-container-core-columns-is-layout-28f84493 wp-block-columns-is-layout-flex\">\n<div class=\"wp-block-column is-vertically-aligned-center is-layout-flow wp-block-column-is-layout-flow\">\n<figure class=\"wp-block-image aligncenter size-thumbnail\"><a href=\"https:\/\/obera.fr\/produits\/purificateurs-air\/poussieres-epur-b01-ecoprime\/\"><img decoding=\"async\" width=\"150\" height=\"150\" src=\"https:\/\/obera.fr\/wp-content\/uploads\/2020\/09\/epur-b01-ecoprime-150x150.jpg\" alt=\"Epur B01 Ecoprime\" class=\"wp-image-1008\" srcset=\"https:\/\/obera.fr\/wp-content\/uploads\/2020\/09\/epur-b01-ecoprime-150x150.jpg 150w, https:\/\/obera.fr\/wp-content\/uploads\/2020\/09\/epur-b01-ecoprime-300x300.jpg 300w, https:\/\/obera.fr\/wp-content\/uploads\/2020\/09\/epur-b01-ecoprime.jpg 433w\" sizes=\"(max-width: 150px) 100vw, 150px\" \/><\/a><figcaption class=\"wp-element-caption\">ePUR B01 Ecoprime<\/figcaption><\/figure>\n<\/div>\n\n\n\n<div class=\"wp-block-column is-layout-flow wp-block-column-is-layout-flow\">\n<figure class=\"wp-block-image aligncenter size-medium is-resized\"><a href=\"https:\/\/obera.fr\/produits\/purificateurs-air\/professionnel-epur-ca\/\"><img decoding=\"async\" width=\"300\" height=\"300\" src=\"https:\/\/obera.fr\/wp-content\/uploads\/2020\/09\/gamme-epur-ca-300x300.jpg\" alt=\"Rozsah Epur Ca\" class=\"wp-image-1015\" style=\"width:150px;height:150px\" srcset=\"https:\/\/obera.fr\/wp-content\/uploads\/2020\/09\/gamme-epur-ca-300x300.jpg 300w, https:\/\/obera.fr\/wp-content\/uploads\/2020\/09\/gamme-epur-ca-150x150.jpg 150w, https:\/\/obera.fr\/wp-content\/uploads\/2020\/09\/gamme-epur-ca.jpg 433w\" sizes=\"(max-width: 300px) 100vw, 300px\" \/><\/a><figcaption class=\"wp-element-caption\">ePUR CA<\/figcaption><\/figure>\n<\/div>\n\n\n\n<div class=\"wp-block-column is-layout-flow wp-block-column-is-layout-flow\">\n<figure class=\"wp-block-image aligncenter size-full\"><a href=\"https:\/\/obera.fr\/produits\/purificateurs-air\/industriel-epur\/\"><img decoding=\"async\" width=\"150\" height=\"150\" src=\"https:\/\/obera.fr\/wp-content\/uploads\/2023\/05\/gamme-epur.png\" alt=\"rozsah epur\" class=\"wp-image-22632\"\/><\/a><figcaption class=\"wp-element-caption\">ePUR<\/figcaption><\/figure>\n<\/div>\n\n\n\n<div class=\"wp-block-column is-layout-flow wp-block-column-is-layout-flow\">\n<figure class=\"wp-block-image aligncenter size-full is-resized\"><a href=\"https:\/\/obera.fr\/produits\/purificateurs-air\/purificateur-rafraichisseur-epur150-fresh\/\"><img decoding=\"async\" width=\"150\" height=\"150\" src=\"https:\/\/obera.fr\/wp-content\/uploads\/2023\/04\/epur150-fresh-4.png\" alt=\"epur150 \u010derstv\u00e9 (4)\" class=\"wp-image-22427\" style=\"width:150px;height:150px\"\/><\/a><figcaption class=\"wp-element-caption\">ePUR150 FRESH<\/figcaption><\/figure>\n<\/div>\n<\/div>\n","protected":false},"excerpt":{"rendered":"<p>Vzduchotechnick\u00e1 jednotka bez potrubia alebo mont\u00e1\u017ee \u010cisti\u010dka vzduchu FILTOWER sa \u010dasto pou\u017e\u00edva v spojen\u00ed s ods\u00e1vac\u00edm syst\u00e9mom pri zdroji na ods\u00e1vanie a filtrovanie prachu, zv\u00e1rac\u00edch dymov a olejovej hmly. FILTOWER sa pou\u017e\u00edva na : Jednotky radu FILTOWER m\u00f4\u017eu u\u0161etri\u0165 a\u017e 70 % n\u00e1kladov na vykurovanie, preto\u017ee teplo z filtrovan\u00e9ho vzduchu sa op\u00e4\u0165 dost\u00e1va do budovy. V\u00fdhody \u0160peci\u00e1lne funkcie Funkcie Aplik\u00e1cie Zne\u010dis\u0165uj\u00face l\u00e1tky Odvetvia Technick\u00e9 \u0161pecifik\u00e1cie Zariadenie FILTOWER 100 FILTOWER 160 FILTOWER 200 Prietok m3\/h 10 000 15 000 20 000 maxim\u00e1lny podtlak Pa 2 800 2 800 2 800 Nap\u00e1jacie nap\u00e4tie V 400 400 400 Nap\u00e1janie kW 2 x 3.0 &#8230; <\/p>\n<p class=\"read-more-container\"><a title=\"\u010cisti\u010dka vzduchu Filtower\" class=\"read-more button\" href=\"https:\/\/obera.fr\/sk\/produits\/purificateurs-air\/filtower\/#more-44223\" aria-label=\"Pre\u010d\u00edtajte si viac o \u010cisti\u010dka vzduchu Filtower\">Lire la suite<\/a><\/p>\n","protected":false},"author":4,"featured_media":83749,"parent":37710,"menu_order":0,"comment_status":"closed","ping_status":"closed","template":"","meta":{"_acf_changed":false,"_seopress_robots_primary_cat":"","_seopress_titles_title":"Objavte \u010disti\u010dku vzduchu Filtower od spolo\u010dnosti OberA","_seopress_titles_desc":"\u010cisti\u010dka vzduchu FILTOWER od spolo\u010dnosti oberA sa pou\u017e\u00edva na ods\u00e1vanie a filtrovanie prachu, zv\u00e1rac\u00edch dymov a olejovej hmly.","_seopress_robots_index":"","footnotes":""},"class_list":{"0":"post-44223","1":"page","2":"type-page","3":"status-publish","4":"has-post-thumbnail","6":"no-featured-image-padding","7":"resize-featured-image"},"acf":[],"_links":{"self":[{"href":"https:\/\/obera.fr\/sk\/wp-json\/wp\/v2\/pages\/44223","targetHints":{"allow":["GET"]}}],"collection":[{"href":"https:\/\/obera.fr\/sk\/wp-json\/wp\/v2\/pages"}],"about":[{"href":"https:\/\/obera.fr\/sk\/wp-json\/wp\/v2\/types\/page"}],"author":[{"embeddable":true,"href":"https:\/\/obera.fr\/sk\/wp-json\/wp\/v2\/users\/4"}],"replies":[{"embeddable":true,"href":"https:\/\/obera.fr\/sk\/wp-json\/wp\/v2\/comments?post=44223"}],"version-history":[{"count":5,"href":"https:\/\/obera.fr\/sk\/wp-json\/wp\/v2\/pages\/44223\/revisions"}],"predecessor-version":[{"id":71700,"href":"https:\/\/obera.fr\/sk\/wp-json\/wp\/v2\/pages\/44223\/revisions\/71700"}],"up":[{"embeddable":true,"href":"https:\/\/obera.fr\/sk\/wp-json\/wp\/v2\/pages\/37710"}],"wp:featuredmedia":[{"embeddable":true,"href":"https:\/\/obera.fr\/sk\/wp-json\/wp\/v2\/media\/83749"}],"wp:attachment":[{"href":"https:\/\/obera.fr\/sk\/wp-json\/wp\/v2\/media?parent=44223"}],"curies":[{"name":"wp","href":"https:\/\/api.w.org\/{rel}","templated":true}]}}