{"id":44430,"date":"2021-03-09T13:26:35","date_gmt":"2021-03-09T11:26:35","guid":{"rendered":"https:\/\/obera.fr\/360-odsavaci-stol\/"},"modified":"2025-06-30T10:08:02","modified_gmt":"2025-06-30T08:08:02","slug":"table-rotative-360","status":"publish","type":"page","link":"https:\/\/obera.fr\/sk\/produits\/tables-aspirantes\/table-rotative-360\/","title":{"rendered":"360\u00b0 ods\u00e1vac\u00ed st\u00f4l"},"content":{"rendered":"\n\n<h2 class=\"wp-block-heading\" id=\"table-d-extraction-rotative\">Rota\u010dn\u00fd ods\u00e1vac\u00ed st\u00f4l<\/h2>\n\n<div class=\"wp-block-columns is-layout-flex wp-container-core-columns-is-layout-28f84493 wp-block-columns-is-layout-flex\">\n<div class=\"wp-block-column is-layout-flow wp-block-column-is-layout-flow\" style=\"flex-basis:33.33%\">\n<figure class=\"wp-block-image aligncenter size-large\"><img decoding=\"async\" width=\"1024\" height=\"1024\" src=\"https:\/\/obera.fr\/wp-content\/uploads\/2025\/01\/image-table-aspirante-rotative-1024x1024.jpg\" alt=\"obr&#xE1;zok rota&#x10D;n&#xFD; ods&#xE1;vac&#xED; st&#xF4;l\" class=\"wp-image-57698\" srcset=\"https:\/\/obera.fr\/wp-content\/uploads\/2025\/01\/image-table-aspirante-rotative-1024x1024.jpg 1024w, https:\/\/obera.fr\/wp-content\/uploads\/2025\/01\/image-table-aspirante-rotative-300x300.jpg 300w, https:\/\/obera.fr\/wp-content\/uploads\/2025\/01\/image-table-aspirante-rotative-150x150.jpg 150w, https:\/\/obera.fr\/wp-content\/uploads\/2025\/01\/image-table-aspirante-rotative-768x768.jpg 768w, https:\/\/obera.fr\/wp-content\/uploads\/2025\/01\/image-table-aspirante-rotative-400x400.jpg 400w, https:\/\/obera.fr\/wp-content\/uploads\/2025\/01\/image-table-aspirante-rotative-600x600.jpg 600w, https:\/\/obera.fr\/wp-content\/uploads\/2025\/01\/image-table-aspirante-rotative.jpg 1200w\" sizes=\"(max-width: 1024px) 100vw, 1024px\" \/><figcaption class=\"wp-element-caption\">\nObraz rota\u010dn\u00e9ho ods\u00e1vacieho stola<\/figcaption><\/figure>\n<\/div>\n\n\n\n<div class=\"wp-block-column is-layout-flow wp-block-column-is-layout-flow\" style=\"flex-basis:66.66%\">\n<p>Extrak\u010dn\u00fd st\u00f4l s uhlom 360\u00b0 je obzvl\u00e1\u0161\u0165 vhodn\u00fd na mechanick\u00e9 a tepeln\u00e9 separa\u010dn\u00e9 procesy. Funkcia ot\u00e1\u010dania stola okolo vlastnej osi umo\u017e\u0148uje pou\u017e\u00edvate\u013eom \u00fapln\u00fd pr\u00edstup k obrobku, \u010d\u00edm sa zni\u017euje po\u010det zd\u013ahav\u00fdch up\u00ednac\u00edch procesov.  <\/p>\n\n\n\n<p>V\u010faka optimalizovan\u00e9mu pr\u00fadeniu vzduchu a flexibiln\u00e9mu krytu nad pracovn\u00fdm priestorom 360\u00b0 ods\u00e1vac\u00ed st\u00f4l \u00fa\u010dinne chr\u00e1ni zamestnancov pred prachom a dymom.  <\/p>\n\n\n\n<p>Ergonomick\u00e1 kon\u0161trukcia tohto stola umo\u017e\u0148uje v pr\u00edpade potreby nastavi\u0165 jeho v\u00fd\u0161ku, \u010do zaru\u010duje bezpe\u010dn\u00e9 a pr\u00edjemn\u00e9 pracovn\u00e9 podmienky.<\/p>\n\n\n\n<div style=\"height:30px\" aria-hidden=\"true\" class=\"wp-block-spacer\"><\/div>\n\n\n\n<div class=\"wp-block-columns is-layout-flex wp-container-core-columns-is-layout-28f84493 wp-block-columns-is-layout-flex\">\n<div class=\"wp-block-column is-layout-flow wp-block-column-is-layout-flow\" style=\"flex-basis:33.33%\">\n<div class=\"wp-block-buttons is-layout-flex wp-block-buttons-is-layout-flex\">\n<div class=\"wp-block-button\"><a class=\"wp-block-button__link wp-element-button\" href=\"https:\/\/obera.fr\/wp-content\/uploads\/2025\/04\/brochure-table-aspirante-rotative-.pdf\">STIAHNU\u0164 BRO\u017d\u00daRU<\/a><\/div>\n<\/div>\n<\/div>\n\n\n\n<div class=\"wp-block-column is-layout-flow wp-block-column-is-layout-flow\" style=\"flex-basis:33.34%\">\n<div class=\"wp-block-buttons is-horizontal is-content-justification-center is-layout-flex wp-container-core-buttons-is-layout-03627597 wp-block-buttons-is-layout-flex\">\n<div class=\"wp-block-button has-custom-width wp-block-button__width-100\"><a class=\"wp-block-button__link wp-element-button\" href=\"https:\/\/obera.fr\/sk\/kontaktujte-nas\/\">Ve\u010d o tem<\/a><\/div>\n<\/div>\n<\/div>\n\n\n\n<div class=\"wp-block-column is-layout-flow wp-block-column-is-layout-flow\" style=\"flex-basis:33.34%\">\n<div class=\"wp-block-buttons is-content-justification-center is-layout-flex wp-container-core-buttons-is-layout-a89b3969 wp-block-buttons-is-layout-flex\">\n<div class=\"wp-block-button btn-devis-source\"><a class=\"wp-block-button__link wp-element-button\" href=\"https:\/\/obera.fr\/sk\/devis\/\">Po\u017eiada\u0165 o cenov\u00fa ponuku<\/a><\/div>\n<\/div>\n\n\n<script>\r\ndocument.addEventListener('DOMContentLoaded', function() {\r\n    \/\/ 1. On cherche le titre H1 de la page\r\n    var h1 = document.querySelector('h1');\r\n    var productTitle = h1 ? h1.innerText.trim() : \"\";\r\n\r\n    \/\/ 2. On cherche les boutons via la classe CSS .btn-devis-source\r\n    var buttons = document.querySelectorAll('.btn-devis-source a');\r\n\r\n    \/\/ 3. Si on a le titre et les boutons, on ajoute le param\u00e8tre\r\n    if (buttons.length > 0 && productTitle !== \"\") {\r\n        var encodedTitle = encodeURIComponent(productTitle);\r\n\r\n        buttons.forEach(function(btn) {\r\n            var currentHref = btn.getAttribute('href');\r\n            \r\n            \/\/ S\u00e9curit\u00e9 pour ne pas ajouter le param\u00e8tre 2 fois\r\n            if (currentHref.indexOf('sujet=') === -1) {\r\n                var separator = currentHref.indexOf('?') !== -1 ? '&' : '?';\r\n                var newLink = currentHref + separator + 'sujet=' + encodedTitle;\r\n                \r\n                btn.setAttribute('href', newLink);\r\n            }\r\n        });\r\n    }\r\n});\r\n<\/script><\/div>\n<\/div>\n<\/div>\n<\/div>\n\n<p><\/p>\n\n<div class=\"wp-block-columns is-layout-flex wp-container-core-columns-is-layout-28f84493 wp-block-columns-is-layout-flex\">\n<div class=\"wp-block-column is-layout-flow wp-block-column-is-layout-flow\">\n<h3 class=\"wp-block-heading has-text-align-center\" id=\"avantages\">BENEFITS<\/h3>\n\n\n\n<ul class=\"wp-block-list\">\n<li>Vy\u0161\u0161ia efektivita pri obr\u00e1ban\u00ed dielov<\/li>\n\n\n\n<li>\u00daspora \u010dasu  <\/li>\n\n\n\n<li>Vysok\u00e1 ergon\u00f3mia<\/li>\n\n\n\n<li>Zn\u00ed\u017eenie zne\u010distenia na pracovisku<\/li>\n\n\n\n<li>Optimalizovan\u00e1 bezpe\u010dnos\u0165 pri pr\u00e1ci<\/li>\n<\/ul>\n<\/div>\n\n\n\n<div class=\"wp-block-column is-layout-flow wp-block-column-is-layout-flow\">\n<h3 class=\"wp-block-heading has-text-align-center\" id=\"particularites\">\u0160peci\u00e1lne funkcie<\/h3>\n\n\n\n<ul class=\"wp-block-list\">\n<li>Sklopn\u00fd bo\u010dn\u00fd panel (bez krytu)<\/li>\n\n\n\n<li>Miestnos\u0165 pr\u00edstupn\u00e1 zo v\u0161etk\u00fdch str\u00e1n (a\u017e 360 stup\u0148ov)<\/li>\n\n\n\n<li>Maxim\u00e1lna \u0161\u00edrka miestnosti: 900 mm (s uzavret\u00fdmi stenami)<\/li>\n\n\n\n<li>Vy\u017eaduje pribli\u017ene 2500 m3\/h vzduchu<\/li>\n\n\n\n<li>Sacia d\u00fdza v prednej \u010dasti<\/li>\n\n\n\n<li>Nastavite\u013en\u00fd doraz<\/li>\n<\/ul>\n<\/div>\n\n\n\n<div class=\"wp-block-column is-layout-flow wp-block-column-is-layout-flow\">\n<h3 class=\"wp-block-heading has-text-align-center\" id=\"caracteristiques\">funkcie<\/h3>\n\n\n\n<ul class=\"wp-block-list\">\n<li>Plynul\u00e9 elektrick\u00e9 nastavenie v\u00fd\u0161ky (980 a\u017e 1800 mm)<\/li>\n\n\n\n<li>Kovov\u00e1 mrie\u017eka alebo zver\u00e1k<\/li>\n\n\n\n<li>Magnetick\u00e9 ochrann\u00e9 \u010de\u013euste<\/li>\n\n\n\n<li>Osvetlenie<\/li>\n\n\n\n<li>Individu\u00e1lna platforma<\/li>\n\n\n\n<li>V s\u00falade s ATEX  <\/li>\n<\/ul>\n\n\n\n<p><\/p>\n<\/div>\n<\/div>\n\n<div class=\"wp-block-buttons is-content-justification-center is-layout-flex wp-container-core-buttons-is-layout-a89b3969 wp-block-buttons-is-layout-flex\">\n<div class=\"wp-block-button\"><a class=\"wp-block-button__link wp-element-button\" href=\"https:\/\/obera.fr\/wp-content\/uploads\/2024\/02\/brochure-table-aspirante-rotative-.pdf\">Stiahnite si dokument\u00e1ciu<\/a><\/div>\n<\/div>\n\n<h3 class=\"wp-block-heading\" id=\"quels-polluants-traiter-sur-notre-table-aspirante\">Ak\u00e9 zne\u010dis\u0165uj\u00face l\u00e1tky by sa mali spracov\u00e1va\u0165 na na\u0161om ods\u00e1vacom stole?<\/h3>\n\n<p>N\u00e1\u0161 360\u00b0 <a href=\"https:\/\/obera.fr\/sk\/produits\/tables-aspirantes\/\">ods\u00e1vac\u00ed st\u00f4l<\/a> si porad\u00ed so \u0161irokou \u0161k\u00e1lou zne\u010dis\u0165uj\u00facich l\u00e1tok, ide\u00e1lne s \u0165a\u017ek\u00fdmi zne\u010dis\u0165uj\u00facimi l\u00e1tkami, ktor\u00e9 maj\u00fa tendenciu usadzova\u0165 sa.  <\/p>\n\n<p>Pr\u00edkladom s\u00fa kovov\u00e9 prachy, zv\u00e1racie v\u00fdpary, plastov\u00e9 triesky, miner\u00e1lne prachy, bet\u00f3nov\u00e9 prachy, v\u00fdpary a kompozitn\u00e9 materi\u00e1ly.<\/p>\n\n<h2 class=\"wp-block-heading\" id=\"a-quelles-utilisations-convient-elle\">Ak\u00e9 s\u00fa jeho mo\u017enosti pou\u017eitia?<\/h2>\n\n<p>Tieto zne\u010dis\u0165uj\u00face l\u00e1tky vznikaj\u00fa najm\u00e4 pri procesoch, ako je zv\u00e1ranie, sp\u00e1jkovanie, p\u00edlenie, rezanie, br\u00fasenie, le\u0161tenie, obr\u00e1banie, fr\u00e9zovanie a odde\u013eovanie materi\u00e1lu. Tieto procesy prebiehaj\u00fa v priemyseln\u00fdch odvetviach, ako je metalurgia, v\u00fdroba plastov, drevospracuj\u00faci priemysel, textiln\u00fd priemysel, \u0165a\u017eba nerastn\u00fdch surov\u00edn, chemick\u00fd a petrochemick\u00fd priemysel a v\u00fdroba papiera a lepenky.<\/p>\n\n<div class=\"wp-block-columns is-layout-flex wp-container-core-columns-is-layout-28f84493 wp-block-columns-is-layout-flex\">\n<div class=\"wp-block-column is-layout-flow wp-block-column-is-layout-flow\">\n<h3 class=\"wp-block-heading has-text-align-center\" id=\"polluants\">POLLUTANTY<\/h3>\n\n\n\n<div class=\"wp-block-columns is-layout-flex wp-container-core-columns-is-layout-28f84493 wp-block-columns-is-layout-flex\">\n<div class=\"wp-block-column is-layout-flow wp-block-column-is-layout-flow\">\n<figure class=\"wp-block-image aligncenter size-large\"><img decoding=\"async\" width=\"70\" height=\"70\" src=\"https:\/\/obera.fr\/wp-content\/uploads\/2021\/03\/polluants-poussieres-1.jpg\" alt=\"prachov&#xE9; zne&#x10D;is&#x165;uj&#xFA;ce l&#xE1;tky 1\" class=\"wp-image-4969\"\/><figcaption class=\"wp-element-caption\">Prach<\/figcaption><\/figure>\n\n\n\n<figure class=\"wp-block-image aligncenter size-large\"><img decoding=\"async\" width=\"70\" height=\"70\" src=\"https:\/\/obera.fr\/wp-content\/uploads\/2021\/03\/industrie-fumees.jpg\" alt=\"priemyseln&#xE9; v&#xFD;pary\" class=\"wp-image-4971\"\/><figcaption class=\"wp-element-caption\">V\u00fdpary<\/figcaption><\/figure>\n\n\n\n<figure class=\"wp-block-image aligncenter size-large\"><img decoding=\"async\" width=\"70\" height=\"70\" src=\"https:\/\/obera.fr\/wp-content\/uploads\/2021\/03\/industrie-brouillard-huile.jpg\" alt=\"priemysel olejovej hmly\" class=\"wp-image-4973\"\/><figcaption class=\"wp-element-caption\">Olejov\u00e1 hmla<\/figcaption><\/figure>\n<\/div>\n\n\n\n<div class=\"wp-block-column is-layout-flow wp-block-column-is-layout-flow\">\n<figure class=\"wp-block-image aligncenter size-large\"><img decoding=\"async\" width=\"70\" height=\"70\" src=\"https:\/\/obera.fr\/wp-content\/uploads\/2021\/03\/polluants-copeaux-bois.jpg\" alt=\"zne&#x10D;is&#x165;uj&#xFA;ce l&#xE1;tky z drevnej &#x161;tiepky\" class=\"wp-image-4970\"\/><figcaption class=\"wp-element-caption\">Chipsy<\/figcaption><\/figure>\n\n\n\n<figure class=\"wp-block-image aligncenter size-large\"><img decoding=\"async\" width=\"70\" height=\"70\" src=\"https:\/\/obera.fr\/wp-content\/uploads\/2021\/03\/industrie-odeur-2.jpg\" alt=\"priemysel z&#xE1;pachu 2\" class=\"wp-image-4972\"\/><figcaption class=\"wp-element-caption\">Z\u00e1pachy<\/figcaption><\/figure>\n\n\n\n<figure class=\"wp-block-image aligncenter size-large\"><img decoding=\"async\" width=\"70\" height=\"70\" src=\"https:\/\/obera.fr\/wp-content\/uploads\/2021\/03\/cov.jpg\" alt=\"cov\" class=\"wp-image-4974\"\/><figcaption class=\"wp-element-caption\">VOCS<\/figcaption><\/figure>\n<\/div>\n<\/div>\n<\/div>\n\n\n\n<div class=\"wp-block-column is-layout-flow wp-block-column-is-layout-flow\">\n<h3 class=\"wp-block-heading has-text-align-center\" id=\"industries\">priemyseln\u00e9 odvetvia<\/h3>\n\n\n\n<div class=\"wp-block-columns is-layout-flex wp-container-core-columns-is-layout-28f84493 wp-block-columns-is-layout-flex\">\n<div class=\"wp-block-column is-layout-flow wp-block-column-is-layout-flow\">\n<figure class=\"wp-block-image aligncenter size-large\"><img decoding=\"async\" width=\"70\" height=\"70\" src=\"https:\/\/obera.fr\/wp-content\/uploads\/2021\/03\/industrie-metallurgie-1.jpg\" alt=\"hutn&#xED;cky priemysel 1\" class=\"wp-image-4975\"\/><figcaption class=\"wp-element-caption\">Hutn\u00edctvo<\/figcaption><\/figure>\n\n\n\n<figure class=\"wp-block-image aligncenter size-large\"><img decoding=\"async\" width=\"70\" height=\"70\" src=\"https:\/\/obera.fr\/wp-content\/uploads\/2021\/03\/industrie-plastique.jpg\" alt=\"plastov&#xFD; priemysel\" class=\"wp-image-4976\"\/><figcaption class=\"wp-element-caption\">Plasty<\/figcaption><\/figure>\n\n\n\n<figure class=\"wp-block-image aligncenter size-large\"><img decoding=\"async\" width=\"70\" height=\"70\" src=\"https:\/\/obera.fr\/wp-content\/uploads\/2021\/03\/industrie-minerai.jpg\" alt=\"nerastn&#xFD; priemysel\" class=\"wp-image-4977\"\/><figcaption class=\"wp-element-caption\">Miner\u00e1ly<\/figcaption><\/figure>\n\n\n\n<figure class=\"wp-block-image aligncenter size-large\"><img decoding=\"async\" width=\"70\" height=\"70\" src=\"https:\/\/obera.fr\/wp-content\/uploads\/2021\/03\/industrie-dechets.jpg\" alt=\"odpadov&#xFD; priemysel\" class=\"wp-image-4978\"\/><figcaption class=\"wp-element-caption\">Zber a triedenie odpadu<\/figcaption><\/figure>\n<\/div>\n\n\n\n<div class=\"wp-block-column is-layout-flow wp-block-column-is-layout-flow\">\n<figure class=\"wp-block-image aligncenter size-large\"><img decoding=\"async\" width=\"70\" height=\"70\" src=\"https:\/\/obera.fr\/wp-content\/uploads\/2021\/03\/industrie-bois.jpg\" alt=\"drev&#xE1;rsky priemysel\" class=\"wp-image-4979\"\/><figcaption class=\"wp-element-caption\">Spracovanie dreva<\/figcaption><\/figure>\n\n\n\n<figure class=\"wp-block-image aligncenter size-large\"><img decoding=\"async\" width=\"70\" height=\"70\" src=\"https:\/\/obera.fr\/wp-content\/uploads\/2021\/03\/industrie-textile.jpg\" alt=\"textiln&#xFD; priemysel\" class=\"wp-image-4980\"\/><figcaption class=\"wp-element-caption\">Textil<\/figcaption><\/figure>\n\n\n\n<figure class=\"wp-block-image aligncenter size-large\"><img decoding=\"async\" width=\"70\" height=\"70\" src=\"https:\/\/obera.fr\/wp-content\/uploads\/2021\/03\/industrie-chimie-1.jpg\" alt=\"chemick&#xFD; priemysel 1\" class=\"wp-image-4981\"\/><figcaption class=\"wp-element-caption\">Chemik\u00e1lie\/Petrochemik\u00e1lie<\/figcaption><\/figure>\n\n\n\n<figure class=\"wp-block-image aligncenter size-large\"><img decoding=\"async\" width=\"70\" height=\"70\" src=\"https:\/\/obera.fr\/wp-content\/uploads\/2021\/03\/industrie-papier-carton.jpg\" alt=\"papierensk&#xFD; a kart&#xF3;nov&#xFD; priemysel\" class=\"wp-image-4982\"\/><figcaption class=\"wp-element-caption\">Papier\/kart\u00f3n<\/figcaption><\/figure>\n\n\n\n<p><\/p>\n<\/div>\n<\/div>\n\n\n\n<p><\/p>\n<\/div>\n<\/div>\n\n<h2 class=\"wp-block-heading\" id=\"les-autres-produits-de-captation-et-d-aspiration-obera\">Ostatn\u00e9 ods\u00e1vacie stoly OberA<\/h2>\n\n<div class=\"wp-block-columns is-layout-flex wp-container-core-columns-is-layout-28f84493 wp-block-columns-is-layout-flex\">\n<div class=\"wp-block-column is-layout-flow wp-block-column-is-layout-flow\">\n<figure class=\"wp-block-image aligncenter size-medium is-resized\"><a href=\"https:\/\/obera.fr\/produits\/tables-aspirantes\/table-aspirante-a-at\/\"><img decoding=\"async\" width=\"300\" height=\"300\" src=\"https:\/\/obera.fr\/wp-content\/uploads\/2020\/10\/table-SF-300x300.png\" alt=\"Ods&#xE1;vacie stoly\" class=\"wp-image-1179\" style=\"width:auto;height:150px\" srcset=\"https:\/\/obera.fr\/wp-content\/uploads\/2020\/10\/table-SF-300x300.png 300w, https:\/\/obera.fr\/wp-content\/uploads\/2020\/10\/table-SF-150x150.png 150w, https:\/\/obera.fr\/wp-content\/uploads\/2020\/10\/table-SF.png 433w\" sizes=\"(max-width: 300px) 100vw, 300px\" \/><\/a><figcaption class=\"wp-element-caption\">Ods\u00e1vac\u00ed st\u00f4l A &amp; AT<\/figcaption><\/figure>\n<\/div>\n\n\n\n<div class=\"wp-block-column is-layout-flow wp-block-column-is-layout-flow\">\n<figure class=\"wp-block-image aligncenter size-full\"><a href=\"https:\/\/obera.fr\/produits\/tables-aspirantes\/table-autonome\/\"><img decoding=\"async\" width=\"150\" height=\"150\" src=\"https:\/\/obera.fr\/wp-content\/uploads\/2022\/06\/Sans-titre-2022-06-07T101130.850.png\" alt=\"Samostatn&#xE9; ods&#xE1;vacie stoly\" class=\"wp-image-13083\"\/><\/a><figcaption class=\"wp-element-caption\">Samostatn\u00fd ods\u00e1vac\u00ed st\u00f4l<\/figcaption><\/figure>\n<\/div>\n\n\n\n<div class=\"wp-block-column is-layout-flow wp-block-column-is-layout-flow\">\n<figure class=\"wp-block-image aligncenter size-medium is-resized\"><img decoding=\"async\" width=\"300\" height=\"300\" src=\"https:\/\/obera.fr\/wp-content\/uploads\/2024\/05\/epurbox-tsp-300x300.png\" alt=\"epurbox tsp\" class=\"wp-image-30348\" style=\"width:auto;height:150px\" srcset=\"https:\/\/obera.fr\/wp-content\/uploads\/2024\/05\/epurbox-tsp-300x300.png 300w, https:\/\/obera.fr\/wp-content\/uploads\/2024\/05\/epurbox-tsp-1024x1024.png 1024w, https:\/\/obera.fr\/wp-content\/uploads\/2024\/05\/epurbox-tsp-150x150.png 150w, https:\/\/obera.fr\/wp-content\/uploads\/2024\/05\/epurbox-tsp-768x768.png 768w, https:\/\/obera.fr\/wp-content\/uploads\/2024\/05\/epurbox-tsp.png 1200w\" sizes=\"(max-width: 300px) 100vw, 300px\" \/><figcaption class=\"wp-element-caption\">ePURBOX Atex<\/figcaption><\/figure>\n<\/div>\n<\/div>\n","protected":false},"excerpt":{"rendered":"<p>Rota\u010dn\u00fd ods\u00e1vac\u00ed st\u00f4l Extrak\u010dn\u00fd st\u00f4l s uhlom 360\u00b0 je obzvl\u00e1\u0161\u0165 vhodn\u00fd na mechanick\u00e9 a tepeln\u00e9 separa\u010dn\u00e9 procesy. Funkcia ot\u00e1\u010dania stola okolo vlastnej osi umo\u017e\u0148uje pou\u017e\u00edvate\u013eom \u00fapln\u00fd pr\u00edstup k obrobku, \u010d\u00edm sa zni\u017euje po\u010det zd\u013ahav\u00fdch up\u00ednac\u00edch procesov. V\u010faka optimalizovan\u00e9mu pr\u00fadeniu vzduchu a flexibiln\u00e9mu krytu nad pracovn\u00fdm priestorom 360\u00b0 ods\u00e1vac\u00ed st\u00f4l \u00fa\u010dinne chr\u00e1ni zamestnancov pred prachom a dymom. Ergonomick\u00e1 kon\u0161trukcia tohto stola umo\u017e\u0148uje v pr\u00edpade potreby nastavi\u0165 jeho v\u00fd\u0161ku, \u010do zaru\u010duje bezpe\u010dn\u00e9 a pr\u00edjemn\u00e9 pracovn\u00e9 podmienky. BENEFITS \u0160peci\u00e1lne funkcie funkcie Ak\u00e9 zne\u010dis\u0165uj\u00face l\u00e1tky by sa mali spracov\u00e1va\u0165 na na\u0161om ods\u00e1vacom stole? N\u00e1\u0161 360\u00b0 ods\u00e1vac\u00ed st\u00f4l si porad\u00ed so \u0161irokou \u0161k\u00e1lou zne\u010dis\u0165uj\u00facich l\u00e1tok, &#8230; <\/p>\n<p class=\"read-more-container\"><a title=\"360\u00b0 ods\u00e1vac\u00ed st\u00f4l\" class=\"read-more button\" href=\"https:\/\/obera.fr\/sk\/produits\/tables-aspirantes\/table-rotative-360\/#more-44430\" aria-label=\"Pre\u010d\u00edtajte si viac o 360\u00b0 ods\u00e1vac\u00ed st\u00f4l\">Lire la suite<\/a><\/p>\n","protected":false},"author":4,"featured_media":83749,"parent":44523,"menu_order":0,"comment_status":"closed","ping_status":"closed","template":"","meta":{"_acf_changed":false,"_seopress_robots_primary_cat":"","_seopress_titles_title":"oberA 360\u00b0 ods\u00e1vac\u00ed st\u00f4l alebo rota\u010dn\u00fd ods\u00e1vac\u00ed st\u00f4l","_seopress_titles_desc":"Extrak\u010dn\u00fd st\u00f4l s uhlom 360\u00b0 je obzvl\u00e1\u0161\u0165 vhodn\u00fd na mechanick\u00e9 a tepeln\u00e9 separa\u010dn\u00e9 procesy. Poskytuje \u00fa\u010dinn\u00fa ochranu zamestnancov.","_seopress_robots_index":"","footnotes":""},"class_list":{"0":"post-44430","1":"page","2":"type-page","3":"status-publish","4":"has-post-thumbnail","6":"no-featured-image-padding","7":"resize-featured-image"},"acf":[],"_links":{"self":[{"href":"https:\/\/obera.fr\/sk\/wp-json\/wp\/v2\/pages\/44430","targetHints":{"allow":["GET"]}}],"collection":[{"href":"https:\/\/obera.fr\/sk\/wp-json\/wp\/v2\/pages"}],"about":[{"href":"https:\/\/obera.fr\/sk\/wp-json\/wp\/v2\/types\/page"}],"author":[{"embeddable":true,"href":"https:\/\/obera.fr\/sk\/wp-json\/wp\/v2\/users\/4"}],"replies":[{"embeddable":true,"href":"https:\/\/obera.fr\/sk\/wp-json\/wp\/v2\/comments?post=44430"}],"version-history":[{"count":6,"href":"https:\/\/obera.fr\/sk\/wp-json\/wp\/v2\/pages\/44430\/revisions"}],"predecessor-version":[{"id":117753,"href":"https:\/\/obera.fr\/sk\/wp-json\/wp\/v2\/pages\/44430\/revisions\/117753"}],"up":[{"embeddable":true,"href":"https:\/\/obera.fr\/sk\/wp-json\/wp\/v2\/pages\/44523"}],"wp:featuredmedia":[{"embeddable":true,"href":"https:\/\/obera.fr\/sk\/wp-json\/wp\/v2\/media\/83749"}],"wp:attachment":[{"href":"https:\/\/obera.fr\/sk\/wp-json\/wp\/v2\/media?parent=44430"}],"curies":[{"name":"wp","href":"https:\/\/api.w.org\/{rel}","templated":true}]}}