{"id":45088,"date":"2024-04-05T22:55:29","date_gmt":"2024-04-05T20:55:29","guid":{"rendered":"https:\/\/obera.fr\/priemyselny-vysavac-w2-xr\/"},"modified":"2025-06-03T10:17:00","modified_gmt":"2025-06-03T08:17:00","slug":"w2-xr-atex-22","status":"publish","type":"page","link":"https:\/\/obera.fr\/sk\/produits\/aspirateurs-industriels\/w2-xr-atex-22\/","title":{"rendered":"Priemyseln\u00fd vys\u00e1va\u010d W2 XR"},"content":{"rendered":"\n<p>Objavte priemyseln\u00fd vys\u00e1va\u010d W2 XR na nev\u00fdbu\u0161n\u00e9 vys\u00e1vanie pevn\u00fdch l\u00e1tok a kvapal\u00edn. Kompaktn\u00e9, mobiln\u00e9, vysoko v\u00fdkonn\u00e9 zariadenie na zn\u00ed\u017eenie rizika vznietenia a v\u00fdbuchu vo va\u0161ich v\u00fdrobn\u00fdch jednotk\u00e1ch.<\/p>\n\n\n\n<h2 class=\"wp-block-heading\">Priemyseln\u00fd vys\u00e1va\u010d W2 XR s certifik\u00e1ciou ATEX z\u00f3na 22: princ\u00edp a pou\u017eitie<\/h2>\n\n\n\n<div class=\"wp-block-columns is-layout-flex wp-container-core-columns-is-layout-28f84493 wp-block-columns-is-layout-flex\">\n<div class=\"wp-block-column is-layout-flow wp-block-column-is-layout-flow\" style=\"flex-basis:33.33%\">\n<figure class=\"wp-block-image size-full is-resized\"><img decoding=\"async\" width=\"566\" height=\"671\" src=\"https:\/\/obera.fr\/wp-content\/uploads\/2024\/10\/w2-xr-2.png\" alt=\"Priemyseln\u00e9 vys\u00e1va\u010de\" class=\"wp-image-35431\" style=\"object-fit:cover;width:300px;height:300px\" srcset=\"https:\/\/obera.fr\/wp-content\/uploads\/2024\/10\/w2-xr-2.png 566w, https:\/\/obera.fr\/wp-content\/uploads\/2024\/10\/w2-xr-2-253x300.png 253w\" sizes=\"(max-width: 566px) 100vw, 566px\" \/><\/figure>\n<\/div>\n\n\n\n<div class=\"wp-block-column is-layout-flow wp-block-column-is-layout-flow\" style=\"flex-basis:66.66%\">\n<p><strong>Mokro-such\u00fd priemyseln\u00fd vys\u00e1va\u010d W2 XR<\/strong> je ur\u010den\u00fd na vys\u00e1vanie pevn\u00fdch l\u00e1tok a kvapal\u00edn odoln\u00fdch vo\u010di v\u00fdbuchu. Jeho kon\u0161trukcia je navrhnut\u00e1 tak, aby zabr\u00e1nila vzniku statickej elektriny v\u010faka antistatick\u00e9mu polyesterov\u00e9mu vreckov\u00e9mu filtru (ochrana filtra\u010dnej jednotky). Aby sa zabr\u00e1nilo prehriatiu, jednotka je vybaven\u00e1 jednof\u00e1zov\u00fdm bezkart\u00e1\u010dov\u00fdm motorom, ktor\u00fd vytv\u00e1ra menej tepla a trenia ako kefov\u00fd motor. T\u00e1to kon\u0161trukcia plne vyhovuje predpisom ATEX pre z\u00f3ny triedy 22.   <\/p>\n\n\n\n<p>Na ak\u00e9 \u00fa\u010dely? S\u00e9ria W2 XR je kalibrovan\u00e1 na minimaliz\u00e1ciu riz\u00edk vo v\u00fdbu\u0161nom prostred\u00ed: v chemick\u00fdch v\u00fdrobn\u00fdch z\u00e1vodoch, potravin\u00e1rskych z\u00e1vodoch, drevov\u00fdrobn\u00fdch z\u00e1vodoch, kovov\u00fdrobn\u00fdch z\u00e1vodoch, z\u00e1vodoch na v\u00fdrobu energie at\u010f. Priemyseln\u00fd vys\u00e1va\u010d W2 XR sp\u013a\u0148a po\u017eiadavky v\u0161etk\u00fdch typov priemyseln\u00fdch odvetv\u00ed, v ktor\u00fdch vznik\u00e1 hor\u013eav\u00fd prach, ktor\u00fd je \u0161kodliv\u00fd aj pre zdravie obsluhy. <\/p>\n\n\n\n<div class=\"wp-block-columns is-layout-flex wp-container-core-columns-is-layout-28f84493 wp-block-columns-is-layout-flex\">\n<div class=\"wp-block-column is-layout-flow wp-block-column-is-layout-flow\">\n<div class=\"wp-block-buttons is-layout-flex wp-block-buttons-is-layout-flex\">\n<div class=\"wp-block-button\"><a class=\"wp-block-button__link wp-element-button\" href=\"https:\/\/obera.fr\/wp-content\/uploads\/2025\/06\/brochure-w2-xr-en.pdf\">STIAHNU\u0164 BRO\u017d\u00daRU<\/a><\/div>\n<\/div>\n<\/div>\n\n\n\n<div class=\"wp-block-column is-layout-flow wp-block-column-is-layout-flow\">\n<div class=\"wp-block-buttons is-layout-flex wp-block-buttons-is-layout-flex\">\n<div class=\"wp-block-button\"><a class=\"wp-block-button__link wp-element-button\" href=\"https:\/\/obera.fr\/contact\/\">POTREBUJETE INDIVIDU\u00c1LNE PORADENSTVO?<\/a><\/div>\n<\/div>\n<\/div>\n\n\n\n<div class=\"wp-block-column is-layout-flow wp-block-column-is-layout-flow\">\n<div class=\"wp-block-buttons is-content-justification-center is-layout-flex wp-container-core-buttons-is-layout-a89b3969 wp-block-buttons-is-layout-flex\">\n<div class=\"wp-block-button btn-devis-source\"><a class=\"wp-block-button__link wp-element-button\" href=\"https:\/\/obera.fr\/sk\/devis\/\">Po\u017eiada\u0165 o cenov\u00fa ponuku<\/a><\/div>\n<\/div>\n\n\n<script>\r\ndocument.addEventListener('DOMContentLoaded', function() {\r\n    \/\/ 1. On cherche le titre H1 de la page\r\n    var h1 = document.querySelector('h1');\r\n    var productTitle = h1 ? h1.innerText.trim() : \"\";\r\n\r\n    \/\/ 2. On cherche les boutons via la classe CSS .btn-devis-source\r\n    var buttons = document.querySelectorAll('.btn-devis-source a');\r\n\r\n    \/\/ 3. Si on a le titre et les boutons, on ajoute le param\u00e8tre\r\n    if (buttons.length > 0 && productTitle !== \"\") {\r\n        var encodedTitle = encodeURIComponent(productTitle);\r\n\r\n        buttons.forEach(function(btn) {\r\n            var currentHref = btn.getAttribute('href');\r\n            \r\n            \/\/ S\u00e9curit\u00e9 pour ne pas ajouter le param\u00e8tre 2 fois\r\n            if (currentHref.indexOf('sujet=') === -1) {\r\n                var separator = currentHref.indexOf('?') !== -1 ? '&' : '?';\r\n                var newLink = currentHref + separator + 'sujet=' + encodedTitle;\r\n                \r\n                btn.setAttribute('href', newLink);\r\n            }\r\n        });\r\n    }\r\n});\r\n<\/script><\/div>\n<\/div>\n<\/div>\n<\/div>\n\n\n\n<h2 class=\"wp-block-heading\">Ak\u00e9 s\u00fa technick\u00e9 parametre priemyseln\u00e9ho vys\u00e1va\u010da W2 XR?<\/h2>\n\n\n\n<p>Priemyseln\u00fd vys\u00e1va\u010d W2 XR dosahuje prietok vzduchu a\u017e 215 m3\/h a v\u00fdkon 1,1 kW, \u010do mu d\u00e1va vysok\u00fd sac\u00ed v\u00fdkon. Je vybaven\u00fd vertik\u00e1lnym v\u00fdtla\u010dn\u00fdm \u010distiacim syst\u00e9mom na jednoduch\u00e9 \u010distenie a maxim\u00e1lnu \u017eivotnos\u0165. <a href=\"https:\/\/obera.fr\/sk\/produits\/aspirateurs-industriels\/\" data-type=\"page\" data-id=\"41\">Vys\u00e1va\u010d<\/a> m\u00e1 40-litrov\u00fa n\u00e1dr\u017e a odn\u00edmate\u013en\u00fd vypr\u00e1zd\u0148ovac\u00ed syst\u00e9m na premiestnenie n\u00e1doby na odpad. Na splnenie po\u017eiadaviek v\u0161etk\u00fdch priemyseln\u00fdch odvetv\u00ed s\u00fa sacie, filtra\u010dn\u00e9 a zbern\u00e9 jednotky vyroben\u00e9 z nehrdzavej\u00facej ocele.  <\/p>\n\n\n\n<p>Vn\u00fatri je ods\u00e1vacia jednotka zvukovo izolovan\u00e1 a filtra\u010dn\u00e1 jednotka je chr\u00e1nen\u00e1 antistatick\u00fdm polyesterov\u00fdm vreckov\u00fdm filtrom. Ods\u00e1vac\u00ed syst\u00e9m m\u00e1 vstupn\u00fd otvor s priemerom 50 mm umiestnen\u00fd pod filtrom, \u010do mu umo\u017e\u0148uje ods\u00e1va\u0165 prach, pevn\u00e9 l\u00e1tky a kvapaliny s\u00fa\u010dasne.<\/p>\n\n\n\n<p>Bonus pre profesion\u00e1lov v oblasti upratovania: vys\u00e1va\u010d sa dod\u00e1va s pr\u00edslu\u0161enstvom, ako je flexibiln\u00e1 sacia hadica, teleskopick\u00e1 ty\u010d, kefy a \u0161trbinov\u00fd n\u00e1stroj.<\/p>\n\n\n\n<blockquote class=\"wp-block-quote is-layout-flow wp-block-quote-is-layout-flow\">\n<p>Ak\u00e9 s\u00fa mo\u017enosti? Verzia vys\u00e1va\u010da W2 XR ATEX m\u00e1 nieko\u013eko mo\u017enost\u00ed, ktor\u00e9 vyhovuj\u00fa va\u0161im potreb\u00e1m: nomexov\u00fd filter (\u017eiaruvzdorn\u00fd do 250 \u00b0C), absol\u00fatny filter Hepa H14, k\u00f4\u0161 na pr\u00edslu\u0161enstvo, filter triedy M, tefl\u00f3n M, vodoodoln\u00fd tefl\u00f3n M, antistatick\u00fd filter triedy L a M, n\u00e1doba a filtra\u010dn\u00e1 komora z nehrdzavej\u00facej ocele, uzemnenie. Po\u017eiadajte na\u0161e t\u00edmy o radu oh\u013eadom najvhodnej\u0161\u00edch mo\u017enost\u00ed pre va\u0161e odvetvie.<\/p>\n<\/blockquote>\n\n\n\n<h3 class=\"wp-block-heading has-text-align-center\">PRIEMYSLY<\/h3>\n\n\n\n<div class=\"wp-block-columns is-layout-flex wp-container-core-columns-is-layout-28f84493 wp-block-columns-is-layout-flex\">\n<div class=\"wp-block-column is-layout-flow wp-block-column-is-layout-flow\">\n<hr class=\"wp-block-separator has-alpha-channel-opacity\"\/>\n\n\n\n<div class=\"wp-block-columns is-layout-flex wp-container-core-columns-is-layout-28f84493 wp-block-columns-is-layout-flex\">\n<div class=\"wp-block-column is-layout-flow wp-block-column-is-layout-flow\">\n<figure class=\"wp-block-image aligncenter size-thumbnail is-resized\"><img decoding=\"async\" width=\"150\" height=\"150\" src=\"https:\/\/obera.fr\/wp-content\/uploads\/2022\/02\/Textile-150x150.png\" alt=\"textil\" class=\"wp-image-8855\"\/><figcaption class=\"wp-element-caption\">Textil<\/figcaption><\/figure>\n\n\n\n<figure class=\"wp-block-image aligncenter size-thumbnail is-resized\"><img decoding=\"async\" width=\"150\" height=\"150\" src=\"https:\/\/obera.fr\/wp-content\/uploads\/2022\/02\/Plastique-150x150.png\" alt=\"plast\" class=\"wp-image-8854\"\/><figcaption class=\"wp-element-caption\">Plastov\u00e9<\/figcaption><\/figure>\n<\/div>\n\n\n\n<div class=\"wp-block-column is-layout-flow wp-block-column-is-layout-flow\">\n<figure class=\"wp-block-image aligncenter size-thumbnail is-resized\"><img decoding=\"async\" width=\"150\" height=\"150\" src=\"https:\/\/obera.fr\/wp-content\/uploads\/2022\/02\/MINERAIS-150x150.png\" alt=\"rudy\" class=\"wp-image-8847\"\/><figcaption class=\"wp-element-caption\">Miner\u00e1ly<\/figcaption><\/figure>\n\n\n\n<figure class=\"wp-block-image aligncenter size-thumbnail is-resized\"><img decoding=\"async\" width=\"150\" height=\"150\" src=\"https:\/\/obera.fr\/wp-content\/uploads\/2022\/02\/Metalurgie-150x150.png\" alt=\"metalurgia\" class=\"wp-image-8857\"\/><figcaption class=\"wp-element-caption\">Hutn\u00edctvo<\/figcaption><\/figure>\n\n\n\n<figure class=\"wp-block-image aligncenter size-thumbnail is-resized\"><img decoding=\"async\" width=\"150\" height=\"150\" src=\"https:\/\/obera.fr\/wp-content\/uploads\/2023\/02\/sans-titre-2023-02-14t102211.641-150x150.png\" alt=\"Po\u013enohospod\u00e1rstvo\" class=\"wp-image-18828\"\/><figcaption class=\"wp-element-caption\">Po\u013enohospod\u00e1rstvo<\/figcaption><\/figure>\n<\/div>\n<\/div>\n<\/div>\n\n\n\n<div class=\"wp-block-column is-layout-flow wp-block-column-is-layout-flow\">\n<hr class=\"wp-block-separator has-alpha-channel-opacity\"\/>\n\n\n\n<div class=\"wp-block-columns is-layout-flex wp-container-core-columns-is-layout-28f84493 wp-block-columns-is-layout-flex\">\n<div class=\"wp-block-column is-layout-flow wp-block-column-is-layout-flow\">\n<figure class=\"wp-block-image aligncenter size-thumbnail is-resized\"><img decoding=\"async\" width=\"150\" height=\"150\" src=\"https:\/\/obera.fr\/wp-content\/uploads\/2022\/02\/Chimie-150x150.png\" alt=\"ch\u00e9mia\" class=\"wp-image-8846\"\/><figcaption class=\"wp-element-caption\">Ch\u00e9mia<\/figcaption><\/figure>\n\n\n\n<figure class=\"wp-block-image aligncenter size-thumbnail is-resized\"><img decoding=\"async\" width=\"150\" height=\"150\" src=\"https:\/\/obera.fr\/wp-content\/uploads\/2022\/02\/Travail-du-bois-150x150.png\" alt=\"spracovanie dreva\" class=\"wp-image-8856\"\/><figcaption class=\"wp-element-caption\">Spracovanie dreva<\/figcaption><\/figure>\n\n\n\n<figure class=\"wp-block-image aligncenter size-thumbnail is-resized\"><img decoding=\"async\" width=\"150\" height=\"150\" src=\"https:\/\/obera.fr\/wp-content\/uploads\/2023\/02\/sans-titre-2023-02-14t101920.185-150x150.png\" alt=\"Letectvo\" class=\"wp-image-18831\"\/><figcaption class=\"wp-element-caption\">Letectvo<\/figcaption><\/figure>\n<\/div>\n\n\n\n<div class=\"wp-block-column is-layout-flow wp-block-column-is-layout-flow\">\n<figure class=\"wp-block-image aligncenter size-thumbnail is-resized\"><img decoding=\"async\" width=\"150\" height=\"150\" src=\"https:\/\/obera.fr\/wp-content\/uploads\/2022\/02\/AGROALIMENTAIRE-150x150.png\" alt=\"agropotravin\u00e1rsky\" class=\"wp-image-8844\"\/><figcaption class=\"wp-element-caption\">Potravin\u00e1rsky priemysel<\/figcaption><\/figure>\n\n\n\n<figure class=\"wp-block-image aligncenter size-thumbnail is-resized\"><img decoding=\"async\" width=\"150\" height=\"150\" src=\"https:\/\/obera.fr\/wp-content\/uploads\/2022\/02\/Papier-carton-150x150.png\" alt=\"papier a lepenka\" class=\"wp-image-8853\"\/><figcaption class=\"wp-element-caption\">Papier\/kart\u00f3n<\/figcaption><\/figure>\n\n\n\n<figure class=\"wp-block-image aligncenter size-thumbnail is-resized\"><img decoding=\"async\" width=\"150\" height=\"150\" src=\"https:\/\/obera.fr\/wp-content\/uploads\/2023\/02\/sans-titre-2023-02-14t101712.416-150x150.png\" alt=\"Automobilov\u00fd priemysel\" class=\"wp-image-18834\"\/><figcaption class=\"wp-element-caption\">Automobilov\u00fd priemysel<\/figcaption><\/figure>\n<\/div>\n<\/div>\n<\/div>\n<\/div>\n\n\n\n<table id=\"tablepress-198\" class=\"tablepress tablepress-id-198\">\n<tbody class=\"row-striping row-hover\">\n<tr class=\"row-1\">\n\t<td class=\"column-1\">Zones ATEX<\/td><td class=\"column-2\"><\/td><td class=\"column-3\">22<\/td>\n<\/tr>\n<tr class=\"row-2\">\n\t<td class=\"column-1\">Marquage<\/td><td class=\"column-2\"><\/td><td class=\"column-3\">EX II 3D Ex tc IIIB T135\u00b0C X Dc<\/td>\n<\/tr>\n<tr class=\"row-3\">\n\t<td class=\"column-1\">Tension<\/td><td class=\"column-2\">V-HZ<\/td><td class=\"column-3\">230<\/td>\n<\/tr>\n<tr class=\"row-4\">\n\t<td class=\"column-1\">Puissance<\/td><td class=\"column-2\">kW<\/td><td class=\"column-3\">1.1<\/td>\n<\/tr>\n<tr class=\"row-5\">\n\t<td class=\"column-1\">Protection \u00e9lectrique<\/td><td class=\"column-2\">IP<\/td><td class=\"column-3\">55<\/td>\n<\/tr>\n<tr class=\"row-6\">\n\t<td class=\"column-1\">D\u00e9pression maximum<\/td><td class=\"column-2\">Pa<\/td><td class=\"column-3\">2.250 Pa<\/td>\n<\/tr>\n<tr class=\"row-7\">\n\t<td class=\"column-1\">D\u00e9bit d\u2019air max<\/td><td class=\"column-2\">m3\/h<\/td><td class=\"column-3\">215<\/td>\n<\/tr>\n<tr class=\"row-8\">\n\t<td class=\"column-1\">Diam\u00e8tre embouchure<\/td><td class=\"column-2\">mm<\/td><td class=\"column-3\">50<\/td>\n<\/tr>\n<tr class=\"row-9\">\n\t<td class=\"column-1\">Type de filtre<\/td><td class=\"column-2\"><\/td><td class=\"column-3\">\u00c0 poches en \u00e9toile<\/td>\n<\/tr>\n<tr class=\"row-10\">\n\t<td class=\"column-1\">Surface<\/td><td class=\"column-2\">cm2<\/td><td class=\"column-3\">20.000<\/td>\n<\/tr>\n<tr class=\"row-11\">\n\t<td class=\"column-1\">Syst\u00e8me de nettoyage<\/td><td class=\"column-2\"><\/td><td class=\"column-3\">Manuel<\/td>\n<\/tr>\n<tr class=\"row-12\">\n\t<td class=\"column-1\">Bac de r\u00e9colte<\/td><td class=\"column-2\"><\/td><td class=\"column-3\">Acier<\/td>\n<\/tr>\n<tr class=\"row-13\">\n\t<td class=\"column-1\">Syst\u00e8me de vidange<\/td><td class=\"column-2\"><\/td><td class=\"column-3\">Bac d\u00e9crochable<\/td>\n<\/tr>\n<tr class=\"row-14\">\n\t<td class=\"column-1\">Capacit\u00e9<\/td><td class=\"column-2\">litre<\/td><td class=\"column-3\">40<\/td>\n<\/tr>\n<tr class=\"row-15\">\n\t<td class=\"column-1\">Dimensions<\/td><td class=\"column-2\">cm<\/td><td class=\"column-3\">55x63x124<\/td>\n<\/tr>\n<\/tbody>\n<\/table>\n\n\n\n\n<div class=\"wp-block-buttons is-content-justification-center is-layout-flex wp-container-core-buttons-is-layout-a89b3969 wp-block-buttons-is-layout-flex\">\n<div class=\"wp-block-button\"><a class=\"wp-block-button__link wp-element-button\" href=\"https:\/\/obera.fr\/wp-content\/uploads\/2024\/04\/obera_brochure-w2-xr-fr.pdf\">STIAHNITE SI KARTU S \u00daDAJMI O V\u00ddROBKU<\/a><\/div>\n<\/div>\n\n\n\n<h2 class=\"wp-block-heading\">Vys\u00e1va\u010d W2 XR: v\u00fdhody kompaktn\u00e9ho vys\u00e1va\u010da s vysokou filtr\u00e1ciou<\/h2>\n\n\n\n<p>Priemyseln\u00fd vys\u00e1va\u010d W2 XR pon\u00faka v\u0161etky v\u00fdhody s\u00e9rie W2, najm\u00e4 vysok\u00fa mobilitu pre jednoduch\u00e9 a pohodln\u00e9 pou\u017e\u00edvanie obsluhou. Zvuk pohlcuj\u00face oblo\u017eenie okolo motora, aby sa \u010do najviac zn\u00ed\u017eil hluk a neru\u0161ili sa pos\u00e1dky.  <\/p>\n\n\n\n<p>Jeho v\u0161estrannos\u0165 je samozrejme k\u013e\u00fa\u010dov\u00fdm krit\u00e9riom pre priemyseln\u00edkov, preto\u017ee jeho mokro-such\u00e1 technol\u00f3gia v kombin\u00e1cii so s\u00faladom s ATEX znamen\u00e1, \u017ee dok\u00e1\u017ee pracova\u0165 s prachom, pevn\u00fdmi l\u00e1tkami a kvapalinami odoln\u00fdmi proti v\u00fdbuchu. Jeho \u00fadr\u017eba je tie\u017e jednoduch\u00e1 v\u010faka zabudovan\u00e9mu oklep\u00e1va\u010du filtra, ktor\u00fd u\u013eah\u010duje \u010distenie. Na okam\u017eit\u00e9 ru\u010dn\u00e9 \u010distenie sta\u010d\u00ed, aby obsluha aktivovala p\u00e1ku vytriasa\u010da.<\/p>\n\n\n\n<p>Hlavnou v\u00fdhodou s\u00e9rie W2 XR je certifik\u00e1cia ATEX z\u00f3na 22. S t\u00fdmto priemyseln\u00fdm vys\u00e1va\u010dom spln\u00edte svoje povinnosti t\u00fdkaj\u00face sa dodr\u017eiavania predpisov. Pou\u017e\u00edvanie vys\u00e1va\u010da s certifik\u00e1tom ATEX z\u00f3na 22 je nevyhnutn\u00e9 na zaru\u010denie bezpe\u010dnosti va\u0161ich t\u00edmov a v\u00e1\u0161ho majetku.  <\/p>\n\n\n\n<div class=\"wp-block-columns is-layout-flex wp-container-core-columns-is-layout-28f84493 wp-block-columns-is-layout-flex\">\n<div class=\"wp-block-column is-layout-flow wp-block-column-is-layout-flow\" style=\"flex-basis:33.34%\">\n<h3 class=\"wp-block-heading\">V\u00fdhody :<\/h3>\n\n\n\n<ul class=\"wp-block-list\">\n<li>Kompaktn\u00fd a mobiln\u00fd vys\u00e1va\u010d;<\/li>\n\n\n\n<li>Zn\u00ed\u017eenie rizika alergi\u00ed a respira\u010dn\u00fdch ochoren\u00ed;<\/li>\n\n\n\n<li>Sp\u013a\u0148a po\u017eiadavky predpisov ATEX.<\/li>\n<\/ul>\n<\/div>\n\n\n\n<div class=\"wp-block-column is-layout-flow wp-block-column-is-layout-flow\" style=\"flex-basis:33.34%\">\n<h3 class=\"wp-block-heading\">\u0160peci\u00e1lne funkcie:<\/h3>\n\n\n\n<ul class=\"wp-block-list\">\n<li>Ods\u00e1vanie \u010dast\u00edc, pevn\u00fdch l\u00e1tok a kvapal\u00edn v s\u00falade so z\u00f3nou 22 ATEX, odoln\u00e9 proti v\u00fdbuchu.<\/li>\n<\/ul>\n<\/div>\n\n\n\n<div class=\"wp-block-column is-layout-flow wp-block-column-is-layout-flow\" style=\"flex-basis:33.33%\">\n<h3 class=\"wp-block-heading\">Vlastnosti :<\/h3>\n\n\n\n<ul class=\"wp-block-list\">\n<li>Antistatick\u00fd polyesterov\u00fd vreckov\u00fd filter;<\/li>\n\n\n\n<li>Jednof\u00e1zov\u00fd bezkart\u00e1\u010dov\u00fd motor ;<\/li>\n\n\n\n<li>Syst\u00e9m upch\u00e1vania s kontrolkou.<\/li>\n<\/ul>\n<\/div>\n<\/div>\n\n\n\n<h2 class=\"wp-block-heading\">E\u0161te st\u00e1le m\u00e1te pochybnosti o \u00fa\u010dinnosti vys\u00e1va\u010da W2 XR pre v\u00e1\u0161 priemysel?<\/h2>\n\n\n\n<p>V spolo\u010dnosti OberA vieme, \u017ee \u00farove\u0148 rizika v\u00fdbuchu v z\u00f3ne 22 sa l\u00ed\u0161i v z\u00e1vislosti od mnoh\u00fdch faktorov: typ prachu, mno\u017estvo, zdroje vznietenia at\u010f. Aby sme mohli prija\u0165 spr\u00e1vne rie\u0161enie ods\u00e1vania, vykon\u00e1me diagnostiku vo va\u0161ich diel\u0148ach a pon\u00fakneme v\u00e1m test zariadenia s mo\u017enos\u0165ou n\u00e1kupu.<\/p>\n\n\n\n<div class=\"wp-block-buttons is-content-justification-center is-layout-flex wp-container-core-buttons-is-layout-a89b3969 wp-block-buttons-is-layout-flex\">\n<div class=\"wp-block-button\"><a class=\"wp-block-button__link wp-element-button\" href=\"https:\/\/obera.fr\/sk\/contact\/\">TEST VYS\u00c1VA\u010cA W2 XR<\/a><\/div>\n<\/div>\n\n\n\n<h2 class=\"wp-block-heading\">\u010eal\u0161ie priemyseln\u00e9 vys\u00e1va\u010de v sortimente<\/h2>\n\n\n\n<div class=\"wp-block-columns is-layout-flex wp-container-core-columns-is-layout-28f84493 wp-block-columns-is-layout-flex\">\n<div class=\"wp-block-column is-layout-flow wp-block-column-is-layout-flow\">\n<figure class=\"wp-block-image aligncenter size-full is-resized\"><a href=\"https:\/\/obera.fr\/produits\/aspirateurs-industriels\/ventilateurs-aspiration-gamme-eurosog-rg-100-800\/\"><img decoding=\"async\" width=\"600\" height=\"600\" src=\"https:\/\/obera.fr\/wp-content\/uploads\/2024\/04\/obera-ventilateur-aspiration-rg-300-400.jpg\" alt=\"Obera sac\u00ed ventil\u00e1tor rg 300 400\" class=\"wp-image-29437\" style=\"width:349px;height:auto\" srcset=\"https:\/\/obera.fr\/wp-content\/uploads\/2024\/04\/obera-ventilateur-aspiration-rg-300-400.jpg 600w, https:\/\/obera.fr\/wp-content\/uploads\/2024\/04\/obera-ventilateur-aspiration-rg-300-400-300x300.jpg 300w, https:\/\/obera.fr\/wp-content\/uploads\/2024\/04\/obera-ventilateur-aspiration-rg-300-400-150x150.jpg 150w\" sizes=\"(max-width: 600px) 100vw, 600px\" \/><\/a><figcaption class=\"wp-element-caption\">RG 300\/400<\/figcaption><\/figure>\n<\/div>\n\n\n\n<div class=\"wp-block-column is-layout-flow wp-block-column-is-layout-flow\">\n<figure class=\"wp-block-image aligncenter size-full is-resized\"><a href=\"https:\/\/obera.fr\/produits\/aspirateurs-industriels\/w2-haute-filtration-polyvalence\/\"><img decoding=\"async\" width=\"711\" height=\"622\" src=\"https:\/\/obera.fr\/wp-content\/uploads\/2024\/10\/w2.png\" alt=\"Priemyseln\u00e9 vys\u00e1va\u010de\" class=\"wp-image-35424\" style=\"object-fit:cover;width:300px;height:300px\" srcset=\"https:\/\/obera.fr\/wp-content\/uploads\/2024\/10\/w2.png 711w, https:\/\/obera.fr\/wp-content\/uploads\/2024\/10\/w2-300x262.png 300w\" sizes=\"(max-width: 711px) 100vw, 711px\" \/><\/a><figcaption class=\"wp-element-caption\">W2<\/figcaption><\/figure>\n<\/div>\n\n\n\n<div class=\"wp-block-column is-layout-flow wp-block-column-is-layout-flow\">\n<figure class=\"wp-block-image aligncenter size-full is-resized\"><a href=\"https:\/\/obera.fr\/produits\/aspirateurs-industriels\/w3-pour-nettoyage-general\/\"><img decoding=\"async\" width=\"658\" height=\"652\" src=\"https:\/\/obera.fr\/wp-content\/uploads\/2024\/10\/w3.png\" alt=\"w3\" class=\"wp-image-35427\" style=\"object-fit:cover;width:300px;height:300px\" srcset=\"https:\/\/obera.fr\/wp-content\/uploads\/2024\/10\/w3.png 658w, https:\/\/obera.fr\/wp-content\/uploads\/2024\/10\/w3-300x297.png 300w, https:\/\/obera.fr\/wp-content\/uploads\/2024\/10\/w3-150x150.png 150w, https:\/\/obera.fr\/wp-content\/uploads\/2024\/10\/w3-24x24.png 24w, https:\/\/obera.fr\/wp-content\/uploads\/2024\/10\/w3-48x48.png 48w, https:\/\/obera.fr\/wp-content\/uploads\/2024\/10\/w3-96x96.png 96w\" sizes=\"(max-width: 658px) 100vw, 658px\" \/><\/a><figcaption class=\"wp-element-caption\">W3<\/figcaption><\/figure>\n<\/div>\n<\/div>\n","protected":false},"excerpt":{"rendered":"<p>Objavte priemyseln\u00fd vys\u00e1va\u010d W2 XR na nev\u00fdbu\u0161n\u00e9 vys\u00e1vanie pevn\u00fdch l\u00e1tok a kvapal\u00edn. Kompaktn\u00e9, mobiln\u00e9, vysoko v\u00fdkonn\u00e9 zariadenie na zn\u00ed\u017eenie rizika vznietenia a v\u00fdbuchu vo va\u0161ich v\u00fdrobn\u00fdch jednotk\u00e1ch. Priemyseln\u00fd vys\u00e1va\u010d W2 XR s certifik\u00e1ciou ATEX z\u00f3na 22: princ\u00edp a pou\u017eitie Mokro-such\u00fd priemyseln\u00fd vys\u00e1va\u010d W2 XR je ur\u010den\u00fd na vys\u00e1vanie pevn\u00fdch l\u00e1tok a kvapal\u00edn odoln\u00fdch vo\u010di v\u00fdbuchu. Jeho kon\u0161trukcia je navrhnut\u00e1 tak, aby zabr\u00e1nila vzniku statickej elektriny v\u010faka antistatick\u00e9mu polyesterov\u00e9mu vreckov\u00e9mu filtru (ochrana filtra\u010dnej jednotky). Aby sa zabr\u00e1nilo prehriatiu, jednotka je vybaven\u00e1 jednof\u00e1zov\u00fdm bezkart\u00e1\u010dov\u00fdm motorom, ktor\u00fd vytv\u00e1ra menej tepla a trenia ako kefov\u00fd motor. T\u00e1to kon\u0161trukcia plne vyhovuje predpisom ATEX pre z\u00f3ny &#8230; <\/p>\n<p class=\"read-more-container\"><a title=\"Priemyseln\u00fd vys\u00e1va\u010d W2 XR\" class=\"read-more button\" href=\"https:\/\/obera.fr\/sk\/produits\/aspirateurs-industriels\/w2-xr-atex-22\/#more-45088\" aria-label=\"Pre\u010d\u00edtajte si viac o Priemyseln\u00fd vys\u00e1va\u010d W2 XR\">Lire la suite<\/a><\/p>\n","protected":false},"author":4,"featured_media":83749,"parent":48519,"menu_order":0,"comment_status":"closed","ping_status":"closed","template":"","meta":{"_acf_changed":false,"_seopress_robots_primary_cat":"","_seopress_titles_title":"Priemyseln\u00fd vys\u00e1va\u010d W2 XR ATEX 22 oberA","_seopress_titles_desc":"Objavte kompaktn\u00fd a vysoko v\u00fdkonn\u00fd rad W2 XR na vys\u00e1vanie pevn\u00fdch l\u00e1tok a kvapal\u00edn odoln\u00fdch proti v\u00fdbuchu. Zariadenia, ktor\u00e9 si m\u00f4\u017eete vysk\u00fa\u0161a\u0165 s mo\u017enos\u0165ou zak\u00fapenia v\u010faka spolo\u010dnosti OberA.","_seopress_robots_index":"","footnotes":""},"class_list":{"0":"post-45088","1":"page","2":"type-page","3":"status-publish","4":"has-post-thumbnail","6":"no-featured-image-padding","7":"resize-featured-image"},"acf":[],"_links":{"self":[{"href":"https:\/\/obera.fr\/sk\/wp-json\/wp\/v2\/pages\/45088","targetHints":{"allow":["GET"]}}],"collection":[{"href":"https:\/\/obera.fr\/sk\/wp-json\/wp\/v2\/pages"}],"about":[{"href":"https:\/\/obera.fr\/sk\/wp-json\/wp\/v2\/types\/page"}],"author":[{"embeddable":true,"href":"https:\/\/obera.fr\/sk\/wp-json\/wp\/v2\/users\/4"}],"replies":[{"embeddable":true,"href":"https:\/\/obera.fr\/sk\/wp-json\/wp\/v2\/comments?post=45088"}],"version-history":[{"count":10,"href":"https:\/\/obera.fr\/sk\/wp-json\/wp\/v2\/pages\/45088\/revisions"}],"predecessor-version":[{"id":107226,"href":"https:\/\/obera.fr\/sk\/wp-json\/wp\/v2\/pages\/45088\/revisions\/107226"}],"up":[{"embeddable":true,"href":"https:\/\/obera.fr\/sk\/wp-json\/wp\/v2\/pages\/48519"}],"wp:featuredmedia":[{"embeddable":true,"href":"https:\/\/obera.fr\/sk\/wp-json\/wp\/v2\/media\/83749"}],"wp:attachment":[{"href":"https:\/\/obera.fr\/sk\/wp-json\/wp\/v2\/media?parent=45088"}],"curies":[{"name":"wp","href":"https:\/\/api.w.org\/{rel}","templated":true}]}}