{"id":45213,"date":"2022-10-10T09:41:03","date_gmt":"2022-10-10T07:41:03","guid":{"rendered":"https:\/\/obera.fr\/nase-produkty\/priemyselne-cisticky-vzduchu\/osviezujuca-cisticka-vzduchu-epur150-fresh\/"},"modified":"2025-05-27T15:24:11","modified_gmt":"2025-05-27T13:24:11","slug":"purificateur-rafraichisseur-epur150-fresh","status":"publish","type":"page","link":"https:\/\/obera.fr\/sk\/produits\/purificateurs-air\/purificateur-rafraichisseur-epur150-fresh\/","title":{"rendered":"Osvie\u017euj\u00faca \u010disti\u010dka vzduchu ePUR150 FRESH"},"content":{"rendered":"\n<h2 class=\"wp-block-heading\">O\u010distite a osvie\u017ete<\/h2>\n\n<p>Osvie\u017euj\u00faca priemyseln\u00e1 \u010disti\u010dka vzduchu <strong>ePUR150 FRESH<\/strong> je ide\u00e1lna na \u010distenie a chladenie v\u0161etk\u00fdch typov pracovn\u00fdch priestorov, priemyseln\u00fdch h\u00e1l, hor\u00facich miest at\u010f. \u00faplne prirodzen\u00fdm sp\u00f4sobom s n\u00edzkou spotrebou energie.<\/p>\n\n<h2 class=\"wp-block-heading\">Ako to funguje?<\/h2>\n\n<div class=\"wp-block-columns is-layout-flex wp-container-core-columns-is-layout-28f84493 wp-block-columns-is-layout-flex\">\n<div class=\"wp-block-column is-vertically-aligned-top is-layout-flow wp-block-column-is-layout-flow\" style=\"flex-basis:33.33%\">\n<figure class=\"wp-block-image aligncenter size-full is-resized\"><img decoding=\"async\" width=\"700\" height=\"700\" src=\"https:\/\/obera.fr\/wp-content\/uploads\/2023\/04\/epur150-fresh-3.png\" alt=\"epur150 fresh 3\" class=\"wp-image-22417\" style=\"width:350px\" srcset=\"https:\/\/obera.fr\/wp-content\/uploads\/2023\/04\/epur150-fresh-3.png 700w, https:\/\/obera.fr\/wp-content\/uploads\/2023\/04\/epur150-fresh-3-300x300.png 300w, https:\/\/obera.fr\/wp-content\/uploads\/2023\/04\/epur150-fresh-3-150x150.png 150w\" sizes=\"(max-width: 700px) 100vw, 700px\" \/><\/figure>\n\n\n\n<div class=\"wp-block-columns is-layout-flex wp-container-core-columns-is-layout-28f84493 wp-block-columns-is-layout-flex\">\n<div class=\"wp-block-column is-layout-flow wp-block-column-is-layout-flow\">\n<figure class=\"wp-block-image alignright size-thumbnail is-resized\"><img decoding=\"async\" width=\"150\" height=\"150\" src=\"https:\/\/obera.fr\/wp-content\/uploads\/2023\/10\/design-sans-titre-36-150x150.png\" alt=\"dizajn bez n&#xE1;zvu 36\" class=\"wp-image-24781\" style=\"object-fit:cover;width:80px;height:80px\" srcset=\"https:\/\/obera.fr\/wp-content\/uploads\/2023\/10\/design-sans-titre-36-150x150.png 150w, https:\/\/obera.fr\/wp-content\/uploads\/2023\/10\/design-sans-titre-36.png 300w\" sizes=\"(max-width: 150px) 100vw, 150px\" \/><\/figure>\n<\/div>\n\n\n\n<div class=\"wp-block-column is-layout-flow wp-block-column-is-layout-flow\">\n<figure class=\"wp-block-image alignleft size-full is-resized\"><img decoding=\"async\" width=\"300\" height=\"300\" src=\"https:\/\/obera.fr\/wp-content\/uploads\/2023\/10\/design-sans-titre-37.png\" alt=\"dizajn bez n&#xE1;zvu 37\" class=\"wp-image-24784\" style=\"object-fit:cover;width:80px;height:80px\" srcset=\"https:\/\/obera.fr\/wp-content\/uploads\/2023\/10\/design-sans-titre-37.png 300w, https:\/\/obera.fr\/wp-content\/uploads\/2023\/10\/design-sans-titre-37-150x150.png 150w\" sizes=\"(max-width: 300px) 100vw, 300px\" \/><\/figure>\n<\/div>\n<\/div>\n<\/div>\n\n\n\n<div class=\"wp-block-column is-vertically-aligned-center is-layout-flow wp-block-column-is-layout-flow\" style=\"flex-basis:66.66%\">\n<p>Jeho z\u00e1kladn\u00fdm princ\u00edpom \u010dinnosti je nas\u00e1vanie vzduchu, ktor\u00fd prech\u00e1dza cez <strong>nieko\u013eko stup\u0148ov filtr\u00e1cie (G4\/F8)<\/strong>. V hor\u00facom po\u010das\u00ed sa pr\u00edtomn\u00e9 vo\u0161tinov\u00e9 panely m\u00f4\u017eu zvlh\u010dova\u0165 a <strong>osvie\u017eova\u0165<\/strong> pracovn\u00fd priestor vy\u010disten\u00fdm vzduchom. <\/p>\n\n\n\n<p><strong>Vy\u010disten\u00fd a\/alebo ochladen\u00fd <\/strong>vzduch sa vh\u00e1\u0148a do miestnosti a poskytuje optim\u00e1lnu kvalitu vzduchu a tepeln\u00fd komfort.<\/p>\n\n\n\n<p>Osvie\u017euj\u00faca priemyseln\u00e1 \u010disti\u010dka vzduchu dosahuje prietok vzduchu <strong>15 000 m3\/h<\/strong>, pri\u010dom pri maxim\u00e1lnom prietoku je k dispoz\u00edcii tlak <strong>100 Pa<\/strong>. Jej v\u00fdkon je vhodn\u00fd pre miestnosti s <strong>rozlohou od 70 m\u00b2 do 400 m\u00b2<\/strong>. <\/p>\n\n\n\n<div class=\"wp-block-columns is-layout-flex wp-container-core-columns-is-layout-28f84493 wp-block-columns-is-layout-flex\">\n<div class=\"wp-block-column is-layout-flow wp-block-column-is-layout-flow\">\n<div class=\"wp-block-buttons is-horizontal is-content-justification-center is-layout-flex wp-container-core-buttons-is-layout-03627597 wp-block-buttons-is-layout-flex\">\n<div class=\"wp-block-button has-custom-width wp-block-button__width-100\"><a class=\"wp-block-button__link wp-element-button\" href=\"https:\/\/obera.fr\/sk\/kontaktujte-nas\/\">Ve\u010d o tem<\/a><\/div>\n<\/div>\n<\/div>\n\n\n\n<div class=\"wp-block-column is-layout-flow wp-block-column-is-layout-flow\">\n<div class=\"wp-block-buttons is-layout-flex wp-block-buttons-is-layout-flex\">\n<div class=\"wp-block-button\"><a class=\"wp-block-button__link wp-element-button\" href=\"https:\/\/obera.fr\/wp-content\/uploads\/2025\/05\/catalogue-obera-2025-epur150.pdf\">stiahnu\u0165 bro\u017e\u00faru<\/a><\/div>\n<\/div>\n<\/div>\n\n\n\n<div class=\"wp-block-column is-layout-flow wp-block-column-is-layout-flow\">\n<div class=\"wp-block-buttons is-content-justification-center is-layout-flex wp-container-core-buttons-is-layout-a89b3969 wp-block-buttons-is-layout-flex\">\n<div class=\"wp-block-button btn-devis-source\"><a class=\"wp-block-button__link wp-element-button\" href=\"https:\/\/obera.fr\/sk\/devis\/\">Po\u017eiada\u0165 o cenov\u00fa ponuku<\/a><\/div>\n<\/div>\n\n\n<script>\r\ndocument.addEventListener('DOMContentLoaded', function() {\r\n    \/\/ 1. On cherche le titre H1 de la page\r\n    var h1 = document.querySelector('h1');\r\n    var productTitle = h1 ? h1.innerText.trim() : \"\";\r\n\r\n    \/\/ 2. On cherche les boutons via la classe CSS .btn-devis-source\r\n    var buttons = document.querySelectorAll('.btn-devis-source a');\r\n\r\n    \/\/ 3. Si on a le titre et les boutons, on ajoute le param\u00e8tre\r\n    if (buttons.length > 0 && productTitle !== \"\") {\r\n        var encodedTitle = encodeURIComponent(productTitle);\r\n\r\n        buttons.forEach(function(btn) {\r\n            var currentHref = btn.getAttribute('href');\r\n            \r\n            \/\/ S\u00e9curit\u00e9 pour ne pas ajouter le param\u00e8tre 2 fois\r\n            if (currentHref.indexOf('sujet=') === -1) {\r\n                var separator = currentHref.indexOf('?') !== -1 ? '&' : '?';\r\n                var newLink = currentHref + separator + 'sujet=' + encodedTitle;\r\n                \r\n                btn.setAttribute('href', newLink);\r\n            }\r\n        });\r\n    }\r\n});\r\n<\/script><\/div>\n<\/div>\n<\/div>\n<\/div>\n\n<div style=\"height:20px\" aria-hidden=\"true\" class=\"wp-block-spacer\"><\/div>\n\n<h3 class=\"wp-block-heading\">Ak\u00e9 s\u00fa jeho v\u00fdhody?<\/h3>\n\n<p>\u010cisti\u010dka <strong>ePUR150 FRESH<\/strong> pon\u00faka mnoho v\u00fdhod vr\u00e1tane lep\u0161ej kvality vzduchu. Jej hlavn\u00fdm cie\u013eom je chr\u00e1ni\u0165 zamestnancov pred jemn\u00fdmi \u010dasticami a hrub\u00fdm prachom, aby sa zabr\u00e1nilo vzniku p\u013e\u00facnych a srdcov\u00fdch ochoren\u00ed. <\/p>\n\n<p>Okrem zlep\u0161enia kvality vzduchu mo\u017eno zariadenie<strong>ePUR150 FRESH<\/strong> premeni\u0165 na chladi\u010d pre vysok\u00e9 teploty. V\u010faka pr\u00fadeniu vody cez vo\u0161tinov\u00e9 panely sa vy\u010disten\u00fd vzduch m\u00f4\u017ee osvie\u017eova\u0165, a tak ochladzova\u0165 vzduch v pracovn\u00fdch priestoroch. <\/p>\n\n<p>Do \u00favahy by sa mali bra\u0165 aj \u00faspory energie. Pr\u00fad vzduchu generovan\u00fd spotrebi\u010dom upravuje pracovn\u00fd priestor t\u00fdm, \u017ee priv\u00e1dza tepl\u00fd vzduch zhora nadol.<\/p>\n\n<h3 class=\"wp-block-heading\">ePUR150 FRESH v skratke  <\/h3>\n\n<div class=\"wp-block-columns is-layout-flex wp-container-core-columns-is-layout-28f84493 wp-block-columns-is-layout-flex\">\n<div class=\"wp-block-column is-layout-flow wp-block-column-is-layout-flow\">\n<ul class=\"wp-block-list\">\n<li>\u010cisti\u010dka konvertibiln\u00e1 ako chladni\u010dka<\/li>\n\n\n\n<li>R\u00fdchlootv\u00e1racie panely so z\u00e1padkov\u00fdmi uz\u00e1vermi<\/li>\n\n\n\n<li>Chladi\u010d: s automatick\u00fdm pr\u00edvodom vody nie je potrebn\u00e1 \u017eiadna \u00fadr\u017eba<\/li>\n\n\n\n<li>V\u00fdkonn\u00fd a tich\u00fd<\/li>\n\n\n\n<li>Ve\u013emi n\u00edzka spotreba energie<\/li>\n<\/ul>\n<\/div>\n\n\n\n<div class=\"wp-block-column is-layout-flow wp-block-column-is-layout-flow\">\n<ul class=\"wp-block-list\">\n<li>Prisp\u00f4sobenie filtrov (G4 \/ F8)<\/li>\n\n\n\n<li>Plug &amp; Play: r\u00fdchle a jednoduch\u00e9 pripojenie<\/li>\n\n\n\n<li>\u017diadna mont\u00e1\u017e, \u017eiadne ods\u00e1vacie kan\u00e1ly<\/li>\n\n\n\n<li>Mobiln\u00e9 a stabiln\u00e9 v\u010faka nylonov\u00fdm koles\u00e1m s brzdami<\/li>\n\n\n\n<li>Syst\u00e9m manu\u00e1lneho vypr\u00e1zd\u0148ovania<\/li>\n\n\n\n<li>Jednoduch\u00e9 \u010distenie<\/li>\n<\/ul>\n<\/div>\n<\/div>\n\n<h2 class=\"wp-block-heading\">Komponenty \u010disti\u010dky ePUR150 FRESH<\/h2>\n\n<div class=\"wp-block-columns is-layout-flex wp-container-core-columns-is-layout-28f84493 wp-block-columns-is-layout-flex\">\n<div class=\"wp-block-column is-layout-flow wp-block-column-is-layout-flow\">\n<ul class=\"wp-block-list\">\n<li>Siln\u00e1 polypropyl\u00e9nov\u00e1 vani\u010dka na vodu a strecha s UV ochranou.<\/li>\n\n\n\n<li>Rohov\u00e9 st\u013apiky z nehrdzavej\u00facej ocele AISI-304.<\/li>\n\n\n\n<li>Chladiace panely typu 5090 s hr\u00fabkou 100 mm.<\/li>\n\n\n\n<li>Sacie mrie\u017eky lakovan\u00e9 v r\u00fare (siv\u00e1 polyesterov\u00e1 farba RAL 7035).<\/li>\n\n\n\n<li>Skupina odstrediv\u00fdch ventil\u00e1torov z pozinkovanej ocele.<\/li>\n\n\n\n<li>Ochrann\u00fd kryt lo\u017eiska, ktor\u00fd zabra\u0148uje oxid\u00e1cii.<\/li>\n<\/ul>\n\n\n\n<p><\/p>\n<\/div>\n\n\n\n<div class=\"wp-block-column is-layout-flow wp-block-column-is-layout-flow\">\n<ul class=\"wp-block-list\">\n<li>Nylonov\u00e9 kolieska s brzdami na jednoduch\u00fa prepravu a in\u0161tal\u00e1ciu.<\/li>\n\n\n\n<li>Manu\u00e1lne vyp\u00fa\u0161\u0165anie s antikor\u00f3znym ventilom.<\/li>\n\n\n\n<li>10 m hadica s r\u00fdchlospojkou.<\/li>\n\n\n\n<li>Elektrick\u00fd panel 1 r\u00fdchlos\u0165 alebo variabiln\u00e1 r\u00fdchlos\u0165.<\/li>\n\n\n\n<li>Hydraulick\u00fd a elektrick\u00fd syst\u00e9m pripojen\u00fd z v\u00fdroby.<\/li>\n\n\n\n<li>Je mo\u017en\u00e9 doda\u0165 panely z nehrdzavej\u00facej ocele.<\/li>\n<\/ul>\n<\/div>\n<\/div>\n\n<div class=\"wp-block-buttons is-content-justification-center is-layout-flex wp-container-core-buttons-is-layout-a89b3969 wp-block-buttons-is-layout-flex\">\n<div class=\"wp-block-button\"><a class=\"wp-block-button__link wp-element-button\" href=\"https:\/\/obera.fr\/wp-content\/uploads\/2025\/05\/catalogue-obera-2025-epur150.pdf\">Stiahnite si bro\u017e\u00faru<\/a><\/div>\n<\/div>\n\n<h3 class=\"wp-block-heading\"><strong>Podrobnosti o kon\u0161trukcii<\/strong><\/h3>\n\n<div class=\"wp-block-columns is-layout-flex wp-container-core-columns-is-layout-28f84493 wp-block-columns-is-layout-flex\">\n<div class=\"wp-block-column is-layout-flow wp-block-column-is-layout-flow\">\n<figure class=\"wp-block-image aligncenter size-full is-resized\"><img decoding=\"async\" width=\"600\" height=\"600\" src=\"https:\/\/obera.fr\/wp-content\/uploads\/2022\/10\/Panneau-alevolaire.jpg\" alt=\"sol&#xE1;rny panel\" class=\"wp-image-14984\" style=\"width:150px;height:150px\" srcset=\"https:\/\/obera.fr\/wp-content\/uploads\/2022\/10\/Panneau-alevolaire.jpg 600w, https:\/\/obera.fr\/wp-content\/uploads\/2022\/10\/Panneau-alevolaire-300x300.jpg 300w, https:\/\/obera.fr\/wp-content\/uploads\/2022\/10\/Panneau-alevolaire-150x150.jpg 150w\" sizes=\"(max-width: 600px) 100vw, 600px\" \/><figcaption class=\"wp-element-caption\">Vo\u0161tinov\u00fd panel<\/figcaption><\/figure>\n<\/div>\n\n\n\n<div class=\"wp-block-column is-layout-flow wp-block-column-is-layout-flow\">\n<figure class=\"wp-block-image aligncenter size-full is-resized\"><img decoding=\"async\" width=\"600\" height=\"600\" src=\"https:\/\/obera.fr\/wp-content\/uploads\/2022\/10\/Diffuseur-dair-1.jpg\" alt=\"dif&#xFA;zor vzduchu\" class=\"wp-image-14981\" style=\"width:150px;height:150px\" srcset=\"https:\/\/obera.fr\/wp-content\/uploads\/2022\/10\/Diffuseur-dair-1.jpg 600w, https:\/\/obera.fr\/wp-content\/uploads\/2022\/10\/Diffuseur-dair-1-300x300.jpg 300w, https:\/\/obera.fr\/wp-content\/uploads\/2022\/10\/Diffuseur-dair-1-150x150.jpg 150w\" sizes=\"(max-width: 600px) 100vw, 600px\" \/><figcaption class=\"wp-element-caption\">Dif\u00fazor vzduchu<\/figcaption><\/figure>\n<\/div>\n\n\n\n<div class=\"wp-block-column is-layout-flow wp-block-column-is-layout-flow\">\n<figure class=\"wp-block-image aligncenter size-full is-resized\"><img decoding=\"async\" width=\"600\" height=\"600\" src=\"https:\/\/obera.fr\/wp-content\/uploads\/2022\/10\/Tuyau-10m-avec-raccord.jpg\" alt=\"10 m hadica s konektorom\" class=\"wp-image-14978\" style=\"width:150px;height:150px\" srcset=\"https:\/\/obera.fr\/wp-content\/uploads\/2022\/10\/Tuyau-10m-avec-raccord.jpg 600w, https:\/\/obera.fr\/wp-content\/uploads\/2022\/10\/Tuyau-10m-avec-raccord-300x300.jpg 300w, https:\/\/obera.fr\/wp-content\/uploads\/2022\/10\/Tuyau-10m-avec-raccord-150x150.jpg 150w\" sizes=\"(max-width: 600px) 100vw, 600px\" \/><figcaption class=\"wp-element-caption\">10 m hadica s konektorom<\/figcaption><\/figure>\n<\/div>\n\n\n\n<div class=\"wp-block-column is-layout-flow wp-block-column-is-layout-flow\">\n<figure class=\"wp-block-image aligncenter size-full is-resized\"><img decoding=\"async\" width=\"600\" height=\"600\" src=\"https:\/\/obera.fr\/wp-content\/uploads\/2022\/10\/Pompe-a-eau.jpg\" alt=\"vodn&#xE9; &#x10D;erpadlo\" class=\"wp-image-14975\" style=\"width:150px;height:150px\" srcset=\"https:\/\/obera.fr\/wp-content\/uploads\/2022\/10\/Pompe-a-eau.jpg 600w, https:\/\/obera.fr\/wp-content\/uploads\/2022\/10\/Pompe-a-eau-300x300.jpg 300w, https:\/\/obera.fr\/wp-content\/uploads\/2022\/10\/Pompe-a-eau-150x150.jpg 150w\" sizes=\"(max-width: 600px) 100vw, 600px\" \/><figcaption class=\"wp-element-caption\">Vodn\u00e9 \u010derpadlo<\/figcaption><\/figure>\n<\/div>\n\n\n\n<div class=\"wp-block-column is-vertically-aligned-bottom is-layout-flow wp-block-column-is-layout-flow\">\n<figure class=\"wp-block-image aligncenter size-medium is-resized\"><img decoding=\"async\" width=\"300\" height=\"257\" src=\"https:\/\/obera.fr\/wp-content\/uploads\/2023\/01\/prefiltre-g4-3-300x257.png\" alt=\"predfilter g4 3\" class=\"wp-image-18378\" style=\"width:150px;height:129px\" srcset=\"https:\/\/obera.fr\/wp-content\/uploads\/2023\/01\/prefiltre-g4-3-300x257.png 300w, https:\/\/obera.fr\/wp-content\/uploads\/2023\/01\/prefiltre-g4-3.png 350w\" sizes=\"(max-width: 300px) 100vw, 300px\" \/><figcaption class=\"wp-element-caption\">Predfilter G4 a hlavn\u00fd filter do F8<\/figcaption><\/figure>\n<\/div>\n<\/div>\n\n<h2 class=\"wp-block-heading\">Objavte priemyseln\u00e9 \u010disti\u010dky vzduchu<\/h2>\n\n<div class=\"wp-block-columns is-layout-flex wp-container-core-columns-is-layout-28f84493 wp-block-columns-is-layout-flex\">\n<div class=\"wp-block-column is-layout-flow wp-block-column-is-layout-flow\">\n<figure class=\"wp-block-image aligncenter size-medium is-resized\"><a href=\"https:\/\/obera.fr\/produits\/purificateurs-air\/industriel-epur\/\"><img decoding=\"async\" width=\"300\" height=\"300\" src=\"https:\/\/obera.fr\/wp-content\/uploads\/2023\/05\/gamme-purificateur-dair-epur-300x300.png\" alt=\"rad &#x10D;isti&#x10D;iek vzduchu epur\" class=\"wp-image-22605\" style=\"width:225px;height:225px\" srcset=\"https:\/\/obera.fr\/wp-content\/uploads\/2023\/05\/gamme-purificateur-dair-epur-300x300.png 300w, https:\/\/obera.fr\/wp-content\/uploads\/2023\/05\/gamme-purificateur-dair-epur-150x150.png 150w, https:\/\/obera.fr\/wp-content\/uploads\/2023\/05\/gamme-purificateur-dair-epur.png 600w\" sizes=\"(max-width: 300px) 100vw, 300px\" \/><\/a><figcaption class=\"wp-element-caption\">ePUR oberA rozsah<\/figcaption><\/figure>\n<\/div>\n\n\n\n<div class=\"wp-block-column is-layout-flow wp-block-column-is-layout-flow\">\n<figure class=\"wp-block-image aligncenter size-medium is-resized\"><a href=\"https:\/\/obera.fr\/produits\/purificateurs-air\/poussieres-epur-b01-ecoprime\/\"><img decoding=\"async\" width=\"300\" height=\"300\" src=\"https:\/\/obera.fr\/wp-content\/uploads\/2023\/02\/ecoprime-300x300.png\" alt=\"ecoprime\" class=\"wp-image-19002\" style=\"width:225px;height:225px\" srcset=\"https:\/\/obera.fr\/wp-content\/uploads\/2023\/02\/ecoprime-300x300.png 300w, https:\/\/obera.fr\/wp-content\/uploads\/2023\/02\/ecoprime-150x150.png 150w, https:\/\/obera.fr\/wp-content\/uploads\/2023\/02\/ecoprime.png 500w\" sizes=\"(max-width: 300px) 100vw, 300px\" \/><\/a><figcaption class=\"wp-element-caption\">ePUR B01 ecoPRIME<\/figcaption><\/figure>\n<\/div>\n\n\n\n<div class=\"wp-block-column is-layout-flow wp-block-column-is-layout-flow\">\n<figure class=\"wp-block-image aligncenter size-medium is-resized\"><a href=\"https:\/\/obera.fr\/produits\/purificateurs-air\/filtower\/\"><img decoding=\"async\" width=\"300\" height=\"300\" src=\"https:\/\/obera.fr\/wp-content\/uploads\/2020\/09\/FILTOWER-SF-300x300.png\" alt=\"Syst&#xE9;m - dizajn v&#xFD;robku\" class=\"wp-image-1017\" style=\"width:225px;height:225px\" srcset=\"https:\/\/obera.fr\/wp-content\/uploads\/2020\/09\/FILTOWER-SF-300x300.png 300w, https:\/\/obera.fr\/wp-content\/uploads\/2020\/09\/FILTOWER-SF-150x150.png 150w, https:\/\/obera.fr\/wp-content\/uploads\/2020\/09\/FILTOWER-SF.png 600w\" sizes=\"(max-width: 300px) 100vw, 300px\" \/><\/a><figcaption class=\"wp-element-caption\">Filtrovacia ve\u017ea<\/figcaption><\/figure>\n<\/div>\n\n\n\n<div class=\"wp-block-column is-layout-flow wp-block-column-is-layout-flow\">\n<figure class=\"wp-block-image aligncenter size-medium is-resized\"><a href=\"https:\/\/obera.fr\/produits\/purificateurs-air\/professionnel-epur-ca\/\"><img decoding=\"async\" width=\"300\" height=\"300\" src=\"https:\/\/obera.fr\/wp-content\/uploads\/2022\/02\/EPUR30-CA-300x300.png\" alt=\"epur30 ca\" class=\"wp-image-8923\" style=\"width:225px;height:225px\" srcset=\"https:\/\/obera.fr\/wp-content\/uploads\/2022\/02\/EPUR30-CA-300x300.png 300w, https:\/\/obera.fr\/wp-content\/uploads\/2022\/02\/EPUR30-CA-150x150.png 150w, https:\/\/obera.fr\/wp-content\/uploads\/2022\/02\/EPUR30-CA.png 500w\" sizes=\"(max-width: 300px) 100vw, 300px\" \/><\/a><figcaption class=\"wp-element-caption\">ePUR CA<\/figcaption><\/figure>\n<\/div>\n<\/div>\n","protected":false},"excerpt":{"rendered":"<p>O\u010distite a osvie\u017ete Osvie\u017euj\u00faca priemyseln\u00e1 \u010disti\u010dka vzduchu ePUR150 FRESH je ide\u00e1lna na \u010distenie a chladenie v\u0161etk\u00fdch typov pracovn\u00fdch priestorov, priemyseln\u00fdch h\u00e1l, hor\u00facich miest at\u010f. \u00faplne prirodzen\u00fdm sp\u00f4sobom s n\u00edzkou spotrebou energie. Ako to funguje? Jeho z\u00e1kladn\u00fdm princ\u00edpom \u010dinnosti je nas\u00e1vanie vzduchu, ktor\u00fd prech\u00e1dza cez nieko\u013eko stup\u0148ov filtr\u00e1cie (G4\/F8). V hor\u00facom po\u010das\u00ed sa pr\u00edtomn\u00e9 vo\u0161tinov\u00e9 panely m\u00f4\u017eu zvlh\u010dova\u0165 a osvie\u017eova\u0165 pracovn\u00fd priestor vy\u010disten\u00fdm vzduchom. Vy\u010disten\u00fd a\/alebo ochladen\u00fd vzduch sa vh\u00e1\u0148a do miestnosti a poskytuje optim\u00e1lnu kvalitu vzduchu a tepeln\u00fd komfort. Osvie\u017euj\u00faca priemyseln\u00e1 \u010disti\u010dka vzduchu dosahuje prietok vzduchu 15 000 m3\/h, pri\u010dom pri maxim\u00e1lnom prietoku je k dispoz\u00edcii tlak 100 Pa. Jej &#8230; <\/p>\n<p class=\"read-more-container\"><a title=\"Osvie\u017euj\u00faca \u010disti\u010dka vzduchu ePUR150 FRESH\" class=\"read-more button\" href=\"https:\/\/obera.fr\/sk\/produits\/purificateurs-air\/purificateur-rafraichisseur-epur150-fresh\/#more-45213\" aria-label=\"Pre\u010d\u00edtajte si viac o Osvie\u017euj\u00faca \u010disti\u010dka vzduchu ePUR150 FRESH\">Lire la suite<\/a><\/p>\n","protected":false},"author":4,"featured_media":83749,"parent":37710,"menu_order":0,"comment_status":"closed","ping_status":"closed","template":"","meta":{"_acf_changed":false,"_seopress_robots_primary_cat":"","_seopress_titles_title":"Osvie\u017euj\u00faca \u010disti\u010dka vzduchu ePUR150 FRESH","_seopress_titles_desc":"Pozrite si na\u0161u jedine\u010dn\u00fa jednotku na \u010distenie vzduchu, ktor\u00e1 sa d\u00e1 pou\u017ei\u0165 aj na osvie\u017eenie v\u00e1\u0161ho pracovn\u00e9ho miesta.","_seopress_robots_index":"\u00e1no","footnotes":""},"class_list":{"0":"post-45213","1":"page","2":"type-page","3":"status-publish","4":"has-post-thumbnail","6":"no-featured-image-padding","7":"resize-featured-image"},"acf":[],"_links":{"self":[{"href":"https:\/\/obera.fr\/sk\/wp-json\/wp\/v2\/pages\/45213","targetHints":{"allow":["GET"]}}],"collection":[{"href":"https:\/\/obera.fr\/sk\/wp-json\/wp\/v2\/pages"}],"about":[{"href":"https:\/\/obera.fr\/sk\/wp-json\/wp\/v2\/types\/page"}],"author":[{"embeddable":true,"href":"https:\/\/obera.fr\/sk\/wp-json\/wp\/v2\/users\/4"}],"replies":[{"embeddable":true,"href":"https:\/\/obera.fr\/sk\/wp-json\/wp\/v2\/comments?post=45213"}],"version-history":[{"count":10,"href":"https:\/\/obera.fr\/sk\/wp-json\/wp\/v2\/pages\/45213\/revisions"}],"predecessor-version":[{"id":105127,"href":"https:\/\/obera.fr\/sk\/wp-json\/wp\/v2\/pages\/45213\/revisions\/105127"}],"up":[{"embeddable":true,"href":"https:\/\/obera.fr\/sk\/wp-json\/wp\/v2\/pages\/37710"}],"wp:featuredmedia":[{"embeddable":true,"href":"https:\/\/obera.fr\/sk\/wp-json\/wp\/v2\/media\/83749"}],"wp:attachment":[{"href":"https:\/\/obera.fr\/sk\/wp-json\/wp\/v2\/media?parent=45213"}],"curies":[{"name":"wp","href":"https:\/\/api.w.org\/{rel}","templated":true}]}}