{"id":45346,"date":"2024-04-05T23:01:46","date_gmt":"2024-04-05T21:01:46","guid":{"rendered":"https:\/\/obera.fr\/priemyselny-vysavac-w3\/"},"modified":"2025-06-03T11:14:22","modified_gmt":"2025-06-03T09:14:22","slug":"w3-pour-nettoyage-general","status":"publish","type":"page","link":"https:\/\/obera.fr\/sk\/produits\/aspirateurs-industriels\/w3-pour-nettoyage-general\/","title":{"rendered":"Priemyseln\u00fd vys\u00e1va\u010d W3"},"content":{"rendered":"\n<p>Vysoko v\u00fdkonn\u00fd priemyseln\u00fd <a href=\"https:\/\/obera.fr\/sk\/produits\/aspirateurs-industriels\/\" data-type=\"page\" data-id=\"41\">vys\u00e1va\u010d<\/a> W3, ktor\u00fd sa \u013eahko pou\u017e\u00edva, je z\u00e1kladom v\u0161eobecn\u00e9ho upratovania, ktor\u00fd sa d\u00e1 prisp\u00f4sobi\u0165 v\u0161etk\u00fdm potreb\u00e1m.<\/p>\n\n\n\n<h2 class=\"wp-block-heading\">Princ\u00edp a pou\u017eitie priemyseln\u00e9ho vys\u00e1va\u010da W3<\/h2>\n\n\n\n<div class=\"wp-block-columns is-layout-flex wp-container-core-columns-is-layout-28f84493 wp-block-columns-is-layout-flex\">\n<div class=\"wp-block-column is-layout-flow wp-block-column-is-layout-flow\" style=\"flex-basis:33.33%\">\n<figure class=\"wp-block-image aligncenter size-full is-resized\"><img decoding=\"async\" width=\"658\" height=\"652\" src=\"https:\/\/obera.fr\/wp-content\/uploads\/2024\/10\/w3.png\" alt=\"Priemyseln\u00e9 vys\u00e1va\u010de\" class=\"wp-image-35427\" style=\"object-fit:cover;width:300px;height:300px\" srcset=\"https:\/\/obera.fr\/wp-content\/uploads\/2024\/10\/w3.png 658w, https:\/\/obera.fr\/wp-content\/uploads\/2024\/10\/w3-300x297.png 300w, https:\/\/obera.fr\/wp-content\/uploads\/2024\/10\/w3-150x150.png 150w, https:\/\/obera.fr\/wp-content\/uploads\/2024\/10\/w3-24x24.png 24w, https:\/\/obera.fr\/wp-content\/uploads\/2024\/10\/w3-48x48.png 48w, https:\/\/obera.fr\/wp-content\/uploads\/2024\/10\/w3-96x96.png 96w\" sizes=\"(max-width: 658px) 100vw, 658px\" \/><\/figure>\n<\/div>\n\n\n\n<div class=\"wp-block-column is-layout-flow wp-block-column-is-layout-flow\" style=\"flex-basis:66.66%\">\n<p><strong>Priemyseln\u00fd vys\u00e1va\u010d W3<\/strong> je zn\u00e1my svojou v\u0161estrannos\u0165ou a tichou prev\u00e1dzkou. Je vybaven\u00fd tromi v\u00fdkonn\u00fdmi by-passov\u00fdmi motormi, ktor\u00e9 nas\u00e1vaj\u00fa vzduch a rozde\u013euj\u00fa ho na dva pr\u00fady: jeden pr\u00fad sa pou\u017e\u00edva na chladenie motora, druh\u00fd na vys\u00e1vanie prachu a pevn\u00fdch \u010dast\u00edc. Tento syst\u00e9m ods\u00e1vania nielen\u017ee zabra\u0148uje upch\u00e1vaniu motora, ale aj zadr\u017eiava jemn\u00e9 \u010dastice t\u00fdm, \u017ee pr\u00fad vzduchu prech\u00e1dza cez prachov\u00fd filter. Obtokov\u00e9 motory radu W3 pon\u00fakaj\u00fa vysok\u00fd sac\u00ed v\u00fdkon, menej \u00fadr\u017eby a dlh\u0161iu \u017eivotnos\u0165 zariadenia (men\u0161ie riziko prehriatia a upchatia).   <\/p>\n\n\n\n<p>Na \u010do sl\u00fa\u017ei? Univerz\u00e1lny, obratn\u00fd a praktick\u00fd jednof\u00e1zov\u00fd vys\u00e1va\u010d W3 je ide\u00e1lny na v\u0161eobecn\u00e9 upratovanie: \u010distenie podl\u00e1h, stien, staven\u00edsk, dieln\u00ed, v\u00fdrobn\u00fdch strojov at\u010f. Je tie\u017e vynikaj\u00facou vo\u013ebou na vys\u00e1vanie jemn\u00e9ho prachu a alerg\u00e9nnych \u010dast\u00edc. V\u010faka svojej kon\u0161trukcii a \u0161irok\u00fdm mo\u017enostiam prisp\u00f4sobenia sa \u013eahko prisp\u00f4sob\u00ed v\u0161etk\u00fdm odvetviam priemyslu. Je obzvl\u00e1\u0161\u0165 \u00fa\u010dinn\u00fd na ods\u00e1vanie prachu a pevn\u00fdch \u010dast\u00edc v mechanick\u00fdch diel\u0148ach, potravin\u00e1rskych podnikoch, stol\u00e1rskych diel\u0148ach, remeseln\u00edckych diel\u0148ach, pieskovniach, cement\u00e1r\u0148ach a pri povrchovej \u00faprave.   <\/p>\n\n\n\n<div class=\"wp-block-columns is-layout-flex wp-container-core-columns-is-layout-28f84493 wp-block-columns-is-layout-flex\">\n<div class=\"wp-block-column is-layout-flow wp-block-column-is-layout-flow\">\n<div class=\"wp-block-buttons is-layout-flex wp-block-buttons-is-layout-flex\">\n<div class=\"wp-block-button\"><a class=\"wp-block-button__link wp-element-button\" href=\"https:\/\/obera.fr\/wp-content\/uploads\/2025\/06\/brochure-w3-en.pdf\">STIAHNU\u0164 BRO\u017d\u00daRU<\/a><\/div>\n<\/div>\n<\/div>\n\n\n\n<div class=\"wp-block-column is-layout-flow wp-block-column-is-layout-flow\">\n<div class=\"wp-block-buttons is-layout-flex wp-block-buttons-is-layout-flex\">\n<div class=\"wp-block-button\"><a class=\"wp-block-button__link wp-element-button\" href=\"https:\/\/obera.fr\/contact\/\">POTREBUJETE INDIVIDU\u00c1LNE PORADENSTVO?<\/a><\/div>\n<\/div>\n<\/div>\n\n\n\n<div class=\"wp-block-column is-layout-flow wp-block-column-is-layout-flow\">\n<div class=\"wp-block-buttons is-content-justification-center is-layout-flex wp-container-core-buttons-is-layout-a89b3969 wp-block-buttons-is-layout-flex\">\n<div class=\"wp-block-button btn-devis-source\"><a class=\"wp-block-button__link wp-element-button\" href=\"https:\/\/obera.fr\/sk\/devis\/\">Po\u017eiada\u0165 o cenov\u00fa ponuku<\/a><\/div>\n<\/div>\n\n\n<script>\r\ndocument.addEventListener('DOMContentLoaded', function() {\r\n    \/\/ 1. On cherche le titre H1 de la page\r\n    var h1 = document.querySelector('h1');\r\n    var productTitle = h1 ? h1.innerText.trim() : \"\";\r\n\r\n    \/\/ 2. On cherche les boutons via la classe CSS .btn-devis-source\r\n    var buttons = document.querySelectorAll('.btn-devis-source a');\r\n\r\n    \/\/ 3. Si on a le titre et les boutons, on ajoute le param\u00e8tre\r\n    if (buttons.length > 0 && productTitle !== \"\") {\r\n        var encodedTitle = encodeURIComponent(productTitle);\r\n\r\n        buttons.forEach(function(btn) {\r\n            var currentHref = btn.getAttribute('href');\r\n            \r\n            \/\/ S\u00e9curit\u00e9 pour ne pas ajouter le param\u00e8tre 2 fois\r\n            if (currentHref.indexOf('sujet=') === -1) {\r\n                var separator = currentHref.indexOf('?') !== -1 ? '&' : '?';\r\n                var newLink = currentHref + separator + 'sujet=' + encodedTitle;\r\n                \r\n                btn.setAttribute('href', newLink);\r\n            }\r\n        });\r\n    }\r\n});\r\n<\/script><\/div>\n<\/div>\n<\/div>\n<\/div>\n\n\n\n<h2 class=\"wp-block-heading\">V\u0161eobecn\u00e9 \u010distenie: funkcie vys\u00e1va\u010da W3<\/h2>\n\n\n\n<p>Priemyseln\u00fd vys\u00e1va\u010d W3 je k dispoz\u00edcii v dvoch verzi\u00e1ch. Je vybaven\u00fd 3 jednof\u00e1zov\u00fdmi motormi s v\u00fdkonom 1,1 kW v 65-litrovej verzii a 1,3 kW v 100-litrovej verzii. V\u010faka tejto \u0161pecifickej technickej vlastnosti je stroj mimoriadne \u00fa\u010dinn\u00fd pri vys\u00e1van\u00ed materi\u00e1lov s vysokou \u0161pecifickou hmotnos\u0165ou (\u0161trk, piesok, klince, skrutky, sklenen\u00e9 \u00falomky). Vys\u00e1va\u010d pon\u00faka maxim\u00e1lny podtlak od 2 400 do 3 600 Pa a maxim\u00e1lny prietok od 540 m3\/h do 450 m3\/h v z\u00e1vislosti od vybranej verzie.<\/p>\n\n\n\n<p>Napriek 3 by-pass motorom je priemyseln\u00fd vys\u00e1va\u010d W3 tich\u00fd. Ods\u00e1vacia jednotka je odhlu\u010dnen\u00e1, aby sa zn\u00ed\u017eila hlu\u010dnos\u0165 na minimum.<\/p>\n\n\n\n<p>Robustn\u00e9 ods\u00e1vacie zariadenie m\u00e1 pevn\u00fa oce\u013eov\u00fa hlavu. Filtra\u010dn\u00e1 jednotka je tie\u017e vyroben\u00e1 z nehrdzavej\u00facej ocele (filtra\u010dn\u00e1 komora), rovnako ako jej z\u00e1sobn\u00edk na kolieskach a podvozok.  <\/p>\n\n\n\n<p>Nakoniec je filtra\u010dn\u00e1 jednotka vybaven\u00e1 polyesterov\u00fdm vreckov\u00fdm filtrom na ochranu a vysok\u00e9 zachyt\u00e1vanie prachu. Ve\u013ek\u00e1 plocha 2 m2 a vysok\u00e1 \u00fa\u010dinnos\u0165 filtr\u00e1cie (3 mikr\u00f3ny) tie\u017e zaru\u010duj\u00fa \u010distotu vych\u00e1dzaj\u00faceho vzduchu.<\/p>\n\n\n\n<p>S\u00fa\u010das\u0165ou vys\u00e1va\u010da W3 je pr\u00edslu\u0161enstvo ur\u010den\u00e9 pre profesion\u00e1lov v oblasti upratovania: flexibiln\u00e1 sacia hadica, kefy, \u0161trbinov\u00fd n\u00e1stroj at\u010f.<\/p>\n\n\n\n<blockquote class=\"wp-block-quote is-layout-flow wp-block-quote-is-layout-flow\">\n<p>Dostupn\u00e9 verzie: Priemyseln\u00fd vys\u00e1va\u010d W3 je k dispoz\u00edcii v dvoch verzi\u00e1ch! Jedna s objemom 65 litrov a druh\u00e1 s objemom 100 litrov. K dispoz\u00edcii je aj s 3 jednof\u00e1zov\u00fdmi, 3-stup\u0148ov\u00fdmi motormi, ktor\u00e9 zvl\u00e1dnu ods\u00e1vanie materi\u00e1lov s vysokou \u0161pecifickou hmotnos\u0165ou.<\/p>\n<\/blockquote>\n\n\n\n<h3 class=\"wp-block-heading has-text-align-center\">Volite\u013en\u00e9<\/h3>\n\n\n\n<div class=\"wp-block-columns is-layout-flex wp-container-core-columns-is-layout-28f84493 wp-block-columns-is-layout-flex\">\n<div class=\"wp-block-column is-layout-flow wp-block-column-is-layout-flow\" style=\"flex-basis:50%\">\n<ul class=\"wp-block-list\">\n<li>Nomexov\u00fd filter &#8211; odoln\u00fd vo\u010di teplu do 250\u00b0;<\/li>\n\n\n\n<li>Absol\u00fatny filter Hepa H14;<\/li>\n\n\n\n<li>PTFE filter triedy M;<\/li>\n\n\n\n<li>Vodoodpudiv\u00fd tefl\u00f3nov\u00fd filter triedy M;  <\/li>\n\n\n\n<li>Antistatick\u00fd filter triedy M ;<\/li>\n<\/ul>\n<\/div>\n\n\n\n<div class=\"wp-block-column is-layout-flow wp-block-column-is-layout-flow\" style=\"flex-basis:50%\">\n<ul class=\"wp-block-list\">\n<li>N\u00e1doba a filtra\u010dn\u00e1 komora z nehrdzavej\u00facej ocele;<\/li>\n\n\n\n<li>Uzemnenie ;<\/li>\n\n\n\n<li>Mrie\u017ekovan\u00fd k\u00f4\u0161 s vyp\u00fa\u0161\u0165ac\u00edm ventilom a indik\u00e1torom hladiny ;<\/li>\n\n\n\n<li>Kontajner na vrecia s dlhou roho\u017eou 20mt ;<\/li>\n\n\n\n<li>Cykl\u00f3n na ochranu filtra.<\/li>\n<\/ul>\n<\/div>\n<\/div>\n\n\n\n<h3 class=\"wp-block-heading has-text-align-center\">PRIEMYSLY<\/h3>\n\n\n\n<div class=\"wp-block-columns is-layout-flex wp-container-core-columns-is-layout-28f84493 wp-block-columns-is-layout-flex\">\n<div class=\"wp-block-column is-layout-flow wp-block-column-is-layout-flow\">\n<hr class=\"wp-block-separator has-alpha-channel-opacity\"\/>\n\n\n\n<div class=\"wp-block-columns is-layout-flex wp-container-core-columns-is-layout-28f84493 wp-block-columns-is-layout-flex\">\n<div class=\"wp-block-column is-layout-flow wp-block-column-is-layout-flow\">\n<figure class=\"wp-block-image aligncenter size-thumbnail is-resized\"><img decoding=\"async\" width=\"150\" height=\"150\" src=\"https:\/\/obera.fr\/wp-content\/uploads\/2022\/02\/Textile-150x150.png\" alt=\"textil\" class=\"wp-image-8855\"\/><figcaption class=\"wp-element-caption\">Textil<\/figcaption><\/figure>\n\n\n\n<figure class=\"wp-block-image aligncenter size-thumbnail is-resized\"><img decoding=\"async\" width=\"150\" height=\"150\" src=\"https:\/\/obera.fr\/wp-content\/uploads\/2022\/02\/Plastique-150x150.png\" alt=\"plast\" class=\"wp-image-8854\"\/><figcaption class=\"wp-element-caption\">Plastov\u00e9<\/figcaption><\/figure>\n<\/div>\n\n\n\n<div class=\"wp-block-column is-layout-flow wp-block-column-is-layout-flow\">\n<figure class=\"wp-block-image aligncenter size-thumbnail is-resized\"><img decoding=\"async\" width=\"150\" height=\"150\" src=\"https:\/\/obera.fr\/wp-content\/uploads\/2022\/02\/MINERAIS-150x150.png\" alt=\"rudy\" class=\"wp-image-8847\"\/><figcaption class=\"wp-element-caption\">Miner\u00e1ly<\/figcaption><\/figure>\n\n\n\n<figure class=\"wp-block-image aligncenter size-thumbnail is-resized\"><img decoding=\"async\" width=\"150\" height=\"150\" src=\"https:\/\/obera.fr\/wp-content\/uploads\/2022\/02\/Metalurgie-150x150.png\" alt=\"metalurgia\" class=\"wp-image-8857\"\/><figcaption class=\"wp-element-caption\">Hutn\u00edctvo<\/figcaption><\/figure>\n\n\n\n<figure class=\"wp-block-image aligncenter size-thumbnail is-resized\"><img decoding=\"async\" width=\"150\" height=\"150\" src=\"https:\/\/obera.fr\/wp-content\/uploads\/2023\/02\/sans-titre-2023-02-14t102211.641-150x150.png\" alt=\"Po\u013enohospod\u00e1rstvo\" class=\"wp-image-18828\"\/><figcaption class=\"wp-element-caption\">Po\u013enohospod\u00e1rstvo<\/figcaption><\/figure>\n<\/div>\n<\/div>\n<\/div>\n\n\n\n<div class=\"wp-block-column is-layout-flow wp-block-column-is-layout-flow\">\n<hr class=\"wp-block-separator has-alpha-channel-opacity\"\/>\n\n\n\n<div class=\"wp-block-columns is-layout-flex wp-container-core-columns-is-layout-28f84493 wp-block-columns-is-layout-flex\">\n<div class=\"wp-block-column is-layout-flow wp-block-column-is-layout-flow\">\n<figure class=\"wp-block-image aligncenter size-thumbnail is-resized\"><img decoding=\"async\" width=\"150\" height=\"150\" src=\"https:\/\/obera.fr\/wp-content\/uploads\/2022\/02\/Chimie-150x150.png\" alt=\"ch\u00e9mia\" class=\"wp-image-8846\"\/><figcaption class=\"wp-element-caption\">Ch\u00e9mia<\/figcaption><\/figure>\n\n\n\n<figure class=\"wp-block-image aligncenter size-thumbnail is-resized\"><img decoding=\"async\" width=\"150\" height=\"150\" src=\"https:\/\/obera.fr\/wp-content\/uploads\/2022\/02\/Travail-du-bois-150x150.png\" alt=\"spracovanie dreva\" class=\"wp-image-8856\"\/><figcaption class=\"wp-element-caption\">Spracovanie dreva<\/figcaption><\/figure>\n\n\n\n<figure class=\"wp-block-image aligncenter size-thumbnail is-resized\"><img decoding=\"async\" width=\"150\" height=\"150\" src=\"https:\/\/obera.fr\/wp-content\/uploads\/2023\/02\/sans-titre-2023-02-14t101920.185-150x150.png\" alt=\"Letectvo\" class=\"wp-image-18831\"\/><figcaption class=\"wp-element-caption\">Letectvo<\/figcaption><\/figure>\n<\/div>\n\n\n\n<div class=\"wp-block-column is-layout-flow wp-block-column-is-layout-flow\">\n<figure class=\"wp-block-image aligncenter size-thumbnail is-resized\"><img decoding=\"async\" width=\"150\" height=\"150\" src=\"https:\/\/obera.fr\/wp-content\/uploads\/2022\/02\/AGROALIMENTAIRE-150x150.png\" alt=\"agropotravin\u00e1rsky\" class=\"wp-image-8844\"\/><figcaption class=\"wp-element-caption\">Potravin\u00e1rsky priemysel<\/figcaption><\/figure>\n\n\n\n<figure class=\"wp-block-image aligncenter size-thumbnail is-resized\"><img decoding=\"async\" width=\"150\" height=\"150\" src=\"https:\/\/obera.fr\/wp-content\/uploads\/2022\/02\/Papier-carton-150x150.png\" alt=\"papier a lepenka\" class=\"wp-image-8853\"\/><figcaption class=\"wp-element-caption\">Papier\/kart\u00f3n<\/figcaption><\/figure>\n\n\n\n<figure class=\"wp-block-image aligncenter size-thumbnail is-resized\"><img decoding=\"async\" width=\"150\" height=\"150\" src=\"https:\/\/obera.fr\/wp-content\/uploads\/2023\/02\/sans-titre-2023-02-14t101712.416-150x150.png\" alt=\"Automobilov\u00fd priemysel\" class=\"wp-image-18834\"\/><figcaption class=\"wp-element-caption\">Automobilov\u00fd priemysel<\/figcaption><\/figure>\n<\/div>\n<\/div>\n<\/div>\n<\/div>\n\n\n\n<figure class=\"wp-block-table\"><table class=\"has-fixed-layout\"><tbody><tr><td>Nap\u00e4tie<\/td><td>V-HZ<\/td><td>230<\/td><td>230-50<\/td><\/tr><tr><td>Nap\u00e1janie<\/td><td>kW<\/td><td>3&#215;1.1<\/td><td>3&#215;1.3<\/td><\/tr><tr><td>Maxim\u00e1lna depresia<\/td><td>Pa<\/td><td>2 400 Pa<\/td><td>3 600 Pa<\/td><\/tr><tr><td>Maxim\u00e1lny prietok vzduchu<\/td><td>m3\/h<\/td><td>540<\/td><td>450<\/td><\/tr><tr><td>Priemer n\u00e1ustka<\/td><td>mm<\/td><td>80<\/td><td>80<\/td><\/tr><tr><td>Typ filtra<\/td><td><\/td><td>S vreckami s hviezdi\u010dkami<\/td><td>S vreckami s hviezdi\u010dkami<\/td><\/tr><tr><td>Povrch<\/td><td>cm2<\/td><td>20.000<\/td><td>20.000<\/td><\/tr><tr><td>\u010cistiaci syst\u00e9m<\/td><td><\/td><td>Manuel<\/td><td>Manuel<\/td><\/tr><tr><td>Z\u00e1sobn\u00edk na \u00farodu<\/td><td><\/td><td>Oce\u013e<\/td><td>Oce\u013e<\/td><\/tr><tr><td>Odvod\u0148ovac\u00ed syst\u00e9m<\/td><td><\/td><td>Odn\u00edmate\u013en\u00fd z\u00e1sobn\u00edk<\/td><td>Odn\u00edmate\u013en\u00fd z\u00e1sobn\u00edk<\/td><\/tr><tr><td>Kapacita<\/td><td>litrov<\/td><td>65\/100<\/td><td>65\/100<\/td><\/tr><tr><td>Rozmery<\/td><td>cm<\/td><td>58x60x135cm<\/td><td>58x60x145cm<\/td><\/tr><tr><td>Filtra\u010dn\u00e9 zariadenie &#8211; trieda<\/td><td><\/td><td><\/td><td>Polyester-L<\/td><\/tr><\/tbody><\/table><\/figure>\n\n\n\n<div class=\"wp-block-buttons is-content-justification-center is-layout-flex wp-container-core-buttons-is-layout-a89b3969 wp-block-buttons-is-layout-flex\">\n<div class=\"wp-block-button\"><a class=\"wp-block-button__link wp-element-button\" href=\"https:\/\/obera.fr\/wp-content\/uploads\/2024\/04\/obera_brochure-w3-fr.pdf\">STIAHNITE SI KARTU S \u00daDAJMI O V\u00ddROBKU<\/a><\/div>\n<\/div>\n\n\n\n<h2 class=\"wp-block-heading\">V\u00fdhody vys\u00e1va\u010da W3<\/h2>\n\n\n\n<p>S\u00e9ria W3 je mimoriadne ob\u013e\u00faben\u00e1 pre svoje jednoduch\u00e9 pou\u017e\u00edvanie. V\u0161etko je navrhnut\u00e9 tak, aby prev\u00e1dzkovate\u013eovi \u010do najviac zjednodu\u0161ilo gener\u00e1lne upratovanie. Je vybaven\u00fd v\u00e1kuometrom so sveteln\u00fdm indik\u00e1torom na zistenie pr\u00edpadn\u00e9ho nas\u00fdtenia filtra. Na hlave motora s\u00fa dve rukov\u00e4te na \u013eahk\u00e9 zdv\u00edhanie pri v\u00fdmene filtra. Jednof\u00e1zov\u00fd vys\u00e1va\u010d je vybaven\u00fd aj syst\u00e9mom ru\u010dn\u00e9ho odburinenia, ktor\u00fd mo\u017eno aktivova\u0165 stla\u010den\u00edm sp\u00edna\u010da, tak\u017ee povrchov\u00ed technici si m\u00f4\u017eu vychutna\u0165 maxim\u00e1lny v\u00fdkon vys\u00e1vania.<\/p>\n\n\n\n<div class=\"wp-block-columns is-layout-flex wp-container-core-columns-is-layout-28f84493 wp-block-columns-is-layout-flex\">\n<div class=\"wp-block-column is-layout-flow wp-block-column-is-layout-flow\" style=\"flex-basis:33.34%\">\n<h3 class=\"wp-block-heading\">V\u00fdhody :<\/h3>\n\n\n\n<ul class=\"wp-block-list\">\n<li>V\u00e1kuov\u00fd manometer s kontrolkou na predv\u00eddanie nas\u00fdtenia filtra;<\/li>\n\n\n\n<li>Vyp\u00fa\u0161\u0165anie vzduchu smerom nadol ;<\/li>\n\n\n\n<li>Kompaktn\u00fd, mobiln\u00fd a \u013eahko ovl\u00e1date\u013en\u00fd;<\/li>\n\n\n\n<li>V\u0161estrann\u00fd a tich\u00fd.<\/li>\n<\/ul>\n<\/div>\n\n\n\n<div class=\"wp-block-column is-layout-flow wp-block-column-is-layout-flow\" style=\"flex-basis:33.34%\">\n<h3 class=\"wp-block-heading\">\u0160peci\u00e1lne funkcie:<\/h3>\n\n\n\n<ul class=\"wp-block-list\">\n<li>Tri jednof\u00e1zov\u00e9 bo\u010dn\u00edkov\u00e9 motory s nez\u00e1visl\u00fdmi sp\u00edna\u010dmi;<\/li>\n\n\n\n<li>Polyesterov\u00fd hviezdicov\u00fd filter;<\/li>\n\n\n\n<li>K dispoz\u00edcii je \u0161irok\u00e1 \u0161k\u00e1la filtrov.<\/li>\n<\/ul>\n<\/div>\n\n\n\n<div class=\"wp-block-column is-layout-flow wp-block-column-is-layout-flow\" style=\"flex-basis:33.33%\">\n<h3 class=\"wp-block-heading\">Vlastnosti :<\/h3>\n\n\n\n<ul class=\"wp-block-list\">\n<li>K dispoz\u00edcii v 65-litrovej alebo 100-litrovej verzii;<\/li>\n\n\n\n<li>K dispoz\u00edcii je 3-stup\u0148ov\u00e1 verzia;<\/li>\n\n\n\n<li>Ochrana ods\u00e1vacej jednotky s hviezdicov\u00fdm filtrom (polyester).<\/li>\n<\/ul>\n<\/div>\n<\/div>\n\n\n\n<h2 class=\"wp-block-heading\">Testovanie jednof\u00e1zov\u00e9ho priemyseln\u00e9ho vys\u00e1va\u010da na v\u0161eobecn\u00e9 \u010distenie<\/h2>\n\n\n\n<p>Pon\u00fakame test v plnom rozsahu vo va\u0161ich diel\u0148ach s mo\u017enos\u0165ou n\u00e1kupu v priemere za 1 mesiac.<\/p>\n\n\n\n<div class=\"wp-block-buttons is-content-justification-center is-layout-flex wp-container-core-buttons-is-layout-a89b3969 wp-block-buttons-is-layout-flex\">\n<div class=\"wp-block-button\"><a class=\"wp-block-button__link wp-element-button\" href=\"https:\/\/obera.fr\/sk\/contact\/\">TEST VYS\u00c1VA\u010cA W2<\/a><\/div>\n<\/div>\n\n\n\n<h2 class=\"wp-block-heading\">\u010eal\u0161ie priemyseln\u00e9 vys\u00e1va\u010de v sortimente<\/h2>\n\n\n\n<div class=\"wp-block-columns is-layout-flex wp-container-core-columns-is-layout-28f84493 wp-block-columns-is-layout-flex\">\n<div class=\"wp-block-column is-layout-flow wp-block-column-is-layout-flow\">\n<figure class=\"wp-block-image aligncenter size-full is-resized\"><a href=\"https:\/\/obera.fr\/produits\/aspirateurs-industriels\/w2-xr-atex-22\/\"><img decoding=\"async\" width=\"566\" height=\"671\" src=\"https:\/\/obera.fr\/wp-content\/uploads\/2024\/10\/w2-xr-2.png\" alt=\"Priemyseln\u00e9 vys\u00e1va\u010de\" class=\"wp-image-35431\" style=\"object-fit:cover;width:300px;height:300px\" srcset=\"https:\/\/obera.fr\/wp-content\/uploads\/2024\/10\/w2-xr-2.png 566w, https:\/\/obera.fr\/wp-content\/uploads\/2024\/10\/w2-xr-2-253x300.png 253w\" sizes=\"(max-width: 566px) 100vw, 566px\" \/><\/a><figcaption class=\"wp-element-caption\">W2 XR<\/figcaption><\/figure>\n<\/div>\n\n\n\n<div class=\"wp-block-column is-layout-flow wp-block-column-is-layout-flow\">\n<figure class=\"wp-block-image aligncenter size-full is-resized\"><a href=\"https:\/\/obera.fr\/produits\/aspirateurs-industriels\/w2-haute-filtration-polyvalence\/\"><img decoding=\"async\" width=\"711\" height=\"622\" src=\"https:\/\/obera.fr\/wp-content\/uploads\/2024\/10\/w2.png\" alt=\"Priemyseln\u00e9 vys\u00e1va\u010de\" class=\"wp-image-35424\" style=\"width:343px;height:auto\" srcset=\"https:\/\/obera.fr\/wp-content\/uploads\/2024\/10\/w2.png 711w, https:\/\/obera.fr\/wp-content\/uploads\/2024\/10\/w2-300x262.png 300w\" sizes=\"(max-width: 711px) 100vw, 711px\" \/><\/a><figcaption class=\"wp-element-caption\">W2<\/figcaption><\/figure>\n<\/div>\n\n\n\n<div class=\"wp-block-column is-layout-flow wp-block-column-is-layout-flow\">\n<figure class=\"wp-block-image aligncenter size-full is-resized\"><a href=\"https:\/\/obera.fr\/produits\/aspirateurs-industriels\/ventilateurs-aspiration-gamme-eurosog-rg-100-800\/\"><img decoding=\"async\" width=\"600\" height=\"600\" src=\"https:\/\/obera.fr\/wp-content\/uploads\/2024\/04\/obera-ventilateur-aspiration-rg-300-400.jpg\" alt=\"Obera sac\u00ed ventil\u00e1tor rg 300 400\" class=\"wp-image-29437\" style=\"object-fit:cover;width:300px;height:300px\" srcset=\"https:\/\/obera.fr\/wp-content\/uploads\/2024\/04\/obera-ventilateur-aspiration-rg-300-400.jpg 600w, https:\/\/obera.fr\/wp-content\/uploads\/2024\/04\/obera-ventilateur-aspiration-rg-300-400-300x300.jpg 300w, https:\/\/obera.fr\/wp-content\/uploads\/2024\/04\/obera-ventilateur-aspiration-rg-300-400-150x150.jpg 150w\" sizes=\"(max-width: 600px) 100vw, 600px\" \/><\/a><figcaption class=\"wp-element-caption\">RG 300\/400<\/figcaption><\/figure>\n<\/div>\n<\/div>\n","protected":false},"excerpt":{"rendered":"<p>Vysoko v\u00fdkonn\u00fd priemyseln\u00fd vys\u00e1va\u010d W3, ktor\u00fd sa \u013eahko pou\u017e\u00edva, je z\u00e1kladom v\u0161eobecn\u00e9ho upratovania, ktor\u00fd sa d\u00e1 prisp\u00f4sobi\u0165 v\u0161etk\u00fdm potreb\u00e1m. Princ\u00edp a pou\u017eitie priemyseln\u00e9ho vys\u00e1va\u010da W3 Priemyseln\u00fd vys\u00e1va\u010d W3 je zn\u00e1my svojou v\u0161estrannos\u0165ou a tichou prev\u00e1dzkou. Je vybaven\u00fd tromi v\u00fdkonn\u00fdmi by-passov\u00fdmi motormi, ktor\u00e9 nas\u00e1vaj\u00fa vzduch a rozde\u013euj\u00fa ho na dva pr\u00fady: jeden pr\u00fad sa pou\u017e\u00edva na chladenie motora, druh\u00fd na vys\u00e1vanie prachu a pevn\u00fdch \u010dast\u00edc. Tento syst\u00e9m ods\u00e1vania nielen\u017ee zabra\u0148uje upch\u00e1vaniu motora, ale aj zadr\u017eiava jemn\u00e9 \u010dastice t\u00fdm, \u017ee pr\u00fad vzduchu prech\u00e1dza cez prachov\u00fd filter. Obtokov\u00e9 motory radu W3 pon\u00fakaj\u00fa vysok\u00fd sac\u00ed v\u00fdkon, menej \u00fadr\u017eby a dlh\u0161iu \u017eivotnos\u0165 zariadenia (men\u0161ie riziko &#8230; <\/p>\n<p class=\"read-more-container\"><a title=\"Priemyseln\u00fd vys\u00e1va\u010d W3\" class=\"read-more button\" href=\"https:\/\/obera.fr\/sk\/produits\/aspirateurs-industriels\/w3-pour-nettoyage-general\/#more-45346\" aria-label=\"Pre\u010d\u00edtajte si viac o Priemyseln\u00fd vys\u00e1va\u010d W3\">Lire la suite<\/a><\/p>\n","protected":false},"author":4,"featured_media":83749,"parent":48519,"menu_order":0,"comment_status":"closed","ping_status":"closed","template":"","meta":{"_acf_changed":false,"_seopress_robots_primary_cat":"","_seopress_titles_title":"Priemyseln\u00fd vys\u00e1va\u010d W3 na gener\u00e1lne \u010distenie OberA","_seopress_titles_desc":"S\u00e9ria W3, ktor\u00e1 je nevyhnutn\u00e1 na v\u0161eobecn\u00e9 \u010distenie, m\u00e1 3 jednof\u00e1zov\u00e9 motory, ktor\u00e9 kombinuj\u00fa v\u00fdkon a jednoduch\u00e9 pou\u017e\u00edvanie.","_seopress_robots_index":"","footnotes":""},"class_list":{"0":"post-45346","1":"page","2":"type-page","3":"status-publish","4":"has-post-thumbnail","6":"no-featured-image-padding","7":"resize-featured-image"},"acf":[],"_links":{"self":[{"href":"https:\/\/obera.fr\/sk\/wp-json\/wp\/v2\/pages\/45346","targetHints":{"allow":["GET"]}}],"collection":[{"href":"https:\/\/obera.fr\/sk\/wp-json\/wp\/v2\/pages"}],"about":[{"href":"https:\/\/obera.fr\/sk\/wp-json\/wp\/v2\/types\/page"}],"author":[{"embeddable":true,"href":"https:\/\/obera.fr\/sk\/wp-json\/wp\/v2\/users\/4"}],"replies":[{"embeddable":true,"href":"https:\/\/obera.fr\/sk\/wp-json\/wp\/v2\/comments?post=45346"}],"version-history":[{"count":11,"href":"https:\/\/obera.fr\/sk\/wp-json\/wp\/v2\/pages\/45346\/revisions"}],"predecessor-version":[{"id":107536,"href":"https:\/\/obera.fr\/sk\/wp-json\/wp\/v2\/pages\/45346\/revisions\/107536"}],"up":[{"embeddable":true,"href":"https:\/\/obera.fr\/sk\/wp-json\/wp\/v2\/pages\/48519"}],"wp:featuredmedia":[{"embeddable":true,"href":"https:\/\/obera.fr\/sk\/wp-json\/wp\/v2\/media\/83749"}],"wp:attachment":[{"href":"https:\/\/obera.fr\/sk\/wp-json\/wp\/v2\/media?parent=45346"}],"curies":[{"name":"wp","href":"https:\/\/api.w.org\/{rel}","templated":true}]}}