{"id":45461,"date":"2024-04-05T23:11:29","date_gmt":"2024-04-05T21:11:29","guid":{"rendered":"https:\/\/obera.fr\/odsavacie-ventilatory-rad-eurosog-rg-100-800\/"},"modified":"2025-06-03T11:39:18","modified_gmt":"2025-06-03T09:39:18","slug":"ventilateurs-aspiration-gamme-eurosog-rg-100-800","status":"publish","type":"page","link":"https:\/\/obera.fr\/sk\/produits\/aspirateurs-industriels\/ventilateurs-aspiration-gamme-eurosog-rg-100-800\/","title":{"rendered":"Ods\u00e1vacie ventil\u00e1tory: rad EUROSOG RG 100-800"},"content":{"rendered":"\n<p>N\u00e1\u0161 sortiment kompaktn\u00fdch ventil\u00e1torov RG 100 a\u017e RG 800 zabezpe\u010duje zdrav\u0161ie prostredie t\u00fdm, \u017ee ods\u00e1va a poh\u00e1\u0148a zne\u010disten\u00fd vzduch pr\u00edtomn\u00fd vo va\u0161ich pracovn\u00fdch priestoroch.<\/p>\n\n\n\n<h2 class=\"wp-block-heading\">S\u00e9ria RG: prev\u00e1dzka a pou\u017e\u00edvanie ods\u00e1vac\u00edch ventil\u00e1torov<\/h2>\n\n\n\n<div class=\"wp-block-columns is-layout-flex wp-container-core-columns-is-layout-28f84493 wp-block-columns-is-layout-flex\">\n<div class=\"wp-block-column is-layout-flow wp-block-column-is-layout-flow\" style=\"flex-basis:33.33%\">\n<figure class=\"wp-block-image size-full\"><img decoding=\"async\" width=\"600\" height=\"600\" src=\"https:\/\/obera.fr\/wp-content\/uploads\/2024\/04\/obera-ventilateur-aspiration-rg-300-400.jpg\" alt=\"Obera sac\u00ed ventil\u00e1tor rg 300 400\" class=\"wp-image-29437\" srcset=\"https:\/\/obera.fr\/wp-content\/uploads\/2024\/04\/obera-ventilateur-aspiration-rg-300-400.jpg 600w, https:\/\/obera.fr\/wp-content\/uploads\/2024\/04\/obera-ventilateur-aspiration-rg-300-400-300x300.jpg 300w, https:\/\/obera.fr\/wp-content\/uploads\/2024\/04\/obera-ventilateur-aspiration-rg-300-400-150x150.jpg 150w\" sizes=\"(max-width: 600px) 100vw, 600px\" \/><\/figure>\n<\/div>\n\n\n\n<div class=\"wp-block-column is-layout-flow wp-block-column-is-layout-flow\" style=\"flex-basis:66.66%\">\n<p>Ventil\u00e1tory s\u00e9rie RG (100, 200, 300, 400, 500, 600, 700, 800) s\u00fa rie\u0161en\u00edm na ods\u00e1vanie prachu, priemyseln\u00fdch v\u00fdparov a in\u00fdch zne\u010dis\u0165uj\u00facich l\u00e1tok, ktor\u00e9 vznikaj\u00fa vo va\u0161ich v\u00fdrobn\u00fdch jednotk\u00e1ch. Umo\u017e\u0148uj\u00fa cirkul\u00e1ciu \u010disten\u00e9ho vzduchu a zni\u017euj\u00fa tlak. Univerz\u00e1lny a kompaktn\u00fd syst\u00e9m nas\u00e1va vzduch vytvoren\u00edm podtlaku na vstupe ventil\u00e1tora (ot\u00e1\u010danie obe\u017en\u00e9ho kolesa) pomocou elektromotora vo vn\u00fatri skrine. Skrinka odv\u00e1dza a poh\u00e1\u0148a nas\u00e1van\u00fd vzduch smerom k v\u00fdstupu (von), aby sa odv\u00e1dzal z pracovn\u00e9ho priestoru. S\u00e9ria RG m\u00f4\u017ee vys\u00e1va\u0165 jednu alebo viac pracovn\u00fdch stan\u00edc\/strojov naraz.  <\/p>\n\n\n\n<p>Na ak\u00fd \u00fa\u010del? Toto zariadenie je ide\u00e1lne pre v\u0161etky typy priemyslu a dok\u00e1\u017ee ods\u00e1va\u0165 prach, plyny, pachy a v\u00fdpary. M\u00f4\u017eu by\u0165 vybaven\u00e9 filtrami na zachyt\u00e1vanie jemn\u00fdch \u010dast\u00edc.<\/p>\n\n\n\n<div class=\"wp-block-columns is-layout-flex wp-container-core-columns-is-layout-28f84493 wp-block-columns-is-layout-flex\">\n<div class=\"wp-block-column is-layout-flow wp-block-column-is-layout-flow\" style=\"flex-basis:30%\">\n<div class=\"wp-block-buttons is-layout-flex wp-block-buttons-is-layout-flex\">\n<div class=\"wp-block-button\"><a class=\"wp-block-button__link wp-element-button\" href=\"https:\/\/obera.fr\/wp-content\/uploads\/2025\/06\/brochure-rg-100-800-en.pdf\">STIAHNU\u0164 BRO\u017d\u00daRU<\/a><\/div>\n<\/div>\n<\/div>\n\n\n\n<div class=\"wp-block-column is-layout-flow wp-block-column-is-layout-flow\" style=\"flex-basis:30%\">\n<div class=\"wp-block-buttons is-layout-flex wp-block-buttons-is-layout-flex\">\n<div class=\"wp-block-button\"><a class=\"wp-block-button__link wp-element-button\" href=\"https:\/\/obera.fr\/contact\/\">POTREBUJETE INDIVIDU\u00c1LNE PORADENSTVO?<\/a><\/div>\n<\/div>\n<\/div>\n\n\n\n<div class=\"wp-block-column is-layout-flow wp-block-column-is-layout-flow\" style=\"flex-basis:30%\">\n<div class=\"wp-block-buttons is-content-justification-center is-layout-flex wp-container-core-buttons-is-layout-a89b3969 wp-block-buttons-is-layout-flex\">\n<div class=\"wp-block-button btn-devis-source\"><a class=\"wp-block-button__link wp-element-button\" href=\"https:\/\/obera.fr\/sk\/devis\/\">Po\u017eiada\u0165 o cenov\u00fa ponuku<\/a><\/div>\n<\/div>\n\n\n<script>\r\ndocument.addEventListener('DOMContentLoaded', function() {\r\n    \/\/ 1. On cherche le titre H1 de la page\r\n    var h1 = document.querySelector('h1');\r\n    var productTitle = h1 ? h1.innerText.trim() : \"\";\r\n\r\n    \/\/ 2. On cherche les boutons via la classe CSS .btn-devis-source\r\n    var buttons = document.querySelectorAll('.btn-devis-source a');\r\n\r\n    \/\/ 3. Si on a le titre et les boutons, on ajoute le param\u00e8tre\r\n    if (buttons.length > 0 && productTitle !== \"\") {\r\n        var encodedTitle = encodeURIComponent(productTitle);\r\n\r\n        buttons.forEach(function(btn) {\r\n            var currentHref = btn.getAttribute('href');\r\n            \r\n            \/\/ S\u00e9curit\u00e9 pour ne pas ajouter le param\u00e8tre 2 fois\r\n            if (currentHref.indexOf('sujet=') === -1) {\r\n                var separator = currentHref.indexOf('?') !== -1 ? '&' : '?';\r\n                var newLink = currentHref + separator + 'sujet=' + encodedTitle;\r\n                \r\n                btn.setAttribute('href', newLink);\r\n            }\r\n        });\r\n    }\r\n});\r\n<\/script><\/div>\n<\/div>\n<\/div>\n<\/div>\n\n\n\n<h2 class=\"wp-block-heading\">Ak\u00e9 s\u00fa technick\u00e9 vlastnosti ods\u00e1vac\u00edch ventil\u00e1torov OberA?<\/h2>\n\n\n\n<p>Sortiment RG pon\u00faka na v\u00fdber motory s v\u00fdkonom od 0,55 kW do 7,5 kW. To v\u00e1m umo\u017en\u00ed n\u00e1js\u0165 model ods\u00e1vacieho ventil\u00e1tora, ktor\u00fd je najvhodnej\u0161\u00ed pre va\u0161u plochu.  <\/p>\n\n\n\n<p>Aby boli ventil\u00e1tory \u010falej odoln\u00e9 vo\u010di riziku kor\u00f3zie a po\u0161kodeniu sp\u00f4soben\u00e9mu prachom, s\u00fa vyroben\u00e9 z robustn\u00fdch materi\u00e1lov a s\u00fa k dispoz\u00edcii vo verzii z nehrdzavej\u00facej ocele pre potravin\u00e1rsky priemysel (volite\u013ene). \u010eal\u0161ou mo\u017enos\u0165ou je verzia odoln\u00e1 vo\u010di iskr\u00e1m pre \u010dinnosti, pri ktor\u00fdch vznik\u00e1 hor\u013eav\u00fd prach.<\/p>\n\n\n\n<blockquote class=\"wp-block-quote is-layout-flow wp-block-quote-is-layout-flow\">\n<p>Dobr\u00e9 vedie\u0165: Na\u0161e rie\u0161enia ods\u00e1vania je mo\u017en\u00e9 kombinova\u0165 s na\u0161imi syst\u00e9mami evaku\u00e1cie. V z\u00e1vislosti od va\u0161ich potrieb (typ zne\u010dis\u0165uj\u00facej l\u00e1tky, plocha, odvetvie \u010dinnosti) v\u00e1m m\u00f4\u017eeme poradi\u0165 najlep\u0161iu mo\u017en\u00fa kombin\u00e1ciu na zabezpe\u010denie \u010do najlep\u0161ieho ods\u00e1vania a obnovy vzduchu.<\/p>\n<\/blockquote>\n\n\n\n<p>Z h\u013eadiska rozmerov si ventil\u00e1tory RG 100 a\u017e RG 800 vy\u017eaduj\u00fa ve\u013emi m\u00e1lo miesta: od D535 x \u0160450 x V480 v pr\u00edpade najkompaktnej\u0161ej verzie a\u017e po D820 x \u01601 000 x H1 198 v pr\u00edpade najv\u00e4\u010d\u0161ieho modelu, st\u00e1le ide o zariadenia, ktor\u00e9 vy\u017eaduj\u00fa ve\u013emi m\u00e1lo miesta. Pre pohodlie pracovn\u00edkov pon\u00fakaj\u00fa aj n\u00edzku hladinu hluku 83 dB(A) a\u017e 84 dB(A).<\/p>\n\n\n\n<h3 class=\"wp-block-heading has-text-align-center\">PRIEMYSLY<\/h3>\n\n\n\n<div class=\"wp-block-columns is-layout-flex wp-container-core-columns-is-layout-28f84493 wp-block-columns-is-layout-flex\">\n<div class=\"wp-block-column is-layout-flow wp-block-column-is-layout-flow\">\n<hr class=\"wp-block-separator has-alpha-channel-opacity\"\/>\n\n\n\n<div class=\"wp-block-columns is-layout-flex wp-container-core-columns-is-layout-28f84493 wp-block-columns-is-layout-flex\">\n<div class=\"wp-block-column is-layout-flow wp-block-column-is-layout-flow\">\n<figure class=\"wp-block-image aligncenter size-thumbnail is-resized\"><img decoding=\"async\" width=\"150\" height=\"150\" src=\"https:\/\/obera.fr\/wp-content\/uploads\/2022\/02\/Textile-150x150.png\" alt=\"textil\" class=\"wp-image-8855\"\/><figcaption class=\"wp-element-caption\">Textil<\/figcaption><\/figure>\n\n\n\n<figure class=\"wp-block-image aligncenter size-thumbnail is-resized\"><img decoding=\"async\" width=\"150\" height=\"150\" src=\"https:\/\/obera.fr\/wp-content\/uploads\/2022\/02\/Plastique-150x150.png\" alt=\"plast\" class=\"wp-image-8854\"\/><figcaption class=\"wp-element-caption\">Plastov\u00e9<\/figcaption><\/figure>\n<\/div>\n\n\n\n<div class=\"wp-block-column is-layout-flow wp-block-column-is-layout-flow\">\n<figure class=\"wp-block-image aligncenter size-thumbnail is-resized\"><img decoding=\"async\" width=\"150\" height=\"150\" src=\"https:\/\/obera.fr\/wp-content\/uploads\/2022\/02\/MINERAIS-150x150.png\" alt=\"rudy\" class=\"wp-image-8847\"\/><figcaption class=\"wp-element-caption\">Miner\u00e1ly<\/figcaption><\/figure>\n\n\n\n<figure class=\"wp-block-image aligncenter size-thumbnail is-resized\"><img decoding=\"async\" width=\"150\" height=\"150\" src=\"https:\/\/obera.fr\/wp-content\/uploads\/2022\/02\/Metalurgie-150x150.png\" alt=\"metalurgia\" class=\"wp-image-8857\"\/><figcaption class=\"wp-element-caption\">Hutn\u00edctvo<\/figcaption><\/figure>\n\n\n\n<figure class=\"wp-block-image aligncenter size-thumbnail is-resized\"><img decoding=\"async\" width=\"150\" height=\"150\" src=\"https:\/\/obera.fr\/wp-content\/uploads\/2023\/02\/sans-titre-2023-02-14t102211.641-150x150.png\" alt=\"Po\u013enohospod\u00e1rstvo\" class=\"wp-image-18828\"\/><figcaption class=\"wp-element-caption\">Po\u013enohospod\u00e1rstvo<\/figcaption><\/figure>\n<\/div>\n<\/div>\n<\/div>\n\n\n\n<div class=\"wp-block-column is-layout-flow wp-block-column-is-layout-flow\">\n<hr class=\"wp-block-separator has-alpha-channel-opacity\"\/>\n\n\n\n<div class=\"wp-block-columns is-layout-flex wp-container-core-columns-is-layout-28f84493 wp-block-columns-is-layout-flex\">\n<div class=\"wp-block-column is-layout-flow wp-block-column-is-layout-flow\">\n<figure class=\"wp-block-image aligncenter size-thumbnail is-resized\"><img decoding=\"async\" width=\"150\" height=\"150\" src=\"https:\/\/obera.fr\/wp-content\/uploads\/2022\/02\/Chimie-150x150.png\" alt=\"ch\u00e9mia\" class=\"wp-image-8846\"\/><figcaption class=\"wp-element-caption\">Ch\u00e9mia<\/figcaption><\/figure>\n\n\n\n<figure class=\"wp-block-image aligncenter size-thumbnail is-resized\"><img decoding=\"async\" width=\"150\" height=\"150\" src=\"https:\/\/obera.fr\/wp-content\/uploads\/2022\/02\/Travail-du-bois-150x150.png\" alt=\"spracovanie dreva\" class=\"wp-image-8856\"\/><figcaption class=\"wp-element-caption\">Spracovanie dreva<\/figcaption><\/figure>\n\n\n\n<figure class=\"wp-block-image aligncenter size-thumbnail is-resized\"><img decoding=\"async\" width=\"150\" height=\"150\" src=\"https:\/\/obera.fr\/wp-content\/uploads\/2023\/02\/sans-titre-2023-02-14t101920.185-150x150.png\" alt=\"Letectvo\" class=\"wp-image-18831\"\/><figcaption class=\"wp-element-caption\">Letectvo<\/figcaption><\/figure>\n<\/div>\n\n\n\n<div class=\"wp-block-column is-layout-flow wp-block-column-is-layout-flow\">\n<figure class=\"wp-block-image aligncenter size-thumbnail is-resized\"><img decoding=\"async\" width=\"150\" height=\"150\" src=\"https:\/\/obera.fr\/wp-content\/uploads\/2022\/02\/AGROALIMENTAIRE-150x150.png\" alt=\"agropotravin\u00e1rsky\" class=\"wp-image-8844\"\/><figcaption class=\"wp-element-caption\">Potravin\u00e1rsky priemysel<\/figcaption><\/figure>\n\n\n\n<figure class=\"wp-block-image aligncenter size-thumbnail is-resized\"><img decoding=\"async\" width=\"150\" height=\"150\" src=\"https:\/\/obera.fr\/wp-content\/uploads\/2022\/02\/Papier-carton-150x150.png\" alt=\"papier a lepenka\" class=\"wp-image-8853\"\/><figcaption class=\"wp-element-caption\">Papier\/kart\u00f3n<\/figcaption><\/figure>\n\n\n\n<figure class=\"wp-block-image aligncenter size-thumbnail is-resized\"><img decoding=\"async\" width=\"150\" height=\"150\" src=\"https:\/\/obera.fr\/wp-content\/uploads\/2023\/02\/sans-titre-2023-02-14t101712.416-150x150.png\" alt=\"Automobilov\u00fd priemysel\" class=\"wp-image-18834\"\/><figcaption class=\"wp-element-caption\">Automobilov\u00fd priemysel<\/figcaption><\/figure>\n<\/div>\n<\/div>\n<\/div>\n<\/div>\n\n\n\n<figure class=\"wp-block-table\"><table class=\"has-fixed-layout\"><thead><tr><th><br>100<\/th><th>200<\/th><th>300<\/th><th>400<\/th><th>500<\/th><th>600<\/th><th>700<\/th><th>800<\/th><\/tr><\/thead><tbody><tr><td>Maxim\u00e1lny prietok m3\/h<\/td><td>1.000<\/td><td>2.000<\/td><td>3.000<\/td><td>3.200<\/td><td>4.000<\/td><td>5.5000<\/td><td>7.000<\/td><td>8.000<\/td><\/tr><tr><td>Priemer pr\u00edpojky\/v\u00fdstupu mm<\/td><td>100<\/td><td>150<\/td><td>180<\/td><td>250\/315<\/td><td>250\/315<\/td><td>315\/355<\/td><td>315\/400<\/td><td>355\/400<\/td><\/tr><tr><td>Maxim\u00e1lny podtlak Pa<\/td><td>1.400<\/td><td>1.600<\/td><td>2.300<\/td><td>3.150<\/td><td>3.400<\/td><td>3.400<\/td><td>3.400<\/td><td>3.950<\/td><\/tr><tr><td>Nap\u00e1jacie nap\u00e4tie V<\/td><td>400<\/td><td>400<\/td><td>400<\/td><td>400<\/td><td>400<\/td><td>400<\/td><td>400<\/td><td>400<\/td><\/tr><tr><td>V\u00fdkon kW<\/td><td>0.5<\/td><td>1.1<\/td><td>2.2<\/td><td>3.0<\/td><td>4.0<\/td><td>5.5<\/td><td>5.5<\/td><td>7.5<\/td><\/tr><tr><td>Rozmery (D\/\u0160\/V)<\/td><td>535x450x480<\/td><td>595x520x555<\/td><td>640x535x610<\/td><td>711x700x1,012<\/td><td>711x700x1,012<\/td><td>737x700x1,062<\/td><td>762x700x1,062<\/td><td>820&#215;1,000&#215;1,198<\/td><\/tr><tr><td>Hladina hluku dB(A)<\/td><td>80<\/td><td>82<\/td><td>84<\/td><td>84<\/td><td>84<\/td><td>84<\/td><td>83<\/td><td>84<\/td><\/tr><\/tbody><\/table><\/figure>\n\n\n\n<div class=\"wp-block-buttons is-content-justification-center is-layout-flex wp-container-core-buttons-is-layout-a89b3969 wp-block-buttons-is-layout-flex\">\n<div class=\"wp-block-button\"><a class=\"wp-block-button__link wp-element-button\" href=\"https:\/\/obera.fr\/wp-content\/uploads\/2024\/04\/obera_brochure-rg-100-800-fr.pdf\">STIAHNITE SI KARTU S \u00daDAJMI O V\u00ddROBKU<\/a><\/div>\n<\/div>\n\n\n\n<h2 class=\"wp-block-heading\">Zamerajte sa na v\u00fdhody ventil\u00e1torov RG 100 a\u017e RG 800<\/h2>\n\n\n\n<p>V\u00fdhody s\u00fa predov\u0161etk\u00fdm \u013eudsk\u00e9, preto\u017ee ide o rie\u0161enie, ktor\u00e9 v\u00fdrazne zlep\u0161uje kvalitu ovzdu\u0161ia a bezpe\u010dnos\u0165 va\u0161ich t\u00edmov. Hladina hluku zost\u00e1va op\u00e4\u0165 n\u00edzka, aby sa zabezpe\u010dila produktivita zamestnancov.  <\/p>\n\n\n\n<p>Dobr\u00e9 ods\u00e1vanie prachu a dymu tie\u017e zni\u017euje riziko po\u017eiaru a v\u00fdbuchu, ktor\u00e9 m\u00f4\u017eu vznikn\u00fa\u0165, ke\u010f sa prach dostane do kontaktu s iskrami alebo upch\u00e1 v\u00fdrobn\u00e9 stroje.<\/p>\n\n\n\n<p>Ods\u00e1vacie ventil\u00e1tory radu RG s\u00fa napriek svojej kompaktnej kon\u0161trukcii vysoko v\u00fdkonn\u00e9 a predstavuj\u00fa n\u00edzku invest\u00edciu, pokia\u013e ide o \u010dist\u00fd vzduch vo va\u0161ich diel\u0148ach.<\/p>\n\n\n\n<div class=\"wp-block-columns is-layout-flex wp-container-core-columns-is-layout-28f84493 wp-block-columns-is-layout-flex\">\n<div class=\"wp-block-column is-layout-flow wp-block-column-is-layout-flow\" style=\"flex-basis:33.34%\">\n<h3 class=\"wp-block-heading\">V\u00fdhody :<\/h3>\n\n\n\n<ul class=\"wp-block-list\">\n<li>N\u00edzke prev\u00e1dzkov\u00e9 n\u00e1klady ;<\/li>\n\n\n\n<li>Robustn\u00e1 kon\u0161trukcia.<\/li>\n<\/ul>\n<\/div>\n\n\n\n<div class=\"wp-block-column is-layout-flow wp-block-column-is-layout-flow\" style=\"flex-basis:33.34%\">\n<h3 class=\"wp-block-heading\">\u0160peci\u00e1lne funkcie:<\/h3>\n\n\n\n<ul class=\"wp-block-list\">\n<li>Kompaktn\u00fd dizajn ;<\/li>\n\n\n\n<li>Vys\u00e1vanie jednej alebo viacer\u00fdch pracovn\u00fdch stan\u00edc alebo strojov;<\/li>\n\n\n\n<li>M\u00f4\u017ee sa kombinova\u0165 s odlu\u010dova\u010dom prachu alebo syst\u00e9mom zachyt\u00e1vania.<\/li>\n<\/ul>\n<\/div>\n\n\n\n<div class=\"wp-block-column is-layout-flow wp-block-column-is-layout-flow\" style=\"flex-basis:33.33%\">\n<h3 class=\"wp-block-heading\">Vlastnosti :<\/h3>\n\n\n\n<ul class=\"wp-block-list\">\n<li>\u0160irok\u00e1 \u0161k\u00e1la v\u00fdkonov motorov, ktor\u00e9 sp\u013a\u0148aj\u00fa potreby priemyseln\u00fdch z\u00e1kazn\u00edkov;<\/li>\n\n\n\n<li>Volite\u013en\u00e9 doplnky: potravin\u00e1rska nehrdzavej\u00faca oce\u013e, striedav\u00fd pr\u00fad (RG 100 a RG 200), \u013eavoto\u010div\u00fd motor, variabiln\u00fd priemer v\u00fdstupu, zvukotesn\u00fd a utesnen\u00fd kryt pre vonkaj\u0161iu in\u0161tal\u00e1ciu.<\/li>\n<\/ul>\n<\/div>\n<\/div>\n\n\n\n<div class=\"wp-block-buttons is-horizontal is-content-justification-center is-layout-flex wp-container-core-buttons-is-layout-03627597 wp-block-buttons-is-layout-flex\">\n<div class=\"wp-block-button has-custom-width wp-block-button__width-100\"><a class=\"wp-block-button__link wp-element-button\" href=\"https:\/\/obera.fr\/sk\/kontaktujte-nas\/\">Ve\u010d o tem<\/a><\/div>\n<\/div>\n\n\n\n<h2 class=\"wp-block-heading\">\u010eal\u0161ie priemyseln\u00e9 vys\u00e1va\u010de v sortimente<\/h2>\n\n\n\n<div class=\"wp-block-columns is-layout-flex wp-container-core-columns-is-layout-28f84493 wp-block-columns-is-layout-flex\">\n<div class=\"wp-block-column is-layout-flow wp-block-column-is-layout-flow\">\n<figure class=\"wp-block-image aligncenter size-full is-resized\"><img decoding=\"async\" width=\"566\" height=\"671\" src=\"https:\/\/obera.fr\/wp-content\/uploads\/2024\/10\/w2-xr-2.png\" alt=\"Priemyseln\u00e9 vys\u00e1va\u010de\" class=\"wp-image-35431\" style=\"aspect-ratio:1;object-fit:cover;width:282px;height:auto\" srcset=\"https:\/\/obera.fr\/wp-content\/uploads\/2024\/10\/w2-xr-2.png 566w, https:\/\/obera.fr\/wp-content\/uploads\/2024\/10\/w2-xr-2-253x300.png 253w\" sizes=\"(max-width: 566px) 100vw, 566px\" \/><figcaption class=\"wp-element-caption\">W2 XR<\/figcaption><\/figure>\n<\/div>\n\n\n\n<div class=\"wp-block-column is-layout-flow wp-block-column-is-layout-flow\">\n<figure class=\"wp-block-image aligncenter size-full is-resized\"><img decoding=\"async\" width=\"711\" height=\"622\" src=\"https:\/\/obera.fr\/wp-content\/uploads\/2024\/10\/w2.png\" alt=\"Priemyseln\u00e9 vys\u00e1va\u010de\" class=\"wp-image-35424\" style=\"object-fit:cover;width:300px;height:300px\" srcset=\"https:\/\/obera.fr\/wp-content\/uploads\/2024\/10\/w2.png 711w, https:\/\/obera.fr\/wp-content\/uploads\/2024\/10\/w2-300x262.png 300w\" sizes=\"(max-width: 711px) 100vw, 711px\" \/><figcaption class=\"wp-element-caption\">W2<\/figcaption><\/figure>\n<\/div>\n\n\n\n<div class=\"wp-block-column is-layout-flow wp-block-column-is-layout-flow\">\n<figure class=\"wp-block-image aligncenter size-full is-resized\"><img decoding=\"async\" width=\"658\" height=\"652\" src=\"https:\/\/obera.fr\/wp-content\/uploads\/2024\/10\/w3.png\" alt=\"w3\" class=\"wp-image-35427\" style=\"object-fit:cover;width:300px;height:300px\" srcset=\"https:\/\/obera.fr\/wp-content\/uploads\/2024\/10\/w3.png 658w, https:\/\/obera.fr\/wp-content\/uploads\/2024\/10\/w3-300x297.png 300w, https:\/\/obera.fr\/wp-content\/uploads\/2024\/10\/w3-150x150.png 150w, https:\/\/obera.fr\/wp-content\/uploads\/2024\/10\/w3-24x24.png 24w, https:\/\/obera.fr\/wp-content\/uploads\/2024\/10\/w3-48x48.png 48w, https:\/\/obera.fr\/wp-content\/uploads\/2024\/10\/w3-96x96.png 96w\" sizes=\"(max-width: 658px) 100vw, 658px\" \/><figcaption class=\"wp-element-caption\">W3<\/figcaption><\/figure>\n<\/div>\n<\/div>\n\n\n\n<p><\/p>\n","protected":false},"excerpt":{"rendered":"<p>N\u00e1\u0161 sortiment kompaktn\u00fdch ventil\u00e1torov RG 100 a\u017e RG 800 zabezpe\u010duje zdrav\u0161ie prostredie t\u00fdm, \u017ee ods\u00e1va a poh\u00e1\u0148a zne\u010disten\u00fd vzduch pr\u00edtomn\u00fd vo va\u0161ich pracovn\u00fdch priestoroch. S\u00e9ria RG: prev\u00e1dzka a pou\u017e\u00edvanie ods\u00e1vac\u00edch ventil\u00e1torov Ventil\u00e1tory s\u00e9rie RG (100, 200, 300, 400, 500, 600, 700, 800) s\u00fa rie\u0161en\u00edm na ods\u00e1vanie prachu, priemyseln\u00fdch v\u00fdparov a in\u00fdch zne\u010dis\u0165uj\u00facich l\u00e1tok, ktor\u00e9 vznikaj\u00fa vo va\u0161ich v\u00fdrobn\u00fdch jednotk\u00e1ch. Umo\u017e\u0148uj\u00fa cirkul\u00e1ciu \u010disten\u00e9ho vzduchu a zni\u017euj\u00fa tlak. Univerz\u00e1lny a kompaktn\u00fd syst\u00e9m nas\u00e1va vzduch vytvoren\u00edm podtlaku na vstupe ventil\u00e1tora (ot\u00e1\u010danie obe\u017en\u00e9ho kolesa) pomocou elektromotora vo vn\u00fatri skrine. Skrinka odv\u00e1dza a poh\u00e1\u0148a nas\u00e1van\u00fd vzduch smerom k v\u00fdstupu (von), aby sa odv\u00e1dzal z pracovn\u00e9ho &#8230; <\/p>\n<p class=\"read-more-container\"><a title=\"Ods\u00e1vacie ventil\u00e1tory: rad EUROSOG RG 100-800\" class=\"read-more button\" href=\"https:\/\/obera.fr\/sk\/produits\/aspirateurs-industriels\/ventilateurs-aspiration-gamme-eurosog-rg-100-800\/#more-45461\" aria-label=\"Pre\u010d\u00edtajte si viac o Ods\u00e1vacie ventil\u00e1tory: rad EUROSOG RG 100-800\">Lire la suite<\/a><\/p>\n","protected":false},"author":4,"featured_media":83749,"parent":48519,"menu_order":0,"comment_status":"closed","ping_status":"closed","template":"","meta":{"_acf_changed":false,"_seopress_robots_primary_cat":"","_seopress_titles_title":"Ods\u00e1vacie ventil\u00e1tory EUROSOG RG - OberA","_seopress_titles_desc":"Objavte ods\u00e1vacie jednotky RG 100 a\u017e RG 800. Dizajnov\u00e9 a kompaktn\u00e9 zariadenia s\u00fa navrhnut\u00e9 tak, aby v\u00fdrazne zlep\u0161ili kvalitu vzduchu ods\u00e1van\u00edm prachu, pachov, v\u00fdparov a plynov.","_seopress_robots_index":"","footnotes":""},"class_list":{"0":"post-45461","1":"page","2":"type-page","3":"status-publish","4":"has-post-thumbnail","6":"no-featured-image-padding","7":"resize-featured-image"},"acf":[],"_links":{"self":[{"href":"https:\/\/obera.fr\/sk\/wp-json\/wp\/v2\/pages\/45461","targetHints":{"allow":["GET"]}}],"collection":[{"href":"https:\/\/obera.fr\/sk\/wp-json\/wp\/v2\/pages"}],"about":[{"href":"https:\/\/obera.fr\/sk\/wp-json\/wp\/v2\/types\/page"}],"author":[{"embeddable":true,"href":"https:\/\/obera.fr\/sk\/wp-json\/wp\/v2\/users\/4"}],"replies":[{"embeddable":true,"href":"https:\/\/obera.fr\/sk\/wp-json\/wp\/v2\/comments?post=45461"}],"version-history":[{"count":7,"href":"https:\/\/obera.fr\/sk\/wp-json\/wp\/v2\/pages\/45461\/revisions"}],"predecessor-version":[{"id":107661,"href":"https:\/\/obera.fr\/sk\/wp-json\/wp\/v2\/pages\/45461\/revisions\/107661"}],"up":[{"embeddable":true,"href":"https:\/\/obera.fr\/sk\/wp-json\/wp\/v2\/pages\/48519"}],"wp:featuredmedia":[{"embeddable":true,"href":"https:\/\/obera.fr\/sk\/wp-json\/wp\/v2\/media\/83749"}],"wp:attachment":[{"href":"https:\/\/obera.fr\/sk\/wp-json\/wp\/v2\/media?parent=45461"}],"curies":[{"name":"wp","href":"https:\/\/api.w.org\/{rel}","templated":true}]}}