{"id":45573,"date":"2021-10-01T20:14:13","date_gmt":"2021-10-01T18:14:13","guid":{"rendered":"https:\/\/obera.fr\/dakujem\/"},"modified":"2024-11-06T12:11:32","modified_gmt":"2024-11-06T10:11:32","slug":"dakujem","status":"publish","type":"page","link":"https:\/\/obera.fr\/sk\/contact\/dakujem\/","title":{"rendered":"\u010eakujem"},"content":{"rendered":"\n<p>Zavol\u00e1me v\u00e1m \u010do najsk\u00f4r.<\/p>\n","protected":false},"excerpt":{"rendered":"<p>Zavol\u00e1me v\u00e1m \u010do najsk\u00f4r.<\/p>\n","protected":false},"author":4,"featured_media":0,"parent":48859,"menu_order":0,"comment_status":"closed","ping_status":"closed","template":"","meta":{"_acf_changed":false,"_seopress_robots_primary_cat":"","_seopress_titles_title":"","_seopress_titles_desc":"","_seopress_robots_index":"\u00e1no","footnotes":""},"class_list":{"0":"post-45573","1":"page","2":"type-page","3":"status-publish","5":"no-featured-image-padding"},"acf":[],"_links":{"self":[{"href":"https:\/\/obera.fr\/sk\/wp-json\/wp\/v2\/pages\/45573","targetHints":{"allow":["GET"]}}],"collection":[{"href":"https:\/\/obera.fr\/sk\/wp-json\/wp\/v2\/pages"}],"about":[{"href":"https:\/\/obera.fr\/sk\/wp-json\/wp\/v2\/types\/page"}],"author":[{"embeddable":true,"href":"https:\/\/obera.fr\/sk\/wp-json\/wp\/v2\/users\/4"}],"replies":[{"embeddable":true,"href":"https:\/\/obera.fr\/sk\/wp-json\/wp\/v2\/comments?post=45573"}],"version-history":[{"count":1,"href":"https:\/\/obera.fr\/sk\/wp-json\/wp\/v2\/pages\/45573\/revisions"}],"predecessor-version":[{"id":45574,"href":"https:\/\/obera.fr\/sk\/wp-json\/wp\/v2\/pages\/45573\/revisions\/45574"}],"up":[{"embeddable":true,"href":"https:\/\/obera.fr\/sk\/wp-json\/wp\/v2\/pages\/48859"}],"wp:attachment":[{"href":"https:\/\/obera.fr\/sk\/wp-json\/wp\/v2\/media?parent=45573"}],"curies":[{"name":"wp","href":"https:\/\/api.w.org\/{rel}","templated":true}]}}