{"id":46147,"date":"2022-11-23T11:48:48","date_gmt":"2022-11-23T09:48:48","guid":{"rendered":"https:\/\/obera.fr\/dustomat-hydro-pevny-mokry-vysavac\/"},"modified":"2025-04-25T14:46:35","modified_gmt":"2025-04-25T12:46:35","slug":"depoussiereur-a-voie-humide-dustomat-hydro","status":"publish","type":"page","link":"https:\/\/obera.fr\/sk\/produits\/depoussiereurs-industriels\/fixes\/depoussiereur-a-voie-humide-dustomat-hydro\/","title":{"rendered":"DUSTOMAT HYDRO: pevn\u00fd mokr\u00fd vys\u00e1va\u010d"},"content":{"rendered":"\n<p>Objavte n\u00e1\u0161 sortiment <strong>mokr\u00fdch vys\u00e1va\u010dov DUSTOMAT HYDRO<\/strong>, ktor\u00e9 sp\u00e1jaj\u00fa v\u00fdkon a \u00fa\u010dinnos\u0165 na ods\u00e1vanie vysoko hor\u013eav\u00fdch l\u00e1tok.<\/p>\n\n\n\n<h2 class=\"wp-block-heading\">Priemyseln\u00fd vys\u00e1va\u010d DUSTOMAT HYDRO : ako funguje a ako ho pou\u017e\u00edva\u0165 ?<\/h2>\n\n\n\n<div class=\"wp-block-columns is-layout-flex wp-container-core-columns-is-layout-28f84493 wp-block-columns-is-layout-flex\">\n<div class=\"wp-block-column is-layout-flow wp-block-column-is-layout-flow\" style=\"flex-basis:33.33%\">\n<figure class=\"wp-block-image aligncenter size-full is-resized\"><img decoding=\"async\" width=\"600\" height=\"600\" src=\"https:\/\/obera.fr\/wp-content\/uploads\/2022\/11\/dustomat-hydro-1.png\" alt=\"dustomat hydro 1\" class=\"wp-image-15989\" style=\"width:300px;height:300px\" srcset=\"https:\/\/obera.fr\/wp-content\/uploads\/2022\/11\/dustomat-hydro-1.png 600w, https:\/\/obera.fr\/wp-content\/uploads\/2022\/11\/dustomat-hydro-1-300x300.png 300w, https:\/\/obera.fr\/wp-content\/uploads\/2022\/11\/dustomat-hydro-1-150x150.png 150w\" sizes=\"(max-width: 600px) 100vw, 600px\" \/><\/figure>\n<\/div>\n\n\n\n<div class=\"wp-block-column is-vertically-aligned-center is-layout-flow wp-block-column-is-layout-flow\" style=\"flex-basis:66.66%\">\n<p>Hlavnou prednos\u0165ou radu DUSTOMAT HYDRO je <strong>inovat\u00edvna viacstup\u0148ov\u00e1 technol\u00f3gia odlu\u010dovania na zachyt\u00e1vanie prachu a iskier<\/strong>. Zne\u010disten\u00fd vzduch je nas\u00e1van\u00fd ventil\u00e1torom zabudovan\u00fdm do zbera\u010da prachu. R\u00fdchlos\u0165 vzduchu sa zn\u00ed\u017ei, \u010d\u00edm sa \u0165a\u017ek\u00e9 \u010dastice dostan\u00fa do z\u00e1chytnej n\u00e1dr\u017ee: ide o prv\u00fd stupe\u0148 predbe\u017enej separ\u00e1cie \u010dast\u00edc. Vzduch potom prech\u00e1dza cez <strong>hydrocykl\u00f3n<\/strong>, ktor\u00fd vyu\u017e\u00edva odstrediv\u00fa silu na oddelenie jemn\u00fdch \u010dast\u00edc od vody. Tieto \u010dastice sa zachytia vo vode a iskry sa ochladia, aby boli ne\u0161kodn\u00e9. V poslednom stupni filtr\u00e1cie sa zachytia posledn\u00e9 jemn\u00e9 \u010dastice a vzduch zostane \u010dist\u00fd. T\u00e1to filtra\u010dn\u00e1 technol\u00f3gia zaru\u010duje vysok\u00fa \u00fa\u010dinnos\u0165 separ\u00e1cie a\u017e 99,995 %.      <\/p>\n\n\n\n<p>Na \u010do sa pou\u017e\u00edvaj\u00fa? <strong>Mokr\u00e9 odlu\u010dova\u010de<\/strong> radu DUSTOMAT HYDRO s\u00fa ur\u010den\u00e9 na odlu\u010dovanie vysoko hor\u013eav\u00fdch l\u00e1tok alebo v pracovn\u00fdch procesoch s iskrami. S\u00fa vhodn\u00e9 pre jedno- alebo viacstani\u010dn\u00e9 syst\u00e9my ods\u00e1vania kovov\u00e9ho prachu, napr\u00edklad pri <strong>br\u00fasen\u00ed<\/strong>, <strong>kefovan\u00ed<\/strong> a <strong>le\u0161ten\u00ed<\/strong>. Odlu\u010dova\u010d DUSTOMAT HYDRO sp\u013a\u0148a aj normu ATEX na bezpe\u010dn\u00e9 a efekt\u00edvne pou\u017e\u00edvanie vo v\u00fdbu\u0161nom prostred\u00ed. V skuto\u010dnosti s\u00fa tieto <a href=\"https:\/\/obera.fr\/sk\/produits\/depoussiereurs-industriels\/fixes\/\" data-type=\"page\" data-id=\"389\">stacion\u00e1rne mokr\u00e9 ods\u00e1va\u010de prachu<\/a> ve\u013emi ob\u013e\u00faben\u00e9 v<strong>kovopriemysle<\/strong>, <strong>chemickom<\/strong> a <strong>potravin\u00e1rskom<\/strong><strong>priemysle<\/strong>, ako aj v <strong>drev\u00e1rskom a remeselnom priemysle<\/strong>.    <\/p>\n\n\n\n<div class=\"wp-block-columns is-layout-flex wp-container-core-columns-is-layout-28f84493 wp-block-columns-is-layout-flex\">\n<div class=\"wp-block-column is-layout-flow wp-block-column-is-layout-flow\" style=\"flex-basis:33.33%\">\n<div class=\"wp-block-buttons is-layout-flex wp-block-buttons-is-layout-flex\">\n<div class=\"wp-block-button\"><a class=\"wp-block-button__link wp-element-button\" href=\"https:\/\/obera.fr\/wp-content\/uploads\/2025\/04\/brochure-dustomat-hydro-en.pdf\">STIAHNU\u0164 BRO\u017d\u00daRU<\/a><\/div>\n<\/div>\n<\/div>\n\n\n\n<div class=\"wp-block-column is-layout-flow wp-block-column-is-layout-flow\" style=\"flex-basis:33.34%\">\n<div class=\"wp-block-buttons is-horizontal is-content-justification-center is-layout-flex wp-container-core-buttons-is-layout-03627597 wp-block-buttons-is-layout-flex\">\n<div class=\"wp-block-button has-custom-width wp-block-button__width-100\"><a class=\"wp-block-button__link wp-element-button\" href=\"https:\/\/obera.fr\/sk\/kontaktujte-nas\/\">Ve\u010d o tem<\/a><\/div>\n<\/div>\n<\/div>\n\n\n\n<div class=\"wp-block-column is-layout-flow wp-block-column-is-layout-flow\" style=\"flex-basis:33.34%\">\n<div class=\"wp-block-buttons is-content-justification-center is-layout-flex wp-container-core-buttons-is-layout-a89b3969 wp-block-buttons-is-layout-flex\">\n<div class=\"wp-block-button btn-devis-source\"><a class=\"wp-block-button__link wp-element-button\" href=\"https:\/\/obera.fr\/sk\/devis\/\">Po\u017eiada\u0165 o cenov\u00fa ponuku<\/a><\/div>\n<\/div>\n\n\n<script>\r\ndocument.addEventListener('DOMContentLoaded', function() {\r\n    \/\/ 1. On cherche le titre H1 de la page\r\n    var h1 = document.querySelector('h1');\r\n    var productTitle = h1 ? h1.innerText.trim() : \"\";\r\n\r\n    \/\/ 2. On cherche les boutons via la classe CSS .btn-devis-source\r\n    var buttons = document.querySelectorAll('.btn-devis-source a');\r\n\r\n    \/\/ 3. Si on a le titre et les boutons, on ajoute le param\u00e8tre\r\n    if (buttons.length > 0 && productTitle !== \"\") {\r\n        var encodedTitle = encodeURIComponent(productTitle);\r\n\r\n        buttons.forEach(function(btn) {\r\n            var currentHref = btn.getAttribute('href');\r\n            \r\n            \/\/ S\u00e9curit\u00e9 pour ne pas ajouter le param\u00e8tre 2 fois\r\n            if (currentHref.indexOf('sujet=') === -1) {\r\n                var separator = currentHref.indexOf('?') !== -1 ? '&' : '?';\r\n                var newLink = currentHref + separator + 'sujet=' + encodedTitle;\r\n                \r\n                btn.setAttribute('href', newLink);\r\n            }\r\n        });\r\n    }\r\n});\r\n<\/script><\/div>\n<\/div>\n<\/div>\n<\/div>\n\n\n\n<div style=\"height:30px\" aria-hidden=\"true\" class=\"wp-block-spacer\"><\/div>\n\n\n\n<h2 class=\"wp-block-heading\">Charakteristika mokr\u00fdch vys\u00e1va\u010dov DUSTOMAT HYDRO<\/h2>\n\n\n\n<p>S\u00e9ria DUSTOMAT HYDRO zah\u0155\u0148a <strong>4 modely<\/strong> mokr\u00fdch <strong>vys\u00e1va\u010dov s<\/strong> v\u00fdkonmi od <strong>2 300 do 10 000 m3\/h<\/strong>. V\u0161etky pon\u00fakaj\u00fa \u0161irok\u00fa \u0161k\u00e1lu aplik\u00e1ci\u00ed na ods\u00e1vanie kovov\u00fdch triesok, zv\u00e1rac\u00edch dymov, hlin\u00edkov\u00e9ho, oce\u013eov\u00e9ho a tit\u00e1nov\u00e9ho prachu, ako aj na ods\u00e1vanie v\u00fdbu\u0161n\u00fdch materi\u00e1lov <a href=\"https:\/\/obera.fr\/conseils\/zone-atex-norme-atex-bases-protection-contre-risque-explosion\/\" data-type=\"post\" data-id=\"17925\">(volite\u013ene v s\u00falade s ATEX<\/a>) a kovov\u00e9ho prachu generuj\u00faceho iskry. V\u010faka v\u0161estrannosti tohto radu je obzvl\u00e1\u0161\u0165 \u00fa\u010dinn\u00fd pri ods\u00e1van\u00ed \u010dast\u00edc vznikaj\u00facich pri br\u00fasen\u00ed, le\u0161ten\u00ed, p\u00edlen\u00ed, fr\u00e9zovan\u00ed a zv\u00e1ran\u00ed.  <\/p>\n\n\n\n<p>Okrem toho je DUSTOMAT HYDRO vys\u00e1va\u010d, ktor\u00fd sa d\u00e1 skuto\u010dne prisp\u00f4sobi\u0165 potreb\u00e1m priemyslu. Okrem toho, \u017ee je v s\u00falade s ATEX, je vybaven\u00fd mo\u017enos\u0165ou \u0161peci\u00e1lneho lakovania a variabilnou polohou <strong>nas\u00e1vacej d\u00fdzy<\/strong>. Na v\u00fdber m\u00e1te aj filtra\u010dn\u00e9 m\u00e9di\u00e1 (napr\u00edklad filter HEPA H 14 pre karcinog\u00e9nne \u010dastice). Okrem toho <strong><a href=\"https:\/\/obera.fr\/sk\/produits\/depoussiereurs-industriels\/\" data-type=\"page\" data-id=\"31\">priemyseln\u00e9 vys\u00e1va\u010de<\/a><\/strong> tejto s\u00e9rie maj\u00fa dva stupne v\u00fdkonu, konfigurovate\u013en\u00fd filtra\u010dn\u00fd syst\u00e9m (a\u017e 4 stupne filtr\u00e1cie) a senzory, ktor\u00e9 automaticky reguluj\u00fa plnenie vodou.   <\/p>\n\n\n\n<p>\u010eal\u0161ou vlastnos\u0165ou s\u00e9rie DUSTOMAT HYDRO s\u00fa <strong>n\u00edzke n\u00e1klady na \u00fadr\u017ebu,<\/strong> preto\u017ee syst\u00e9m filtr\u00e1cie jemn\u00fdch \u010dast\u00edc je umiestnen\u00fd za pr\u00fadom.<\/p>\n\n\n\n<blockquote class=\"wp-block-quote is-layout-flow wp-block-quote-is-layout-flow\">\n<p>Inovat\u00edvna technol\u00f3gia DUSTOMAT HYDRO: odlu\u010dovac\u00ed syst\u00e9m zalo\u017een\u00fd na hydrocykl\u00f3ne rob\u00ed iskry, ako aj hor\u013eav\u00fd prach takmer \u00faplne ne\u0161kodn\u00fdmi u\u017e od prvej \u00farovne filtr\u00e1cie (98,7 % miera odlu\u010dovania). Dokonca aj najmen\u0161ie frakcie \u010dast\u00edc \u2265 15 \u00b5m s\u00fa bezpe\u010dne viazan\u00e9 vo vodnej turbulen\u010dnej komore, \u010do umo\u017e\u0148uje spolo\u010dnosti OberA posun\u00fa\u0165 kvalitu predseparovania na nov\u00fa \u00farove\u0148. Pou\u017e\u00edvatelia profituj\u00fa z v\u00fdznamn\u00e9ho efektu: filtra\u010dn\u00e9 m\u00e9di\u00e1 v n\u00e1slednom syst\u00e9me suchej separ\u00e1cie s\u00fa u\u0161etren\u00e9, \u010do vedie k dlh\u0161ej \u017eivotnosti a ni\u017e\u0161\u00edm n\u00e1sledn\u00fdm n\u00e1kladom.  <\/p>\n<\/blockquote>\n\n\n\n<div class=\"wp-block-columns is-layout-flex wp-container-core-columns-is-layout-28f84493 wp-block-columns-is-layout-flex\">\n<div class=\"wp-block-column is-layout-flow wp-block-column-is-layout-flow\">\n<h3 class=\"wp-block-heading has-text-align-center\" id=\"industries\">Odvetvia<\/h3>\n\n\n\n<hr class=\"wp-block-separator has-css-opacity is-style-wide\"\/>\n\n\n\n<div class=\"wp-block-columns is-layout-flex wp-container-core-columns-is-layout-28f84493 wp-block-columns-is-layout-flex\">\n<div class=\"wp-block-column is-layout-flow wp-block-column-is-layout-flow\">\n<figure class=\"wp-block-image aligncenter size-full\"><img decoding=\"async\" width=\"150\" height=\"150\" src=\"https:\/\/obera.fr\/wp-content\/uploads\/2022\/02\/Metalurgie.png\" alt=\"obr\u00e1banie kovov\" class=\"wp-image-8857\"\/><figcaption class=\"wp-element-caption\">Obr\u00e1banie kovov<\/figcaption><\/figure>\n\n\n\n<figure class=\"wp-block-image aligncenter size-full\"><img decoding=\"async\" width=\"150\" height=\"150\" src=\"https:\/\/obera.fr\/wp-content\/uploads\/2022\/02\/Textile.png\" alt=\"textil\" class=\"wp-image-8855\"\/><figcaption class=\"wp-element-caption\">Textil<\/figcaption><\/figure>\n<\/div>\n\n\n\n<div class=\"wp-block-column is-layout-flow wp-block-column-is-layout-flow\">\n<figure class=\"wp-block-image aligncenter size-full\"><img decoding=\"async\" width=\"150\" height=\"150\" src=\"https:\/\/obera.fr\/wp-content\/uploads\/2022\/02\/Chimie.png\" alt=\"ch\u00e9mia\" class=\"wp-image-8846\"\/><figcaption class=\"wp-element-caption\">Ch\u00e9mia<\/figcaption><\/figure>\n\n\n\n<figure class=\"wp-block-image aligncenter size-full\"><img decoding=\"async\" width=\"150\" height=\"150\" src=\"https:\/\/obera.fr\/wp-content\/uploads\/2022\/02\/Plastique.png\" alt=\"plast\" class=\"wp-image-8854\"\/><figcaption class=\"wp-element-caption\">Plastov\u00e9<\/figcaption><\/figure>\n<\/div>\n\n\n\n<div class=\"wp-block-column is-layout-flow wp-block-column-is-layout-flow\">\n<figure class=\"wp-block-image aligncenter size-full\"><img decoding=\"async\" width=\"150\" height=\"150\" src=\"https:\/\/obera.fr\/wp-content\/uploads\/2022\/02\/MINERAIS.png\" alt=\"rudy\" class=\"wp-image-8847\"\/><figcaption class=\"wp-element-caption\">Miner\u00e1ly<\/figcaption><\/figure>\n\n\n\n<figure class=\"wp-block-image aligncenter size-full\"><img decoding=\"async\" width=\"150\" height=\"150\" src=\"https:\/\/obera.fr\/wp-content\/uploads\/2022\/02\/Papier-carton.png\" alt=\"papier a lepenka\" class=\"wp-image-8853\"\/><figcaption class=\"wp-element-caption\">Papier\/kart\u00f3n<\/figcaption><\/figure>\n<\/div>\n\n\n\n<div class=\"wp-block-column is-layout-flow wp-block-column-is-layout-flow\">\n<figure class=\"wp-block-image aligncenter size-full\"><img decoding=\"async\" width=\"150\" height=\"150\" src=\"https:\/\/obera.fr\/wp-content\/uploads\/2022\/02\/AGROALIMENTAIRE.png\" alt=\"agropotravin\u00e1rsky\" class=\"wp-image-8844\"\/><figcaption class=\"wp-element-caption\">Potravin\u00e1rsky priemysel<\/figcaption><\/figure>\n<\/div>\n<\/div>\n<\/div>\n<\/div>\n\n\n\n<figure class=\"wp-block-table\"><table class=\"has-fixed-layout\"><tbody><tr><td><\/td><td><\/td><td><strong>DUSTOMAT HYDRO 2300<\/strong><\/td><td><strong>DUSTOMAT HYDRO 3500<\/strong><\/td><td><strong>DUSTOMAT HYDRO 6000<\/strong><\/td><td><strong>DUSTOMAT HYDRO 10000<\/strong><\/td><\/tr><tr><td>Prietok<\/td><td>m3\/h<\/td><td>2 300<\/td><td>3 500<\/td><td>6 000<\/td><td>10 000<\/td><\/tr><tr><td>Maxim\u00e1lny podtlak<\/td><td>Pa<\/td><td>2 500<\/td><td>3 400<\/td><td>3 950<\/td><td>4 800<\/td><\/tr><tr><td>Nap\u00e1janie<\/td><td>kW<\/td><td>3<\/td><td>5,5<\/td><td>7.5<\/td><td>15<\/td><\/tr><tr><td>Priemer vstupn\u00e9ho otvoru<\/td><td>mm<\/td><td>180<\/td><td>224<\/td><td>280<\/td><td>400<\/td><\/tr><tr><td>Pripojenie vody<\/td><td>Palce<\/td><td>3\/4<\/td><td>3\/4<\/td><td>3\/4<\/td><td>3\/4<\/td><\/tr><tr><td>Rozmery<\/td><td>l\/L\/h (mm)<\/td><td>850x850x2600<\/td><td>850x850x2600<\/td><td>1350 x 1550 x 3400<\/td><td>1350 x 1550 x 3400<\/td><\/tr><tr><td>Hladina hluku<\/td><td>dB(A)<\/td><td>70*<\/td><td>72*<\/td><td>73.4<\/td><td>76.1<\/td><\/tr><tr><td>Hmotnos\u0165<\/td><td>kg<\/td><td>340<\/td><td>380<\/td><td>750<\/td><td>870<\/td><\/tr><\/tbody><\/table><\/figure>\n\n\n\n<p>* bez zvukovej izol\u00e1cie: 75 db(A)<\/p>\n\n\n\n<div class=\"wp-block-columns is-layout-flex wp-container-core-columns-is-layout-28f84493 wp-block-columns-is-layout-flex\">\n<div class=\"wp-block-column is-layout-flow wp-block-column-is-layout-flow\"><\/div>\n\n\n\n<div class=\"wp-block-column is-layout-flow wp-block-column-is-layout-flow\">\n<div class=\"wp-block-buttons is-content-justification-center is-layout-flex wp-container-core-buttons-is-layout-a89b3969 wp-block-buttons-is-layout-flex\">\n<div class=\"wp-block-button btn-devis-source\"><a class=\"wp-block-button__link wp-element-button\" href=\"https:\/\/obera.fr\/sk\/devis\/\">Po\u017eiada\u0165 o cenov\u00fa ponuku<\/a><\/div>\n<\/div>\n\n\n<script>\r\ndocument.addEventListener('DOMContentLoaded', function() {\r\n    \/\/ 1. On cherche le titre H1 de la page\r\n    var h1 = document.querySelector('h1');\r\n    var productTitle = h1 ? h1.innerText.trim() : \"\";\r\n\r\n    \/\/ 2. On cherche les boutons via la classe CSS .btn-devis-source\r\n    var buttons = document.querySelectorAll('.btn-devis-source a');\r\n\r\n    \/\/ 3. Si on a le titre et les boutons, on ajoute le param\u00e8tre\r\n    if (buttons.length > 0 && productTitle !== \"\") {\r\n        var encodedTitle = encodeURIComponent(productTitle);\r\n\r\n        buttons.forEach(function(btn) {\r\n            var currentHref = btn.getAttribute('href');\r\n            \r\n            \/\/ S\u00e9curit\u00e9 pour ne pas ajouter le param\u00e8tre 2 fois\r\n            if (currentHref.indexOf('sujet=') === -1) {\r\n                var separator = currentHref.indexOf('?') !== -1 ? '&' : '?';\r\n                var newLink = currentHref + separator + 'sujet=' + encodedTitle;\r\n                \r\n                btn.setAttribute('href', newLink);\r\n            }\r\n        });\r\n    }\r\n});\r\n<\/script><\/div>\n\n\n\n<div class=\"wp-block-column is-layout-flow wp-block-column-is-layout-flow\">\n<div class=\"wp-block-buttons is-content-justification-center is-layout-flex wp-container-core-buttons-is-layout-a89b3969 wp-block-buttons-is-layout-flex\">\n<div class=\"wp-block-button\"><a class=\"wp-block-button__link wp-element-button\" href=\"https:\/\/obera.fr\/wp-content\/uploads\/2025\/04\/brochure-dustomat-hydro-en.pdf\">Stiahnite si bro\u017e\u00faru<\/a><\/div>\n<\/div>\n<\/div>\n\n\n\n<div class=\"wp-block-column is-layout-flow wp-block-column-is-layout-flow\"><\/div>\n<\/div>\n\n\n\n<h2 class=\"wp-block-heading\">DUSTOMAT HYDRO: ak\u00e9 s\u00fa jeho v\u00fdhody?  <\/h2>\n\n\n\n<p>S\u00e9ria odlu\u010dova\u010dov prachu DUSTOMAT HYDRO reaguje na <strong>hlavn\u00fd probl\u00e9m kvality ovzdu\u0161ia v priemysle<\/strong> t\u00fdm, \u017ee zlep\u0161uje zdravie a bezpe\u010dnos\u0165 v\u00fdrobn\u00fdch t\u00edmov. <strong>Zn\u00ed\u017eenie vystavenia jemn\u00e9mu prachu<\/strong> a zne\u010dis\u0165uj\u00facim l\u00e1tkam, zlep\u0161enie kvality ovzdu\u0161ia v dielni&#8230; Rozhodn\u00fa\u0165 sa pre mokr\u00fd odlu\u010dova\u010d prachu znamen\u00e1 vytvori\u0165 zdrav\u0161ie a pr\u00edjemnej\u0161ie pracovn\u00e9 prostredie, ako aj dodr\u017eiava\u0165 platn\u00e9 environment\u00e1lne normy. Na zv\u00fd\u0161enie u\u017e\u00edvate\u013esk\u00e9ho komfortu s\u00fa modely tohto radu kompaktn\u00e9 a tich\u00e9. Ak je probl\u00e9m s priestorom, zariadenie mo\u017eno nain\u0161talova\u0165 v interi\u00e9ri alebo exteri\u00e9ri.  <\/p>\n\n\n\n<p>Pokia\u013e ide o bezpe\u010dnos\u0165, jej inovat\u00edvna hydrocykl\u00f3nov\u00e1 technol\u00f3gia <strong>zabezpe\u010duje maxim\u00e1lnu mo\u017en\u00fa bezpe\u010dnos\u0165 pracov\u00edsk<\/strong> dvoma sp\u00f4sobmi: zni\u017euje riziko po\u017eiaru sp\u00f4soben\u00e9ho prachom a tie\u017e zabra\u0148uje hromadeniu prachu na zariadeniach a po\u0161kodzovaniu strojov.<\/p>\n\n\n\n<p>Pokia\u013e ide o invest\u00edcie vy\u017eadovan\u00e9 v\u00fdrobcami, <strong>syst\u00e9m je navrhnut\u00fd tak, aby spotreboval m\u00e1lo energie na vodu,<\/strong> \u010do znamen\u00e1 \u00fasporu na \u00fa\u010dtoch za energiu.<\/p>\n\n\n\n<div class=\"wp-block-columns is-layout-flex wp-container-core-columns-is-layout-28f84493 wp-block-columns-is-layout-flex\">\n<div class=\"wp-block-column is-layout-flow wp-block-column-is-layout-flow\">\n<h3 class=\"wp-block-heading\">V\u00fdhody :<\/h3>\n\n\n\n<ul class=\"wp-block-list\">\n<li>V\u00e4\u010d\u0161ia bezpe\u010dnos\u0165 aj vo v\u00fdbu\u0161nom prostred\u00ed;<\/li>\n\n\n\n<li>N\u00edzka spotreba energie a vody v\u010faka regul\u00e1cii vody ;<\/li>\n\n\n\n<li>\u013dahko sa pou\u017e\u00edva v\u010faka dotykovej obrazovke;<\/li>\n\n\n\n<li><strong> <\/strong>Jednoduch\u00e9 pou\u017e\u00edvanie a \u00fadr\u017eba, n\u00edzke prev\u00e1dzkov\u00e9 n\u00e1klady.<\/li>\n<\/ul>\n<\/div>\n\n\n\n<div class=\"wp-block-column is-layout-flow wp-block-column-is-layout-flow\">\n<h3 class=\"wp-block-heading\">\u0160peci\u00e1lne funkcie:<\/h3>\n\n\n\n<ul class=\"wp-block-list\">\n<li>Vysoko v\u00fdkonn\u00fd viacstup\u0148ov\u00fd odlu\u010dovac\u00ed syst\u00e9m pre jemn\u00fd prach, hor\u013eav\u00fd prach a iskry;<\/li>\n\n\n\n<li>\u00da\u010dinnos\u0165 separ\u00e1cie a\u017e 99,995 % ;<\/li>\n\n\n\n<li>Ods\u00e1vanie z jednej alebo viacer\u00fdch stan\u00edc.<\/li>\n<\/ul>\n<\/div>\n\n\n\n<div class=\"wp-block-column is-layout-flow wp-block-column-is-layout-flow\">\n<h3 class=\"wp-block-heading\">Vlastnosti :<\/h3>\n\n\n\n<ul class=\"wp-block-list\">\n<li>Je v s\u00falade s normou ATEX;<\/li>\n\n\n\n<li>Tich\u00e1 prev\u00e1dzka ;<\/li>\n\n\n\n<li>Volite\u013ene: recirkula\u010dn\u00e1 prev\u00e1dzka (zni\u017euje n\u00e1klady na vykurovanie).<\/li>\n<\/ul>\n<\/div>\n<\/div>\n\n\n\n<div class=\"wp-block-columns is-layout-flex wp-container-core-columns-is-layout-28f84493 wp-block-columns-is-layout-flex\">\n<div class=\"wp-block-column is-layout-flow wp-block-column-is-layout-flow\">\n<figure class=\"wp-block-image size-full is-resized\"><img decoding=\"async\" width=\"600\" height=\"600\" src=\"https:\/\/obera.fr\/wp-content\/uploads\/2022\/11\/norme-atex.jpg\" alt=\"\u0161tandard atex\" class=\"wp-image-15992\" style=\"width:300px;height:300px\" srcset=\"https:\/\/obera.fr\/wp-content\/uploads\/2022\/11\/norme-atex.jpg 600w, https:\/\/obera.fr\/wp-content\/uploads\/2022\/11\/norme-atex-300x300.jpg 300w, https:\/\/obera.fr\/wp-content\/uploads\/2022\/11\/norme-atex-150x150.jpg 150w\" sizes=\"(max-width: 600px) 100vw, 600px\" \/><\/figure>\n<\/div>\n\n\n\n<div class=\"wp-block-column is-layout-flow wp-block-column-is-layout-flow\">\n<figure class=\"wp-block-image size-full is-resized\"><img decoding=\"async\" width=\"600\" height=\"600\" src=\"https:\/\/obera.fr\/wp-content\/uploads\/2022\/11\/dustomat-hydro-2.jpg\" alt=\"dustomat hydro 2\" class=\"wp-image-15995\" style=\"width:300px;height:300px\" srcset=\"https:\/\/obera.fr\/wp-content\/uploads\/2022\/11\/dustomat-hydro-2.jpg 600w, https:\/\/obera.fr\/wp-content\/uploads\/2022\/11\/dustomat-hydro-2-300x300.jpg 300w, https:\/\/obera.fr\/wp-content\/uploads\/2022\/11\/dustomat-hydro-2-150x150.jpg 150w\" sizes=\"(max-width: 600px) 100vw, 600px\" \/><\/figure>\n<\/div>\n\n\n\n<div class=\"wp-block-column is-layout-flow wp-block-column-is-layout-flow\">\n<figure class=\"wp-block-image size-full is-resized\"><img decoding=\"async\" width=\"600\" height=\"600\" src=\"https:\/\/obera.fr\/wp-content\/uploads\/2022\/11\/vanne-de-vidange.jpg\" alt=\"vyp\u00fa\u0161\u0165ac\u00ed ventil\" class=\"wp-image-15998\" style=\"width:300px;height:300px\" srcset=\"https:\/\/obera.fr\/wp-content\/uploads\/2022\/11\/vanne-de-vidange.jpg 600w, https:\/\/obera.fr\/wp-content\/uploads\/2022\/11\/vanne-de-vidange-300x300.jpg 300w, https:\/\/obera.fr\/wp-content\/uploads\/2022\/11\/vanne-de-vidange-150x150.jpg 150w\" sizes=\"(max-width: 600px) 100vw, 600px\" \/><\/figure>\n<\/div>\n<\/div>\n\n\n\n<div class=\"wp-block-buttons is-content-justification-center is-layout-flex wp-container-core-buttons-is-layout-a89b3969 wp-block-buttons-is-layout-flex\">\n<div class=\"wp-block-button\"><a class=\"wp-block-button__link wp-element-button\" href=\"https:\/\/obera.fr\/sk\/contact\/\">Testovanie DUSTOMAT HYDRO<\/a><\/div>\n<\/div>\n","protected":false},"excerpt":{"rendered":"<p>Objavte n\u00e1\u0161 sortiment mokr\u00fdch vys\u00e1va\u010dov DUSTOMAT HYDRO, ktor\u00e9 sp\u00e1jaj\u00fa v\u00fdkon a \u00fa\u010dinnos\u0165 na ods\u00e1vanie vysoko hor\u013eav\u00fdch l\u00e1tok. Priemyseln\u00fd vys\u00e1va\u010d DUSTOMAT HYDRO : ako funguje a ako ho pou\u017e\u00edva\u0165 ? Hlavnou prednos\u0165ou radu DUSTOMAT HYDRO je inovat\u00edvna viacstup\u0148ov\u00e1 technol\u00f3gia odlu\u010dovania na zachyt\u00e1vanie prachu a iskier. Zne\u010disten\u00fd vzduch je nas\u00e1van\u00fd ventil\u00e1torom zabudovan\u00fdm do zbera\u010da prachu. R\u00fdchlos\u0165 vzduchu sa zn\u00ed\u017ei, \u010d\u00edm sa \u0165a\u017ek\u00e9 \u010dastice dostan\u00fa do z\u00e1chytnej n\u00e1dr\u017ee: ide o prv\u00fd stupe\u0148 predbe\u017enej separ\u00e1cie \u010dast\u00edc. Vzduch potom prech\u00e1dza cez hydrocykl\u00f3n, ktor\u00fd vyu\u017e\u00edva odstrediv\u00fa silu na oddelenie jemn\u00fdch \u010dast\u00edc od vody. Tieto \u010dastice sa zachytia vo vode a iskry sa ochladia, aby boli ne\u0161kodn\u00e9. &#8230; <\/p>\n<p class=\"read-more-container\"><a title=\"DUSTOMAT HYDRO: pevn\u00fd mokr\u00fd vys\u00e1va\u010d\" class=\"read-more button\" href=\"https:\/\/obera.fr\/sk\/produits\/depoussiereurs-industriels\/fixes\/depoussiereur-a-voie-humide-dustomat-hydro\/#more-46147\" aria-label=\"Pre\u010d\u00edtajte si viac o DUSTOMAT HYDRO: pevn\u00fd mokr\u00fd vys\u00e1va\u010d\">Lire la suite<\/a><\/p>\n","protected":false},"author":4,"featured_media":83749,"parent":47230,"menu_order":0,"comment_status":"closed","ping_status":"closed","template":"","meta":{"_acf_changed":false,"_seopress_robots_primary_cat":"","_seopress_titles_title":"D\u00e9poussi\u00e9reur \u00e0 voie humide DUSTOMAT HYDRO par oberA","_seopress_titles_desc":"D\u00e9couvrez notre gamme de d\u00e9poussi\u00e9reurs \u00e0 voie humide DUSTOMAT HYDRO alliant performance et efficacit\u00e9 pour l\u2019extraction de substances hautement inflammables.","_seopress_robots_index":"","footnotes":""},"class_list":{"0":"post-46147","1":"page","2":"type-page","3":"status-publish","4":"has-post-thumbnail","6":"no-featured-image-padding","7":"resize-featured-image"},"acf":[],"_links":{"self":[{"href":"https:\/\/obera.fr\/sk\/wp-json\/wp\/v2\/pages\/46147","targetHints":{"allow":["GET"]}}],"collection":[{"href":"https:\/\/obera.fr\/sk\/wp-json\/wp\/v2\/pages"}],"about":[{"href":"https:\/\/obera.fr\/sk\/wp-json\/wp\/v2\/types\/page"}],"author":[{"embeddable":true,"href":"https:\/\/obera.fr\/sk\/wp-json\/wp\/v2\/users\/4"}],"replies":[{"embeddable":true,"href":"https:\/\/obera.fr\/sk\/wp-json\/wp\/v2\/comments?post=46147"}],"version-history":[{"count":11,"href":"https:\/\/obera.fr\/sk\/wp-json\/wp\/v2\/pages\/46147\/revisions"}],"predecessor-version":[{"id":91988,"href":"https:\/\/obera.fr\/sk\/wp-json\/wp\/v2\/pages\/46147\/revisions\/91988"}],"up":[{"embeddable":true,"href":"https:\/\/obera.fr\/sk\/wp-json\/wp\/v2\/pages\/47230"}],"wp:featuredmedia":[{"embeddable":true,"href":"https:\/\/obera.fr\/sk\/wp-json\/wp\/v2\/media\/83749"}],"wp:attachment":[{"href":"https:\/\/obera.fr\/sk\/wp-json\/wp\/v2\/media?parent=46147"}],"curies":[{"name":"wp","href":"https:\/\/api.w.org\/{rel}","templated":true}]}}