{"id":46626,"date":"2020-08-26T12:44:59","date_gmt":"2020-08-26T10:44:59","guid":{"rendered":"https:\/\/obera.fr\/srf-k\/"},"modified":"2025-06-27T15:37:59","modified_gmt":"2025-06-27T13:37:59","slug":"srf-k","status":"publish","type":"page","link":"https:\/\/obera.fr\/sk\/produits\/depoussiereurs-industriels\/mobiles\/srf-k\/","title":{"rendered":"SRF-K"},"content":{"rendered":"\n<h2 class=\"wp-block-heading\" id=\"extracteur-de-fumees-de-soudure-pour-un-large-choix-d-application\">Ods\u00e1va\u010d zv\u00e1ra\u010dsk\u00fdch dymov pre \u0161irok\u00fa \u0161k\u00e1lu aplik\u00e1ci\u00ed<\/h2>\n\n<div class=\"wp-block-columns is-layout-flex wp-container-core-columns-is-layout-28f84493 wp-block-columns-is-layout-flex\">\n<div class=\"wp-block-column is-layout-flow wp-block-column-is-layout-flow\" style=\"flex-basis:33.33%\">\n<figure class=\"wp-block-image aligncenter size-large is-resized\"><img decoding=\"async\" width=\"819\" height=\"1024\" src=\"https:\/\/obera.fr\/wp-content\/uploads\/2025\/05\/srf-k-1-819x1024.png\" alt=\"Mobiln&#xFD; zbera&#x10D; prachu SRF-K\" class=\"wp-image-104035\" style=\"width:266px;height:auto\" srcset=\"https:\/\/obera.fr\/wp-content\/uploads\/2025\/05\/srf-k-1-819x1024.png 819w, https:\/\/obera.fr\/wp-content\/uploads\/2025\/05\/srf-k-1-240x300.png 240w, https:\/\/obera.fr\/wp-content\/uploads\/2025\/05\/srf-k-1-768x960.png 768w, https:\/\/obera.fr\/wp-content\/uploads\/2025\/05\/srf-k-1.png 1080w\" sizes=\"(max-width: 819px) 100vw, 819px\" \/><figcaption class=\"wp-element-caption\">SRF-K<\/figcaption><\/figure>\n<\/div>\n\n\n\n<div class=\"wp-block-column is-layout-flow wp-block-column-is-layout-flow\" style=\"flex-basis:66.66%\">\n<p><strong>Zv\u00e1racie v\u00fdpary<\/strong> sa filtruj\u00fa na 99,9 % a prefiltrovan\u00fd vzduch sa m\u00f4\u017ee znovu vnies\u0165 do pracovn\u00e9ho priestoru.  <\/p>\n\n\n\n<p>V\u010faka vysok\u00e9mu saciemu v\u00fdkonu je mo\u017en\u00e9 \u013eahko filtrova\u0165 ve\u013ek\u00e9 objemy dymu. Jeho \u010distite\u013en\u00e1 filtra\u010dn\u00e1 kazeta v\u00fdrazne zni\u017euje n\u00e1klady na \u00fadr\u017ebu. <\/p>\n\n\n\n<p>Najv\u00fdkonnej\u0161\u00ed model v ponuke, SRF K-15, m\u00f4\u017ee by\u0165 vybaven\u00fd dvoma vys\u00favac\u00edmi ramenami. K dispoz\u00edcii je aj<a href=\"https:\/\/obera.fr\/sk\/produits\/depoussiereurs-industriels\/petits\/srf-t\/\">prenosn\u00fd ods\u00e1va\u010d zv\u00e1rac\u00edch dymov<\/a> SRF-T. <\/p>\n\n\n\n<hr class=\"wp-block-separator has-text-color has-black-color has-css-opacity has-black-background-color has-background is-style-dots\"\/>\n\n\n\n<div class=\"wp-block-columns is-layout-flex wp-container-core-columns-is-layout-28f84493 wp-block-columns-is-layout-flex\">\n<div class=\"wp-block-column is-layout-flow wp-block-column-is-layout-flow\" style=\"flex-basis:33.33%\">\n<div class=\"wp-block-buttons is-layout-flex wp-block-buttons-is-layout-flex\">\n<div class=\"wp-block-button\"><a class=\"wp-block-button__link wp-element-button\" href=\"https:\/\/obera.fr\/wp-content\/uploads\/2025\/05\/brochure-srf-k-10-15-fr.pdf\">STIAHNU\u0164 BRO\u017d\u00daRU<\/a><\/div>\n<\/div>\n<\/div>\n\n\n\n<div class=\"wp-block-column is-layout-flow wp-block-column-is-layout-flow\" style=\"flex-basis:33.34%\">\n<div class=\"wp-block-buttons is-horizontal is-content-justification-center is-layout-flex wp-container-core-buttons-is-layout-03627597 wp-block-buttons-is-layout-flex\">\n<div class=\"wp-block-button has-custom-width wp-block-button__width-100\"><a class=\"wp-block-button__link wp-element-button\" href=\"https:\/\/obera.fr\/sk\/kontaktujte-nas\/\">Ve\u010d o tem<\/a><\/div>\n<\/div>\n<\/div>\n\n\n\n<div class=\"wp-block-column is-layout-flow wp-block-column-is-layout-flow\" style=\"flex-basis:33.34%\">\n<div class=\"wp-block-buttons is-content-justification-center is-layout-flex wp-container-core-buttons-is-layout-a89b3969 wp-block-buttons-is-layout-flex\">\n<div class=\"wp-block-button btn-devis-source\"><a class=\"wp-block-button__link wp-element-button\" href=\"https:\/\/obera.fr\/sk\/devis\/\">Po\u017eiada\u0165 o cenov\u00fa ponuku<\/a><\/div>\n<\/div>\n\n\n<script>\r\ndocument.addEventListener('DOMContentLoaded', function() {\r\n    \/\/ 1. On cherche le titre H1 de la page\r\n    var h1 = document.querySelector('h1');\r\n    var productTitle = h1 ? h1.innerText.trim() : \"\";\r\n\r\n    \/\/ 2. On cherche les boutons via la classe CSS .btn-devis-source\r\n    var buttons = document.querySelectorAll('.btn-devis-source a');\r\n\r\n    \/\/ 3. Si on a le titre et les boutons, on ajoute le param\u00e8tre\r\n    if (buttons.length > 0 && productTitle !== \"\") {\r\n        var encodedTitle = encodeURIComponent(productTitle);\r\n\r\n        buttons.forEach(function(btn) {\r\n            var currentHref = btn.getAttribute('href');\r\n            \r\n            \/\/ S\u00e9curit\u00e9 pour ne pas ajouter le param\u00e8tre 2 fois\r\n            if (currentHref.indexOf('sujet=') === -1) {\r\n                var separator = currentHref.indexOf('?') !== -1 ? '&' : '?';\r\n                var newLink = currentHref + separator + 'sujet=' + encodedTitle;\r\n                \r\n                btn.setAttribute('href', newLink);\r\n            }\r\n        });\r\n    }\r\n});\r\n<\/script><\/div>\n<\/div>\n<\/div>\n<\/div>\n\n<figure class=\"wp-block-gallery has-nested-images columns-default is-cropped wp-block-gallery-1 is-layout-flex wp-block-gallery-is-layout-flex\">\n<figure class=\"wp-block-image size-large\"><img decoding=\"async\" width=\"1024\" height=\"576\" data-id=\"1686\" src=\"https:\/\/obera.fr\/wp-content\/uploads\/2020\/11\/49-srf-k-1024x576.jpg\" alt=\"49 Srf K\" class=\"wp-image-1686\" srcset=\"https:\/\/obera.fr\/wp-content\/uploads\/2020\/11\/49-srf-k-1024x576.jpg 1024w, https:\/\/obera.fr\/wp-content\/uploads\/2020\/11\/49-srf-k-300x169.jpg 300w, https:\/\/obera.fr\/wp-content\/uploads\/2020\/11\/49-srf-k-768x432.jpg 768w, https:\/\/obera.fr\/wp-content\/uploads\/2020\/11\/49-srf-k.jpg 1200w\" sizes=\"(max-width: 1024px) 100vw, 1024px\" \/><\/figure>\n\n\n\n<figure class=\"wp-block-image size-large\"><img decoding=\"async\" width=\"1024\" height=\"576\" data-id=\"1685\" src=\"https:\/\/obera.fr\/wp-content\/uploads\/2020\/11\/48-srf-k-1024x576.jpg\" alt=\"48 Srf K\" class=\"wp-image-1685\" srcset=\"https:\/\/obera.fr\/wp-content\/uploads\/2020\/11\/48-srf-k-1024x576.jpg 1024w, https:\/\/obera.fr\/wp-content\/uploads\/2020\/11\/48-srf-k-300x169.jpg 300w, https:\/\/obera.fr\/wp-content\/uploads\/2020\/11\/48-srf-k-768x432.jpg 768w, https:\/\/obera.fr\/wp-content\/uploads\/2020\/11\/48-srf-k.jpg 1280w\" sizes=\"(max-width: 1024px) 100vw, 1024px\" \/><\/figure>\n\n\n\n<figure class=\"wp-block-image size-large\"><img decoding=\"async\" width=\"1024\" height=\"683\" data-id=\"104141\" src=\"https:\/\/obera.fr\/wp-content\/uploads\/2025\/05\/srf-k-entsorgungssack-anbringen-_0022-1024x683.jpg\" alt=\"Vrece na zber odpadu SRF-K\" class=\"wp-image-104141\" srcset=\"https:\/\/obera.fr\/wp-content\/uploads\/2025\/05\/srf-k-entsorgungssack-anbringen-_0022-1024x683.jpg 1024w, https:\/\/obera.fr\/wp-content\/uploads\/2025\/05\/srf-k-entsorgungssack-anbringen-_0022-300x200.jpg 300w, https:\/\/obera.fr\/wp-content\/uploads\/2025\/05\/srf-k-entsorgungssack-anbringen-_0022-768x512.jpg 768w, https:\/\/obera.fr\/wp-content\/uploads\/2025\/05\/srf-k-entsorgungssack-anbringen-_0022-1536x1024.jpg 1536w, https:\/\/obera.fr\/wp-content\/uploads\/2025\/05\/srf-k-entsorgungssack-anbringen-_0022.jpg 1920w\" sizes=\"(max-width: 1024px) 100vw, 1024px\" \/><\/figure>\n<\/figure>\n\n<h3 class=\"wp-block-heading\" id=\"avantages\">V\u00fdhody<\/h3>\n\n<div class=\"wp-block-columns is-layout-flex wp-container-core-columns-is-layout-28f84493 wp-block-columns-is-layout-flex\">\n<div class=\"wp-block-column is-layout-flow wp-block-column-is-layout-flow\">\n<h4 class=\"wp-block-heading has-text-align-center\" id=\"avantages\"><strong>V\u00fdhody<\/strong><\/h4>\n\n\n\n<ul class=\"wp-block-list\">\n<li>Vysok\u00fd extrak\u010dn\u00fd v\u00fdkon v dvoch bodoch<\/li>\n\n\n\n<li>Mobiln\u00fd a v\u0161estrann\u00fd<\/li>\n\n\n\n<li>Kompaktn\u00fd a \u013eahko pou\u017eite\u013en\u00fd<\/li>\n\n\n\n<li>N\u00edzke n\u00e1klady na \u00fadr\u017ebu v\u010faka \u010distite\u013en\u00e9mu filtru<\/li>\n\n\n\n<li>Jednoduch\u00e1 likvid\u00e1cia odpadu<\/li>\n<\/ul>\n<\/div>\n\n\n\n<div class=\"wp-block-column is-layout-flow wp-block-column-is-layout-flow\">\n<h4 class=\"wp-block-heading has-text-align-center\" id=\"particularites\"><strong>\u0160peci\u00e1lne funkcie<\/strong><\/h4>\n\n\n\n<ul class=\"wp-block-list\">\n<li>Ru\u010dn\u00e9 \u010distenie filtra pomocou pi\u0161tole na stla\u010den\u00fd vzduch alebo automatick\u00e9 \u010distenie filtra<\/li>\n\n\n\n<li>\u010cistite\u013en\u00e1 filtra\u010dn\u00e1 vlo\u017eka pre dlh\u0161iu \u017eivotnos\u0165<\/li>\n<\/ul>\n<\/div>\n\n\n\n<div class=\"wp-block-column is-layout-flow wp-block-column-is-layout-flow\">\n<h4 class=\"wp-block-heading has-text-align-center\" id=\"caracteristiques\"><strong>Funkcie<\/strong><\/h4>\n\n\n\n<ul class=\"wp-block-list\">\n<li>M\u00f4\u017ee pracova\u0165 nepretr\u017eite alebo preru\u0161ovane<\/li>\n<\/ul>\n<\/div>\n<\/div>\n\n<h2 class=\"wp-block-heading\" id=\"dans-quels-secteurs-industriels-l-utiliser\">V ktor\u00fdch priemyseln\u00fdch odvetviach sa pou\u017e\u00edva?<\/h2>\n\n<div class=\"wp-block-columns is-layout-flex wp-container-core-columns-is-layout-28f84493 wp-block-columns-is-layout-flex\">\n<div class=\"wp-block-column is-layout-flow wp-block-column-is-layout-flow\">\n<h3 class=\"wp-block-heading has-text-align-center\" id=\"polluants\">Zne\u010dis\u0165uj\u00face l\u00e1tky<\/h3>\n\n\n\n<hr class=\"wp-block-separator has-css-opacity is-style-wide\"\/>\n\n\n\n<div class=\"wp-block-columns is-layout-flex wp-container-core-columns-is-layout-28f84493 wp-block-columns-is-layout-flex\">\n<div class=\"wp-block-column is-layout-flow wp-block-column-is-layout-flow\">\n<figure class=\"wp-block-image aligncenter size-large\"><img decoding=\"async\" width=\"70\" height=\"70\" src=\"https:\/\/obera.fr\/wp-content\/uploads\/2020\/08\/industrie-fumees.jpg\" alt=\"Priemyseln&#xFD; dym\" class=\"wp-image-722\"\/><figcaption class=\"wp-element-caption\">V\u00fdpary<\/figcaption><\/figure>\n<\/div>\n\n\n\n<div class=\"wp-block-column is-layout-flow wp-block-column-is-layout-flow\"><\/div>\n<\/div>\n<\/div>\n\n\n\n<div class=\"wp-block-column is-layout-flow wp-block-column-is-layout-flow\">\n<h3 class=\"wp-block-heading has-text-align-center\" id=\"industries\">Odvetvia<\/h3>\n\n\n\n<hr class=\"wp-block-separator has-css-opacity is-style-wide\"\/>\n\n\n\n<div class=\"wp-block-columns is-layout-flex wp-container-core-columns-is-layout-28f84493 wp-block-columns-is-layout-flex\">\n<div class=\"wp-block-column is-layout-flow wp-block-column-is-layout-flow\">\n<figure class=\"wp-block-image aligncenter size-large\"><img decoding=\"async\" width=\"70\" height=\"70\" src=\"https:\/\/obera.fr\/wp-content\/uploads\/2020\/08\/industrie-metallurgie.jpg\" alt=\"Hutn&#xED;cky priemysel\" class=\"wp-image-673\"\/><figcaption class=\"wp-element-caption\">Hutn\u00edctvo<\/figcaption><\/figure>\n<\/div>\n\n\n\n<div class=\"wp-block-column is-layout-flow wp-block-column-is-layout-flow\"><\/div>\n<\/div>\n<\/div>\n<\/div>\n\n<h2 class=\"wp-block-heading\" id=\"caracteristiques-techniques\">Technick\u00e9 \u0161pecifik\u00e1cie<\/h2>\n\n<figure class=\"wp-block-table\"><table class=\"has-fixed-layout\"><thead><tr><th>Zariadenie<\/th><th><\/th><th>SRF K-10<\/th><th>SRF K-15<\/th><\/tr><\/thead><tbody><tr><td>Prietok<\/td><td>m3\/h<\/td><td>950<\/td><td>1 600<\/td><\/tr><tr><td>Priemer vstupn\u00e9ho otvoru<\/td><td>mm<\/td><td>140<\/td><td>2&#215;140<\/td><\/tr><tr><td>maxim\u00e1lny podtlak<\/td><td>Pa<\/td><td>2 800<\/td><td>2 800<\/td><\/tr><tr><td>Nap\u00e1jacie nap\u00e4tie<\/td><td>V<\/td><td>230<\/td><td>400<\/td><\/tr><tr><td>Nap\u00e1janie<\/td><td>kW<\/td><td>1.3<\/td><td>2.2<\/td><\/tr><tr><td>Povrch filtra<\/td><td>m\u00b2<\/td><td>10<\/td><td>15<\/td><\/tr><tr><td>Rozmery<\/td><td>l\/L\/h (mm)<\/td><td>946x761x1361<\/td><td>946x761x1361<\/td><\/tr><tr><td>Hmotnos\u0165<\/td><td>kg<\/td><td>69<\/td><td>74<\/td><\/tr><tr><td>\u00darove\u0148 zvuku<\/td><td>dB(A)<\/td><td>72<\/td><td>77<\/td><\/tr><\/tbody><\/table><\/figure>\n\n<div class=\"wp-block-buttons is-content-justification-center is-layout-flex wp-container-core-buttons-is-layout-a89b3969 wp-block-buttons-is-layout-flex\">\n<div class=\"wp-block-button is-style-outline is-style-outline--2\"><a class=\"wp-block-button__link wp-element-button\" href=\"https:\/\/obera.fr\/wp-content\/uploads\/2024\/03\/srf-k-10-15.pdf\">Stiahnite si produktov\u00fd list<\/a><\/div>\n<\/div>\n\n<h3 class=\"wp-block-heading\" id=\"en-option\">Volite\u013en\u00e9<\/h3>\n\n<div class=\"wp-block-columns is-layout-flex wp-container-core-columns-is-layout-28f84493 wp-block-columns-is-layout-flex\">\n<div class=\"wp-block-column is-layout-flow wp-block-column-is-layout-flow\">\n<figure class=\"wp-block-image aligncenter size-large is-resized\"><img decoding=\"async\" width=\"1024\" height=\"549\" src=\"https:\/\/obera.fr\/wp-content\/uploads\/2025\/03\/charbon-actif-mix-1024x549.jpg\" alt=\"zmes akt&#xED;vneho uhlia\" class=\"wp-image-76515\" style=\"width:198px;height:auto\" srcset=\"https:\/\/obera.fr\/wp-content\/uploads\/2025\/03\/charbon-actif-mix-1024x549.jpg 1024w, https:\/\/obera.fr\/wp-content\/uploads\/2025\/03\/charbon-actif-mix-300x161.jpg 300w, https:\/\/obera.fr\/wp-content\/uploads\/2025\/03\/charbon-actif-mix-768x412.jpg 768w, https:\/\/obera.fr\/wp-content\/uploads\/2025\/03\/charbon-actif-mix.jpg 1200w\" sizes=\"(max-width: 1024px) 100vw, 1024px\" \/><figcaption class=\"wp-element-caption\">Filter s akt\u00edvnym uhl\u00edm<\/figcaption><\/figure>\n<\/div>\n\n\n\n<div class=\"wp-block-column is-layout-flow wp-block-column-is-layout-flow\"><\/div>\n\n\n\n<div class=\"wp-block-column is-layout-flow wp-block-column-is-layout-flow\"><\/div>\n<\/div>\n\n<div class=\"wp-block-columns is-layout-flex wp-container-core-columns-is-layout-28f84493 wp-block-columns-is-layout-flex\">\n<div class=\"wp-block-column is-layout-flow wp-block-column-is-layout-flow\"><\/div>\n\n\n\n<div class=\"wp-block-column is-layout-flow wp-block-column-is-layout-flow\"><\/div>\n\n\n\n<div class=\"wp-block-column is-layout-flow wp-block-column-is-layout-flow\"><\/div>\n<\/div>\n\n<h3 class=\"wp-block-heading\" id=\"accessoires\">Pr\u00edslu\u0161enstvo<\/h3>\n\n<figure class=\"wp-block-gallery aligncenter has-nested-images columns-5 wp-block-gallery-3 is-layout-flex wp-block-gallery-is-layout-flex\">\n<figure class=\"wp-block-image size-large\"><img decoding=\"async\" width=\"100\" height=\"100\" data-id=\"665\" src=\"https:\/\/obera.fr\/wp-content\/uploads\/2020\/08\/accessoires-gaines.jpg\" alt=\"Pr&#xED;slu&#x161;enstvo Kan&#xE1;ly\" class=\"wp-image-665\"\/><figcaption class=\"wp-element-caption\">Potrubie<\/figcaption><\/figure>\n\n\n\n<figure class=\"wp-block-image size-large\"><img decoding=\"async\" width=\"100\" height=\"100\" data-id=\"664\" src=\"https:\/\/obera.fr\/wp-content\/uploads\/2020\/08\/accessoires-adaptateur-de-gaines.jpg\" alt=\"Pr&#xED;slu&#x161;enstvo Adapt&#xE9;ry na potrubia\" class=\"wp-image-664\"\/><figcaption class=\"wp-element-caption\">Adapt\u00e9r pl\u00e1\u0161\u0165a<\/figcaption><\/figure>\n\n\n\n<figure class=\"wp-block-image size-large\"><img decoding=\"async\" width=\"100\" height=\"100\" data-id=\"663\" src=\"https:\/\/obera.fr\/wp-content\/uploads\/2020\/08\/accessoires-hotte.jpg\" alt=\"Pr&#xED;slu&#x161;enstvo kapoty\" class=\"wp-image-663\"\/><figcaption class=\"wp-element-caption\">Kapota<\/figcaption><\/figure>\n\n\n\n<figure class=\"wp-block-image size-large\"><img decoding=\"async\" width=\"100\" height=\"100\" data-id=\"662\" src=\"https:\/\/obera.fr\/wp-content\/uploads\/2020\/08\/accessoires-bras.jpg\" alt=\"Pr&#xED;slu&#x161;enstvo na ramen&#xE1;\" class=\"wp-image-662\"\/><figcaption class=\"wp-element-caption\">Rameno<\/figcaption><\/figure>\n\n\n\n<figure class=\"wp-block-image size-large\"><img decoding=\"async\" width=\"100\" height=\"100\" data-id=\"1683\" src=\"https:\/\/obera.fr\/wp-content\/uploads\/2020\/11\/51-sac-a-poussiere.jpg\" alt=\"51 Vrecko na prach\" class=\"wp-image-1683\"\/><figcaption class=\"wp-element-caption\">Vrecko na prach<\/figcaption><\/figure>\n<\/figure>\n\n<hr class=\"wp-block-separator has-css-opacity is-style-dots\"\/>\n\n<div class=\"wp-block-buttons is-horizontal is-content-justification-center is-layout-flex wp-container-core-buttons-is-layout-03627597 wp-block-buttons-is-layout-flex\">\n<div class=\"wp-block-button has-custom-width wp-block-button__width-100\"><a class=\"wp-block-button__link wp-element-button\" href=\"https:\/\/obera.fr\/sk\/kontaktujte-nas\/\">Ve\u010d o tem<\/a><\/div>\n<\/div>\n\n<h2 class=\"wp-block-heading\" id=\"les-autres-depoussiereurs-mobiles-de-la-marque-obera\">Ostatn\u00e9 mobiln\u00e9 vys\u00e1va\u010de zna\u010dky oberA<\/h2>\n\n<div class=\"wp-block-columns is-layout-flex wp-container-core-columns-is-layout-28f84493 wp-block-columns-is-layout-flex\">\n<div class=\"wp-block-column is-layout-flow wp-block-column-is-layout-flow\">\n<figure class=\"wp-block-image aligncenter size-medium is-resized\"><a href=\"https:\/\/obera.fr\/produits\/depoussiereurs-industriels\/mobiles\/extracteur-poussiere-dustomat-4\/\"><img decoding=\"async\" width=\"300\" height=\"300\" src=\"https:\/\/obera.fr\/wp-content\/uploads\/2020\/08\/extracteur-poussiere-Dustomat-4-ATEX-300x300.png\" alt=\"Ods&#xE1;va&#x10D; prachu Dustomat 4 Atex\" class=\"wp-image-677\" style=\"width:auto;height:250px\" srcset=\"https:\/\/obera.fr\/wp-content\/uploads\/2020\/08\/extracteur-poussiere-Dustomat-4-ATEX-300x300.png 300w, https:\/\/obera.fr\/wp-content\/uploads\/2020\/08\/extracteur-poussiere-Dustomat-4-ATEX-150x150.png 150w, https:\/\/obera.fr\/wp-content\/uploads\/2020\/08\/extracteur-poussiere-Dustomat-4-ATEX.png 600w\" sizes=\"(max-width: 300px) 100vw, 300px\" \/><\/a><figcaption class=\"wp-element-caption\">Dustomat 4<\/figcaption><\/figure>\n<\/div>\n\n\n\n<div class=\"wp-block-column is-layout-flow wp-block-column-is-layout-flow\">\n<figure class=\"wp-block-image aligncenter size-medium is-resized\"><a href=\"https:\/\/obera.fr\/produits\/depoussiereurs-industriels\/mobiles\/aspiration-poussiere-dustomat-10\/\"><img decoding=\"async\" width=\"300\" height=\"300\" src=\"https:\/\/obera.fr\/wp-content\/uploads\/2020\/10\/extracteur-poussiere-mobile-DUSTOMAT-10-300x300.png\" alt=\"Mobiln&#xFD; vys&#xE1;va&#x10D; prachu Dustomat 10\" class=\"wp-image-1306\" style=\"width:auto;height:250px\" srcset=\"https:\/\/obera.fr\/wp-content\/uploads\/2020\/10\/extracteur-poussiere-mobile-DUSTOMAT-10-300x300.png 300w, https:\/\/obera.fr\/wp-content\/uploads\/2020\/10\/extracteur-poussiere-mobile-DUSTOMAT-10-150x150.png 150w, https:\/\/obera.fr\/wp-content\/uploads\/2020\/10\/extracteur-poussiere-mobile-DUSTOMAT-10.png 600w\" sizes=\"(max-width: 300px) 100vw, 300px\" \/><\/a><figcaption class=\"wp-element-caption\">DUSTOMAT 10<\/figcaption><\/figure>\n<\/div>\n\n\n\n<div class=\"wp-block-column is-layout-flow wp-block-column-is-layout-flow\">\n<figure class=\"wp-block-image aligncenter size-medium is-resized\"><a href=\"https:\/\/obera.fr\/produits\/depoussiereurs-industriels\/mobiles\/extracteur-poussiere-pulverulente-dustomat-16m\/\"><img decoding=\"async\" width=\"300\" height=\"300\" src=\"https:\/\/obera.fr\/wp-content\/uploads\/2020\/10\/extracteur-poussiere-pulverulente-DUSTOMAT-16-300x300.png\" alt=\"Ods&#xE1;va&#x10D; prachu Dustomat 16\" class=\"wp-image-1307\" style=\"width:auto;height:250px\" srcset=\"https:\/\/obera.fr\/wp-content\/uploads\/2020\/10\/extracteur-poussiere-pulverulente-DUSTOMAT-16-300x300.png 300w, https:\/\/obera.fr\/wp-content\/uploads\/2020\/10\/extracteur-poussiere-pulverulente-DUSTOMAT-16-150x150.png 150w, https:\/\/obera.fr\/wp-content\/uploads\/2020\/10\/extracteur-poussiere-pulverulente-DUSTOMAT-16.png 600w\" sizes=\"(max-width: 300px) 100vw, 300px\" \/><\/a><figcaption class=\"wp-element-caption\">DUSTOMAT 16<\/figcaption><\/figure>\n<\/div>\n<\/div>\n\n<div class=\"wp-block-columns is-layout-flex wp-container-core-columns-is-layout-28f84493 wp-block-columns-is-layout-flex\">\n<div class=\"wp-block-column is-layout-flow wp-block-column-is-layout-flow\">\n<figure class=\"wp-block-image aligncenter size-full is-resized\"><a href=\"https:\/\/obera.fr\/produits\/depoussiereurs-industriels\/mobiles\/na-2-2-depoussiereur-a-voie-humide\/\"><img decoding=\"async\" width=\"600\" height=\"600\" src=\"https:\/\/obera.fr\/wp-content\/uploads\/2024\/04\/obera-na-2-2-depoussiereur-a-voie-humide-mobile.jpg\" alt=\"obera na 2 2 mobiln&#xFD; mokr&#xFD; vys&#xE1;va&#x10D;\" class=\"wp-image-29475\" style=\"width:auto;height:250px\" srcset=\"https:\/\/obera.fr\/wp-content\/uploads\/2024\/04\/obera-na-2-2-depoussiereur-a-voie-humide-mobile.jpg 600w, https:\/\/obera.fr\/wp-content\/uploads\/2024\/04\/obera-na-2-2-depoussiereur-a-voie-humide-mobile-300x300.jpg 300w, https:\/\/obera.fr\/wp-content\/uploads\/2024\/04\/obera-na-2-2-depoussiereur-a-voie-humide-mobile-150x150.jpg 150w\" sizes=\"(max-width: 600px) 100vw, 600px\" \/><\/a><figcaption class=\"wp-element-caption\">NA 2.2<\/figcaption><\/figure>\n<\/div>\n\n\n\n<div class=\"wp-block-column is-layout-flow wp-block-column-is-layout-flow\">\n<figure class=\"wp-block-image aligncenter size-full is-resized\"><a href=\"https:\/\/obera.fr\/produits\/depoussiereurs-industriels\/mobiles\/extracteur-de-poussiere-dustomat-dry\/#more-24274\"><img decoding=\"async\" width=\"320\" height=\"320\" src=\"https:\/\/obera.fr\/wp-content\/uploads\/2023\/09\/dustomat-dry.png\" alt=\"dustomat dry\" class=\"wp-image-24355\" style=\"width:auto;height:250px\" srcset=\"https:\/\/obera.fr\/wp-content\/uploads\/2023\/09\/dustomat-dry.png 320w, https:\/\/obera.fr\/wp-content\/uploads\/2023\/09\/dustomat-dry-300x300.png 300w, https:\/\/obera.fr\/wp-content\/uploads\/2023\/09\/dustomat-dry-150x150.png 150w\" sizes=\"(max-width: 320px) 100vw, 320px\" \/><\/a><figcaption class=\"wp-element-caption\">DUSTOMAT DRY<\/figcaption><\/figure>\n<\/div>\n<\/div>\n\n<p><\/p>\n","protected":false},"excerpt":{"rendered":"<p>Ods\u00e1va\u010d zv\u00e1ra\u010dsk\u00fdch dymov pre \u0161irok\u00fa \u0161k\u00e1lu aplik\u00e1ci\u00ed Zv\u00e1racie v\u00fdpary sa filtruj\u00fa na 99,9 % a prefiltrovan\u00fd vzduch sa m\u00f4\u017ee znovu vnies\u0165 do pracovn\u00e9ho priestoru. V\u010faka vysok\u00e9mu saciemu v\u00fdkonu je mo\u017en\u00e9 \u013eahko filtrova\u0165 ve\u013ek\u00e9 objemy dymu. Jeho \u010distite\u013en\u00e1 filtra\u010dn\u00e1 kazeta v\u00fdrazne zni\u017euje n\u00e1klady na \u00fadr\u017ebu. Najv\u00fdkonnej\u0161\u00ed model v ponuke, SRF K-15, m\u00f4\u017ee by\u0165 vybaven\u00fd dvoma vys\u00favac\u00edmi ramenami. K dispoz\u00edcii je ajprenosn\u00fd ods\u00e1va\u010d zv\u00e1rac\u00edch dymov SRF-T. V\u00fdhody V\u00fdhody \u0160peci\u00e1lne funkcie Funkcie V ktor\u00fdch priemyseln\u00fdch odvetviach sa pou\u017e\u00edva? Zne\u010dis\u0165uj\u00face l\u00e1tky Odvetvia Technick\u00e9 \u0161pecifik\u00e1cie Zariadenie SRF K-10 SRF K-15 Prietok m3\/h 950 1 600 Priemer vstupn\u00e9ho otvoru mm 140 2&#215;140 maxim\u00e1lny podtlak Pa 2 &#8230; <\/p>\n<p class=\"read-more-container\"><a title=\"SRF-K\" class=\"read-more button\" href=\"https:\/\/obera.fr\/sk\/produits\/depoussiereurs-industriels\/mobiles\/srf-k\/#more-46626\" aria-label=\"Pre\u010d\u00edtajte si viac o SRF-K\">Lire la suite<\/a><\/p>\n","protected":false},"author":4,"featured_media":83749,"parent":46881,"menu_order":0,"comment_status":"closed","ping_status":"closed","template":"","meta":{"_acf_changed":false,"_seopress_robots_primary_cat":"","_seopress_titles_title":"Ods\u00e1va\u010d zv\u00e1rac\u00edch dymov OberA SRF-K","_seopress_titles_desc":"Zv\u00e1racie v\u00fdpary s\u00fa filtrovan\u00e9 na 99,9 %. Prefiltrovan\u00fd vzduch sa m\u00f4\u017ee znovu vnies\u0165 do pracovn\u00e9ho priestoru. Dok\u00e1\u017ee odfiltrova\u0165 ve\u013ek\u00e9 objemy v\u00fdparov.  ","_seopress_robots_index":"","footnotes":""},"class_list":{"0":"post-46626","1":"page","2":"type-page","3":"status-publish","4":"has-post-thumbnail","6":"no-featured-image-padding","7":"resize-featured-image"},"acf":[],"_links":{"self":[{"href":"https:\/\/obera.fr\/sk\/wp-json\/wp\/v2\/pages\/46626","targetHints":{"allow":["GET"]}}],"collection":[{"href":"https:\/\/obera.fr\/sk\/wp-json\/wp\/v2\/pages"}],"about":[{"href":"https:\/\/obera.fr\/sk\/wp-json\/wp\/v2\/types\/page"}],"author":[{"embeddable":true,"href":"https:\/\/obera.fr\/sk\/wp-json\/wp\/v2\/users\/4"}],"replies":[{"embeddable":true,"href":"https:\/\/obera.fr\/sk\/wp-json\/wp\/v2\/comments?post=46626"}],"version-history":[{"count":19,"href":"https:\/\/obera.fr\/sk\/wp-json\/wp\/v2\/pages\/46626\/revisions"}],"predecessor-version":[{"id":117236,"href":"https:\/\/obera.fr\/sk\/wp-json\/wp\/v2\/pages\/46626\/revisions\/117236"}],"up":[{"embeddable":true,"href":"https:\/\/obera.fr\/sk\/wp-json\/wp\/v2\/pages\/46881"}],"wp:featuredmedia":[{"embeddable":true,"href":"https:\/\/obera.fr\/sk\/wp-json\/wp\/v2\/media\/83749"}],"wp:attachment":[{"href":"https:\/\/obera.fr\/sk\/wp-json\/wp\/v2\/media?parent=46626"}],"curies":[{"name":"wp","href":"https:\/\/api.w.org\/{rel}","templated":true}]}}