{"id":46881,"date":"2020-08-26T12:34:20","date_gmt":"2020-08-26T10:34:20","guid":{"rendered":"https:\/\/obera.fr\/nase-produkty\/priemyselne-zberace-prachu\/mobilne-zberace-prachu\/"},"modified":"2025-06-30T10:03:27","modified_gmt":"2025-06-30T08:03:27","slug":"mobiles","status":"publish","type":"page","link":"https:\/\/obera.fr\/sk\/produits\/depoussiereurs-industriels\/mobiles\/","title":{"rendered":"Mobiln\u00e9 zbera\u010de prachu"},"content":{"rendered":"\n<p>Na\u0161e <strong>mobiln\u00e9 vys\u00e1va\u010de<\/strong> predstavuj\u00fa rad v\u00fdkonn\u00fdch <a href=\"https:\/\/obera.fr\/sk\/produits\/depoussiereurs-industriels\/\" data-type=\"page\" data-id=\"31\">priemyseln\u00fdch vys\u00e1va\u010dov<\/a>, ktor\u00e9 sa daj\u00fa \u013eahko premiest\u0148ova\u0165. Dokonale sa prisp\u00f4sobia v\u00e1\u0161mu prostrediu pre optim\u00e1lny pracovn\u00fd komfort a zaru\u010den\u00fa \u00fa\u010dinnos\u0165.   <\/p>\n\n<p>Tieto syst\u00e9my na <strong>\u00fapravu vzduchu<\/strong> s\u00fa ur\u010den\u00e9 na priame pripojenie k v\u00fdrobn\u00fdm strojom prostredn\u00edctvom siete potrub\u00ed alebo na ods\u00e1vanie vzduchu z mobiln\u00e9ho pracoviska pomocou <a href=\"https:\/\/obera.fr\/sk\/produits\/bras-dispositifs-captation\/capot-industriel\/\">ods\u00e1vacieho ramena<\/a> alebo ods\u00e1va\u010da s cie\u013eom zachyti\u0165 v\u0161etky druhy prachu a ve\u013ek\u00e9 mno\u017estv\u00e1 zne\u010dis\u0165uj\u00facich l\u00e1tok priamo pri zdroji.<\/p>\n\n\n<h2 class=\"wp-block-heading\">N\u00e1\u0161 sortiment mobiln\u00fdch vys\u00e1va\u010dov :<\/h2>\n\n<div class=\"wp-block-columns is-layout-flex wp-container-core-columns-is-layout-28f84493 wp-block-columns-is-layout-flex\">\n<div class=\"wp-block-column is-vertically-aligned-top is-layout-flow wp-block-column-is-layout-flow\">\n<h3 class=\"wp-block-heading has-text-align-center\"><a href=\"https:\/\/obera.fr\/sk\/produits\/depoussiereurs-industriels\/mobiles\/extracteur-de-poussiere-dustomat-dry\/\">DUSTOMAT DRY<\/a><\/h3>\n\n\n\n<figure class=\"wp-block-image aligncenter size-medium is-resized\"><a href=\"https:\/\/obera.fr\/produits\/depoussiereurs-industriels\/mobiles\/extracteur-de-poussiere-dustomat-dry\/\"><img decoding=\"async\" width=\"300\" height=\"300\" src=\"https:\/\/obera.fr\/wp-content\/uploads\/2023\/09\/dustomat-dry-300x300.png\" alt=\"dustomat dry\" class=\"wp-image-24355\" srcset=\"https:\/\/obera.fr\/wp-content\/uploads\/2023\/09\/dustomat-dry-300x300.png 300w, https:\/\/obera.fr\/wp-content\/uploads\/2023\/09\/dustomat-dry-150x150.png 150w, https:\/\/obera.fr\/wp-content\/uploads\/2023\/09\/dustomat-dry.png 320w\" sizes=\"(max-width: 300px) 100vw, 300px\" \/><\/a><figcaption class=\"wp-element-caption\">DUSTOMAT DRY<\/figcaption><\/figure>\n\n\n\n<p>DUSTOMAT DRY je syst\u00e9m na <a href=\"https:\/\/obera.fr\/sk\/produits\/depoussiereurs-industriels\/mobiles\/extracteur-de-poussiere-dustomat-dry\/#more-24274\">odstra\u0148ovanie prachu<\/a>, ktor\u00fd sa ide\u00e1lne hod\u00ed pre \u0161irok\u00fa \u0161k\u00e1lu priemyseln\u00fdch odvetv\u00ed. Pon\u00faka mo\u017enos\u0165 efekt\u00edvneho odstra\u0148ovania prachov\u00fdch \u010dast\u00edc a triesok bu\u010f priamo z v\u00fdrobn\u00fdch strojov, alebo pripojen\u00edm k ods\u00e1vaciemu krytu, ods\u00e1vaciemu ramenu alebo potrubnej sieti. Je k dispoz\u00edcii v \u0161tyroch \u00farovniach v\u00fdkonu a je vhodn\u00fd pre priemern\u00fd prietok od 2000 do 3500 metrov kubick\u00fdch za hodinu.  <\/p>\n\n\n\n<p>Napriek zna\u010dn\u00e9mu saciemu v\u00fdkonu je vys\u00e1va\u010d DUSTOMAT DRY pozoruhodne tich\u00fd a energeticky \u00fasporn\u00fd. M\u00e1 tie\u017e predsepar\u00e1tor schopn\u00fd zachyt\u00e1va\u0165 \u0165a\u017ek\u00e9 a hrub\u00e9 \u010dastice. \u00dadr\u017eba tohto syst\u00e9mu je zjednodu\u0161en\u00e1 pou\u017e\u00edvan\u00edm stla\u010den\u00e9ho vzduchu na \u010distenie filtrov, \u010do nielen u\u013eah\u010duje \u00fadr\u017ebu, ale aj pom\u00e1ha pred\u013a\u017ei\u0165 \u017eivotnos\u0165 filtrov.<\/p>\n\n\n\n<p class=\"has-text-align-center\">K dispoz\u00edcii vo verzii <a href=\"https:\/\/obera.fr\/sk\/produits\/atex\/\">ATEX<\/a>.<\/p>\n<\/div>\n\n\n\n<div class=\"wp-block-column is-vertically-aligned-top is-layout-flow wp-block-column-is-layout-flow\">\n<h3 class=\"wp-block-heading has-text-align-center\"><strong><a href=\"https:\/\/obera.fr\/sk\/produits\/depoussiereurs-industriels\/mobiles\/aspiration-poussiere-dustomat-10\/\">DUSTOMAT 10<\/a><\/strong><\/h3>\n\n\n\n<figure class=\"wp-block-image aligncenter size-medium is-resized\"><a href=\"https:\/\/obera.fr\/produits\/depoussiereurs-industriels\/mobiles\/aspiration-poussiere-dustomat-10\/\"><img decoding=\"async\" width=\"300\" height=\"300\" src=\"https:\/\/obera.fr\/wp-content\/uploads\/2020\/10\/extracteur-poussiere-mobile-DUSTOMAT-10-300x300.png\" alt=\"Mobiln&#xFD; vys&#xE1;va&#x10D; prachu Dustomat 10\" class=\"wp-image-1306\" srcset=\"https:\/\/obera.fr\/wp-content\/uploads\/2020\/10\/extracteur-poussiere-mobile-DUSTOMAT-10-300x300.png 300w, https:\/\/obera.fr\/wp-content\/uploads\/2020\/10\/extracteur-poussiere-mobile-DUSTOMAT-10-150x150.png 150w, https:\/\/obera.fr\/wp-content\/uploads\/2020\/10\/extracteur-poussiere-mobile-DUSTOMAT-10.png 600w\" sizes=\"(max-width: 300px) 100vw, 300px\" \/><\/a><figcaption class=\"wp-element-caption\">DUSTOMAT 10<\/figcaption><\/figure>\n\n\n\n<p><a href=\"https:\/\/obera.fr\/sk\/produits\/depoussiereurs-industriels\/mobiles\/aspiration-poussiere-dustomat-10\/\" data-type=\"page\" data-id=\"445\">Vys\u00e1va\u010d DUSTOMAT 10<\/a> m\u00e1 vysok\u00fd sac\u00ed v\u00fdkon. Zvl\u00e1dne vys\u00e1va\u0165 prach, ako aj dreven\u00e9, plastov\u00e9 a kovov\u00e9 triesky. M\u00f4\u017ee by\u0165 pripojen\u00fd priamo k v\u00fdrobn\u00e9mu stroju prostredn\u00edctvom siete kan\u00e1lov alebo pridan\u00edm ods\u00e1vacieho ramena alebo ods\u00e1va\u010da vzduchu.    <\/p>\n\n\n\n<p>Kazetov\u00e9 filtre sa m\u00f4\u017eu \u010disti\u0165 manu\u00e1lne pomocou syst\u00e9mu rota\u010dn\u00fdch kief alebo automaticky pomocou pr\u00fadu stla\u010den\u00e9ho vzduchu. T\u00e1to <strong>filtra\u010dn\u00e1 jednotka<\/strong> je ide\u00e1lna na pou\u017eitie na jednotliv\u00fdch pracovn\u00fdch miestach, na v\u00fdrobnom stroji alebo v bl\u00edzkosti ru\u010dnej pracovnej plochy. Nakl\u00e1pac\u00ed kryt a zbern\u00e9 vrecko umo\u017e\u0148uj\u00fa r\u00fdchlu a jednoduch\u00fa likvid\u00e1ciu vyzbieran\u00e9ho odpadu.  <\/p>\n<\/div>\n\n\n\n<div class=\"wp-block-column is-layout-flow wp-block-column-is-layout-flow\">\n<h3 class=\"wp-block-heading has-text-align-center\"><strong><a href=\"https:\/\/obera.fr\/sk\/produits\/depoussiereurs-industriels\/mobiles\/extracteur-poussiere-pulverulente-dustomat-16m\/\">DUSTOMAT 16<\/a><\/strong><\/h3>\n\n\n\n<figure class=\"wp-block-image aligncenter size-medium\"><a href=\"https:\/\/obera.fr\/produits\/depoussiereurs-industriels\/mobiles\/extracteur-poussiere-pulverulente-dustomat-16m\/\"><img decoding=\"async\" width=\"300\" height=\"300\" src=\"https:\/\/obera.fr\/wp-content\/uploads\/2020\/10\/extracteur-poussiere-pulverulente-DUSTOMAT-16-300x300.png\" alt=\"Ods&#xE1;va&#x10D; prachu Dustomat 16\" class=\"wp-image-1307\" srcset=\"https:\/\/obera.fr\/wp-content\/uploads\/2020\/10\/extracteur-poussiere-pulverulente-DUSTOMAT-16-300x300.png 300w, https:\/\/obera.fr\/wp-content\/uploads\/2020\/10\/extracteur-poussiere-pulverulente-DUSTOMAT-16-150x150.png 150w, https:\/\/obera.fr\/wp-content\/uploads\/2020\/10\/extracteur-poussiere-pulverulente-DUSTOMAT-16.png 600w\" sizes=\"(max-width: 300px) 100vw, 300px\" \/><\/a><figcaption class=\"wp-element-caption\">DUSTOMAT 16<\/figcaption><\/figure>\n\n\n\n<p><strong>DUSTOMAT 16<\/strong> bol vyvinut\u00fd na mobiln\u00e9 pou\u017eitie, \u0161peci\u00e1lne na<a href=\"https:\/\/obera.fr\/sk\/produits\/depoussiereurs-industriels\/mobiles\/extracteur-poussiere-pulverulente-dustomat-16m\/\" data-type=\"page\" data-id=\"449\">ods\u00e1vanie prachu vo forme pr\u00e1\u0161ku<\/a>. In\u00fdmi slovami, miner\u00e1lny prach (kame\u0148, grafit alebo bet\u00f3n), plastov\u00fd alebo kovov\u00fd prach, dreven\u00e9 a kovov\u00e9 triesky.   <\/p>\n\n\n\n<p><strong>Prach sa ods\u00e1va<\/strong> pomocou ods\u00e1vacieho ramena. Kazetov\u00e9 filtre sa m\u00f4\u017eu \u010disti\u0165 ru\u010dne alebo automaticky, aby sa zabezpe\u010dila dlh\u00e1 \u017eivotnos\u0165 filtra\u010dn\u00fdch kaziet. Vrecko na zachyt\u00e1vanie prachu je robustn\u00e9 a opakovane pou\u017eite\u013en\u00e9, \u010d\u00edm sa dosiahnu n\u00edzke n\u00e1klady na spotrebn\u00fd materi\u00e1l.  <\/p>\n<\/div>\n<\/div>\n\n<div class=\"wp-block-columns is-layout-flex wp-container-core-columns-is-layout-28f84493 wp-block-columns-is-layout-flex\">\n<div class=\"wp-block-column is-layout-flow wp-block-column-is-layout-flow\">\n<h3 class=\"wp-block-heading has-text-align-center\"><strong><strong><a href=\"https:\/\/obera.fr\/sk\/produits\/depoussiereurs-industriels\/mobiles\/srf-k\/\">SRF K<\/a><\/strong><\/strong><\/h3>\n\n\n\n<figure class=\"wp-block-image aligncenter size-medium\"><a href=\"https:\/\/obera.fr\/produits\/depoussiereurs-industriels\/mobiles\/srf-k\/\"><img decoding=\"async\" width=\"240\" height=\"300\" src=\"https:\/\/obera.fr\/wp-content\/uploads\/2025\/05\/srf-k-1-240x300.png\" alt=\"Mobiln&#xFD; zbera&#x10D; prachu SRF-K\" class=\"wp-image-104035\" srcset=\"https:\/\/obera.fr\/wp-content\/uploads\/2025\/05\/srf-k-1-240x300.png 240w, https:\/\/obera.fr\/wp-content\/uploads\/2025\/05\/srf-k-1-819x1024.png 819w, https:\/\/obera.fr\/wp-content\/uploads\/2025\/05\/srf-k-1-768x960.png 768w, https:\/\/obera.fr\/wp-content\/uploads\/2025\/05\/srf-k-1.png 1080w\" sizes=\"(max-width: 240px) 100vw, 240px\" \/><\/a><figcaption class=\"wp-element-caption\">SRF-K<\/figcaption><\/figure>\n\n\n\n<p>SRF K je tie\u017e v\u00fdkonnej\u0161\u00ed <a href=\"https:\/\/obera.fr\/sk\/produits\/depoussiereurs-industriels\/mobiles\/srf-k\/\" data-type=\"page\" data-id=\"436\">ods\u00e1va\u010d zv\u00e1rac\u00edch dymov<\/a> na jednorazov\u00e9 alebo nepretr\u017eit\u00e9 ods\u00e1vanie. V\u00fdpary s\u00fa filtrovan\u00e9 na 99,9 %, \u010do umo\u017e\u0148uje op\u00e4tovn\u00e9 zavedenie filtrovan\u00e9ho vzduchu do pracovn\u00e9ho priestoru.   <\/p>\n\n\n\n<p>K dispoz\u00edcii s\u00fa dve verzie: <strong>SRF K-10<\/strong> umo\u017e\u0148uje pripoji\u0165 ods\u00e1vacie rameno alebo ods\u00e1vaciu kuklu, \u010do je ide\u00e1lne pre jednu zv\u00e1raciu stanicu, a <strong>SRF K-15<\/strong> umo\u017e\u0148uje vybavi\u0165 a\u017e dve ods\u00e1vacie ramen\u00e1, tak\u017ee m\u00f4\u017eete obsluhova\u0165 dve zv\u00e1racie stanice s\u00fa\u010dasne.  <\/p>\n\n\n\n<p>V z\u00e1vislosti od pou\u017eitia m\u00f4\u017ee by\u0165 vybaven\u00fd (ako volite\u013en\u00e9 pr\u00edslu\u0161enstvo) filtrami s akt\u00edvnym uhl\u00edm ur\u010den\u00fdmi na odv\u00e1dzanie v\u00fdparov z p\u00e1jkovania alebo in\u00fdch zne\u010dis\u0165uj\u00facich l\u00e1tok, ktor\u00e9 m\u00f4\u017eu vytv\u00e1ra\u0165 z\u00e1pach. Na \u010distenie filtra\u010dn\u00fdch m\u00e9di\u00ed m\u00f4\u017eu by\u0165 tieto jednotky vybaven\u00e9 bu\u010f manu\u00e1lnym rota\u010dn\u00fdm odkalovac\u00edm syst\u00e9mom, alebo automatick\u00fdm odkalovac\u00edm syst\u00e9mom.<\/p>\n\n\n\n<p><\/p>\n<\/div>\n\n\n\n<div class=\"wp-block-column is-vertically-aligned-top is-layout-flow wp-block-column-is-layout-flow\">\n<h3 class=\"wp-block-heading has-text-align-center\"><strong><a href=\"https:\/\/obera.fr\/sk\/produits\/depoussiereurs-industriels\/mobiles\/extracteur-poussiere-dustomat-4\/\">DUSTOMAT 4<\/a><\/strong><\/h3>\n\n\n\n<figure class=\"wp-block-image aligncenter size-medium\"><a href=\"https:\/\/obera.fr\/produits\/depoussiereurs-industriels\/mobiles\/extracteur-poussiere-dustomat-4\/\"><img decoding=\"async\" width=\"300\" height=\"300\" src=\"https:\/\/obera.fr\/wp-content\/uploads\/2020\/08\/extracteur-poussiere-Dustomat-4-ATEX-300x300.png\" alt=\"Ods&#xE1;va&#x10D; prachu Dustomat 4 Atex\" class=\"wp-image-677\" srcset=\"https:\/\/obera.fr\/wp-content\/uploads\/2020\/08\/extracteur-poussiere-Dustomat-4-ATEX-300x300.png 300w, https:\/\/obera.fr\/wp-content\/uploads\/2020\/08\/extracteur-poussiere-Dustomat-4-ATEX-150x150.png 150w, https:\/\/obera.fr\/wp-content\/uploads\/2020\/08\/extracteur-poussiere-Dustomat-4-ATEX.png 600w\" sizes=\"(max-width: 300px) 100vw, 300px\" \/><\/a><figcaption class=\"wp-element-caption\">Dustomat 4<\/figcaption><\/figure>\n\n\n\n<p>DUSTOMAT 4 je <a href=\"https:\/\/obera.fr\/sk\/produits\/depoussiereurs-industriels\/mobiles\/extracteur-poussiere-dustomat-4\/\" data-type=\"page\" data-id=\"440\">vys\u00e1va\u010d prachu vhodn\u00fd pre takmer v\u0161etky priemyseln\u00e9 odvetvia<\/a>. M\u00f4\u017ee ods\u00e1va\u0165 prach a triesky priamo z v\u00fdrobn\u00e9ho stroja, ale m\u00f4\u017ee by\u0165 pripojen\u00fd aj k ods\u00e1vaciemu ods\u00e1va\u010du, ods\u00e1vaciemu ramenu alebo sieti kan\u00e1lov. V\u010faka dvom sac\u00edm v\u00fdkonom bol navrhnut\u00fd tak, aby zabezpe\u010dil efekt\u00edvnu a vysoko v\u00fdkonn\u00fa cirkul\u00e1ciu vzduchu.   <\/p>\n\n\n\n<p>Je <strong>tich\u00fd<\/strong> a napriek vysok\u00e9mu saciemu v\u00fdkonu spotrebuje ve\u013emi m\u00e1lo energie. Je vybaven\u00fd predsepar\u00e1torom na \u0165a\u017ek\u00e9 a hrub\u00e9 \u010dastice. Filtre sa \u010distia (odlepuj\u00fa) stla\u010den\u00fdm vzduchom, \u010do u\u013eah\u010duje ich \u00fadr\u017ebu a zaru\u010duje dlh\u00fa \u017eivotnos\u0165 filtra\u010dn\u00fdch kaziet.  <\/p>\n\n\n\n<p>(K dispoz\u00edcii vo verzii <a href=\"https:\/\/obera.fr\/sk\/produits\/atex\/\" data-type=\"page\" data-id=\"372\">ATEX<\/a>)<\/p>\n<\/div>\n\n\n\n<div class=\"wp-block-column is-layout-flow wp-block-column-is-layout-flow\">\n<h3 class=\"wp-block-heading has-text-align-center\"><a href=\"https:\/\/obera.fr\/sk\/produits\/depoussiereurs-industriels\/mobiles\/na-2-2-depoussiereur-a-voie-humide\/\" data-type=\"page\" data-id=\"29480\">NA 2.2<\/a><\/h3>\n\n\n\n<figure class=\"wp-block-image aligncenter size-medium\"><a href=\"https:\/\/obera.fr\/produits\/depoussiereurs-industriels\/mobiles\/na-2-2-depoussiereur-a-voie-humide\/\"><img decoding=\"async\" width=\"300\" height=\"300\" src=\"https:\/\/obera.fr\/wp-content\/uploads\/2024\/04\/obera-na-2-2-depoussiereur-a-voie-humide-mobile-300x300.jpg\" alt=\"obera na 2 2 mobiln&#xFD; mokr&#xFD; vys&#xE1;va&#x10D;\" class=\"wp-image-29475\" srcset=\"https:\/\/obera.fr\/wp-content\/uploads\/2024\/04\/obera-na-2-2-depoussiereur-a-voie-humide-mobile-300x300.jpg 300w, https:\/\/obera.fr\/wp-content\/uploads\/2024\/04\/obera-na-2-2-depoussiereur-a-voie-humide-mobile-150x150.jpg 150w, https:\/\/obera.fr\/wp-content\/uploads\/2024\/04\/obera-na-2-2-depoussiereur-a-voie-humide-mobile.jpg 600w\" sizes=\"(max-width: 300px) 100vw, 300px\" \/><\/a><figcaption class=\"wp-element-caption\">NA 2.2<\/figcaption><\/figure>\n<\/div>\n<\/div>\n\n<div class=\"wp-block-buttons is-horizontal is-content-justification-center is-layout-flex wp-container-core-buttons-is-layout-03627597 wp-block-buttons-is-layout-flex\">\n<div class=\"wp-block-button has-custom-width wp-block-button__width-100\"><a class=\"wp-block-button__link wp-element-button\" href=\"https:\/\/obera.fr\/sk\/kontaktujte-nas\/\">Ve\u010d o tem<\/a><\/div>\n<\/div>\n\n<h2 class=\"wp-block-heading\">S ak\u00fdmi zne\u010dis\u0165uj\u00facimi l\u00e1tkami si dok\u00e1\u017eu poradi\u0165 na\u0161e mobiln\u00e9 odpra\u0161ovacie syst\u00e9my?<\/h2>\n\n<p>Na\u0161e <a href=\"https:\/\/obera.fr\/sk\/produits\/depoussiereurs-industriels\/petits\/\">mal\u00e9 mobiln\u00e9 odpra\u0161ova\u010de<\/a> <strong>si<\/strong> poradia s <strong>jemn\u00fdm prachom a pilinami<\/strong>, ako aj s olejov\u00fdmi hmlami, v\u00fdparmi a z\u00e1pachom v r\u00f4znych priemyseln\u00fdch odvetviach, ako s\u00fa kovy, plasty, drevo, miner\u00e1ly, textil a papier\/kart\u00f3n.<\/p>\n\n<p>Prach a in\u00e9 zne\u010dis\u0165uj\u00face l\u00e1tky sa musia spracova\u0165, preto\u017ee predstavuj\u00fa riziko pre \u013eudsk\u00fd organizmus. D\u00fdchanie zne\u010disten\u00e9ho vzduchu m\u00f4\u017ee sp\u00f4sobi\u0165 karcinog\u00e9nne, mutag\u00e9nne a reproduk\u010dne toxick\u00e9 ochorenia. \u00daprava zne\u010disten\u00e9ho vzduchu je nevyhnutn\u00e1 pre pracovn\u00edkov, kvalitu v\u00fdroby a dodr\u017eiavanie pr\u00e1vnych predpisov.<\/p>\n\n<h2 class=\"wp-block-heading\">Ako si vybra\u0165 spr\u00e1vny syst\u00e9m na zachyt\u00e1vanie prachu?<\/h2>\n\n<p>Je d\u00f4le\u017eit\u00e9 vybra\u0165 si spr\u00e1vny <a href=\"https:\/\/obera.fr\/sk\/produits\/depoussiereurs-industriels\/fixes\/\" data-type=\"link\" data-id=\"https:\/\/obera.fr\/produits\/depoussiereurs-industriels\/fixes\/\">stacion\u00e1rny vys\u00e1va\u010d<\/a>, preto\u017ee jednotka sa m\u00f4\u017ee opotrebova\u0165 a presta\u0165 fungova\u0165. To bude z\u00e1visie\u0165 od zne\u010dis\u0165uj\u00facej l\u00e1tky, jej ve\u013ekosti, stavu (tuh\u00e1 alebo plynn\u00e1) a jej mno\u017estva. To v\u00e1m umo\u017en\u00ed vybra\u0165 typ filtra, ktor\u00fd by mal ma\u0165 <a href=\"https:\/\/obera.fr\/sk\/produits\/depoussiereurs-industriels\/fixes\/depoussiereur-a-voie-humide-dustomat-hydro\/\" data-type=\"page\" data-id=\"15983\">mokr\u00fd priemyseln\u00fd vys\u00e1va\u010d<\/a>. Po druh\u00e9, mus\u00edte sa informova\u0165 o v\u00fdkone zariadenia, in\u00fdmi slovami o jeho prietoku. Prietokov\u00e1 r\u00fdchlos\u0165 jednotky bude op\u00e4\u0165 z\u00e1visie\u0165 od mno\u017estva va\u0161ej zne\u010dis\u0165uj\u00facej l\u00e1tky, ale aj od plochy miestnosti, ktor\u00e1 sa m\u00e1 \u010disti\u0165. \u010c\u00edm v\u00e4\u010d\u0161\u00ed priestor, t\u00fdm v\u00e4\u010d\u0161\u00ed prietok je potrebn\u00fd.     <\/p>\n\n<p>\u010ealej sa mus\u00edte rozhodn\u00fa\u0165, ktor\u00fdm pr\u00edslu\u0161enstvom vybav\u00edte svoj stroj: kan\u00e1lom na pripojenie k v\u00fdrobn\u00e9mu stroju alebo ods\u00e1vac\u00edm ramenom pre pracovn\u00fa stanicu.<\/p>\n\n<div class=\"wp-block-buttons is-horizontal is-content-justification-center is-layout-flex wp-container-core-buttons-is-layout-03627597 wp-block-buttons-is-layout-flex\">\n<div class=\"wp-block-button has-custom-width wp-block-button__width-100\"><a class=\"wp-block-button__link wp-element-button\" href=\"https:\/\/obera.fr\/sk\/kontaktujte-nas\/\">Ve\u010d o tem<\/a><\/div>\n<\/div>\n\n<hr class=\"wp-block-separator has-css-opacity\"\/>\n\n<div class=\"wp-block-group is-layout-flow wp-block-group-is-layout-flow\">\n<h2 class=\"wp-block-heading\">\u010eal\u0161ie produkty z radu priemyseln\u00fdch vys\u00e1va\u010dov oberA<\/h2>\n\n\n\n<div class=\"wp-block-buttons is-content-justification-center is-layout-flex wp-container-core-buttons-is-layout-a89b3969 wp-block-buttons-is-layout-flex\">\n<div class=\"wp-block-button\"><a class=\"wp-block-button__link wp-element-button\" href=\"https:\/\/obera.fr\/produits\/depoussiereurs-industriels\/fixes\/\">Pevn\u00e9 zbera\u010de prachu  <\/a><\/div>\n\n\n\n<div class=\"wp-block-button\"><a class=\"wp-block-button__link wp-element-button\" href=\"https:\/\/obera.fr\/produits\/depoussiereurs-industriels\/petits\/\"> <strong>Mal\u00e9 zbera\u010de prachu<\/strong><\/a><\/div>\n<\/div>\n<\/div>\n","protected":false},"excerpt":{"rendered":"<p>Na\u0161e mobiln\u00e9 vys\u00e1va\u010de predstavuj\u00fa rad v\u00fdkonn\u00fdch priemyseln\u00fdch vys\u00e1va\u010dov, ktor\u00e9 sa daj\u00fa \u013eahko premiest\u0148ova\u0165. Dokonale sa prisp\u00f4sobia v\u00e1\u0161mu prostrediu pre optim\u00e1lny pracovn\u00fd komfort a zaru\u010den\u00fa \u00fa\u010dinnos\u0165. Tieto syst\u00e9my na \u00fapravu vzduchu s\u00fa ur\u010den\u00e9 na priame pripojenie k v\u00fdrobn\u00fdm strojom prostredn\u00edctvom siete potrub\u00ed alebo na ods\u00e1vanie vzduchu z mobiln\u00e9ho pracoviska pomocou ods\u00e1vacieho ramena alebo ods\u00e1va\u010da s cie\u013eom zachyti\u0165 v\u0161etky druhy prachu a ve\u013ek\u00e9 mno\u017estv\u00e1 zne\u010dis\u0165uj\u00facich l\u00e1tok priamo pri zdroji. N\u00e1\u0161 sortiment mobiln\u00fdch vys\u00e1va\u010dov : DUSTOMAT DRY DUSTOMAT DRY je syst\u00e9m na odstra\u0148ovanie prachu, ktor\u00fd sa ide\u00e1lne hod\u00ed pre \u0161irok\u00fa \u0161k\u00e1lu priemyseln\u00fdch odvetv\u00ed. Pon\u00faka mo\u017enos\u0165 efekt\u00edvneho odstra\u0148ovania prachov\u00fdch \u010dast\u00edc a triesok bu\u010f priamo &#8230; <\/p>\n<p class=\"read-more-container\"><a title=\"Mobiln\u00e9 zbera\u010de prachu\" class=\"read-more button\" href=\"https:\/\/obera.fr\/sk\/produits\/depoussiereurs-industriels\/mobiles\/#more-46881\" aria-label=\"Pre\u010d\u00edtajte si viac o Mobiln\u00e9 zbera\u010de prachu\">Lire la suite<\/a><\/p>\n","protected":false},"author":4,"featured_media":83749,"parent":45648,"menu_order":0,"comment_status":"closed","ping_status":"closed","template":"","meta":{"_acf_changed":false,"_seopress_robots_primary_cat":"","_seopress_titles_title":"Mobiln\u00e9 vys\u00e1va\u010de DUSTOMAT, SRF-K a ePURBOX - oberA","_seopress_titles_desc":"Na\u0161e mobiln\u00e9 priemyseln\u00e9 vys\u00e1va\u010de sa dokonale prisp\u00f4sobia v\u00e1\u0161mu prostrediu pre optim\u00e1lny pracovn\u00fd komfort a zaru\u010den\u00fa \u00fa\u010dinnos\u0165.","_seopress_robots_index":"","footnotes":""},"class_list":{"0":"post-46881","1":"page","2":"type-page","3":"status-publish","4":"has-post-thumbnail","6":"no-featured-image-padding","7":"resize-featured-image"},"acf":[],"_links":{"self":[{"href":"https:\/\/obera.fr\/sk\/wp-json\/wp\/v2\/pages\/46881","targetHints":{"allow":["GET"]}}],"collection":[{"href":"https:\/\/obera.fr\/sk\/wp-json\/wp\/v2\/pages"}],"about":[{"href":"https:\/\/obera.fr\/sk\/wp-json\/wp\/v2\/types\/page"}],"author":[{"embeddable":true,"href":"https:\/\/obera.fr\/sk\/wp-json\/wp\/v2\/users\/4"}],"replies":[{"embeddable":true,"href":"https:\/\/obera.fr\/sk\/wp-json\/wp\/v2\/comments?post=46881"}],"version-history":[{"count":11,"href":"https:\/\/obera.fr\/sk\/wp-json\/wp\/v2\/pages\/46881\/revisions"}],"predecessor-version":[{"id":117660,"href":"https:\/\/obera.fr\/sk\/wp-json\/wp\/v2\/pages\/46881\/revisions\/117660"}],"up":[{"embeddable":true,"href":"https:\/\/obera.fr\/sk\/wp-json\/wp\/v2\/pages\/45648"}],"wp:featuredmedia":[{"embeddable":true,"href":"https:\/\/obera.fr\/sk\/wp-json\/wp\/v2\/media\/83749"}],"wp:attachment":[{"href":"https:\/\/obera.fr\/sk\/wp-json\/wp\/v2\/media?parent=46881"}],"curies":[{"name":"wp","href":"https:\/\/api.w.org\/{rel}","templated":true}]}}