{"id":47034,"date":"2020-11-11T20:39:11","date_gmt":"2020-11-11T18:39:11","guid":{"rendered":"https:\/\/obera.fr\/jumbo-maly-zberac-prachu\/"},"modified":"2025-06-29T21:35:34","modified_gmt":"2025-06-29T19:35:34","slug":"jumbo","status":"publish","type":"page","link":"https:\/\/obera.fr\/sk\/produits\/depoussiereurs-industriels\/petits\/jumbo\/","title":{"rendered":"Jumbo mal\u00fd zbera\u010d prachu"},"content":{"rendered":"\n<div class=\"wp-block-columns is-layout-flex wp-container-core-columns-is-layout-28f84493 wp-block-columns-is-layout-flex\">\n<div class=\"wp-block-column is-layout-flow wp-block-column-is-layout-flow\" style=\"flex-basis:33.33%\">\n<figure class=\"wp-block-image aligncenter size-medium\"><img decoding=\"async\" width=\"300\" height=\"300\" src=\"https:\/\/obera.fr\/wp-content\/uploads\/2020\/10\/jumbo-300x300.png\" alt=\"Jumbo\" class=\"wp-image-1171\" srcset=\"https:\/\/obera.fr\/wp-content\/uploads\/2020\/10\/jumbo-300x300.png 300w, https:\/\/obera.fr\/wp-content\/uploads\/2020\/10\/jumbo-150x150.png 150w, https:\/\/obera.fr\/wp-content\/uploads\/2020\/10\/jumbo.png 500w\" sizes=\"(max-width: 300px) 100vw, 300px\" \/><\/figure>\n<\/div>\n\n\n\n<div class=\"wp-block-column is-layout-flow wp-block-column-is-layout-flow\" style=\"flex-basis:66.66%\">\n<p>Tento mal\u00fd vys\u00e1va\u010d je vhodn\u00fd na \u0161irok\u00fa \u0161k\u00e1lu aplik\u00e1ci\u00ed. V\u010faka svojmu saciemu v\u00fdkonu zvl\u00e1dne 1 a\u017e 2 pracovn\u00e9 stanice s\u00fa\u010dasne.<\/p>\n\n\n\n<p>Je vhodn\u00fd najm\u00e4 na zne\u010dis\u0165uj\u00face l\u00e1tky, ako je jemn\u00fd a hrub\u00fd prach, v\u00fdpary, pary a z\u00e1pachy.<\/p>\n\n\n\n<p>Jumbo nahr\u00e1dza na\u0161u star\u00fa mobiln\u00fa ods\u00e1vaciu jednotku obam.  <\/p>\n\n\n\n<div style=\"height:15px\" aria-hidden=\"true\" class=\"wp-block-spacer\"><\/div>\n\n\n\n<div class=\"wp-block-columns is-layout-flex wp-container-core-columns-is-layout-28f84493 wp-block-columns-is-layout-flex\">\n<div class=\"wp-block-column is-layout-flow wp-block-column-is-layout-flow\" style=\"flex-basis:33.34%\">\n<div class=\"wp-block-buttons is-content-justification-center is-layout-flex wp-container-core-buttons-is-layout-a89b3969 wp-block-buttons-is-layout-flex\">\n<div class=\"wp-block-button\"><a class=\"wp-block-button__link wp-element-button\" href=\"https:\/\/obera.fr\/wp-content\/uploads\/2025\/04\/jumbo-.pdf\">Stiahnite si bro\u017e\u00faru<\/a><\/div>\n<\/div>\n<\/div>\n\n\n\n<div class=\"wp-block-column is-layout-flow wp-block-column-is-layout-flow\" style=\"flex-basis:33.34%\">\n<div class=\"wp-block-buttons is-horizontal is-content-justification-center is-layout-flex wp-container-core-buttons-is-layout-03627597 wp-block-buttons-is-layout-flex\">\n<div class=\"wp-block-button has-custom-width wp-block-button__width-100\"><a class=\"wp-block-button__link wp-element-button\" href=\"https:\/\/obera.fr\/sk\/kontaktujte-nas\/\">Ve\u010d o tem<\/a><\/div>\n<\/div>\n<\/div>\n\n\n\n<div class=\"wp-block-column is-layout-flow wp-block-column-is-layout-flow\" style=\"flex-basis:33.33%\">\n<div class=\"wp-block-buttons is-content-justification-center is-layout-flex wp-container-core-buttons-is-layout-a89b3969 wp-block-buttons-is-layout-flex\">\n<div class=\"wp-block-button btn-devis-source\"><a class=\"wp-block-button__link wp-element-button\" href=\"https:\/\/obera.fr\/sk\/devis\/\">Po\u017eiada\u0165 o cenov\u00fa ponuku<\/a><\/div>\n<\/div>\n\n\n<script>\r\ndocument.addEventListener('DOMContentLoaded', function() {\r\n    \/\/ 1. On cherche le titre H1 de la page\r\n    var h1 = document.querySelector('h1');\r\n    var productTitle = h1 ? h1.innerText.trim() : \"\";\r\n\r\n    \/\/ 2. On cherche les boutons via la classe CSS .btn-devis-source\r\n    var buttons = document.querySelectorAll('.btn-devis-source a');\r\n\r\n    \/\/ 3. Si on a le titre et les boutons, on ajoute le param\u00e8tre\r\n    if (buttons.length > 0 && productTitle !== \"\") {\r\n        var encodedTitle = encodeURIComponent(productTitle);\r\n\r\n        buttons.forEach(function(btn) {\r\n            var currentHref = btn.getAttribute('href');\r\n            \r\n            \/\/ S\u00e9curit\u00e9 pour ne pas ajouter le param\u00e8tre 2 fois\r\n            if (currentHref.indexOf('sujet=') === -1) {\r\n                var separator = currentHref.indexOf('?') !== -1 ? '&' : '?';\r\n                var newLink = currentHref + separator + 'sujet=' + encodedTitle;\r\n                \r\n                btn.setAttribute('href', newLink);\r\n            }\r\n        });\r\n    }\r\n});\r\n<\/script><\/div>\n<\/div>\n<\/div>\n<\/div>\n\n<h2 class=\"wp-block-heading\" id=\"les-avantages-du-jumbo\">V\u00fdhody syst\u00e9mu Jumbo<\/h2>\n\n<div class=\"wp-block-columns is-layout-flex wp-container-core-columns-is-layout-28f84493 wp-block-columns-is-layout-flex\">\n<div class=\"wp-block-column is-layout-flow wp-block-column-is-layout-flow\">\n<h4 class=\"wp-block-heading has-text-align-center\" id=\"avantages\"><strong>V\u00fdhody<\/strong><\/h4>\n\n\n\n<ul class=\"wp-block-list\">\n<li>Mal\u00e1 plocha<\/li>\n\n\n\n<li>N\u00edzka spotreba energie<\/li>\n\n\n\n<li>Ve\u013emi jednoduch\u00e9 pou\u017e\u00edvanie<\/li>\n\n\n\n<li>Tlmi\u010d hluku<\/li>\n<\/ul>\n<\/div>\n\n\n\n<div class=\"wp-block-column is-layout-flow wp-block-column-is-layout-flow\">\n<h4 class=\"wp-block-heading has-text-align-center\" id=\"particularites\"><strong>\u0160peci\u00e1lne funkcie<\/strong><\/h4>\n\n\n\n<ul class=\"wp-block-list\">\n<li>Prisp\u00f4sobenie na \u0161irok\u00fa \u0161k\u00e1lu aplik\u00e1ci\u00ed<\/li>\n\n\n\n<li>M\u00f4\u017ee sa pou\u017e\u00edva\u0165 v r\u00f4znych poloh\u00e1ch<\/li>\n\n\n\n<li>Teleskopick\u00e1 rukov\u00e4\u0165 na jednoduch\u00fa prepravu<\/li>\n<\/ul>\n<\/div>\n\n\n\n<div class=\"wp-block-column is-layout-flow wp-block-column-is-layout-flow\">\n<h4 class=\"wp-block-heading has-text-align-center\" id=\"caracteristiques\"><strong>Funkcie<\/strong><\/h4>\n\n\n\n<ul class=\"wp-block-list\">\n<li>Vysoko univerz\u00e1lne pre \u0161irok\u00fa \u0161k\u00e1lu aplik\u00e1ci\u00ed<\/li>\n\n\n\n<li>Na extrakciu jednej alebo dvoch pracovn\u00fdch stan\u00edc<\/li>\n\n\n\n<li>Filtre mo\u017eno pod\u013ea potreby recyklova\u0165<\/li>\n<\/ul>\n<\/div>\n<\/div>\n\n<h2 class=\"wp-block-heading\" id=\"applications\">Aplik\u00e1cie<\/h2>\n\n<div class=\"wp-block-columns is-layout-flex wp-container-core-columns-is-layout-28f84493 wp-block-columns-is-layout-flex\">\n<div class=\"wp-block-column is-layout-flow wp-block-column-is-layout-flow\">\n<h3 class=\"wp-block-heading has-text-align-center\" id=\"polluants\">Zne\u010dis\u0165uj\u00face l\u00e1tky<\/h3>\n\n\n\n<hr class=\"wp-block-separator has-css-opacity is-style-wide\"\/>\n\n\n\n<div class=\"wp-block-columns is-layout-flex wp-container-core-columns-is-layout-28f84493 wp-block-columns-is-layout-flex\">\n<div class=\"wp-block-column is-layout-flow wp-block-column-is-layout-flow\">\n<figure class=\"wp-block-image aligncenter size-large\"><img decoding=\"async\" width=\"70\" height=\"70\" src=\"https:\/\/obera.fr\/wp-content\/uploads\/2020\/08\/polluants-poussieres.jpg\" alt=\"Zne&#x10D;is&#x165;uj&#xFA;ce l&#xE1;tky Prach\" class=\"wp-image-675\"\/><figcaption class=\"wp-element-caption\">V\u00fdpary<\/figcaption><\/figure>\n\n\n\n<figure class=\"wp-block-image aligncenter size-large\"><img decoding=\"async\" width=\"70\" height=\"70\" src=\"https:\/\/obera.fr\/wp-content\/uploads\/2020\/08\/industrie-odeur.jpg\" alt=\"Priemyseln&#xFD; z&#xE1;pach\" class=\"wp-image-723\"\/><figcaption class=\"wp-element-caption\">Z\u00e1pachy<\/figcaption><\/figure>\n<\/div>\n\n\n\n<div class=\"wp-block-column is-layout-flow wp-block-column-is-layout-flow\">\n<figure class=\"wp-block-image aligncenter size-large\"><img decoding=\"async\" width=\"70\" height=\"70\" src=\"https:\/\/obera.fr\/wp-content\/uploads\/2020\/08\/industrie-fumees.jpg\" alt=\"Priemyseln&#xFD; dym\" class=\"wp-image-722\"\/><figcaption class=\"wp-element-caption\">V\u00fdpary<\/figcaption><\/figure>\n\n\n\n<figure class=\"wp-block-image aligncenter size-large\"><img decoding=\"async\" width=\"70\" height=\"70\" src=\"https:\/\/obera.fr\/wp-content\/uploads\/2020\/09\/cov.png\" alt=\"Cov\" class=\"wp-image-959\"\/><figcaption class=\"wp-element-caption\">VOCS<\/figcaption><\/figure>\n<\/div>\n<\/div>\n\n\n\n<p><\/p>\n<\/div>\n\n\n\n<div class=\"wp-block-column is-layout-flow wp-block-column-is-layout-flow\">\n<h3 class=\"wp-block-heading has-text-align-center\" id=\"industries\">Odvetvia<\/h3>\n\n\n\n<hr class=\"wp-block-separator has-css-opacity is-style-wide\"\/>\n\n\n\n<div class=\"wp-block-columns is-layout-flex wp-container-core-columns-is-layout-28f84493 wp-block-columns-is-layout-flex\">\n<div class=\"wp-block-column is-layout-flow wp-block-column-is-layout-flow\">\n<figure class=\"wp-block-image aligncenter size-large\"><img decoding=\"async\" width=\"70\" height=\"70\" src=\"https:\/\/obera.fr\/wp-content\/uploads\/2020\/08\/industrie-metallurgie.jpg\" alt=\"Hutn&#xED;cky priemysel\" class=\"wp-image-673\"\/><figcaption class=\"wp-element-caption\">Hutn\u00edctvo<\/figcaption><\/figure>\n\n\n\n<figure class=\"wp-block-image aligncenter size-large\"><img decoding=\"async\" width=\"70\" height=\"70\" src=\"https:\/\/obera.fr\/wp-content\/uploads\/2020\/08\/industrie-chimie.jpg\" alt=\"Chemick&#xFD; priemysel\" class=\"wp-image-725\"\/><figcaption class=\"wp-element-caption\">Chemik\u00e1lie\/Petrochemik\u00e1lie<\/figcaption><\/figure>\n\n\n\n<figure class=\"wp-block-image aligncenter size-large\"><img decoding=\"async\" width=\"70\" height=\"70\" src=\"https:\/\/obera.fr\/wp-content\/uploads\/2020\/08\/industrie-bois.jpg\" alt=\"Drev&#xE1;rsky priemysel\" class=\"wp-image-672\"\/><figcaption class=\"wp-element-caption\">Spracovanie dreva<\/figcaption><\/figure>\n\n\n\n<figure class=\"wp-block-image aligncenter size-large\"><img decoding=\"async\" width=\"70\" height=\"70\" src=\"https:\/\/obera.fr\/wp-content\/uploads\/2020\/08\/industrie-papier-carton.jpg\" alt=\"Papierensk&#xFD; a kart&#xF3;nov&#xFD; priemysel\" class=\"wp-image-670\"\/><figcaption class=\"wp-element-caption\">Papier\/kart\u00f3n<\/figcaption><\/figure>\n<\/div>\n\n\n\n<div class=\"wp-block-column is-layout-flow wp-block-column-is-layout-flow\">\n<figure class=\"wp-block-image aligncenter size-large\"><img decoding=\"async\" width=\"70\" height=\"70\" src=\"https:\/\/obera.fr\/wp-content\/uploads\/2020\/08\/industrie-plastique.jpg\" alt=\"Plastik&#xE1;rsky priemysel\" class=\"wp-image-669\"\/><figcaption class=\"wp-element-caption\">Plasty<\/figcaption><\/figure>\n\n\n\n<figure class=\"wp-block-image aligncenter size-large\"><img decoding=\"async\" width=\"70\" height=\"70\" src=\"https:\/\/obera.fr\/wp-content\/uploads\/2020\/08\/industrie-dechets.jpg\" alt=\"Priemyseln&#xFD; odpad\" class=\"wp-image-726\"\/><figcaption class=\"wp-element-caption\">Zber a triedenie odpadu<\/figcaption><\/figure>\n\n\n\n<figure class=\"wp-block-image aligncenter size-large\"><img decoding=\"async\" width=\"70\" height=\"70\" src=\"https:\/\/obera.fr\/wp-content\/uploads\/2020\/08\/industrie-agroalimentaire.jpg\" alt=\"Potravin&#xE1;rsky priemysel\" class=\"wp-image-727\"\/><figcaption class=\"wp-element-caption\">Potravin\u00e1rsky priemysel<\/figcaption><\/figure>\n\n\n\n<figure class=\"wp-block-image aligncenter size-large\"><img decoding=\"async\" width=\"70\" height=\"70\" src=\"https:\/\/obera.fr\/wp-content\/uploads\/2020\/08\/industrie-textile.jpg\" alt=\"Textiln&#xFD; priemysel\" class=\"wp-image-671\"\/><figcaption class=\"wp-element-caption\">Textil<\/figcaption><\/figure>\n<\/div>\n<\/div>\n<\/div>\n<\/div>\n\n<div class=\"wp-block-buttons is-horizontal is-content-justification-center is-layout-flex wp-container-core-buttons-is-layout-03627597 wp-block-buttons-is-layout-flex\">\n<div class=\"wp-block-button has-custom-width wp-block-button__width-100\"><a class=\"wp-block-button__link wp-element-button\" href=\"https:\/\/obera.fr\/sk\/kontaktujte-nas\/\">Ve\u010d o tem<\/a><\/div>\n<\/div>\n\n<h2 class=\"wp-block-heading\" id=\"caracteristiques-techniques\">Technick\u00e9 \u0161pecifik\u00e1cie<\/h2>\n\n<figure class=\"wp-block-table\"><table class=\"has-fixed-layout\"><thead><tr><th>Zariadenie<\/th><th><\/th><th>OB-JUMBO<\/th><\/tr><\/thead><tbody><tr><td>Maxim\u00e1lny prietok<\/td><td>m3\/h<\/td><td>170<\/td><\/tr><tr><td>Maxim\u00e1lny podtlak<\/td><td>Pa<\/td><td>2800<\/td><\/tr><tr><td>Nap\u00e1jacie nap\u00e4tie<\/td><td>V<\/td><td>230<\/td><\/tr><tr><td>Spotreba energie<\/td><td>W<\/td><td>150<\/td><\/tr><tr><td>Rozmery<\/td><td>l\/L\/h (mm)<\/td><td>450 x 340 x 530<\/td><\/tr><tr><td>Hmotnos\u0165<\/td><td>Kg<\/td><td>18<\/td><\/tr><tr><td>Hladina hluku<\/td><td>dB(A)<\/td><td>49<\/td><\/tr><\/tbody><\/table><\/figure>\n\n<hr class=\"wp-block-separator has-css-opacity is-style-dots\"\/>\n\n<h2 class=\"wp-block-heading\" id=\"les-autres-petits-depoussiereurs-de-la-marque-obera\">\u010eal\u0161ie mal\u00e9 prachovky od zna\u010dky oberA<\/h2>\n\n<div class=\"wp-block-columns is-layout-flex wp-container-core-columns-is-layout-28f84493 wp-block-columns-is-layout-flex\">\n<div class=\"wp-block-column is-layout-flow wp-block-column-is-layout-flow\">\n<figure class=\"wp-block-image aligncenter size-medium\"><a href=\"https:\/\/obera.fr\/produits\/depoussiereurs-industriels\/petits\/srf-t\/\"><img decoding=\"async\" width=\"300\" height=\"300\" src=\"https:\/\/obera.fr\/wp-content\/uploads\/2020\/10\/SRF-T-SF-300x300.png\" alt=\"Srf T Sf\" class=\"wp-image-1310\" srcset=\"https:\/\/obera.fr\/wp-content\/uploads\/2020\/10\/SRF-T-SF-300x300.png 300w, https:\/\/obera.fr\/wp-content\/uploads\/2020\/10\/SRF-T-SF-150x150.png 150w, https:\/\/obera.fr\/wp-content\/uploads\/2020\/10\/SRF-T-SF.png 600w\" sizes=\"(max-width: 300px) 100vw, 300px\" \/><\/a><figcaption class=\"wp-element-caption\">SRF-T<\/figcaption><\/figure>\n<\/div>\n\n\n\n<div class=\"wp-block-column is-layout-flow wp-block-column-is-layout-flow\">\n<figure class=\"wp-block-image aligncenter size-medium\"><a href=\"https:\/\/obera.fr\/produits\/depoussiereurs-industriels\/petits\/tk-serie\/\"><img decoding=\"async\" width=\"300\" height=\"300\" src=\"https:\/\/obera.fr\/wp-content\/uploads\/2020\/11\/tk-series-300x300.jpg\" alt=\"S&#xE9;ria TK\" class=\"wp-image-1607\" srcset=\"https:\/\/obera.fr\/wp-content\/uploads\/2020\/11\/tk-series-300x300.jpg 300w, https:\/\/obera.fr\/wp-content\/uploads\/2020\/11\/tk-series-150x150.jpg 150w, https:\/\/obera.fr\/wp-content\/uploads\/2020\/11\/tk-series.jpg 600w\" sizes=\"(max-width: 300px) 100vw, 300px\" \/><\/a><figcaption class=\"wp-element-caption\">TK Serie<\/figcaption><\/figure>\n<\/div>\n\n\n\n<div class=\"wp-block-column is-layout-flow wp-block-column-is-layout-flow\">\n<figure class=\"wp-block-image aligncenter size-medium\"><a href=\"https:\/\/obera.fr\/produits\/depoussiereurs-industriels\/petits\/aspiration-fumees-soudage-laser-epur-b-ex\/\"><img decoding=\"async\" width=\"300\" height=\"300\" src=\"https:\/\/obera.fr\/wp-content\/uploads\/2023\/10\/epurb-ex-1000-3000-5000-300x300.png\" alt=\"oberA epur b ex 1000 3000 5000\" class=\"wp-image-25016\" srcset=\"https:\/\/obera.fr\/wp-content\/uploads\/2023\/10\/epurb-ex-1000-3000-5000-300x300.png 300w, https:\/\/obera.fr\/wp-content\/uploads\/2023\/10\/epurb-ex-1000-3000-5000-150x150.png 150w, https:\/\/obera.fr\/wp-content\/uploads\/2023\/10\/epurb-ex-1000-3000-5000.png 600w\" sizes=\"(max-width: 300px) 100vw, 300px\" \/><\/a><figcaption class=\"wp-element-caption\">EPUR B EX<\/figcaption><\/figure>\n<\/div>\n<\/div>\n","protected":false},"excerpt":{"rendered":"<p>Tento mal\u00fd vys\u00e1va\u010d je vhodn\u00fd na \u0161irok\u00fa \u0161k\u00e1lu aplik\u00e1ci\u00ed. V\u010faka svojmu saciemu v\u00fdkonu zvl\u00e1dne 1 a\u017e 2 pracovn\u00e9 stanice s\u00fa\u010dasne. Je vhodn\u00fd najm\u00e4 na zne\u010dis\u0165uj\u00face l\u00e1tky, ako je jemn\u00fd a hrub\u00fd prach, v\u00fdpary, pary a z\u00e1pachy. Jumbo nahr\u00e1dza na\u0161u star\u00fa mobiln\u00fa ods\u00e1vaciu jednotku obam. V\u00fdhody syst\u00e9mu Jumbo V\u00fdhody \u0160peci\u00e1lne funkcie Funkcie Aplik\u00e1cie Zne\u010dis\u0165uj\u00face l\u00e1tky Odvetvia Technick\u00e9 \u0161pecifik\u00e1cie Zariadenie OB-JUMBO Maxim\u00e1lny prietok m3\/h 170 Maxim\u00e1lny podtlak Pa 2800 Nap\u00e1jacie nap\u00e4tie V 230 Spotreba energie W 150 Rozmery l\/L\/h (mm) 450 x 340 x 530 Hmotnos\u0165 Kg 18 Hladina hluku dB(A) 49 \u010eal\u0161ie mal\u00e9 prachovky od zna\u010dky oberA<\/p>\n","protected":false},"author":4,"featured_media":83749,"parent":48227,"menu_order":0,"comment_status":"closed","ping_status":"closed","template":"","meta":{"_acf_changed":false,"_seopress_robots_primary_cat":"","_seopress_titles_title":"Mal\u00fd priemyseln\u00fd vys\u00e1va\u010d Jumbo pre 1 a\u017e 2 stanice","_seopress_titles_desc":"Tento mal\u00fd vys\u00e1va\u010d je vhodn\u00fd na \u0161irok\u00fa \u0161k\u00e1lu aplik\u00e1ci\u00ed. V\u010faka svojmu saciemu v\u00fdkonu zvl\u00e1dne 1 a\u017e 2 pracovn\u00e9 stanice s\u00fa\u010dasne.","_seopress_robots_index":"","footnotes":""},"class_list":{"0":"post-47034","1":"page","2":"type-page","3":"status-publish","4":"has-post-thumbnail","6":"no-featured-image-padding","7":"resize-featured-image"},"acf":[],"_links":{"self":[{"href":"https:\/\/obera.fr\/sk\/wp-json\/wp\/v2\/pages\/47034","targetHints":{"allow":["GET"]}}],"collection":[{"href":"https:\/\/obera.fr\/sk\/wp-json\/wp\/v2\/pages"}],"about":[{"href":"https:\/\/obera.fr\/sk\/wp-json\/wp\/v2\/types\/page"}],"author":[{"embeddable":true,"href":"https:\/\/obera.fr\/sk\/wp-json\/wp\/v2\/users\/4"}],"replies":[{"embeddable":true,"href":"https:\/\/obera.fr\/sk\/wp-json\/wp\/v2\/comments?post=47034"}],"version-history":[{"count":7,"href":"https:\/\/obera.fr\/sk\/wp-json\/wp\/v2\/pages\/47034\/revisions"}],"predecessor-version":[{"id":117495,"href":"https:\/\/obera.fr\/sk\/wp-json\/wp\/v2\/pages\/47034\/revisions\/117495"}],"up":[{"embeddable":true,"href":"https:\/\/obera.fr\/sk\/wp-json\/wp\/v2\/pages\/48227"}],"wp:featuredmedia":[{"embeddable":true,"href":"https:\/\/obera.fr\/sk\/wp-json\/wp\/v2\/media\/83749"}],"wp:attachment":[{"href":"https:\/\/obera.fr\/sk\/wp-json\/wp\/v2\/media?parent=47034"}],"curies":[{"name":"wp","href":"https:\/\/api.w.org\/{rel}","templated":true}]}}