{"id":47091,"date":"2020-11-11T20:40:03","date_gmt":"2020-11-11T18:40:03","guid":{"rendered":"https:\/\/obera.fr\/tk-serie\/"},"modified":"2025-06-27T15:50:46","modified_gmt":"2025-06-27T13:50:46","slug":"tk-serie","status":"publish","type":"page","link":"https:\/\/obera.fr\/sk\/produits\/depoussiereurs-industriels\/petits\/tk-serie\/","title":{"rendered":"TK-Serie"},"content":{"rendered":"\n<p><a href=\"https:\/\/obera.fr\/sk\/produits\/depoussiereurs-industriels\/male-priemyselne-odlucovace-prachu\/\" data-type=\"page\" data-id=\"393\">Mal\u00e9 zbera\u010de prachu<\/a> na priame ods\u00e1vanie na obr\u00e1bac\u00edch centr\u00e1ch<\/p>\n\n<div class=\"wp-block-columns is-layout-flex wp-container-core-columns-is-layout-28f84493 wp-block-columns-is-layout-flex\">\n<div class=\"wp-block-column is-layout-flow wp-block-column-is-layout-flow\" style=\"flex-basis:33.33%\">\n<figure class=\"wp-block-image aligncenter size-full\"><img decoding=\"async\" width=\"600\" height=\"600\" src=\"https:\/\/obera.fr\/wp-content\/uploads\/2020\/11\/tk-series.jpg\" alt=\"S&#xE9;ria TK\" class=\"wp-image-1607\" srcset=\"https:\/\/obera.fr\/wp-content\/uploads\/2020\/11\/tk-series.jpg 600w, https:\/\/obera.fr\/wp-content\/uploads\/2020\/11\/tk-series-300x300.jpg 300w, https:\/\/obera.fr\/wp-content\/uploads\/2020\/11\/tk-series-150x150.jpg 150w\" sizes=\"(max-width: 600px) 100vw, 600px\" \/><\/figure>\n<\/div>\n\n\n\n<div class=\"wp-block-column is-layout-flow wp-block-column-is-layout-flow\" style=\"flex-basis:66.66%\">\n<p><strong>Mal\u00e9 ods\u00e1va\u010de prachu<\/strong> s\u00e9rie TK s\u00fa ur\u010den\u00e9 na ob\u010dasn\u00e9 pou\u017eitie na jednobodov\u00e9 ods\u00e1vanie v mechanick\u00fdch diel\u0148ach a kovospracuj\u00facich podnikoch. Pra\u0161n\u00fd vzduch sa \u010dist\u00ed pomocou \u010distite\u013en\u00e9ho textiln\u00e9ho filtra, ktor\u00fd umo\u017e\u0148uje vr\u00e1tenie vzduchu do pracovn\u00e9ho priestoru. V\u010faka mal\u00fdm rozmerom sa daj\u00fa ods\u00e1va\u010de prachu r\u00fdchlo a jednoducho namontova\u0165 pod stoly alebo na police.  <\/p>\n\n\n\n<p>Na posilnenie tejto in\u0161tal\u00e1cie mo\u017eno zv\u00e1\u017ei\u0165 integr\u00e1ciu <a href=\"https:\/\/obera.fr\/sk\/produits\/bras-dispositifs-captation\/capot-industriel\/\">priemyselnej kapoty<\/a>. T\u00e1to kapota, <strong>\u0161peci\u00e1lne navrhnut\u00e1 pre priemyseln\u00e9 pou\u017eitie<\/strong>, zvy\u0161uje \u00fa\u010dinnos\u0165 zachyt\u00e1vania prachu t\u00fdm, \u017ee koncentruje pr\u00fad nas\u00e1van\u00e9ho vzduchu a chr\u00e1ni bezprostredn\u00e9 okolie. <\/p>\n\n\n\n<p>Pri v\u00fdbere vys\u00e1va\u010da prachu je ve\u013emi d\u00f4le\u017eit\u00e9 polo\u017ei\u0165 si ot\u00e1zku:<a href=\"https:\/\/obera.fr\/sk\/nasa-rada\/quel-depoussiereur-choisir-selon-type-poussiere\/\">&#8222;Ktor\u00fd vys\u00e1va\u010d prachu si m\u00e1m vybra\u0165?<\/a> Na zodpovedanie tejto ot\u00e1zky je potrebn\u00e9 zoh\u013eadni\u0165 nieko\u013eko faktorov, ako napr\u00edklad objem vznikaj\u00faceho prachu, typ \u010dast\u00edc a \u0161pecifick\u00e9 podmienky dielne. <strong>Vhodn\u00fd priemyseln\u00fd zbera\u010d prachu <\/strong>mus\u00ed by\u0165 schopn\u00fd \u00fa\u010dinne sa vysporiada\u0165 s typmi vyskytuj\u00faceho sa prachu a z\u00e1rove\u0148 mus\u00ed by\u0165 spr\u00e1vne dimenzovan\u00fd vzh\u013eadom na dostupn\u00fd priestor.  <\/p>\n\n\n\n<p>\u010eal\u0161\u00edm k\u013e\u00fa\u010dov\u00fdm aspektom je bezpe\u010dnos\u0165, najm\u00e4 <a href=\"https:\/\/obera.fr\/sk\/nasa-rada\/procede-depoussierage-risque-explosion-incendie\/\">riziko v\u00fdbuchu<\/a>. V prostred\u00ed, kde sa vyskytuje kovov\u00fd prach alebo in\u00e9 hor\u013eav\u00e9 \u010dastice, <strong>mus\u00ed by\u0165 vys\u00e1va\u010d vybaven\u00fd syst\u00e9mami na prevenciu<\/strong> a ochranu proti v\u00fdbuchu. To zah\u0155\u0148a prvky, ako s\u00fa sp\u00e4tn\u00e9 ventily, syst\u00e9my na potla\u010denie v\u00fdbuchu a kon\u0161trukcie, ktor\u00e9 minimalizuj\u00fa riziko iskrenia.  <\/p>\n\n\n\n<p>Na zaru\u010denie bezpe\u010dn\u00e9ho a \u010dist\u00e9ho pracovn\u00e9ho prostredia je nevyhnutn\u00e9 vybra\u0165 spr\u00e1vny <a href=\"https:\/\/obera.fr\/sk\/produits\/depoussiereurs-industriels\/\">priemyseln\u00fd vys\u00e1va\u010d<\/a>, v pr\u00edpade potreby doplni\u0165 syst\u00e9m priemyseln\u00fdm krytom a zabezpe\u010di\u0165, aby bolo cel\u00e9 zariadenie <strong>prisp\u00f4soben\u00e9 na minimaliz\u00e1ciu riz\u00edk,<\/strong> najm\u00e4 <strong>rizika<\/strong> v\u00fdbuchu, a z\u00e1rove\u0148 maximalizova\u0165 \u00fa\u010dinnos\u0165 zachyt\u00e1vania prachu.<\/p>\n\n\n\n<div class=\"wp-block-columns is-layout-flex wp-container-core-columns-is-layout-28f84493 wp-block-columns-is-layout-flex\">\n<div class=\"wp-block-column is-layout-flow wp-block-column-is-layout-flow\" style=\"flex-basis:33.34%\">\n<div class=\"wp-block-buttons is-content-justification-center is-layout-flex wp-container-core-buttons-is-layout-a89b3969 wp-block-buttons-is-layout-flex\">\n<div class=\"wp-block-button\"><a class=\"wp-block-button__link wp-element-button\" href=\"https:\/\/obera.fr\/wp-content\/uploads\/2025\/05\/brochure-tk-fr.pdf\">Stiahnite si bro\u017e\u00faru<\/a><\/div>\n<\/div>\n<\/div>\n\n\n\n<div class=\"wp-block-column is-layout-flow wp-block-column-is-layout-flow\" style=\"flex-basis:33.34%\">\n<div class=\"wp-block-buttons is-horizontal is-content-justification-center is-layout-flex wp-container-core-buttons-is-layout-03627597 wp-block-buttons-is-layout-flex\">\n<div class=\"wp-block-button has-custom-width wp-block-button__width-100\"><a class=\"wp-block-button__link wp-element-button\" href=\"https:\/\/obera.fr\/sk\/kontaktujte-nas\/\">Ve\u010d o tem<\/a><\/div>\n<\/div>\n<\/div>\n\n\n\n<div class=\"wp-block-column is-layout-flow wp-block-column-is-layout-flow\" style=\"flex-basis:33.33%\">\n<div class=\"wp-block-buttons is-content-justification-center is-layout-flex wp-container-core-buttons-is-layout-a89b3969 wp-block-buttons-is-layout-flex\">\n<div class=\"wp-block-button btn-devis-source\"><a class=\"wp-block-button__link wp-element-button\" href=\"https:\/\/obera.fr\/sk\/devis\/\">Po\u017eiada\u0165 o cenov\u00fa ponuku<\/a><\/div>\n<\/div>\n\n\n<script>\r\ndocument.addEventListener('DOMContentLoaded', function() {\r\n    \/\/ 1. On cherche le titre H1 de la page\r\n    var h1 = document.querySelector('h1');\r\n    var productTitle = h1 ? h1.innerText.trim() : \"\";\r\n\r\n    \/\/ 2. On cherche les boutons via la classe CSS .btn-devis-source\r\n    var buttons = document.querySelectorAll('.btn-devis-source a');\r\n\r\n    \/\/ 3. Si on a le titre et les boutons, on ajoute le param\u00e8tre\r\n    if (buttons.length > 0 && productTitle !== \"\") {\r\n        var encodedTitle = encodeURIComponent(productTitle);\r\n\r\n        buttons.forEach(function(btn) {\r\n            var currentHref = btn.getAttribute('href');\r\n            \r\n            \/\/ S\u00e9curit\u00e9 pour ne pas ajouter le param\u00e8tre 2 fois\r\n            if (currentHref.indexOf('sujet=') === -1) {\r\n                var separator = currentHref.indexOf('?') !== -1 ? '&' : '?';\r\n                var newLink = currentHref + separator + 'sujet=' + encodedTitle;\r\n                \r\n                btn.setAttribute('href', newLink);\r\n            }\r\n        });\r\n    }\r\n});\r\n<\/script><\/div>\n<\/div>\n<\/div>\n<\/div>\n\n<figure class=\"wp-block-gallery has-nested-images columns-default wp-block-gallery-1 is-layout-flex wp-block-gallery-is-layout-flex\">\n<figure class=\"wp-block-image size-large\"><img decoding=\"async\" width=\"1024\" height=\"576\" data-id=\"1791\" src=\"https:\/\/obera.fr\/wp-content\/uploads\/2020\/11\/TK-Filtration-1024x576.jpg\" alt=\"Tk Filtr&#xE1;cia\" class=\"wp-image-1791\" srcset=\"https:\/\/obera.fr\/wp-content\/uploads\/2020\/11\/TK-Filtration-1024x576.jpg 1024w, https:\/\/obera.fr\/wp-content\/uploads\/2020\/11\/TK-Filtration-300x169.jpg 300w, https:\/\/obera.fr\/wp-content\/uploads\/2020\/11\/TK-Filtration-768x432.jpg 768w, https:\/\/obera.fr\/wp-content\/uploads\/2020\/11\/TK-Filtration.jpg 1200w\" sizes=\"(max-width: 1024px) 100vw, 1024px\" \/><figcaption class=\"wp-element-caption\">Filtr\u00e1cia<\/figcaption><\/figure>\n\n\n\n<figure class=\"wp-block-image size-large\"><img decoding=\"async\" width=\"1024\" height=\"576\" data-id=\"1792\" src=\"https:\/\/obera.fr\/wp-content\/uploads\/2020\/11\/TK-tiroir-des-dechets-1024x576.jpg\" alt=\"Tk Tiroir Des Dechets\" class=\"wp-image-1792\" srcset=\"https:\/\/obera.fr\/wp-content\/uploads\/2020\/11\/TK-tiroir-des-dechets-1024x576.jpg 1024w, https:\/\/obera.fr\/wp-content\/uploads\/2020\/11\/TK-tiroir-des-dechets-300x169.jpg 300w, https:\/\/obera.fr\/wp-content\/uploads\/2020\/11\/TK-tiroir-des-dechets-768x432.jpg 768w, https:\/\/obera.fr\/wp-content\/uploads\/2020\/11\/TK-tiroir-des-dechets.jpg 1200w\" sizes=\"(max-width: 1024px) 100vw, 1024px\" \/><figcaption class=\"wp-element-caption\">Z\u00e1suvka na odpad<\/figcaption><\/figure>\n<\/figure>\n\n<div class=\"wp-block-columns is-layout-flex wp-container-core-columns-is-layout-28f84493 wp-block-columns-is-layout-flex\">\n<div class=\"wp-block-column is-layout-flow wp-block-column-is-layout-flow\">\n<h2 class=\"wp-block-heading has-text-align-center\">V\u00fdhody<\/h2>\n\n\n\n<ul class=\"wp-block-list\">\n<li>Mal\u00e1 plocha v\u010faka kompaktn\u00e9mu dizajnu<\/li>\n\n\n\n<li>Jednoduch\u00e9 pou\u017e\u00edvanie<\/li>\n\n\n\n<li>N\u00edzke prev\u00e1dzkov\u00e9 n\u00e1klady v\u010faka \u010distite\u013en\u00e9mu vreckov\u00e9mu filtru<\/li>\n\n\n\n<li>N\u00edzka \u00fadr\u017eba<\/li>\n\n\n\n<li>\u010cistite\u013en\u00fd vreckov\u00fd filter s dlhou \u017eivotnos\u0165ou<\/li>\n\n\n\n<li>Robustn\u00e1 z\u00e1suvka na zachyt\u00e1vanie prachu<\/li>\n<\/ul>\n<\/div>\n\n\n\n<div class=\"wp-block-column is-layout-flow wp-block-column-is-layout-flow\">\n<h2 class=\"wp-block-heading has-text-align-center\">\u0160peci\u00e1lne funkcie<\/h2>\n\n\n\n<ul class=\"wp-block-list\">\n<li>Ru\u010dn\u00e9 \u010distenie vreckov\u00e9ho filtra<\/li>\n\n\n\n<li>Stacion\u00e1rna in\u0161tal\u00e1cia<\/li>\n<\/ul>\n<\/div>\n\n\n\n<div class=\"wp-block-column is-layout-flow wp-block-column-is-layout-flow\">\n<h2 class=\"wp-block-heading has-text-align-center\">Funkcie<\/h2>\n\n\n\n<ul class=\"wp-block-list\">\n<li>Na priame ods\u00e1vanie na br\u00fasiacich, fr\u00e9zovac\u00edch a odihlovac\u00edch strojoch<\/li>\n\n\n\n<li>Na ob\u010dasn\u00e9 pou\u017eitie s mal\u00fdm mno\u017estvom prachu<\/li>\n<\/ul>\n<\/div>\n<\/div>\n\n<h2 class=\"wp-block-heading\">Aplik\u00e1cie<\/h2>\n\n<div class=\"wp-block-columns is-layout-flex wp-container-core-columns-is-layout-28f84493 wp-block-columns-is-layout-flex\">\n<div class=\"wp-block-column is-layout-flow wp-block-column-is-layout-flow\">\n<h3 class=\"wp-block-heading has-text-align-center\">Zne\u010dis\u0165uj\u00face l\u00e1tky<\/h3>\n\n\n\n<hr class=\"wp-block-separator has-css-opacity is-style-wide\"\/>\n\n\n\n<div class=\"wp-block-columns is-layout-flex wp-container-core-columns-is-layout-28f84493 wp-block-columns-is-layout-flex\">\n<div class=\"wp-block-column is-layout-flow wp-block-column-is-layout-flow\">\n<figure class=\"wp-block-image aligncenter size-large\"><img decoding=\"async\" width=\"70\" height=\"70\" src=\"https:\/\/obera.fr\/wp-content\/uploads\/2020\/08\/polluants-poussieres.jpg\" alt=\"Zne&#x10D;is&#x165;uj&#xFA;ce l&#xE1;tky Prach\" class=\"wp-image-675\"\/><figcaption class=\"wp-element-caption\">Prach<\/figcaption><\/figure>\n\n\n\n<figure class=\"wp-block-image aligncenter size-large\"><img decoding=\"async\" width=\"70\" height=\"70\" src=\"https:\/\/obera.fr\/wp-content\/uploads\/2020\/08\/polluants-copeaux-bois.jpg\" alt=\"Zne&#x10D;is&#x165;uj&#xFA;ce l&#xE1;tky Drevn&#xE1; &#x161;tiepka\" class=\"wp-image-674\"\/><figcaption class=\"wp-element-caption\">Chipsy<\/figcaption><\/figure>\n<\/div>\n\n\n\n<div class=\"wp-block-column is-layout-flow wp-block-column-is-layout-flow\">\n<figure class=\"wp-block-image aligncenter size-large\"><img decoding=\"async\" width=\"70\" height=\"70\" src=\"https:\/\/obera.fr\/wp-content\/uploads\/2020\/08\/industrie-fumees.jpg\" alt=\"Priemyseln&#xFD; dym\" class=\"wp-image-722\"\/><figcaption class=\"wp-element-caption\">V\u00fdpary<\/figcaption><\/figure>\n<\/div>\n<\/div>\n\n\n\n<p><\/p>\n<\/div>\n\n\n\n<div class=\"wp-block-column is-layout-flow wp-block-column-is-layout-flow\">\n<h3 class=\"wp-block-heading has-text-align-center\">Odvetvia<\/h3>\n\n\n\n<hr class=\"wp-block-separator has-css-opacity is-style-wide\"\/>\n\n\n\n<div class=\"wp-block-columns is-layout-flex wp-container-core-columns-is-layout-28f84493 wp-block-columns-is-layout-flex\">\n<div class=\"wp-block-column is-layout-flow wp-block-column-is-layout-flow\">\n<figure class=\"wp-block-image aligncenter size-large\"><img decoding=\"async\" width=\"70\" height=\"70\" src=\"https:\/\/obera.fr\/wp-content\/uploads\/2020\/08\/industrie-metallurgie.jpg\" alt=\"Hutn&#xED;cky priemysel\" class=\"wp-image-673\"\/><figcaption class=\"wp-element-caption\">Hutn\u00edctvo<\/figcaption><\/figure>\n<\/div>\n\n\n\n<div class=\"wp-block-column is-layout-flow wp-block-column-is-layout-flow\">\n<figure class=\"wp-block-image aligncenter size-large\"><img decoding=\"async\" width=\"70\" height=\"70\" src=\"https:\/\/obera.fr\/wp-content\/uploads\/2020\/08\/industrie-plastique.jpg\" alt=\"Plastik&#xE1;rsky priemysel\" class=\"wp-image-669\"\/><figcaption class=\"wp-element-caption\">Plasty<\/figcaption><\/figure>\n<\/div>\n<\/div>\n<\/div>\n<\/div>\n\n<div class=\"wp-block-buttons is-horizontal is-content-justification-center is-layout-flex wp-container-core-buttons-is-layout-03627597 wp-block-buttons-is-layout-flex\">\n<div class=\"wp-block-button has-custom-width wp-block-button__width-100\"><a class=\"wp-block-button__link wp-element-button\" href=\"https:\/\/obera.fr\/sk\/kontaktujte-nas\/\">Ve\u010d o tem<\/a><\/div>\n<\/div>\n\n<h2 class=\"wp-block-heading\">Technick\u00e9 \u0161pecifik\u00e1cie<\/h2>\n\n<table id=\"tablepress-154\" class=\"tablepress tablepress-id-154\">\n<thead>\n<tr class=\"row-1\">\n\t<th class=\"column-1\">Appareil<\/th><td class=\"column-2\"><\/td><th class=\"column-3\">4<\/th><th class=\"column-4\">6<\/th>\n<\/tr>\n<\/thead>\n<tbody class=\"row-striping row-hover\">\n<tr class=\"row-2\">\n\t<td class=\"column-1\">D\u00e9bit<\/td><td class=\"column-2\">m3\/h<\/td><td class=\"column-3\">300<\/td><td class=\"column-4\">450<\/td>\n<\/tr>\n<tr class=\"row-3\">\n\t<td class=\"column-1\">Diam\u00e8tre d'entr\u00e9e<\/td><td class=\"column-2\">mm<\/td><td class=\"column-3\">60<\/td><td class=\"column-4\">80<\/td>\n<\/tr>\n<tr class=\"row-4\">\n\t<td class=\"column-1\">pression n\u00e9gative max<\/td><td class=\"column-2\">Pa<\/td><td class=\"column-3\">1400<\/td><td class=\"column-4\">1400<\/td>\n<\/tr>\n<tr class=\"row-5\">\n\t<td class=\"column-1\">Tension d'alimentation<\/td><td class=\"column-2\">V<\/td><td class=\"column-3\">400<\/td><td class=\"column-4\">400<\/td>\n<\/tr>\n<tr class=\"row-6\">\n\t<td class=\"column-1\">Puissance<\/td><td class=\"column-2\">kW<\/td><td class=\"column-3\">0.55<\/td><td class=\"column-4\">0.55<\/td>\n<\/tr>\n<tr class=\"row-7\">\n\t<td class=\"column-1\">Dimensions<\/td><td class=\"column-2\">l\/L\/h (mm)<\/td><td class=\"column-3\">400 x 400 x 590<\/td><td class=\"column-4\">400 x 400 x 590<\/td>\n<\/tr>\n<tr class=\"row-8\">\n\t<td class=\"column-1\">Poids<\/td><td class=\"column-2\">kg<\/td><td class=\"column-3\">40<\/td><td class=\"column-4\">40<\/td>\n<\/tr>\n<tr class=\"row-9\">\n\t<td class=\"column-1\">Niveau de Bruyance<\/td><td class=\"column-2\">dB(A)<\/td><td class=\"column-3\">68<\/td><td class=\"column-4\">68<\/td>\n<\/tr>\n<\/tbody>\n<\/table>\n\n\n<hr class=\"wp-block-separator has-css-opacity is-style-dots\"\/>\n\n<h2 class=\"wp-block-heading\">\u010eal\u0161ie mal\u00e9 prachovky od zna\u010dky oberA<\/h2>\n\n<div class=\"wp-block-columns is-layout-flex wp-container-core-columns-is-layout-28f84493 wp-block-columns-is-layout-flex\">\n<div class=\"wp-block-column is-layout-flow wp-block-column-is-layout-flow\">\n<figure class=\"wp-block-image aligncenter size-medium\"><a href=\"https:\/\/obera.fr\/produits\/depoussiereurs-industriels\/petits\/jumbo\/\"><img decoding=\"async\" width=\"300\" height=\"300\" src=\"https:\/\/obera.fr\/wp-content\/uploads\/2020\/10\/jumbo-300x300.png\" alt=\"Jumbo\" class=\"wp-image-1171\" srcset=\"https:\/\/obera.fr\/wp-content\/uploads\/2020\/10\/jumbo-300x300.png 300w, https:\/\/obera.fr\/wp-content\/uploads\/2020\/10\/jumbo-150x150.png 150w, https:\/\/obera.fr\/wp-content\/uploads\/2020\/10\/jumbo.png 500w\" sizes=\"(max-width: 300px) 100vw, 300px\" \/><\/a><figcaption class=\"wp-element-caption\">Jumbo<\/figcaption><\/figure>\n<\/div>\n\n\n\n<div class=\"wp-block-column is-layout-flow wp-block-column-is-layout-flow\">\n<figure class=\"wp-block-image aligncenter size-full is-resized\"><a href=\"https:\/\/obera.fr\/produits\/depoussiereurs-industriels\/petits\/srf-t\/\"><img decoding=\"async\" width=\"600\" height=\"600\" src=\"https:\/\/obera.fr\/wp-content\/uploads\/2020\/10\/SRF-T-SF.png\" alt=\"Dym - Odlu&#x10D;ova&#x10D; prachu\" class=\"wp-image-1310\" style=\"width:300px;height:300px\" srcset=\"https:\/\/obera.fr\/wp-content\/uploads\/2020\/10\/SRF-T-SF.png 600w, https:\/\/obera.fr\/wp-content\/uploads\/2020\/10\/SRF-T-SF-300x300.png 300w, https:\/\/obera.fr\/wp-content\/uploads\/2020\/10\/SRF-T-SF-150x150.png 150w\" sizes=\"(max-width: 600px) 100vw, 600px\" \/><\/a><figcaption class=\"wp-element-caption\">SRF-T<\/figcaption><\/figure>\n<\/div>\n\n\n\n<div class=\"wp-block-column is-layout-flow wp-block-column-is-layout-flow\">\n<figure class=\"wp-block-image aligncenter size-medium\"><a href=\"https:\/\/obera.fr\/produits\/depoussiereurs-industriels\/petits\/aspiration-fumees-soudage-laser-epur-b-ex\/\"><img decoding=\"async\" width=\"300\" height=\"300\" src=\"https:\/\/obera.fr\/wp-content\/uploads\/2023\/10\/epurb-ex-1000-3000-5000-300x300.png\" alt=\"oberA epur b ex 1000 3000 5000\" class=\"wp-image-25016\" srcset=\"https:\/\/obera.fr\/wp-content\/uploads\/2023\/10\/epurb-ex-1000-3000-5000-300x300.png 300w, https:\/\/obera.fr\/wp-content\/uploads\/2023\/10\/epurb-ex-1000-3000-5000-150x150.png 150w, https:\/\/obera.fr\/wp-content\/uploads\/2023\/10\/epurb-ex-1000-3000-5000.png 600w\" sizes=\"(max-width: 300px) 100vw, 300px\" \/><\/a><figcaption class=\"wp-element-caption\">EPUR B EX 1000<\/figcaption><\/figure>\n<\/div>\n<\/div>\n\n<p><\/p>\n","protected":false},"excerpt":{"rendered":"<p>Mal\u00e9 zbera\u010de prachu na priame ods\u00e1vanie na obr\u00e1bac\u00edch centr\u00e1ch Mal\u00e9 ods\u00e1va\u010de prachu s\u00e9rie TK s\u00fa ur\u010den\u00e9 na ob\u010dasn\u00e9 pou\u017eitie na jednobodov\u00e9 ods\u00e1vanie v mechanick\u00fdch diel\u0148ach a kovospracuj\u00facich podnikoch. Pra\u0161n\u00fd vzduch sa \u010dist\u00ed pomocou \u010distite\u013en\u00e9ho textiln\u00e9ho filtra, ktor\u00fd umo\u017e\u0148uje vr\u00e1tenie vzduchu do pracovn\u00e9ho priestoru. V\u010faka mal\u00fdm rozmerom sa daj\u00fa ods\u00e1va\u010de prachu r\u00fdchlo a jednoducho namontova\u0165 pod stoly alebo na police. Na posilnenie tejto in\u0161tal\u00e1cie mo\u017eno zv\u00e1\u017ei\u0165 integr\u00e1ciu priemyselnej kapoty. T\u00e1to kapota, \u0161peci\u00e1lne navrhnut\u00e1 pre priemyseln\u00e9 pou\u017eitie, zvy\u0161uje \u00fa\u010dinnos\u0165 zachyt\u00e1vania prachu t\u00fdm, \u017ee koncentruje pr\u00fad nas\u00e1van\u00e9ho vzduchu a chr\u00e1ni bezprostredn\u00e9 okolie. Pri v\u00fdbere vys\u00e1va\u010da prachu je ve\u013emi d\u00f4le\u017eit\u00e9 polo\u017ei\u0165 si ot\u00e1zku:&#8222;Ktor\u00fd vys\u00e1va\u010d &#8230; <\/p>\n<p class=\"read-more-container\"><a title=\"TK-Serie\" class=\"read-more button\" href=\"https:\/\/obera.fr\/sk\/produits\/depoussiereurs-industriels\/petits\/tk-serie\/#more-47091\" aria-label=\"Pre\u010d\u00edtajte si viac o TK-Serie\">Lire la suite<\/a><\/p>\n","protected":false},"author":4,"featured_media":37423,"parent":48227,"menu_order":0,"comment_status":"closed","ping_status":"closed","template":"","meta":{"_acf_changed":false,"_seopress_robots_primary_cat":"","_seopress_titles_title":"S\u00e9ria TK : Mal\u00e9 vys\u00e1va\u010de na priame ods\u00e1vanie","_seopress_titles_desc":"Mal\u00e9 ods\u00e1va\u010de prachu s\u00e9rie TK s\u00fa ur\u010den\u00e9 na jednorazov\u00e9 ods\u00e1vanie v mechanick\u00fdch diel\u0148ach a kovospracuj\u00facich podnikoch.","_seopress_robots_index":"","footnotes":""},"class_list":{"0":"post-47091","1":"page","2":"type-page","3":"status-publish","4":"has-post-thumbnail","6":"no-featured-image-padding","7":"resize-featured-image"},"acf":[],"_links":{"self":[{"href":"https:\/\/obera.fr\/sk\/wp-json\/wp\/v2\/pages\/47091","targetHints":{"allow":["GET"]}}],"collection":[{"href":"https:\/\/obera.fr\/sk\/wp-json\/wp\/v2\/pages"}],"about":[{"href":"https:\/\/obera.fr\/sk\/wp-json\/wp\/v2\/types\/page"}],"author":[{"embeddable":true,"href":"https:\/\/obera.fr\/sk\/wp-json\/wp\/v2\/users\/4"}],"replies":[{"embeddable":true,"href":"https:\/\/obera.fr\/sk\/wp-json\/wp\/v2\/comments?post=47091"}],"version-history":[{"count":8,"href":"https:\/\/obera.fr\/sk\/wp-json\/wp\/v2\/pages\/47091\/revisions"}],"predecessor-version":[{"id":117391,"href":"https:\/\/obera.fr\/sk\/wp-json\/wp\/v2\/pages\/47091\/revisions\/117391"}],"up":[{"embeddable":true,"href":"https:\/\/obera.fr\/sk\/wp-json\/wp\/v2\/pages\/48227"}],"wp:featuredmedia":[{"embeddable":true,"href":"https:\/\/obera.fr\/sk\/wp-json\/wp\/v2\/media\/37423"}],"wp:attachment":[{"href":"https:\/\/obera.fr\/sk\/wp-json\/wp\/v2\/media?parent=47091"}],"curies":[{"name":"wp","href":"https:\/\/api.w.org\/{rel}","templated":true}]}}