{"id":47204,"date":"2021-09-17T09:11:07","date_gmt":"2021-09-17T07:11:07","guid":{"rendered":"https:\/\/obera.fr\/senzor-co2-obcare\/"},"modified":"2025-06-03T15:03:34","modified_gmt":"2025-06-03T13:03:34","slug":"capteur-co2-obcare","status":"publish","type":"page","link":"https:\/\/obera.fr\/sk\/produits\/analyseurs-air\/capteur-co2-obcare\/","title":{"rendered":"Senzor CO2 OBCARE"},"content":{"rendered":"\n<h2 class=\"wp-block-heading\">Meranie kvality ovzdu\u0161ia pomocou semaforov<\/h2>\n\n\n\n<div class=\"wp-block-columns is-layout-flex wp-container-core-columns-is-layout-28f84493 wp-block-columns-is-layout-flex\">\n<div class=\"wp-block-column is-layout-flow wp-block-column-is-layout-flow\" style=\"flex-basis:33.33%\">\n<figure class=\"wp-block-image aligncenter size-full is-resized\"><img decoding=\"async\" width=\"300\" height=\"212\" src=\"https:\/\/obera.fr\/wp-content\/uploads\/2021\/11\/Capteur_CO2_OBCARE.png\" alt=\"Senzor CO2 obcare\" class=\"wp-image-7611\" style=\"width:300px;height:212px\"\/><figcaption class=\"wp-element-caption\">OBCARE<\/figcaption><\/figure>\n<\/div>\n\n\n\n<div class=\"wp-block-column is-vertically-aligned-center is-layout-flow wp-block-column-is-layout-flow\" style=\"flex-basis:66.66%\">\n<p>Senzor CO2 <strong>OBCARE <\/strong>monitoruje kvalitu vzduchu v uzavret\u00fdch priestoroch v re\u00e1lnom \u010dase. Jeho viacfarebn\u00fd displej s v\u00fdstra\u017en\u00fdmi kontrolkami poskytuje okam\u017eit\u00fd preh\u013ead o kvalite vzduchu a zobrazuje <strong>koncentr\u00e1ciu CO2 v ppm<\/strong>. Tieto kontrolky poskytuj\u00fa jasn\u00e9 vizu\u00e1lne sign\u00e1ly a upozor\u0148uj\u00fa pou\u017e\u00edvate\u013eov na opatrenia, ktor\u00e9 musia vykona\u0165: <strong>vy\u010disti\u0165 vzduch <\/strong>in\u0161tal\u00e1ciou mobiln\u00fdch jednotiek na \u010distenie vzduchu a\/alebo <strong>prirodzene vetra\u0165<\/strong>.  <\/p>\n\n\n\n<div class=\"wp-block-columns is-layout-flex wp-container-core-columns-is-layout-28f84493 wp-block-columns-is-layout-flex\">\n<div class=\"wp-block-column is-layout-flow wp-block-column-is-layout-flow\" style=\"flex-basis:33.34%\">\n<div class=\"wp-block-buttons is-content-justification-center is-layout-flex wp-container-core-buttons-is-layout-a89b3969 wp-block-buttons-is-layout-flex\">\n<div class=\"wp-block-button\"><a class=\"wp-block-button__link wp-element-button\" href=\"https:\/\/obera.fr\/wp-content\/uploads\/2025\/06\/en-brochure-obcare.pdf\">Stiahnite si bro\u017e\u00faru<\/a><\/div>\n<\/div>\n<\/div>\n\n\n\n<div class=\"wp-block-column is-layout-flow wp-block-column-is-layout-flow\" style=\"flex-basis:33.34%\">\n<div class=\"wp-block-buttons is-horizontal is-content-justification-center is-layout-flex wp-container-core-buttons-is-layout-03627597 wp-block-buttons-is-layout-flex\">\n<div class=\"wp-block-button\"><a class=\"wp-block-button__link wp-element-button\" href=\"https:\/\/boutique.obera.fr\/52-acheter-capteur-co2-obcare.html\" target=\"_blank\" rel=\"noreferrer noopener\">K\u00fapte si senzor CO2 OBCARE  <\/a><\/div>\n<\/div>\n<\/div>\n\n\n\n<div class=\"wp-block-column is-layout-flow wp-block-column-is-layout-flow\" style=\"flex-basis:33.33%\">\n<div class=\"wp-block-buttons is-content-justification-center is-layout-flex wp-container-core-buttons-is-layout-a89b3969 wp-block-buttons-is-layout-flex\">\n<div class=\"wp-block-button btn-devis-source\"><a class=\"wp-block-button__link wp-element-button\" href=\"https:\/\/obera.fr\/sk\/devis\/\">Po\u017eiada\u0165 o cenov\u00fa ponuku<\/a><\/div>\n<\/div>\n\n\n<script>\r\ndocument.addEventListener('DOMContentLoaded', function() {\r\n    \/\/ 1. On cherche le titre H1 de la page\r\n    var h1 = document.querySelector('h1');\r\n    var productTitle = h1 ? h1.innerText.trim() : \"\";\r\n\r\n    \/\/ 2. On cherche les boutons via la classe CSS .btn-devis-source\r\n    var buttons = document.querySelectorAll('.btn-devis-source a');\r\n\r\n    \/\/ 3. Si on a le titre et les boutons, on ajoute le param\u00e8tre\r\n    if (buttons.length > 0 && productTitle !== \"\") {\r\n        var encodedTitle = encodeURIComponent(productTitle);\r\n\r\n        buttons.forEach(function(btn) {\r\n            var currentHref = btn.getAttribute('href');\r\n            \r\n            \/\/ S\u00e9curit\u00e9 pour ne pas ajouter le param\u00e8tre 2 fois\r\n            if (currentHref.indexOf('sujet=') === -1) {\r\n                var separator = currentHref.indexOf('?') !== -1 ? '&' : '?';\r\n                var newLink = currentHref + separator + 'sujet=' + encodedTitle;\r\n                \r\n                btn.setAttribute('href', newLink);\r\n            }\r\n        });\r\n    }\r\n});\r\n<\/script><\/div>\n<\/div>\n<\/div>\n<\/div>\n\n\n\n<h2 class=\"wp-block-heading\">V\u00fdhody OBCARE<\/h2>\n\n\n\n<div class=\"wp-block-columns is-layout-flex wp-container-core-columns-is-layout-28f84493 wp-block-columns-is-layout-flex\">\n<div class=\"wp-block-column is-layout-flow wp-block-column-is-layout-flow\">\n<h3 class=\"wp-block-heading has-text-align-left\">CO2 caPter<\/h3>\n\n\n\n<p>Senzor CO2 <strong>OBCARE <\/strong>meria kvalitu vzduchu nepretr\u017eite. Inform\u00e1cie zobrazen\u00e9 v ppm sa zobrazuj\u00fa v re\u00e1lnom \u010dase. Zariadenie sa d\u00e1 \u013eahko nastavi\u0165 a premiest\u0148ova\u0165.    <\/p>\n<\/div>\n\n\n\n<div class=\"wp-block-column is-layout-flow wp-block-column-is-layout-flow\">\n<h3 class=\"wp-block-heading has-text-align-left\">PR\u00cdKLADY PRIEMYSELN\u00ddCH ODVETV\u00cd<\/h3>\n\n\n\n<ul class=\"wp-block-list\">\n<li>ERP<\/li>\n\n\n\n<li>Kancel\u00e1rie<\/li>\n\n\n\n<li>\u0160portov\u00e9 haly  <\/li>\n\n\n\n<li>\u010cak\u00e1rne<\/li>\n\n\n\n<li>\u0160koly<\/li>\n\n\n\n<li>Otvoren\u00e9 priestory<\/li>\n\n\n\n<li>Z\u00e1soby<\/li>\n<\/ul>\n<\/div>\n<\/div>\n\n\n\n<h2 class=\"wp-block-heading\">Typy mont\u00e1\u017ee<\/h2>\n\n\n\n<p>Mera\u010d kvality vzduchu mo\u017eno namontova\u0165 na st\u00f4l alebo na stenu. Jeho stojan z nehrdzavej\u00facej ocele<strong>(dostupn\u00fd ako volite\u013en\u00e9 pr\u00edslu\u0161enstvo<\/strong>) umo\u017e\u0148uje optim\u00e1lne umiestnenie v miestnosti. Dobr\u00e9 umiestnenie je nevyhnutn\u00e9 a m\u00e1 vplyv na reprezentat\u00edvnos\u0165 meran\u00ed. Vyhnite sa najm\u00e4 umiestneniu sn\u00edma\u010dov na okn\u00e1 alebo do ich tesnej bl\u00edzkosti.   <\/p>\n\n\n\n<blockquote class=\"wp-block-quote is-layout-flow wp-block-quote-is-layout-flow\">\n<p>Odpor\u00fa\u010dame <strong>in\u0161talova\u0165 jeden sn\u00edma\u010d CO2 na 40 m\u00b2 plochy<\/strong>.<\/p>\n<\/blockquote>\n\n\n\n<div class=\"wp-block-buttons is-horizontal is-content-justification-center is-layout-flex wp-container-core-buttons-is-layout-03627597 wp-block-buttons-is-layout-flex\">\n<div class=\"wp-block-button has-custom-width wp-block-button__width-100\"><a class=\"wp-block-button__link wp-element-button\" href=\"https:\/\/obera.fr\/sk\/kontaktujte-nas\/\">Ve\u010d o tem<\/a><\/div>\n<\/div>\n\n\n\n<h2 class=\"wp-block-heading\">Technick\u00e9 \u0161pecifik\u00e1cie<\/h2>\n\n\n\n<figure class=\"wp-block-table\"><table class=\"has-fixed-layout\"><tbody><tr><td>Senzor CO2<\/td><td>Technol\u00f3gia NDIR (nedisperzn\u00fd infra\u010derven\u00fd senzor) s automatickou kalibr\u00e1ciou<br>Rozsah merania: 0 a\u017e 5000 ppm (+- 60 ppm)<\/td><\/tr><tr><td>Sn\u00edma\u010d vlhkosti a teploty<\/td><td>Volite\u013en\u00e9<\/td><\/tr><tr><td>Zelen\u00fd\/\u017elt\u00fd\/\u010derven\u00fd sveteln\u00fd displej<\/td><td>Zelen\u00e1: &lt; 800 ppm<br>\u017dlt\u00e1: 800 &#8211; 2000 ppm<br>\u010cerven\u00e1 &gt; 2000 ppm<\/td><\/tr><tr><td>Zvukov\u00fd alarm<\/td><td>Mo\u017enos\u0165<br>Alarm sa ozve ka\u017ed\u00fa min\u00fatu, ke\u010f je prekro\u010den\u00e1 prahov\u00e1 hodnota.<\/td><\/tr><tr><td>Nap\u00e1jac\u00ed k\u00e1bel<\/td><td>12V nap\u00e1jac\u00ed zdroj s konektorom E\u00da (d\u013a\u017eka: 1,5 metra)<\/td><\/tr><tr><td>Nap\u00e1janie<\/td><td>12 V &#8211; 34 V AC\/DC<\/td><\/tr><tr><td>Spotreba energie<\/td><td>40 &#8211; 80 mA<\/td><\/tr><tr><td>Meran\u00e9 fyzik\u00e1lne veli\u010diny<\/td><td>CO2 v ppm<\/td><\/tr><tr><td>Box<\/td><td>Pl\u00e1\u0161\u0165 ABS, biely RAL 9010<br>Otvory na mont\u00e1\u017e na stenu<br>Rozmery 87,5 x 87,5 x 30 mm<\/td><\/tr><tr><td>Stojan na mont\u00e1\u017e na st\u00f4l<\/td><td>Volite\u013en\u00fd stojan<br>Podstavec z nehrdzavej\u00facej ocele<\/td><\/tr><tr><td>Trieda ochrany<\/td><td>IP30<\/td><\/tr><\/tbody><\/table><\/figure>\n\n\n\n<div style=\"height:25px\" aria-hidden=\"true\" class=\"wp-block-spacer\"><\/div>\n\n\n\n<h2 class=\"wp-block-heading\">Ostatn\u00e9 analyz\u00e1tory vzduchu OberA<\/h2>\n\n\n\n<div class=\"wp-block-columns is-layout-flex wp-container-core-columns-is-layout-28f84493 wp-block-columns-is-layout-flex\">\n<div class=\"wp-block-column is-layout-flow wp-block-column-is-layout-flow\">\n<figure class=\"wp-block-image aligncenter size-thumbnail is-resized\"><a href=\"https:\/\/obera.fr\/produits\/analyseurs-air\/compteur-particules\/\"><img decoding=\"async\" width=\"150\" height=\"150\" src=\"https:\/\/obera.fr\/wp-content\/uploads\/2020\/08\/compteur-de-particules-150x150.png\" alt=\"Po\u010d\u00edtadlo \u010dast\u00edc Trotec PC220 - Po\u010d\u00edtadlo \u010dast\u00edc\" class=\"wp-image-714\" style=\"width:150px;height:150px\" srcset=\"https:\/\/obera.fr\/wp-content\/uploads\/2020\/08\/compteur-de-particules-150x150.png 150w, https:\/\/obera.fr\/wp-content\/uploads\/2020\/08\/compteur-de-particules-300x300.png 300w, https:\/\/obera.fr\/wp-content\/uploads\/2020\/08\/compteur-de-particules.png 433w\" sizes=\"(max-width: 150px) 100vw, 150px\" \/><\/a><figcaption class=\"wp-element-caption\">Mera\u010d pevn\u00fdch \u010dast\u00edc<\/figcaption><\/figure>\n<\/div>\n<\/div>\n","protected":false},"excerpt":{"rendered":"<p>Meranie kvality ovzdu\u0161ia pomocou semaforov Senzor CO2 OBCARE monitoruje kvalitu vzduchu v uzavret\u00fdch priestoroch v re\u00e1lnom \u010dase. Jeho viacfarebn\u00fd displej s v\u00fdstra\u017en\u00fdmi kontrolkami poskytuje okam\u017eit\u00fd preh\u013ead o kvalite vzduchu a zobrazuje koncentr\u00e1ciu CO2 v ppm. Tieto kontrolky poskytuj\u00fa jasn\u00e9 vizu\u00e1lne sign\u00e1ly a upozor\u0148uj\u00fa pou\u017e\u00edvate\u013eov na opatrenia, ktor\u00e9 musia vykona\u0165: vy\u010disti\u0165 vzduch in\u0161tal\u00e1ciou mobiln\u00fdch jednotiek na \u010distenie vzduchu a\/alebo prirodzene vetra\u0165. V\u00fdhody OBCARE CO2 caPter Senzor CO2 OBCARE meria kvalitu vzduchu nepretr\u017eite. Inform\u00e1cie zobrazen\u00e9 v ppm sa zobrazuj\u00fa v re\u00e1lnom \u010dase. Zariadenie sa d\u00e1 \u013eahko nastavi\u0165 a premiest\u0148ova\u0165. PR\u00cdKLADY PRIEMYSELN\u00ddCH ODVETV\u00cd Typy mont\u00e1\u017ee Mera\u010d kvality vzduchu mo\u017eno namontova\u0165 na st\u00f4l alebo &#8230; <\/p>\n<p class=\"read-more-container\"><a title=\"Senzor CO2 OBCARE\" class=\"read-more button\" href=\"https:\/\/obera.fr\/sk\/produits\/analyseurs-air\/capteur-co2-obcare\/#more-47204\" aria-label=\"Pre\u010d\u00edtajte si viac o Senzor CO2 OBCARE\">Lire la suite<\/a><\/p>\n","protected":false},"author":4,"featured_media":83749,"parent":48354,"menu_order":0,"comment_status":"closed","ping_status":"closed","template":"","meta":{"_acf_changed":false,"_seopress_robots_primary_cat":"","_seopress_titles_title":"Senzor CO2 OBCARE na meranie kvality vzduchu","_seopress_titles_desc":"Objavte n\u00e1\u0161 senzor CO2, ktor\u00fd je ide\u00e1lny na doplnenie o\u0161etrenia covid-19. Ukazuje \u00farove\u0148 CO2 v ppm a poskytuje \u017eiv\u00e9 inform\u00e1cie o kvalite vzduchu.","_seopress_robots_index":"","footnotes":""},"class_list":{"0":"post-47204","1":"page","2":"type-page","3":"status-publish","4":"has-post-thumbnail","6":"no-featured-image-padding","7":"resize-featured-image"},"acf":[],"_links":{"self":[{"href":"https:\/\/obera.fr\/sk\/wp-json\/wp\/v2\/pages\/47204","targetHints":{"allow":["GET"]}}],"collection":[{"href":"https:\/\/obera.fr\/sk\/wp-json\/wp\/v2\/pages"}],"about":[{"href":"https:\/\/obera.fr\/sk\/wp-json\/wp\/v2\/types\/page"}],"author":[{"embeddable":true,"href":"https:\/\/obera.fr\/sk\/wp-json\/wp\/v2\/users\/4"}],"replies":[{"embeddable":true,"href":"https:\/\/obera.fr\/sk\/wp-json\/wp\/v2\/comments?post=47204"}],"version-history":[{"count":5,"href":"https:\/\/obera.fr\/sk\/wp-json\/wp\/v2\/pages\/47204\/revisions"}],"predecessor-version":[{"id":108427,"href":"https:\/\/obera.fr\/sk\/wp-json\/wp\/v2\/pages\/47204\/revisions\/108427"}],"up":[{"embeddable":true,"href":"https:\/\/obera.fr\/sk\/wp-json\/wp\/v2\/pages\/48354"}],"wp:featuredmedia":[{"embeddable":true,"href":"https:\/\/obera.fr\/sk\/wp-json\/wp\/v2\/media\/83749"}],"wp:attachment":[{"href":"https:\/\/obera.fr\/sk\/wp-json\/wp\/v2\/media?parent=47204"}],"curies":[{"name":"wp","href":"https:\/\/api.w.org\/{rel}","templated":true}]}}