{"id":48227,"date":"2020-08-26T12:35:06","date_gmt":"2020-08-26T10:35:06","guid":{"rendered":"https:\/\/obera.fr\/nase-produkty\/priemyselne-zberace-prachu\/male-priemyselne-odlucovace-prachu\/"},"modified":"2025-08-29T09:24:02","modified_gmt":"2025-08-29T07:24:02","slug":"petits","status":"publish","type":"page","link":"https:\/\/obera.fr\/sk\/produits\/depoussiereurs-industriels\/petits\/","title":{"rendered":"Mal\u00e9 priemyseln\u00e9 odlu\u010dova\u010de prachu"},"content":{"rendered":"\n\n<h2 class=\"wp-block-heading\">\u010co je to mal\u00fd priemyseln\u00fd vys\u00e1va\u010d?<\/h2>\n\n<p>Mal\u00fd odlu\u010dova\u010d prachu je vo v\u0161eobecnosti <strong>mal\u00e1 jednotka na \u00fapravu vzduchu s kapacitou ods\u00e1vania od 80 m3\/h do 500 m3\/h<\/strong>. Tieto odlu\u010dova\u010de prachu s\u00fa vo v\u0161eobecnosti tich\u00e9, mobiln\u00e9 a \u013eahko prenosn\u00e9 a spravidla s\u00fa schopn\u00e9 ods\u00e1va\u0165 jeden v\u00fdrobn\u00fd stroj. Tieto kompaktn\u00e9 odlu\u010dova\u010de prachu s\u00fa vybaven\u00e9 nas\u00fdten\u00fdm filtra\u010dn\u00fdm materi\u00e1lom (v pr\u00edpade zariadenia ePUR ex 1000\/3000) alebo ru\u010dne odn\u00edmate\u013en\u00fdm filtrom.  <\/p>\n\n<p>Mal\u00e9 odlu\u010dova\u010de prachu sa pou\u017e\u00edvaj\u00fa na zber vzduchu s n\u00edzkym a\u017e stredn\u00fdm obsahom prachu. Tieto lapa\u010de prachu <strong>zachyt\u00e1vaj\u00fa prach a v\u00fdpary<\/strong> z laserov\u00fdch grav\u00edrovac\u00edch strojov, zv\u00e1rac\u00edch stan\u00edc a mal\u00fdch v\u00e1h. Odlu\u010dova\u010de prachu vybaven\u00e9 regenera\u010dn\u00fdmi filtrami s\u00fa vhodn\u00e9 na jemn\u00fd, such\u00fd prach a maj\u00fa z\u00e1sobn\u00edk na zachyt\u00e1vanie prachu, ktor\u00fd m\u00f4\u017ee by\u0165 vybaven\u00fd vreckom. Toto vrecko umo\u017e\u0148uje zachyten\u00fd prach jednoducho a \u010disto vypr\u00e1zdni\u0165.     <\/p>\n\n<p><a href=\"https:\/\/obera.fr\/sk\/produits\/depoussiereurs-industriels\/\" data-type=\"page\" data-id=\"31\">Odpra\u0161ova\u010de<\/a> vybaven\u00e9 nasycovac\u00edmi filtrami (model <a href=\"https:\/\/obera.fr\/sk\/produits\/depoussiereurs-industriels\/petits\/aspiration-fumees-soudage-laser-epur-b-ex\/\" data-type=\"page\" data-id=\"480\">ePUR ex)<\/a> s\u00fa vhodn\u00e9 na v\u0161etky druhy prachu a dymu v mal\u00fdch mno\u017estv\u00e1ch. Samotn\u00fd filter zadr\u017eiava a uklad\u00e1 prach. Ke\u010f je filter pln\u00fd, odsaje sa do \u0161peci\u00e1lneho vrecka. Filtra\u010dn\u00e9 m\u00e9di\u00e1 vo v\u0161etk\u00fdch na\u0161ich mal\u00fdch vys\u00e1va\u010doch s\u00fa \u013eahko pr\u00edstupn\u00e9 a vymenite\u013en\u00e9. Tieto lapa\u010de prachu zachyt\u00e1vaj\u00fa <strong>prach z br\u00fasenia<\/strong>, <strong>br\u00fasenia<\/strong> a prach z <strong>d\u00e1vkovac\u00edch<\/strong> a <strong>v\u00e1hov\u00fdch<\/strong> stan\u00edc.    <\/p>\n\n<h2 class=\"wp-block-heading\">Objavte v\u0161etky na\u0161e mal\u00e9 kompaktn\u00e9 vys\u00e1va\u010de:<\/h2>\n\n<p><\/p>\n\n<p><\/p>\n\n<div class=\"wp-block-columns is-layout-flex wp-container-core-columns-is-layout-28f84493 wp-block-columns-is-layout-flex\">\n<div class=\"wp-block-column is-layout-flow wp-block-column-is-layout-flow\">\n<h3 class=\"wp-block-heading has-text-align-center\">S\u00c9RIA TK<\/h3>\n\n\n\n<figure class=\"wp-block-image aligncenter size-full is-resized\"><a href=\"https:\/\/obera.fr\/produits\/depoussiereurs-industriels\/petits\/tk-serie\/\"><img decoding=\"async\" width=\"600\" height=\"600\" src=\"https:\/\/obera.fr\/wp-content\/uploads\/2020\/11\/tk-series.jpg\" alt=\"Laborat&#xF3;rium - laborat&#xF3;rne vybavenie\" class=\"wp-image-1607\" style=\"width:300px;height:300px\" srcset=\"https:\/\/obera.fr\/wp-content\/uploads\/2020\/11\/tk-series.jpg 600w, https:\/\/obera.fr\/wp-content\/uploads\/2020\/11\/tk-series-300x300.jpg 300w, https:\/\/obera.fr\/wp-content\/uploads\/2020\/11\/tk-series-150x150.jpg 150w\" sizes=\"(max-width: 600px) 100vw, 600px\" \/><\/a><figcaption class=\"wp-element-caption\">TK Serie<\/figcaption><\/figure>\n\n\n\n<p>Odpra\u0161ova\u010de <a href=\"https:\/\/obera.fr\/sk\/produits\/depoussiereurs-industriels\/petits\/tk-serie\/\" data-type=\"page\" data-id=\"1589\">s\u00e9rie TK<\/a><strong> <\/strong>s\u00fa kompaktn\u00e9 ods\u00e1va\u010de prachu ur\u010den\u00e9 na ods\u00e1vanie mal\u00fdch mno\u017estiev prachu pre mal\u00e9 alebo priemyseln\u00e9 aplik\u00e1cie a m\u00f4\u017eu by\u0165 pripojen\u00e9 priamo k v\u00fdrobn\u00fdm strojom na zachyt\u00e1vanie prachu pri zdroji. Zariadenie je ide\u00e1lne na ob\u010dasn\u00e9 pou\u017eitie. Tieto jednotky s\u00fa \u00fa\u010dinn\u00e9 na spracovanie hrub\u00e9ho kovov\u00e9ho prachu, najm\u00e4 z br\u00fasenia kovov v klenotn\u00edckom priemysle. V\u010faka svojim rozmerom a n\u00edzkej hmotnosti sa ve\u013emi jednoducho pou\u017e\u00edva a \u013eahko premiest\u0148uje.     <\/p>\n\n\n\n<p>Mal\u00fd vys\u00e1va\u010d <strong>TK 4<\/strong> m\u00e1 maxim\u00e1lny prietok 300 m3\/h a mal\u00fd vys\u00e1va\u010d TK 6 m\u00e1 prietok 450 m3\/h. Vy\u010disten\u00fd vzduch sa vyp\u00fa\u0161\u0165a priamo do pracovn\u00e9ho priestoru. <\/p>\n<\/div>\n\n\n\n<div class=\"wp-block-column is-layout-flow wp-block-column-is-layout-flow\">\n<h3 class=\"wp-block-heading has-text-align-center\">EPUR Ex 1000-3000-5000<\/h3>\n\n\n\n<figure class=\"wp-block-image aligncenter size-medium is-resized\"><a href=\"https:\/\/obera.fr\/produits\/depoussiereurs-industriels\/petits\/aspiration-fumees-soudage-laser-epur-b-ex\/\"><img decoding=\"async\" width=\"300\" height=\"300\" src=\"https:\/\/obera.fr\/wp-content\/uploads\/2023\/10\/epurb-ex-1000-3000-5000-300x300.png\" alt=\"oberA epur b ex 1000 3000 5000\" class=\"wp-image-25016\" style=\"width:298px;height:auto\" srcset=\"https:\/\/obera.fr\/wp-content\/uploads\/2023\/10\/epurb-ex-1000-3000-5000-300x300.png 300w, https:\/\/obera.fr\/wp-content\/uploads\/2023\/10\/epurb-ex-1000-3000-5000-150x150.png 150w, https:\/\/obera.fr\/wp-content\/uploads\/2023\/10\/epurb-ex-1000-3000-5000.png 600w\" sizes=\"(max-width: 300px) 100vw, 300px\" \/><\/a><figcaption class=\"wp-element-caption\">EPUR EX 1000-3000-5000<\/figcaption><\/figure>\n\n\n\n<p>Rad <a href=\"https:\/\/obera.fr\/sk\/produits\/depoussiereurs-industriels\/petits\/aspiration-fumees-soudage-laser-epur-b-ex\/\" data-type=\"page\" data-id=\"480\">vys\u00e1va\u010dov EPUR Ex 1000-3000-5000<\/a><strong> <\/strong>s\u00fa mobiln\u00e9 ods\u00e1vacie jednotky vybaven\u00e9 nasycovan\u00fdmi filtra\u010dn\u00fdmi m\u00e9diami. S\u00fa vhodn\u00e9 najm\u00e4 na ods\u00e1vanie zv\u00e1rac\u00edch a sp\u00e1jkovac\u00edch dymov, prachu, p\u00e1r, rozp\u00fa\u0161\u0165adiel a plynov. Tieto vysoko univerz\u00e1lne ods\u00e1va\u010de prachu mo\u017eno v\u010faka ich trom filtra\u010dn\u00fdm stup\u0148om prisp\u00f4sobi\u0165 prakticky ak\u00e9muko\u013evek priemyseln\u00e9mu odvetviu. Daj\u00fa sa ovl\u00e1da\u0165 prostredn\u00edctvom dotykovej obrazovky alebo dia\u013ekovo, \u010do zaru\u010duje vynikaj\u00facu jednoduchos\u0165 pou\u017e\u00edvania. Tich\u00e9 a v\u00fdkonn\u00e9, m\u00f4\u017eete vys\u00e1va\u0165 a\u017e tri mal\u00e9 pracovn\u00e9 stanice alebo v\u00fdrobn\u00e9 stroje.    <\/p>\n\n\n\n<p>Tieto vys\u00e1va\u010de s\u00fa vhodn\u00e9 na pou\u017eitie v z\u00f3nach ATEX.  <\/p>\n\n\n\n<p>V\u00fdhodou t\u00fdchto jednotiek je, \u017ee pon\u00fakaj\u00fa vysok\u00fd sac\u00ed v\u00fdkon (podtlak a\u017e 10 000 Pa) a s\u00fa plne konfigurovate\u013en\u00e9. V skuto\u010dnosti maj\u00fa dva alebo tri filtra\u010dn\u00e9 stupne, ktor\u00fdch filtra\u010dn\u00e9 m\u00e9di\u00e1 mo\u017eno plne prisp\u00f4sobi\u0165 jemnosti a nebezpe\u010dnosti prachu (filtra\u010dn\u00e9 stupne od G4 po HEPA 14). Je mo\u017en\u00e9 vybra\u0165 si aj stupe\u0148 s akt\u00edvnym uhl\u00edm \u0161peci\u00e1lne navrhnut\u00fd na zaobch\u00e1dzanie s plynn\u00fdmi zne\u010dis\u0165uj\u00facimi l\u00e1tkami. Na zmenu prietoku od 0 do 100 % mo\u017eno pou\u017ei\u0165 aj elektronicky komutovan\u00fd motor. Filtre mo\u017eno vymeni\u0165 \u010disto a bezpe\u010dne pomocou dostupnej s\u00fapravy na v\u00fdmenu, ktor\u00e1 obsahuje: kryt filtra, jednorazov\u00e9 vzduchotesn\u00e9 vrecko, osobn\u00fa ochrann\u00fa masku a jednorazov\u00e9 rukavice.    <\/p>\n<\/div>\n<\/div>\n\n<p><\/p>\n\n<p><\/p>\n\n<div class=\"wp-block-columns is-layout-flex wp-container-core-columns-is-layout-28f84493 wp-block-columns-is-layout-flex\">\n<div class=\"wp-block-column is-layout-flow wp-block-column-is-layout-flow\">\n<h3 class=\"wp-block-heading has-text-align-center\"><strong>SRF-T<\/strong><\/h3>\n\n\n\n<div class=\"wp-block-columns is-layout-flex wp-container-core-columns-is-layout-28f84493 wp-block-columns-is-layout-flex\">\n<div class=\"wp-block-column is-layout-flow wp-block-column-is-layout-flow\">\n<figure class=\"wp-block-image aligncenter size-large is-resized\"><a href=\"https:\/\/obera.fr\/produits\/depoussiereurs-industriels\/petits\/srf-t\/\"><img decoding=\"async\" width=\"600\" height=\"600\" src=\"https:\/\/obera.fr\/wp-content\/uploads\/2020\/10\/SRF-T-SF.png\" alt=\"Dym - Odlu&#x10D;ova&#x10D; prachu\" class=\"wp-image-1310\" style=\"width:259px;height:259px\" srcset=\"https:\/\/obera.fr\/wp-content\/uploads\/2020\/10\/SRF-T-SF.png 600w, https:\/\/obera.fr\/wp-content\/uploads\/2020\/10\/SRF-T-SF-300x300.png 300w, https:\/\/obera.fr\/wp-content\/uploads\/2020\/10\/SRF-T-SF-150x150.png 150w\" sizes=\"(max-width: 600px) 100vw, 600px\" \/><\/a><figcaption class=\"wp-element-caption\">SRF-T<\/figcaption><\/figure>\n<\/div>\n<\/div>\n\n\n\n<p><a href=\"https:\/\/obera.fr\/sk\/produits\/depoussiereurs-industriels\/petits\/srf-t\/\">SRF T je prenosn\u00e9 zariadenie<\/a> ur\u010den\u00e9 na <strong>ods\u00e1vanie zv\u00e1rac\u00edch dymov<\/strong>. M\u00e1 vysok\u00fd podtlak, tak\u017ee ho mo\u017eno pripoji\u0165 priamo k zv\u00e1rac\u00edm hor\u00e1kom na priamu \u00fapravu pri zdroji. <\/p>\n\n\n\n<p>K dispoz\u00edcii je nieko\u013eko modelov vr\u00e1tane <strong>SRF T-2<\/strong>, ktor\u00fd sp\u00e1ja jedno ods\u00e1vacie rameno, a <strong>SRF T-4<\/strong>, ktor\u00fd sp\u00e1ja a\u017e dve ramen\u00e1.  <\/p>\n\n\n\n<p>Toto zariadenie je obzvl\u00e1\u0161\u0165 vhodn\u00e9 pre aplik\u00e1cie, ako s\u00fa lodenice, zv\u00e1racie stanice mal\u00fdch dielov a v\u00fdrobn\u00e9 z\u00e1vody v automobilovom priemysle. Filtra\u010dn\u00e9 kazety sa daj\u00fa \u010disti\u0165 a op\u00e4tovne pou\u017e\u00edva\u0165. <\/p>\n<\/div>\n\n\n\n<div class=\"wp-block-column is-layout-flow wp-block-column-is-layout-flow\">\n<h3 class=\"wp-block-heading has-text-align-center\"><strong>JUMBO<\/strong><\/h3>\n\n\n\n<figure class=\"wp-block-image aligncenter size-large is-resized\"><a href=\"https:\/\/obera.fr\/produits\/depoussiereurs-industriels\/petits\/jumbo\/\"><img decoding=\"async\" width=\"500\" height=\"500\" src=\"https:\/\/obera.fr\/wp-content\/uploads\/2020\/12\/Jumbo2.png\" alt=\"Jumbo2\" class=\"wp-image-3839\" style=\"width:256px;height:auto\" srcset=\"https:\/\/obera.fr\/wp-content\/uploads\/2020\/12\/Jumbo2.png 500w, https:\/\/obera.fr\/wp-content\/uploads\/2020\/12\/Jumbo2-300x300.png 300w, https:\/\/obera.fr\/wp-content\/uploads\/2020\/12\/Jumbo2-150x150.png 150w\" sizes=\"(max-width: 500px) 100vw, 500px\" \/><\/a><figcaption class=\"wp-element-caption\"><a href=\"https:\/\/obera.fr\/sk\/produits\/depoussiereurs-industriels\/petits\/jumbo\/\">JUMBO<\/a><\/figcaption><\/figure>\n\n\n\n<p><a href=\"https:\/\/obera.fr\/sk\/produits\/depoussiereurs-industriels\/petits\/jumbo\/\">Jumbo <\/a>je mal\u00fd, komplexn\u00fd vys\u00e1va\u010d, ktor\u00fd <strong>sa d\u00e1 prisp\u00f4sobi\u0165 \u0161irokej \u0161k\u00e1le aplik\u00e1ci\u00ed.<\/strong> Jeho prietok 170 m3\/h a podtlak 2800 Pa navy\u0161e znamenaj\u00fa, \u017ee dok\u00e1\u017ee vys\u00e1va\u0165 1 a\u017e 2 pracovn\u00e9 stanice.<\/p>\n\n\n\n<p>Tento mal\u00fd vys\u00e1va\u010d je obzvl\u00e1\u0161\u0165 vhodn\u00fd na ods\u00e1vanie <strong>jemn\u00e9ho a hrub\u00e9ho prachu<\/strong>, ako aj <strong>v\u00fdparov, p\u00e1r a pachov<\/strong>.<\/p>\n\n\n\n<p>Zaber\u00e1 ve\u013emi<strong> m\u00e1lo<\/strong> miesta a spotrebuje ve\u013emi m\u00e1lo energie. Je vybaven\u00fd nieko\u013ek\u00fdmi k\u013abmi, v\u010faka ktor\u00fdm m\u00f4\u017ee vys\u00e1va\u0165 v r\u00f4znych poloh\u00e1ch a<strong> prisp\u00f4sobi\u0165 sa ka\u017edej situ\u00e1cii.<\/strong> <\/p>\n<\/div>\n<\/div>\n\n<div class=\"wp-block-buttons is-horizontal is-content-justification-center is-layout-flex wp-container-core-buttons-is-layout-03627597 wp-block-buttons-is-layout-flex\">\n<div class=\"wp-block-button has-custom-width wp-block-button__width-100\"><a class=\"wp-block-button__link wp-element-button\" href=\"https:\/\/obera.fr\/sk\/kontaktujte-nas\/\">Ve\u010d o tem<\/a><\/div>\n<\/div>\n\n<hr class=\"wp-block-separator has-css-opacity\"\/>\n\n<div class=\"wp-block-group is-layout-flow wp-block-group-is-layout-flow\">\n<h2 class=\"wp-block-heading\">\u010eal\u0161ie rady priemyseln\u00fdch vys\u00e1va\u010dov oberA<\/h2>\n\n\n\n<div class=\"wp-block-buttons is-content-justification-center is-layout-flex wp-container-core-buttons-is-layout-a89b3969 wp-block-buttons-is-layout-flex\">\n<div class=\"wp-block-button\"><a class=\"wp-block-button__link wp-element-button\" href=\"https:\/\/obera.fr\/produits\/depoussiereurs-industriels\/mobiles\/\">mobiln\u00e9 zbera\u010de prachu  <\/a><\/div>\n\n\n\n<div class=\"wp-block-button\"><a class=\"wp-block-button__link wp-element-button\" href=\"https:\/\/obera.fr\/produits\/depoussiereurs-industriels\/fixes\/\"> Pevn\u00e9 <strong>zbera\u010de prachu<\/strong><\/a><\/div>\n<\/div>\n<\/div>\n\n<p><\/p>\n","protected":false},"excerpt":{"rendered":"<p>\u010co je to mal\u00fd priemyseln\u00fd vys\u00e1va\u010d? Mal\u00fd odlu\u010dova\u010d prachu je vo v\u0161eobecnosti mal\u00e1 jednotka na \u00fapravu vzduchu s kapacitou ods\u00e1vania od 80 m3\/h do 500 m3\/h. Tieto odlu\u010dova\u010de prachu s\u00fa vo v\u0161eobecnosti tich\u00e9, mobiln\u00e9 a \u013eahko prenosn\u00e9 a spravidla s\u00fa schopn\u00e9 ods\u00e1va\u0165 jeden v\u00fdrobn\u00fd stroj. Tieto kompaktn\u00e9 odlu\u010dova\u010de prachu s\u00fa vybaven\u00e9 nas\u00fdten\u00fdm filtra\u010dn\u00fdm materi\u00e1lom (v pr\u00edpade zariadenia ePUR ex 1000\/3000) alebo ru\u010dne odn\u00edmate\u013en\u00fdm filtrom. Mal\u00e9 odlu\u010dova\u010de prachu sa pou\u017e\u00edvaj\u00fa na zber vzduchu s n\u00edzkym a\u017e stredn\u00fdm obsahom prachu. Tieto lapa\u010de prachu zachyt\u00e1vaj\u00fa prach a v\u00fdpary z laserov\u00fdch grav\u00edrovac\u00edch strojov, zv\u00e1rac\u00edch stan\u00edc a mal\u00fdch v\u00e1h. Odlu\u010dova\u010de prachu vybaven\u00e9 regenera\u010dn\u00fdmi filtrami s\u00fa &#8230; <\/p>\n<p class=\"read-more-container\"><a title=\"Mal\u00e9 priemyseln\u00e9 odlu\u010dova\u010de prachu\" class=\"read-more button\" href=\"https:\/\/obera.fr\/sk\/produits\/depoussiereurs-industriels\/petits\/#more-48227\" aria-label=\"Pre\u010d\u00edtajte si viac o Mal\u00e9 priemyseln\u00e9 odlu\u010dova\u010de prachu\">Lire la suite<\/a><\/p>\n","protected":false},"author":4,"featured_media":103628,"parent":45648,"menu_order":0,"comment_status":"closed","ping_status":"closed","template":"","meta":{"_acf_changed":false,"_seopress_robots_primary_cat":"","_seopress_titles_title":"Mal\u00e9 vys\u00e1va\u010de EPUR B Ex, vreckov\u00e9 filtre SRF-T a ePURBOX","_seopress_titles_desc":"Mal\u00e9 odlu\u010dova\u010de prachu s\u00fa mal\u00e9 zariadenia na \u00fapravu vzduchu. Tieto priemyseln\u00e9 odlu\u010dova\u010de prachu s\u00fa tich\u00e9, mobiln\u00e9 a \u013eahko prenosn\u00e9. ","_seopress_robots_index":"","footnotes":""},"class_list":{"0":"post-48227","1":"page","2":"type-page","3":"status-publish","4":"has-post-thumbnail","6":"no-featured-image-padding","7":"resize-featured-image"},"acf":[],"_links":{"self":[{"href":"https:\/\/obera.fr\/sk\/wp-json\/wp\/v2\/pages\/48227","targetHints":{"allow":["GET"]}}],"collection":[{"href":"https:\/\/obera.fr\/sk\/wp-json\/wp\/v2\/pages"}],"about":[{"href":"https:\/\/obera.fr\/sk\/wp-json\/wp\/v2\/types\/page"}],"author":[{"embeddable":true,"href":"https:\/\/obera.fr\/sk\/wp-json\/wp\/v2\/users\/4"}],"replies":[{"embeddable":true,"href":"https:\/\/obera.fr\/sk\/wp-json\/wp\/v2\/comments?post=48227"}],"version-history":[{"count":11,"href":"https:\/\/obera.fr\/sk\/wp-json\/wp\/v2\/pages\/48227\/revisions"}],"predecessor-version":[{"id":127509,"href":"https:\/\/obera.fr\/sk\/wp-json\/wp\/v2\/pages\/48227\/revisions\/127509"}],"up":[{"embeddable":true,"href":"https:\/\/obera.fr\/sk\/wp-json\/wp\/v2\/pages\/45648"}],"wp:featuredmedia":[{"embeddable":true,"href":"https:\/\/obera.fr\/sk\/wp-json\/wp\/v2\/media\/103628"}],"wp:attachment":[{"href":"https:\/\/obera.fr\/sk\/wp-json\/wp\/v2\/media?parent=48227"}],"curies":[{"name":"wp","href":"https:\/\/api.w.org\/{rel}","templated":true}]}}