{"id":48264,"date":"2020-08-26T12:54:02","date_gmt":"2020-08-26T10:54:02","guid":{"rendered":"https:\/\/obera.fr\/nase-produkty\/priemyselne-zberace-prachu\/male-priemyselne-odlucovace-prachu\/odsavanie-zvaracich-dymov-a-laserov-epur-b-ex\/"},"modified":"2025-08-28T10:52:32","modified_gmt":"2025-08-28T08:52:32","slug":"aspiration-fumees-soudage-laser-epur-b-ex","status":"publish","type":"page","link":"https:\/\/obera.fr\/sk\/produits\/depoussiereurs-industriels\/petits\/aspiration-fumees-soudage-laser-epur-b-ex\/","title":{"rendered":"Ods\u00e1vanie zv\u00e1ra\u010dsk\u00e9ho dymu a laserov\u00e9ho dymu ePUR Ex"},"content":{"rendered":"\n<p><strong>EPUR Ex<\/strong> je rad 3<a href=\"https:\/\/obera.fr\/sk\/produits\/depoussiereurs-industriels\/petits\/\" data-type=\"page\" data-id=\"393\">mobiln\u00fdch syst\u00e9mov naods\u00e1vanie vzduchu<\/a> s certifik\u00e1ciou ATEX.<\/p>\n\n\n<h2 class=\"wp-block-heading\">Ako funguje ods\u00e1vanie zv\u00e1rac\u00edch\/laserov\u00fdch dymov?<\/h2>\n\n<div class=\"wp-block-columns is-layout-flex wp-container-core-columns-is-layout-28f84493 wp-block-columns-is-layout-flex\">\n<div class=\"wp-block-column is-layout-flow wp-block-column-is-layout-flow\" style=\"flex-basis:33.33%\">\n<figure class=\"wp-block-image aligncenter size-full\"><img decoding=\"async\" width=\"600\" height=\"600\" src=\"https:\/\/obera.fr\/wp-content\/uploads\/2023\/10\/epurb-ex-1000-3000-5000.png\" alt=\"epurb ex 1000 3000 5000\" class=\"wp-image-25016\" srcset=\"https:\/\/obera.fr\/wp-content\/uploads\/2023\/10\/epurb-ex-1000-3000-5000.png 600w, https:\/\/obera.fr\/wp-content\/uploads\/2023\/10\/epurb-ex-1000-3000-5000-300x300.png 300w, https:\/\/obera.fr\/wp-content\/uploads\/2023\/10\/epurb-ex-1000-3000-5000-150x150.png 150w\" sizes=\"(max-width: 600px) 100vw, 600px\" \/><\/figure>\n<\/div>\n\n\n\n<div class=\"wp-block-column is-layout-flow wp-block-column-is-layout-flow\" style=\"flex-basis:66.66%\">\n<p>Obsluha je jednoduch\u00e1: <strong>zne\u010disten\u00fd vzduch sa nas\u00e1va priamo cez flexibiln\u00fa ods\u00e1vaciu hadicu pripojen\u00fa k stroju<\/strong>, ods\u00e1vaciemu ramenu, ods\u00e1va\u010du alebo priamo na v\u00fdrobn\u00fd stroj prostredn\u00edctvom siete potrub\u00ed.<\/p>\n\n\n\n<p><strong>Zne\u010disten\u00fd vzduch<\/strong> sa zachyt\u00e1va a upravuje v r\u00f4znych stup\u0148och filtr\u00e1cie.<\/p>\n\n\n\n<p><strong>Vy\u010disten\u00fd vzduch<\/strong> sa potom odv\u00e1dza zo spodnej \u010dasti jednotky priamo do pracovn\u00e9ho priestoru alebo von pomocou siete v\u00fdfukov\u00fdch potrub\u00ed.<\/p>\n\n\n\n<div style=\"height:15px\" aria-hidden=\"true\" class=\"wp-block-spacer\"><\/div>\n\n\n\n<div class=\"wp-block-columns is-layout-flex wp-container-core-columns-is-layout-28f84493 wp-block-columns-is-layout-flex\">\n<div class=\"wp-block-column is-layout-flow wp-block-column-is-layout-flow\" style=\"flex-basis:33.34%\">\n<div class=\"wp-block-buttons is-content-justification-center is-layout-flex wp-container-core-buttons-is-layout-a89b3969 wp-block-buttons-is-layout-flex\">\n<div class=\"wp-block-button\"><a class=\"wp-block-button__link wp-element-button\" href=\"https:\/\/obera.fr\/wp-content\/uploads\/2025\/04\/brochure-epur-ex-fr.pdf\">Stiahnite si bro\u017e\u00faru<\/a><\/div>\n<\/div>\n<\/div>\n\n\n\n<div class=\"wp-block-column is-layout-flow wp-block-column-is-layout-flow\" style=\"flex-basis:33.34%\">\n<div class=\"wp-block-buttons is-horizontal is-content-justification-center is-layout-flex wp-container-core-buttons-is-layout-03627597 wp-block-buttons-is-layout-flex\">\n<div class=\"wp-block-button has-custom-width wp-block-button__width-100\"><a class=\"wp-block-button__link wp-element-button\" href=\"https:\/\/obera.fr\/sk\/kontaktujte-nas\/\">Ve\u010d o tem<\/a><\/div>\n<\/div>\n<\/div>\n\n\n\n<div class=\"wp-block-column is-layout-flow wp-block-column-is-layout-flow\" style=\"flex-basis:33.33%\">\n<div class=\"wp-block-buttons is-content-justification-center is-layout-flex wp-container-core-buttons-is-layout-a89b3969 wp-block-buttons-is-layout-flex\">\n<div class=\"wp-block-button btn-devis-source\"><a class=\"wp-block-button__link wp-element-button\" href=\"https:\/\/obera.fr\/sk\/devis\/\">Po\u017eiada\u0165 o cenov\u00fa ponuku<\/a><\/div>\n<\/div>\n\n\n<script>\r\ndocument.addEventListener('DOMContentLoaded', function() {\r\n    \/\/ 1. On cherche le titre H1 de la page\r\n    var h1 = document.querySelector('h1');\r\n    var productTitle = h1 ? h1.innerText.trim() : \"\";\r\n\r\n    \/\/ 2. On cherche les boutons via la classe CSS .btn-devis-source\r\n    var buttons = document.querySelectorAll('.btn-devis-source a');\r\n\r\n    \/\/ 3. Si on a le titre et les boutons, on ajoute le param\u00e8tre\r\n    if (buttons.length > 0 && productTitle !== \"\") {\r\n        var encodedTitle = encodeURIComponent(productTitle);\r\n\r\n        buttons.forEach(function(btn) {\r\n            var currentHref = btn.getAttribute('href');\r\n            \r\n            \/\/ S\u00e9curit\u00e9 pour ne pas ajouter le param\u00e8tre 2 fois\r\n            if (currentHref.indexOf('sujet=') === -1) {\r\n                var separator = currentHref.indexOf('?') !== -1 ? '&' : '?';\r\n                var newLink = currentHref + separator + 'sujet=' + encodedTitle;\r\n                \r\n                btn.setAttribute('href', newLink);\r\n            }\r\n        });\r\n    }\r\n});\r\n<\/script><\/div>\n<\/div>\n<\/div>\n<\/div>\n\n<h2 class=\"wp-block-heading\">Na ak\u00e9 \u00fa\u010dely?<\/h2>\n\n<p>Tieto ods\u00e1vacie jednotky boli navrhnut\u00e9 na <strong>ods\u00e1vanie zv\u00e1rac\u00edch<\/strong> a <strong>sp\u00e1jkovac\u00edch<\/strong> <strong>dymov<\/strong>, <strong>prachu<\/strong>, <strong>v\u00fdparov<\/strong>, <strong>rozp\u00fa\u0161\u0165adiel<\/strong>, <strong>plynov<\/strong>, <strong>z\u00e1pachu<\/strong> a v\u0161etk\u00fdch druhov <strong>plynn\u00fdch zne\u010dis\u0165uj\u00facich l\u00e1tok<\/strong>. Jednotky s\u00fa na kolieskach a mo\u017eno ich pou\u017ei\u0165 na ods\u00e1vanie z <a href=\"https:\/\/obera.fr\/sk\/produits\/depoussiereurs-industriels\/fixes\/\">pevn\u00fdch alebo mobiln\u00fdch pracov\u00edsk<\/a> (a\u017e 3 pracovisk\u00e1 alebo v\u00fdrobn\u00e9 stroje).  S\u00fa kompaktn\u00e9 a priestorovo \u00fasporn\u00e9, vhodn\u00e9 pre v\u0161etky typy priemyslu. S\u00fa <a href=\"https:\/\/obera.fr\/sk\/produits\/atex\/\" data-type=\"page\" data-id=\"372\">certifikovan\u00e9 pod\u013ea ATEX<\/a> a ur\u010den\u00e9 na pou\u017eitie v z\u00f3nach ATEX22.<\/p>\n\n<p><strong>Rad EPUR Ex<\/strong> je vybaven\u00fd nas\u00fdten\u00fdmi filtrami (ktor\u00e9 sa po nas\u00fdten\u00ed vymenia), \u010do znamen\u00e1, \u017ee za\u0165a\u017eenie prachom alebo dymom je relat\u00edvne n\u00edzke. Pri vy\u0161\u0161ej z\u00e1\u0165a\u017ei zne\u010distenia a ve\u013ekom mno\u017estve prachu by sa mali zvoli\u0165 regenerovate\u013en\u00e9 (nezanesite\u013en\u00e9) filtra\u010dn\u00e9 m\u00e9di\u00e1, ako s\u00fa napr\u00edklad rady <a href=\"https:\/\/obera.fr\/sk\/produits\/depoussiereurs-industriels\/mobiles\/extracteur-poussiere-dustomat-4\/\" data-type=\"page\" data-id=\"440\">DUSTOMAT<\/a> alebo <a href=\"https:\/\/obera.fr\/sk\/produits\/depoussiereurs-industriels\/fixes\/aspiration-centralisee-industrielle-dustmac\/\" data-type=\"page\" data-id=\"467\">DUSTMAC<\/a>&#8230;.. <\/p>\n\n<div class=\"wp-block-columns is-layout-flex wp-container-core-columns-is-layout-28f84493 wp-block-columns-is-layout-flex\">\n<div class=\"wp-block-column is-layout-flow wp-block-column-is-layout-flow\">\n<h3 class=\"wp-block-heading has-text-align-center\">Zne\u010dis\u0165uj\u00face l\u00e1tky<\/h3>\n\n\n\n<hr class=\"wp-block-separator has-css-opacity is-style-wide\"\/>\n\n\n\n<div class=\"wp-block-columns is-layout-flex wp-container-core-columns-is-layout-28f84493 wp-block-columns-is-layout-flex\">\n<div class=\"wp-block-column is-layout-flow wp-block-column-is-layout-flow\">\n<figure class=\"wp-block-image aligncenter size-large\"><img decoding=\"async\" width=\"70\" height=\"70\" src=\"https:\/\/obera.fr\/wp-content\/uploads\/2020\/08\/industrie-chimie.jpg\" alt=\"Chemick&#xFD; priemysel\" class=\"wp-image-725\"\/><figcaption class=\"wp-element-caption\">Chemick\u00fd prach<\/figcaption><\/figure>\n\n\n\n<figure class=\"wp-block-image aligncenter size-large\"><img decoding=\"async\" width=\"70\" height=\"70\" src=\"https:\/\/obera.fr\/wp-content\/uploads\/2020\/08\/industrie-odeur.jpg\" alt=\"Priemyseln&#xFD; z&#xE1;pach\" class=\"wp-image-723\"\/><figcaption class=\"wp-element-caption\">Z\u00e1pachy<\/figcaption><\/figure>\n<\/div>\n\n\n\n<div class=\"wp-block-column is-layout-flow wp-block-column-is-layout-flow\">\n<figure class=\"wp-block-image aligncenter size-large\"><img decoding=\"async\" width=\"70\" height=\"70\" src=\"https:\/\/obera.fr\/wp-content\/uploads\/2020\/08\/industrie-fumees.jpg\" alt=\"Priemyseln&#xFD; dym\" class=\"wp-image-722\"\/><figcaption class=\"wp-element-caption\">V\u00fdpary<\/figcaption><\/figure>\n\n\n\n<figure class=\"wp-block-image aligncenter size-large\"><img decoding=\"async\" width=\"70\" height=\"70\" src=\"https:\/\/obera.fr\/wp-content\/uploads\/2020\/09\/cov.png\" alt=\"Cov\" class=\"wp-image-959\"\/><figcaption class=\"wp-element-caption\">VOCS<\/figcaption><\/figure>\n<\/div>\n<\/div>\n<\/div>\n\n\n\n<div class=\"wp-block-column is-layout-flow wp-block-column-is-layout-flow\">\n<h3 class=\"wp-block-heading has-text-align-center\">Odvetvia<\/h3>\n\n\n\n<hr class=\"wp-block-separator has-css-opacity is-style-wide\"\/>\n\n\n\n<p class=\"has-text-align-center\">Vhodn\u00e9 pre v\u0161etky typy priemyslu<\/p>\n<\/div>\n<\/div>\n\n<h2 class=\"wp-block-heading\">Ak\u00e9 s\u00fa vlastnosti ePUR Ex?<\/h2>\n\n<p><strong>Modely ePUR Ex 1000, 3000 a 5000<\/strong> m\u00f4\u017eu <strong>obsahova\u0165 a\u017e 3 stupne vysoko\u00fa\u010dinnej filtr\u00e1cie<\/strong>. Mo\u017en\u00e9 s\u00fa viacer\u00e9 konfigur\u00e1cie, bu\u010f 2 stupne s filtrom HEPA 13\/14 a 6 kg akt\u00edvneho uhlia. Alebo v 3 stup\u0148och s prv\u00fdm filtrom konfigurovate\u013en\u00fdm pod\u013ea va\u0161ich potrieb, po ktorom nasleduje \u010fal\u0161\u00ed filter s polovicou HEPA 13\/14 a polovicou akt\u00edvneho uhlia (3 kg).  <\/p>\n\n<p>V strednej jednotke radu<strong>ePUR Ex 3000<\/strong> n\u00e1jdete prv\u00fd filter, ktor\u00fd je mo\u017en\u00e9 plne nakonfigurova\u0165 pod\u013ea va\u0161ich potrieb. Druh\u00fdm filtra\u010dn\u00fdm boxom je HEPA 13\/14 s filtra\u010dnou plochou 5,6 m\u00b2. A napokon tret\u00edm filtra\u010dn\u00fdm boxom je kazeta s akt\u00edvnym uhl\u00edm s hmotnos\u0165ou 6 kg. Jej maxim\u00e1lny prietok je <strong>260 m3\/h <\/strong>(pri za\u0165a\u017een\u00ed). Jej hmotnos\u0165 je 65 kg a v\u00fd\u0161ka 99 cm (hmotnos\u0165 bez filtra).    <\/p>\n\n<p>Model<strong>ePUR Ex 5000<\/strong> vynik\u00e1 svoj\u00edm sac\u00edm v\u00fdkonom s <strong>vysok\u00fdm prietokom 2800 m3\/h<\/strong>. Jeho filtre s\u00fa rovnako prisp\u00f4sobite\u013en\u00e9 ako filtre predch\u00e1dzaj\u00facich 2 modelov. \u0160tandardne sa spotrebi\u010d dod\u00e1va s predfilterom E10 s filtra\u010dnou plochou 19 m\u00b2 a HEPA filtrom H14 s filtra\u010dnou plochou 20 m\u00b2.  <\/p>\n\n<p>Model ePUR Ex 1000 v\u00e1\u017ei 58 kg pri v\u00fd\u0161ke 63 cm a model ePUR Ex 5000 v\u00e1\u017ei 240 kg pri v\u00fd\u0161ke 159 cm (hmotnos\u0165 s filtrom).<\/p>\n\n<p>Hladina hluku pri prev\u00e1dzke je relat\u00edvne n\u00edzka (62 dB). V\u010faka materi\u00e1lom z nehrdzavej\u00facej ocele s\u00fa robustn\u00e9 a spo\u013eahliv\u00e9. S\u00fa tie\u017e vybaven\u00e9 ovl\u00e1dac\u00edm displejom na jednoduch\u00fa konfigur\u00e1ciu.<\/p>\n\n<figure class=\"wp-block-table\"><table class=\"has-fixed-layout\"><thead><tr><th>Zariadenie<\/th><th><\/th><th>ePUR Ex 1000<\/th><th>ePUR Ex 3000<\/th><th>ePUR Ex 5000<\/th><\/tr><\/thead><tbody><tr><td>Prietok<\/td><td>m3\/h<\/td><td>350<\/td><td>460<\/td><td>2.800<\/td><\/tr><tr><td>Priemer vstupn\u00e9ho otvoru<\/td><td>mm<\/td><td>50<\/td><td>50<\/td><td>150<\/td><\/tr><tr><td>maxim\u00e1lny podtlak<\/td><td>Pa<\/td><td>10 000<\/td><td>10 000<\/td><td>6000<\/td><\/tr><tr><td>Nap\u00e1jacie nap\u00e4tie<\/td><td>V<\/td><td>230 (alebo 110)<\/td><td>230 (alebo 110)<\/td><td>400<\/td><\/tr><tr><td>Nap\u00e1janie<\/td><td>kW<\/td><td>1.1<\/td><td>1.1<\/td><td>2.4<\/td><\/tr><tr><td>Filtra\u010dn\u00e1 plocha 1. poschodie<\/td><td>m\u00b2<\/td><td>2.2<\/td><td>2.5<\/td><td>19<\/td><\/tr><tr><td>Filtra\u010dn\u00fd povrch 2. poschodie<\/td><td>m\u00b2<\/td><td>2.8<\/td><td>5.6<\/td><td>20<\/td><\/tr><tr><td>Mno\u017estvo akt\u00edvneho uhlia 3. stupe\u0148<\/td><td>kg<\/td><td>3<\/td><td>5.8<\/td><td>X<\/td><\/tr><tr><td>Rozmery<\/td><td>l\/L\/h (mm)<\/td><td>436 x 527 x 638<\/td><td>430 x 400 x 996 mm<\/td><td>780 x 970 x 1590<\/td><\/tr><tr><td>Hmotnos\u0165 (bez filtrov)<\/td><td>kg<\/td><td>58<\/td><td>65<\/td><td>240<\/td><\/tr><tr><td>Hladina hluku<\/td><td>dB(A)<\/td><td>62<\/td><td>62<\/td><td>75<\/td><\/tr><\/tbody><\/table><\/figure>\n\n<h2 class=\"wp-block-heading\">Ak\u00e9 s\u00fa v\u00fdhody n\u00e1\u0161ho elektronick\u00e9ho zariadenia na ods\u00e1vanie zv\u00e1rac\u00edch dymov?<\/h2>\n\n<p><\/p>\n\n<div class=\"wp-block-columns is-layout-flex wp-container-core-columns-is-layout-28f84493 wp-block-columns-is-layout-flex\">\n<div class=\"wp-block-column is-layout-flow wp-block-column-is-layout-flow\" style=\"flex-basis:25%\"><\/div>\n\n\n\n<div class=\"wp-block-column is-layout-flow wp-block-column-is-layout-flow\" style=\"flex-basis:50%\">\n<figure class=\"wp-block-embed is-type-video is-provider-youtube wp-block-embed-youtube wp-embed-aspect-16-9 wp-has-aspect-ratio\"><div class=\"wp-block-embed__wrapper\">\n<iframe title=\"TRAITEMENT COV, ODEURS, POUSSI\u00c8RES ET POLLUANTS GAZEUX - ePUR EX1000 - Obera\" width=\"1200\" height=\"675\" src=\"https:\/\/www.youtube.com\/embed\/05A45bNzFEY?feature=oembed\" frameborder=\"0\" allow=\"accelerometer; autoplay; clipboard-write; encrypted-media; gyroscope; picture-in-picture; web-share\" referrerpolicy=\"strict-origin-when-cross-origin\" allowfullscreen><\/iframe>\n<\/div><\/figure>\n\n\n\n<p><\/p>\n<\/div>\n\n\n\n<div class=\"wp-block-column is-layout-flow wp-block-column-is-layout-flow\" style=\"flex-basis:25%\"><\/div>\n<\/div>\n\n<p>Existuje mnoho v\u00fdhod, ale v prvom rade je to <strong>ochrana zamestnancov<\/strong> pred mnoh\u00fdmi ochoreniami d\u00fdchac\u00edch ciest a ko\u017ee, ktor\u00fdmi m\u00f4\u017eu trpie\u0165. \u010eal\u0161ou v\u00fdhodou je ochrana v\u00fdrobn\u00fdch n\u00e1strojov, \u010do vedie k zn\u00ed\u017eeniu por\u00fach, a teda k zv\u00fd\u0161eniu ich \u017eivotnosti. R\u00f4zne dostupn\u00e9 konfigur\u00e1cie filtrov znamenaj\u00fa, \u017ee sa daj\u00fa plne prisp\u00f4sobi\u0165 dan\u00e9mu probl\u00e9mu.    <\/p>\n\n<blockquote class=\"wp-block-quote is-layout-flow wp-block-quote-is-layout-flow\">\n<p>V\u010faka n\u00edzkej prev\u00e1dzkovej hlu\u010dnosti ho mo\u017eno in\u0161talova\u0165 priamo v pracovnom priestore.  <\/p>\n<\/blockquote>\n\n<p>Spotrebi\u010de boli navrhnut\u00e9 z robustn\u00fdch materi\u00e1lov, ako je napr\u00edklad nehrdzavej\u00faca oce\u013e, aby boli odolnej\u0161ie. Filtre sa daj\u00fa r\u00fdchlo a jednoducho vymeni\u0165. Na optimaliz\u00e1ciu \u00fa\u010dinnosti a plynul\u00fa regul\u00e1ciu sa pou\u017e\u00edvaj\u00fa <strong>elektronicky komutovan\u00e9 EC ventil\u00e1tory<\/strong>. Ovl\u00e1dac\u00ed panel pon\u00faka aj \u0161irok\u00fa \u0161k\u00e1lu nastaven\u00ed vr\u00e1tane dia\u013ekov\u00e9ho ovl\u00e1dania a zobrazenia stavu pr\u00edstroja (upchat\u00fd, prepichnut\u00fd filter at\u010f.) pre optim\u00e1lne jednoduch\u00e9 pou\u017e\u00edvanie. Pod\u013ea z\u00e1kona v\u00e1m na\u0161e zariadenia umo\u017e\u0148uj\u00fa dodr\u017eiava\u0165 limit expoz\u00edcie pri pr\u00e1ci (OEL).    <\/p>\n\n<div class=\"wp-block-columns is-layout-flex wp-container-core-columns-is-layout-28f84493 wp-block-columns-is-layout-flex\">\n<div class=\"wp-block-column is-layout-flow wp-block-column-is-layout-flow\">\n<h3 class=\"wp-block-heading has-text-align-center\">V\u00fdhody<\/h3>\n\n\n\n<ul class=\"wp-block-list\">\n<li>3 stupne vysoko\u00fa\u010dinnej filtr\u00e1cie<\/li>\n\n\n\n<li>Tlmi\u010d hluku<\/li>\n\n\n\n<li>R\u00fdchla a jednoduch\u00e1 v\u00fdmena filtra\u010dn\u00fdch stup\u0148ov<\/li>\n\n\n\n<li>Mobiln\u00fd a priestorovo \u00fasporn\u00fd<\/li>\n\n\n\n<li>M\u00f4\u017ee sa pou\u017ei\u0165 na vys\u00e1vanie a\u017e 3 pracovn\u00fdch stan\u00edc alebo v\u00fdrobn\u00fdch strojov<\/li>\n<\/ul>\n<\/div>\n\n\n\n<div class=\"wp-block-column is-layout-flow wp-block-column-is-layout-flow\">\n<h3 class=\"wp-block-heading has-text-align-center\">\u0160peci\u00e1lne funkcie<\/h3>\n\n\n\n<ul class=\"wp-block-list\">\n<li>Certifik\u00e1cia ATEX<\/li>\n\n\n\n<li>Elektronicky komutovan\u00fd ventil\u00e1tor EC pre optimalizovan\u00fa \u00fa\u010dinnos\u0165 a plynul\u00fa regul\u00e1ciu<\/li>\n\n\n\n<li>Mo\u017enos\u0165 konfigur\u00e1cie so \u0161irokou \u0161k\u00e1lou pr\u00edslu\u0161enstva<\/li>\n<\/ul>\n<\/div>\n\n\n\n<div class=\"wp-block-column is-layout-flow wp-block-column-is-layout-flow\">\n<h3 class=\"wp-block-heading has-text-align-center\">Funkcie<\/h3>\n\n\n\n<ul class=\"wp-block-list\">\n<li>V\u00fdrazne zlep\u0161uje kvalitu ovzdu\u0161ia t\u00fdm, \u017ee eliminuje z\u00e1pach, prchav\u00e9 organick\u00e9 l\u00e1tky a in\u00e9 plynn\u00e9 zne\u010dis\u0165uj\u00face l\u00e1tky.<\/li>\n<\/ul>\n<\/div>\n<\/div>\n\n<h2 class=\"wp-block-heading\">Ako si vybra\u0165 spr\u00e1vny syst\u00e9m na zachyt\u00e1vanie prachu?<\/h2>\n\n<p>Je d\u00f4le\u017eit\u00e9 vybra\u0165 si spr\u00e1vny vys\u00e1va\u010d, aby ste sa vyhli pred\u010dasn\u00e9mu opotrebovaniu, ktor\u00e9 by mohlo vies\u0165 k poruch\u00e1m.<\/p>\n\n<p>Rad ePUR Ex je <strong>v\u00fdkonn\u00fd<\/strong>, <strong>jednoduch\u00fd<\/strong>, <strong>kompaktn\u00fd<\/strong> a vybaven\u00fd filtrami nas\u00fdtenia. M\u00f4\u017eete si \u013eubovo\u013ene a uv\u00e1\u017eene vybra\u0165 kombin\u00e1ciu filtra\u010dn\u00fdch stup\u0148ov, aby ste optimalizovali \u017eivotnos\u0165 m\u00e9di\u00ed. Dbajte v\u0161ak na to, aby boli satura\u010dn\u00e9 filtre pevn\u00fdch \u010dast\u00edc dobre prisp\u00f4soben\u00e9 mno\u017estvu prachu a v\u00fdparov, ktor\u00e9 chcete ods\u00e1va\u0165. Ostatn\u00e9 jednotky s\u00fa k dispoz\u00edcii s regenera\u010dn\u00fdmi filtra\u010dn\u00fdmi m\u00e9diami.   <\/p>\n\n<p>Ak si rob\u00edte prieskum sami, nezabudnite sa informova\u0165 o filtra\u010dnej kapacite zariadenia. T\u00e1 bude z\u00e1visie\u0165 od zne\u010dis\u0165uj\u00facej l\u00e1tky, ve\u013ekosti \u010dast\u00edc, stavu (pevn\u00e9 alebo plynn\u00e9) a koncentr\u00e1cie. Tento prieskum v\u00e1m umo\u017en\u00ed vybra\u0165 ide\u00e1lny typ filtra, ktor\u00fdm by mal by\u0165 vys\u00e1va\u010d vybaven\u00fd. Po druh\u00e9, zistite, ak\u00fd v\u00fdkon m\u00e1 jednotka, in\u00fdmi slovami, jej prietok. Prietokov\u00e1 r\u00fdchlos\u0165 jednotky bude op\u00e4\u0165 z\u00e1visie\u0165 od mno\u017estva va\u0161ej zne\u010dis\u0165uj\u00facej l\u00e1tky, ako aj od plochy miestnosti, ktor\u00e1 sa m\u00e1 \u010disti\u0165.    \u010c\u00edm v\u00e4\u010d\u0161\u00ed priestor, t\u00fdm v\u00e4\u010d\u0161\u00ed prietok budete potrebova\u0165.<\/p>\n\n<p>\u010eal\u0161\u00edm krokom je rozhodnutie, ktor\u00fdm pr\u00edslu\u0161enstvom vybavi\u0165 stroj: kan\u00e1lom pripojen\u00fdm k v\u00fdrobn\u00e9mu stroju alebo<a href=\"https:\/\/obera.fr\/sk\/produits\/bras-dispositifs-captation\/capot-industriel\/\"> ods\u00e1vac\u00edm ramenom<\/a> pre pracovisko.<\/p>\n\n<hr class=\"wp-block-separator has-css-opacity is-style-dots\"\/>\n\n<div class=\"wp-block-buttons is-horizontal is-content-justification-center is-layout-flex wp-container-core-buttons-is-layout-03627597 wp-block-buttons-is-layout-flex\">\n<div class=\"wp-block-button has-custom-width wp-block-button__width-100\"><a class=\"wp-block-button__link wp-element-button\" href=\"https:\/\/obera.fr\/sk\/kontaktujte-nas\/\">Ve\u010d o tem<\/a><\/div>\n<\/div>\n\n<h2 class=\"wp-block-heading\">\u010eal\u0161ie mal\u00e9 vys\u00e1va\u010de od zna\u010dky OberA<\/h2>\n\n<div class=\"wp-block-columns is-layout-flex wp-container-core-columns-is-layout-28f84493 wp-block-columns-is-layout-flex\">\n<div class=\"wp-block-column is-layout-flow wp-block-column-is-layout-flow\">\n<figure class=\"wp-block-image aligncenter size-medium\"><a href=\"https:\/\/obera.fr\/produits\/depoussiereurs-industriels\/petits\/jumbo\/\"><img decoding=\"async\" width=\"300\" height=\"300\" src=\"https:\/\/obera.fr\/wp-content\/uploads\/2020\/10\/jumbo-300x300.png\" alt=\"Jumbo\" class=\"wp-image-1171\" srcset=\"https:\/\/obera.fr\/wp-content\/uploads\/2020\/10\/jumbo-300x300.png 300w, https:\/\/obera.fr\/wp-content\/uploads\/2020\/10\/jumbo-150x150.png 150w, https:\/\/obera.fr\/wp-content\/uploads\/2020\/10\/jumbo.png 500w\" sizes=\"(max-width: 300px) 100vw, 300px\" \/><\/a><figcaption class=\"wp-element-caption\">Jumbo<\/figcaption><\/figure>\n<\/div>\n\n\n\n<div class=\"wp-block-column is-layout-flow wp-block-column-is-layout-flow\">\n<figure class=\"wp-block-image aligncenter size-medium\"><a href=\"https:\/\/obera.fr\/produits\/depoussiereurs-industriels\/petits\/tk-serie\/\"><img decoding=\"async\" width=\"300\" height=\"300\" src=\"https:\/\/obera.fr\/wp-content\/uploads\/2020\/11\/tk-series-300x300.jpg\" alt=\"S&#xE9;ria TK\" class=\"wp-image-1607\" srcset=\"https:\/\/obera.fr\/wp-content\/uploads\/2020\/11\/tk-series-300x300.jpg 300w, https:\/\/obera.fr\/wp-content\/uploads\/2020\/11\/tk-series-150x150.jpg 150w, https:\/\/obera.fr\/wp-content\/uploads\/2020\/11\/tk-series.jpg 600w\" sizes=\"(max-width: 300px) 100vw, 300px\" \/><\/a><figcaption class=\"wp-element-caption\">TK Serie<\/figcaption><\/figure>\n<\/div>\n\n\n\n<div class=\"wp-block-column is-layout-flow wp-block-column-is-layout-flow\">\n<figure class=\"wp-block-image aligncenter size-medium\"><a href=\"https:\/\/obera.fr\/produits\/depoussiereurs-industriels\/petits\/srf-t\/\"><img decoding=\"async\" width=\"300\" height=\"300\" src=\"https:\/\/obera.fr\/wp-content\/uploads\/2020\/10\/SRF-T-SF-300x300.png\" alt=\"Srf T Sf\" class=\"wp-image-1310\" srcset=\"https:\/\/obera.fr\/wp-content\/uploads\/2020\/10\/SRF-T-SF-300x300.png 300w, https:\/\/obera.fr\/wp-content\/uploads\/2020\/10\/SRF-T-SF-150x150.png 150w, https:\/\/obera.fr\/wp-content\/uploads\/2020\/10\/SRF-T-SF.png 600w\" sizes=\"(max-width: 300px) 100vw, 300px\" \/><\/a><figcaption class=\"wp-element-caption\">SRF-T<\/figcaption><\/figure>\n<\/div>\n<\/div>\n","protected":false},"excerpt":{"rendered":"<p>EPUR Ex je rad 3mobiln\u00fdch syst\u00e9mov naods\u00e1vanie vzduchu s certifik\u00e1ciou ATEX. Ako funguje ods\u00e1vanie zv\u00e1rac\u00edch\/laserov\u00fdch dymov? Obsluha je jednoduch\u00e1: zne\u010disten\u00fd vzduch sa nas\u00e1va priamo cez flexibiln\u00fa ods\u00e1vaciu hadicu pripojen\u00fa k stroju, ods\u00e1vaciemu ramenu, ods\u00e1va\u010du alebo priamo na v\u00fdrobn\u00fd stroj prostredn\u00edctvom siete potrub\u00ed. Zne\u010disten\u00fd vzduch sa zachyt\u00e1va a upravuje v r\u00f4znych stup\u0148och filtr\u00e1cie. Vy\u010disten\u00fd vzduch sa potom odv\u00e1dza zo spodnej \u010dasti jednotky priamo do pracovn\u00e9ho priestoru alebo von pomocou siete v\u00fdfukov\u00fdch potrub\u00ed. Na ak\u00e9 \u00fa\u010dely? Tieto ods\u00e1vacie jednotky boli navrhnut\u00e9 na ods\u00e1vanie zv\u00e1rac\u00edch a sp\u00e1jkovac\u00edch dymov, prachu, v\u00fdparov, rozp\u00fa\u0161\u0165adiel, plynov, z\u00e1pachu a v\u0161etk\u00fdch druhov plynn\u00fdch zne\u010dis\u0165uj\u00facich l\u00e1tok. Jednotky s\u00fa na kolieskach &#8230; <\/p>\n<p class=\"read-more-container\"><a title=\"Ods\u00e1vanie zv\u00e1ra\u010dsk\u00e9ho dymu a laserov\u00e9ho dymu ePUR Ex\" class=\"read-more button\" href=\"https:\/\/obera.fr\/sk\/produits\/depoussiereurs-industriels\/petits\/aspiration-fumees-soudage-laser-epur-b-ex\/#more-48264\" aria-label=\"Pre\u010d\u00edtajte si viac o Ods\u00e1vanie zv\u00e1ra\u010dsk\u00e9ho dymu a laserov\u00e9ho dymu ePUR Ex\">Lire la suite<\/a><\/p>\n","protected":false},"author":4,"featured_media":83749,"parent":48227,"menu_order":0,"comment_status":"closed","ping_status":"closed","template":"","meta":{"_acf_changed":false,"_seopress_robots_primary_cat":"","_seopress_titles_title":"Ods\u00e1vanie zv\u00e1rac\u00edch dymov a laserov ePUR Ex oberA","_seopress_titles_desc":"ePUR Ex 1000 \/ 3000 \/ 5000 je rad 3 mobiln\u00fdch syst\u00e9mov na ods\u00e1vanie vzduchu s certifik\u00e1ciou ATEX. oberMal\u00fd zbera\u010d prachu","_seopress_robots_index":"","footnotes":""},"class_list":{"0":"post-48264","1":"page","2":"type-page","3":"status-publish","4":"has-post-thumbnail","6":"no-featured-image-padding","7":"resize-featured-image"},"acf":[],"_links":{"self":[{"href":"https:\/\/obera.fr\/sk\/wp-json\/wp\/v2\/pages\/48264","targetHints":{"allow":["GET"]}}],"collection":[{"href":"https:\/\/obera.fr\/sk\/wp-json\/wp\/v2\/pages"}],"about":[{"href":"https:\/\/obera.fr\/sk\/wp-json\/wp\/v2\/types\/page"}],"author":[{"embeddable":true,"href":"https:\/\/obera.fr\/sk\/wp-json\/wp\/v2\/users\/4"}],"replies":[{"embeddable":true,"href":"https:\/\/obera.fr\/sk\/wp-json\/wp\/v2\/comments?post=48264"}],"version-history":[{"count":10,"href":"https:\/\/obera.fr\/sk\/wp-json\/wp\/v2\/pages\/48264\/revisions"}],"predecessor-version":[{"id":127258,"href":"https:\/\/obera.fr\/sk\/wp-json\/wp\/v2\/pages\/48264\/revisions\/127258"}],"up":[{"embeddable":true,"href":"https:\/\/obera.fr\/sk\/wp-json\/wp\/v2\/pages\/48227"}],"wp:featuredmedia":[{"embeddable":true,"href":"https:\/\/obera.fr\/sk\/wp-json\/wp\/v2\/media\/83749"}],"wp:attachment":[{"href":"https:\/\/obera.fr\/sk\/wp-json\/wp\/v2\/media?parent=48264"}],"curies":[{"name":"wp","href":"https:\/\/api.w.org\/{rel}","templated":true}]}}