{"id":48318,"date":"2020-08-26T12:58:52","date_gmt":"2020-08-26T10:58:52","guid":{"rendered":"https:\/\/obera.fr\/nase-produkty\/materialy-a-zariadenia-atex\/spatny-ventil-atex\/"},"modified":"2025-06-02T10:38:56","modified_gmt":"2025-06-02T08:38:56","slug":"clapet-anti-retour","status":"publish","type":"page","link":"https:\/\/obera.fr\/sk\/produits\/atex\/clapet-anti-retour\/","title":{"rendered":"Sp\u00e4tn\u00fd ventil ATEX"},"content":{"rendered":"\n<div class=\"wp-block-columns is-layout-flex wp-container-core-columns-is-layout-28f84493 wp-block-columns-is-layout-flex\">\n<div class=\"wp-block-column is-layout-flow wp-block-column-is-layout-flow\" style=\"flex-basis:33.33%\">\n<figure class=\"wp-block-image aligncenter size-full\"><img decoding=\"async\" width=\"175\" height=\"175\" src=\"https:\/\/obera.fr\/wp-content\/uploads\/2020\/09\/Clapet-anti-retour-ATEX-1-175x175-1.png\" alt=\"Sp\u00e4tn\u00fd ventil Atex 1 175x175 1\" class=\"wp-image-990\" srcset=\"https:\/\/obera.fr\/wp-content\/uploads\/2020\/09\/Clapet-anti-retour-ATEX-1-175x175-1.png 175w, https:\/\/obera.fr\/wp-content\/uploads\/2020\/09\/Clapet-anti-retour-ATEX-1-175x175-1-150x150.png 150w\" sizes=\"(max-width: 175px) 100vw, 175px\" \/><figcaption class=\"wp-element-caption\">Sp\u00e4tn\u00fd ventil ATEX<\/figcaption><\/figure>\n<\/div>\n\n\n\n<div class=\"wp-block-column is-layout-flow wp-block-column-is-layout-flow\" style=\"flex-basis:66.66%\">\n<p><strong>Sp\u00e4tn\u00e9 ventily ATEX<\/strong> s\u00fa bezpe\u010dnostn\u00e9 zariadenia pou\u017e\u00edvan\u00e9 v priemysle na zabr\u00e1nenie sp\u00e4tn\u00e9mu toku plynov alebo kvapal\u00edn do potrubia a kan\u00e1lov. S\u00fa ur\u010den\u00e9 na pou\u017eitie v potenci\u00e1lne v\u00fdbu\u0161nom prostred\u00ed, kde pr\u00edtomnos\u0165 hor\u013eav\u00fdch plynov alebo prachu m\u00f4\u017ee sp\u00f4sobi\u0165 v\u00fdbuch a ohrozi\u0165 bezpe\u010dnos\u0165 pracovn\u00edkov. Pojem ATEX odkazuje na eur\u00f3psku smernicu 2014\/34\/E\u00da, ktor\u00e1 stanovuje po\u017eiadavky na zariadenia pou\u017e\u00edvan\u00e9 vo v\u00fdbu\u0161nom prostred\u00ed.  <\/p>\n\n\n\n<p>Sp\u00e4tn\u00e9 ventily ATEX s\u00fa v s\u00falade s touto smernicou a s\u00fa navrhnut\u00e9 tak, aby sp\u013a\u0148ali najvy\u0161\u0161ie bezpe\u010dnostn\u00e9 normy na ochranu proti v\u00fdbuchu.<\/p>\n\n\n\n<div class=\"wp-block-columns is-layout-flex wp-container-core-columns-is-layout-28f84493 wp-block-columns-is-layout-flex\">\n<div class=\"wp-block-column is-layout-flow wp-block-column-is-layout-flow\" style=\"flex-basis:33.34%\">\n<div class=\"wp-block-buttons is-content-justification-center is-layout-flex wp-container-core-buttons-is-layout-a89b3969 wp-block-buttons-is-layout-flex\">\n<div class=\"wp-block-button\"><a class=\"wp-block-button__link wp-element-button\" href=\"https:\/\/obera.fr\/wp-content\/uploads\/2025\/06\/clapet-anti-retour-atex-en.pdf\" target=\"_blank\" rel=\"noreferrer noopener\">Stiahnite si bro\u017e\u00faru<\/a><\/div>\n<\/div>\n<\/div>\n\n\n\n<div class=\"wp-block-column is-layout-flow wp-block-column-is-layout-flow\" style=\"flex-basis:33.34%\">\n<div class=\"wp-block-buttons is-horizontal is-content-justification-center is-layout-flex wp-container-core-buttons-is-layout-03627597 wp-block-buttons-is-layout-flex\">\n<div class=\"wp-block-button has-custom-width wp-block-button__width-100\"><a class=\"wp-block-button__link wp-element-button\" href=\"https:\/\/obera.fr\/sk\/kontaktujte-nas\/\">Ve\u010d o tem<\/a><\/div>\n<\/div>\n<\/div>\n\n\n\n<div class=\"wp-block-column is-layout-flow wp-block-column-is-layout-flow\" style=\"flex-basis:33.33%\">\n<div class=\"wp-block-buttons is-content-justification-center is-layout-flex wp-container-core-buttons-is-layout-a89b3969 wp-block-buttons-is-layout-flex\">\n<div class=\"wp-block-button btn-devis-source\"><a class=\"wp-block-button__link wp-element-button\" href=\"https:\/\/obera.fr\/sk\/devis\/\">Po\u017eiada\u0165 o cenov\u00fa ponuku<\/a><\/div>\n<\/div>\n\n\n<script>\r\ndocument.addEventListener('DOMContentLoaded', function() {\r\n    \/\/ 1. On cherche le titre H1 de la page\r\n    var h1 = document.querySelector('h1');\r\n    var productTitle = h1 ? h1.innerText.trim() : \"\";\r\n\r\n    \/\/ 2. On cherche les boutons via la classe CSS .btn-devis-source\r\n    var buttons = document.querySelectorAll('.btn-devis-source a');\r\n\r\n    \/\/ 3. Si on a le titre et les boutons, on ajoute le param\u00e8tre\r\n    if (buttons.length > 0 && productTitle !== \"\") {\r\n        var encodedTitle = encodeURIComponent(productTitle);\r\n\r\n        buttons.forEach(function(btn) {\r\n            var currentHref = btn.getAttribute('href');\r\n            \r\n            \/\/ S\u00e9curit\u00e9 pour ne pas ajouter le param\u00e8tre 2 fois\r\n            if (currentHref.indexOf('sujet=') === -1) {\r\n                var separator = currentHref.indexOf('?') !== -1 ? '&' : '?';\r\n                var newLink = currentHref + separator + 'sujet=' + encodedTitle;\r\n                \r\n                btn.setAttribute('href', newLink);\r\n            }\r\n        });\r\n    }\r\n});\r\n<\/script><\/div>\n<\/div>\n<\/div>\n<\/div>\n\n\n\n<h2 class=\"wp-block-heading\">Ako funguje sp\u00e4tn\u00fd ventil ATEX<\/h2>\n\n\n\n<p>Obsluha sp\u00e4tn\u00fdch ventilov ATEX je pomerne jednoduch\u00e1. In\u0161taluj\u00fa sa do potrub\u00ed a kan\u00e1lov, aby sa zabr\u00e1nilo sp\u00e4tn\u00e9mu toku kvapal\u00edn v opa\u010dnom smere.<\/p>\n\n\n\n<p>Obsluha sp\u00e4tn\u00fdch ventilov ATEX je pomerne jednoduch\u00e1. Pozost\u00e1vaj\u00fa z puzdra, kot\u00fa\u010da a pru\u017einy. Kryt sa in\u0161taluje do potrubia alebo prepravnej r\u00fary a disk sa umiestni do krytu. Pru\u017eina sa nach\u00e1dza na disku a sl\u00fa\u017ei na udr\u017eiavanie kon\u0161tantn\u00e9ho tlaku na ventile. Ke\u010f kvapalina pr\u00fadi spr\u00e1vnym smerom, disk sa zdvihne a umo\u017en\u00ed kvapaline prech\u00e1dza\u0165 cez ventil. Ke\u010f sa tekutina pok\u00fasi pr\u00fadi\u0165 sp\u00e4\u0165, disk sa automaticky uzavrie a zabr\u00e1ni tak sp\u00e4tn\u00e9mu pr\u00fadeniu tekutiny.<\/p>\n\n\n\n<h2 class=\"wp-block-heading\">Pou\u017e\u00edvanie sp\u00e4tn\u00fdch ventilov ATEX<\/h2>\n\n\n\n<p>Sp\u00e4tn\u00e9 ventily ATEX sa pou\u017e\u00edvaj\u00fa v \u0161irokej \u0161k\u00e1le priemyseln\u00fdch aplik\u00e1ci\u00ed vr\u00e1tane ropn\u00e9ho a plyn\u00e1rensk\u00e9ho, chemick\u00e9ho, farmaceutick\u00e9ho, potravin\u00e1rskeho a n\u00e1pojov\u00e9ho priemyslu a energetiky. \u010casto sa pou\u017e\u00edvaj\u00fa v potrubn\u00fdch syst\u00e9moch, aby sa zabr\u00e1nilo v\u00fdbuchom a po\u017eiarom, ale m\u00f4\u017eu sa pou\u017e\u00edva\u0165 aj v jednotliv\u00fdch zariadeniach, ako s\u00fa ventily alebo \u010derpadl\u00e1.<\/p>\n\n\n\n<p>Sp\u00e4tn\u00e9 ventily ATEX s\u00fa d\u00f4le\u017eit\u00e9 najm\u00e4 v priemyseln\u00fdch odvetviach, kde hroz\u00ed riziko v\u00fdbuchu alebo po\u017eiaru. Ak sp\u00e4tn\u00fd ventil zlyh\u00e1 alebo m\u00e1 poruchu, hor\u013eav\u00e9 plyny alebo kvapaliny m\u00f4\u017eu pr\u00fadi\u0165 sp\u00e4\u0165 do syst\u00e9mu, \u010do m\u00f4\u017ee vies\u0165 k n\u00e1rastu tlaku a mo\u017en\u00e9mu v\u00fdbuchu alebo po\u017eiaru. Sp\u00e4tn\u00e9 ventily ATEX s\u00fa preto nevyhnutn\u00e9 na zaru\u010denie bezpe\u010dnosti pracovn\u00edkov, zariaden\u00ed a \u017eivotn\u00e9ho prostredia v t\u00fdchto odvetviach.<\/p>\n\n\n\n<p>Okrem u\u017eito\u010dnosti pri prevencii v\u00fdbuchov a po\u017eiarov maj\u00fa sp\u00e4tn\u00e9 ventily ATEX pre spolo\u010dnosti aj \u010fal\u0161ie v\u00fdhody. M\u00f4\u017eu napr\u00edklad zn\u00ed\u017ei\u0165 n\u00e1klady na \u00fadr\u017ebu t\u00fdm, \u017ee pred\u013a\u017eia \u017eivotnos\u0165 zariadenia, skr\u00e1tia prestoje a zabr\u00e1nia n\u00e1kladn\u00fdm oprav\u00e1m. M\u00f4\u017eu tie\u017e pom\u00f4c\u0165 zlep\u0161i\u0165 energetick\u00fa \u00fa\u010dinnos\u0165 zn\u00ed\u017een\u00edm tlakov\u00fdch str\u00e1t a minimaliz\u00e1ciou \u00fanikov nebezpe\u010dn\u00fdch produktov.<\/p>\n\n\n\n<p>Vzh\u013eadom na potenci\u00e1lne nebezpe\u010dn\u00e9 prostredie, v ktorom sa pou\u017e\u00edvaj\u00fa, podliehaj\u00fa sp\u00e4tn\u00e9 ventily ATEX pr\u00edsnym predpisom, ktor\u00e9 zaru\u010duj\u00fa ich spo\u013eahlivos\u0165 a bezpe\u010dnos\u0165. Normy pre kon\u0161trukciu a v\u00fdkonnos\u0165 stanovuj\u00fa org\u00e1ny, ako je Eur\u00f3pska agent\u00fara pre bezpe\u010dnos\u0165 a ochranu zdravia pri pr\u00e1ci (EU-OSHA).<\/p>\n\n\n\n<h2 class=\"wp-block-heading\">Technick\u00e9 \u0161pecifik\u00e1cie<\/h2>\n\n\n\n<figure class=\"wp-block-table\"><table class=\"has-fixed-layout\"><tbody><tr><td>Sp\u00e4tn\u00fd ventil<\/td><td>Funkcie<\/td><\/tr><tr><td>Rozsah prev\u00e1dzkov\u00fdch tepl\u00f4t<\/td><td>-20\u00b0C Max. +40\u00b0C<\/td><\/tr><tr><td>Kst max<\/td><td>200 bar m\/s<\/td><\/tr><tr><td>Maxim\u00e1lna r\u00fdchlos\u0165 vzduchu<\/td><td>30 m\/s<\/td><\/tr><tr><td>Pred max<\/td><td>0,5 baru<\/td><\/tr><tr><td>Pracovn\u00fd tlak<\/td><td>50 000 Pa<\/td><\/tr><tr><td>\u00darove\u0148 ochrany<\/td><td>St1 (organick\u00e9 a nekovov\u00e9)<\/td><\/tr><tr><td>Oblas\u0165 pou\u017eitia<\/td><td>20 &#8211; 21 &#8211; 22 (vn\u00fatri)<br>21 &#8211; 22 (vonku)<\/td><\/tr><\/tbody><\/table><\/figure>\n\n\n\n<div class=\"wp-block-columns is-layout-flex wp-container-core-columns-is-layout-28f84493 wp-block-columns-is-layout-flex\">\n<div class=\"wp-block-column is-vertically-aligned-center is-layout-flow wp-block-column-is-layout-flow\">\n<div class=\"wp-block-buttons is-content-justification-center is-layout-flex wp-container-core-buttons-is-layout-a89b3969 wp-block-buttons-is-layout-flex\">\n<div class=\"wp-block-button\"><a class=\"wp-block-button__link wp-element-button\" href=\"https:\/\/obera.fr\/contact\/\">Potrebujete individu\u00e1lne poradenstvo?<\/a><\/div>\n<\/div>\n<\/div>\n<\/div>\n\n\n\n<h2 class=\"wp-block-heading\">V\u00fdhody<\/h2>\n\n\n\n<div class=\"wp-block-columns is-layout-flex wp-container-core-columns-is-layout-28f84493 wp-block-columns-is-layout-flex\">\n<div class=\"wp-block-column is-layout-flow wp-block-column-is-layout-flow\">\n<h3 class=\"wp-block-heading has-text-align-center\"><strong>V\u00fdhody<\/strong><\/h3>\n\n\n\n<ul class=\"wp-block-list\">\n<li>Eliminuje riziko roz\u0161\u00edrenia v\u00fdbuchu.<\/li>\n\n\n\n<li>Zabra\u0148uje sp\u00e4tn\u00e9mu vyfukovaniu prachu pri vypnut\u00ed syst\u00e9mu.<\/li>\n\n\n\n<li>Vysok\u00e1 odolnos\u0165 vo\u010di tlaku<\/li>\n\n\n\n<li>\u017diadna spotreba energie<\/li>\n\n\n\n<li>Je \u00faplne mechanick\u00fd a nevy\u017eaduje si \u017eiadnu \u00fadr\u017ebu.<\/li>\n<\/ul>\n<\/div>\n\n\n\n<div class=\"wp-block-column is-layout-flow wp-block-column-is-layout-flow\">\n<h3 class=\"wp-block-heading has-text-align-center\"><strong>\u0160peci\u00e1lne funkcie<\/strong><\/h3>\n\n\n\n<ul class=\"wp-block-list\">\n<li>Certifikovan\u00fd ochrann\u00fd syst\u00e9m<\/li>\n\n\n\n<li>Normy ATEX<\/li>\n<\/ul>\n<\/div>\n\n\n\n<div class=\"wp-block-column is-layout-flow wp-block-column-is-layout-flow\">\n<h3 class=\"wp-block-heading has-text-align-center\"><strong>Funkcie<\/strong><\/h3>\n\n\n\n<ul class=\"wp-block-list\">\n<li>Zariadenia vyroben\u00e9 v r\u00e1mci zabezpe\u010denia kvality v\u00fdroby<\/li>\n\n\n\n<li>K dispoz\u00edcii vo verzi\u00e1ch so svorkou alebo pr\u00edrubou.<\/li>\n\n\n\n<li>Vhodn\u00e9 na prepravu v\u00fdbu\u0161n\u00fdch prachov triedy St1.<\/li>\n<\/ul>\n<\/div>\n<\/div>\n\n\n\n<h2 class=\"wp-block-heading\">Aplik\u00e1cie<\/h2>\n\n\n\n<div class=\"wp-block-columns is-layout-flex wp-container-core-columns-is-layout-28f84493 wp-block-columns-is-layout-flex\">\n<div class=\"wp-block-column is-layout-flow wp-block-column-is-layout-flow\">\n<h3 class=\"wp-block-heading has-text-align-center\">Odvetvia<\/h3>\n\n\n\n<hr class=\"wp-block-separator has-css-opacity is-style-wide\"\/>\n\n\n\n<div class=\"wp-block-columns is-layout-flex wp-container-core-columns-is-layout-28f84493 wp-block-columns-is-layout-flex\">\n<div class=\"wp-block-column is-layout-flow wp-block-column-is-layout-flow\">\n<figure class=\"wp-block-image aligncenter size-large\"><img decoding=\"async\" width=\"70\" height=\"70\" src=\"https:\/\/obera.fr\/wp-content\/uploads\/2020\/08\/industrie-metallurgie.jpg\" alt=\"Hutn\u00edcky priemysel\" class=\"wp-image-673\"\/><figcaption class=\"wp-element-caption\">Hutn\u00edctvo<\/figcaption><\/figure>\n<\/div>\n\n\n\n<div class=\"wp-block-column is-layout-flow wp-block-column-is-layout-flow\">\n<figure class=\"wp-block-image aligncenter size-large\"><img decoding=\"async\" width=\"70\" height=\"70\" src=\"https:\/\/obera.fr\/wp-content\/uploads\/2020\/08\/industrie-agroalimentaire.jpg\" alt=\"Potravin\u00e1rsky priemysel\" class=\"wp-image-727\"\/><figcaption class=\"wp-element-caption\">Potravin\u00e1rsky priemysel<\/figcaption><\/figure>\n<\/div>\n\n\n\n<div class=\"wp-block-column is-layout-flow wp-block-column-is-layout-flow\">\n<figure class=\"wp-block-image aligncenter size-large\"><img decoding=\"async\" width=\"70\" height=\"70\" src=\"https:\/\/obera.fr\/wp-content\/uploads\/2020\/08\/industrie-minerai.jpg\" alt=\"Rudn\u00fd priemysel\" class=\"wp-image-724\"\/><figcaption class=\"wp-element-caption\">Miner\u00e1ly<\/figcaption><\/figure>\n<\/div>\n\n\n\n<div class=\"wp-block-column is-layout-flow wp-block-column-is-layout-flow\">\n<figure class=\"wp-block-image aligncenter size-large\"><img decoding=\"async\" width=\"70\" height=\"70\" src=\"https:\/\/obera.fr\/wp-content\/uploads\/2020\/08\/industrie-bois.jpg\" alt=\"Drev\u00e1rsky priemysel\" class=\"wp-image-672\"\/><figcaption class=\"wp-element-caption\">Spracovanie dreva<\/figcaption><\/figure>\n<\/div>\n\n\n\n<div class=\"wp-block-column is-layout-flow wp-block-column-is-layout-flow\">\n<figure class=\"wp-block-image aligncenter size-large\"><img decoding=\"async\" width=\"70\" height=\"70\" src=\"https:\/\/obera.fr\/wp-content\/uploads\/2020\/08\/industrie-papier-carton.jpg\" alt=\"Papierensk\u00fd a kart\u00f3nov\u00fd priemysel\" class=\"wp-image-670\"\/><figcaption class=\"wp-element-caption\">Papier\/kart\u00f3n<\/figcaption><\/figure>\n<\/div>\n\n\n\n<div class=\"wp-block-column is-layout-flow wp-block-column-is-layout-flow\">\n<figure class=\"wp-block-image aligncenter size-large\"><img decoding=\"async\" width=\"70\" height=\"70\" src=\"https:\/\/obera.fr\/wp-content\/uploads\/2020\/08\/industrie-textile.jpg\" alt=\"Textiln\u00fd priemysel\" class=\"wp-image-671\"\/><figcaption class=\"wp-element-caption\">Textil<\/figcaption><\/figure>\n<\/div>\n<\/div>\n\n\n\n<p><\/p>\n<\/div>\n<\/div>\n","protected":false},"excerpt":{"rendered":"<p>Sp\u00e4tn\u00e9 ventily ATEX s\u00fa bezpe\u010dnostn\u00e9 zariadenia pou\u017e\u00edvan\u00e9 v priemysle na zabr\u00e1nenie sp\u00e4tn\u00e9mu toku plynov alebo kvapal\u00edn do potrubia a kan\u00e1lov. S\u00fa ur\u010den\u00e9 na pou\u017eitie v potenci\u00e1lne v\u00fdbu\u0161nom prostred\u00ed, kde pr\u00edtomnos\u0165 hor\u013eav\u00fdch plynov alebo prachu m\u00f4\u017ee sp\u00f4sobi\u0165 v\u00fdbuch a ohrozi\u0165 bezpe\u010dnos\u0165 pracovn\u00edkov. Pojem ATEX odkazuje na eur\u00f3psku smernicu 2014\/34\/E\u00da, ktor\u00e1 stanovuje po\u017eiadavky na zariadenia pou\u017e\u00edvan\u00e9 vo v\u00fdbu\u0161nom prostred\u00ed. Sp\u00e4tn\u00e9 ventily ATEX s\u00fa v s\u00falade s touto smernicou a s\u00fa navrhnut\u00e9 tak, aby sp\u013a\u0148ali najvy\u0161\u0161ie bezpe\u010dnostn\u00e9 normy na ochranu proti v\u00fdbuchu. Ako funguje sp\u00e4tn\u00fd ventil ATEX Obsluha sp\u00e4tn\u00fdch ventilov ATEX je pomerne jednoduch\u00e1. In\u0161taluj\u00fa sa do potrub\u00ed a kan\u00e1lov, aby sa zabr\u00e1nilo &#8230; <\/p>\n<p class=\"read-more-container\"><a title=\"Sp\u00e4tn\u00fd ventil ATEX\" class=\"read-more button\" href=\"https:\/\/obera.fr\/sk\/produits\/atex\/clapet-anti-retour\/#more-48318\" aria-label=\"Pre\u010d\u00edtajte si viac o Sp\u00e4tn\u00fd ventil ATEX\">Lire la suite<\/a><\/p>\n","protected":false},"author":4,"featured_media":83749,"parent":37742,"menu_order":0,"comment_status":"closed","ping_status":"closed","template":"","meta":{"_acf_changed":false,"_seopress_robots_primary_cat":"","_seopress_titles_title":"Sp\u00e4tn\u00fd ventil ATEX navrhnut\u00fd tak, aby odolal v\u00fdbuchu","_seopress_titles_desc":"M\u00f4\u017eu zabr\u00e1ni\u0165 prenosu nebezpe\u010dn\u00fdch \u00fa\u010dinkov v\u00fdbuchu a izolova\u0165 priestory s potenci\u00e1lne v\u00fdbu\u0161nou prachovou atmosf\u00e9rou.","_seopress_robots_index":"","footnotes":""},"class_list":{"0":"post-48318","1":"page","2":"type-page","3":"status-publish","4":"has-post-thumbnail","6":"no-featured-image-padding","7":"resize-featured-image"},"acf":[],"_links":{"self":[{"href":"https:\/\/obera.fr\/sk\/wp-json\/wp\/v2\/pages\/48318","targetHints":{"allow":["GET"]}}],"collection":[{"href":"https:\/\/obera.fr\/sk\/wp-json\/wp\/v2\/pages"}],"about":[{"href":"https:\/\/obera.fr\/sk\/wp-json\/wp\/v2\/types\/page"}],"author":[{"embeddable":true,"href":"https:\/\/obera.fr\/sk\/wp-json\/wp\/v2\/users\/4"}],"replies":[{"embeddable":true,"href":"https:\/\/obera.fr\/sk\/wp-json\/wp\/v2\/comments?post=48318"}],"version-history":[{"count":5,"href":"https:\/\/obera.fr\/sk\/wp-json\/wp\/v2\/pages\/48318\/revisions"}],"predecessor-version":[{"id":105738,"href":"https:\/\/obera.fr\/sk\/wp-json\/wp\/v2\/pages\/48318\/revisions\/105738"}],"up":[{"embeddable":true,"href":"https:\/\/obera.fr\/sk\/wp-json\/wp\/v2\/pages\/37742"}],"wp:featuredmedia":[{"embeddable":true,"href":"https:\/\/obera.fr\/sk\/wp-json\/wp\/v2\/media\/83749"}],"wp:attachment":[{"href":"https:\/\/obera.fr\/sk\/wp-json\/wp\/v2\/media?parent=48318"}],"curies":[{"name":"wp","href":"https:\/\/api.w.org\/{rel}","templated":true}]}}