{"id":48356,"date":"2020-08-26T13:00:52","date_gmt":"2020-08-26T11:00:52","guid":{"rendered":"https:\/\/obera.fr\/pocitadlo-castic\/"},"modified":"2025-06-03T15:18:51","modified_gmt":"2025-06-03T13:18:51","slug":"compteur-particules","status":"publish","type":"page","link":"https:\/\/obera.fr\/sk\/produits\/analyseurs-air\/compteur-particules\/","title":{"rendered":"Po\u010d\u00edtadlo \u010dast\u00edc"},"content":{"rendered":"\n<h2 class=\"wp-block-heading\">Monitorovanie \u00farovne pra\u0161nosti<\/h2>\n\n\n\n<div class=\"wp-block-columns is-layout-flex wp-container-core-columns-is-layout-28f84493 wp-block-columns-is-layout-flex\">\n<div class=\"wp-block-column is-layout-flow wp-block-column-is-layout-flow\" style=\"flex-basis:33.33%\">\n<figure class=\"wp-block-image aligncenter size-thumbnail\"><img decoding=\"async\" width=\"150\" height=\"150\" src=\"https:\/\/obera.fr\/wp-content\/uploads\/2020\/08\/compteur-de-particules-150x150.png\" alt=\"Mera\u010d pevn\u00fdch \u010dast\u00edc\" class=\"wp-image-714\" srcset=\"https:\/\/obera.fr\/wp-content\/uploads\/2020\/08\/compteur-de-particules-150x150.png 150w, https:\/\/obera.fr\/wp-content\/uploads\/2020\/08\/compteur-de-particules-300x300.png 300w, https:\/\/obera.fr\/wp-content\/uploads\/2020\/08\/compteur-de-particules.png 433w\" sizes=\"(max-width: 150px) 100vw, 150px\" \/><figcaption class=\"wp-element-caption\">Mera\u010d pevn\u00fdch \u010dast\u00edc<\/figcaption><\/figure>\n<\/div>\n\n\n\n<div class=\"wp-block-column is-layout-flow wp-block-column-is-layout-flow\" style=\"flex-basis:66.66%\">\n<p><strong>Po\u010d\u00edta\u010d \u010dast\u00edc OberA<\/strong> je univerz\u00e1lny pr\u00edstroj na po\u010d\u00edtanie \u010dast\u00edc vo vzduchu.  <\/p>\n\n\n\n<p>Dok\u00e1\u017ee vypo\u010d\u00edta\u0165 \u0161es\u0165 r\u00f4znych granulometrick\u00fdch frakci\u00ed prachu (\u010dastice od 0,3 do 10 \u00b5m), ako aj zaznamen\u00e1va\u0165 vlhkos\u0165 a teplotu okolia.  <\/p>\n\n\n\n<p>V\u010faka tomu je po\u010d\u00edtadlo \u010dast\u00edc univerz\u00e1lnym zariaden\u00edm.<\/p>\n\n\n\n<hr class=\"wp-block-separator has-text-color has-black-color has-css-opacity has-black-background-color has-background is-style-dots\"\/>\n\n\n\n<div class=\"wp-block-columns is-layout-flex wp-container-core-columns-is-layout-28f84493 wp-block-columns-is-layout-flex\">\n<div class=\"wp-block-column is-layout-flow wp-block-column-is-layout-flow\" style=\"flex-basis:33.33%\">\n<div class=\"wp-block-buttons is-layout-flex wp-block-buttons-is-layout-flex\">\n<div class=\"wp-block-button\"><a class=\"wp-block-button__link wp-element-button\" href=\"https:\/\/obera.fr\/wp-content\/uploads\/2025\/04\/brochure-obdt-9883m-en.pdf\"><strong>STIAHNU\u0164<\/strong>BRO\u017d\u00daRU<\/a><\/div>\n<\/div>\n<\/div>\n\n\n\n<div class=\"wp-block-column is-layout-flow wp-block-column-is-layout-flow\" style=\"flex-basis:33.34%\">\n<div class=\"wp-block-buttons is-horizontal is-content-justification-center is-layout-flex wp-container-core-buttons-is-layout-03627597 wp-block-buttons-is-layout-flex\">\n<div class=\"wp-block-button has-custom-width wp-block-button__width-100\"><a class=\"wp-block-button__link wp-element-button\" href=\"https:\/\/obera.fr\/sk\/kontaktujte-nas\/\">Ve\u010d o tem<\/a><\/div>\n<\/div>\n<\/div>\n\n\n\n<div class=\"wp-block-column is-layout-flow wp-block-column-is-layout-flow\" style=\"flex-basis:33.34%\">\n<div class=\"wp-block-buttons is-content-justification-center is-layout-flex wp-container-core-buttons-is-layout-a89b3969 wp-block-buttons-is-layout-flex\">\n<div class=\"wp-block-button btn-devis-source\"><a class=\"wp-block-button__link wp-element-button\" href=\"https:\/\/obera.fr\/sk\/devis\/\">Po\u017eiada\u0165 o cenov\u00fa ponuku<\/a><\/div>\n<\/div>\n\n\n<script>\r\ndocument.addEventListener('DOMContentLoaded', function() {\r\n    \/\/ 1. On cherche le titre H1 de la page\r\n    var h1 = document.querySelector('h1');\r\n    var productTitle = h1 ? h1.innerText.trim() : \"\";\r\n\r\n    \/\/ 2. On cherche les boutons via la classe CSS .btn-devis-source\r\n    var buttons = document.querySelectorAll('.btn-devis-source a');\r\n\r\n    \/\/ 3. Si on a le titre et les boutons, on ajoute le param\u00e8tre\r\n    if (buttons.length > 0 && productTitle !== \"\") {\r\n        var encodedTitle = encodeURIComponent(productTitle);\r\n\r\n        buttons.forEach(function(btn) {\r\n            var currentHref = btn.getAttribute('href');\r\n            \r\n            \/\/ S\u00e9curit\u00e9 pour ne pas ajouter le param\u00e8tre 2 fois\r\n            if (currentHref.indexOf('sujet=') === -1) {\r\n                var separator = currentHref.indexOf('?') !== -1 ? '&' : '?';\r\n                var newLink = currentHref + separator + 'sujet=' + encodedTitle;\r\n                \r\n                btn.setAttribute('href', newLink);\r\n            }\r\n        });\r\n    }\r\n});\r\n<\/script><\/div>\n<\/div>\n\n\n\n<p><\/p>\n<\/div>\n<\/div>\n\n\n\n<h2 class=\"wp-block-heading\">V\u00fdhody \u010d\u00edta\u010diek \u010dast\u00edc<\/h2>\n\n\n\n<div class=\"wp-block-columns is-layout-flex wp-container-core-columns-is-layout-28f84493 wp-block-columns-is-layout-flex\">\n<div class=\"wp-block-column is-layout-flow wp-block-column-is-layout-flow\">\n<h3 class=\"wp-block-heading has-text-align-center\"><strong>V\u00fdhody<\/strong><\/h3>\n\n\n\n<ul class=\"wp-block-list\">\n<li>Deteguje 6 ve\u013ekost\u00ed (0,3\/0,5\/1,0\/2,5\/5,0\/10 \u03bcm)<\/li>\n\n\n\n<li>Meranie teploty a vlhkosti<\/li>\n\n\n\n<li>Integrovan\u00e1 kamera na z\u00e1znam obrazu a videa<\/li>\n<\/ul>\n<\/div>\n\n\n\n<div class=\"wp-block-column is-layout-flow wp-block-column-is-layout-flow\">\n<h3 class=\"wp-block-heading has-text-align-center\"><strong>Pr\u00edklady pou\u017e\u00edvate\u013esk\u00fdch odvetv\u00ed<\/strong><\/h3>\n\n\n\n<ul class=\"wp-block-list\">\n<li>\u0160ed\u00e9 izby<\/li>\n\n\n\n<li>Stroj\u00e1rstvo<\/li>\n\n\n\n<li>Hutn\u00edctvo<\/li>\n\n\n\n<li>Plasty<\/li>\n\n\n\n<li>Drevo<\/li>\n\n\n\n<li>Petrochemick\u00e9 v\u00fdrobky<\/li>\n\n\n\n<li>Polym\u00e9ry a plasty<\/li>\n\n\n\n<li>Farmaceutick\u00e9 v\u00fdrobky<\/li>\n\n\n\n<li>Potravin\u00e1rsky priemysel<\/li>\n<\/ul>\n<\/div>\n<\/div>\n\n\n\n<h2 class=\"wp-block-heading\">Meran\u00e9 zne\u010dis\u0165uj\u00face l\u00e1tky<\/h2>\n\n\n\n<div class=\"wp-block-columns is-layout-flex wp-container-core-columns-is-layout-28f84493 wp-block-columns-is-layout-flex\">\n<div class=\"wp-block-column is-layout-flow wp-block-column-is-layout-flow\">\n<h3 class=\"wp-block-heading\"><strong>Senzor prachu PM 0,3 a\u017e PM 10<\/strong><\/h3>\n\n\n\n<p>(\u010dastice v\u00e4\u010d\u0161ie ako 0,3 \u00b5g a\u017e 10 \u00b5m)<\/p>\n\n\n\n<p>Analyz\u00e1tor \u010dast\u00edc oberA dok\u00e1\u017ee s\u00fa\u010dasne mera\u0165 6 ve\u013ekost\u00ed \u010dast\u00edc. :<\/p>\n\n\n\n<p>0,3 \u00b5m \/ 0,5 \u00b5m \/ 1 \u00b5m \/ 2,5 \u00b5m \/ 5 \u00b5m \/ 10 \u00b5m<\/p>\n<\/div>\n\n\n\n<div class=\"wp-block-column is-layout-flow wp-block-column-is-layout-flow\">\n<h3 class=\"wp-block-heading\"><strong>Sn\u00edma\u010d teploty<\/strong><\/h3>\n\n\n\n<p>Rozsah merania od -0 do +50 \u00b0C<\/p>\n<\/div>\n\n\n\n<div class=\"wp-block-column is-layout-flow wp-block-column-is-layout-flow\">\n<h3 class=\"wp-block-heading\"><strong>Relat\u00edvna vlhkos\u0165<\/strong><\/h3>\n\n\n\n<p>Meria relat\u00edvnu vlhkos\u0165 od 0 do 100 %<\/p>\n<\/div>\n<\/div>\n\n\n\n<div class=\"wp-block-buttons is-horizontal is-content-justification-center is-layout-flex wp-container-core-buttons-is-layout-03627597 wp-block-buttons-is-layout-flex\">\n<div class=\"wp-block-button\"><a class=\"wp-block-button__link wp-element-button\" href=\"https:\/\/obera.fr\/wp-content\/uploads\/2024\/02\/brochure-compteur-de-particules-.pdf\">Stiahnite si produktov\u00fd list<\/a><\/div>\n<\/div>\n\n\n\n<hr class=\"wp-block-separator has-css-opacity is-style-dots\"\/>\n\n\n\n<h2 class=\"wp-block-heading\">Ostatn\u00e9 analyz\u00e1tory vzduchu OberA<\/h2>\n\n\n\n<div class=\"wp-block-columns is-layout-flex wp-container-core-columns-is-layout-28f84493 wp-block-columns-is-layout-flex\">\n<div class=\"wp-block-column is-layout-flow wp-block-column-is-layout-flow\"><\/div>\n\n\n\n<div class=\"wp-block-column is-layout-flow wp-block-column-is-layout-flow\">\n<figure class=\"wp-block-image aligncenter size-medium is-resized\"><a href=\"https:\/\/obera.fr\/produits\/analyseurs-air\/capteur-co2-obcare\/\"><img decoding=\"async\" width=\"300\" height=\"212\" src=\"https:\/\/obera.fr\/wp-content\/uploads\/2021\/09\/Capteur_CO2_OBCARE-2-300x212.png\" alt=\"Senzor CO2 obcare\" class=\"wp-image-6918\" srcset=\"https:\/\/obera.fr\/wp-content\/uploads\/2021\/09\/Capteur_CO2_OBCARE-2-300x212.png 300w, https:\/\/obera.fr\/wp-content\/uploads\/2021\/09\/Capteur_CO2_OBCARE-2-768x542.png 768w, https:\/\/obera.fr\/wp-content\/uploads\/2021\/09\/Capteur_CO2_OBCARE-2.png 921w\" sizes=\"(max-width: 300px) 100vw, 300px\" \/><\/a><figcaption class=\"wp-element-caption\">OBCARE<\/figcaption><\/figure>\n<\/div>\n\n\n\n<div class=\"wp-block-column is-layout-flow wp-block-column-is-layout-flow\"><\/div>\n\n\n\n<div class=\"wp-block-column is-layout-flow wp-block-column-is-layout-flow\"><\/div>\n<\/div>\n\n\n\n<p><\/p>\n","protected":false},"excerpt":{"rendered":"<p>Monitorovanie \u00farovne pra\u0161nosti Po\u010d\u00edta\u010d \u010dast\u00edc OberA je univerz\u00e1lny pr\u00edstroj na po\u010d\u00edtanie \u010dast\u00edc vo vzduchu. Dok\u00e1\u017ee vypo\u010d\u00edta\u0165 \u0161es\u0165 r\u00f4znych granulometrick\u00fdch frakci\u00ed prachu (\u010dastice od 0,3 do 10 \u00b5m), ako aj zaznamen\u00e1va\u0165 vlhkos\u0165 a teplotu okolia. V\u010faka tomu je po\u010d\u00edtadlo \u010dast\u00edc univerz\u00e1lnym zariaden\u00edm. V\u00fdhody \u010d\u00edta\u010diek \u010dast\u00edc V\u00fdhody Pr\u00edklady pou\u017e\u00edvate\u013esk\u00fdch odvetv\u00ed Meran\u00e9 zne\u010dis\u0165uj\u00face l\u00e1tky Senzor prachu PM 0,3 a\u017e PM 10 (\u010dastice v\u00e4\u010d\u0161ie ako 0,3 \u00b5g a\u017e 10 \u00b5m) Analyz\u00e1tor \u010dast\u00edc oberA dok\u00e1\u017ee s\u00fa\u010dasne mera\u0165 6 ve\u013ekost\u00ed \u010dast\u00edc. : 0,3 \u00b5m \/ 0,5 \u00b5m \/ 1 \u00b5m \/ 2,5 \u00b5m \/ 5 \u00b5m \/ 10 \u00b5m Sn\u00edma\u010d teploty Rozsah merania od -0 do &#8230; <\/p>\n<p class=\"read-more-container\"><a title=\"Po\u010d\u00edtadlo \u010dast\u00edc\" class=\"read-more button\" href=\"https:\/\/obera.fr\/sk\/produits\/analyseurs-air\/compteur-particules\/#more-48356\" aria-label=\"Pre\u010d\u00edtajte si viac o Po\u010d\u00edtadlo \u010dast\u00edc\">Lire la suite<\/a><\/p>\n","protected":false},"author":4,"featured_media":83749,"parent":48354,"menu_order":0,"comment_status":"closed","ping_status":"closed","template":"","meta":{"_acf_changed":false,"_seopress_robots_primary_cat":"","_seopress_titles_title":"Compteur de particules de poussi\u00e8res dans l'air","_seopress_titles_desc":"Le compteur oberA permet de compter des particules dans l\u2019air. Il est capable de calculer six fractions granulom\u00e9triques de poussi\u00e8res diff\u00e9rentes.","_seopress_robots_index":"","footnotes":""},"class_list":{"0":"post-48356","1":"page","2":"type-page","3":"status-publish","4":"has-post-thumbnail","6":"no-featured-image-padding","7":"resize-featured-image"},"acf":[],"_links":{"self":[{"href":"https:\/\/obera.fr\/sk\/wp-json\/wp\/v2\/pages\/48356","targetHints":{"allow":["GET"]}}],"collection":[{"href":"https:\/\/obera.fr\/sk\/wp-json\/wp\/v2\/pages"}],"about":[{"href":"https:\/\/obera.fr\/sk\/wp-json\/wp\/v2\/types\/page"}],"author":[{"embeddable":true,"href":"https:\/\/obera.fr\/sk\/wp-json\/wp\/v2\/users\/4"}],"replies":[{"embeddable":true,"href":"https:\/\/obera.fr\/sk\/wp-json\/wp\/v2\/comments?post=48356"}],"version-history":[{"count":3,"href":"https:\/\/obera.fr\/sk\/wp-json\/wp\/v2\/pages\/48356\/revisions"}],"predecessor-version":[{"id":108451,"href":"https:\/\/obera.fr\/sk\/wp-json\/wp\/v2\/pages\/48356\/revisions\/108451"}],"up":[{"embeddable":true,"href":"https:\/\/obera.fr\/sk\/wp-json\/wp\/v2\/pages\/48354"}],"wp:featuredmedia":[{"embeddable":true,"href":"https:\/\/obera.fr\/sk\/wp-json\/wp\/v2\/media\/83749"}],"wp:attachment":[{"href":"https:\/\/obera.fr\/sk\/wp-json\/wp\/v2\/media?parent=48356"}],"curies":[{"name":"wp","href":"https:\/\/api.w.org\/{rel}","templated":true}]}}