{"id":48519,"date":"2020-05-01T17:18:39","date_gmt":"2020-05-01T15:18:39","guid":{"rendered":"https:\/\/obera.fr\/nase-produkty\/priemyselne-vysavace\/"},"modified":"2025-04-22T09:37:53","modified_gmt":"2025-04-22T07:37:53","slug":"aspirateurs-industriels","status":"publish","type":"page","link":"https:\/\/obera.fr\/sk\/produits\/aspirateurs-industriels\/","title":{"rendered":"Priemyseln\u00e9 vys\u00e1va\u010de"},"content":{"rendered":"\n<p>Vysoko v\u00fdkonn\u00e9 <strong>priemyseln\u00e9 vys\u00e1va\u010de na<\/strong> vys\u00e1vanie v\u0161etk\u00fdch typov such\u00e9ho prachu z podl\u00e1h a pracovn\u00fdch priestorov.<\/p>\n\n<div class=\"wp-block-buttons is-horizontal is-content-justification-center is-layout-flex wp-container-core-buttons-is-layout-03627597 wp-block-buttons-is-layout-flex\">\n<div class=\"wp-block-button has-custom-width wp-block-button__width-100\"><a class=\"wp-block-button__link wp-element-button\" href=\"https:\/\/obera.fr\/sk\/kontaktujte-nas\/\">Ve\u010d o tem<\/a><\/div>\n<\/div>\n\n<p><\/p>\n\n<h2 class=\"wp-block-heading\">Na\u0161e priemyseln\u00e9 vys\u00e1va\u010de na mokr\u00e9 a such\u00e9 vys\u00e1vanie<\/h2>\n\n<div class=\"wp-block-columns is-layout-flex wp-container-core-columns-is-layout-28f84493 wp-block-columns-is-layout-flex\">\n<div class=\"wp-block-column is-layout-flow wp-block-column-is-layout-flow\">\n<h3 class=\"wp-block-heading has-text-align-center\"><a href=\"https:\/\/obera.fr\/sk\/produits\/aspirateurs-industriels\/w2-xr-atex-22\/\" data-type=\"page\" data-id=\"29423\">W2 XR<\/a><\/h3>\n\n\n\n<figure class=\"wp-block-image aligncenter size-full is-resized\"><a href=\"https:\/\/obera.fr\/produits\/aspirateurs-industriels\/w2-xr-atex-22\/\"><img decoding=\"async\" width=\"566\" height=\"671\" src=\"https:\/\/obera.fr\/wp-content\/uploads\/2024\/10\/w2-xr-2.png\" alt=\"Priemyseln&#xE9; vys&#xE1;va&#x10D;e  \" class=\"wp-image-35431\" style=\"width:250px\" srcset=\"https:\/\/obera.fr\/wp-content\/uploads\/2024\/10\/w2-xr-2.png 566w, https:\/\/obera.fr\/wp-content\/uploads\/2024\/10\/w2-xr-2-253x300.png 253w\" sizes=\"(max-width: 566px) 100vw, 566px\" \/><\/a><\/figure>\n<\/div>\n\n\n\n<div class=\"wp-block-column is-layout-flow wp-block-column-is-layout-flow\">\n<h3 class=\"wp-block-heading has-text-align-center\"><a href=\"https:\/\/obera.fr\/sk\/produits\/aspirateurs-industriels\/w2-haute-filtration-polyvalence\/\" data-type=\"page\" data-id=\"29386\">W2<\/a><\/h3>\n\n\n\n<figure class=\"wp-block-image aligncenter size-full is-resized\"><a href=\"https:\/\/obera.fr\/produits\/aspirateurs-industriels\/w2-haute-filtration-polyvalence\/\"><img decoding=\"async\" width=\"711\" height=\"622\" src=\"https:\/\/obera.fr\/wp-content\/uploads\/2024\/10\/w2.png\" alt=\"Priemyseln&#xE9; vys&#xE1;va&#x10D;e  \" class=\"wp-image-35424\" style=\"object-fit:cover;width:250px;height:280px\" srcset=\"https:\/\/obera.fr\/wp-content\/uploads\/2024\/10\/w2.png 711w, https:\/\/obera.fr\/wp-content\/uploads\/2024\/10\/w2-300x262.png 300w\" sizes=\"(max-width: 711px) 100vw, 711px\" \/><\/a><\/figure>\n<\/div>\n\n\n\n<div class=\"wp-block-column is-layout-flow wp-block-column-is-layout-flow\">\n<h3 class=\"wp-block-heading has-text-align-center\"><a href=\"https:\/\/obera.fr\/sk\/produits\/aspirateurs-industriels\/w3-pour-nettoyage-general\/\">W3<\/a><\/h3>\n\n\n\n<figure class=\"wp-block-image aligncenter size-full is-resized\"><a href=\"https:\/\/obera.fr\/produits\/aspirateurs-industriels\/w3-pour-nettoyage-general\/\"><img decoding=\"async\" width=\"658\" height=\"652\" src=\"https:\/\/obera.fr\/wp-content\/uploads\/2024\/10\/w3.png\" alt=\"Priemyseln&#xE9; vys&#xE1;va&#x10D;e\" class=\"wp-image-35427\" style=\"object-fit:cover;width:250px;height:280px\" srcset=\"https:\/\/obera.fr\/wp-content\/uploads\/2024\/10\/w3.png 658w, https:\/\/obera.fr\/wp-content\/uploads\/2024\/10\/w3-300x297.png 300w, https:\/\/obera.fr\/wp-content\/uploads\/2024\/10\/w3-150x150.png 150w, https:\/\/obera.fr\/wp-content\/uploads\/2024\/10\/w3-24x24.png 24w, https:\/\/obera.fr\/wp-content\/uploads\/2024\/10\/w3-48x48.png 48w, https:\/\/obera.fr\/wp-content\/uploads\/2024\/10\/w3-96x96.png 96w\" sizes=\"(max-width: 658px) 100vw, 658px\" \/><\/a><\/figure>\n<\/div>\n<\/div>\n\n<div class=\"wp-block-columns is-layout-flex wp-container-core-columns-is-layout-28f84493 wp-block-columns-is-layout-flex\">\n<div class=\"wp-block-column is-layout-flow wp-block-column-is-layout-flow\"><\/div>\n\n\n\n<div class=\"wp-block-column is-layout-flow wp-block-column-is-layout-flow\"><\/div>\n<\/div>\n\n<h2 class=\"wp-block-heading\">Nas\u00e1vacie ventil\u00e1tory<\/h2>\n\n<h4 class=\"wp-block-heading\"><a href=\"https:\/\/obera.fr\/sk\/produits\/aspirateurs-industriels\/ventilateurs-aspiration-gamme-eurosog-rg-100-800\/\" data-type=\"page\" data-id=\"29434\">RG 100-800<\/a><\/h4>\n\n<div class=\"wp-block-columns is-layout-flex wp-container-core-columns-is-layout-28f84493 wp-block-columns-is-layout-flex\">\n<div class=\"wp-block-column is-layout-flow wp-block-column-is-layout-flow\">\n<figure class=\"wp-block-image aligncenter size-full is-resized\"><a href=\"https:\/\/obera.fr\/produits\/aspirateurs-industriels\/ventilateurs-aspiration-gamme-eurosog-rg-100-800\/\"><img decoding=\"async\" width=\"320\" height=\"321\" src=\"https:\/\/obera.fr\/wp-content\/uploads\/2024\/05\/rg-serie.jpg\" alt=\"s&#xE9;ria rg\" class=\"wp-image-31125\" style=\"width:263px\" srcset=\"https:\/\/obera.fr\/wp-content\/uploads\/2024\/05\/rg-serie.jpg 320w, https:\/\/obera.fr\/wp-content\/uploads\/2024\/05\/rg-serie-300x300.jpg 300w, https:\/\/obera.fr\/wp-content\/uploads\/2024\/05\/rg-serie-150x150.jpg 150w\" sizes=\"(max-width: 320px) 100vw, 320px\" \/><\/a><figcaption class=\"wp-element-caption\">RG 300<\/figcaption><\/figure>\n<\/div>\n\n\n\n<div class=\"wp-block-column is-layout-flow wp-block-column-is-layout-flow\">\n<p class=\"has-text-align-center\"><\/p>\n\n\n\n<figure class=\"wp-block-image aligncenter size-full is-resized\"><a href=\"https:\/\/obera.fr\/produits\/aspirateurs-industriels\/ventilateurs-aspiration-gamme-eurosog-rg-100-800\/\"><img decoding=\"async\" width=\"1280\" height=\"1280\" src=\"https:\/\/obera.fr\/wp-content\/uploads\/2024\/06\/rg-400.png\" alt=\"rg 400\" class=\"wp-image-31502\" style=\"width:248px\" srcset=\"https:\/\/obera.fr\/wp-content\/uploads\/2024\/06\/rg-400.png 1280w, https:\/\/obera.fr\/wp-content\/uploads\/2024\/06\/rg-400-300x300.png 300w, https:\/\/obera.fr\/wp-content\/uploads\/2024\/06\/rg-400-1024x1024.png 1024w, https:\/\/obera.fr\/wp-content\/uploads\/2024\/06\/rg-400-150x150.png 150w, https:\/\/obera.fr\/wp-content\/uploads\/2024\/06\/rg-400-768x768.png 768w\" sizes=\"(max-width: 1280px) 100vw, 1280px\" \/><\/a><\/figure>\n\n\n\n<p class=\"has-text-align-center\">RG 400<\/p>\n<\/div>\n<\/div>\n","protected":false},"excerpt":{"rendered":"<p>Vysoko v\u00fdkonn\u00e9 priemyseln\u00e9 vys\u00e1va\u010de na vys\u00e1vanie v\u0161etk\u00fdch typov such\u00e9ho prachu z podl\u00e1h a pracovn\u00fdch priestorov. Na\u0161e priemyseln\u00e9 vys\u00e1va\u010de na mokr\u00e9 a such\u00e9 vys\u00e1vanie W2 XR W2 W3 Nas\u00e1vacie ventil\u00e1tory RG 100-800 RG 400<\/p>\n","protected":false},"author":4,"featured_media":83749,"parent":37923,"menu_order":9,"comment_status":"closed","ping_status":"closed","template":"","meta":{"_acf_changed":false,"_seopress_robots_primary_cat":"","_seopress_titles_title":"Aspirateurs industriels et ventilateurs d'aspiration OberA","_seopress_titles_desc":"Nettoyeurs industriels haute performance pour aspirer tous types de poussi\u00e8res s\u00e8ches et humides accumul\u00e9es sur les sols et les espaces de travail.","_seopress_robots_index":"","footnotes":""},"class_list":{"0":"post-48519","1":"page","2":"type-page","3":"status-publish","4":"has-post-thumbnail","6":"no-featured-image-padding","7":"resize-featured-image"},"acf":[],"_links":{"self":[{"href":"https:\/\/obera.fr\/sk\/wp-json\/wp\/v2\/pages\/48519","targetHints":{"allow":["GET"]}}],"collection":[{"href":"https:\/\/obera.fr\/sk\/wp-json\/wp\/v2\/pages"}],"about":[{"href":"https:\/\/obera.fr\/sk\/wp-json\/wp\/v2\/types\/page"}],"author":[{"embeddable":true,"href":"https:\/\/obera.fr\/sk\/wp-json\/wp\/v2\/users\/4"}],"replies":[{"embeddable":true,"href":"https:\/\/obera.fr\/sk\/wp-json\/wp\/v2\/comments?post=48519"}],"version-history":[{"count":6,"href":"https:\/\/obera.fr\/sk\/wp-json\/wp\/v2\/pages\/48519\/revisions"}],"predecessor-version":[{"id":69733,"href":"https:\/\/obera.fr\/sk\/wp-json\/wp\/v2\/pages\/48519\/revisions\/69733"}],"up":[{"embeddable":true,"href":"https:\/\/obera.fr\/sk\/wp-json\/wp\/v2\/pages\/37923"}],"wp:featuredmedia":[{"embeddable":true,"href":"https:\/\/obera.fr\/sk\/wp-json\/wp\/v2\/media\/83749"}],"wp:attachment":[{"href":"https:\/\/obera.fr\/sk\/wp-json\/wp\/v2\/media?parent=48519"}],"curies":[{"name":"wp","href":"https:\/\/api.w.org\/{rel}","templated":true}]}}