{"id":48652,"date":"2020-08-26T12:33:11","date_gmt":"2020-08-26T10:33:11","guid":{"rendered":"https:\/\/obera.fr\/nase-produkty\/filtre-olejovej-hmly\/"},"modified":"2025-04-22T09:43:03","modified_gmt":"2025-04-22T07:43:03","slug":"filtres-brouillard-huile","status":"publish","type":"page","link":"https:\/\/obera.fr\/sk\/produits\/filtres-brouillard-huile\/","title":{"rendered":"Filtre olejovej hmly"},"content":{"rendered":"\n<p>Vysoko v\u00fdkonn\u00fd filter <strong>olejovej hmly<\/strong>, ktor\u00fd sa prip\u00e1ja priamo k v\u00fdrobn\u00e9mu stroju.<\/p>\n\n<h2 class=\"wp-block-heading\" id=\"notre-gamme-de-filtres-a-brouillard-d-huile\">N\u00e1\u0161 sortiment filtrov olejovej hmly<\/h2>\n\n<div class=\"wp-block-columns is-layout-flex wp-container-core-columns-is-layout-28f84493 wp-block-columns-is-layout-flex\">\n<div class=\"wp-block-column is-vertically-aligned-top is-layout-flow wp-block-column-is-layout-flow\">\n<h3 class=\"wp-block-heading has-text-align-center\" id=\"oilmac\"><a href=\"https:\/\/obera.fr\/sk\/produits\/filtres-brouillard-huile\/oilmac\/\">Oilmac<\/a><\/h3>\n\n\n\n<figure class=\"wp-block-image aligncenter size-medium\"><a href=\"https:\/\/obera.fr\/produits\/filtres-brouillard-huile\/oilmac\/\"><img decoding=\"async\" width=\"300\" height=\"300\" src=\"https:\/\/obera.fr\/wp-content\/uploads\/2020\/08\/filtre-compact-OILMAC-300x300.png\" alt=\"Kompaktn&#xFD; filter Oilmac\" class=\"wp-image-641\" srcset=\"https:\/\/obera.fr\/wp-content\/uploads\/2020\/08\/filtre-compact-OILMAC-300x300.png 300w, https:\/\/obera.fr\/wp-content\/uploads\/2020\/08\/filtre-compact-OILMAC-150x150.png 150w, https:\/\/obera.fr\/wp-content\/uploads\/2020\/08\/filtre-compact-OILMAC.png 600w\" sizes=\"(max-width: 300px) 100vw, 300px\" \/><\/a><\/figure>\n\n\n\n<p><strong>OILMAC <\/strong>je <a href=\"https:\/\/obera.fr\/sk\/produits\/filtres-brouillard-huile\/oilmac\/\" data-type=\"page\" data-id=\"585\">kompaktn\u00fd, v\u00fdkonn\u00fd filter,<\/a> ktor\u00fd dok\u00e1\u017ee spracova\u0165 olejov\u00e9 a emulzn\u00e9 hmly, v\u00fdpary a aeros\u00f3ly. Jednotka sa zvy\u010dajne in\u0161taluje priamo na v\u00fdrobn\u00fd stroj a prip\u00e1ja sa flexibiln\u00fdm potrub\u00edm.   <\/p>\n\n\n\n<p>V\u010faka \u0161tvorstup\u0148ov\u00e9mu vysokov\u00fdkonn\u00e9mu filtra\u010dn\u00e9mu syst\u00e9mu vr\u00e1tane koncov\u00e9ho filtra HEPA 13 s\u00fa \u010dastice odfiltrovan\u00e9 na 99,95 % a vzduch sa m\u00f4\u017ee priamo vr\u00e1ti\u0165 do pracovn\u00e9ho priestoru. \u00dadr\u017eba sa zni\u017euje, preto\u017ee filtre sa daj\u00fa vymeni\u0165 bez pou\u017eitia n\u00e1radia. <\/p>\n<\/div>\n\n\n\n<div class=\"wp-block-column is-vertically-aligned-top is-layout-flow wp-block-column-is-layout-flow\">\n<h3 class=\"wp-block-heading has-text-align-center\" id=\"afs\"><a href=\"https:\/\/obera.fr\/sk\/produits\/filtres-brouillard-huile\/afs\/\">AFS<\/a><\/h3>\n\n\n\n<figure class=\"wp-block-image aligncenter size-medium\"><a href=\"https:\/\/obera.fr\/produits\/filtres-brouillard-huile\/afs\/\"><img decoding=\"async\" width=\"300\" height=\"300\" src=\"https:\/\/obera.fr\/wp-content\/uploads\/2020\/08\/AFS-installation-centralisee-brouillards-huiles-300x300.png\" alt=\"Afs Installation Centralisee Brouillards Huiles\" class=\"wp-image-643\" srcset=\"https:\/\/obera.fr\/wp-content\/uploads\/2020\/08\/AFS-installation-centralisee-brouillards-huiles-300x300.png 300w, https:\/\/obera.fr\/wp-content\/uploads\/2020\/08\/AFS-installation-centralisee-brouillards-huiles-150x150.png 150w, https:\/\/obera.fr\/wp-content\/uploads\/2020\/08\/AFS-installation-centralisee-brouillards-huiles.png 433w\" sizes=\"(max-width: 300px) 100vw, 300px\" \/><\/a><\/figure>\n\n\n\n<p><strong>AFS<\/strong> je <a href=\"https:\/\/obera.fr\/sk\/produits\/filtres-brouillard-huile\/afs\/\" data-type=\"page\" data-id=\"590\">centralizovan\u00e9 zariadenie pre olejov\u00e9 a emulzn\u00e9 hmly, v\u00fdpary a aeros\u00f3ly<\/a>. Je to rie\u0161enie \u0161it\u00e9 na mieru pre priamu in\u0161tal\u00e1ciu na va\u0161e obr\u00e1bacie centr\u00e1. Toto zariadenie m\u00e1 5 filtra\u010dn\u00fdch stup\u0148ov vr\u00e1tane absol\u00fatneho koncov\u00e9ho filtra typu HEPA 13, ktor\u00fd zaru\u010duje 99,95 % \u00fa\u010dinnos\u0165 filtr\u00e1cie \u010dast\u00edc.    <\/p>\n\n\n\n<p>Mo\u017en\u00e9 s\u00fa r\u00f4zne konfigur\u00e1cie: recykl\u00e1cia a op\u00e4tovn\u00e9 zavedenie filtrovan\u00e9ho vzduchu do budovy alebo odv\u00e1dzanie filtrovan\u00e9ho vzduchu a zavedenie \u010derstv\u00e9ho vzduchu s rekuper\u00e1ciou kal\u00f3ri\u00ed cez v\u00fdmenn\u00edk tepla. Obe konfigur\u00e1cie maxim\u00e1lne vyu\u017e\u00edvaj\u00fa teplo obsiahnut\u00e9 v pr\u00fadoch ods\u00e1van\u00e9ho vzduchu. <\/p>\n\n\n\n<p><\/p>\n<\/div>\n<\/div>\n\n<div class=\"wp-block-buttons is-horizontal is-content-justification-center is-layout-flex wp-container-core-buttons-is-layout-03627597 wp-block-buttons-is-layout-flex\">\n<div class=\"wp-block-button has-custom-width wp-block-button__width-100\"><a class=\"wp-block-button__link wp-element-button\" href=\"https:\/\/obera.fr\/sk\/kontaktujte-nas\/\">Ve\u010d o tem<\/a><\/div>\n<\/div>\n","protected":false},"excerpt":{"rendered":"<p>Vysoko v\u00fdkonn\u00fd filter olejovej hmly, ktor\u00fd sa prip\u00e1ja priamo k v\u00fdrobn\u00e9mu stroju. N\u00e1\u0161 sortiment filtrov olejovej hmly Oilmac OILMAC je kompaktn\u00fd, v\u00fdkonn\u00fd filter, ktor\u00fd dok\u00e1\u017ee spracova\u0165 olejov\u00e9 a emulzn\u00e9 hmly, v\u00fdpary a aeros\u00f3ly. Jednotka sa zvy\u010dajne in\u0161taluje priamo na v\u00fdrobn\u00fd stroj a prip\u00e1ja sa flexibiln\u00fdm potrub\u00edm. V\u010faka \u0161tvorstup\u0148ov\u00e9mu vysokov\u00fdkonn\u00e9mu filtra\u010dn\u00e9mu syst\u00e9mu vr\u00e1tane koncov\u00e9ho filtra HEPA 13 s\u00fa \u010dastice odfiltrovan\u00e9 na 99,95 % a vzduch sa m\u00f4\u017ee priamo vr\u00e1ti\u0165 do pracovn\u00e9ho priestoru. \u00dadr\u017eba sa zni\u017euje, preto\u017ee filtre sa daj\u00fa vymeni\u0165 bez pou\u017eitia n\u00e1radia. AFS AFS je centralizovan\u00e9 zariadenie pre olejov\u00e9 a emulzn\u00e9 hmly, v\u00fdpary a aeros\u00f3ly. Je to rie\u0161enie \u0161it\u00e9 na &#8230; <\/p>\n<p class=\"read-more-container\"><a title=\"Filtre olejovej hmly\" class=\"read-more button\" href=\"https:\/\/obera.fr\/sk\/produits\/filtres-brouillard-huile\/#more-48652\" aria-label=\"Pre\u010d\u00edtajte si viac o Filtre olejovej hmly\">Lire la suite<\/a><\/p>\n","protected":false},"author":4,"featured_media":83749,"parent":37923,"menu_order":10,"comment_status":"closed","ping_status":"closed","template":"","meta":{"_acf_changed":false,"_seopress_robots_primary_cat":"","_seopress_titles_title":"Priemyseln\u00e9 filtre olejovej hmly - oberA","_seopress_titles_desc":"Objavte n\u00e1\u0161 sortiment vysoko v\u00fdkonn\u00fdch filtrov olejovej hmly, ktor\u00e9 sa prip\u00e1jaj\u00fa priamo k v\u00fdrobn\u00e9mu stroju, OILMAC a AFS.","_seopress_robots_index":"","footnotes":""},"class_list":{"0":"post-48652","1":"page","2":"type-page","3":"status-publish","4":"has-post-thumbnail","6":"no-featured-image-padding","7":"resize-featured-image"},"acf":[],"_links":{"self":[{"href":"https:\/\/obera.fr\/sk\/wp-json\/wp\/v2\/pages\/48652","targetHints":{"allow":["GET"]}}],"collection":[{"href":"https:\/\/obera.fr\/sk\/wp-json\/wp\/v2\/pages"}],"about":[{"href":"https:\/\/obera.fr\/sk\/wp-json\/wp\/v2\/types\/page"}],"author":[{"embeddable":true,"href":"https:\/\/obera.fr\/sk\/wp-json\/wp\/v2\/users\/4"}],"replies":[{"embeddable":true,"href":"https:\/\/obera.fr\/sk\/wp-json\/wp\/v2\/comments?post=48652"}],"version-history":[{"count":3,"href":"https:\/\/obera.fr\/sk\/wp-json\/wp\/v2\/pages\/48652\/revisions"}],"predecessor-version":[{"id":83979,"href":"https:\/\/obera.fr\/sk\/wp-json\/wp\/v2\/pages\/48652\/revisions\/83979"}],"up":[{"embeddable":true,"href":"https:\/\/obera.fr\/sk\/wp-json\/wp\/v2\/pages\/37923"}],"wp:featuredmedia":[{"embeddable":true,"href":"https:\/\/obera.fr\/sk\/wp-json\/wp\/v2\/media\/83749"}],"wp:attachment":[{"href":"https:\/\/obera.fr\/sk\/wp-json\/wp\/v2\/media?parent=48652"}],"curies":[{"name":"wp","href":"https:\/\/api.w.org\/{rel}","templated":true}]}}