{"id":48655,"date":"2020-08-26T13:06:25","date_gmt":"2020-08-26T11:06:25","guid":{"rendered":"https:\/\/obera.fr\/filter-olejovej-hmly-afs\/"},"modified":"2025-06-03T13:14:48","modified_gmt":"2025-06-03T11:14:48","slug":"afs","status":"publish","type":"page","link":"https:\/\/obera.fr\/sk\/produits\/filtres-brouillard-huile\/afs\/","title":{"rendered":"Filter olejovej hmly AFS"},"content":{"rendered":"\n<p><a href=\"https:\/\/obera.fr\/sk\/produits\/filtres-brouillard-huile\/\" data-type=\"page\" data-id=\"376\">Filtre olejovej hmly<\/a> AFS s\u00fa rie\u0161en\u00edm \u0161it\u00fdm na mieru na priame vybavenie obr\u00e1bac\u00edch strojov alebo ich centr\u00e1lne vys\u00e1vanie.<\/p>\n\n\n\n<p>Sortiment AFS pokr\u00fdva <strong>sacie prietoky od 400 do 16 000 m\u00b3\/h<\/strong>.<\/p>\n\n\n\n<h2 class=\"wp-block-heading\">Centralizovan\u00e9 zariadenia pre olejov\u00e9 a emulzn\u00e9 hmly, v\u00fdpary a aeros\u00f3ly<\/h2>\n\n\n\n<div class=\"wp-block-columns is-layout-flex wp-container-core-columns-is-layout-28f84493 wp-block-columns-is-layout-flex\">\n<div class=\"wp-block-column is-layout-flow wp-block-column-is-layout-flow\" style=\"flex-basis:33.33%\">\n<figure class=\"wp-block-image aligncenter size-medium\"><img decoding=\"async\" width=\"300\" height=\"300\" src=\"https:\/\/obera.fr\/wp-content\/uploads\/2020\/08\/AFS-installation-centralisee-brouillards-huiles-300x300.png\" alt=\"Afs Installation Centralisee Brouillards Huiles\" class=\"wp-image-643\" srcset=\"https:\/\/obera.fr\/wp-content\/uploads\/2020\/08\/AFS-installation-centralisee-brouillards-huiles-300x300.png 300w, https:\/\/obera.fr\/wp-content\/uploads\/2020\/08\/AFS-installation-centralisee-brouillards-huiles-150x150.png 150w, https:\/\/obera.fr\/wp-content\/uploads\/2020\/08\/AFS-installation-centralisee-brouillards-huiles.png 433w\" sizes=\"(max-width: 300px) 100vw, 300px\" \/><\/figure>\n<\/div>\n\n\n\n<div class=\"wp-block-column is-layout-flow wp-block-column-is-layout-flow\" style=\"flex-basis:66.66%\">\n<p><strong>Technol\u00f3gia AFS<\/strong> pozost\u00e1va z 5 stup\u0148ov \u00fapravy: kovov\u00e9 sie\u0165ov\u00e9 filtre, polyesterov\u00e1 pls\u0165 a separ\u00e1tor AFS-Longlife, ktor\u00fd tvor\u00ed jadro \u00fapravy.<\/p>\n\n\n\n<p>&gt;Zariadenia s\u00fa vybaven\u00e9 <strong>absol\u00fatnou koncovou filtr\u00e1ciou HEPA typu H13<\/strong> (\u0161tandardizovan\u00e1 \u00fa\u010dinnos\u0165 zaru\u010den\u00e1 na 99,95 % pre \u010dastice 0,3 \u00b5m). Vzh\u013eadom na ve\u013emi vysok\u00fa \u00fa\u010dinnos\u0165 hlavnej filtr\u00e1cie maj\u00fa absol\u00fatne filtre ve\u013emi dlh\u00fa \u017eivotnos\u0165, a to aj pri nepretr\u017eitej 3-stani\u010dnej prev\u00e1dzke. <\/p>\n\n\n\n<p>Mo\u017en\u00e9 s\u00fa r\u00f4zne konfigur\u00e1cie: recykl\u00e1cia a op\u00e4tovn\u00e9 zavedenie filtrovan\u00e9ho vzduchu do budovy alebo odv\u00e1dzanie filtrovan\u00e9ho vzduchu a zavedenie \u010derstv\u00e9ho vzduchu s rekuper\u00e1ciou kal\u00f3ri\u00ed cez v\u00fdmenn\u00edk tepla. <strong>Rie\u0161enia ods\u00e1vania AFS<\/strong> (recykl\u00e1cia alebo v\u00fdmenn\u00edky tepla) umo\u017e\u0148uj\u00fa maxim\u00e1lne op\u00e4tovn\u00e9 vyu\u017eitie tepla obsiahnut\u00e9ho v pr\u00fadoch ods\u00e1van\u00e9ho vzduchu. <\/p>\n\n\n\n<hr class=\"wp-block-separator has-text-color has-black-color has-css-opacity has-black-background-color has-background is-style-dots\"\/>\n\n\n\n<div class=\"wp-block-columns is-layout-flex wp-container-core-columns-is-layout-28f84493 wp-block-columns-is-layout-flex\">\n<div class=\"wp-block-column is-layout-flow wp-block-column-is-layout-flow\" style=\"flex-basis:33.33%\">\n<div class=\"wp-block-buttons is-layout-flex wp-block-buttons-is-layout-flex\">\n<div class=\"wp-block-button\"><a class=\"wp-block-button__link wp-element-button\" href=\"https:\/\/obera.fr\/wp-content\/uploads\/2025\/06\/brochure-afs-en.pdf\">STIAHNU\u0164 BRO\u017d\u00daRU<\/a><\/div>\n<\/div>\n<\/div>\n\n\n\n<div class=\"wp-block-column is-layout-flow wp-block-column-is-layout-flow\" style=\"flex-basis:33.34%\">\n<div class=\"wp-block-buttons is-horizontal is-content-justification-center is-layout-flex wp-container-core-buttons-is-layout-03627597 wp-block-buttons-is-layout-flex\">\n<div class=\"wp-block-button has-custom-width wp-block-button__width-100\"><a class=\"wp-block-button__link wp-element-button\" href=\"https:\/\/obera.fr\/sk\/kontaktujte-nas\/\">Ve\u010d o tem<\/a><\/div>\n<\/div>\n<\/div>\n\n\n\n<div class=\"wp-block-column is-layout-flow wp-block-column-is-layout-flow\" style=\"flex-basis:33.34%\">\n<div class=\"wp-block-buttons is-content-justification-center is-layout-flex wp-container-core-buttons-is-layout-a89b3969 wp-block-buttons-is-layout-flex\">\n<div class=\"wp-block-button btn-devis-source\"><a class=\"wp-block-button__link wp-element-button\" href=\"https:\/\/obera.fr\/sk\/devis\/\">Po\u017eiada\u0165 o cenov\u00fa ponuku<\/a><\/div>\n<\/div>\n\n\n<script>\r\ndocument.addEventListener('DOMContentLoaded', function() {\r\n    \/\/ 1. On cherche le titre H1 de la page\r\n    var h1 = document.querySelector('h1');\r\n    var productTitle = h1 ? h1.innerText.trim() : \"\";\r\n\r\n    \/\/ 2. On cherche les boutons via la classe CSS .btn-devis-source\r\n    var buttons = document.querySelectorAll('.btn-devis-source a');\r\n\r\n    \/\/ 3. Si on a le titre et les boutons, on ajoute le param\u00e8tre\r\n    if (buttons.length > 0 && productTitle !== \"\") {\r\n        var encodedTitle = encodeURIComponent(productTitle);\r\n\r\n        buttons.forEach(function(btn) {\r\n            var currentHref = btn.getAttribute('href');\r\n            \r\n            \/\/ S\u00e9curit\u00e9 pour ne pas ajouter le param\u00e8tre 2 fois\r\n            if (currentHref.indexOf('sujet=') === -1) {\r\n                var separator = currentHref.indexOf('?') !== -1 ? '&' : '?';\r\n                var newLink = currentHref + separator + 'sujet=' + encodedTitle;\r\n                \r\n                btn.setAttribute('href', newLink);\r\n            }\r\n        });\r\n    }\r\n});\r\n<\/script><\/div>\n<\/div>\n\n\n\n<p><\/p>\n<\/div>\n<\/div>\n\n\n\n<h2 class=\"wp-block-heading\">V\u00fdhody AFS<\/h2>\n\n\n\n<div class=\"wp-block-columns is-layout-flex wp-container-core-columns-is-layout-28f84493 wp-block-columns-is-layout-flex\">\n<div class=\"wp-block-column is-layout-flow wp-block-column-is-layout-flow\">\n<h3 class=\"wp-block-heading has-text-align-center\"><strong>V\u00fdhody<\/strong><\/h3>\n\n\n\n<ul class=\"wp-block-list\">\n<li>Jednoduch\u00e9 pripojenie k v\u00fdrobn\u00e9mu stroju<\/li>\n\n\n\n<li>Na stroji alebo centr\u00e1lne<\/li>\n\n\n\n<li>Kompaktn\u00fd syst\u00e9m<\/li>\n\n\n\n<li>5 stup\u0148ov filtr\u00e1cie na \u00fa\u010dinn\u00fa \u00fapravu vzduchu<\/li>\n\n\n\n<li>V\u00fdmena a \u00fadr\u017eba filtra bez pou\u017eitia n\u00e1radia<\/li>\n<\/ul>\n<\/div>\n\n\n\n<div class=\"wp-block-column is-layout-flow wp-block-column-is-layout-flow\">\n<h3 class=\"wp-block-heading has-text-align-center\"><strong>\u0160peci\u00e1lne funkcie<\/strong><\/h3>\n\n\n\n<ul class=\"wp-block-list\">\n<li>Patentovan\u00fd syst\u00e9m v\u00fdmeny filtra bez pou\u017eitia n\u00e1radia<\/li>\n\n\n\n<li>Ru\u010dn\u00e9 \u010distenie spotrebi\u010da<\/li>\n\n\n\n<li>Mechanick\u00e1 filtr\u00e1cia<\/li>\n<\/ul>\n<\/div>\n\n\n\n<div class=\"wp-block-column is-layout-flow wp-block-column-is-layout-flow\">\n<h3 class=\"wp-block-heading has-text-align-center\"><strong>Funkcie<\/strong><\/h3>\n\n\n\n<ul class=\"wp-block-list\">\n<li>Extrakcia olejov\u00fdch hmiel a emulzi\u00ed, v\u00fdparov a aeros\u00f3lov<\/li>\n\n\n\n<li>M\u00f4\u017ee by\u0165 in\u0161talovan\u00fd priamo na NC obr\u00e1bacom centre alebo centr\u00e1lne<\/li>\n<\/ul>\n<\/div>\n<\/div>\n\n\n\n<h2 class=\"wp-block-heading\">Aplik\u00e1cie<\/h2>\n\n\n\n<div class=\"wp-block-columns is-layout-flex wp-container-core-columns-is-layout-28f84493 wp-block-columns-is-layout-flex\">\n<div class=\"wp-block-column is-layout-flow wp-block-column-is-layout-flow\">\n<h3 class=\"wp-block-heading has-text-align-center\">Zne\u010dis\u0165uj\u00face l\u00e1tky<\/h3>\n\n\n\n<hr class=\"wp-block-separator has-css-opacity is-style-wide\"\/>\n\n\n\n<div class=\"wp-block-columns is-layout-flex wp-container-core-columns-is-layout-28f84493 wp-block-columns-is-layout-flex\">\n<div class=\"wp-block-column is-layout-flow wp-block-column-is-layout-flow\">\n<figure class=\"wp-block-image aligncenter size-large\"><img decoding=\"async\" width=\"70\" height=\"70\" src=\"https:\/\/obera.fr\/wp-content\/uploads\/2020\/08\/industrie-brouillard-huile.jpg\" alt=\"Priemyseln\u00fd olej na hmlu\" class=\"wp-image-721\"\/><figcaption class=\"wp-element-caption\">Olejov\u00e1 hmla<\/figcaption><\/figure>\n<\/div>\n\n\n\n<div class=\"wp-block-column is-layout-flow wp-block-column-is-layout-flow\">\n<figure class=\"wp-block-image aligncenter size-large\"><img decoding=\"async\" width=\"70\" height=\"70\" src=\"https:\/\/obera.fr\/wp-content\/uploads\/2020\/08\/industrie-fumees.jpg\" alt=\"Priemyseln\u00fd dym\" class=\"wp-image-722\"\/><figcaption class=\"wp-element-caption\">V\u00fdpary<\/figcaption><\/figure>\n\n\n\n<figure class=\"wp-block-image aligncenter size-large\"><img decoding=\"async\" width=\"70\" height=\"70\" src=\"https:\/\/obera.fr\/wp-content\/uploads\/2020\/09\/cov.png\" alt=\"Cov\" class=\"wp-image-959\"\/><figcaption class=\"wp-element-caption\">VOCS<\/figcaption><\/figure>\n<\/div>\n<\/div>\n<\/div>\n\n\n\n<div class=\"wp-block-column is-layout-flow wp-block-column-is-layout-flow\">\n<h3 class=\"wp-block-heading has-text-align-center\">Odvetvia<\/h3>\n\n\n\n<hr class=\"wp-block-separator has-css-opacity is-style-wide\"\/>\n\n\n\n<div class=\"wp-block-columns is-layout-flex wp-container-core-columns-is-layout-28f84493 wp-block-columns-is-layout-flex\">\n<div class=\"wp-block-column is-layout-flow wp-block-column-is-layout-flow\">\n<figure class=\"wp-block-image aligncenter size-large\"><img decoding=\"async\" width=\"70\" height=\"70\" src=\"https:\/\/obera.fr\/wp-content\/uploads\/2020\/08\/industrie-metallurgie.jpg\" alt=\"Hutn\u00edcky priemysel\" class=\"wp-image-673\"\/><figcaption class=\"wp-element-caption\">Hutn\u00edctvo<\/figcaption><\/figure>\n<\/div>\n\n\n\n<div class=\"wp-block-column is-layout-flow wp-block-column-is-layout-flow\"><\/div>\n<\/div>\n<\/div>\n<\/div>\n\n\n\n<div class=\"wp-block-buttons is-content-justification-center is-layout-flex wp-container-core-buttons-is-layout-a89b3969 wp-block-buttons-is-layout-flex\">\n<div class=\"wp-block-button is-style-outline is-style-outline--1\"><a class=\"wp-block-button__link wp-element-button\" href=\"https:\/\/obera.fr\/wp-content\/uploads\/2024\/02\/brochure-afs.pdf\">Stiahnite si produktov\u00fd list<\/a><\/div>\n<\/div>\n\n\n\n<hr class=\"wp-block-separator has-css-opacity is-style-dots\"\/>\n\n\n\n<h2 class=\"wp-block-heading\">\u010eal\u0161ie filtre olejovej hmly od zna\u010dky OberA<\/h2>\n\n\n\n<div class=\"wp-block-columns is-layout-flex wp-container-core-columns-is-layout-28f84493 wp-block-columns-is-layout-flex\">\n<div class=\"wp-block-column is-layout-flow wp-block-column-is-layout-flow\">\n<figure class=\"wp-block-image aligncenter size-medium\"><a href=\"https:\/\/obera.fr\/produits\/filtres-brouillard-huile\/oilmac\/\"><img decoding=\"async\" width=\"300\" height=\"300\" src=\"https:\/\/obera.fr\/wp-content\/uploads\/2020\/08\/filtre-compact-OILMAC-300x300.png\" alt=\"Kompaktn\u00fd filter OILMAC\" class=\"wp-image-641\" srcset=\"https:\/\/obera.fr\/wp-content\/uploads\/2020\/08\/filtre-compact-OILMAC-300x300.png 300w, https:\/\/obera.fr\/wp-content\/uploads\/2020\/08\/filtre-compact-OILMAC-150x150.png 150w, https:\/\/obera.fr\/wp-content\/uploads\/2020\/08\/filtre-compact-OILMAC.png 600w\" sizes=\"(max-width: 300px) 100vw, 300px\" \/><\/a><figcaption class=\"wp-element-caption\">OILMAC<\/figcaption><\/figure>\n<\/div>\n\n\n\n<div class=\"wp-block-column is-layout-flow wp-block-column-is-layout-flow\"><\/div>\n<\/div>\n\n\n\n<p><\/p>\n","protected":false},"excerpt":{"rendered":"<p>Filtre olejovej hmly AFS s\u00fa rie\u0161en\u00edm \u0161it\u00fdm na mieru na priame vybavenie obr\u00e1bac\u00edch strojov alebo ich centr\u00e1lne vys\u00e1vanie. Sortiment AFS pokr\u00fdva sacie prietoky od 400 do 16 000 m\u00b3\/h. Centralizovan\u00e9 zariadenia pre olejov\u00e9 a emulzn\u00e9 hmly, v\u00fdpary a aeros\u00f3ly Technol\u00f3gia AFS pozost\u00e1va z 5 stup\u0148ov \u00fapravy: kovov\u00e9 sie\u0165ov\u00e9 filtre, polyesterov\u00e1 pls\u0165 a separ\u00e1tor AFS-Longlife, ktor\u00fd tvor\u00ed jadro \u00fapravy. &gt;Zariadenia s\u00fa vybaven\u00e9 absol\u00fatnou koncovou filtr\u00e1ciou HEPA typu H13 (\u0161tandardizovan\u00e1 \u00fa\u010dinnos\u0165 zaru\u010den\u00e1 na 99,95 % pre \u010dastice 0,3 \u00b5m). Vzh\u013eadom na ve\u013emi vysok\u00fa \u00fa\u010dinnos\u0165 hlavnej filtr\u00e1cie maj\u00fa absol\u00fatne filtre ve\u013emi dlh\u00fa \u017eivotnos\u0165, a to aj pri nepretr\u017eitej 3-stani\u010dnej prev\u00e1dzke. Mo\u017en\u00e9 s\u00fa r\u00f4zne &#8230; <\/p>\n<p class=\"read-more-container\"><a title=\"Filter olejovej hmly AFS\" class=\"read-more button\" href=\"https:\/\/obera.fr\/sk\/produits\/filtres-brouillard-huile\/afs\/#more-48655\" aria-label=\"Pre\u010d\u00edtajte si viac o Filter olejovej hmly AFS\">Lire la suite<\/a><\/p>\n","protected":false},"author":4,"featured_media":83749,"parent":48652,"menu_order":0,"comment_status":"closed","ping_status":"closed","template":"","meta":{"_acf_changed":false,"_seopress_robots_primary_cat":"","_seopress_titles_title":"Centralizovan\u00e9 syst\u00e9my olejovej hmly AFS","_seopress_titles_desc":"Filtre olejovej hmly AFS s\u00fa rie\u0161en\u00edm \u0161it\u00fdm na mieru na priame vybavenie obr\u00e1bac\u00edch strojov alebo ich centr\u00e1lne vys\u00e1vanie.","_seopress_robots_index":"","footnotes":""},"class_list":{"0":"post-48655","1":"page","2":"type-page","3":"status-publish","4":"has-post-thumbnail","6":"no-featured-image-padding","7":"resize-featured-image"},"acf":[],"_links":{"self":[{"href":"https:\/\/obera.fr\/sk\/wp-json\/wp\/v2\/pages\/48655","targetHints":{"allow":["GET"]}}],"collection":[{"href":"https:\/\/obera.fr\/sk\/wp-json\/wp\/v2\/pages"}],"about":[{"href":"https:\/\/obera.fr\/sk\/wp-json\/wp\/v2\/types\/page"}],"author":[{"embeddable":true,"href":"https:\/\/obera.fr\/sk\/wp-json\/wp\/v2\/users\/4"}],"replies":[{"embeddable":true,"href":"https:\/\/obera.fr\/sk\/wp-json\/wp\/v2\/comments?post=48655"}],"version-history":[{"count":7,"href":"https:\/\/obera.fr\/sk\/wp-json\/wp\/v2\/pages\/48655\/revisions"}],"predecessor-version":[{"id":107910,"href":"https:\/\/obera.fr\/sk\/wp-json\/wp\/v2\/pages\/48655\/revisions\/107910"}],"up":[{"embeddable":true,"href":"https:\/\/obera.fr\/sk\/wp-json\/wp\/v2\/pages\/48652"}],"wp:featuredmedia":[{"embeddable":true,"href":"https:\/\/obera.fr\/sk\/wp-json\/wp\/v2\/media\/83749"}],"wp:attachment":[{"href":"https:\/\/obera.fr\/sk\/wp-json\/wp\/v2\/media?parent=48655"}],"curies":[{"name":"wp","href":"https:\/\/api.w.org\/{rel}","templated":true}]}}