{"id":48765,"date":"2020-08-26T12:33:34","date_gmt":"2020-08-26T10:33:34","guid":{"rendered":"https:\/\/obera.fr\/nase-produkty\/priemyselne-sacie-potrubie\/"},"modified":"2025-04-22T09:38:39","modified_gmt":"2025-04-22T07:38:39","slug":"tuyauteries-industrielles","status":"publish","type":"page","link":"https:\/\/obera.fr\/sk\/produits\/tuyauteries-industrielles\/","title":{"rendered":"Priemyseln\u00e9 sacie potrubie"},"content":{"rendered":"\n<p>Priemyseln\u00e9 ods\u00e1vacie potrubie je k\u013e\u00fa\u010dov\u00fdm prvkom v oblasti priemyselnej \u00fapravy vzduchu, preto\u017ee umo\u017e\u0148uje prenos r\u00f4znych zne\u010dis\u0165uj\u00facich l\u00e1tok, ako s\u00fa dymy, prach, v\u00fdfukov\u00e9 plyny at\u010f. V\u00fdber spr\u00e1vneho potrubia je v\u0161ak nevyhnutn\u00fd na zabezpe\u010denie optim\u00e1lneho v\u00fdkonu ods\u00e1vacieho syst\u00e9mu. <\/p>\n\n<p>\u0160irok\u00fd sortiment potrub\u00ed na prenos prachu a zne\u010dis\u0165uj\u00facich l\u00e1tok.<\/p>\n\n<h2 class=\"wp-block-heading\">N\u00e1\u0161 sortiment sac\u00edch potrub\u00ed<\/h2>\n\n<div class=\"wp-block-columns is-layout-flex wp-container-core-columns-is-layout-28f84493 wp-block-columns-is-layout-flex\">\n<div class=\"wp-block-column is-layout-flow wp-block-column-is-layout-flow\">\n<h3 class=\"wp-block-heading has-text-align-center\"><a href=\"https:\/\/obera.fr\/sk\/produits\/tuyauteries-industrielles\/gaines-lisses-acier\/\"><br\/>Hladk\u00e9 oce\u013eov\u00e9 potrubia Vysokotlakov\u00e1 sie\u0165<\/a><\/h3>\n\n\n\n<figure class=\"wp-block-image aligncenter size-medium is-resized\"><a href=\"https:\/\/obera.fr\/produits\/tuyauteries-industrielles\/gaines-lisses-acier\/\"><img decoding=\"async\" width=\"300\" height=\"300\" src=\"https:\/\/obera.fr\/wp-content\/uploads\/2020\/11\/Gaines-lisses-300x300.jpg\" alt=\"Hladk&#xE9; pl&#xE1;&#x161;te\" class=\"wp-image-1735\" style=\"width:225px;height:225px\" srcset=\"https:\/\/obera.fr\/wp-content\/uploads\/2020\/11\/Gaines-lisses-300x300.jpg 300w, https:\/\/obera.fr\/wp-content\/uploads\/2020\/11\/Gaines-lisses-150x150.jpg 150w, https:\/\/obera.fr\/wp-content\/uploads\/2020\/11\/Gaines-lisses.jpg 433w\" sizes=\"(max-width: 300px) 100vw, 300px\" \/><\/a><\/figure>\n<\/div>\n\n\n\n<div class=\"wp-block-column is-layout-flow wp-block-column-is-layout-flow\">\n<h3 class=\"wp-block-heading has-text-align-center\"><a href=\"https:\/\/obera.fr\/sk\/produits\/tuyauteries-industrielles\/gaines-spiralees\/\">\u0160pir\u00e1lov\u00e9 potrubia pre v\u00fdpary a pary<\/a><\/h3>\n\n\n\n<figure class=\"wp-block-image aligncenter size-large is-resized\"><a href=\"https:\/\/obera.fr\/produits\/tuyauteries-industrielles\/gaines-spiralees\/\"><img decoding=\"async\" src=\"https:\/\/obera.fr\/wp-content\/uploads\/2024\/02\/sr.webp\" alt=\"&#x160;pir&#xE1;lov&#xE9; pl&#xE1;&#x161;te\" style=\"aspect-ratio:1;width:223px;height:auto\"\/><\/a><\/figure>\n<\/div>\n\n\n\n<div class=\"wp-block-column is-layout-flow wp-block-column-is-layout-flow\">\n<h3 class=\"wp-block-heading has-text-align-center\"><a href=\"https:\/\/obera.fr\/sk\/produits\/tuyauteries-industrielles\/basse-moyenne-haute-pression\/\">N\u00edzkotlakov\u00e9, strednotlakov\u00e9 a vysokotlakov\u00e9 potrubia na zachyt\u00e1vanie prachu<\/a><\/h3>\n\n\n\n<figure class=\"wp-block-image aligncenter size-medium is-resized\"><a href=\"https:\/\/obera.fr\/produits\/tuyauteries-industrielles\/basse-moyenne-haute-pression\/\"><img decoding=\"async\" width=\"220\" height=\"300\" src=\"https:\/\/obera.fr\/wp-content\/uploads\/2020\/11\/Tuyauterie-basse-moyenne-haute-pression-220x300.jpg\" alt=\"N&#xED;zke stredn&#xE9; Vysokotlakov&#xE9; potrubie\" class=\"wp-image-1734\" style=\"width:165px;height:225px\" srcset=\"https:\/\/obera.fr\/wp-content\/uploads\/2020\/11\/Tuyauterie-basse-moyenne-haute-pression-220x300.jpg 220w, https:\/\/obera.fr\/wp-content\/uploads\/2020\/11\/Tuyauterie-basse-moyenne-haute-pression.jpg 428w\" sizes=\"(max-width: 220px) 100vw, 220px\" \/><\/a><\/figure>\n<\/div>\n<\/div>\n\n<p>Existuje nieko\u013eko typov priemyseln\u00fdch potrub\u00ed vr\u00e1tane \u0161pir\u00e1lov\u00fdch potrub\u00ed, hladk\u00fdch potrub\u00ed a n\u00edzkotlakov\u00fdch, strednotlakov\u00fdch a vysokotlakov\u00fdch potrub\u00ed. Ka\u017ed\u00fd z t\u00fdchto typov potrub\u00ed pon\u00faka \u0161pecifick\u00e9 v\u00fdhody a nev\u00fdhody v z\u00e1vislosti od potrieb aplik\u00e1cie. <\/p>\n\n<h3 class=\"wp-block-heading\">Hladk\u00e9 pl\u00e1\u0161te<\/h3>\n\n<p>Hladk\u00e9 potrubia pon\u00fakaj\u00fa n\u00edzky odpor pri pr\u00faden\u00ed pre maxim\u00e1lny sac\u00ed v\u00fdkon. Okrem toho sa \u013eahko \u010distia, tak\u017ee s\u00fa ide\u00e1lne pre aplik\u00e1cie, kde je hygiena prvorad\u00e1. S\u00fa v\u0161ak menej flexibiln\u00e9 ako \u0161pir\u00e1lov\u00e9 potrubia, \u010do m\u00f4\u017ee s\u0165a\u017eova\u0165 in\u0161tal\u00e1ciu.  <\/p>\n\n<h3 class=\"wp-block-heading\">\u0160pir\u00e1lov\u00e9 pl\u00e1\u0161te<\/h3>\n\n<p>\u0160pir\u00e1lov\u00e9 potrubia s\u00fa ide\u00e1lne pre aplik\u00e1cie vy\u017eaduj\u00face vysok\u00fa flexibilitu, preto\u017ee sa daj\u00fa oh\u00fdba\u0165 a kr\u00fati\u0165 bez praskania alebo deform\u00e1cie. S\u00fa tie\u017e odoln\u00e9 vo\u010di vibr\u00e1ci\u00e1m a n\u00e1razom, tak\u017ee s\u00fa vhodn\u00e9 na pou\u017eitie v hektickom prostred\u00ed. \u0160pir\u00e1lov\u00e9 potrubia v\u0161ak maj\u00fa v\u00e4\u010d\u0161\u00ed prietokov\u00fd odpor ako hladk\u00e9 potrubia, \u010do m\u00f4\u017ee vies\u0165 k tlakov\u00fdm strat\u00e1m a zn\u00ed\u017eeniu sacieho v\u00fdkonu.  <\/p>\n\n<h3 class=\"wp-block-heading\">N\u00edzkotlakov\u00e9, strednotlakov\u00e9 a vysokotlakov\u00e9 potrubie<\/h3>\n\n<p>N\u00edzkotlakov\u00e9, strednotlakov\u00e9 a vysokotlakov\u00e9 potrubia pon\u00fakaj\u00fa \u0161pecifick\u00e9 v\u00fdhody v z\u00e1vislosti od potrieb aplik\u00e1cie. N\u00edzkotlakov\u00e9 potrubie je vhodn\u00e9 pre aplik\u00e1cie, kde je nas\u00e1vac\u00ed tlak n\u00edzky, zatia\u013e \u010do stredotlakov\u00e9 a vysokotlakov\u00e9 potrubie je potrebn\u00e9 pre aplik\u00e1cie, kde je nas\u00e1vac\u00ed tlak vy\u0161\u0161\u00ed. V\u00fdber spr\u00e1vneho potrubia je preto nevyhnutn\u00fd na zabezpe\u010denie optim\u00e1lneho v\u00fdkonu sacieho syst\u00e9mu.  <\/p>\n\n<h2 class=\"wp-block-heading\">Z\u00e1ver<\/h2>\n\n<p>Na z\u00e1ver mo\u017eno kon\u0161tatova\u0165, \u017ee v\u00fdber spr\u00e1vneho priemyseln\u00e9ho potrubia je nevyhnutn\u00fd na zabezpe\u010denie optim\u00e1lneho v\u00fdkonu ods\u00e1vacieho syst\u00e9mu v priemyselnej vzduchotechnike. \u0160pir\u00e1lov\u00e9 potrubia, hladk\u00e9 potrubia a n\u00edzkotlakov\u00e9, strednotlakov\u00e9 a vysokotlakov\u00e9 potrubia pon\u00fakaj\u00fa \u0161pecifick\u00e9 v\u00fdhody v z\u00e1vislosti od potrieb aplik\u00e1cie a pred kone\u010dn\u00fdm v\u00fdberom je d\u00f4le\u017eit\u00e9 d\u00f4kladne zv\u00e1\u017ei\u0165 ka\u017ed\u00fa mo\u017enos\u0165. <\/p>\n\n<div class=\"wp-block-buttons is-horizontal is-content-justification-center is-layout-flex wp-container-core-buttons-is-layout-03627597 wp-block-buttons-is-layout-flex\">\n<div class=\"wp-block-button has-custom-width wp-block-button__width-100\"><a class=\"wp-block-button__link wp-element-button\" href=\"https:\/\/obera.fr\/sk\/kontaktujte-nas\/\">Ve\u010d o tem<\/a><\/div>\n<\/div>\n","protected":false},"excerpt":{"rendered":"<p>Priemyseln\u00e9 ods\u00e1vacie potrubie je k\u013e\u00fa\u010dov\u00fdm prvkom v oblasti priemyselnej \u00fapravy vzduchu, preto\u017ee umo\u017e\u0148uje prenos r\u00f4znych zne\u010dis\u0165uj\u00facich l\u00e1tok, ako s\u00fa dymy, prach, v\u00fdfukov\u00e9 plyny at\u010f. V\u00fdber spr\u00e1vneho potrubia je v\u0161ak nevyhnutn\u00fd na zabezpe\u010denie optim\u00e1lneho v\u00fdkonu ods\u00e1vacieho syst\u00e9mu. \u0160irok\u00fd sortiment potrub\u00ed na prenos prachu a zne\u010dis\u0165uj\u00facich l\u00e1tok. N\u00e1\u0161 sortiment sac\u00edch potrub\u00ed Hladk\u00e9 oce\u013eov\u00e9 potrubia Vysokotlakov\u00e1 sie\u0165 \u0160pir\u00e1lov\u00e9 potrubia pre v\u00fdpary a pary N\u00edzkotlakov\u00e9, strednotlakov\u00e9 a vysokotlakov\u00e9 potrubia na zachyt\u00e1vanie prachu Existuje nieko\u013eko typov priemyseln\u00fdch potrub\u00ed vr\u00e1tane \u0161pir\u00e1lov\u00fdch potrub\u00ed, hladk\u00fdch potrub\u00ed a n\u00edzkotlakov\u00fdch, strednotlakov\u00fdch a vysokotlakov\u00fdch potrub\u00ed. Ka\u017ed\u00fd z t\u00fdchto typov potrub\u00ed pon\u00faka \u0161pecifick\u00e9 v\u00fdhody a nev\u00fdhody v z\u00e1vislosti od potrieb aplik\u00e1cie. Hladk\u00e9 &#8230; <\/p>\n<p class=\"read-more-container\"><a title=\"Priemyseln\u00e9 sacie potrubie\" class=\"read-more button\" href=\"https:\/\/obera.fr\/sk\/produits\/tuyauteries-industrielles\/#more-48765\" aria-label=\"Pre\u010d\u00edtajte si viac o Priemyseln\u00e9 sacie potrubie\">Lire la suite<\/a><\/p>\n","protected":false},"author":4,"featured_media":83749,"parent":37923,"menu_order":11,"comment_status":"closed","ping_status":"closed","template":"","meta":{"_acf_changed":false,"_seopress_robots_primary_cat":"","_seopress_titles_title":"Tuyauteries industrielles: acheminer poussi\u00e8res \/ polluants","_seopress_titles_desc":"Une large gamme de tuyauterie afin d\u2019acheminer les poussi\u00e8res et polluants : Gaines lisses en acier, spiral\u00e9es et tuyauterie basse, moyenne et haute pression.","_seopress_robots_index":"","footnotes":""},"class_list":{"0":"post-48765","1":"page","2":"type-page","3":"status-publish","4":"has-post-thumbnail","6":"no-featured-image-padding","7":"resize-featured-image"},"acf":[],"_links":{"self":[{"href":"https:\/\/obera.fr\/sk\/wp-json\/wp\/v2\/pages\/48765","targetHints":{"allow":["GET"]}}],"collection":[{"href":"https:\/\/obera.fr\/sk\/wp-json\/wp\/v2\/pages"}],"about":[{"href":"https:\/\/obera.fr\/sk\/wp-json\/wp\/v2\/types\/page"}],"author":[{"embeddable":true,"href":"https:\/\/obera.fr\/sk\/wp-json\/wp\/v2\/users\/4"}],"replies":[{"embeddable":true,"href":"https:\/\/obera.fr\/sk\/wp-json\/wp\/v2\/comments?post=48765"}],"version-history":[{"count":5,"href":"https:\/\/obera.fr\/sk\/wp-json\/wp\/v2\/pages\/48765\/revisions"}],"predecessor-version":[{"id":65696,"href":"https:\/\/obera.fr\/sk\/wp-json\/wp\/v2\/pages\/48765\/revisions\/65696"}],"up":[{"embeddable":true,"href":"https:\/\/obera.fr\/sk\/wp-json\/wp\/v2\/pages\/37923"}],"wp:featuredmedia":[{"embeddable":true,"href":"https:\/\/obera.fr\/sk\/wp-json\/wp\/v2\/media\/83749"}],"wp:attachment":[{"href":"https:\/\/obera.fr\/sk\/wp-json\/wp\/v2\/media?parent=48765"}],"curies":[{"name":"wp","href":"https:\/\/api.w.org\/{rel}","templated":true}]}}