{"id":62078,"date":"2021-07-23T14:22:11","date_gmt":"2021-07-23T12:22:11","guid":{"rendered":"https:\/\/obera.fr\/achat-merci\/"},"modified":"2025-02-17T11:38:56","modified_gmt":"2025-02-17T09:38:56","slug":"achat-merci","status":"publish","type":"page","link":"https:\/\/obera.fr\/sk\/achat-merci\/","title":{"rendered":"\u010eakujeme za objedn\u00e1vku od obera.fr"},"content":{"rendered":"\n<p>K\u00fdm budete \u010daka\u0165 na svoju objedn\u00e1vku, m\u00f4\u017eete si pre\u010d\u00edta\u0165 najnov\u0161ie pr\u00edspevky na blogu<\/p>\n<ul class=\"wp-block-latest-posts__list is-grid columns-2 wp-block-latest-posts\"><li><a class=\"wp-block-latest-posts__post-title\" href=\"https:\/\/obera.fr\/sk\/tlac\/dychaju-francuzi-na-svojom-pracovisku-v-zime-zdravo\/\">D\u00fdchaj\u00fa Franc\u00fazi na svojom pracovisku v zime zdravo?<\/a><div class=\"wp-block-latest-posts__post-excerpt\">Spolo\u010dnos\u0165 OberA odha\u013euje v\u00fdsledky nov\u00e9ho prieskumu* uskuto\u010dnen\u00e9ho na vzorke 4 102 os\u00f4b, ktor\u00fd poukazuje na pretrv\u00e1vaj\u00faci nes\u00falad medzi tepelnou pohodou a kvalitou ovzdu\u0161ia pri pr\u00e1ci: b\u00farliv\u00e9 diskusie o ide\u00e1lnej teplote, zriedkav\u00e9 vetranie v zimnom obdob\u00ed, absencia zariaden\u00ed na \u010distenie vzduchu, nedostato\u010dne kontrolovan\u00e1 vlhkos\u0165 a v\u00e1hanie nad spr\u00e1vnymi postupmi v boji proti &#8230; <p class=\"read-more-container\"><a title=\"D\u00fdchaj\u00fa Franc\u00fazi na svojom pracovisku v zime zdravo?\" class=\"read-more button\" href=\"https:\/\/obera.fr\/sk\/tlac\/dychaju-francuzi-na-svojom-pracovisku-v-zime-zdravo\/#more-145724\" aria-label=\"Pre\u010d\u00edtajte si viac o D\u00fdchaj\u00fa Franc\u00fazi na svojom pracovisku v zime zdravo?\">Lire la suite<\/a><\/p><\/div><\/li>\n<li><a class=\"wp-block-latest-posts__post-title\" href=\"https:\/\/obera.fr\/sk\/presse\/89-francuzov-podcenuje-znecistenie-ovzdusia-na-svojom-pracovisku\/\">89 % Franc\u00fazov podce\u0148uje zne\u010distenie ovzdu\u0161ia na svojom pracovisku<\/a><div class=\"wp-block-latest-posts__post-excerpt\">Zne\u010distenie, ktor\u00e9 m\u00f4\u017ee by\u0165 5- a\u017e 10-kr\u00e1t vy\u0161\u0161ie ako vonku Len 22 % zamestnancov vie, \u017ee udr\u017eiavanie zdrav\u00e9ho vn\u00fatorn\u00e9ho ovzdu\u0161ia je pre zamestn\u00e1vate\u013ea z\u00e1konnou povinnos\u0165ou \u010co si mysl\u00edte o kvalite ovzdu\u0161ia na svojom pracovisku? T\u00fato ot\u00e1zku polo\u017eila spolo\u010dnos\u0165 OberA 5 601 \u013eu\u010fom rozdelen\u00fdm do \u0161iestich hlavn\u00fdch sektorov \u010dinnosti*. Prieskum ukazuje, \u017ee &#8230; <p class=\"read-more-container\"><a title=\"89 % Franc\u00fazov podce\u0148uje zne\u010distenie ovzdu\u0161ia na svojom pracovisku\" class=\"read-more button\" href=\"https:\/\/obera.fr\/sk\/presse\/89-francuzov-podcenuje-znecistenie-ovzdusia-na-svojom-pracovisku\/#more-145704\" aria-label=\"Pre\u010d\u00edtajte si viac o 89 % Franc\u00fazov podce\u0148uje zne\u010distenie ovzdu\u0161ia na svojom pracovisku\">Lire la suite<\/a><\/p><\/div><\/li>\n<li><div class=\"wp-block-latest-posts__featured-image aligncenter\"><a href=\"https:\/\/obera.fr\/sk\/nasa-rada\/meranie-kvality-vnutorneho-ovzdusia-vyznam-a-princip\/\" aria-label=\"Meranie kvality vn\u00fatorn\u00e9ho ovzdu\u0161ia: v\u00fdznam a princ\u00edp\"><img decoding=\"async\" width=\"1024\" height=\"181\" src=\"https:\/\/obera.fr\/wp-content\/uploads\/2025\/05\/banniere-obera-1024x181.png\" class=\"attachment-large size-large wp-post-image\" alt=\"banner Obera\" style=\"max-width:500px;\" srcset=\"https:\/\/obera.fr\/wp-content\/uploads\/2025\/05\/banniere-obera-1024x181.png 1024w, https:\/\/obera.fr\/wp-content\/uploads\/2025\/05\/banniere-obera-300x53.png 300w, https:\/\/obera.fr\/wp-content\/uploads\/2025\/05\/banniere-obera-768x136.png 768w, https:\/\/obera.fr\/wp-content\/uploads\/2025\/05\/banniere-obera-1536x272.png 1536w, https:\/\/obera.fr\/wp-content\/uploads\/2025\/05\/banniere-obera.png 1980w\" sizes=\"(max-width: 1024px) 100vw, 1024px\" \/><\/a><\/div><a class=\"wp-block-latest-posts__post-title\" href=\"https:\/\/obera.fr\/sk\/nasa-rada\/meranie-kvality-vnutorneho-ovzdusia-vyznam-a-princip\/\">Meranie kvality vn\u00fatorn\u00e9ho ovzdu\u0161ia: v\u00fdznam a princ\u00edp<\/a><div class=\"wp-block-latest-posts__post-excerpt\">Pod\u013ea \u00fadajov WHO by Franc\u00fazsko ro\u010dne zaznamenalo takmer 50 000 \u00famrt\u00ed s\u00favisiacich so zne\u010disten\u00edm ovzdu\u0161ia, \u010do je 10-kr\u00e1t viac ako pri dopravn\u00fdch nehod\u00e1ch! Okrem toho sa odhaduje, \u017ee vn\u00fatorn\u00fd vzduch v obytn\u00fdch alebo obchodn\u00fdch priestoroch je 5 a\u017e 10-kr\u00e1t zne\u010distenej\u0161\u00ed ako vzduch vo vonkaj\u0161om prostred\u00ed.<\/div><\/li>\n<li><div class=\"wp-block-latest-posts__featured-image aligncenter\"><a href=\"https:\/\/obera.fr\/sk\/farmaceuticky-priemysel\/farmaceuticky-priemysel-zvladnutie-prasnosti-a-expozicie-pocas-vazenia-a-prenosu-hpapi\/\" aria-label=\"Farmaceutick\u00fd priemysel: Zvl\u00e1dnutie pra\u0161nosti a expoz\u00edcie po\u010das v\u00e1\u017eenia a prenosu HPAPI\"><img decoding=\"async\" width=\"1024\" height=\"181\" src=\"https:\/\/obera.fr\/wp-content\/uploads\/2025\/04\/banniere-obera-6-1-1024x181.png\" class=\"attachment-large size-large wp-post-image\" alt=\"banner obera (6)\" style=\"max-width:500px;\" srcset=\"https:\/\/obera.fr\/wp-content\/uploads\/2025\/04\/banniere-obera-6-1-1024x181.png 1024w, https:\/\/obera.fr\/wp-content\/uploads\/2025\/04\/banniere-obera-6-1-300x53.png 300w, https:\/\/obera.fr\/wp-content\/uploads\/2025\/04\/banniere-obera-6-1-768x136.png 768w, https:\/\/obera.fr\/wp-content\/uploads\/2025\/04\/banniere-obera-6-1-1536x272.png 1536w, https:\/\/obera.fr\/wp-content\/uploads\/2025\/04\/banniere-obera-6-1.png 1980w\" sizes=\"(max-width: 1024px) 100vw, 1024px\" \/><\/a><\/div><a class=\"wp-block-latest-posts__post-title\" href=\"https:\/\/obera.fr\/sk\/farmaceuticky-priemysel\/farmaceuticky-priemysel-zvladnutie-prasnosti-a-expozicie-pocas-vazenia-a-prenosu-hpapi\/\">Farmaceutick\u00fd priemysel: Zvl\u00e1dnutie pra\u0161nosti a expoz\u00edcie po\u010das v\u00e1\u017eenia a prenosu HPAPI<\/a><div class=\"wp-block-latest-posts__post-excerpt\">N\u00e1rast HPAPI (Highly Potent Active Pharmaceutical Ingredients \u2013 vysoko \u00fa\u010dinn\u00e9 akt\u00edvne farmaceutick\u00e9 zlo\u017eky) hlboko men\u00ed postupy farmaceutickej v\u00fdroby.<\/div><\/li>\n<li><div class=\"wp-block-latest-posts__featured-image aligncenter\"><a href=\"https:\/\/obera.fr\/sk\/sport\/mobilne-chladenie-pre-sportove-podujatia-riesenie-ic-od-obera-efektivne-a-okamzite\/\" aria-label=\"Mobiln\u00e9 chladenie pre \u0161portov\u00e9 podujatia: rie\u0161enie IC od OberA, efekt\u00edvne a okam\u017eit\u00e9\"><img decoding=\"async\" width=\"1024\" height=\"181\" src=\"https:\/\/obera.fr\/wp-content\/uploads\/2025\/04\/banniere-obera-6-1-1024x181.png\" class=\"attachment-large size-large wp-post-image\" alt=\"banner obera (6)\" style=\"max-width:500px;\" srcset=\"https:\/\/obera.fr\/wp-content\/uploads\/2025\/04\/banniere-obera-6-1-1024x181.png 1024w, https:\/\/obera.fr\/wp-content\/uploads\/2025\/04\/banniere-obera-6-1-300x53.png 300w, https:\/\/obera.fr\/wp-content\/uploads\/2025\/04\/banniere-obera-6-1-768x136.png 768w, https:\/\/obera.fr\/wp-content\/uploads\/2025\/04\/banniere-obera-6-1-1536x272.png 1536w, https:\/\/obera.fr\/wp-content\/uploads\/2025\/04\/banniere-obera-6-1.png 1980w\" sizes=\"(max-width: 1024px) 100vw, 1024px\" \/><\/a><\/div><a class=\"wp-block-latest-posts__post-title\" href=\"https:\/\/obera.fr\/sk\/sport\/mobilne-chladenie-pre-sportove-podujatia-riesenie-ic-od-obera-efektivne-a-okamzite\/\">Mobiln\u00e9 chladenie pre \u0161portov\u00e9 podujatia: rie\u0161enie IC od OberA, efekt\u00edvne a okam\u017eit\u00e9<\/a><div class=\"wp-block-latest-posts__post-excerpt\">\u010ci u\u017e ide o s\u00fa\u0165a\u017ee pod hol\u00fdm nebom, halov\u00e9 turnaje, do\u010dasn\u00e9 \u0161trukt\u00fary alebo rozsiahle podujatia, \u0161portov\u00e9 podujatia s\u00fa silne vystaven\u00e9 v\u00fdkyvom po\u010dasia.<\/div><\/li>\n<li><div class=\"wp-block-latest-posts__featured-image aligncenter\"><a href=\"https:\/\/obera.fr\/sk\/nasa-rada\/silicose-menace-invisible\/\" aria-label=\"Silik\u00f3za: nevidite\u013en\u00e1 hrozba pre kamen\u00e1rov a d\u013a\u017eku ich \u017eivota\"><img decoding=\"async\" width=\"1024\" height=\"181\" src=\"https:\/\/obera.fr\/wp-content\/uploads\/2025\/07\/taille-de-pierre-1-1-1024x181.png\" class=\"attachment-large size-large wp-post-image\" alt=\"\" style=\"max-width:500px;\" srcset=\"https:\/\/obera.fr\/wp-content\/uploads\/2025\/07\/taille-de-pierre-1-1-1024x181.png 1024w, https:\/\/obera.fr\/wp-content\/uploads\/2025\/07\/taille-de-pierre-1-1-300x53.png 300w, https:\/\/obera.fr\/wp-content\/uploads\/2025\/07\/taille-de-pierre-1-1-768x136.png 768w, https:\/\/obera.fr\/wp-content\/uploads\/2025\/07\/taille-de-pierre-1-1-1536x272.png 1536w, https:\/\/obera.fr\/wp-content\/uploads\/2025\/07\/taille-de-pierre-1-1.png 1980w\" sizes=\"(max-width: 1024px) 100vw, 1024px\" \/><\/a><\/div><a class=\"wp-block-latest-posts__post-title\" href=\"https:\/\/obera.fr\/sk\/nasa-rada\/silicose-menace-invisible\/\">Silik\u00f3za: nevidite\u013en\u00e1 hrozba pre kamen\u00e1rov a d\u013a\u017eku ich \u017eivota<\/a><div class=\"wp-block-latest-posts__post-excerpt\">Kamen\u00e1rstvo je vzne\u0161en\u00e9 povolanie s bohatou hist\u00f3riou a odborn\u00fdmi znalos\u0165ami. Za kr\u00e1sou tohto remesla sa v\u0161ak skr\u00fdva \u010dasto podce\u0148ovan\u00e9 zdravotn\u00e9 riziko: silik\u00f3za, nezvratn\u00e9 ochorenie p\u013e\u00fac sp\u00f4soben\u00e9 vdychovan\u00edm kremi\u010dit\u00e9ho prachu. <\/div><\/li>\n<li><div class=\"wp-block-latest-posts__featured-image aligncenter\"><a href=\"https:\/\/obera.fr\/sk\/nasa-rada\/vie-artisan-tailleur\/\" aria-label=\"\u017di\u0165 svoj \u017eivot ako kraj\u010d\u00edr v roku 2025: medzi v\u00e1\u0161\u0148ou a opatrnos\u0165ou\"><img decoding=\"async\" width=\"1024\" height=\"181\" src=\"https:\/\/obera.fr\/wp-content\/uploads\/2025\/07\/taille-de-pierre-1-1024x181.png\" class=\"attachment-large size-large wp-post-image\" alt=\"\" style=\"max-width:500px;\" srcset=\"https:\/\/obera.fr\/wp-content\/uploads\/2025\/07\/taille-de-pierre-1-1024x181.png 1024w, https:\/\/obera.fr\/wp-content\/uploads\/2025\/07\/taille-de-pierre-1-300x53.png 300w, https:\/\/obera.fr\/wp-content\/uploads\/2025\/07\/taille-de-pierre-1-768x136.png 768w, https:\/\/obera.fr\/wp-content\/uploads\/2025\/07\/taille-de-pierre-1-1536x272.png 1536w, https:\/\/obera.fr\/wp-content\/uploads\/2025\/07\/taille-de-pierre-1.png 1980w\" sizes=\"(max-width: 1024px) 100vw, 1024px\" \/><\/a><\/div><a class=\"wp-block-latest-posts__post-title\" href=\"https:\/\/obera.fr\/sk\/nasa-rada\/vie-artisan-tailleur\/\">\u017di\u0165 svoj \u017eivot ako kraj\u010d\u00edr v roku 2025: medzi v\u00e1\u0161\u0148ou a opatrnos\u0165ou<\/a><div class=\"wp-block-latest-posts__post-excerpt\">To mi povedal m\u00f4j tr\u00e9ner v prv\u00fd de\u0148. O desa\u0165 rokov nesk\u00f4r sa to stalo mojou mantrou. By\u0165 kamen\u00e1rom v roku 2025 je st\u00e1le vecou v\u00e1\u0161ne. Dnes je to v\u0161ak aj o prevent\u00edvnych opatreniach.     <\/div><\/li>\n<li><div class=\"wp-block-latest-posts__featured-image aligncenter\"><a href=\"https:\/\/obera.fr\/sk\/nasa-rada\/silice-cristalline-loi-obligations\/\" aria-label=\"Kry\u0161talick\u00fd oxid kremi\u010dit\u00fd: \u010do hovor\u00ed z\u00e1kon? Pr\u00e1vne povinnosti pre kamen\u00e1rske dielne\"><img decoding=\"async\" width=\"1024\" height=\"181\" src=\"https:\/\/obera.fr\/wp-content\/uploads\/2025\/07\/taille-de-pierre-1024x181.png\" class=\"attachment-large size-large wp-post-image\" alt=\"\" style=\"max-width:500px;\" srcset=\"https:\/\/obera.fr\/wp-content\/uploads\/2025\/07\/taille-de-pierre-1024x181.png 1024w, https:\/\/obera.fr\/wp-content\/uploads\/2025\/07\/taille-de-pierre-300x53.png 300w, https:\/\/obera.fr\/wp-content\/uploads\/2025\/07\/taille-de-pierre-768x136.png 768w, https:\/\/obera.fr\/wp-content\/uploads\/2025\/07\/taille-de-pierre-1536x272.png 1536w, https:\/\/obera.fr\/wp-content\/uploads\/2025\/07\/taille-de-pierre.png 1980w\" sizes=\"(max-width: 1024px) 100vw, 1024px\" \/><\/a><\/div><a class=\"wp-block-latest-posts__post-title\" href=\"https:\/\/obera.fr\/sk\/nasa-rada\/silice-cristalline-loi-obligations\/\">Kry\u0161talick\u00fd oxid kremi\u010dit\u00fd: \u010do hovor\u00ed z\u00e1kon? Pr\u00e1vne povinnosti pre kamen\u00e1rske dielne<\/a><div class=\"wp-block-latest-posts__post-excerpt\">Org\u00e1ny verejnej spr\u00e1vy u\u017e nieko\u013eko rokov spr\u00eds\u0148uj\u00fa pravidl\u00e1 t\u00fdkaj\u00face sa vystavenia prachu kry\u0161talick\u00e9ho oxidu kremi\u010dit\u00e9ho, najm\u00e4 v stavebn\u00edctve a kamen\u00e1rstve.<\/div><\/li>\n<\/ul>","protected":false},"excerpt":{"rendered":"<p>K\u00fdm budete \u010daka\u0165 na svoju objedn\u00e1vku, m\u00f4\u017eete si pre\u010d\u00edta\u0165 najnov\u0161ie pr\u00edspevky na blogu<\/p>\n","protected":false},"author":4,"featured_media":0,"parent":0,"menu_order":0,"comment_status":"closed","ping_status":"closed","template":"","meta":{"_acf_changed":false,"_seopress_robots_primary_cat":"","_seopress_titles_title":"","_seopress_titles_desc":"","_seopress_robots_index":"\u00e1no","footnotes":""},"class_list":{"0":"post-62078","1":"page","2":"type-page","3":"status-publish","5":"no-featured-image-padding"},"acf":[],"_links":{"self":[{"href":"https:\/\/obera.fr\/sk\/wp-json\/wp\/v2\/pages\/62078","targetHints":{"allow":["GET"]}}],"collection":[{"href":"https:\/\/obera.fr\/sk\/wp-json\/wp\/v2\/pages"}],"about":[{"href":"https:\/\/obera.fr\/sk\/wp-json\/wp\/v2\/types\/page"}],"author":[{"embeddable":true,"href":"https:\/\/obera.fr\/sk\/wp-json\/wp\/v2\/users\/4"}],"replies":[{"embeddable":true,"href":"https:\/\/obera.fr\/sk\/wp-json\/wp\/v2\/comments?post=62078"}],"version-history":[{"count":2,"href":"https:\/\/obera.fr\/sk\/wp-json\/wp\/v2\/pages\/62078\/revisions"}],"predecessor-version":[{"id":62082,"href":"https:\/\/obera.fr\/sk\/wp-json\/wp\/v2\/pages\/62078\/revisions\/62082"}],"wp:attachment":[{"href":"https:\/\/obera.fr\/sk\/wp-json\/wp\/v2\/media?parent=62078"}],"curies":[{"name":"wp","href":"https:\/\/api.w.org\/{rel}","templated":true}]}}