{"id":63143,"date":"2020-05-01T20:06:12","date_gmt":"2020-05-01T18:06:12","guid":{"rendered":"https:\/\/obera.fr\/kontaktujte-nas\/merci\/"},"modified":"2025-02-25T12:24:11","modified_gmt":"2025-02-25T10:24:11","slug":"merci","status":"publish","type":"page","link":"https:\/\/obera.fr\/sk\/contact\/merci\/","title":{"rendered":"\u010eakujem"},"content":{"rendered":"\n<p>\u010eakujeme, va\u0161a spr\u00e1va bola odoslan\u00e1.<\/p>\n","protected":false},"excerpt":{"rendered":"<p>\u010eakujeme, va\u0161a spr\u00e1va bola odoslan\u00e1.<\/p>\n","protected":false},"author":4,"featured_media":0,"parent":48859,"menu_order":0,"comment_status":"closed","ping_status":"closed","template":"","meta":{"_acf_changed":false,"_seopress_robots_primary_cat":"","_seopress_titles_title":"","_seopress_titles_desc":"","_seopress_robots_index":"\u00e1no","footnotes":""},"class_list":{"0":"post-63143","1":"page","2":"type-page","3":"status-publish","5":"no-featured-image-padding"},"acf":[],"_links":{"self":[{"href":"https:\/\/obera.fr\/sk\/wp-json\/wp\/v2\/pages\/63143","targetHints":{"allow":["GET"]}}],"collection":[{"href":"https:\/\/obera.fr\/sk\/wp-json\/wp\/v2\/pages"}],"about":[{"href":"https:\/\/obera.fr\/sk\/wp-json\/wp\/v2\/types\/page"}],"author":[{"embeddable":true,"href":"https:\/\/obera.fr\/sk\/wp-json\/wp\/v2\/users\/4"}],"replies":[{"embeddable":true,"href":"https:\/\/obera.fr\/sk\/wp-json\/wp\/v2\/comments?post=63143"}],"version-history":[{"count":1,"href":"https:\/\/obera.fr\/sk\/wp-json\/wp\/v2\/pages\/63143\/revisions"}],"predecessor-version":[{"id":63146,"href":"https:\/\/obera.fr\/sk\/wp-json\/wp\/v2\/pages\/63143\/revisions\/63146"}],"up":[{"embeddable":true,"href":"https:\/\/obera.fr\/sk\/wp-json\/wp\/v2\/pages\/48859"}],"wp:attachment":[{"href":"https:\/\/obera.fr\/sk\/wp-json\/wp\/v2\/media?parent=63143"}],"curies":[{"name":"wp","href":"https:\/\/api.w.org\/{rel}","templated":true}]}}