{"id":65212,"date":"2024-04-05T22:42:52","date_gmt":"2024-04-05T20:42:52","guid":{"rendered":"https:\/\/obera.fr\/produits\/aspirateurs-industriels\/w2-haute-filtration-polyvalence\/"},"modified":"2025-06-03T10:37:06","modified_gmt":"2025-06-03T08:37:06","slug":"w2-haute-filtration-polyvalence","status":"publish","type":"page","link":"https:\/\/obera.fr\/sk\/produits\/aspirateurs-industriels\/w2-haute-filtration-polyvalence\/","title":{"rendered":"Priemyseln\u00fd vys\u00e1va\u010d W2"},"content":{"rendered":"\n<p>Kompaktn\u00fd a mobiln\u00fd<a href=\"https:\/\/obera.fr\/sk\/produits\/aspirateurs-industriels\/\" data-type=\"page\" data-id=\"41\">priemyseln\u00fd vys\u00e1va\u010d<\/a> W2 je jedn\u00fdm z naj\u00fa\u010dinnej\u0161\u00edch zariaden\u00ed na trhu, ktor\u00e9 je zn\u00e1me svojou robustnos\u0165ou, vysokou filtra\u010dnou kapacitou a v\u00fdkonom.<\/p>\n\n\n\n<h2 class=\"wp-block-heading\">Mokr\u00e9 a such\u00e9 priemyseln\u00e9 vys\u00e1va\u010de W2: ako funguj\u00fa a kde sa pou\u017e\u00edvaj\u00fa?<\/h2>\n\n\n\n<div class=\"wp-block-columns is-layout-flex wp-container-core-columns-is-layout-28f84493 wp-block-columns-is-layout-flex\">\n<div class=\"wp-block-column is-layout-flow wp-block-column-is-layout-flow\" style=\"flex-basis:33.33%\">\n<figure class=\"wp-block-image size-full is-resized\"><img decoding=\"async\" width=\"711\" height=\"622\" src=\"https:\/\/obera.fr\/wp-content\/uploads\/2024\/10\/w2.png\" alt=\"Priemyseln\u00e9 vys\u00e1va\u010de\" class=\"wp-image-35424\" style=\"object-fit:cover;width:300px;height:300px\" srcset=\"https:\/\/obera.fr\/wp-content\/uploads\/2024\/10\/w2.png 711w, https:\/\/obera.fr\/wp-content\/uploads\/2024\/10\/w2-300x262.png 300w\" sizes=\"(max-width: 711px) 100vw, 711px\" \/><\/figure>\n<\/div>\n\n\n\n<div class=\"wp-block-column is-layout-flow wp-block-column-is-layout-flow\" style=\"flex-basis:66.66%\">\n<p>Hlavnou v\u00fdhodou<strong>priemyseln\u00e9ho vys\u00e1va\u010da W2 na mokr\u00e9 a such\u00e9 vys<\/strong> \u00e1vanie je jeho v\u0161estrannos\u0165. Jeho sac\u00ed v\u00fdkon znamen\u00e1, \u017ee dok\u00e1\u017ee s\u00fa\u010dasne zdv\u00edha\u0165 a vys\u00e1va\u0165 pevn\u00e9 aj kvapaln\u00e9 materi\u00e1ly. Je vybaven\u00fd dvoma jednof\u00e1zov\u00fdmi by-passov\u00fdmi motormi, ktor\u00e9 s\u00fa chr\u00e1nen\u00e9 robustnou oce\u013eovou hlavou motora a vn\u00fatri s\u00fa odhlu\u010dnen\u00e9. Vys\u00e1va\u010d je vybaven\u00fd syst\u00e9mom odde\u013eovania vody a prachu, ktor\u00fd filtruje kvapaliny od such\u00fdch \u010dast\u00edc. Vysat\u00e9 prachov\u00e9 \u010dastice sa ukladaj\u00fa do oce\u013eov\u00e9ho z\u00e1sobn\u00edka, zatia\u013e \u010do kvapaliny sa zhroma\u017e\u010fuj\u00fa v n\u00e1dr\u017ei.    <\/p>\n\n\n\n<p>Priemyseln\u00fd vys\u00e1va\u010d W2 je ide\u00e1lny na <strong>\u010distenie<\/strong> a <strong>manipul\u00e1ciu s<\/strong> <strong>mal\u00fdm a stredn\u00fdm mno\u017estvom prachu<\/strong>. Je \u00fa\u010dinn\u00fd aj pri vys\u00e1van\u00ed pevn\u00fdch a kvapaln\u00fdch materi\u00e1lov. V\u010faka svojej v\u0161estrannosti je ide\u00e1lny pre v\u0161etky typy priemyslu. Je obzvl\u00e1\u0161\u0165 \u00fa\u010dinn\u00fd v chemickom, farmaceutickom, potravin\u00e1rskom a mlyn\u00e1rskom priemysle, ako aj v pek\u00e1r\u0148ach a pri \u010disten\u00ed pec\u00ed.   <\/p>\n\n\n\n<div class=\"wp-block-columns is-layout-flex wp-container-core-columns-is-layout-28f84493 wp-block-columns-is-layout-flex\">\n<div class=\"wp-block-column is-layout-flow wp-block-column-is-layout-flow\">\n<div class=\"wp-block-buttons is-layout-flex wp-block-buttons-is-layout-flex\">\n<div class=\"wp-block-button\"><a class=\"wp-block-button__link wp-element-button\" href=\"https:\/\/obera.fr\/wp-content\/uploads\/2025\/06\/brochure-w2-en.pdf\">STIAHNU\u0164 BRO\u017d\u00daRU<\/a><\/div>\n<\/div>\n<\/div>\n\n\n\n<div class=\"wp-block-column is-layout-flow wp-block-column-is-layout-flow\">\n<div class=\"wp-block-buttons is-horizontal is-content-justification-center is-layout-flex wp-container-core-buttons-is-layout-03627597 wp-block-buttons-is-layout-flex\">\n<div class=\"wp-block-button has-custom-width wp-block-button__width-100\"><a class=\"wp-block-button__link wp-element-button\" href=\"https:\/\/obera.fr\/sk\/kontaktujte-nas\/\">Ve\u010d o tem<\/a><\/div>\n<\/div>\n<\/div>\n\n\n\n<div class=\"wp-block-column is-layout-flow wp-block-column-is-layout-flow\">\n<div class=\"wp-block-buttons is-content-justification-center is-layout-flex wp-container-core-buttons-is-layout-a89b3969 wp-block-buttons-is-layout-flex\">\n<div class=\"wp-block-button btn-devis-source\"><a class=\"wp-block-button__link wp-element-button\" href=\"https:\/\/obera.fr\/sk\/devis\/\">Po\u017eiada\u0165 o cenov\u00fa ponuku<\/a><\/div>\n<\/div>\n\n\n<script>\r\ndocument.addEventListener('DOMContentLoaded', function() {\r\n    \/\/ 1. On cherche le titre H1 de la page\r\n    var h1 = document.querySelector('h1');\r\n    var productTitle = h1 ? h1.innerText.trim() : \"\";\r\n\r\n    \/\/ 2. On cherche les boutons via la classe CSS .btn-devis-source\r\n    var buttons = document.querySelectorAll('.btn-devis-source a');\r\n\r\n    \/\/ 3. Si on a le titre et les boutons, on ajoute le param\u00e8tre\r\n    if (buttons.length > 0 && productTitle !== \"\") {\r\n        var encodedTitle = encodeURIComponent(productTitle);\r\n\r\n        buttons.forEach(function(btn) {\r\n            var currentHref = btn.getAttribute('href');\r\n            \r\n            \/\/ S\u00e9curit\u00e9 pour ne pas ajouter le param\u00e8tre 2 fois\r\n            if (currentHref.indexOf('sujet=') === -1) {\r\n                var separator = currentHref.indexOf('?') !== -1 ? '&' : '?';\r\n                var newLink = currentHref + separator + 'sujet=' + encodedTitle;\r\n                \r\n                btn.setAttribute('href', newLink);\r\n            }\r\n        });\r\n    }\r\n});\r\n<\/script><\/div>\n<\/div>\n<\/div>\n<\/div>\n\n\n\n<h2 class=\"wp-block-heading\">Priemyseln\u00fd vys\u00e1va\u010d W2: vysok\u00e1 filtr\u00e1cia, vysok\u00e1 mobilita&#8230; v\u0161etky jeho technick\u00e9 vlastnosti<\/h2>\n\n\n\n<p>Priemyseln\u00e9mu vys\u00e1va\u010du W2 nie je \u010do z\u00e1vidie\u0165 od v\u00e4\u010d\u0161\u00edch modelov:<strong> jeho sac\u00ed v\u00fdkon a filtra\u010dn\u00e1 plocha 20 000 cm2<\/strong> poskytuj\u00fa tomuto zariadeniu vysok\u00fa filtr\u00e1ciu, ako aj vysok\u00fa mobilitu. S prietokom vzduchu 360 m3\/h zaru\u010duje vys\u00e1va\u010d zv\u00fd\u0161en\u00fa filtr\u00e1ciu na zlep\u0161enie kvality vzduchu okolo v\u00e1s a r\u00fdchlej\u0161ie odstr\u00e1nenie ne\u010dist\u00f4t.   <\/p>\n\n\n\n<p>V\u010faka 420 mm polyesterov\u00e9mu vrecov\u00e9mu filtru a priemyselnej oce\u013eovej kon\u0161trukcii (motor, filtra\u010dn\u00e1 komora, n\u00e1doba a r\u00e1m) pon\u00faka zariadenie maxim\u00e1lnu odolnos\u0165. Jeho dva jednof\u00e1zov\u00e9 motory s\u00fa dimenzovan\u00e9 na nepretr\u017eit\u00fa prev\u00e1dzku 24 hod\u00edn denne, 7 dn\u00ed v t\u00fd\u017edni. \u010eal\u0161ou v\u00fdhodou je, \u017ee vys\u00e1va\u010d m\u00e1 syst\u00e9m na odstra\u0148ovanie usaden\u00fdch l\u00e1tok, ktor\u00fd zabra\u0148uje upch\u00e1vaniu spotrebi\u010da.<\/p>\n\n\n\n<p>\u010eal\u0161ia podstatn\u00e1 technick\u00e1 vlastnos\u0165: \u00fa\u010dinnos\u0165 filtr\u00e1cie a\u017e do 3 mikr\u00f3nov a vreckov\u00fd filter, ktor\u00fd zais\u0165uje vysok\u00fa retenciu prachu, zaru\u010duj\u00fa \u010distotu vzduchu, ktor\u00fd vys\u00e1va\u010d W2 vyp\u00fa\u0161\u0165a.<\/p>\n\n\n\n<p>Vys\u00e1va\u010d na mokr\u00e9 a such\u00e9 vys\u00e1vanie W2 sa dod\u00e1va s <strong>pr\u00edslu\u0161enstvom ur\u010den\u00fdm pre profesion\u00e1lov v oblasti upratovania<\/strong> (flexibiln\u00e1 sacia hadica, kefy, hubica, adapt\u00e9ry).<\/p>\n\n\n\n<blockquote class=\"wp-block-quote is-layout-flow wp-block-quote-is-layout-flow\">\n<p>Mo\u017enosti: Priemyseln\u00fd vys\u00e1va\u010d W2 je k dispoz\u00edcii vo verzii pre <strong>z\u00f3nu ATEX 22<\/strong> na bezpe\u010dn\u00e9 \u010distenie v prostrediach, v ktor\u00fdch vznik\u00e1 v\u00fdbu\u0161n\u00fd prach. M\u00f4\u017ee by\u0165 tie\u017e vybaven\u00fd nomexov\u00fdmi filtrami (odoln\u00fdmi vo\u010di teplu do 250\u00b0), Hepa H14, PTFE triedy M, tefl\u00f3nov\u00fdmi filtrami triedy L, M alebo M s vodoodolnou vrstvou. V z\u00e1vislosti od odvetvia v\u00e1m na\u0161e t\u00edmy poradia, ak\u00fd filter je najvhodnej\u0161\u00ed pre va\u0161e v\u00fdrobn\u00e9 jednotky.  <\/p>\n<\/blockquote>\n\n\n\n<h3 class=\"wp-block-heading has-text-align-center\">PRIEMYSLY<\/h3>\n\n\n\n<div class=\"wp-block-columns is-layout-flex wp-container-core-columns-is-layout-28f84493 wp-block-columns-is-layout-flex\">\n<div class=\"wp-block-column is-layout-flow wp-block-column-is-layout-flow\">\n<hr class=\"wp-block-separator has-alpha-channel-opacity\"\/>\n\n\n\n<div class=\"wp-block-columns is-layout-flex wp-container-core-columns-is-layout-28f84493 wp-block-columns-is-layout-flex\">\n<div class=\"wp-block-column is-layout-flow wp-block-column-is-layout-flow\">\n<figure class=\"wp-block-image aligncenter size-thumbnail is-resized\"><img decoding=\"async\" width=\"150\" height=\"150\" src=\"https:\/\/obera.fr\/wp-content\/uploads\/2022\/02\/Textile-150x150.png\" alt=\"textil\" class=\"wp-image-8855\"\/><figcaption class=\"wp-element-caption\">Textil<\/figcaption><\/figure>\n\n\n\n<figure class=\"wp-block-image aligncenter size-thumbnail is-resized\"><img decoding=\"async\" width=\"150\" height=\"150\" src=\"https:\/\/obera.fr\/wp-content\/uploads\/2022\/02\/Plastique-150x150.png\" alt=\"plast\" class=\"wp-image-8854\"\/><figcaption class=\"wp-element-caption\">Plastov\u00e9<\/figcaption><\/figure>\n<\/div>\n\n\n\n<div class=\"wp-block-column is-layout-flow wp-block-column-is-layout-flow\">\n<figure class=\"wp-block-image aligncenter size-thumbnail is-resized\"><img decoding=\"async\" width=\"150\" height=\"150\" src=\"https:\/\/obera.fr\/wp-content\/uploads\/2022\/02\/MINERAIS-150x150.png\" alt=\"rudy\" class=\"wp-image-8847\"\/><figcaption class=\"wp-element-caption\">Miner\u00e1ly<\/figcaption><\/figure>\n\n\n\n<figure class=\"wp-block-image aligncenter size-thumbnail is-resized\"><img decoding=\"async\" width=\"150\" height=\"150\" src=\"https:\/\/obera.fr\/wp-content\/uploads\/2022\/02\/Metalurgie-150x150.png\" alt=\"metalurgia\" class=\"wp-image-8857\"\/><figcaption class=\"wp-element-caption\">Hutn\u00edctvo<\/figcaption><\/figure>\n\n\n\n<figure class=\"wp-block-image aligncenter size-thumbnail is-resized\"><img decoding=\"async\" width=\"150\" height=\"150\" src=\"https:\/\/obera.fr\/wp-content\/uploads\/2023\/02\/sans-titre-2023-02-14t102211.641-150x150.png\" alt=\"Po\u013enohospod\u00e1rstvo\" class=\"wp-image-18828\"\/><figcaption class=\"wp-element-caption\">Po\u013enohospod\u00e1rstvo<\/figcaption><\/figure>\n<\/div>\n<\/div>\n<\/div>\n\n\n\n<div class=\"wp-block-column is-layout-flow wp-block-column-is-layout-flow\">\n<hr class=\"wp-block-separator has-alpha-channel-opacity\"\/>\n\n\n\n<div class=\"wp-block-columns is-layout-flex wp-container-core-columns-is-layout-28f84493 wp-block-columns-is-layout-flex\">\n<div class=\"wp-block-column is-layout-flow wp-block-column-is-layout-flow\">\n<figure class=\"wp-block-image aligncenter size-thumbnail is-resized\"><img decoding=\"async\" width=\"150\" height=\"150\" src=\"https:\/\/obera.fr\/wp-content\/uploads\/2022\/02\/Chimie-150x150.png\" alt=\"ch\u00e9mia\" class=\"wp-image-8846\"\/><figcaption class=\"wp-element-caption\">Ch\u00e9mia<\/figcaption><\/figure>\n\n\n\n<figure class=\"wp-block-image aligncenter size-thumbnail is-resized\"><img decoding=\"async\" width=\"150\" height=\"150\" src=\"https:\/\/obera.fr\/wp-content\/uploads\/2022\/02\/Travail-du-bois-150x150.png\" alt=\"spracovanie dreva\" class=\"wp-image-8856\"\/><figcaption class=\"wp-element-caption\">Spracovanie dreva<\/figcaption><\/figure>\n\n\n\n<figure class=\"wp-block-image aligncenter size-thumbnail is-resized\"><img decoding=\"async\" width=\"150\" height=\"150\" src=\"https:\/\/obera.fr\/wp-content\/uploads\/2023\/02\/sans-titre-2023-02-14t101920.185-150x150.png\" alt=\"Letectvo\" class=\"wp-image-18831\"\/><figcaption class=\"wp-element-caption\">Letectvo<\/figcaption><\/figure>\n<\/div>\n\n\n\n<div class=\"wp-block-column is-layout-flow wp-block-column-is-layout-flow\">\n<figure class=\"wp-block-image aligncenter size-thumbnail is-resized\"><img decoding=\"async\" width=\"150\" height=\"150\" src=\"https:\/\/obera.fr\/wp-content\/uploads\/2022\/02\/AGROALIMENTAIRE-150x150.png\" alt=\"agropotravin\u00e1rsky\" class=\"wp-image-8844\"\/><figcaption class=\"wp-element-caption\">Potravin\u00e1rsky priemysel<\/figcaption><\/figure>\n\n\n\n<figure class=\"wp-block-image aligncenter size-thumbnail is-resized\"><img decoding=\"async\" width=\"150\" height=\"150\" src=\"https:\/\/obera.fr\/wp-content\/uploads\/2022\/02\/Papier-carton-150x150.png\" alt=\"papier a lepenka\" class=\"wp-image-8853\"\/><figcaption class=\"wp-element-caption\">Papier\/kart\u00f3n<\/figcaption><\/figure>\n\n\n\n<figure class=\"wp-block-image aligncenter size-thumbnail is-resized\"><img decoding=\"async\" width=\"150\" height=\"150\" src=\"https:\/\/obera.fr\/wp-content\/uploads\/2023\/02\/sans-titre-2023-02-14t101712.416-150x150.png\" alt=\"Automobilov\u00fd priemysel\" class=\"wp-image-18834\"\/><figcaption class=\"wp-element-caption\">Automobilov\u00fd priemysel<\/figcaption><\/figure>\n<\/div>\n<\/div>\n<\/div>\n<\/div>\n\n\n\n<figure class=\"wp-block-table\"><table class=\"has-fixed-layout\"><tbody><tr><td>Nap\u00e4tie<\/td><td>V-HZ<\/td><td>230-50<\/td><\/tr><tr><td>Nap\u00e1janie<\/td><td>kW<\/td><td>2&#215;1.1<\/td><\/tr><tr><td>Maxim\u00e1lna depresia<\/td><td>Pa<\/td><td>2 400 Pa<\/td><\/tr><tr><td>Maxim\u00e1lny prietok vzduchu<\/td><td>m3\/h<\/td><td>360<\/td><\/tr><tr><td>Priemer n\u00e1ustka<\/td><td>mm<\/td><td>50<\/td><\/tr><tr><td>Typ filtra<\/td><td><\/td><td>S vreckami s hviezdi\u010dkami<\/td><\/tr><tr><td>Povrch<\/td><td>cm2<\/td><td>20.000<\/td><\/tr><tr><td>\u010cistiaci syst\u00e9m<\/td><td><\/td><td>Manuel<\/td><\/tr><tr><td>Z\u00e1sobn\u00edk na \u00farodu<\/td><td><\/td><td>Oce\u013e<\/td><\/tr><tr><td>Odvod\u0148ovac\u00ed syst\u00e9m<\/td><td><\/td><td>Odn\u00edmate\u013en\u00fd z\u00e1sobn\u00edk<\/td><\/tr><tr><td>Kapacita<\/td><td>litrov<\/td><td>40<\/td><\/tr><tr><td>Rozmery<\/td><td>cm<\/td><td>55x63x115<\/td><\/tr><\/tbody><\/table><\/figure>\n\n\n\n<div class=\"wp-block-buttons is-content-justification-center is-layout-flex wp-container-core-buttons-is-layout-a89b3969 wp-block-buttons-is-layout-flex\">\n<div class=\"wp-block-button\"><a class=\"wp-block-button__link wp-element-button\" href=\"https:\/\/obera.fr\/wp-content\/uploads\/2024\/04\/obera_brochure-w2-fr.pdf\">STIAHNITE SI KARTU S \u00daDAJMI O V\u00ddROBKU<\/a><\/div>\n<\/div>\n\n\n\n<h2 class=\"wp-block-heading\">V\u00fdkonn\u00fd a v\u0161estrann\u00fd: v\u0161etky v\u00fdhody vys\u00e1va\u010da W2<\/h2>\n\n\n\n<p>Model W2 sp\u00e1ja jednoduchos\u0165 pou\u017e\u00edvania kompaktn\u00e9ho stroja s v\u00fdkonom priemyseln\u00e9ho vys\u00e1va\u010da. Okrem vysokej mobility a sacieho v\u00fdkonu jeho protihlukov\u00e1 vrstva minimalizuje hluk po\u010das pou\u017e\u00edvania, aby neru\u0161ila obsluhu ani ostatn\u00fdch zamestnancov v dielni. Na u\u013eah\u010denie pou\u017e\u00edvania sl\u00fa\u017ei aj v\u00fdvod smeruj\u00faci nadol, ktor\u00fd zabra\u0148uje rozv\u00edreniu prachu na povrchu a prek\u00e1\u017eaniu obsluhe.<\/p>\n\n\n\n<p>Vys\u00e1va\u010d nevy\u017eaduje \u017eiadnu \u00fadr\u017ebu a je vybaven\u00fd vertik\u00e1lnym oklepom filtra, ktor\u00fd zabra\u0148uje jeho nas\u00fdteniu a predov\u0161etk\u00fdm u\u013eah\u010duje jeho ru\u010dn\u00e9 \u010distenie.<\/p>\n\n\n\n<p>V neposlednom rade je jeho hlavnou v\u00fdhodou v\u0161estrannos\u0165, preto\u017ee v\u010faka ods\u00e1vaniu pevn\u00fdch a kvapaln\u00fdch materi\u00e1lov sa d\u00e1 pou\u017ei\u0165 na r\u00f4zne \u00fa\u010dely: \u010distenie podl\u00e1h, stien, staveniska, dielne, strojov, gastronomick\u00fdch zariaden\u00ed at\u010f.<\/p>\n\n\n\n<div class=\"wp-block-columns is-layout-flex wp-container-core-columns-is-layout-28f84493 wp-block-columns-is-layout-flex\">\n<div class=\"wp-block-column is-layout-flow wp-block-column-is-layout-flow\" style=\"flex-basis:33.34%\">\n<h3 class=\"wp-block-heading\">V\u00fdhody :<\/h3>\n\n\n\n<ul class=\"wp-block-list\">\n<li>Vysok\u00fd filtra\u010dn\u00fd syst\u00e9m na s\u00fa\u010dasn\u00e9 ods\u00e1vanie pevn\u00e9ho a kvapaln\u00e9ho prachu;<\/li>\n\n\n\n<li>Ultrakompaktn\u00fd a mobiln\u00fd;<\/li>\n\n\n\n<li>Ve\u013emi tich\u00e9 pou\u017e\u00edvanie.  <\/li>\n<\/ul>\n<\/div>\n\n\n\n<div class=\"wp-block-column is-layout-flow wp-block-column-is-layout-flow\" style=\"flex-basis:33.34%\">\n<h3 class=\"wp-block-heading\">\u0160peci\u00e1lne funkcie:<\/h3>\n\n\n\n<ul class=\"wp-block-list\">\n<li>Dva jednof\u00e1zov\u00e9 motory s nez\u00e1visl\u00fdmi sp\u00edna\u010dmi;<\/li>\n\n\n\n<li>Volite\u013en\u00e9: Hepa filter H14, trieda M, L, M vodoodoln\u00fd tefl\u00f3nov\u00fd filter, M PTFE, nomexov\u00fd filter;<\/li>\n\n\n\n<li>K dispoz\u00edcii je verzia ATEX z\u00f3na 22.<\/li>\n<\/ul>\n<\/div>\n\n\n\n<div class=\"wp-block-column is-layout-flow wp-block-column-is-layout-flow\" style=\"flex-basis:33.33%\">\n<h3 class=\"wp-block-heading\">Vlastnosti :<\/h3>\n\n\n\n<ul class=\"wp-block-list\">\n<li>Kontrolka upchat\u00e9ho filtra ;<\/li>\n\n\n\n<li>Ochrana ods\u00e1vacej jednotky s hviezdicov\u00fdm filtrom (polyester).<\/li>\n<\/ul>\n<\/div>\n<\/div>\n\n\n\n<h2 class=\"wp-block-heading\">Chcete otestova\u0165 priemyseln\u00fd vys\u00e1va\u010d W2 na svojom v\u00fdrobnom pracovisku?<\/h2>\n\n\n\n<p>Vysk\u00fa\u0161ajte rie\u0161enie vo svojich diel\u0148ach! Pri v\u0161etk\u00fdch na\u0161ich rie\u0161eniach pon\u00fakame testovaciu f\u00e1zu s mo\u017enos\u0165ou zak\u00fapenia v priemere na 1 mesiac. Na konci testu ho bu\u010f prijmete, alebo v\u00e1m navrhneme rie\u0161enie, ktor\u00e9 bude lep\u0161ie vyhovova\u0165 va\u0161im potreb\u00e1m.<\/p>\n\n\n\n<div class=\"wp-block-buttons is-content-justification-center is-layout-flex wp-container-core-buttons-is-layout-a89b3969 wp-block-buttons-is-layout-flex\">\n<div class=\"wp-block-button\"><a class=\"wp-block-button__link wp-element-button\" href=\"https:\/\/obera.fr\/sk\/contact\/\">TEST VYS\u00c1VA\u010cA W2<\/a><\/div>\n<\/div>\n\n\n\n<h2 class=\"wp-block-heading\">\u010eal\u0161ie priemyseln\u00e9 vys\u00e1va\u010de v sortimente<\/h2>\n\n\n\n<div class=\"wp-block-columns is-layout-flex wp-container-core-columns-is-layout-28f84493 wp-block-columns-is-layout-flex\">\n<div class=\"wp-block-column is-layout-flow wp-block-column-is-layout-flow\">\n<figure class=\"wp-block-image aligncenter size-full is-resized\"><a href=\"https:\/\/obera.fr\/produits\/aspirateurs-industriels\/w2-xr-atex-22\/\"><img decoding=\"async\" width=\"566\" height=\"671\" src=\"https:\/\/obera.fr\/wp-content\/uploads\/2024\/10\/w2-xr-2.png\" alt=\"Priemyseln\u00e9 vys\u00e1va\u010de\" class=\"wp-image-35431\" style=\"object-fit:cover;width:300px;height:300px\" srcset=\"https:\/\/obera.fr\/wp-content\/uploads\/2024\/10\/w2-xr-2.png 566w, https:\/\/obera.fr\/wp-content\/uploads\/2024\/10\/w2-xr-2-253x300.png 253w\" sizes=\"(max-width: 566px) 100vw, 566px\" \/><\/a><figcaption class=\"wp-element-caption\">W2 XR<\/figcaption><\/figure>\n<\/div>\n\n\n\n<div class=\"wp-block-column is-layout-flow wp-block-column-is-layout-flow\">\n<figure class=\"wp-block-image aligncenter size-full\"><a href=\"https:\/\/obera.fr\/produits\/aspirateurs-industriels\/ventilateurs-aspiration-gamme-eurosog-rg-100-800\/\"><img decoding=\"async\" width=\"600\" height=\"600\" src=\"https:\/\/obera.fr\/wp-content\/uploads\/2024\/04\/obera-ventilateur-aspiration-rg-300-400.jpg\" alt=\"Obera sac\u00ed ventil\u00e1tor rg 300 400\" class=\"wp-image-29437\" srcset=\"https:\/\/obera.fr\/wp-content\/uploads\/2024\/04\/obera-ventilateur-aspiration-rg-300-400.jpg 600w, https:\/\/obera.fr\/wp-content\/uploads\/2024\/04\/obera-ventilateur-aspiration-rg-300-400-300x300.jpg 300w, https:\/\/obera.fr\/wp-content\/uploads\/2024\/04\/obera-ventilateur-aspiration-rg-300-400-150x150.jpg 150w\" sizes=\"(max-width: 600px) 100vw, 600px\" \/><\/a><figcaption class=\"wp-element-caption\">RG 300\/400<\/figcaption><\/figure>\n<\/div>\n\n\n\n<div class=\"wp-block-column is-layout-flow wp-block-column-is-layout-flow\">\n<figure class=\"wp-block-image aligncenter size-full is-resized\"><a href=\"https:\/\/obera.fr\/produits\/aspirateurs-industriels\/w3-pour-nettoyage-general\/\"><img decoding=\"async\" width=\"658\" height=\"652\" src=\"https:\/\/obera.fr\/wp-content\/uploads\/2024\/10\/w3.png\" alt=\"w3\" class=\"wp-image-35427\" style=\"object-fit:cover;width:300px;height:300px\" srcset=\"https:\/\/obera.fr\/wp-content\/uploads\/2024\/10\/w3.png 658w, https:\/\/obera.fr\/wp-content\/uploads\/2024\/10\/w3-300x297.png 300w, https:\/\/obera.fr\/wp-content\/uploads\/2024\/10\/w3-150x150.png 150w, https:\/\/obera.fr\/wp-content\/uploads\/2024\/10\/w3-24x24.png 24w, https:\/\/obera.fr\/wp-content\/uploads\/2024\/10\/w3-48x48.png 48w, https:\/\/obera.fr\/wp-content\/uploads\/2024\/10\/w3-96x96.png 96w\" sizes=\"(max-width: 658px) 100vw, 658px\" \/><\/a><figcaption class=\"wp-element-caption\">W3<\/figcaption><\/figure>\n<\/div>\n<\/div>\n","protected":false},"excerpt":{"rendered":"<p>Kompaktn\u00fd a mobiln\u00fdpriemyseln\u00fd vys\u00e1va\u010d W2 je jedn\u00fdm z naj\u00fa\u010dinnej\u0161\u00edch zariaden\u00ed na trhu, ktor\u00e9 je zn\u00e1me svojou robustnos\u0165ou, vysokou filtra\u010dnou kapacitou a v\u00fdkonom. Mokr\u00e9 a such\u00e9 priemyseln\u00e9 vys\u00e1va\u010de W2: ako funguj\u00fa a kde sa pou\u017e\u00edvaj\u00fa? Hlavnou v\u00fdhodoupriemyseln\u00e9ho vys\u00e1va\u010da W2 na mokr\u00e9 a such\u00e9 vys \u00e1vanie je jeho v\u0161estrannos\u0165. Jeho sac\u00ed v\u00fdkon znamen\u00e1, \u017ee dok\u00e1\u017ee s\u00fa\u010dasne zdv\u00edha\u0165 a vys\u00e1va\u0165 pevn\u00e9 aj kvapaln\u00e9 materi\u00e1ly. Je vybaven\u00fd dvoma jednof\u00e1zov\u00fdmi by-passov\u00fdmi motormi, ktor\u00e9 s\u00fa chr\u00e1nen\u00e9 robustnou oce\u013eovou hlavou motora a vn\u00fatri s\u00fa odhlu\u010dnen\u00e9. Vys\u00e1va\u010d je vybaven\u00fd syst\u00e9mom odde\u013eovania vody a prachu, ktor\u00fd filtruje kvapaliny od such\u00fdch \u010dast\u00edc. Vysat\u00e9 prachov\u00e9 \u010dastice sa ukladaj\u00fa do oce\u013eov\u00e9ho z\u00e1sobn\u00edka, &#8230; <\/p>\n<p class=\"read-more-container\"><a title=\"Priemyseln\u00fd vys\u00e1va\u010d W2\" class=\"read-more button\" href=\"https:\/\/obera.fr\/sk\/produits\/aspirateurs-industriels\/w2-haute-filtration-polyvalence\/#more-65212\" aria-label=\"Pre\u010d\u00edtajte si viac o Priemyseln\u00fd vys\u00e1va\u010d W2\">Lire la suite<\/a><\/p>\n","protected":false},"author":4,"featured_media":83749,"parent":48519,"menu_order":0,"comment_status":"closed","ping_status":"closed","template":"","meta":{"_acf_changed":false,"_seopress_robots_primary_cat":"","_seopress_titles_title":"Priemyseln\u00fd vys\u00e1va\u010d W2: vysok\u00e1 filtr\u00e1cia a v\u0161estrannos\u0165","_seopress_titles_desc":"Vyberte si rad W2 s vysokofiltra\u010dn\u00fdm syst\u00e9mom na s\u00fa\u010dasn\u00e9 ods\u00e1vanie pevn\u00e9ho a kvapaln\u00e9ho prachu.","_seopress_robots_index":"","footnotes":""},"class_list":{"0":"post-65212","1":"page","2":"type-page","3":"status-publish","4":"has-post-thumbnail","6":"no-featured-image-padding","7":"resize-featured-image"},"acf":[],"_links":{"self":[{"href":"https:\/\/obera.fr\/sk\/wp-json\/wp\/v2\/pages\/65212","targetHints":{"allow":["GET"]}}],"collection":[{"href":"https:\/\/obera.fr\/sk\/wp-json\/wp\/v2\/pages"}],"about":[{"href":"https:\/\/obera.fr\/sk\/wp-json\/wp\/v2\/types\/page"}],"author":[{"embeddable":true,"href":"https:\/\/obera.fr\/sk\/wp-json\/wp\/v2\/users\/4"}],"replies":[{"embeddable":true,"href":"https:\/\/obera.fr\/sk\/wp-json\/wp\/v2\/comments?post=65212"}],"version-history":[{"count":8,"href":"https:\/\/obera.fr\/sk\/wp-json\/wp\/v2\/pages\/65212\/revisions"}],"predecessor-version":[{"id":107398,"href":"https:\/\/obera.fr\/sk\/wp-json\/wp\/v2\/pages\/65212\/revisions\/107398"}],"up":[{"embeddable":true,"href":"https:\/\/obera.fr\/sk\/wp-json\/wp\/v2\/pages\/48519"}],"wp:featuredmedia":[{"embeddable":true,"href":"https:\/\/obera.fr\/sk\/wp-json\/wp\/v2\/media\/83749"}],"wp:attachment":[{"href":"https:\/\/obera.fr\/sk\/wp-json\/wp\/v2\/media?parent=65212"}],"curies":[{"name":"wp","href":"https:\/\/api.w.org\/{rel}","templated":true}]}}