{"id":67261,"date":"2025-01-17T11:13:01","date_gmt":"2025-01-17T09:13:01","guid":{"rendered":"https:\/\/obera.fr\/produits\/depoussiereurs-industriels\/prachove-svetlo\/"},"modified":"2025-07-11T11:17:57","modified_gmt":"2025-07-11T09:17:57","slug":"prachove-svetlo","status":"publish","type":"page","link":"https:\/\/obera.fr\/sk\/produits\/depoussiereurs-industriels\/prachove-svetlo\/","title":{"rendered":"Prevezmite kontrolu nad svoj\u00edm pracovn\u00fdm prostred\u00edm so zariaden\u00edm Dustlight"},"content":{"rendered":"\n<div class=\"wp-block-columns is-layout-flex wp-container-core-columns-is-layout-28f84493 wp-block-columns-is-layout-flex\">\n<div class=\"wp-block-column is-layout-flow wp-block-column-is-layout-flow\">\n<div class=\"wp-block-media-text has-media-on-the-right is-stacked-on-mobile\" style=\"grid-template-columns:auto 33%\"><div class=\"wp-block-media-text__content\">\n<p>Spolo\u010dnos\u0165 OberA s hrdos\u0165ou predstavuje <strong>Dustlight<\/strong>, inovat\u00edvny ru\u010dn\u00fd analyz\u00e1tor ur\u010den\u00fd na presn\u00fa detekciu a anal\u00fdzu jemn\u00e9ho prachu.  <\/p>\n\n\n\n<p>Toto kompaktn\u00e9, spo\u013eahliv\u00e9 a \u013eahko pou\u017eite\u013en\u00e9 zariadenie je ide\u00e1lnym n\u00e1strojom pre profesion\u00e1lov a priemyseln\u00edkov, ktor\u00ed chc\u00fa monitorova\u0165 kvalitu ovzdu\u0161ia a identifikova\u0165 suspendovan\u00e9 \u010dastice.<\/p>\n<\/div><figure class=\"wp-block-media-text__media\"><img decoding=\"async\" src=\"https:\/\/lh7-rt.googleusercontent.com\/docsz\/AD_4nXePsRD5Y4gAIBhHibguQOn0U6fgzh-p6iUVppCy2PUUWG4S_QIvoTfNJeagK6httptlC4XtT9kmxghV9258tIgq2J0QFwvU7BowEB_Xe_4_rgzVdEW0mM97dpA7WZj9dGkQUsTtMadi1obMqCXsxII?key=QO8r7RmlolM9MhCfcv5-73XE\" alt=\"Prevencia riz\u00edk spojen\u00fdch s prachom | Travail-emploi.gouv.fr | Minist\u00e8re du Travail, de la Sant\u00e9, des Solidarit\u00e9s et des Familles\"\/><\/figure><\/div>\n\n\n\n<div style=\"height:41px\" aria-hidden=\"true\" class=\"wp-block-spacer\"><\/div>\n\n\n\n<div class=\"wp-block-buttons is-content-justification-center is-layout-flex wp-container-core-buttons-is-layout-a89b3969 wp-block-buttons-is-layout-flex\">\n<div class=\"wp-block-button\"><a class=\"wp-block-button__link has-text-align-center wp-element-button\" href=\"https:\/\/obera.fr\/formulaire-dustlight\/\">BEZPLATN\u00dd 20-D\u0147OV\u00dd TEST<\/a><\/div>\n<\/div>\n<\/div>\n<\/div>\n\n<p><\/p>\n\n<p><\/p>\n\n<h2 class=\"wp-block-heading\">Chr\u00e1\u0148te sa pred nevidite\u013en\u00fdm nebezpe\u010denstvom respirabiln\u00e9ho prachu na pracovisku<\/h2>\n\n<figure class=\"wp-block-image aligncenter is-resized\"><img decoding=\"async\" src=\"https:\/\/lh7-rt.googleusercontent.com\/docsz\/AD_4nXcOS0Hfg67TC29tD0YKTlwhEbY82uCB9DoKqHN4byLMiiWnWb6_cUR2kTh4CxjF9WQI7qzrJx1chS1E8L9qU3zGeBgcCaStWF9a7mYnCr73_ylzp9tDc1LItbkRpO8_Eg6aBoXNFQRLSfcDQnw1RmM?key=QO8r7RmlolM9MhCfcv5-73XE\" alt=\"Obr&#xE1;zok obsahuj&#xFA;ci text, Elektronick&#xE9; zariadenia, Elektronick&#xE9; zariadenia, Sn&#xED;mka obrazovky&#10;&#10;Automaticky generovan&#xFD; popis\" style=\"width:617px;height:auto\"\/><figcaption class=\"wp-element-caption\"><strong>Prenosn\u00fd analyz\u00e1tor jemn\u00e9ho prachu<\/strong><\/figcaption><\/figure>\n\n<p>Na presn\u00e9 meranie koncentr\u00e1cie prachu pou\u017eite meracie zariadenie Dustlight  <\/p>\n\n<p>v priemyselnom prostred\u00ed a chr\u00e1ni\u0165 svoje zdravie a zdravie svojich zamestnancov.<\/p>\n\n<p><\/p>\n\n<p>Vdychovate\u013en\u00fd jemn\u00fd prach m\u00f4\u017ee sp\u00f4sobi\u0165 v\u00e1\u017ene zdravotn\u00e9 probl\u00e9my, ako s\u00fa ochorenia d\u00fdchac\u00edch ciest, kardiovaskul\u00e1rne probl\u00e9my a rakovina.<\/p>\n\n<p><\/p>\n\n<p>Pomocou syst\u00e9mu <strong>Dustlight<\/strong> m\u00f4\u017eete tieto rizik\u00e1 \u00fa\u010dinne minimalizova\u0165 meran\u00edm expoz\u00edcie prachu a prijat\u00edm vhodn\u00fdch ochrann\u00fdch opatren\u00ed.<\/p>\n\n<p><\/p>\n\n<p><strong>Dustlight<\/strong> meria expoz\u00edciu prachu ka\u017ed\u00fa sekundu.  <\/p>\n\n<p>Hodnoty je mo\u017en\u00e9 zobrazi\u0165 v na\u0161om smartf\u00f3ne a webovej aplik\u00e1cii a stiahnu\u0165 ich ako spr\u00e1vu.  <\/p>\n\n<p><\/p>\n\n<h2 class=\"wp-block-heading\">Vytvorte bezpe\u010dn\u00e9 pracovn\u00e9 prostredie a investujte do zdravia svojich zamestnancov s monitorom prachu Dustlight.<\/h2>\n\n<p><\/p>\n\n<p><strong>Sta\u010d\u00ed ho zapn\u00fa\u0165 a pracova\u0165 v \u00faplnom bezpe\u010d\u00ed!<\/strong><\/p>\n\n<p><\/p>\n\n<ul class=\"wp-block-list\">\n<li><strong>Mapovanie a monitorovanie koncentr\u00e1ci\u00ed prachu v re\u00e1lnom \u010dase<\/strong>: <strong>PM10, PM2,5 a PM1 <\/strong> <\/li>\n\n\n\n<li><strong>r\u00fdchlo upozorni\u0165 \u013eud\u00ed na potrebu nosi\u0165 ochranu d\u00fdchac\u00edch ciest<\/strong><\/li>\n\n\n\n<li><strong>Zvidite\u013enenie rizika expoz\u00edcie nebezpe\u010dn\u00fdm prachom (CMR)<\/strong><\/li>\n\n\n\n<li><strong>Identifik\u00e1cia zdrojov zne\u010distenia a ich zvidite\u013enenie, aby sa s nimi dalo \u00fa\u010dinnej\u0161ie bojova\u0165.<\/strong><\/li>\n\n\n\n<li><strong>Ochrana pracovn\u00edkov v tov\u00e1r\u0148ach a na stavenisk\u00e1ch<\/strong><\/li>\n\n\n\n<li><strong>Identifik\u00e1cia respirabiln\u00e9ho prachu<\/strong><\/li>\n\n\n\n<li><strong>Predv\u00eddanie regula\u010dn\u00fdch opatren\u00ed<\/strong><\/li>\n\n\n\n<li><strong>Overenie implementovan\u00e9ho rie\u0161enia<\/strong><\/li>\n<\/ul>\n\n<div class=\"wp-block-media-text has-media-on-the-right is-stacked-on-mobile\" style=\"grid-template-columns:auto 20%\"><div class=\"wp-block-media-text__content\">\n<p class=\"has-text-align-center\"><strong>Inovat\u00edvne rie\u0161enie  <\/strong><\/p>\n\n\n\n<p class=\"has-text-align-center\"><strong>Pom\u00e1ha identifikova\u0165 kritick\u00e9 situ\u00e1cie v re\u00e1lnom \u010dase,<\/strong> <strong>pom\u00e1ha chr\u00e1ni\u0165<\/strong> <strong>zdravie pracovn\u00edkov: PREVENCIA <\/strong> <\/p>\n<\/div><figure class=\"wp-block-media-text__media\"><img decoding=\"async\" src=\"https:\/\/lh7-rt.googleusercontent.com\/docsz\/AD_4nXeMFP13jbj-PgQg3zsXKleNzM21nevJo4ZMdadvv0-GNt5HN84xZQB6mAnWebn-wFPR-rT_1JpVNez2htbLY9d4Ve75JkuKUHIqs0fLQs9OeMiTljWOFxzfyO-fptezwx-JAYi4g5NCkfxQYE6Rrw?key=QO8r7RmlolM9MhCfcv5-73XE\" alt=\"Click Fast - hrudn\u00fd popruh\"\/><\/figure><\/div>\n\n<h3 class=\"wp-block-heading\">Jednoduch\u00e9, spo\u013eahliv\u00e9 a robustn\u00e9<\/h3>\n\n<p>Okam\u017eit\u00e1 detekcia: ve\u013emi \u00fa\u010dinn\u00e9 a presn\u00e9 meranie.<\/p>\n\n<p>R\u00fdchle vyhodnotenie za\u0165a\u017eenia prachom s farebn\u00fdm displejom a zvukovou v\u00fdstrahou.<\/p>\n\n<p>Syst\u00e9m svetelnej signaliz\u00e1cie, ktor\u00fd poskytuje r\u00fdchlu a jasn\u00fa inform\u00e1ciu o prekro\u010den\u00ed limitn\u00fdch hodn\u00f4t, aby ste mohli okam\u017eite kona\u0165.<\/p>\n\n<h3 class=\"wp-block-heading\">Oblasti pou\u017eitia<\/h3>\n\n<ul class=\"wp-block-list\">\n<li>Drev\u00e1rsky priemysel: \u0161peci\u00e1lny algoritmus na meranie prachu z tvrd\u00e9ho a m\u00e4kk\u00e9ho dreva<\/li>\n\n\n\n<li>Zv\u00e1ranie: monitorovanie zv\u00e1rac\u00edch dymov a kovov\u00e9ho prachu.<\/li>\n\n\n\n<li>Meranie vhodn\u00e9 pre l\u00e1tky, ako je oxid kremi\u010dit\u00fd a pr\u00e1\u0161ky<\/li>\n\n\n\n<li>Potravin\u00e1rsky priemysel<\/li>\n\n\n\n<li>Konfigurovate\u013en\u00e9 pre \u0161pecifick\u00e9 aplik\u00e1cie<\/li>\n<\/ul>\n\n<h3 class=\"wp-block-heading\">Technol\u00f3gie a inov\u00e1cie<\/h3>\n\n<ul class=\"wp-block-list\">\n<li>Laserov\u00fd fotometrick\u00fd senzor<\/li>\n\n\n\n<li>R\u00fdchla a presn\u00e1 detekcia \u010dast\u00edc<\/li>\n\n\n\n<li>Ochrana sn\u00edma\u010da<\/li>\n\n\n\n<li>Filtrovan\u00e9 pr\u00fadenie vzduchu a automatick\u00fd \u010distiaci syst\u00e9m na pred\u013a\u017eenie \u017eivotnosti.<\/li>\n<\/ul>\n\n<h3 class=\"wp-block-heading\">Testovan\u00e9 a schv\u00e1len\u00e9<\/h3>\n\n<p>Schv\u00e1lil In\u0161tit\u00fat pre v\u00fdskum nebezpe\u010dn\u00fdch l\u00e1tok (IGF)  <\/p>\n\n<p><\/p>\n\n<figure class=\"wp-block-image aligncenter is-resized\"><img decoding=\"async\" src=\"https:\/\/lh7-rt.googleusercontent.com\/docsz\/AD_4nXdpqfRaq3oGk9dAXgZ7x3rjs5SzASfAHYKydUkBgvmnTjZ5JgpSdlKbZKnVxPfWPOjTUifc5SLMAcyDv4ciV6yYT5AQcLkpX61KeDgoaoVP7TC-bwCWL_w0JA6woMYYZDAlgg7ewWyzWQmlIVx4LA?key=QO8r7RmlolM9MhCfcv5-73XE\" alt=\"Pr&#xED;stroj Dustlight na meranie respirabiln&#xE9;ho prachu na monitorovanie kvality ovzdu&#x161;ia na pracovisku, robustn&#xFD; a prenosn&#xFD; na priemyseln&#xE9; pou&#x17E;itie. Zelen&#xE1; LED indikuje expoz&#xED;ciu prachu pod prahovou hodnotou. \" style=\"width:458px;height:auto\"\/><\/figure>\n\n<h2 class=\"wp-block-heading\">K\u013e\u00fa\u010dov\u00e9 vlastnosti<\/h2>\n\n<h3 class=\"wp-block-heading\">Presn\u00e9 merania<\/h3>\n\n<p>Monitorovanie prachu PM10, PM2,5 a PM1 s rozl\u00ed\u0161en\u00edm 1 \u00b5g\/m\u00b3.<\/p>\n\n<h3 class=\"wp-block-heading\">Vizu\u00e1lny v\u00fdstra\u017en\u00fd syst\u00e9m  <\/h3>\n\n<ul class=\"wp-block-list\">\n<li>LED displej a sveteln\u00e1 signaliz\u00e1cia (zelen\u00e1, \u017elt\u00e1, \u010derven\u00e1) na z\u00e1klade hrani\u010dn\u00fdch hodn\u00f4t<\/li>\n\n\n\n<li>TRGS 900 (ekvivalent VLEP v Nemecku)<\/li>\n\n\n\n<li>Zobrazenie aktu\u00e1lneho za\u0165a\u017eenia respirabiln\u00fdm prachom<\/li>\n\n\n\n<li>V\u00fddr\u017e bat\u00e9rie a\u017e 40 hod\u00edn (ekologick\u00fd re\u017eim) + stav nabitia<\/li>\n<\/ul>\n\n<h3 class=\"wp-block-heading\">Robustnos\u0165<\/h3>\n\n<ul class=\"wp-block-list\">\n<li>Pokro\u010dil\u00e9 zariadenia na ochranu proti prachu  <\/li>\n\n\n\n<li>pre maxim\u00e1lnu \u017eivotnos\u0165 (predfiltre, filtrovan\u00fd vzduch, samo\u010distenie)<\/li>\n\n\n\n<li>Patentovan\u00fd ochrann\u00fd syst\u00e9m pre trvalo \u010dist\u00e9 senzory<\/li>\n\n\n\n<li>Z\u00e1suvka na nab\u00edjanie odoln\u00e1 proti prachu<\/li>\n<\/ul>\n\n<h3 class=\"wp-block-heading\">Modul\u00e1rna mont\u00e1\u017e<\/h3>\n\n<ul class=\"wp-block-list\">\n<li>Patentovan\u00fd prisp\u00f4sobite\u013en\u00fd syst\u00e9m Klick-Fast (klip, p\u00e1sik na such\u00fd zips, n\u00e1plas\u0165)<\/li>\n<\/ul>\n\n<h3 class=\"wp-block-heading\">Technick\u00e9 \u00fadaje<\/h3>\n\n<ul class=\"wp-block-list\">\n<li>Rozmery: 69 x 69 x 32,5 mm (bez klipu)<\/li>\n\n\n\n<li>Hmotnos\u0165: 149 g<\/li>\n\n\n\n<li>Bat\u00e9ria: l\u00edtium-i\u00f3nov\u00e1, a<\/li>\n\n\n\n<li>Stupe\u0148 ochrany: IP4X<\/li>\n\n\n\n<li>Prev\u00e1dzkov\u00e1 teplota : -10 a\u017e +50 \u00b0C<\/li>\n\n\n\n<li>Rozsah merania: 0 &#8211; 10 000 \u00b5g\/m\u00b3.<\/li>\n\n\n\n<li>Pridru\u017een\u00e9 slu\u017eby<\/li>\n\n\n\n<li>\u0160pecifick\u00e9 konfigur\u00e1cie: prisp\u00f4sobenie pre \u0161pecifick\u00e9 prostredia  <\/li>\n\n\n\n<li>(napr. drevo, zv\u00e1ranie).<\/li>\n\n\n\n<li>\u00dadr\u017eba: Ro\u010dn\u00fd servis vr\u00e1tane \u010distenia, rekalibr\u00e1cie a aktualiz\u00e1cie softv\u00e9ru.<\/li>\n<\/ul>\n\n<h2 class=\"wp-block-heading\">Dustlight je teraz k dispoz\u00edcii prostredn\u00edctvom novej webovej aplik\u00e1cie a aplik\u00e1cie pre smartf\u00f3ny.  <\/h2>\n\n<ul class=\"wp-block-list\">\n<li>Najmodernej\u0161ia meracia technol\u00f3gia, ktor\u00e1 zaznamen\u00e1va \u00farove\u0148 pra\u0161nosti s presnos\u0165ou na sekundy.  <\/li>\n\n\n\n<li>Integrovan\u00fd v\u00fdstra\u017en\u00fd syst\u00e9m, ktor\u00fd pom\u00e1ha dodr\u017eiava\u0165 normy kvality ovzdu\u0161ia<\/li>\n\n\n\n<li>Individu\u00e1lne nastavenie limitn\u00fdch hodn\u00f4t v aplik\u00e1cii a webovej aplik\u00e1cii<\/li>\n\n\n\n<li>Zvukov\u00e9 a farebn\u00e9 upozornenia hne\u010f po prekro\u010den\u00ed vami nastaven\u00fdch limitn\u00fdch hodn\u00f4t, aby bolo mo\u017en\u00e9 v\u010das prija\u0165 rozhodnutia.<\/li>\n\n\n\n<li>Pokro\u010dil\u00e9 vykazovanie a anal\u00fdza \u00fadajov &#8211; stiahnite si priamo spr\u00e1vy o hodnoten\u00ed riz\u00edk &#8211; d\u00f4le\u017eit\u00e1 podpora pre vykazovanie ESG.\n<ul class=\"wp-block-list\">\n<li>Form\u00e1t CSV alebo PDF<\/li>\n<\/ul>\n<\/li>\n<\/ul>\n\n<figure class=\"wp-block-image aligncenter is-resized\"><img decoding=\"async\" src=\"https:\/\/lh7-rt.googleusercontent.com\/docsz\/AD_4nXfpUeAu-RQ97rEMo0ogKOvI3id8fXZbwSMJwAgs-GtmaJ_Q5nyjpb40R12sTCs5kSWbL5tB4dLEl37jMKzpdX0-E-_fW3yQnN7Lb1c_7lYFSPlGmw0UjR5Ubi1ZHw8JTmPjIJIIkzYCGP9bS9qSE6Y?key=QO8r7RmlolM9MhCfcv5-73XE\" alt=\"Obr&#xE1;zok obsahuj&#xFA;ci text, multim&#xE9;di&#xE1;, elektronick&#xE9; zariadenia, softv&#xE9;r&#10;&#10;Opis generovan&#xFD; automaticky\" style=\"width:800px;height:auto\"\/><\/figure>\n\n<p class=\"has-text-align-center\"><strong>Objednajte si Dustlight e\u0161te dnes  <\/strong><\/p>\n\n<p class=\"has-text-align-center\"><strong>a zaru\u010di\u0165 bezpe\u010dnej\u0161ie pracovn\u00e9 prostredie!<\/strong><\/p>\n\n<div class=\"wp-block-buttons is-content-justification-center is-layout-flex wp-container-core-buttons-is-layout-a89b3969 wp-block-buttons-is-layout-flex\">\n<div class=\"wp-block-button\"><a class=\"wp-block-button__link has-text-align-center wp-element-button\" href=\"https:\/\/obera.fr\/formulaire-dustlight\/\">BEZPLATN\u00dd 20-D\u0147OV\u00dd TEST<\/a><\/div>\n<\/div>\n","protected":false},"excerpt":{"rendered":"<p>Spolo\u010dnos\u0165 OberA s hrdos\u0165ou predstavuje Dustlight, inovat\u00edvny ru\u010dn\u00fd analyz\u00e1tor ur\u010den\u00fd na presn\u00fa detekciu a anal\u00fdzu jemn\u00e9ho prachu. Toto kompaktn\u00e9, spo\u013eahliv\u00e9 a \u013eahko pou\u017eite\u013en\u00e9 zariadenie je ide\u00e1lnym n\u00e1strojom pre profesion\u00e1lov a priemyseln\u00edkov, ktor\u00ed chc\u00fa monitorova\u0165 kvalitu ovzdu\u0161ia a identifikova\u0165 suspendovan\u00e9 \u010dastice. Chr\u00e1\u0148te sa pred nevidite\u013en\u00fdm nebezpe\u010denstvom respirabiln\u00e9ho prachu na pracovisku Na presn\u00e9 meranie koncentr\u00e1cie prachu pou\u017eite meracie zariadenie Dustlight v priemyselnom prostred\u00ed a chr\u00e1ni\u0165 svoje zdravie a zdravie svojich zamestnancov. Vdychovate\u013en\u00fd jemn\u00fd prach m\u00f4\u017ee sp\u00f4sobi\u0165 v\u00e1\u017ene zdravotn\u00e9 probl\u00e9my, ako s\u00fa ochorenia d\u00fdchac\u00edch ciest, kardiovaskul\u00e1rne probl\u00e9my a rakovina. Pomocou syst\u00e9mu Dustlight m\u00f4\u017eete tieto rizik\u00e1 \u00fa\u010dinne minimalizova\u0165 meran\u00edm expoz\u00edcie prachu a prijat\u00edm vhodn\u00fdch &#8230; <\/p>\n<p class=\"read-more-container\"><a title=\"Prevezmite kontrolu nad svoj\u00edm pracovn\u00fdm prostred\u00edm so zariaden\u00edm Dustlight\" class=\"read-more button\" href=\"https:\/\/obera.fr\/sk\/produits\/depoussiereurs-industriels\/prachove-svetlo\/#more-67261\" aria-label=\"Pre\u010d\u00edtajte si viac o Prevezmite kontrolu nad svoj\u00edm pracovn\u00fdm prostred\u00edm so zariaden\u00edm Dustlight\">Lire la suite<\/a><\/p>\n","protected":false},"author":4,"featured_media":103628,"parent":45648,"menu_order":0,"comment_status":"closed","ping_status":"closed","template":"","meta":{"_acf_changed":false,"_seopress_robots_primary_cat":"","_seopress_titles_title":"Prevezmite kontrolu nad svoj\u00edm pracovn\u00fdm prostred\u00edm so zariaden\u00edm Dustlight","_seopress_titles_desc":"Objavte Dustlight od spolo\u010dnosti OberA, presn\u00fd a kompaktn\u00fd prenosn\u00fd analyz\u00e1tor na detekciu jemn\u00e9ho prachu. Ide\u00e1lny na monitorovanie kvality ovzdu\u0161ia. ","_seopress_robots_index":"","footnotes":""},"class_list":{"0":"post-67261","1":"page","2":"type-page","3":"status-publish","4":"has-post-thumbnail","6":"no-featured-image-padding","7":"resize-featured-image"},"acf":[],"_links":{"self":[{"href":"https:\/\/obera.fr\/sk\/wp-json\/wp\/v2\/pages\/67261","targetHints":{"allow":["GET"]}}],"collection":[{"href":"https:\/\/obera.fr\/sk\/wp-json\/wp\/v2\/pages"}],"about":[{"href":"https:\/\/obera.fr\/sk\/wp-json\/wp\/v2\/types\/page"}],"author":[{"embeddable":true,"href":"https:\/\/obera.fr\/sk\/wp-json\/wp\/v2\/users\/4"}],"replies":[{"embeddable":true,"href":"https:\/\/obera.fr\/sk\/wp-json\/wp\/v2\/comments?post=67261"}],"version-history":[{"count":1,"href":"https:\/\/obera.fr\/sk\/wp-json\/wp\/v2\/pages\/67261\/revisions"}],"predecessor-version":[{"id":67268,"href":"https:\/\/obera.fr\/sk\/wp-json\/wp\/v2\/pages\/67261\/revisions\/67268"}],"up":[{"embeddable":true,"href":"https:\/\/obera.fr\/sk\/wp-json\/wp\/v2\/pages\/45648"}],"wp:featuredmedia":[{"embeddable":true,"href":"https:\/\/obera.fr\/sk\/wp-json\/wp\/v2\/media\/103628"}],"wp:attachment":[{"href":"https:\/\/obera.fr\/sk\/wp-json\/wp\/v2\/media?parent=67261"}],"curies":[{"name":"wp","href":"https:\/\/api.w.org\/{rel}","templated":true}]}}