{"id":67410,"date":"2021-10-01T18:50:29","date_gmt":"2021-10-01T16:50:29","guid":{"rendered":"https:\/\/obera.fr\/kontaktujte-nas\/news-merci\/"},"modified":"2025-02-26T14:07:45","modified_gmt":"2025-02-26T12:07:45","slug":"news-merci","status":"publish","type":"page","link":"https:\/\/obera.fr\/sk\/contact\/news-merci\/","title":{"rendered":"\u010eakujem"},"content":{"rendered":"\n<p><meta charset=\"utf-8\"\/>Va\u0161a \u017eiados\u0165 sa zoh\u013eadn\u00ed<\/p>\n","protected":false},"excerpt":{"rendered":"<p>Va\u0161a \u017eiados\u0165 sa zoh\u013eadn\u00ed<\/p>\n","protected":false},"author":4,"featured_media":0,"parent":48859,"menu_order":0,"comment_status":"closed","ping_status":"closed","template":"","meta":{"_acf_changed":false,"_seopress_robots_primary_cat":"","_seopress_titles_title":"","_seopress_titles_desc":"","_seopress_robots_index":"\u00e1no","footnotes":""},"class_list":{"0":"post-67410","1":"page","2":"type-page","3":"status-publish","5":"no-featured-image-padding"},"acf":[],"_links":{"self":[{"href":"https:\/\/obera.fr\/sk\/wp-json\/wp\/v2\/pages\/67410","targetHints":{"allow":["GET"]}}],"collection":[{"href":"https:\/\/obera.fr\/sk\/wp-json\/wp\/v2\/pages"}],"about":[{"href":"https:\/\/obera.fr\/sk\/wp-json\/wp\/v2\/types\/page"}],"author":[{"embeddable":true,"href":"https:\/\/obera.fr\/sk\/wp-json\/wp\/v2\/users\/4"}],"replies":[{"embeddable":true,"href":"https:\/\/obera.fr\/sk\/wp-json\/wp\/v2\/comments?post=67410"}],"version-history":[{"count":3,"href":"https:\/\/obera.fr\/sk\/wp-json\/wp\/v2\/pages\/67410\/revisions"}],"predecessor-version":[{"id":67448,"href":"https:\/\/obera.fr\/sk\/wp-json\/wp\/v2\/pages\/67410\/revisions\/67448"}],"up":[{"embeddable":true,"href":"https:\/\/obera.fr\/sk\/wp-json\/wp\/v2\/pages\/48859"}],"wp:attachment":[{"href":"https:\/\/obera.fr\/sk\/wp-json\/wp\/v2\/media?parent=67410"}],"curies":[{"name":"wp","href":"https:\/\/api.w.org\/{rel}","templated":true}]}}