{"id":115347,"date":"2025-06-26T12:05:10","date_gmt":"2025-06-26T10:05:10","guid":{"rendered":"https:\/\/obera.fr\/clearbox\/"},"modified":"2025-06-26T12:09:00","modified_gmt":"2025-06-26T10:09:00","slug":"clearbox","status":"publish","type":"page","link":"https:\/\/obera.fr\/sl\/clearbox\/","title":{"rendered":"Clearbox"},"content":{"rendered":"\n<div class=\"wp-block-columns is-layout-flex wp-container-core-columns-is-layout-28f84493 wp-block-columns-is-layout-flex\">\n<div class=\"wp-block-column is-layout-flow wp-block-column-is-layout-flow\" style=\"flex-basis:33.33%\">\n<figure class=\"wp-block-image aligncenter size-medium\"><img decoding=\"async\" width=\"300\" height=\"267\" src=\"https:\/\/obera.fr\/wp-content\/uploads\/2025\/06\/clearbox-300x267.png\" alt=\"Clearbox\" class=\"wp-image-109012\" srcset=\"https:\/\/obera.fr\/wp-content\/uploads\/2025\/06\/clearbox-300x267.png 300w, https:\/\/obera.fr\/wp-content\/uploads\/2025\/06\/clearbox.png 534w\" sizes=\"(max-width: 300px) 100vw, 300px\" \/><figcaption class=\"wp-element-caption\">Clearbox<\/figcaption><\/figure>\n<\/div>\n\n\n\n<div class=\"wp-block-column is-layout-flow wp-block-column-is-layout-flow\" style=\"flex-basis:66.66%\">\n<p class=\"has-drop-cap\"><\/p>\n\n\n\n<hr class=\"wp-block-separator has-text-color has-black-color has-css-opacity has-black-background-color has-background is-style-dots\"\/>\n\n\n\n<div class=\"wp-block-columns is-layout-flex wp-container-core-columns-is-layout-28f84493 wp-block-columns-is-layout-flex\">\n<div class=\"wp-block-column is-layout-flow wp-block-column-is-layout-flow\" style=\"flex-basis:33.33%\">\n<div class=\"wp-block-buttons is-layout-flex wp-block-buttons-is-layout-flex\">\n<div class=\"wp-block-button\"><a class=\"wp-block-button__link wp-element-button\" href=\"https:\/\/obera.fr\/wp-content\/uploads\/2025\/06\/fr-caisson-mobile-daspiration-clearbox-1.pdf\">PRENESI BRO\u0160URO<\/a><\/div>\n<\/div>\n<\/div>\n\n\n\n<div class=\"wp-block-column is-layout-flow wp-block-column-is-layout-flow\" style=\"flex-basis:33.34%\">\n<div class=\"wp-block-buttons is-horizontal is-content-justification-center is-layout-flex wp-container-core-buttons-is-layout-03627597 wp-block-buttons-is-layout-flex\">\n<div class=\"wp-block-button has-custom-width wp-block-button__width-100\"><a class=\"wp-block-button__link wp-element-button\" href=\"https:\/\/obera.fr\/sl\/pisite-nam\/\">Ve\u010d o tem<\/a><\/div>\n<\/div>\n<\/div>\n\n\n\n<div class=\"wp-block-column is-layout-flow wp-block-column-is-layout-flow\" style=\"flex-basis:33.34%\">\n<div class=\"wp-block-buttons is-content-justification-center is-layout-flex wp-container-core-buttons-is-layout-a89b3969 wp-block-buttons-is-layout-flex\">\n<div class=\"wp-block-button btn-devis-source\"><a class=\"wp-block-button__link wp-element-button\" href=\"https:\/\/obera.fr\/sl\/devis\/\">Zahtevajte ponudbo<\/a><\/div>\n<\/div>\n\n\n<script>\r\ndocument.addEventListener('DOMContentLoaded', function() {\r\n    \/\/ 1. On cherche le titre H1 de la page\r\n    var h1 = document.querySelector('h1');\r\n    var productTitle = h1 ? h1.innerText.trim() : \"\";\r\n\r\n    \/\/ 2. On cherche les boutons via la classe CSS .btn-devis-source\r\n    var buttons = document.querySelectorAll('.btn-devis-source a');\r\n\r\n    \/\/ 3. Si on a le titre et les boutons, on ajoute le param\u00e8tre\r\n    if (buttons.length > 0 && productTitle !== \"\") {\r\n        var encodedTitle = encodeURIComponent(productTitle);\r\n\r\n        buttons.forEach(function(btn) {\r\n            var currentHref = btn.getAttribute('href');\r\n            \r\n            \/\/ S\u00e9curit\u00e9 pour ne pas ajouter le param\u00e8tre 2 fois\r\n            if (currentHref.indexOf('sujet=') === -1) {\r\n                var separator = currentHref.indexOf('?') !== -1 ? '&' : '?';\r\n                var newLink = currentHref + separator + 'sujet=' + encodedTitle;\r\n                \r\n                btn.setAttribute('href', newLink);\r\n            }\r\n        });\r\n    }\r\n});\r\n<\/script><\/div>\n<\/div>\n\n\n\n<p><\/p>\n<\/div>\n<\/div>\n\n<p>Clearbox je <strong>mobilna ekstrakcijska enota<\/strong>, izdelana v Franciji, s 5-letno garancijo in visoko zmogljivim pretokom. Zasnovana je posebej za \u010di\u0161\u010denje hlapnih organskih spojin (HOS), plinov, vonjav, topil, prahu in hlapov.   <\/p>\n\n<p><\/p>\n\n<p>Ta enota ponuja razli\u010dne stopnje filtriranja, od 2 do 3 stopenj, in jo je mogo\u010de konfigurirati glede na posebne potrebe, kar zagotavlja optimalno u\u010dinkovitost pri<strong>odstranjevanju onesna\u017eeval<\/strong>. Opremljena je s predfilterjem G4, nasi\u010denimi filtri od F9 do H14 za prah in hlape ter lahko vklju\u010duje aktivno oglje za <strong>\u010di\u0161\u010denje plinov in hlapnih organskih spojin<\/strong>.   <\/p>\n\n<p><\/p>\n\n<p>Poleg tega je na voljo v treh razli\u010dicah: s sesalno roko, s cevnim dovodom ali v <strong>obliki sesalne mize<\/strong>. Na voljo je tudi razli\u010dica za prah ATEX. <\/p>\n\n<div class=\"wp-block-columns is-layout-flex wp-container-core-columns-is-layout-28f84493 wp-block-columns-is-layout-flex\">\n<div class=\"wp-block-column is-layout-flow wp-block-column-is-layout-flow\">\n<h2 class=\"wp-block-heading has-text-align-center\"><strong>Prednosti<\/strong><\/h2>\n\n\n\n<ul class=\"wp-block-list\">\n<li>Zelo visok ventilator<\/li>\n\n\n\n<li>delovanje<\/li>\n\n\n\n<li>Du\u0161ilnik zvoka<\/li>\n\n\n\n<li>Mobilen, lahek in enostaven za uporabo<br\/><\/li>\n\n\n\n<li>Majhen odtis<br\/><\/li>\n\n\n\n<li>Enostavno vzdr\u017eevanje<br\/>filtrov<\/li>\n\n\n\n<li>Stopnja pretoka je nastavljiva od 0 do<br\/>100 %.<\/li>\n\n\n\n<li>Napajanje s standardno 230V vti\u010dnico<br\/><\/li>\n<\/ul>\n<\/div>\n\n\n\n<div class=\"wp-block-column is-layout-flow wp-block-column-is-layout-flow\">\n<h2 class=\"wp-block-heading has-text-align-center\"><strong>Posebne zna\u010dilnosti<\/strong><\/h2>\n\n\n\n<ul class=\"wp-block-list\">\n<li>Zamenjava<\/li>\n\n\n\n<li>visoko zmogljivi filtrirni mediji<\/li>\n\n\n\n<li>enostavno<\/li>\n\n\n\n<li>Nadgradljivost in mo\u017enost konfiguracije<br\/><\/li>\n\n\n\n<li>Visoka adsorpcijska zmogljivost<br\/><\/li>\n\n\n\n<li>\u0160tevec ur<\/li>\n\n\n\n<li>Merjenje<br\/>umazanije na filtrih<br\/><\/li>\n\n\n\n<li>Nastavitev stopnje pretoka od<br\/>0 do 100 %.<\/li>\n\n\n\n<li>Sistem Plug &amp; Play<\/li>\n\n\n\n<li>Mo\u017enost ATEX<br\/>prah<\/li>\n<\/ul>\n<\/div>\n\n\n\n<div class=\"wp-block-column is-layout-flow wp-block-column-is-layout-flow\">\n<h2 class=\"wp-block-heading has-text-align-center\"><strong>Zna\u010dilnosti<\/strong><\/h2>\n\n\n\n<ul class=\"wp-block-list\">\n<li>Najve\u010dji pretok :<\/li>\n\n\n\n<li>2000m3\/h<\/li>\n\n\n\n<li>Instalirana mo\u010d:<br\/>750W<\/li>\n\n\n\n<li>Napajanje: 230 V<\/li>\n\n\n\n<li>Dimenzije: 710 x<br\/>710 x 2050<\/li>\n\n\n\n<li>Te\u017ea: 70 kg<\/li>\n\n\n\n<li>Raven hrupa:<br\/>72Db<\/li>\n<\/ul>\n<\/div>\n<\/div>\n\n<h2 class=\"wp-block-heading\">Za kak\u0161ne namene?<\/h2>\n\n<p><strong>Clearbox je priro\u010dna <\/strong>, kompaktna <strong>naprava, <\/strong>zasnovana za u\u010dinkovito zajemanje in obdelavo plinastih onesna\u017eeval, vonjav, prahu in hlapov. Opremljena je s kole\u0161\u010dki, zato jo je <strong>enostavno namestiti v vsak delovni prostor,<\/strong> z njo pa je mogo\u010de obdelati tako fiksna kot mobilna delovna mesta. <\/p>\n\n<p><br\/>V \u0161katlo Clearbox so vgrajeni <strong>predfiltri G4, nasitni filtri F9 do H14 <\/strong>in po potrebi aktivno oglje. Na voljo je tudi v razli\u010dici za prah ATEX. Za pravilno delovanje enote je nujno redno vzdr\u017eevanje filtrov.  <\/p>\n\n<div class=\"wp-block-columns is-layout-flex wp-container-core-columns-is-layout-28f84493 wp-block-columns-is-layout-flex\">\n<div class=\"wp-block-column is-layout-flow wp-block-column-is-layout-flow\">\n<h3 class=\"wp-block-heading has-text-align-center\">Onesna\u017eevala<\/h3>\n\n\n\n<hr class=\"wp-block-separator has-css-opacity is-style-wide\"\/>\n\n\n\n<div class=\"wp-block-columns is-layout-flex wp-container-core-columns-is-layout-28f84493 wp-block-columns-is-layout-flex\">\n<div class=\"wp-block-column is-layout-flow wp-block-column-is-layout-flow\">\n<figure class=\"wp-block-image aligncenter size-large\"><img decoding=\"async\" width=\"70\" height=\"70\" src=\"https:\/\/obera.fr\/wp-content\/uploads\/2020\/08\/industrie-fumees.jpg\" alt=\"Industrijski dim\" class=\"wp-image-722\"\/><figcaption class=\"wp-element-caption\">Izpuhi<\/figcaption><\/figure>\n<\/div>\n\n\n\n<div class=\"wp-block-column is-layout-flow wp-block-column-is-layout-flow\">\n<figure class=\"wp-block-image aligncenter size-large\"><img decoding=\"async\" width=\"70\" height=\"70\" src=\"https:\/\/obera.fr\/wp-content\/uploads\/2020\/08\/polluants-poussieres.jpg\" alt=\"Onesna&#x17E;evala Prah\" class=\"wp-image-675\"\/><figcaption class=\"wp-element-caption\">Prah<\/figcaption><\/figure>\n<\/div>\n<\/div>\n\n\n\n<div class=\"wp-block-columns is-layout-flex wp-container-core-columns-is-layout-28f84493 wp-block-columns-is-layout-flex\">\n<div class=\"wp-block-column is-layout-flow wp-block-column-is-layout-flow\">\n<figure class=\"wp-block-image aligncenter size-large\"><img decoding=\"async\" width=\"70\" height=\"70\" src=\"https:\/\/obera.fr\/wp-content\/uploads\/2020\/08\/industrie-odeur.jpg\" alt=\"Industrija Vonj\" class=\"wp-image-723\"\/><figcaption class=\"wp-element-caption\">Vonji<\/figcaption><\/figure>\n<\/div>\n\n\n\n<div class=\"wp-block-column is-layout-flow wp-block-column-is-layout-flow\">\n<figure class=\"wp-block-image aligncenter size-large is-resized\"><img decoding=\"async\" width=\"70\" height=\"70\" src=\"https:\/\/obera.fr\/wp-content\/uploads\/2020\/10\/industrie-aerosols.jpg\" alt=\"Industrijski aerosoli\" class=\"wp-image-1201\" style=\"width:70px;height:auto\"\/><figcaption class=\"wp-element-caption\">VOCS<\/figcaption><\/figure>\n<\/div>\n<\/div>\n<\/div>\n\n\n\n<div class=\"wp-block-column is-layout-flow wp-block-column-is-layout-flow\">\n<h3 class=\"wp-block-heading has-text-align-center\">Industrije<\/h3>\n\n\n\n<hr class=\"wp-block-separator has-css-opacity is-style-wide\"\/>\n\n\n\n<div class=\"wp-block-columns is-layout-flex wp-container-core-columns-is-layout-28f84493 wp-block-columns-is-layout-flex\">\n<div class=\"wp-block-column is-layout-flow wp-block-column-is-layout-flow\" style=\"flex-basis:100%\">\n<div style=\"height:47px\" aria-hidden=\"true\" class=\"wp-block-spacer\"><\/div>\n\n\n\n<p class=\"has-text-align-center\">Primerno za vse vrste industrije<\/p>\n<\/div>\n\n\n\n<div class=\"wp-block-column is-layout-flow wp-block-column-is-layout-flow\"><\/div>\n<\/div>\n<\/div>\n<\/div>\n\n<div class=\"wp-block-buttons is-horizontal is-content-justification-center is-layout-flex wp-container-core-buttons-is-layout-03627597 wp-block-buttons-is-layout-flex\">\n<div class=\"wp-block-button has-custom-width wp-block-button__width-100\"><a class=\"wp-block-button__link wp-element-button\" href=\"https:\/\/obera.fr\/sl\/pisite-nam\/\">Ve\u010d o tem<\/a><\/div>\n<\/div>\n\n<h2 class=\"wp-block-heading\">Katere so funkcije naprave Clearbox?<\/h2>\n\n<p>Clearbox je <strong>mobilna sesalna enota<\/strong>, izdelana v Franciji, s 5-letno garancijo in visoko zmogljivim pretokom 2000 m\u00b3\/h. Opremljena je s tremi stopnjami visokozmogljivega filtriranja, ki jih je mogo\u010de konfigurirati glede na va\u0161e potrebe. Na voljo je v 2 stopnjah <strong>filtracije s predfilterjem G4 <\/strong>in nasi\u010denim filtrom F9 do H14 ali v 3 stopnjah z aktivnim ogljem.    <\/p>\n\n<p><\/p>\n\n<p>Poleg tega je na voljo v treh razli\u010dicah: s sesalno roko, s cevnim dovodom ali v <strong>obliki sesalne mize<\/strong>, pri \u010demer ga je mogo\u010de prilagoditi tudi v razli\u010dico ATEX za prah. Zaradi visoke adsorpcijske zmogljivosti odstrani najve\u010dje \u0161tevilo onesna\u017eeval.   <\/p>\n\n<p><\/p>\n\n<p>Redna zamenjava filtra je bistvenega pomena za nemoteno delovanje naprave. Vgrajen <strong>sistem za merjenje zama\u0161enosti filtra<\/strong> poka\u017ee, kdaj je \u010das za zamenjavo filtrov, zamenjava filtrirnega materiala pa je preprosta. <\/p>\n\n<p><\/p>\n\n<p>Je sistem Plug and Play, zato ga je enostavno namestiti. Opremljen je s kole\u0161\u010dki in <strong>posebno kompaktno zasnovo<\/strong>, zato je enostaven za manevriranje in se prilagodi vsakemu delovnemu okolju. <\/p>\n\n<p><\/p>\n\n<figure class=\"wp-block-table\"><table class=\"has-fixed-layout\"><tbody><tr><td><strong>Naprava  <\/strong><\/td><td><\/td><td><strong>Z roko  <\/strong><\/td><td><strong>Cevni vhod  <\/strong><\/td><td><strong>Tabela<\/strong><\/td><\/tr><tr><td>Najve\u010dji pretok  <\/td><td>m3\/h  <\/td><td>2000  <\/td><td>2500  <\/td><td>5000<\/td><\/tr><tr><td>Regulacija pretoka<\/td><td>%\u00a0<\/td><td>0-100  <\/td><td>0-100  <\/td><td>0-100<\/td><\/tr><tr><td>Instalirana zmogljivost<\/td><td>W  <\/td><td>750  <\/td><td>750  <\/td><td>750<\/td><\/tr><tr><td>Napajanje  <\/td><td>V  <\/td><td>230  <\/td><td>230  <\/td><td>230<\/td><\/tr><tr><td>Celotne mere (\u0160xLxV)<\/td><td>mm  <\/td><td>710x710x2050  <\/td><td>710x710x2050  <\/td><td>710x710x2050<\/td><\/tr><tr><td>Te\u017ea  <\/td><td>kg  <\/td><td>70  <\/td><td>75  <\/td><td>75<\/td><\/tr><tr><td>Raven hrupa  <\/td><td>dB  <\/td><td>72  <\/td><td>72  <\/td><td>72<\/td><\/tr><\/tbody><\/table><\/figure>\n","protected":false},"excerpt":{"rendered":"<p>Clearbox je mobilna ekstrakcijska enota, izdelana v Franciji, s 5-letno garancijo in visoko zmogljivim pretokom. Zasnovana je posebej za \u010di\u0161\u010denje hlapnih organskih spojin (HOS), plinov, vonjav, topil, prahu in hlapov. Ta enota ponuja razli\u010dne stopnje filtriranja, od 2 do 3 stopenj, in jo je mogo\u010de konfigurirati glede na posebne potrebe, kar zagotavlja optimalno u\u010dinkovitost priodstranjevanju onesna\u017eeval. Opremljena je s predfilterjem G4, nasi\u010denimi filtri od F9 do H14 za prah in hlape ter lahko vklju\u010duje aktivno oglje za \u010di\u0161\u010denje plinov in hlapnih organskih spojin. Poleg tega je na voljo v treh razli\u010dicah: s sesalno roko, s cevnim dovodom ali v obliki &#8230; <\/p>\n<p class=\"read-more-container\"><a title=\"Clearbox\" class=\"read-more button\" href=\"https:\/\/obera.fr\/sl\/clearbox\/#more-115347\" aria-label=\"Read more about Clearbox\">Lire la suite<\/a><\/p>\n","protected":false},"author":4,"featured_media":0,"parent":0,"menu_order":0,"comment_status":"closed","ping_status":"closed","template":"","meta":{"_acf_changed":false,"_seopress_robots_primary_cat":"","_seopress_titles_title":"Clearbox: Visoko zmogljiva mobilna sesalna enota","_seopress_titles_desc":"Odkrijte Clearbox, visoko zmogljivo mobilno enoto za odsesavanje hlapnih organskih spojin, plinov, dima in prahu. Izdelana v Franciji, z garancijo 5 let, nastavljiva in kompaktna. ","_seopress_robots_index":"","footnotes":""},"class_list":{"0":"post-115347","1":"page","2":"type-page","3":"status-publish","5":"no-featured-image-padding"},"acf":[],"_links":{"self":[{"href":"https:\/\/obera.fr\/sl\/wp-json\/wp\/v2\/pages\/115347","targetHints":{"allow":["GET"]}}],"collection":[{"href":"https:\/\/obera.fr\/sl\/wp-json\/wp\/v2\/pages"}],"about":[{"href":"https:\/\/obera.fr\/sl\/wp-json\/wp\/v2\/types\/page"}],"author":[{"embeddable":true,"href":"https:\/\/obera.fr\/sl\/wp-json\/wp\/v2\/users\/4"}],"replies":[{"embeddable":true,"href":"https:\/\/obera.fr\/sl\/wp-json\/wp\/v2\/comments?post=115347"}],"version-history":[{"count":1,"href":"https:\/\/obera.fr\/sl\/wp-json\/wp\/v2\/pages\/115347\/revisions"}],"predecessor-version":[{"id":115349,"href":"https:\/\/obera.fr\/sl\/wp-json\/wp\/v2\/pages\/115347\/revisions\/115349"}],"wp:attachment":[{"href":"https:\/\/obera.fr\/sl\/wp-json\/wp\/v2\/media?parent=115347"}],"curies":[{"name":"wp","href":"https:\/\/api.w.org\/{rel}","templated":true}]}}