{"id":141823,"date":"2021-05-03T16:10:49","date_gmt":"2021-05-03T14:10:49","guid":{"rendered":"https:\/\/obera.fr\/produits\/purificateurs-air\/covid-19-protivirusni-in-protibakterijski-cistilci-zraka\/cistilec-zraka-epur05\/"},"modified":"2026-02-09T11:25:38","modified_gmt":"2026-02-09T09:25:38","slug":"cistilec-zraka-epur05","status":"publish","type":"page","link":"https:\/\/obera.fr\/sl\/produits\/purificateurs-air\/covid-19-protivirusni-in-protibakterijski-cistilci-zraka\/cistilec-zraka-epur05\/","title":{"rendered":"\u010cistilec zraka ePUR05"},"content":{"rendered":"\n\n<h2 class=\"wp-block-heading\" id=\"comment-fonctionne-le-purificateur-d-air-epur05\">Kako deluje \u010distilec zraka ePUR05<\/h2>\n\n<div class=\"wp-block-columns is-layout-flex wp-container-core-columns-is-layout-28f84493 wp-block-columns-is-layout-flex\">\n<div class=\"wp-block-column is-vertically-aligned-center is-layout-flow wp-block-column-is-layout-flow\" style=\"flex-basis:33.33%\">\n<figure class=\"wp-block-image aligncenter size-large is-resized\"><img decoding=\"async\" width=\"667\" height=\"500\" src=\"https:\/\/obera.fr\/wp-content\/uploads\/2021\/05\/ePUR05.jpg\" alt=\"epur05\" class=\"wp-image-5528\" style=\"width:280px;height:210px\" srcset=\"https:\/\/obera.fr\/wp-content\/uploads\/2021\/05\/ePUR05.jpg 667w, https:\/\/obera.fr\/wp-content\/uploads\/2021\/05\/ePUR05-300x225.jpg 300w\" sizes=\"(max-width: 667px) 100vw, 667px\" \/><figcaption class=\"wp-element-caption\">ePUR05<\/figcaption><\/figure>\n<\/div>\n\n\n\n<div class=\"wp-block-column is-layout-flow wp-block-column-is-layout-flow\"><\/div>\n\n\n\n<div class=\"wp-block-column is-vertically-aligned-center is-layout-flow wp-block-column-is-layout-flow\" style=\"flex-basis:66.66%\">\n<p>\u010cistilec zraka ePUR05 deluje preprosto in u\u010dinkovito. Onesna\u017eevala se namre\u010d sesajo skozi zgornji del naprave s pomo\u010djo visoko u\u010dinkovitega ventilatorja.  <\/p>\n\n\n\n<p class=\"has-text-align-left\">Prah bo nato pre\u0161el skozi dve stopnji filtracije, za\u010den\u0161i s predfiltrom, ki lo\u010duje grobe delce prahu, da bi glavni filter pridobil na u\u010dinkovitosti in imel podalj\u0161ano \u017eivljenjsko dobo. Glavni filter H13 ali V-protect je filter zelo visoke natan\u010dnosti, ki je sposoben u\u010dinkovito obdelati viruse in bakterije, pa tudi fine pra\u0161ne delce, CMR in aerosole.  <\/p>\n\n\n\n<p>Nato obdelan zrak izstopa skozi spodnji del naprave, kar ustvarja zanko za obnovo zraka. <\/p>\n\n\n\n<div style=\"height:20px\" aria-hidden=\"true\" class=\"wp-block-spacer\"><\/div>\n\n\n\n<div class=\"wp-block-columns is-layout-flex wp-container-core-columns-is-layout-28f84493 wp-block-columns-is-layout-flex\">\n<div class=\"wp-block-column is-layout-flow wp-block-column-is-layout-flow\" style=\"flex-basis:33.34%\">\n<div class=\"wp-block-buttons is-content-justification-center is-layout-flex wp-container-core-buttons-is-layout-a89b3969 wp-block-buttons-is-layout-flex\">\n<div class=\"wp-block-button\"><a class=\"wp-block-button__link wp-element-button\" href=\"https:\/\/obera.fr\/wp-content\/uploads\/2023\/10\/brochure-epur05.pdf\">Prenesi bro\u0161uro<\/a><\/div>\n<\/div>\n<\/div>\n\n\n\n<div class=\"wp-block-column is-layout-flow wp-block-column-is-layout-flow\" style=\"flex-basis:33.34%\">\n<div class=\"wp-block-buttons is-horizontal is-content-justification-center is-layout-flex wp-container-core-buttons-is-layout-03627597 wp-block-buttons-is-layout-flex\">\n<div class=\"wp-block-button has-custom-width wp-block-button__width-100\"><a class=\"wp-block-button__link wp-element-button\" href=\"https:\/\/obera.fr\/sl\/pisite-nam\/\">Ve\u010d o tem<\/a><\/div>\n<\/div>\n<\/div>\n\n\n\n<div class=\"wp-block-column is-layout-flow wp-block-column-is-layout-flow\" style=\"flex-basis:33.33%\">\n<div class=\"wp-block-buttons is-content-justification-center is-layout-flex wp-container-core-buttons-is-layout-a89b3969 wp-block-buttons-is-layout-flex\">\n<div class=\"wp-block-button btn-devis-source\"><a class=\"wp-block-button__link wp-element-button\" href=\"https:\/\/obera.fr\/sl\/devis\/\">Zahtevajte ponudbo<\/a><\/div>\n<\/div>\n\n\n<script>\r\ndocument.addEventListener('DOMContentLoaded', function() {\r\n    \/\/ 1. On cherche le titre H1 de la page\r\n    var h1 = document.querySelector('h1');\r\n    var productTitle = h1 ? h1.innerText.trim() : \"\";\r\n\r\n    \/\/ 2. On cherche les boutons via la classe CSS .btn-devis-source\r\n    var buttons = document.querySelectorAll('.btn-devis-source a');\r\n\r\n    \/\/ 3. Si on a le titre et les boutons, on ajoute le param\u00e8tre\r\n    if (buttons.length > 0 && productTitle !== \"\") {\r\n        var encodedTitle = encodeURIComponent(productTitle);\r\n\r\n        buttons.forEach(function(btn) {\r\n            var currentHref = btn.getAttribute('href');\r\n            \r\n            \/\/ S\u00e9curit\u00e9 pour ne pas ajouter le param\u00e8tre 2 fois\r\n            if (currentHref.indexOf('sujet=') === -1) {\r\n                var separator = currentHref.indexOf('?') !== -1 ? '&' : '?';\r\n                var newLink = currentHref + separator + 'sujet=' + encodedTitle;\r\n                \r\n                btn.setAttribute('href', newLink);\r\n            }\r\n        });\r\n    }\r\n});\r\n<\/script><\/div>\n<\/div>\n<\/div>\n<\/div>\n\n<div style=\"height:20px\" aria-hidden=\"true\" class=\"wp-block-spacer\"><\/div>\n\n<figure class=\"wp-block-image aligncenter size-large\"><img decoding=\"async\" width=\"800\" height=\"250\" src=\"https:\/\/obera.fr\/wp-content\/uploads\/2021\/05\/ePUR05_Salle_de_classe.jpg\" alt=\"epur05 u&#x10D;ilnica\" class=\"wp-image-5556\" srcset=\"https:\/\/obera.fr\/wp-content\/uploads\/2021\/05\/ePUR05_Salle_de_classe.jpg 800w, https:\/\/obera.fr\/wp-content\/uploads\/2021\/05\/ePUR05_Salle_de_classe-300x94.jpg 300w, https:\/\/obera.fr\/wp-content\/uploads\/2021\/05\/ePUR05_Salle_de_classe-768x240.jpg 768w\" sizes=\"(max-width: 800px) 100vw, 800px\" \/><\/figure>\n\n<div style=\"height:20px\" aria-hidden=\"true\" class=\"wp-block-spacer\"><\/div>\n\n<div class=\"wp-block-columns is-layout-flex wp-container-core-columns-is-layout-28f84493 wp-block-columns-is-layout-flex\">\n<div class=\"wp-block-column is-layout-flow wp-block-column-is-layout-flow\">\n<h3 class=\"wp-block-heading has-text-align-center\" id=\"avantages\">PREDNOSTI<\/h3>\n\n\n\n<ul class=\"wp-block-list\">\n<li>Filtri z dolgo \u017eivljenjsko dobo<\/li>\n\n\n\n<li>Nizka poraba energije (35W)<\/li>\n\n\n\n<li>Enostavno prenosljiv zaradi te\u017ee in dimenzij<\/li>\n<\/ul>\n<\/div>\n\n\n\n<div class=\"wp-block-column is-layout-flow wp-block-column-is-layout-flow\">\n<h3 class=\"wp-block-heading has-text-align-center\" id=\"particularites\">Posebnosti<\/h3>\n\n\n\n<ul class=\"wp-block-list\">\n<li>Ohi\u0161je za zmanj\u0161anje hrupa (47dB)<\/li>\n\n\n\n<li>Visoko u\u010dinkovit ventilator z elektronsko komutacijo<\/li>\n\n\n\n<li>Nastavljiv pretok<\/li>\n<\/ul>\n\n\n\n<p><\/p>\n<\/div>\n\n\n\n<div class=\"wp-block-column is-layout-flow wp-block-column-is-layout-flow\">\n<h3 class=\"wp-block-heading has-text-align-center\" id=\"caracteristiques\">funkcije<\/h3>\n\n\n\n<ul class=\"wp-block-list\">\n<li>Visoko u\u010dinkovita HEPA ali V-Protect filtracija<\/li>\n\n\n\n<li>Lahek, samo 16 kg<\/li>\n\n\n\n<li>Idealno za povr\u0161ine do 100 m\u00b2<\/li>\n\n\n\n<li>Nizek hrup pri delovanju<\/li>\n<\/ul>\n<\/div>\n<\/div>\n\n<h2 class=\"wp-block-heading\" id=\"applications\">Aplikacije<\/h2>\n\n<div class=\"wp-block-columns is-layout-flex wp-container-core-columns-is-layout-28f84493 wp-block-columns-is-layout-flex\">\n<div class=\"wp-block-column is-layout-flow wp-block-column-is-layout-flow\">\n<h3 class=\"wp-block-heading has-text-align-center\" id=\"polluants\">Onesna\u017eevala<\/h3>\n\n\n\n<div class=\"wp-block-columns is-layout-flex wp-container-core-columns-is-layout-28f84493 wp-block-columns-is-layout-flex\">\n<div class=\"wp-block-column is-layout-flow wp-block-column-is-layout-flow\">\n<figure class=\"wp-block-image aligncenter size-large\"><img decoding=\"async\" width=\"70\" height=\"70\" src=\"https:\/\/obera.fr\/wp-content\/uploads\/2021\/03\/polluants-poussieres-1.jpg\" alt=\"pra&#x161;na onesna&#x17E;evala 1\" class=\"wp-image-4969\"\/><figcaption class=\"wp-element-caption\">Prah<\/figcaption><\/figure>\n\n\n\n<figure class=\"wp-block-image aligncenter size-thumbnail is-resized\"><img decoding=\"async\" width=\"150\" height=\"150\" src=\"https:\/\/obera.fr\/wp-content\/uploads\/2021\/03\/virus-150x150.jpg\" alt=\"virusi in bakterije\" class=\"wp-image-4914\" style=\"width:75px;height:75px\"\/><figcaption class=\"wp-element-caption\">Virusi in bakterije<\/figcaption><\/figure>\n<\/div>\n\n\n\n<div class=\"wp-block-column is-layout-flow wp-block-column-is-layout-flow\">\n<figure class=\"wp-block-image aligncenter size-large\"><img decoding=\"async\" width=\"70\" height=\"70\" src=\"https:\/\/obera.fr\/wp-content\/uploads\/2020\/10\/industrie-aerosols.jpg\" alt=\"Ob&#x10D;inski center za zbiranje odpadkov &#x2013; Odpadki\" class=\"wp-image-1201\"\/><figcaption class=\"wp-element-caption\">Aerosoli<\/figcaption><\/figure>\n<\/div>\n<\/div>\n<\/div>\n\n\n\n<div class=\"wp-block-column is-layout-flow wp-block-column-is-layout-flow\">\n<h3 class=\"wp-block-heading has-text-align-center\" id=\"industries\">industrije<\/h3>\n\n\n\n<p class=\"has-text-align-center\">Posebej primerno za velike povr\u0161ine (terciarne in javne ustanove), kot so pisarne, odprti prostori, sejne sobe, u\u010dilnice, telovadnice, delavnice, laboratoriji, trgovine, frizerski saloni, kozmeti\u010dni saloni, saloni za nohte itd.<\/p>\n<\/div>\n<\/div>\n\n<div class=\"wp-block-buttons is-horizontal is-content-justification-center is-layout-flex wp-container-core-buttons-is-layout-03627597 wp-block-buttons-is-layout-flex\">\n<div class=\"wp-block-button has-custom-width wp-block-button__width-100\"><a class=\"wp-block-button__link wp-element-button\" href=\"https:\/\/obera.fr\/sl\/pisite-nam\/\">Ve\u010d o tem<\/a><\/div>\n<\/div>\n\n<h2 class=\"wp-block-heading\" id=\"caracteristiques-techniques\">Tehni\u010dne specifikacije<\/h2>\n\n<table id=\"tablepress-158\" class=\"tablepress tablepress-id-158\">\n<thead>\n<tr class=\"row-1\">\n\t<th class=\"column-1\">Appareil<\/th><td class=\"column-2\"><\/td><th class=\"column-3\">ePUR05<\/th>\n<\/tr>\n<\/thead>\n<tbody class=\"row-striping row-hover\">\n<tr class=\"row-2\">\n\t<td class=\"column-1\">D\u00e9bit nominal<\/td><td class=\"column-2\">m3\/h<\/td><td class=\"column-3\">500<\/td>\n<\/tr>\n<tr class=\"row-3\">\n\t<td class=\"column-1\">Tension d'alimentation<\/td><td class=\"column-2\">V<\/td><td class=\"column-3\">230<\/td>\n<\/tr>\n<tr class=\"row-4\">\n\t<td class=\"column-1\">Puissance \u00e9l\u00e9ctrique<\/td><td class=\"column-2\">kW<\/td><td class=\"column-3\">0,035<\/td>\n<\/tr>\n<tr class=\"row-5\">\n\t<td class=\"column-1\">Dimensions<\/td><td class=\"column-2\">L\/l\/h (cm)<\/td><td class=\"column-3\"> 32 x 32 x 71<\/td>\n<\/tr>\n<tr class=\"row-6\">\n\t<td class=\"column-1\">Poids<\/td><td class=\"column-2\">kg<\/td><td class=\"column-3\">16<\/td>\n<\/tr>\n<tr class=\"row-7\">\n\t<td class=\"column-1\">Niveau de Bruyance <\/td><td class=\"column-2\">dB(A)<\/td><td class=\"column-3\">47<\/td>\n<\/tr>\n<\/tbody>\n<\/table>\n\n\n<div style=\"height:20px\" aria-hidden=\"true\" class=\"wp-block-spacer\"><\/div>\n\n<h2 class=\"wp-block-heading\" id=\"les-autres-destructeurs-de-virus-et-bacteries\">Drugi uni\u010devalci virusov in bakterij<\/h2>\n\n<div class=\"wp-block-columns is-layout-flex wp-container-core-columns-is-layout-28f84493 wp-block-columns-is-layout-flex\">\n<div class=\"wp-block-column is-layout-flow wp-block-column-is-layout-flow\">\n<figure class=\"wp-block-image aligncenter size-medium is-resized\"><a href=\"https:\/\/obera.fr\/sl\/produits\/purificateurs-air\/covid-19-protivirusni-in-protibakterijski-cistilci-zraka\/protivirusni-cistilec-zraka-virbox\/\"><img decoding=\"async\" width=\"300\" height=\"300\" src=\"https:\/\/obera.fr\/wp-content\/uploads\/2021\/04\/Virbox_2021-removebg-preview-300x300.png\" alt=\"virbox 2021\" class=\"wp-image-5383\" style=\"width:225px;height:225px\" srcset=\"https:\/\/obera.fr\/wp-content\/uploads\/2021\/04\/Virbox_2021-removebg-preview.png 300w, https:\/\/obera.fr\/wp-content\/uploads\/2021\/04\/Virbox_2021-removebg-preview-150x150.png 150w\" sizes=\"(max-width: 300px) 100vw, 300px\" \/><\/a><figcaption class=\"wp-element-caption\">VIRBOX<\/figcaption><\/figure>\n<\/div>\n\n\n\n<div class=\"wp-block-column is-layout-flow wp-block-column-is-layout-flow\">\n<figure class=\"wp-block-image aligncenter size-medium is-resized\"><a href=\"https:\/\/obera.fr\/sl\/produits\/purificateurs-air\/industriel-epur\/\"><img decoding=\"async\" width=\"300\" height=\"300\" src=\"https:\/\/obera.fr\/wp-content\/uploads\/2021\/04\/Purificateur-dair-ePUR-2020-600-300x300.jpg\" alt=\"&#x10D;istilniki zraka epur OBERA\" class=\"wp-image-5340\" style=\"width:225px;height:225px\" srcset=\"https:\/\/obera.fr\/wp-content\/uploads\/2021\/04\/Purificateur-dair-ePUR-2020-600-300x300.jpg 300w, https:\/\/obera.fr\/wp-content\/uploads\/2021\/04\/Purificateur-dair-ePUR-2020-600-150x150.jpg 150w, https:\/\/obera.fr\/wp-content\/uploads\/2021\/04\/Purificateur-dair-ePUR-2020-600.jpg 600w\" sizes=\"(max-width: 300px) 100vw, 300px\" \/><\/a><figcaption class=\"wp-element-caption\">\u010cistilnik zraka EPUR<\/figcaption><\/figure>\n<\/div>\n\n\n\n<div class=\"wp-block-column is-layout-flow wp-block-column-is-layout-flow\">\n<figure class=\"wp-block-image aligncenter size-medium is-resized\"><a href=\"https:\/\/obera.fr\/sl\/produits\/purificateurs-air\/epur-b01-ecoprime-cistilec-zraka-za-prah\/\"><img decoding=\"async\" width=\"300\" height=\"300\" src=\"https:\/\/obera.fr\/wp-content\/uploads\/2021\/04\/ePUR-B01-ecoprime-600-300x300.jpg\" alt=\"Epur B01 Ecoprime\" class=\"wp-image-5342\" style=\"width:225px;height:225px\" srcset=\"https:\/\/obera.fr\/wp-content\/uploads\/2021\/04\/ePUR-B01-ecoprime-600-300x300.jpg 300w, https:\/\/obera.fr\/wp-content\/uploads\/2021\/04\/ePUR-B01-ecoprime-600-150x150.jpg 150w, https:\/\/obera.fr\/wp-content\/uploads\/2021\/04\/ePUR-B01-ecoprime-600.jpg 600w\" sizes=\"(max-width: 300px) 100vw, 300px\" \/><\/a><figcaption class=\"wp-element-caption\">Epur B01 Ecoprime<\/figcaption><\/figure>\n<\/div>\n\n\n\n<div class=\"wp-block-column is-layout-flow wp-block-column-is-layout-flow\"><\/div>\n<\/div>\n\n<p><\/p>\n","protected":false},"excerpt":{"rendered":"<p>Kako deluje \u010distilec zraka ePUR05 \u010cistilec zraka ePUR05 deluje preprosto in u\u010dinkovito. Onesna\u017eevala se namre\u010d sesajo skozi zgornji del naprave s pomo\u010djo visoko u\u010dinkovitega ventilatorja. Prah bo nato pre\u0161el skozi dve stopnji filtracije, za\u010den\u0161i s predfiltrom, ki lo\u010duje grobe delce prahu, da bi glavni filter pridobil na u\u010dinkovitosti in imel podalj\u0161ano \u017eivljenjsko dobo. Glavni filter H13 ali V-protect je filter zelo visoke natan\u010dnosti, ki je sposoben u\u010dinkovito obdelati viruse in bakterije, pa tudi fine pra\u0161ne delce, CMR in aerosole. Nato obdelan zrak izstopa skozi spodnji del naprave, kar ustvarja zanko za obnovo zraka. PREDNOSTI Posebnosti funkcije Aplikacije Onesna\u017eevala industrije Posebej &#8230; <\/p>\n<p class=\"read-more-container\"><a title=\"\u010cistilec zraka ePUR05\" class=\"read-more button\" href=\"https:\/\/obera.fr\/sl\/produits\/purificateurs-air\/covid-19-protivirusni-in-protibakterijski-cistilci-zraka\/cistilec-zraka-epur05\/#more-141823\" aria-label=\"Read more about \u010cistilec zraka ePUR05\">Lire la suite<\/a><\/p>\n","protected":false},"author":4,"featured_media":141825,"parent":48078,"menu_order":0,"comment_status":"closed","ping_status":"closed","template":"","meta":{"_acf_changed":false,"_seopress_robots_primary_cat":"","_seopress_titles_title":"\u010cistilec zraka proti virusom in bakterijam ePUR05","_seopress_titles_desc":"EPUR05 je \u010distilec zraka, zasnovan za obvladovanje virusov in bakterij, pa tudi finih pra\u0161nih delcev, CMR-jev in aerosolov.","_seopress_robots_index":"","footnotes":""},"class_list":{"0":"post-141823","1":"page","2":"type-page","3":"status-publish","4":"has-post-thumbnail","6":"no-featured-image-padding","7":"resize-featured-image"},"acf":[],"_links":{"self":[{"href":"https:\/\/obera.fr\/sl\/wp-json\/wp\/v2\/pages\/141823","targetHints":{"allow":["GET"]}}],"collection":[{"href":"https:\/\/obera.fr\/sl\/wp-json\/wp\/v2\/pages"}],"about":[{"href":"https:\/\/obera.fr\/sl\/wp-json\/wp\/v2\/types\/page"}],"author":[{"embeddable":true,"href":"https:\/\/obera.fr\/sl\/wp-json\/wp\/v2\/users\/4"}],"replies":[{"embeddable":true,"href":"https:\/\/obera.fr\/sl\/wp-json\/wp\/v2\/comments?post=141823"}],"version-history":[{"count":1,"href":"https:\/\/obera.fr\/sl\/wp-json\/wp\/v2\/pages\/141823\/revisions"}],"predecessor-version":[{"id":141827,"href":"https:\/\/obera.fr\/sl\/wp-json\/wp\/v2\/pages\/141823\/revisions\/141827"}],"up":[{"embeddable":true,"href":"https:\/\/obera.fr\/sl\/wp-json\/wp\/v2\/pages\/48078"}],"wp:featuredmedia":[{"embeddable":true,"href":"https:\/\/obera.fr\/sl\/wp-json\/wp\/v2\/media\/141825"}],"wp:attachment":[{"href":"https:\/\/obera.fr\/sl\/wp-json\/wp\/v2\/media?parent=141823"}],"curies":[{"name":"wp","href":"https:\/\/api.w.org\/{rel}","templated":true}]}}