{"id":38045,"date":"2020-08-26T16:20:18","date_gmt":"2020-08-26T14:20:18","guid":{"rendered":"https:\/\/obera.fr\/odkrijte-obera\/"},"modified":"2025-07-21T15:03:49","modified_gmt":"2025-07-21T13:03:49","slug":"decouvrir","status":"publish","type":"page","link":"https:\/\/obera.fr\/sl\/decouvrir\/","title":{"rendered":"Odkrijte OberA"},"content":{"rendered":"\n<h2 class=\"wp-block-heading\">Na\u0161 slogan: &#8220;OberA zagotavlja kakovost zraka v <mark style=\"background-color:rgba(0, 0, 0, 0)\" class=\"has-inline-color has-global-color-8-color\">va\u0161em podjetju <\/mark>!&#8221;<\/h2>\n\n<p><\/p>\n\n<p>Dru\u017eba OberA s sede\u017eem v Alzaciji je strokovnjak za industrijsko \u010di\u0161\u010denje zraka. Na\u0161a prisotnost je raz\u0161irjena po vsej Franciji in Evropi, od na\u010drtovanja do proizvodnje in distribucije. Z na\u0161imi ekolo\u0161kimi in ekonomi\u010dnimi re\u0161itvami, prilagojenimi va\u0161im potrebam, lahko u\u017eivate v zdravem delovnem okolju, ki izbolj\u0161uje delovne pogoje in pove\u010duje produktivnost va\u0161ega podjetja.  <\/p>\n\n<div class=\"wp-block-columns is-layout-flex wp-container-core-columns-is-layout-28f84493 wp-block-columns-is-layout-flex\">\n<div class=\"wp-block-column is-layout-flow wp-block-column-is-layout-flow\" style=\"flex-basis:25%\"><\/div>\n\n\n\n<div class=\"wp-block-column is-layout-flow wp-block-column-is-layout-flow\" style=\"flex-basis:50%\">\n<p><\/p>\n\n\n\n<figure class=\"wp-block-video\"><video height=\"1080\" style=\"aspect-ratio: 1920 \/ 1080;\" width=\"1920\" autoplay=\"\" controls=\"\" loop=\"\" muted=\"\" poster=\"https:\/\/obera.fr\/wp-content\/uploads\/2025\/05\/capture-decran-2025-05-14-100342.png\" src=\"https:\/\/obera.fr\/wp-content\/uploads\/2025\/05\/made_in_france_obera_fr.mp4\"><\/video><\/figure>\n<\/div>\n\n\n\n<div class=\"wp-block-column is-layout-flow wp-block-column-is-layout-flow\" style=\"flex-basis:25%\"><\/div>\n<\/div>\n\n<p><\/p>\n\n<div class=\"wp-block-buttons is-content-justification-center is-layout-flex wp-container-core-buttons-is-layout-a89b3969 wp-block-buttons-is-layout-flex\">\n<div class=\"wp-block-button\"><a class=\"wp-block-button__link wp-element-button\" href=\"https:\/\/obera.fr\/sl\/ils-parlent-de-nous-presse-media\/\">Govorijo o nas<\/a><\/div>\n\n\n\n<div class=\"wp-block-button\"><a class=\"wp-block-button__link wp-element-button\" href=\"https:\/\/obera.fr\/sl\/decouvrir\/salons\/\">Prihajajo\u010di sejmi<\/a><\/div>\n<\/div>\n\n<h2 class=\"wp-block-heading\">Na\u0161e poslanstvo<\/h2>\n\n<div class=\"wp-block-columns is-layout-flex wp-container-core-columns-is-layout-28f84493 wp-block-columns-is-layout-flex\">\n<div class=\"wp-block-column is-layout-flow wp-block-column-is-layout-flow\" style=\"flex-basis:66.66%\">\n<p>Kot specialist za industrijsko \u010di\u0161\u010denje zraka vam OberA zagotavlja zdravo delovno okolje, spodbuja optimalne delovne pogoje in pomaga izbolj\u0161ati produktivnost va\u0161ega podjetja.<\/p>\n\n\n\n<blockquote class=\"wp-block-quote is-layout-flow wp-block-quote-is-layout-flow\">\n<p>Va\u0161 porok za kakovost zraka  <\/p>\n<\/blockquote>\n<\/div>\n\n\n\n<div class=\"wp-block-column is-layout-flow wp-block-column-is-layout-flow\" style=\"flex-basis:33.33%\">\n<figure class=\"wp-block-image aligncenter size-large is-resized\"><img decoding=\"async\" width=\"1024\" height=\"1024\" src=\"https:\/\/obera.fr\/wp-content\/uploads\/2025\/05\/ic-30-entrepot-travail-1024x1024.png\" alt=\"ic 30 delo v skladi&#x161;&#x10D;u\" class=\"wp-image-93435\" style=\"width:259px;height:auto\" srcset=\"https:\/\/obera.fr\/wp-content\/uploads\/2025\/05\/ic-30-entrepot-travail-1024x1024.png 1024w, https:\/\/obera.fr\/wp-content\/uploads\/2025\/05\/ic-30-entrepot-travail-300x300.png 300w, https:\/\/obera.fr\/wp-content\/uploads\/2025\/05\/ic-30-entrepot-travail-150x150.png 150w, https:\/\/obera.fr\/wp-content\/uploads\/2025\/05\/ic-30-entrepot-travail-768x768.png 768w, https:\/\/obera.fr\/wp-content\/uploads\/2025\/05\/ic-30-entrepot-travail.png 1200w\" sizes=\"(max-width: 1024px) 100vw, 1024px\" \/><\/figure>\n<\/div>\n<\/div>\n\n<h3 class=\"wp-block-heading\">Izbolj\u0161anje kakovosti zraka za bolj\u0161e zdravje in produktivnost<\/h3>\n\n<p>V dru\u017ebi OberA se zavedamo, kako pomembno je delati v zdravem okolju. Zato smo razvili u\u010dinkovite in inovativne re\u0161itve, s katerimi vam zagotavljamo \u010dist zrak, izbolj\u0161ujemo delovne pogoje in pove\u010dujemo produktivnost. Na\u0161e prilagojene re\u0161itve, ki so prilagojene va\u0161im posebnim potrebam, se popolnoma prilegajo va\u0161emu okolju. Na\u0161e inovacije so ekolo\u0161ke in var\u010dne ter zagotavljajo izjemne rezultate.   <\/p>\n\n<h3 class=\"wp-block-heading\">Prilagojene re\u0161itve za vsako situacijo<\/h3>\n\n<p>Zavezani smo k zagotavljanju prilagojenih re\u0161itev za edinstvene izzive, s katerimi se soo\u010date. Ne glede na to, ali potrebujete mobilno ali fiksno re\u0161itev, tesno sodelujemo z vami, da analiziramo va\u0161e delovno okolje, razumemo va\u0161e posebne potrebe in oblikujemo sisteme za izbolj\u0161anje kakovosti zraka, ki popolnoma ustrezajo va\u0161im pri\u010dakovanjem. <\/p>\n\n<h2 class=\"wp-block-heading\">Poslovna podro\u010dja dru\u017ebe OberA<\/h2>\n\n<p>Ponosni smo, da ponujamo najsodobnej\u0161e izdelke in storitve, ki na\u0161im strankam pomagajo re\u0161evati te\u017eave, povezane s <strong>prahom, vonjavami, hlapnimi organskimi spojinami in toploto<\/strong>, ter ustvarjajo bolj zdravo in produktivno delovno okolje.<\/p>\n\n<p><\/p>\n\n<div class=\"wp-block-columns is-layout-flex wp-container-core-columns-is-layout-28f84493 wp-block-columns-is-layout-flex\">\n<div class=\"wp-block-column is-layout-flow wp-block-column-is-layout-flow\" style=\"flex-basis:25%\"><\/div>\n\n\n\n<div class=\"wp-block-column is-layout-flow wp-block-column-is-layout-flow\" style=\"flex-basis:50%\">\n<figure class=\"wp-block-video\"><video height=\"1080\" style=\"aspect-ratio: 1920 \/ 1080;\" width=\"1920\" autoplay=\"\" controls=\"\" loop=\"\" poster=\"https:\/\/obera.fr\/wp-content\/uploads\/2025\/05\/capture-decran-2025-05-13-093745.png\" src=\"https:\/\/obera.fr\/wp-content\/uploads\/2025\/05\/le-depoussierage-des-espaces-de-travail-1.mp4\"><\/video><\/figure>\n<\/div>\n\n\n\n<div class=\"wp-block-column is-layout-flow wp-block-column-is-layout-flow\" style=\"flex-basis:25%\"><\/div>\n<\/div>\n\n<p><\/p>\n\n<h2 class=\"wp-block-heading\">Natan\u010dna metodologija za zanesljive rezultate<\/h2>\n\n<p>V podjetju OberA se dr\u017eimo stroge metodologije, da bi na\u0161im strankam zagotovili optimalne rezultate. Pred namestitvijo na\u0161e opreme vam ponudimo izvedbo <strong>diagnoze<\/strong> <strong>prahu<\/strong>. Ta pristop nam omogo\u010da, da dolo\u010dimo raven in vrsto prahu, prisotnega v va\u0161em delovnem prostoru. Po tej analizi <strong>priporo\u010dimo re\u0161itev, prilagojeno<\/strong> razmeram in <strong>pri\u010dakovanemu rezultatu<\/strong>. Ko se o tem dogovorimo z vami, se lotimo izvedbe re\u0161itve. Da bi preverili u\u010dinkovitost izvedene re\u0161itve, pozneje izvedemo <strong>drugo meritev<\/strong>. \u010ce se rezultati ujemajo s pri\u010dakovanimi, ne spreminjamo ni\u010desar. \u010ce re\u0161itev ni dovolj u\u010dinkovita, <strong>jo ponovno prilagodimo<\/strong>.      <\/p>\n\n<div class=\"wp-block-columns is-layout-flex wp-container-core-columns-is-layout-28f84493 wp-block-columns-is-layout-flex\">\n<div class=\"wp-block-column is-layout-flow wp-block-column-is-layout-flow\" style=\"flex-basis:25%\"><\/div>\n\n\n\n<div class=\"wp-block-column is-layout-flow wp-block-column-is-layout-flow\" style=\"flex-basis:50%\">\n<figure class=\"wp-block-video\"><video height=\"1080\" style=\"aspect-ratio: 1920 \/ 1080;\" width=\"1920\" autoplay=\"\" controls=\"\" loop=\"\" poster=\"https:\/\/obera.fr\/wp-content\/uploads\/2025\/05\/capture-decran-2025-05-13-161820.png\" src=\"https:\/\/obera.fr\/wp-content\/uploads\/2025\/05\/mesurer-disgnostiquer.mp4\"><\/video><\/figure>\n<\/div>\n\n\n\n<div class=\"wp-block-column is-layout-flow wp-block-column-is-layout-flow\" style=\"flex-basis:25%\"><\/div>\n<\/div>\n\n<p><\/p>\n\n<p>OberA je edino podjetje, ki vam ponuja to storitev. Da bi zagotovili varno in u\u010dinkovito nalo\u017ebo, lahko <strong>na\u0161o opremo preizkusite za obdobje od 1 do 3 mesecev, kar se od\u0161teje od nakupne cene<\/strong>. Za uporabo v dolo\u010denem obdobju ali za kratkoro\u010dne potrebe lahko <strong>na\u0161o<\/strong> <strong>opremo<\/strong> <strong>najamete<\/strong> <strong>za obdobje od 12 do 63 mesecev z mo\u017enostjo nakupa<\/strong>. <\/p>\n\n<p><\/p>\n\n<div class=\"wp-block-columns is-layout-flex wp-container-core-columns-is-layout-28f84493 wp-block-columns-is-layout-flex\">\n<div class=\"wp-block-column is-layout-flow wp-block-column-is-layout-flow\" style=\"flex-basis:25%\"><\/div>\n\n\n\n<div class=\"wp-block-column is-layout-flow wp-block-column-is-layout-flow\" style=\"flex-basis:50%\">\n<figure class=\"wp-block-video\"><video height=\"1080\" style=\"aspect-ratio: 1920 \/ 1080;\" width=\"1920\" autoplay=\"\" controls=\"\" loop=\"\" poster=\"https:\/\/obera.fr\/wp-content\/uploads\/2025\/05\/capture-decran-2025-05-13-093822.png\" src=\"https:\/\/obera.fr\/wp-content\/uploads\/2025\/05\/testez-de-1-a-3-mois-deductibles-du-prix-dacquisition.mp4\"><\/video><\/figure>\n<\/div>\n\n\n\n<div class=\"wp-block-column is-layout-flow wp-block-column-is-layout-flow\" style=\"flex-basis:25%\"><\/div>\n<\/div>\n\n<p><\/p>\n\n<h2 class=\"wp-block-heading\">Na\u0161a zavezanost k zadovoljstvu strank<\/h2>\n\n<p>Zadovoljstvo strank je na\u0161a glavna prednostna naloga. Zavezani smo, da bomo na vsakem koraku zagotavljali izjemne storitve za stranke. Na\u0161a visoko usposobljena tehni\u010dna\/SAV ekipa je na voljo za odgovore na vsa va\u0161a vpra\u0161anja, za usmerjanje pri izbiri re\u0161itve, ki je najprimernej\u0161a za va\u0161e potrebe, in za stalno podporo, ki zagotavlja pravilno delovanje na\u0161ih izdelkov.  <\/p>\n\n<p>Ne glede na to, ali ste industrijsko podjetje, ki skrbi za zdravje svojih zaposlenih, ali logist, ki \u017eeli optimizirati svoje delovno okolje, vam je dru\u017eba OberA na voljo za podporo. Odkrijte na\u0161e strokovno znanje, vrhunske re\u0161itve in na\u0161o zavezanost k izbolj\u0161anju kakovosti zraka. Skupaj lahko ustvarimo bolj zdravo in produktivno delovno okolje.  <\/p>\n\n<p>\u0160e danes nas kontaktirajte, da se pogovorimo o va\u0161ih posebnih zahtevah in ugotovimo, kako lahko OberA izbolj\u0161a kakovost zraka v va\u0161em podjetju.<\/p>\n\n<div class=\"wp-block-buttons is-horizontal is-content-justification-center is-layout-flex wp-container-core-buttons-is-layout-03627597 wp-block-buttons-is-layout-flex\">\n<div class=\"wp-block-button has-custom-width wp-block-button__width-100\"><a class=\"wp-block-button__link wp-element-button\" href=\"https:\/\/obera.fr\/sl\/pisite-nam\/\">Ve\u010d o tem<\/a><\/div>\n<\/div>\n\n<div style=\"height:30px\" aria-hidden=\"true\" class=\"wp-block-spacer\"><\/div>\n\n<p>Odkrijte na\u0161e zveste <a href=\"https:\/\/obera.fr\/sl\/decouvrir\/nase-stranke\/\" data-type=\"page\" data-id=\"743\">stranke<\/a>.<\/p>\n\n<p><\/p>\n","protected":false},"excerpt":{"rendered":"<p>Na\u0161 slogan: &#8220;OberA zagotavlja kakovost zraka v va\u0161em podjetju !&#8221; Dru\u017eba OberA s sede\u017eem v Alzaciji je strokovnjak za industrijsko \u010di\u0161\u010denje zraka. Na\u0161a prisotnost je raz\u0161irjena po vsej Franciji in Evropi, od na\u010drtovanja do proizvodnje in distribucije. Z na\u0161imi ekolo\u0161kimi in ekonomi\u010dnimi re\u0161itvami, prilagojenimi va\u0161im potrebam, lahko u\u017eivate v zdravem delovnem okolju, ki izbolj\u0161uje delovne pogoje in pove\u010duje produktivnost va\u0161ega podjetja. Na\u0161e poslanstvo Kot specialist za industrijsko \u010di\u0161\u010denje zraka vam OberA zagotavlja zdravo delovno okolje, spodbuja optimalne delovne pogoje in pomaga izbolj\u0161ati produktivnost va\u0161ega podjetja. Va\u0161 porok za kakovost zraka Izbolj\u0161anje kakovosti zraka za bolj\u0161e zdravje in produktivnost V dru\u017ebi &#8230; <\/p>\n<p class=\"read-more-container\"><a title=\"Odkrijte OberA\" class=\"read-more button\" href=\"https:\/\/obera.fr\/sl\/decouvrir\/#more-38045\" aria-label=\"Read more about Odkrijte OberA\">Lire la suite<\/a><\/p>\n","protected":false},"author":4,"featured_media":84823,"parent":0,"menu_order":0,"comment_status":"closed","ping_status":"closed","template":"","meta":{"_acf_changed":false,"_seopress_robots_primary_cat":"","_seopress_titles_title":"D\u00e9couvrir oberA : La solution compl\u00e8te pour votre entreprise.","_seopress_titles_desc":"En savoir plus sur oberA, notre mission, nos m\u00e9tiers, notre m\u00e9thodologie et nos implantations g\u00e9ographiques.","_seopress_robots_index":"","footnotes":""},"class_list":{"0":"post-38045","1":"page","2":"type-page","3":"status-publish","4":"has-post-thumbnail","6":"no-featured-image-padding","7":"resize-featured-image"},"acf":[],"_links":{"self":[{"href":"https:\/\/obera.fr\/sl\/wp-json\/wp\/v2\/pages\/38045","targetHints":{"allow":["GET"]}}],"collection":[{"href":"https:\/\/obera.fr\/sl\/wp-json\/wp\/v2\/pages"}],"about":[{"href":"https:\/\/obera.fr\/sl\/wp-json\/wp\/v2\/types\/page"}],"author":[{"embeddable":true,"href":"https:\/\/obera.fr\/sl\/wp-json\/wp\/v2\/users\/4"}],"replies":[{"embeddable":true,"href":"https:\/\/obera.fr\/sl\/wp-json\/wp\/v2\/comments?post=38045"}],"version-history":[{"count":10,"href":"https:\/\/obera.fr\/sl\/wp-json\/wp\/v2\/pages\/38045\/revisions"}],"predecessor-version":[{"id":124545,"href":"https:\/\/obera.fr\/sl\/wp-json\/wp\/v2\/pages\/38045\/revisions\/124545"}],"wp:featuredmedia":[{"embeddable":true,"href":"https:\/\/obera.fr\/sl\/wp-json\/wp\/v2\/media\/84823"}],"wp:attachment":[{"href":"https:\/\/obera.fr\/sl\/wp-json\/wp\/v2\/media?parent=38045"}],"curies":[{"name":"wp","href":"https:\/\/api.w.org\/{rel}","templated":true}]}}