{"id":38538,"date":"2022-09-13T10:52:39","date_gmt":"2022-09-13T08:52:39","guid":{"rendered":"https:\/\/obera.fr\/nasi-izdelki\/orozja-in-naprave-za-pobiranje\/prstani-pouyes\/"},"modified":"2025-08-29T09:25:44","modified_gmt":"2025-08-29T07:25:44","slug":"anneaux-de-pouyes","status":"publish","type":"page","link":"https:\/\/obera.fr\/sl\/produits\/bras-dispositifs-captation\/anneaux-de-pouyes\/","title":{"rendered":"Prstani Pouy\u00e8s"},"content":{"rendered":"\n<h2 class=\"wp-block-heading\">Senzorji sesanja in obro\u010da<\/h2>\n\n<p>Da bi delovno okolje ostalo \u010disto in zdravo ter da bi tako za\u0161\u010ditili zdravje delavcev, je treba onesna\u017eevala zajeti takoj, ko nastanejo, \u010dim bli\u017eje viru emisij in \u010dim bolj u\u010dinkovito. Pri tem se upo\u0161tevajo narava, zna\u010dilnosti in koncentracija samega onesna\u017eevala. Dru\u017eba OberA glede na zahteve strank na\u010drtuje razli\u010dne obro\u010de Pouyes in sesalne senzorje.<\/p>\n\n<p><\/p>\n\n<div class=\"wp-block-columns is-layout-flex wp-container-core-columns-is-layout-28f84493 wp-block-columns-is-layout-flex\">\n<div class=\"wp-block-column is-vertically-aligned-top is-layout-flow wp-block-column-is-layout-flow\" style=\"flex-basis:33.33%\">\n<p><\/p>\n\n\n\n<figure class=\"wp-block-image aligncenter size-large\"><img decoding=\"async\" width=\"1024\" height=\"768\" src=\"https:\/\/obera.fr\/wp-content\/uploads\/2025\/08\/img_20250827_130840-1024x768.jpg\" alt=\"img 20250827 130840\" class=\"wp-image-127390\" srcset=\"https:\/\/obera.fr\/wp-content\/uploads\/2025\/08\/img_20250827_130840-1024x768.jpg 1024w, https:\/\/obera.fr\/wp-content\/uploads\/2025\/08\/img_20250827_130840-300x225.jpg 300w, https:\/\/obera.fr\/wp-content\/uploads\/2025\/08\/img_20250827_130840-768x576.jpg 768w, https:\/\/obera.fr\/wp-content\/uploads\/2025\/08\/img_20250827_130840-1536x1152.jpg 1536w, https:\/\/obera.fr\/wp-content\/uploads\/2025\/08\/img_20250827_130840-2048x1536.jpg 2048w\" sizes=\"(max-width: 1024px) 100vw, 1024px\" \/><\/figure>\n<\/div>\n\n\n\n<div class=\"wp-block-column is-vertically-aligned-center is-layout-flow wp-block-column-is-layout-flow\" style=\"flex-basis:66.66%\">\n<h3 class=\"wp-block-heading\">SENZORJI ZA OBRO\u010cE<\/h3>\n\n\n\n<p>Pouy\u00e8sovi obro\u010dki ali obro\u010dasti kolektorji so zelo u\u010dinkovita sredstva za zajemanje energije pri viru. Zasnovani so tako, da zagotavljajo optimalno hitrost sesanja in enakomeren pretok zraka, prostor nad delovnim obmo\u010djem pa je prost.<\/p>\n\n\n\n<h3 class=\"wp-block-heading\">kako deluje prstan pouy\u00e8s<\/h3>\n\n\n\n<p>Zaradi podtlaka, ki ga ustvarja ventilator, se hlapna onesna\u017eevala zajamejo \u010dim bli\u017eje viru emisij, od koder se skozi sesalne re\u017ee prenesejo v zbiralnik, povezan s filtrirnim sistemom.<\/p>\n\n\n\n<h3 class=\"wp-block-heading\">PREDNOSTI<\/h3>\n\n\n\n<p class=\"has-contrast-color has-text-color\">Obro\u010dki Pouy\u00e8s poleg varovanja zdravja upravljavcev in njihovega delovnega okolja<span class=\"JsGRdQ\" style=\"color: rgb(33, 45, 87); font-weight: 400; font-style: normal; text-decoration: none;\"> optimizirajo stopnjo sesanja in omogo\u010dajo dejanske prihranke energije<\/span>. Z ergonomskega vidika obro\u010dki Pouy\u00e8s prepre\u010dujejo kakr\u0161no koli nelagodje za upravljavca. Obro\u010d Pouy\u00e8s v konfiguraciji z naslonom za vre\u010dko lahko uporabniku olaj\u0161a in olaj\u0161a vsakodnevno delo. Zaradi njihove zasnove je tudi vzdr\u017eevanje hitro in enostavno.   <\/p>\n\n\n\n<div class=\"wp-block-columns is-layout-flex wp-container-core-columns-is-layout-28f84493 wp-block-columns-is-layout-flex\">\n<div class=\"wp-block-column is-vertically-aligned-top is-layout-flow wp-block-column-is-layout-flow\">\n<div class=\"wp-block-buttons is-content-justification-center is-layout-flex wp-container-core-buttons-is-layout-a89b3969 wp-block-buttons-is-layout-flex\">\n<div class=\"wp-block-button is-style-fill\"><a class=\"wp-block-button__link wp-element-button\" href=\"https:\/\/obera.fr\/wp-content\/uploads\/2025\/06\/brochure-anneaux-de-pouyes.pdf\">Prenesi bro\u0161uro<\/a><\/div>\n<\/div>\n<\/div>\n\n\n\n<div class=\"wp-block-column is-vertically-aligned-top is-layout-flow wp-block-column-is-layout-flow\">\n<div class=\"wp-block-buttons is-horizontal is-content-justification-center is-layout-flex wp-container-core-buttons-is-layout-03627597 wp-block-buttons-is-layout-flex\">\n<div class=\"wp-block-button has-custom-width wp-block-button__width-100\"><a class=\"wp-block-button__link wp-element-button\" href=\"https:\/\/obera.fr\/sl\/pisite-nam\/\">Ve\u010d o tem<\/a><\/div>\n<\/div>\n<\/div>\n\n\n\n<div class=\"wp-block-column is-layout-flow wp-block-column-is-layout-flow\">\n<div class=\"wp-block-buttons is-content-justification-center is-layout-flex wp-container-core-buttons-is-layout-a89b3969 wp-block-buttons-is-layout-flex\">\n<div class=\"wp-block-button btn-devis-source\"><a class=\"wp-block-button__link wp-element-button\" href=\"https:\/\/obera.fr\/sl\/devis\/\">Zahtevajte ponudbo<\/a><\/div>\n<\/div>\n\n\n<script>\r\ndocument.addEventListener('DOMContentLoaded', function() {\r\n    \/\/ 1. On cherche le titre H1 de la page\r\n    var h1 = document.querySelector('h1');\r\n    var productTitle = h1 ? h1.innerText.trim() : \"\";\r\n\r\n    \/\/ 2. On cherche les boutons via la classe CSS .btn-devis-source\r\n    var buttons = document.querySelectorAll('.btn-devis-source a');\r\n\r\n    \/\/ 3. Si on a le titre et les boutons, on ajoute le param\u00e8tre\r\n    if (buttons.length > 0 && productTitle !== \"\") {\r\n        var encodedTitle = encodeURIComponent(productTitle);\r\n\r\n        buttons.forEach(function(btn) {\r\n            var currentHref = btn.getAttribute('href');\r\n            \r\n            \/\/ S\u00e9curit\u00e9 pour ne pas ajouter le param\u00e8tre 2 fois\r\n            if (currentHref.indexOf('sujet=') === -1) {\r\n                var separator = currentHref.indexOf('?') !== -1 ? '&' : '?';\r\n                var newLink = currentHref + separator + 'sujet=' + encodedTitle;\r\n                \r\n                btn.setAttribute('href', newLink);\r\n            }\r\n        });\r\n    }\r\n});\r\n<\/script><\/div>\n<\/div>\n<\/div>\n<\/div>\n\n<h2 class=\"wp-block-heading\">Katera onesna\u017eevala lahko odstranim z obro\u010dki Pouy\u00e8s?<\/h2>\n\n<p><\/p>\n\n<div class=\"wp-block-columns is-layout-flex wp-container-core-columns-is-layout-28f84493 wp-block-columns-is-layout-flex\">\n<div class=\"wp-block-column is-layout-flow wp-block-column-is-layout-flow\" style=\"flex-basis:33.33%\">\n<figure class=\"wp-block-image aligncenter size-full is-resized\"><img decoding=\"async\" width=\"500\" height=\"500\" src=\"https:\/\/obera.fr\/wp-content\/uploads\/2024\/05\/anneau-de-pouyes-2-1.jpg\" alt=\"anneau de pouyes 2 1\" class=\"wp-image-31088\" style=\"width:169px;height:auto\" srcset=\"https:\/\/obera.fr\/wp-content\/uploads\/2024\/05\/anneau-de-pouyes-2-1.jpg 500w, https:\/\/obera.fr\/wp-content\/uploads\/2024\/05\/anneau-de-pouyes-2-1-300x300.jpg 300w, https:\/\/obera.fr\/wp-content\/uploads\/2024\/05\/anneau-de-pouyes-2-1-150x150.jpg 150w\" sizes=\"(max-width: 500px) 100vw, 500px\" \/><\/figure>\n<\/div>\n\n\n\n<div class=\"wp-block-column is-layout-flow wp-block-column-is-layout-flow\" style=\"flex-basis:66.66%\">\n<div class=\"wp-block-columns is-layout-flex wp-container-core-columns-is-layout-28f84493 wp-block-columns-is-layout-flex\">\n<div class=\"wp-block-column is-layout-flow wp-block-column-is-layout-flow\"><\/div>\n<\/div>\n\n\n\n<div class=\"wp-block-columns is-layout-flex wp-container-core-columns-is-layout-28f84493 wp-block-columns-is-layout-flex\">\n<div class=\"wp-block-column is-layout-flow wp-block-column-is-layout-flow\"><\/div>\n<\/div>\n\n\n\n<p>Obro\u010dna tipala se lahko uporabljajo v razli\u010dnih industrijskih sektorjih, \u0161e posebej pa so priporo\u010dljiva za me\u0161anje in vzor\u010denje, vre\u010dkanje, polnjenje, pakiranje, praznjenje, mletje in presejanje, polnjenje reaktorjev in tehtanje.<\/p>\n\n\n\n<div class=\"wp-block-columns is-layout-flex wp-container-core-columns-is-layout-28f84493 wp-block-columns-is-layout-flex\">\n<div class=\"wp-block-column is-layout-flow wp-block-column-is-layout-flow\"><\/div>\n<\/div>\n<\/div>\n<\/div>\n\n<div class=\"wp-block-columns is-layout-flex wp-container-core-columns-is-layout-28f84493 wp-block-columns-is-layout-flex\">\n<div class=\"wp-block-column is-layout-flow wp-block-column-is-layout-flow\"><\/div>\n<\/div>\n\n<div class=\"wp-block-columns is-layout-flex wp-container-core-columns-is-layout-28f84493 wp-block-columns-is-layout-flex\">\n<div class=\"wp-block-column is-layout-flow wp-block-column-is-layout-flow\"><\/div>\n\n\n\n<div class=\"wp-block-column is-layout-flow wp-block-column-is-layout-flow\"><\/div>\n<\/div>\n\n<h3 class=\"wp-block-heading\">Sektorji dejavnosti<\/h3>\n\n<div class=\"wp-block-columns is-layout-flex wp-container-core-columns-is-layout-28f84493 wp-block-columns-is-layout-flex\">\n<div class=\"wp-block-column is-layout-flow wp-block-column-is-layout-flow\">\n<figure class=\"wp-block-image aligncenter size-full\"><img decoding=\"async\" width=\"150\" height=\"150\" src=\"https:\/\/obera.fr\/wp-content\/uploads\/2022\/02\/Chimie.png\" alt=\"kemija\" class=\"wp-image-8846\"\/><figcaption class=\"wp-element-caption\">Kemija<\/figcaption><\/figure>\n<\/div>\n\n\n\n<div class=\"wp-block-column is-layout-flow wp-block-column-is-layout-flow\">\n<figure class=\"wp-block-image aligncenter size-full\"><img decoding=\"async\" width=\"150\" height=\"150\" src=\"https:\/\/obera.fr\/wp-content\/uploads\/2022\/09\/Sans-titre-2022-09-13T095047.797.jpg\" alt=\"Kozmetika\" class=\"wp-image-14491\"\/><figcaption class=\"wp-element-caption\">Kozmetika<\/figcaption><\/figure>\n<\/div>\n\n\n\n<div class=\"wp-block-column is-layout-flow wp-block-column-is-layout-flow\">\n<figure class=\"wp-block-image aligncenter size-full\"><img decoding=\"async\" width=\"150\" height=\"150\" src=\"https:\/\/obera.fr\/wp-content\/uploads\/2022\/02\/AGROALIMENTAIRE.png\" alt=\"agro&#x17E;ivilski sektor\" class=\"wp-image-8844\"\/><figcaption class=\"wp-element-caption\">\u017divilska industrija<\/figcaption><\/figure>\n<\/div>\n\n\n\n<div class=\"wp-block-column is-layout-flow wp-block-column-is-layout-flow\">\n<figure class=\"wp-block-image aligncenter size-full\"><img decoding=\"async\" width=\"150\" height=\"150\" src=\"https:\/\/obera.fr\/wp-content\/uploads\/2022\/09\/Sans-titre-2022-09-13T095545.356.jpg\" alt=\"Farmacevtski izdelki\" class=\"wp-image-14497\"\/><figcaption class=\"wp-element-caption\">Farmacevtski izdelki<\/figcaption><\/figure>\n<\/div>\n\n\n\n<div class=\"wp-block-column is-layout-flow wp-block-column-is-layout-flow\">\n<figure class=\"wp-block-image aligncenter size-full\"><img decoding=\"async\" width=\"150\" height=\"150\" src=\"https:\/\/obera.fr\/wp-content\/uploads\/2022\/09\/Sans-titre-2022-09-13T095819.046.jpg\" alt=\"Strojni&#x161;tvo\" class=\"wp-image-14500\"\/><figcaption class=\"wp-element-caption\">Strojni\u0161tvo<\/figcaption><\/figure>\n<\/div>\n<\/div>\n\n<h2 class=\"wp-block-heading\">Kak\u0161ne so njihove zna\u010dilnosti?<\/h2>\n\n<p>Obro\u010dne zbiralnike lahko izdelamo po meri iz pocinkanega jekla, lakiranega jekla, nerjave\u010dega jekla 304L in nerjave\u010dega jekla 316L. Glede na uporabo in posebne zahteve so na voljo v industrijski ali farmacevtski obdelavi ter v enodelni ali razstavljivi razli\u010dici.<\/p>\n\n<figure class=\"wp-block-image aligncenter size-large is-resized\"><img decoding=\"async\" width=\"1024\" height=\"342\" src=\"https:\/\/obera.fr\/wp-content\/uploads\/2022\/09\/Sans-titre-2022-09-13T102420.496-1024x342.jpg\" alt=\"Lastnosti obro&#x10D;ev Pouy&#xE8;s OberA\" class=\"wp-image-14505\" style=\"width:768px;height:257px\" srcset=\"https:\/\/obera.fr\/wp-content\/uploads\/2022\/09\/Sans-titre-2022-09-13T102420.496-1024x342.jpg 1024w, https:\/\/obera.fr\/wp-content\/uploads\/2022\/09\/Sans-titre-2022-09-13T102420.496-300x100.jpg 300w, https:\/\/obera.fr\/wp-content\/uploads\/2022\/09\/Sans-titre-2022-09-13T102420.496-768x256.jpg 768w, https:\/\/obera.fr\/wp-content\/uploads\/2022\/09\/Sans-titre-2022-09-13T102420.496-1536x512.jpg 1536w, https:\/\/obera.fr\/wp-content\/uploads\/2022\/09\/Sans-titre-2022-09-13T102420.496.jpg 2000w\" sizes=\"(max-width: 1024px) 100vw, 1024px\" \/><\/figure>\n\n<h2 class=\"wp-block-heading\">Druga oprema za sesanje in zbiranje OberA<\/h2>\n\n<div class=\"wp-block-columns is-layout-flex wp-container-core-columns-is-layout-28f84493 wp-block-columns-is-layout-flex\">\n<div class=\"wp-block-column is-layout-flow wp-block-column-is-layout-flow\">\n<figure class=\"wp-block-image aligncenter size-full is-resized\"><a href=\"https:\/\/obera.fr\/?page_id=489\"><img decoding=\"async\" width=\"433\" height=\"433\" src=\"https:\/\/obera.fr\/wp-content\/uploads\/2020\/10\/table-SF.png\" alt=\"Varjenje - dim\" class=\"wp-image-1179\" style=\"object-fit:cover;width:120px;height:120px\" srcset=\"https:\/\/obera.fr\/wp-content\/uploads\/2020\/10\/table-SF.png 433w, https:\/\/obera.fr\/wp-content\/uploads\/2020\/10\/table-SF-300x300.png 300w, https:\/\/obera.fr\/wp-content\/uploads\/2020\/10\/table-SF-150x150.png 150w\" sizes=\"(max-width: 433px) 100vw, 433px\" \/><\/a><figcaption class=\"wp-element-caption\">Sesalna miza<\/figcaption><\/figure>\n<\/div>\n\n\n\n<div class=\"wp-block-column is-layout-flow wp-block-column-is-layout-flow\">\n<figure class=\"wp-block-image aligncenter size-large is-resized\"><a href=\"https:\/\/obera.fr\/produits\/bras-dispositifs-captation\/bras-de-laboratoire\/\"><img decoding=\"async\" width=\"1024\" height=\"1024\" src=\"https:\/\/obera.fr\/wp-content\/uploads\/2020\/11\/22-bras-de-labo-1024x1024.jpg\" alt=\"Fumex - Laboratorij\" class=\"wp-image-1662\" style=\"object-fit:cover;width:120px;height:120px\" srcset=\"https:\/\/obera.fr\/wp-content\/uploads\/2020\/11\/22-bras-de-labo-1024x1024.jpg 1024w, https:\/\/obera.fr\/wp-content\/uploads\/2020\/11\/22-bras-de-labo-300x300.jpg 300w, https:\/\/obera.fr\/wp-content\/uploads\/2020\/11\/22-bras-de-labo-150x150.jpg 150w, https:\/\/obera.fr\/wp-content\/uploads\/2020\/11\/22-bras-de-labo-768x768.jpg 768w, https:\/\/obera.fr\/wp-content\/uploads\/2020\/11\/22-bras-de-labo.jpg 1500w\" sizes=\"(max-width: 1024px) 100vw, 1024px\" \/><\/a><figcaption class=\"wp-element-caption\">Laboratorijske roke<\/figcaption><\/figure>\n<\/div>\n\n\n\n<div class=\"wp-block-column is-layout-flow wp-block-column-is-layout-flow\">\n<figure class=\"wp-block-image aligncenter size-thumbnail is-resized\"><a href=\"https:\/\/obera.fr\/produits\/bras-dispositifs-captation\/dosserets-aspirants\/\"><img decoding=\"async\" width=\"150\" height=\"150\" src=\"https:\/\/obera.fr\/wp-content\/uploads\/2020\/10\/Dosserets-oberA-150x150.png\" alt=\"Izdelek - Oblikovanje izdelka\" class=\"wp-image-1174\" style=\"object-fit:cover;width:120px;height:120px\"\/><\/a><figcaption class=\"wp-element-caption\">Sesanje backsplashes<\/figcaption><\/figure>\n<\/div>\n<\/div>\n\n<div class=\"wp-block-columns is-layout-flex wp-container-core-columns-is-layout-28f84493 wp-block-columns-is-layout-flex\">\n<div class=\"wp-block-column is-layout-flow wp-block-column-is-layout-flow\">\n<figure class=\"wp-block-image aligncenter size-thumbnail is-resized\"><img decoding=\"async\" width=\"150\" height=\"150\" src=\"https:\/\/obera.fr\/wp-content\/uploads\/2024\/06\/hotte-de-captation-rectangulaire-industrielle-600x600-1-1-150x150.png\" alt=\"Industrijska pravokotna digestorija 600x600 1 1\" class=\"wp-image-31520\" style=\"object-fit:cover;width:120px;height:120px\" srcset=\"https:\/\/obera.fr\/wp-content\/uploads\/2024\/06\/hotte-de-captation-rectangulaire-industrielle-600x600-1-1-150x150.png 150w, https:\/\/obera.fr\/wp-content\/uploads\/2024\/06\/hotte-de-captation-rectangulaire-industrielle-600x600-1-1-300x300.png 300w, https:\/\/obera.fr\/wp-content\/uploads\/2024\/06\/hotte-de-captation-rectangulaire-industrielle-600x600-1-1-1024x1024.png 1024w, https:\/\/obera.fr\/wp-content\/uploads\/2024\/06\/hotte-de-captation-rectangulaire-industrielle-600x600-1-1-768x768.png 768w, https:\/\/obera.fr\/wp-content\/uploads\/2024\/06\/hotte-de-captation-rectangulaire-industrielle-600x600-1-1.png 1280w\" sizes=\"(max-width: 150px) 100vw, 150px\" \/><figcaption class=\"wp-element-caption\">Industrijska pravokotna odsesovalna napa<\/figcaption><\/figure>\n<\/div>\n\n\n\n<div class=\"wp-block-column is-layout-flow wp-block-column-is-layout-flow\">\n<figure class=\"wp-block-image aligncenter size-thumbnail is-resized\"><img decoding=\"async\" width=\"150\" height=\"150\" src=\"https:\/\/obera.fr\/wp-content\/uploads\/2024\/06\/hotte-de-captation-modulaire-600x600-1-150x150.png\" alt=\"Modularna digestorija 600x600 1\" class=\"wp-image-31479\" style=\"object-fit:cover;width:120px;height:120px\" srcset=\"https:\/\/obera.fr\/wp-content\/uploads\/2024\/06\/hotte-de-captation-modulaire-600x600-1-150x150.png 150w, https:\/\/obera.fr\/wp-content\/uploads\/2024\/06\/hotte-de-captation-modulaire-600x600-1-300x300.png 300w, https:\/\/obera.fr\/wp-content\/uploads\/2024\/06\/hotte-de-captation-modulaire-600x600-1-1024x1024.png 1024w, https:\/\/obera.fr\/wp-content\/uploads\/2024\/06\/hotte-de-captation-modulaire-600x600-1-768x768.png 768w, https:\/\/obera.fr\/wp-content\/uploads\/2024\/06\/hotte-de-captation-modulaire-600x600-1.png 1280w\" sizes=\"(max-width: 150px) 100vw, 150px\" \/><figcaption class=\"wp-element-caption\">Modularne nape<\/figcaption><\/figure>\n<\/div>\n\n\n\n<div class=\"wp-block-column is-layout-flow wp-block-column-is-layout-flow\">\n<figure class=\"wp-block-image aligncenter size-full is-resized\"><a href=\"https:\/\/obera.fr\/produits\/bras-dispositifs-captation\/capot-industriel\/\"><img decoding=\"async\" width=\"150\" height=\"150\" src=\"https:\/\/obera.fr\/wp-content\/uploads\/2020\/10\/capots.png\" alt=\"Barvni standard RAL - lak\" class=\"wp-image-1173\" style=\"object-fit:cover;width:120px;height:120px\"\/><\/a><figcaption class=\"wp-element-caption\">Sesalni in zbiralni pokrov<\/figcaption><\/figure>\n<\/div>\n<\/div>\n","protected":false},"excerpt":{"rendered":"<p>Senzorji sesanja in obro\u010da Da bi delovno okolje ostalo \u010disto in zdravo ter da bi tako za\u0161\u010ditili zdravje delavcev, je treba onesna\u017eevala zajeti takoj, ko nastanejo, \u010dim bli\u017eje viru emisij in \u010dim bolj u\u010dinkovito. Pri tem se upo\u0161tevajo narava, zna\u010dilnosti in koncentracija samega onesna\u017eevala. Dru\u017eba OberA glede na zahteve strank na\u010drtuje razli\u010dne obro\u010de Pouyes in sesalne senzorje. SENZORJI ZA OBRO\u010cE Pouy\u00e8sovi obro\u010dki ali obro\u010dasti kolektorji so zelo u\u010dinkovita sredstva za zajemanje energije pri viru. Zasnovani so tako, da zagotavljajo optimalno hitrost sesanja in enakomeren pretok zraka, prostor nad delovnim obmo\u010djem pa je prost. kako deluje prstan pouy\u00e8s Zaradi podtlaka, ki &#8230; <\/p>\n<p class=\"read-more-container\"><a title=\"Prstani Pouy\u00e8s\" class=\"read-more button\" href=\"https:\/\/obera.fr\/sl\/produits\/bras-dispositifs-captation\/anneaux-de-pouyes\/#more-38538\" aria-label=\"Read more about Prstani Pouy\u00e8s\">Lire la suite<\/a><\/p>\n","protected":false},"author":4,"featured_media":83750,"parent":38324,"menu_order":0,"comment_status":"closed","ping_status":"closed","template":"","meta":{"_acf_changed":false,"_seopress_robots_primary_cat":"","_seopress_titles_title":"Odkrijte izjemne prednosti obro\u010dkov Pouy\u00e8s","_seopress_titles_desc":"Ugotovite, zakaj so obro\u010dki Pouy\u00e8s bistven klju\u010d do naju\u010dinkovitej\u0161ih \u010distilnikov zraka za bolj\u0161o kakovost zraka v zaprtih prostorih.","_seopress_robots_index":"","_seopress_analysis_target_kw":"","footnotes":""},"class_list":{"0":"post-38538","1":"page","2":"type-page","3":"status-publish","4":"has-post-thumbnail","6":"no-featured-image-padding","7":"resize-featured-image"},"acf":[],"_links":{"self":[{"href":"https:\/\/obera.fr\/sl\/wp-json\/wp\/v2\/pages\/38538","targetHints":{"allow":["GET"]}}],"collection":[{"href":"https:\/\/obera.fr\/sl\/wp-json\/wp\/v2\/pages"}],"about":[{"href":"https:\/\/obera.fr\/sl\/wp-json\/wp\/v2\/types\/page"}],"author":[{"embeddable":true,"href":"https:\/\/obera.fr\/sl\/wp-json\/wp\/v2\/users\/4"}],"replies":[{"embeddable":true,"href":"https:\/\/obera.fr\/sl\/wp-json\/wp\/v2\/comments?post=38538"}],"version-history":[{"count":11,"href":"https:\/\/obera.fr\/sl\/wp-json\/wp\/v2\/pages\/38538\/revisions"}],"predecessor-version":[{"id":127522,"href":"https:\/\/obera.fr\/sl\/wp-json\/wp\/v2\/pages\/38538\/revisions\/127522"}],"up":[{"embeddable":true,"href":"https:\/\/obera.fr\/sl\/wp-json\/wp\/v2\/pages\/38324"}],"wp:featuredmedia":[{"embeddable":true,"href":"https:\/\/obera.fr\/sl\/wp-json\/wp\/v2\/media\/83750"}],"wp:attachment":[{"href":"https:\/\/obera.fr\/sl\/wp-json\/wp\/v2\/media?parent=38538"}],"curies":[{"name":"wp","href":"https:\/\/api.w.org\/{rel}","templated":true}]}}