{"id":38990,"date":"2020-08-26T12:55:58","date_gmt":"2020-08-26T10:55:58","guid":{"rendered":"https:\/\/obera.fr\/nasi-izdelki\/orozja-in-naprave-za-pobiranje\/industrijska-modularna-napa\/"},"modified":"2025-06-02T16:27:53","modified_gmt":"2025-06-02T14:27:53","slug":"hotte-modulaire","status":"publish","type":"page","link":"https:\/\/obera.fr\/sl\/produits\/bras-dispositifs-captation\/hotte-modulaire\/","title":{"rendered":"Industrijska modularna napa"},"content":{"rendered":"\n<h2 class=\"wp-block-heading\">Kaj je industrijska kuhinjska napa?<\/h2>\n\n\n\n<div class=\"wp-block-columns is-layout-flex wp-container-core-columns-is-layout-28f84493 wp-block-columns-is-layout-flex\">\n<div class=\"wp-block-column is-layout-flow wp-block-column-is-layout-flow\" style=\"flex-basis:30%\">\n<figure class=\"wp-block-image aligncenter size-full is-resized\"><img decoding=\"async\" width=\"1200\" height=\"1200\" src=\"https:\/\/obera.fr\/wp-content\/uploads\/2024\/12\/1.jpg\" alt=\"Modularna napa\" class=\"wp-image-56959\" style=\"object-fit:cover;width:356px;height:auto\" srcset=\"https:\/\/obera.fr\/wp-content\/uploads\/2024\/12\/1.jpg 1200w, https:\/\/obera.fr\/wp-content\/uploads\/2024\/12\/1-300x300.jpg 300w, https:\/\/obera.fr\/wp-content\/uploads\/2024\/12\/1-1024x1024.jpg 1024w, https:\/\/obera.fr\/wp-content\/uploads\/2024\/12\/1-150x150.jpg 150w, https:\/\/obera.fr\/wp-content\/uploads\/2024\/12\/1-768x768.jpg 768w, https:\/\/obera.fr\/wp-content\/uploads\/2024\/12\/1-400x400.jpg 400w, https:\/\/obera.fr\/wp-content\/uploads\/2024\/12\/1-600x600.jpg 600w\" sizes=\"(max-width: 1200px) 100vw, 1200px\" \/><figcaption class=\"wp-element-caption\">Modularna kapuca za zajemanje<\/figcaption><\/figure>\n\n\n\n<figure class=\"wp-block-image size-large\"><img decoding=\"async\" width=\"1024\" height=\"1024\" src=\"https:\/\/obera.fr\/wp-content\/uploads\/2024\/12\/2-1024x1024.png\" alt=\"Modularna napa\" class=\"wp-image-56982\" srcset=\"https:\/\/obera.fr\/wp-content\/uploads\/2024\/12\/2-1024x1024.png 1024w, https:\/\/obera.fr\/wp-content\/uploads\/2024\/12\/2-300x300.png 300w, https:\/\/obera.fr\/wp-content\/uploads\/2024\/12\/2-150x150.png 150w, https:\/\/obera.fr\/wp-content\/uploads\/2024\/12\/2-768x768.png 768w, https:\/\/obera.fr\/wp-content\/uploads\/2024\/12\/2-400x400.png 400w, https:\/\/obera.fr\/wp-content\/uploads\/2024\/12\/2-600x600.png 600w, https:\/\/obera.fr\/wp-content\/uploads\/2024\/12\/2.png 1200w\" sizes=\"(max-width: 1024px) 100vw, 1024px\" \/><\/figure>\n<\/div>\n\n\n\n<div class=\"wp-block-column is-layout-flow wp-block-column-is-layout-flow\" style=\"flex-basis:66.66%\">\n<p><strong>Industrijska odsesovalna napa<\/strong>, znana tudi kot industrijska odsesovalna napa ali industrijska odsesovalna napa, se v industriji uporablja za zajemanje in odsesavanje emisij onesna\u017eeval (dima, prahu, hlapov) iz proizvodnega procesa, obi\u010dajno od zgoraj.<\/p>\n\n\n\n<p><a href=\"https:\/\/obera.fr\/sl\/produits\/bras-dispositifs-captation\/hotte-rectangulaire\/\">Modularne odsesovalne nape OberA<\/a> so idealne za odsesavanje prahu, hlapov in plinastih onesna\u017eeval pri viru. Industrijske nape OberA zajemajo delce in pline \u010dim bli\u017eje viru emisij, da u\u010dinkovito za\u0161\u010ditijo zaposlene in<strong> omejijo \u0161irjenje onesna\u017eeval <\/strong>na delovnem obmo\u010dju. <\/p>\n\n\n\n<p>Odsesovalne nape je treba priklju\u010diti na obstoje\u010de odsesovalno omre\u017eje ali na bli\u017enjo filtrirno enoto ali zbiralnik prahu.<\/p>\n\n\n\n<p>\u0160iroka paleta velikosti, ki so na voljo, oporne noge, zgornje pre\u010dne to\u010dke in prilagodljive blatne lopute pomenijo, da jih je mogo\u010de prilagoditi ve\u010dini <strong>konfiguracij sesanja in zbiranja<\/strong>. Zlahka jih je mogo\u010de namestiti \u010dim bli\u017eje emisijam onesna\u017eeval. <\/p>\n\n\n\n<p>Obi\u010dajno se nape uporabljajo nad procesi, pri katerih zaradi spro\u0161\u010danja toplote in kalorij nastaja toplotni tok (dim), ali nad stroji, pri katerih nastajajo plinasta onesna\u017eevala, la\u017eja od zraka, ki se naravno dvigajo in jih <strong>je treba odsesati od zgoraj: <\/strong><\/p>\n\n\n\n<ul class=\"wp-block-list\">\n<li>zajemanje emisij na vhodu in izhodu iz pe\u010di za taljenje, pe\u010denje, kaljenje, toplotno obdelavo itd.<\/li>\n\n\n\n<li>Posnetek nad varilnim robotom<\/li>\n\n\n\n<li>Snemanje nad kopeljo<\/li>\n\n\n\n<li>Sesanje nad stiskalnico<\/li>\n\n\n\n<li>Sesanje tiskalne linije<\/li>\n\n\n\n<li>Sesanje hladilnih vodov za litje ali dele<\/li>\n\n\n\n<li>zapiranje in zapiranje strojev, ki oddajajo \u0161kodljiva onesna\u017eevala.<\/li>\n<\/ul>\n\n\n\n<div class=\"wp-block-columns is-layout-flex wp-container-core-columns-is-layout-28f84493 wp-block-columns-is-layout-flex\">\n<div class=\"wp-block-column is-layout-flow wp-block-column-is-layout-flow\" style=\"flex-basis:33.34%\">\n<div class=\"wp-block-buttons is-content-justification-center is-layout-flex wp-container-core-buttons-is-layout-a89b3969 wp-block-buttons-is-layout-flex\">\n<div class=\"wp-block-button\"><a class=\"wp-block-button__link wp-element-button\" href=\"https:\/\/obera.fr\/wp-content\/uploads\/2025\/06\/brochure-hotte-modulaire-en.pdf\">Prenesi bro\u0161uro<\/a><\/div>\n<\/div>\n<\/div>\n\n\n\n<div class=\"wp-block-column is-layout-flow wp-block-column-is-layout-flow\" style=\"flex-basis:33.34%\">\n<div class=\"wp-block-buttons is-horizontal is-content-justification-center is-layout-flex wp-container-core-buttons-is-layout-03627597 wp-block-buttons-is-layout-flex\">\n<div class=\"wp-block-button has-custom-width wp-block-button__width-100\"><a class=\"wp-block-button__link wp-element-button\" href=\"https:\/\/obera.fr\/sl\/pisite-nam\/\">Ve\u010d o tem<\/a><\/div>\n<\/div>\n<\/div>\n\n\n\n<div class=\"wp-block-column is-layout-flow wp-block-column-is-layout-flow\" style=\"flex-basis:33.33%\">\n<div class=\"wp-block-buttons is-content-justification-center is-layout-flex wp-container-core-buttons-is-layout-a89b3969 wp-block-buttons-is-layout-flex\">\n<div class=\"wp-block-button btn-devis-source\"><a class=\"wp-block-button__link wp-element-button\" href=\"https:\/\/obera.fr\/sl\/devis\/\">Zahtevajte ponudbo<\/a><\/div>\n<\/div>\n\n\n<script>\r\ndocument.addEventListener('DOMContentLoaded', function() {\r\n    \/\/ 1. On cherche le titre H1 de la page\r\n    var h1 = document.querySelector('h1');\r\n    var productTitle = h1 ? h1.innerText.trim() : \"\";\r\n\r\n    \/\/ 2. On cherche les boutons via la classe CSS .btn-devis-source\r\n    var buttons = document.querySelectorAll('.btn-devis-source a');\r\n\r\n    \/\/ 3. Si on a le titre et les boutons, on ajoute le param\u00e8tre\r\n    if (buttons.length > 0 && productTitle !== \"\") {\r\n        var encodedTitle = encodeURIComponent(productTitle);\r\n\r\n        buttons.forEach(function(btn) {\r\n            var currentHref = btn.getAttribute('href');\r\n            \r\n            \/\/ S\u00e9curit\u00e9 pour ne pas ajouter le param\u00e8tre 2 fois\r\n            if (currentHref.indexOf('sujet=') === -1) {\r\n                var separator = currentHref.indexOf('?') !== -1 ? '&' : '?';\r\n                var newLink = currentHref + separator + 'sujet=' + encodedTitle;\r\n                \r\n                btn.setAttribute('href', newLink);\r\n            }\r\n        });\r\n    }\r\n});\r\n<\/script><\/div>\n<\/div>\n<\/div>\n<\/div>\n\n\n\n<h2 class=\"wp-block-heading\">Prednosti modularnih naporov<\/h2>\n\n\n\n<div class=\"wp-block-columns is-layout-flex wp-container-core-columns-is-layout-28f84493 wp-block-columns-is-layout-flex\">\n<div class=\"wp-block-column is-layout-flow wp-block-column-is-layout-flow\">\n<h3 class=\"wp-block-heading has-text-align-center\"><strong>Prednosti<\/strong><\/h3>\n\n\n\n<ul class=\"wp-block-list\">\n<li>Za popolno zajemanje hlapov, topil in prahu pri viru<\/li>\n\n\n\n<li>sesanje ene ali ve\u010d delovnih postaj<\/li>\n\n\n\n<li>Priklju\u010ditev na zbiralno omre\u017eje ali zbiralnik prahu<\/li>\n<\/ul>\n<\/div>\n\n\n\n<div class=\"wp-block-column is-layout-flow wp-block-column-is-layout-flow\">\n<h3 class=\"wp-block-heading has-text-align-center\"><strong>Posebne zna\u010dilnosti<\/strong><\/h3>\n\n\n\n<ul class=\"wp-block-list\">\n<li>Enostavno oblikovanje; na voljo so \u0161tevilne konfiguracije<\/li>\n\n\n\n<li>Enostavna namestitev<\/li>\n\n\n\n<li>Zelo modularno<\/li>\n\n\n\n<li>Blatne lopute zmanj\u0161ajo potreben sesalni pretok.<\/li>\n<\/ul>\n<\/div>\n\n\n\n<div class=\"wp-block-column is-layout-flow wp-block-column-is-layout-flow\">\n<h3 class=\"wp-block-heading has-text-align-center\"><strong>Zna\u010dilnosti<\/strong><\/h3>\n\n\n\n<ul class=\"wp-block-list\">\n<li>\u0160iroka izbira velikosti in pretokov<\/li>\n\n\n\n<li>Velika prilagodljivost<\/li>\n\n\n\n<li>Enostavna uporaba in premikanje<\/li>\n\n\n\n<li>Sesanje \u010dim bli\u017eje viru<\/li>\n<\/ul>\n<\/div>\n<\/div>\n\n\n\n<h2 class=\"wp-block-heading\">Kdaj morate uporabiti industrijsko kuhinjsko napo?<\/h2>\n\n\n\n<p><strong>Industrijska odsesovalna napa<\/strong> ni vedno <a href=\"https:\/\/obera.fr\/sl\/produits\/bras-dispositifs-captation\/\">najbolj\u0161a naprava za zbiranje,<\/a> saj ne \u0161\u010diti vedno ustrezno upravljavca, ker so lahko njegove dihalne poti med virom emisij onesna\u017eeval in napo. V tem primeru je, \u010de je to tehni\u010dno mogo\u010de in dovolj u\u010dinkovito, bolje uporabiti <strong>sistem za odsesavanje s hrbtno ploskvijo<\/strong>. <a href=\"https:\/\/obera.fr\/sl\/produits\/bras-dispositifs-captation\/dosserets-aspirants\/\"> <\/a>so primernej\u0161i za za\u0161\u010dito upravljavca, vendar manj u\u010dinkoviti pri hitrem dimu ali toplotnem toku, ki ustvarja velike hitrosti dima.<\/p>\n\n\n\n<h2 class=\"wp-block-heading\">Kako dolo\u010dite pretok, ki ga je treba uporabiti pri industrijski odsesovalni nape?<\/h2>\n\n\n\n<p><strong>Pretok vsesanega zraka <\/strong>mora biti ve\u010dji od toplotnega pretoka, ki ga ustvarjajo hitrosti sesanja, da ga je mogo\u010de preusmeriti v napo.<\/p>\n\n\n\n<p>INRS v svojem priro\u010dniku ED2095 Principes g\u00e9n\u00e9raux de ventilation uporablja naslednjo formulo:<\/p>\n\n\n\n<p>Hitrost sesalnega pretoka Q = 1,4 PHV, kjer je P obod vira v m, H je vi\u0161ina med napo in virom, V pa je inducirana hitrost zraka pri viru v m\/s. <strong>Ta inducirana hitrost zraka mora biti ve\u010dja od hitrosti dviganja hlapov<\/strong>. Hitrost induciranega zraka mora biti na splo\u0161no med 0,3 in 1 m\/s, odvisno od postopka. <\/p>\n\n\n\n<p>Zlahka ugotovimo, da je potrebna ve\u010dja hitrost pretoka, bolj ko je napa oddaljena od to\u010dke emisije. <strong>To razdaljo<\/strong> je mogo\u010de <strong>zmanj\u0161ati in izbolj\u0161ati zadr\u017eevanje vira<\/strong> z dodajanjem plasti\u010dnih trakov (loput) po vi\u0161ini nape. <\/p>\n\n\n\n<p>Z veseljem vam bomo pomagali <a href=\"https:\/\/obera.fr\/sl\/produits\/bras-dispositifs-captation\/capot-industriel\/\">izbrati pravi zbiralnik<\/a> in pravo stopnjo pretoka.<\/p>\n\n\n\n<h2 class=\"wp-block-heading\">Aplikacije<\/h2>\n\n\n\n<div class=\"wp-block-columns is-layout-flex wp-container-core-columns-is-layout-28f84493 wp-block-columns-is-layout-flex\">\n<div class=\"wp-block-column is-layout-flow wp-block-column-is-layout-flow\">\n<h3 class=\"wp-block-heading has-text-align-center\">Onesna\u017eevala<\/h3>\n\n\n\n<hr class=\"wp-block-separator has-css-opacity is-style-wide\"\/>\n\n\n\n<div class=\"wp-block-columns is-layout-flex wp-container-core-columns-is-layout-28f84493 wp-block-columns-is-layout-flex\">\n<div class=\"wp-block-column is-layout-flow wp-block-column-is-layout-flow\">\n<figure class=\"wp-block-image aligncenter size-large\"><img decoding=\"async\" width=\"70\" height=\"70\" src=\"https:\/\/obera.fr\/wp-content\/uploads\/2020\/08\/polluants-poussieres.jpg\" alt=\"Onesna\u017eevala Prah\" class=\"wp-image-675\"\/><figcaption class=\"wp-element-caption\">Izpuhi<\/figcaption><\/figure>\n\n\n\n<figure class=\"wp-block-image aligncenter size-large\"><img decoding=\"async\" width=\"70\" height=\"70\" src=\"https:\/\/obera.fr\/wp-content\/uploads\/2020\/08\/industrie-odeur.jpg\" alt=\"Industrija Vonj\" class=\"wp-image-723\"\/><figcaption class=\"wp-element-caption\">Vonji<\/figcaption><\/figure>\n\n\n\n<figure class=\"wp-block-image aligncenter size-large\"><img decoding=\"async\" width=\"70\" height=\"70\" src=\"https:\/\/obera.fr\/wp-content\/uploads\/2020\/08\/industrie-brouillard-huile.jpg\" alt=\"Industrija Fog Oil\" class=\"wp-image-721\"\/><figcaption class=\"wp-element-caption\">Oljna meglica<\/figcaption><\/figure>\n<\/div>\n\n\n\n<div class=\"wp-block-column is-layout-flow wp-block-column-is-layout-flow\">\n<figure class=\"wp-block-image aligncenter size-large\"><img decoding=\"async\" width=\"70\" height=\"70\" src=\"https:\/\/obera.fr\/wp-content\/uploads\/2020\/08\/industrie-fumees.jpg\" alt=\"Industrijski dim\" class=\"wp-image-722\"\/><figcaption class=\"wp-element-caption\">Izpuhi<\/figcaption><\/figure>\n\n\n\n<figure class=\"wp-block-image aligncenter size-large\"><img decoding=\"async\" width=\"70\" height=\"70\" src=\"https:\/\/obera.fr\/wp-content\/uploads\/2020\/09\/cov.png\" alt=\"Cov\" class=\"wp-image-959\"\/><figcaption class=\"wp-element-caption\">VOCS<\/figcaption><\/figure>\n<\/div>\n<\/div>\n\n\n\n<p><\/p>\n<\/div>\n\n\n\n<div class=\"wp-block-column is-layout-flow wp-block-column-is-layout-flow\">\n<h3 class=\"wp-block-heading has-text-align-center\">Industrije<\/h3>\n\n\n\n<hr class=\"wp-block-separator has-css-opacity is-style-wide\"\/>\n\n\n\n<div class=\"wp-block-columns is-layout-flex wp-container-core-columns-is-layout-28f84493 wp-block-columns-is-layout-flex\">\n<div class=\"wp-block-column is-layout-flow wp-block-column-is-layout-flow\">\n<figure class=\"wp-block-image aligncenter size-large\"><img decoding=\"async\" width=\"70\" height=\"70\" src=\"https:\/\/obera.fr\/wp-content\/uploads\/2020\/08\/industrie-metallurgie.jpg\" alt=\"Metalur\u0161ka industrija\" class=\"wp-image-673\"\/><figcaption class=\"wp-element-caption\">Metalurgija<\/figcaption><\/figure>\n\n\n\n<figure class=\"wp-block-image aligncenter size-large\"><img decoding=\"async\" width=\"70\" height=\"70\" src=\"https:\/\/obera.fr\/wp-content\/uploads\/2020\/08\/industrie-chimie.jpg\" alt=\"Kemi\u010dna industrija\" class=\"wp-image-725\"\/><figcaption class=\"wp-element-caption\">Kemikalije\/Petrokemikalije<\/figcaption><\/figure>\n\n\n\n<figure class=\"wp-block-image aligncenter size-large\"><img decoding=\"async\" width=\"70\" height=\"70\" src=\"https:\/\/obera.fr\/wp-content\/uploads\/2020\/08\/industrie-textile.jpg\" alt=\"Tekstilna industrija\" class=\"wp-image-671\"\/><figcaption class=\"wp-element-caption\">Tekstil<\/figcaption><\/figure>\n\n\n\n<figure class=\"wp-block-image aligncenter size-large\"><img decoding=\"async\" width=\"70\" height=\"70\" src=\"https:\/\/obera.fr\/wp-content\/uploads\/2020\/08\/industrie-minerai.jpg\" alt=\"Rudarska industrija\" class=\"wp-image-724\"\/><figcaption class=\"wp-element-caption\">Minerali<\/figcaption><\/figure>\n<\/div>\n\n\n\n<div class=\"wp-block-column is-layout-flow wp-block-column-is-layout-flow\">\n<figure class=\"wp-block-image aligncenter size-large\"><img decoding=\"async\" width=\"70\" height=\"70\" src=\"https:\/\/obera.fr\/wp-content\/uploads\/2020\/08\/industrie-plastique.jpg\" alt=\"Plasti\u010dna industrija\" class=\"wp-image-669\"\/><figcaption class=\"wp-element-caption\">Plastika<\/figcaption><\/figure>\n\n\n\n<figure class=\"wp-block-image aligncenter size-large\"><img decoding=\"async\" width=\"70\" height=\"70\" src=\"https:\/\/obera.fr\/wp-content\/uploads\/2020\/08\/industrie-bois.jpg\" alt=\"Lesna industrija\" class=\"wp-image-672\"\/><figcaption class=\"wp-element-caption\">Obdelava lesa<\/figcaption><\/figure>\n\n\n\n<figure class=\"wp-block-image aligncenter size-large\"><img decoding=\"async\" width=\"70\" height=\"70\" src=\"https:\/\/obera.fr\/wp-content\/uploads\/2020\/08\/industrie-papier-carton.jpg\" alt=\"Industrija papirja in kartona\" class=\"wp-image-670\"\/><figcaption class=\"wp-element-caption\">Papir\/karton<\/figcaption><\/figure>\n\n\n\n<figure class=\"wp-block-image aligncenter size-large\"><img decoding=\"async\" width=\"70\" height=\"70\" src=\"https:\/\/obera.fr\/wp-content\/uploads\/2020\/08\/industrie-dechets.jpg\" alt=\"Industrijski odpadki\" class=\"wp-image-726\"\/><figcaption class=\"wp-element-caption\">Zbiranje in sortiranje odpadkov<\/figcaption><\/figure>\n<\/div>\n<\/div>\n<\/div>\n<\/div>\n\n\n\n<h2 class=\"wp-block-heading\">Tehni\u010dne specifikacije<\/h2>\n\n\n\n<figure class=\"wp-block-table\"><table class=\"has-fixed-layout\"><thead><tr><th>Dol\u017eina\/\u0161irina<br>(mm)<\/th><th>950<\/th><th>1200<\/th><th>1450<\/th><th>1700<\/th><th>1950<\/th><\/tr><\/thead><tbody><tr><td>950<\/td><td>X<\/td><td><\/td><td><\/td><td><\/td><td><\/td><\/tr><tr><td>1200<\/td><td>X<\/td><td>X<\/td><td><\/td><td><\/td><td><\/td><\/tr><tr><td>1450<\/td><td>X<\/td><td>X<\/td><td>X<\/td><td><\/td><td><\/td><\/tr><tr><td>1700<\/td><td>X<\/td><td>X<\/td><td>X<\/td><td>X<\/td><td><\/td><\/tr><tr><td>1950<\/td><td>X<\/td><td>X<\/td><td>X<\/td><td>X<\/td><td>X<\/td><\/tr><tr><td>2200<\/td><td>X<\/td><td>X<\/td><td>X<\/td><td>X<\/td><td>X<\/td><\/tr><tr><td>2450<\/td><td>X<\/td><td>X<\/td><td>X<\/td><td>X<\/td><td>X<\/td><\/tr><tr><td>2700<\/td><td>X<\/td><td>X<\/td><td>X<\/td><td>X<\/td><td>X<\/td><\/tr><tr><td>2950<\/td><td>X<\/td><td>X<\/td><td>X<\/td><td>X<\/td><td>X<\/td><\/tr><tr><td>3200<\/td><td><\/td><td><\/td><td>X<\/td><td>X<\/td><td>X<\/td><\/tr><\/tbody><\/table><\/figure>\n\n\n\n<h2 class=\"wp-block-heading\">Mo\u017enosti<\/h2>\n\n\n\n<div class=\"wp-block-columns is-layout-flex wp-container-core-columns-is-layout-28f84493 wp-block-columns-is-layout-flex\">\n<div class=\"wp-block-column is-layout-flow wp-block-column-is-layout-flow\">\n<figure class=\"wp-block-image aligncenter size-large\"><img decoding=\"async\" width=\"100\" height=\"100\" src=\"https:\/\/obera.fr\/wp-content\/uploads\/2020\/11\/pieds-supports.jpg\" alt=\"Podporne noge\" class=\"wp-image-2118\"\/><figcaption class=\"wp-element-caption\">Podporne noge<\/figcaption><\/figure>\n<\/div>\n\n\n\n<div class=\"wp-block-column is-layout-flow wp-block-column-is-layout-flow\">\n<figure class=\"wp-block-image aligncenter size-large\"><img decoding=\"async\" width=\"100\" height=\"100\" src=\"https:\/\/obera.fr\/wp-content\/uploads\/2020\/11\/bavettes.jpg\" alt=\"Blatniki\" class=\"wp-image-2117\"\/><figcaption class=\"wp-element-caption\">Blatniki<\/figcaption><\/figure>\n<\/div>\n\n\n\n<div class=\"wp-block-column is-layout-flow wp-block-column-is-layout-flow\"><\/div>\n\n\n\n<div class=\"wp-block-column is-layout-flow wp-block-column-is-layout-flow\"><\/div>\n<\/div>\n\n\n\n<div class=\"wp-block-buttons is-horizontal is-content-justification-center is-layout-flex wp-container-core-buttons-is-layout-03627597 wp-block-buttons-is-layout-flex\">\n<div class=\"wp-block-button has-custom-width wp-block-button__width-100\"><a class=\"wp-block-button__link wp-element-button\" href=\"https:\/\/obera.fr\/sl\/pisite-nam\/\">Ve\u010d o tem<\/a><\/div>\n<\/div>\n\n\n\n<hr class=\"wp-block-separator has-css-opacity is-style-dots\"\/>\n\n\n\n<h2 class=\"wp-block-heading\">OberA-jevi drugi izdelki za sesanje in zbiranje<\/h2>\n\n\n\n<div class=\"wp-block-columns is-layout-flex wp-container-core-columns-is-layout-28f84493 wp-block-columns-is-layout-flex\">\n<div class=\"wp-block-column is-layout-flow wp-block-column-is-layout-flow\">\n<figure class=\"wp-block-image aligncenter size-thumbnail\"><a href=\"https:\/\/obera.fr\/produits\/bras-dispositifs-captation\/bras-hotte-ovale-rectangulaire\/\"><img decoding=\"async\" width=\"150\" height=\"150\" src=\"https:\/\/obera.fr\/wp-content\/uploads\/2020\/09\/Bras-SF-150x150.jpg\" alt=\"Sesalna roka\" class=\"wp-image-969\" srcset=\"https:\/\/obera.fr\/wp-content\/uploads\/2020\/09\/Bras-SF-150x150.jpg 150w, https:\/\/obera.fr\/wp-content\/uploads\/2020\/09\/Bras-SF-300x300.jpg 300w, https:\/\/obera.fr\/wp-content\/uploads\/2020\/09\/Bras-SF.jpg 433w\" sizes=\"(max-width: 150px) 100vw, 150px\" \/><\/a><figcaption class=\"wp-element-caption\">Sesalna roka<\/figcaption><\/figure>\n<\/div>\n\n\n\n<div class=\"wp-block-column is-layout-flow wp-block-column-is-layout-flow\">\n<figure class=\"wp-block-image aligncenter size-thumbnail\"><a href=\"https:\/\/obera.fr\/produits\/bras-dispositifs-captation\/bras-de-laboratoire\/\"><img decoding=\"async\" width=\"150\" height=\"150\" src=\"https:\/\/obera.fr\/wp-content\/uploads\/2020\/11\/22-bras-de-labo-150x150.jpg\" alt=\"Laboratorijske roke\" class=\"wp-image-1662\" srcset=\"https:\/\/obera.fr\/wp-content\/uploads\/2020\/11\/22-bras-de-labo-150x150.jpg 150w, https:\/\/obera.fr\/wp-content\/uploads\/2020\/11\/22-bras-de-labo-300x300.jpg 300w, https:\/\/obera.fr\/wp-content\/uploads\/2020\/11\/22-bras-de-labo-1024x1024.jpg 1024w, https:\/\/obera.fr\/wp-content\/uploads\/2020\/11\/22-bras-de-labo-768x768.jpg 768w, https:\/\/obera.fr\/wp-content\/uploads\/2020\/11\/22-bras-de-labo.jpg 1500w\" sizes=\"(max-width: 150px) 100vw, 150px\" \/><\/a><figcaption class=\"wp-element-caption\">Laboratorijske roke<\/figcaption><\/figure>\n<\/div>\n\n\n\n<div class=\"wp-block-column is-layout-flow wp-block-column-is-layout-flow\">\n<figure class=\"wp-block-image aligncenter size-thumbnail\"><a href=\"https:\/\/obera.fr\/produits\/bras-dispositifs-captation\/dosserets-aspirants\/\"><img decoding=\"async\" width=\"150\" height=\"150\" src=\"https:\/\/obera.fr\/wp-content\/uploads\/2020\/10\/Dosserets-oberA-150x150.png\" alt=\"Obera splashbacks\" class=\"wp-image-1174\"\/><\/a><figcaption class=\"wp-element-caption\">Sesanje backsplashes<\/figcaption><\/figure>\n<\/div>\n\n\n\n<div class=\"wp-block-column is-layout-flow wp-block-column-is-layout-flow\">\n<figure class=\"wp-block-image aligncenter size-thumbnail\"><a href=\"https:\/\/obera.fr\/produits\/bras-dispositifs-captation\/anneaux-de-pouyes\/\"><img decoding=\"async\" width=\"150\" height=\"150\" src=\"https:\/\/obera.fr\/wp-content\/uploads\/2022\/09\/Anneau-de-pouyes-2-150x150.jpg\" alt=\"Pi\u0161\u010dan\u010dji obro\u010dki\" class=\"wp-image-14482\" srcset=\"https:\/\/obera.fr\/wp-content\/uploads\/2022\/09\/Anneau-de-pouyes-2-150x150.jpg 150w, https:\/\/obera.fr\/wp-content\/uploads\/2022\/09\/Anneau-de-pouyes-2-300x300.jpg 300w, https:\/\/obera.fr\/wp-content\/uploads\/2022\/09\/Anneau-de-pouyes-2.jpg 500w\" sizes=\"(max-width: 150px) 100vw, 150px\" \/><\/a><figcaption class=\"wp-element-caption\">Pi\u0161\u010dan\u010dji obro\u010dki<\/figcaption><\/figure>\n<\/div>\n<\/div>\n\n\n\n<div class=\"wp-block-columns is-layout-flex wp-container-core-columns-is-layout-28f84493 wp-block-columns-is-layout-flex\">\n<div class=\"wp-block-column is-layout-flow wp-block-column-is-layout-flow\">\n<figure class=\"wp-block-image aligncenter size-thumbnail\"><a href=\"https:\/\/obera.fr\/produits\/bras-dispositifs-captation\/hotte-rectangulaire\/\"><img decoding=\"async\" width=\"150\" height=\"150\" src=\"https:\/\/obera.fr\/wp-content\/uploads\/2020\/10\/hotte-rectangulaire-150x150.png\" alt=\"Pravokotna kapuca\" class=\"wp-image-1178\" srcset=\"https:\/\/obera.fr\/wp-content\/uploads\/2020\/10\/hotte-rectangulaire-150x150.png 150w, https:\/\/obera.fr\/wp-content\/uploads\/2020\/10\/hotte-rectangulaire.png 158w\" sizes=\"(max-width: 150px) 100vw, 150px\" \/><\/a><figcaption class=\"wp-element-caption\">Industrijske pravokotne nape<\/figcaption><\/figure>\n<\/div>\n\n\n\n<div class=\"wp-block-column is-layout-flow wp-block-column-is-layout-flow\">\n<figure class=\"wp-block-image aligncenter size-thumbnail\"><a href=\"https:\/\/obera.fr\/?page_id=489\"><img decoding=\"async\" width=\"150\" height=\"150\" src=\"https:\/\/obera.fr\/wp-content\/uploads\/2020\/10\/table-SF-150x150.png\" alt=\"Sesalne mize\" class=\"wp-image-1179\" srcset=\"https:\/\/obera.fr\/wp-content\/uploads\/2020\/10\/table-SF-150x150.png 150w, https:\/\/obera.fr\/wp-content\/uploads\/2020\/10\/table-SF-300x300.png 300w, https:\/\/obera.fr\/wp-content\/uploads\/2020\/10\/table-SF.png 433w\" sizes=\"(max-width: 150px) 100vw, 150px\" \/><\/a><figcaption class=\"wp-element-caption\">Sesalne mize<\/figcaption><\/figure>\n<\/div>\n\n\n\n<div class=\"wp-block-column is-layout-flow wp-block-column-is-layout-flow\">\n<figure class=\"wp-block-image aligncenter size-full\"><a href=\"https:\/\/obera.fr\/produits\/bras-dispositifs-captation\/capot-industriel\/\"><img decoding=\"async\" width=\"150\" height=\"150\" src=\"https:\/\/obera.fr\/wp-content\/uploads\/2020\/10\/capots.png\" alt=\"Sesalni pokrovi\" class=\"wp-image-1173\"\/><\/a><figcaption class=\"wp-element-caption\">Sesalni in zbiralni pokrov<\/figcaption><\/figure>\n<\/div>\n\n\n\n<div class=\"wp-block-column is-layout-flow wp-block-column-is-layout-flow\"><\/div>\n<\/div>\n","protected":false},"excerpt":{"rendered":"<p>Kaj je industrijska kuhinjska napa? Industrijska odsesovalna napa, znana tudi kot industrijska odsesovalna napa ali industrijska odsesovalna napa, se v industriji uporablja za zajemanje in odsesavanje emisij onesna\u017eeval (dima, prahu, hlapov) iz proizvodnega procesa, obi\u010dajno od zgoraj. Modularne odsesovalne nape OberA so idealne za odsesavanje prahu, hlapov in plinastih onesna\u017eeval pri viru. Industrijske nape OberA zajemajo delce in pline \u010dim bli\u017eje viru emisij, da u\u010dinkovito za\u0161\u010ditijo zaposlene in omejijo \u0161irjenje onesna\u017eeval na delovnem obmo\u010dju. Odsesovalne nape je treba priklju\u010diti na obstoje\u010de odsesovalno omre\u017eje ali na bli\u017enjo filtrirno enoto ali zbiralnik prahu. \u0160iroka paleta velikosti, ki so na voljo, oporne noge, &#8230; <\/p>\n<p class=\"read-more-container\"><a title=\"Industrijska modularna napa\" class=\"read-more button\" href=\"https:\/\/obera.fr\/sl\/produits\/bras-dispositifs-captation\/hotte-modulaire\/#more-38990\" aria-label=\"Read more about Industrijska modularna napa\">Lire la suite<\/a><\/p>\n","protected":false},"author":4,"featured_media":83750,"parent":38324,"menu_order":0,"comment_status":"closed","ping_status":"closed","template":"","meta":{"_acf_changed":false,"_seopress_robots_primary_cat":"","_seopress_titles_title":"oberA industrijska modularna digestorija","_seopress_titles_desc":"Modularne nape OBERA so idealne za zajemanje prahu, dima in plinastih onesna\u017eeval pri viru.","_seopress_robots_index":"","_seopress_analysis_target_kw":"","footnotes":""},"class_list":{"0":"post-38990","1":"page","2":"type-page","3":"status-publish","4":"has-post-thumbnail","6":"no-featured-image-padding","7":"resize-featured-image"},"acf":[],"_links":{"self":[{"href":"https:\/\/obera.fr\/sl\/wp-json\/wp\/v2\/pages\/38990","targetHints":{"allow":["GET"]}}],"collection":[{"href":"https:\/\/obera.fr\/sl\/wp-json\/wp\/v2\/pages"}],"about":[{"href":"https:\/\/obera.fr\/sl\/wp-json\/wp\/v2\/types\/page"}],"author":[{"embeddable":true,"href":"https:\/\/obera.fr\/sl\/wp-json\/wp\/v2\/users\/4"}],"replies":[{"embeddable":true,"href":"https:\/\/obera.fr\/sl\/wp-json\/wp\/v2\/comments?post=38990"}],"version-history":[{"count":8,"href":"https:\/\/obera.fr\/sl\/wp-json\/wp\/v2\/pages\/38990\/revisions"}],"predecessor-version":[{"id":106749,"href":"https:\/\/obera.fr\/sl\/wp-json\/wp\/v2\/pages\/38990\/revisions\/106749"}],"up":[{"embeddable":true,"href":"https:\/\/obera.fr\/sl\/wp-json\/wp\/v2\/pages\/38324"}],"wp:featuredmedia":[{"embeddable":true,"href":"https:\/\/obera.fr\/sl\/wp-json\/wp\/v2\/media\/83750"}],"wp:attachment":[{"href":"https:\/\/obera.fr\/sl\/wp-json\/wp\/v2\/media?parent=38990"}],"curies":[{"name":"wp","href":"https:\/\/api.w.org\/{rel}","templated":true}]}}