{"id":39634,"date":"2024-05-07T15:48:45","date_gmt":"2024-05-07T13:48:45","guid":{"rendered":"https:\/\/obera.fr\/nasi-izdelki\/mobilne-sesalne-enote\/"},"modified":"2025-12-30T11:59:35","modified_gmt":"2025-12-30T09:59:35","slug":"caissons-mobiles-aspiration","status":"publish","type":"page","link":"https:\/\/obera.fr\/sl\/produits\/caissons-mobiles-aspiration\/","title":{"rendered":"Mobilne sesalne enote"},"content":{"rendered":"\n\n<h2 class=\"wp-block-heading\">Kaj je mobilna sesalna enota?<\/h2>\n\n<p>Mobilna sesalna enota, znana tudi kot mobilna<strong> filtrirna enota, mobilna sesalna<\/strong> enota ali mobilna filtrirna enota, je na splo\u0161no majhna mobilna naprava za odsesavanje onesna\u017eeval pri viru in njihovo filtriranje. Obi\u010dajno je opremljena z <a href=\"https:\/\/obera.fr\/sl\/produits\/bras-dispositifs-captation\/capot-industriel\/\">zbiralno roko na napravi<\/a> ali cevnim dovodom, ki omogo\u010da priklju\u010ditev ene ali ve\u010d sesalnih cevi na stroj, napo, <strong>majhno sesalno mizo<\/strong> ali oddaljene roke. <\/p>\n\n<p><\/p>\n\n<div class=\"wp-block-columns is-layout-flex wp-container-core-columns-is-layout-28f84493 wp-block-columns-is-layout-flex\">\n<div class=\"wp-block-column is-layout-flow wp-block-column-is-layout-flow\" style=\"flex-basis:66.66%\">\n<p>Mobilne sesalne enote so sestavljene iz zbiralne roke ali cevnega dovoda, ohi\u0161ja z ve\u010d stopnjami, nasi\u010denih filtrov in <strong>centrifugalnega ventilatorja, obi\u010dajno enofaznega<\/strong>. Ohi\u0161ja so opremljena s kole\u0161\u010dki za la\u017eje premikanje. Zrak, ki ga sesa naprava za zbiranje (roka, miza itd.), vstopi v ohi\u0161je in gre skozi vedno bolj fine stopnje mehanskega filtriranja, eno ali ve\u010d stopenj molekularnega filtriranja (aktivno oglje) in nazadnje stopnjo visoko u\u010dinkovite filtracije HEPA, \u010de <strong>je vsesani proizvod nevaren in je za <\/strong>izpust \u010distega zraka v stavbo <strong>potrebna filtracija HEPA <\/strong>.  <\/p>\n\n\n\n<p><\/p>\n<\/div>\n\n\n\n<div class=\"wp-block-column is-layout-flow wp-block-column-is-layout-flow\" style=\"flex-basis:33.33%\">\n<figure class=\"wp-block-image aligncenter size-large is-resized\"><img decoding=\"async\" width=\"1024\" height=\"549\" src=\"https:\/\/obera.fr\/wp-content\/uploads\/2025\/03\/charbon-actif-purple-1024x549.png\" alt=\"vijoli&#x10D;no aktivno oglje\" class=\"wp-image-76468\" style=\"width:269px;height:auto\" srcset=\"https:\/\/obera.fr\/wp-content\/uploads\/2025\/03\/charbon-actif-purple-1024x549.png 1024w, https:\/\/obera.fr\/wp-content\/uploads\/2025\/03\/charbon-actif-purple-300x161.png 300w, https:\/\/obera.fr\/wp-content\/uploads\/2025\/03\/charbon-actif-purple-768x412.png 768w, https:\/\/obera.fr\/wp-content\/uploads\/2025\/03\/charbon-actif-purple.png 1200w\" sizes=\"(max-width: 1024px) 100vw, 1024px\" \/><\/figure>\n<\/div>\n<\/div>\n\n<p>Sesalne enote so na voljo z zelo majhnimi pretoki 80-300 m3\/h za fino sesanje na delovnem mestu (lepljenje, spajkanje, elektronsko varjenje, natan\u010dno bru\u0161enje ali bru\u0161enje itd.), do pretokov 3000 m3\/h za sesanje na ve\u010d delovnih mestih z eno enoto ali za sesanje ve\u010djih delovnih povr\u0161in (sesalne hrbtne plo\u0161\u010de, ve\u010dje zbiralne roke). <strong>Enote so obi\u010dajno opremljene s potenciometrom <\/strong>za nastavitev sesalnega pretoka centrifugalnega ventilatorja glede na potrebe po sesanju. <\/p>\n\n<p>Mobilne sesalne enote se uporabljajo za odsesavanje onesna\u017eeval, kot so dim, prah, plinasta onesna\u017eevala, hlapi, topila, hlapne organske spojine in vonjave. Princip kesona omogo\u010da <strong>nadgradnjo ve\u010d zaporednih stopenj filtriranja<\/strong> za obdelavo   <\/p>\n\n<h2 class=\"wp-block-heading\" id=\"a-quelles-utilisations-conviennent-elles\">Na\u0161a ponudba mobilnih sesalnih enot  <\/h2>\n\n<div style=\"height:37px\" aria-hidden=\"true\" class=\"wp-block-spacer\"><\/div>\n\n<div class=\"wp-block-columns is-layout-flex wp-container-core-columns-is-layout-28f84493 wp-block-columns-is-layout-flex\">\n<div class=\"wp-block-column is-layout-flow wp-block-column-is-layout-flow\">\n<h3 class=\"wp-block-heading has-text-align-center\">ePURBox ATEX<\/h3>\n\n\n\n<p class=\"has-text-align-center\"><strong>Modularnost in vsestranskost<\/strong><\/p>\n\n\n\n<p class=\"has-text-align-center\">Obdelava prahu, dima, hlapov in topil.<\/p>\n\n\n\n<figure class=\"wp-block-image aligncenter size-medium is-resized\"><a href=\"https:\/\/obera.fr\/sl\/produits\/caissons-mobiles-aspiration\/epurbox-atex\/#more-115628\"><img decoding=\"async\" width=\"300\" height=\"300\" src=\"https:\/\/obera.fr\/wp-content\/uploads\/2025\/10\/visuel-epurbox-brs-logo-atex-300x300.png\" alt=\"slika epurbox brs logo atex\" class=\"wp-image-130378\" style=\"width:315px;height:auto\" srcset=\"https:\/\/obera.fr\/wp-content\/uploads\/2025\/10\/visuel-epurbox-brs-logo-atex-300x300.png 300w, https:\/\/obera.fr\/wp-content\/uploads\/2025\/10\/visuel-epurbox-brs-logo-atex-1024x1024.png 1024w, https:\/\/obera.fr\/wp-content\/uploads\/2025\/10\/visuel-epurbox-brs-logo-atex-150x150.png 150w, https:\/\/obera.fr\/wp-content\/uploads\/2025\/10\/visuel-epurbox-brs-logo-atex-768x768.png 768w, https:\/\/obera.fr\/wp-content\/uploads\/2025\/10\/visuel-epurbox-brs-logo-atex.png 1200w\" sizes=\"(max-width: 300px) 100vw, 300px\" \/><\/a><\/figure>\n\n\n\n<p class=\"has-text-align-center\">Najve\u010dji pretok 1200 m3\/h &#8211; Cevni ali ro\u010dni izpust<\/p>\n<\/div>\n\n\n\n<div class=\"wp-block-column is-layout-flow wp-block-column-is-layout-flow\">\n<h3 class=\"wp-block-heading has-text-align-center\">Clearbox<\/h3>\n\n\n\n<p class=\"has-text-align-center\">Obdelava dima, hlapov in topil<\/p>\n\n\n\n<figure class=\"wp-block-image aligncenter size-medium is-resized\"><a href=\"https:\/\/obera.fr\/sl\/produits\/caissons-mobiles-aspiration\/clearbox\/\"><img decoding=\"async\" width=\"300\" height=\"300\" src=\"https:\/\/obera.fr\/wp-content\/uploads\/2025\/10\/visuel-clearbox-brs-300x300.png\" alt=\"Slika Clearbox BRS\" class=\"wp-image-129934\" style=\"object-fit:cover;width:335px;height:auto\" srcset=\"https:\/\/obera.fr\/wp-content\/uploads\/2025\/10\/visuel-clearbox-brs-300x300.png 300w, https:\/\/obera.fr\/wp-content\/uploads\/2025\/10\/visuel-clearbox-brs-1024x1024.png 1024w, https:\/\/obera.fr\/wp-content\/uploads\/2025\/10\/visuel-clearbox-brs-150x150.png 150w, https:\/\/obera.fr\/wp-content\/uploads\/2025\/10\/visuel-clearbox-brs-768x768.png 768w, https:\/\/obera.fr\/wp-content\/uploads\/2025\/10\/visuel-clearbox-brs.png 1200w\" sizes=\"(max-width: 300px) 100vw, 300px\" \/><\/a><\/figure>\n\n\n\n<p class=\"has-text-align-center\">Najve\u010dji pretok 2000 m3\/h<\/p>\n<\/div>\n<\/div>\n\n<div style=\"height:58px\" aria-hidden=\"true\" class=\"wp-block-spacer\"><\/div>\n\n<div style=\"height:58px\" aria-hidden=\"true\" class=\"wp-block-spacer\"><\/div>\n\n<div class=\"wp-block-columns is-layout-flex wp-container-core-columns-is-layout-28f84493 wp-block-columns-is-layout-flex\">\n<div class=\"wp-block-column is-layout-flow wp-block-column-is-layout-flow\">\n<h3 class=\"wp-block-heading has-text-align-center\">ePUR EX<\/h3>\n\n\n\n<p class=\"has-text-align-center\">Obdelava dima, hlapov in topil<\/p>\n\n\n\n<figure class=\"wp-block-image aligncenter size-medium is-resized\"><a href=\"https:\/\/obera.fr\/sl\/produits\/depoussiereurs-industriels\/petits\/aspiration-fumees-soudage-laser-epur-b-ex\/\"><img decoding=\"async\" width=\"300\" height=\"300\" src=\"https:\/\/obera.fr\/wp-content\/uploads\/2023\/10\/epurb-ex-1000-3000-5000-300x300.png\" alt=\"oberA epur b ex 1000 3000 5000\" class=\"wp-image-25016\" style=\"object-fit:cover\" srcset=\"https:\/\/obera.fr\/wp-content\/uploads\/2023\/10\/epurb-ex-1000-3000-5000-300x300.png 300w, https:\/\/obera.fr\/wp-content\/uploads\/2023\/10\/epurb-ex-1000-3000-5000-150x150.png 150w, https:\/\/obera.fr\/wp-content\/uploads\/2023\/10\/epurb-ex-1000-3000-5000.png 600w\" sizes=\"(max-width: 300px) 100vw, 300px\" \/><\/a><\/figure>\n\n\n\n<p class=\"has-text-align-center\">Najve\u010dji pretok 350 &#8211; 2800 m3\/h<\/p>\n<\/div>\n\n\n\n<div class=\"wp-block-column is-layout-flow wp-block-column-is-layout-flow\">\n<h3 class=\"wp-block-heading has-text-align-center\">Jumbo<\/h3>\n\n\n\n<p class=\"has-text-align-center\">Obdelava dima, hlapov in topil<\/p>\n\n\n\n<figure class=\"wp-block-image aligncenter size-full is-resized\"><a href=\"https:\/\/obera.fr\/sl\/produits\/depoussiereurs-industriels\/petits\/jumbo\/\"><img decoding=\"async\" width=\"500\" height=\"500\" src=\"https:\/\/obera.fr\/wp-content\/uploads\/2020\/10\/jumbo.png\" alt=\"Jumbo\" class=\"wp-image-1171\" style=\"width:302px;height:auto\" srcset=\"https:\/\/obera.fr\/wp-content\/uploads\/2020\/10\/jumbo.png 500w, https:\/\/obera.fr\/wp-content\/uploads\/2020\/10\/jumbo-300x300.png 300w, https:\/\/obera.fr\/wp-content\/uploads\/2020\/10\/jumbo-150x150.png 150w\" sizes=\"(max-width: 500px) 100vw, 500px\" \/><\/a><\/figure>\n\n\n\n<p class=\"has-text-align-center\">Najve\u010dji pretok 170 m3\/h<\/p>\n<\/div>\n<\/div>\n\n<div style=\"height:58px\" aria-hidden=\"true\" class=\"wp-block-spacer\"><\/div>\n\n<div class=\"wp-block-columns is-layout-flex wp-container-core-columns-is-layout-28f84493 wp-block-columns-is-layout-flex\">\n<div class=\"wp-block-column is-layout-flow wp-block-column-is-layout-flow\">\n<h3 class=\"wp-block-heading has-text-align-center\">ePUR010 CA<\/h3>\n\n\n\n<p class=\"has-text-align-center\">Obdelava dima, hlapov in topil<\/p>\n\n\n\n<figure class=\"wp-block-image aligncenter size-medium is-resized\"><a href=\"https:\/\/obera.fr\/sl\/produits\/traitement-cov\/filtre-anti-poussiere-epur010-b-ca\/\"><img decoding=\"async\" width=\"221\" height=\"300\" src=\"https:\/\/obera.fr\/wp-content\/uploads\/2022\/02\/EPUR010-B-CA-221x300.png\" alt=\"epur010 b ca\" class=\"wp-image-8919\" style=\"object-fit:cover;width:239px;height:auto\" srcset=\"https:\/\/obera.fr\/wp-content\/uploads\/2022\/02\/EPUR010-B-CA-221x300.png 221w, https:\/\/obera.fr\/wp-content\/uploads\/2022\/02\/EPUR010-B-CA-753x1024.png 753w, https:\/\/obera.fr\/wp-content\/uploads\/2022\/02\/EPUR010-B-CA-768x1044.png 768w, https:\/\/obera.fr\/wp-content\/uploads\/2022\/02\/EPUR010-B-CA-1130x1536.png 1130w, https:\/\/obera.fr\/wp-content\/uploads\/2022\/02\/EPUR010-B-CA-1507x2048.png 1507w, https:\/\/obera.fr\/wp-content\/uploads\/2022\/02\/EPUR010-B-CA.png 1788w\" sizes=\"(max-width: 221px) 100vw, 221px\" \/><\/a><\/figure>\n\n\n\n<p class=\"has-text-align-center\">Najve\u010dji pretok 150 m3\/h<\/p>\n<\/div>\n<\/div>\n\n<p class=\"has-text-align-center\"><\/p>\n\n<p><\/p>\n\n<div class=\"wp-block-buttons is-horizontal is-content-justification-center is-layout-flex wp-container-core-buttons-is-layout-03627597 wp-block-buttons-is-layout-flex\">\n<div class=\"wp-block-button has-custom-width wp-block-button__width-100\"><a class=\"wp-block-button__link wp-element-button\" href=\"https:\/\/obera.fr\/sl\/pisite-nam\/\">Ve\u010d o tem<\/a><\/div>\n<\/div>\n\n<h2 class=\"wp-block-heading\">Zakaj uporabljati mobilno sesalno enoto?<\/h2>\n\n<p>Za <strong>zajemanje onesna\u017eeval na delovnem mestu<\/strong> se obi\u010dajno uporablja mobilni sesalni zaboj. Mobilno filtrirno \u0161katlo je mogo\u010de enostavno premikati z enega delovnega mesta na drugo. \u0160e ve\u010d, \u010de stranka nima v bli\u017eini omre\u017eja za odsesavanje, je enostavneje postaviti mobilni filtrirni zaboj, kot pa postaviti omre\u017eje cevi iz centralizirane naprave za odsesavanje. Ravno tako je pogosto te\u017eko<strong>odvesti onesna\u017eevalo navzven<\/strong>, zato mobilna omara zajame proizvod tam, kjer nastaja, ga filtrira in o\u010di\u0161\u010den zrak odvaja v samo obmo\u010dje. Filtriranje je treba prilagoditi onesna\u017eevalcem, zlasti pa je treba izbrati visoko u\u010dinkovito filtriranje HEPA H13 ali H14, kadar je treba filtrirati spojine CMR. Ve\u010dino mobilnih filtrirnih enot je mogo\u010de opremiti s cevnim<strong> izpustom<\/strong> \u010distega<strong> zraka,<\/strong> \u010de \u017eeli stranka \u010disti zrak odvajati navzven.     <\/p>\n\n<h2 class=\"wp-block-heading\">Katere aplikacije pokrivajo mobilne enote za filtriranje?<\/h2>\n\n<div class=\"wp-block-columns is-layout-flex wp-container-core-columns-is-layout-28f84493 wp-block-columns-is-layout-flex\">\n<div class=\"wp-block-column is-layout-flow wp-block-column-is-layout-flow\" style=\"flex-basis:33.33%\">\n<figure class=\"wp-block-image aligncenter size-large is-resized\"><img decoding=\"async\" width=\"1024\" height=\"1024\" src=\"https:\/\/obera.fr\/wp-content\/uploads\/2025\/03\/2-1024x1024.png\" alt=\"Re&#x161;itev OberA\" class=\"wp-image-77618\" style=\"width:271px;height:auto\" srcset=\"https:\/\/obera.fr\/wp-content\/uploads\/2025\/03\/2-1024x1024.png 1024w, https:\/\/obera.fr\/wp-content\/uploads\/2025\/03\/2-300x300.png 300w, https:\/\/obera.fr\/wp-content\/uploads\/2025\/03\/2-150x150.png 150w, https:\/\/obera.fr\/wp-content\/uploads\/2025\/03\/2-768x768.png 768w, https:\/\/obera.fr\/wp-content\/uploads\/2025\/03\/2.png 1200w\" sizes=\"(max-width: 1024px) 100vw, 1024px\" \/><\/figure>\n<\/div>\n\n\n\n<div class=\"wp-block-column is-layout-flow wp-block-column-is-layout-flow\" style=\"flex-basis:66.66%\">\n<ul class=\"wp-block-list\">\n<li><strong>Mobilne sesalne enote <\/strong>se obi\u010dajno uporabljajo za naslednje namene:<\/li>\n\n\n\n<li>Spajkanje, spajkanje, elektronska industrija<\/li>\n\n\n\n<li>Laboratoriji, ravnanje s teko\u010dimi kemikalijami, smolo ali prahom, njihovo doziranje in dekantiranje<\/li>\n\n\n\n<li>Nakit<\/li>\n\n\n\n<li>Laserski stroj (rezanje kartona, plastike, &#8230;.)<\/li>\n\n\n\n<li>aditivna proizvodnja (3D stroj itd.)<\/li>\n\n\n\n<li><strong>Postaje za lepljenje<\/strong><\/li>\n\n\n\n<li>\u010ci\u0161\u010denje in razma\u0161\u010devanje delov ;<\/li>\n\n\n\n<li>Restavriranje umetni\u0161kih del, vernisa\u017ea<\/li>\n\n\n\n<li><strong>Bru\u0161enje, bru\u0161enje, odstranjevanje, poliranje,<\/strong> odstranjevanje robov majhnih delov iz kovine, kompozitnih materialov ali plastike<\/li>\n<\/ul>\n<\/div>\n<\/div>\n\n<h2 class=\"wp-block-heading\">Kako izbrati mobilno sesalno enoto?<\/h2>\n\n<p>\u010ce \u017eelite <strong>izbrati pravo ekstrakcijsko enoto<\/strong>, morate najprej preveriti vrste onesna\u017eeval, ki jih je treba obdelati. \u010ce gre le za prah ali hlape, bodo zadostovale mehanske stopnje filtriranja. \u010ce je treba obdelati hlape, topila ali hlapne organske spojine, je treba uporabiti filtre z aktivnim ogljem. Pri procesih vse pogosteje nastaja oboje, saj pri segrevanju <strong>materiala pride do uparjanja materialov in izpusta onesna\u017eeval<\/strong> v obliki hlapov (trdne snovi) in plinov (obi\u010dajno hlapnih organskih spojin). V takih primerih je potrebna kombinacija stopenj filtriranja delcev (mehanski filtri) in stopenj molekularnega filtriranja (aktivno oglje).    <\/p>\n\n<p>\u010ce so onesna\u017eevala strupena, morate izbrati ustrezno filtracijo HEPA. \u010ce je treba z opremo odsesavati eksplozivne delce ali pline, je treba izbrati <strong>tveganjem prilagojeno napravo ATEX<\/strong>. <\/p>\n\n<p>Pri izbiri naprave je seveda odlo\u010dilen dejavnik pretok sesanja. Pomagamo vam jo dolo\u010diti. <\/p>\n\n<h2 class=\"wp-block-heading\">Stro\u0161ki obratovanja in vzdr\u017eevanja<\/h2>\n\n<p><strong>Mobilne ekstrakcijske enote<\/strong> so opremljene z nasi\u010denimi filtri. Glede na velikost delcev prahu in hlapov, ki jih je treba obdelati, je treba izbrati pravo kombinacijo filtrov. <\/p>\n\n<p>Bolj kot so filtri u\u010dinkoviti, dra\u017eji so. Zato je cilj \u010dim bolj zasi\u010diti<strong> zgornje stopnje, da bi ohranili<\/strong> najnatan\u010dnej\u0161e<strong> filtre<\/strong>. \u010ce je mogo\u010de, je treba pove\u010dati stopnje predfiltracije (npr. stopnje G4, M6, F9 &#8230; za za\u0161\u010dito visoko u\u010dinkovitih filtrov HEPA H13 ali H14). \u017divljenjska doba filtrov je odvisna od koli\u010dine onesna\u017eeval, \u010dasa uporabe in porazdelitve velikosti delcev onesna\u017eevala. V nekaterih primerih je mogo\u010de z meritvami izbrati ustrezne stopnje filtriranja.    <\/p>\n","protected":false},"excerpt":{"rendered":"<p>Kaj je mobilna sesalna enota? Mobilna sesalna enota, znana tudi kot mobilna filtrirna enota, mobilna sesalna enota ali mobilna filtrirna enota, je na splo\u0161no majhna mobilna naprava za odsesavanje onesna\u017eeval pri viru in njihovo filtriranje. Obi\u010dajno je opremljena z zbiralno roko na napravi ali cevnim dovodom, ki omogo\u010da priklju\u010ditev ene ali ve\u010d sesalnih cevi na stroj, napo, majhno sesalno mizo ali oddaljene roke. Mobilne sesalne enote so sestavljene iz zbiralne roke ali cevnega dovoda, ohi\u0161ja z ve\u010d stopnjami, nasi\u010denih filtrov in centrifugalnega ventilatorja, obi\u010dajno enofaznega. Ohi\u0161ja so opremljena s kole\u0161\u010dki za la\u017eje premikanje. Zrak, ki ga sesa naprava za zbiranje &#8230; <\/p>\n<p class=\"read-more-container\"><a title=\"Mobilne sesalne enote\" class=\"read-more button\" href=\"https:\/\/obera.fr\/sl\/produits\/caissons-mobiles-aspiration\/#more-39634\" aria-label=\"Read more about Mobilne sesalne enote\">Lire la suite<\/a><\/p>\n","protected":false},"author":4,"featured_media":83750,"parent":37911,"menu_order":0,"comment_status":"closed","ping_status":"closed","template":"","meta":{"_acf_changed":false,"_seopress_robots_primary_cat":"","_seopress_titles_title":"oberA mobilne sesalne enote","_seopress_titles_desc":"Na\u0161a ponudba mobilnih sesalnih enot: ePURBox: modularnost in vsestranskost, ePUR010 B CA, Jumbo in EPUR B EX","_seopress_robots_index":"","footnotes":""},"class_list":{"0":"post-39634","1":"page","2":"type-page","3":"status-publish","4":"has-post-thumbnail","6":"no-featured-image-padding","7":"resize-featured-image"},"acf":[],"_links":{"self":[{"href":"https:\/\/obera.fr\/sl\/wp-json\/wp\/v2\/pages\/39634","targetHints":{"allow":["GET"]}}],"collection":[{"href":"https:\/\/obera.fr\/sl\/wp-json\/wp\/v2\/pages"}],"about":[{"href":"https:\/\/obera.fr\/sl\/wp-json\/wp\/v2\/types\/page"}],"author":[{"embeddable":true,"href":"https:\/\/obera.fr\/sl\/wp-json\/wp\/v2\/users\/4"}],"replies":[{"embeddable":true,"href":"https:\/\/obera.fr\/sl\/wp-json\/wp\/v2\/comments?post=39634"}],"version-history":[{"count":14,"href":"https:\/\/obera.fr\/sl\/wp-json\/wp\/v2\/pages\/39634\/revisions"}],"predecessor-version":[{"id":136372,"href":"https:\/\/obera.fr\/sl\/wp-json\/wp\/v2\/pages\/39634\/revisions\/136372"}],"up":[{"embeddable":true,"href":"https:\/\/obera.fr\/sl\/wp-json\/wp\/v2\/pages\/37911"}],"wp:featuredmedia":[{"embeddable":true,"href":"https:\/\/obera.fr\/sl\/wp-json\/wp\/v2\/media\/83750"}],"wp:attachment":[{"href":"https:\/\/obera.fr\/sl\/wp-json\/wp\/v2\/media?parent=39634"}],"curies":[{"name":"wp","href":"https:\/\/api.w.org\/{rel}","templated":true}]}}