{"id":42476,"date":"2020-08-26T16:20:46","date_gmt":"2020-08-26T14:20:46","guid":{"rendered":"https:\/\/obera.fr\/odkrijte-obera\/zgodovina-druzbe-obera\/"},"modified":"2025-05-15T10:19:11","modified_gmt":"2025-05-15T08:19:11","slug":"histoire","status":"publish","type":"page","link":"https:\/\/obera.fr\/sl\/decouvrir\/histoire\/","title":{"rendered":"Zgodovina dru\u017ebe OberA"},"content":{"rendered":"\n<h2 class=\"wp-block-heading\">Va\u0161 partner za zdrav zrak na delovnem mestu!<\/h2>\n\n<p><\/p>\n\n<figure class=\"wp-block-image alignright size-medium is-resized\"><img decoding=\"async\" width=\"300\" height=\"85\" src=\"https:\/\/obera.fr\/wp-content\/uploads\/2025\/05\/obera-logo-fr-rvb-v2-300x85.png\" alt=\"obera logo en rvb v2\" class=\"wp-image-100991\" srcset=\"https:\/\/obera.fr\/wp-content\/uploads\/2025\/05\/obera-logo-fr-rvb-v2-300x85.png 300w, https:\/\/obera.fr\/wp-content\/uploads\/2025\/05\/obera-logo-fr-rvb-v2-1024x291.png 1024w, https:\/\/obera.fr\/wp-content\/uploads\/2025\/05\/obera-logo-fr-rvb-v2-768x218.png 768w, https:\/\/obera.fr\/wp-content\/uploads\/2025\/05\/obera-logo-fr-rvb-v2-1536x437.png 1536w, https:\/\/obera.fr\/wp-content\/uploads\/2025\/05\/obera-logo-fr-rvb-v2.png 1995w\" sizes=\"(max-width: 300px) 100vw, 300px\" \/><\/figure>\n\n<p>V Franciji je onesna\u017eenost zraka vzrok za skoraj 50.000 smrtnih \u017ertev na leto. Medtem ko so izzivi kakovosti zraka v mestnih okoljih dobro prepoznani, so na delovnem mestu \u0161e vedno precej podcenjeni. Vendar je lahko zrak v zaprtih prostorih v podjetjih <strong>od 10 do 50-krat bolj onesna\u017een<\/strong> kot zunanji zrak.  <\/p>\n\n<p><\/p>\n\n<p>Obstaja veliko virov onesna\u017eevanja:<\/p>\n\n<ul class=\"wp-block-list\">\n<li><strong>Emisije, povezane z industrijskimi procesi<\/strong> (hlapi, hlapi, oljne meglice),<\/li>\n\n\n\n<li><strong>ravnanje s<\/strong> surovinami <strong>in<\/strong> njihov <strong>prevoz<\/strong>,<\/li>\n\n\n\n<li><strong>Proizvodi, ki se uporabljajo v proizvodnji<\/strong> (hlapne organske spojine, vonjave, prah, virusi itd.).<\/li>\n<\/ul>\n\n<p><\/p>\n\n<p>Ta onesna\u017eevala, plinasta ali trdna, neposredno vplivajo na zdravje zaposlenih, pa tudi na uspe\u0161nost industrije: pove\u010dan odpadek, prito\u017ebe strank, ni\u017eja produktivnost in vi\u0161ji stro\u0161ki vzdr\u017eevanja.<\/p>\n\n<p><\/p>\n\n<h3 class=\"wp-block-heading\">Inovativen odziv na nasprotne omejitve<\/h3>\n\n<p>Izpostavljenost onesna\u017eevalom povzro\u010da <strong>zdravstvene te\u017eave<\/strong> in lahko povzro\u010di bolezen pri izpostavljenih zaposlenih. Poleg tega slaba kakovost zraka vpliva na <strong>stopnjo izmeta<\/strong>, <strong>prito\u017ebe strank<\/strong>, <strong>produktivnost<\/strong> in pogostost <strong>vzdr\u017eevanja<\/strong> proizvodne opreme. <\/p>\n\n<p>Za obvladovanje teh onesna\u017eeval obi\u010dajno uporabljamo re\u0161itve za zajemanje, odstranjevanje prahu in filtriranje, kar je prav. Vendar te re\u0161itve redko zadostujejo za popolno re\u0161itev te\u017eav s kakovostjo zraka, zlasti \u010de je onesna\u017eenje razpr\u0161eno. Poleg tega se proizvajalci opreme za odstranjevanje prahu in filtriranje le redko zave\u017eejo k preostalim ravnem onesna\u017eenosti okolja ali <strong>skladnosti s predpisi VLEP<\/strong>.  <\/p>\n\n<p><a href=\"https:\/\/obera.fr\/sl\/decouvrir\/\" data-type=\"page\" data-id=\"731\">OberA<\/a> vam z <strong>inovativnim in edinstvenim pristopom <\/strong><strong> zagotavlja zdrav zrak <\/strong>. Ta pristop je plod ve\u010d kot 20-letnih izku\u0161enj na podro\u010dju odstranjevanja prahu, filtriranja in obdelave zraka.  <\/p>\n\n<p><\/p>\n\n<div class=\"wp-block-buttons is-content-justification-center is-layout-flex wp-container-core-buttons-is-layout-a89b3969 wp-block-buttons-is-layout-flex\">\n<div class=\"wp-block-button\"><a class=\"wp-block-button__link wp-element-button\" href=\"https:\/\/obera.fr\/sl\/produits\/\">Odkrijte na\u0161o ponudbo re\u0161itev za zagotavljanje kakovosti zraka<\/a><\/div>\n<\/div>\n\n<p><\/p>\n\n<h3 class=\"wp-block-heading\">OberA, nova vizija obdelave zraka<\/h3>\n\n<p>Z ve\u010d kot 20-letnim strokovnim znanjem na podro\u010dju odstranjevanja prahu, filtriranja in \u010di\u0161\u010denja zraka <strong>dru\u017eba OberA ponuja globalen, inovativen in v rezultate usmerjen pristop, ki<\/strong> temelji na \u0161tirih klju\u010dnih stopnjah:<\/p>\n\n<ol class=\"wp-block-list\">\n<li><strong>Natan\u010dno diagnosticiranje<\/strong>: identifikacija virov onesna\u017eevanja ter merjenje koncentracij in velikosti delcev.<\/li>\n\n\n\n<li><strong>Faza testiranja brez obveznosti<\/strong>: namestitev testne ali najemne opreme za potrditev tehni\u010dne zmogljivosti in zagotavljanje rezultatov.<\/li>\n\n\n\n<li><strong>Uporaba ustrezne re\u0161itve<\/strong>: zajem pri viru, obdelava zunanjega zraka (\u010di\u0161\u010denje), fino filtriranje.<\/li>\n\n\n\n<li><strong>Spremljanje v realnem \u010dasu<\/strong>: neprekinjeno spremljanje kakovosti zraka in povezano vzdr\u017eevanje (industrija 4.0).<\/li>\n<\/ol>\n\n<blockquote class=\"wp-block-quote is-layout-flow wp-block-quote-is-layout-flow\">\n<p><strong>Dovoljeno trgovanje z notranjimi informacijami!<\/strong><\/p>\n<\/blockquote>\n\n<p>Na ta na\u010din <a href=\"https:\/\/obera.fr\/sl\/decouvrir\/nase-stranke\/\" data-type=\"page\" data-id=\"743\">stranke dru\u017ebe OberA<\/a> vlagajo v opremo, ki jim zagotavlja bolj\u0161o raven kakovosti zraka, hkrati pa so v celoti seznanjene z rezultati, stro\u0161ki nalo\u017ebe in obratovalnimi stro\u0161ki.<\/p>\n\n<p><\/p>\n\n<div class=\"wp-block-buttons is-horizontal is-content-justification-center is-layout-flex wp-container-core-buttons-is-layout-03627597 wp-block-buttons-is-layout-flex\">\n<div class=\"wp-block-button\"><a class=\"wp-block-button__link wp-element-button\" href=\"https:\/\/obera.fr\/sl\/produits\/\">Odkrijte na\u0161o celotno ponudbo<\/a><\/div>\n<\/div>\n\n<div style=\"height:35px\" aria-hidden=\"true\" class=\"wp-block-spacer\"><\/div>\n\n<div class=\"wp-block-columns is-layout-flex wp-container-core-columns-is-layout-28f84493 wp-block-columns-is-layout-flex\">\n<div class=\"wp-block-column is-layout-flow wp-block-column-is-layout-flow\"><\/div>\n\n\n\n<div class=\"wp-block-column is-layout-flow wp-block-column-is-layout-flow\">\n<figure class=\"wp-block-video\"><video height=\"1080\" style=\"aspect-ratio: 1920 \/ 1080;\" width=\"1920\" autoplay=\"\" controls=\"\" loop=\"\" muted=\"\" poster=\"https:\/\/obera.fr\/wp-content\/uploads\/2025\/05\/capture-decran-2025-05-14-100342.png\" src=\"https:\/\/obera.fr\/wp-content\/uploads\/2025\/05\/made_in_france_obera_fr.mp4\"><\/video><\/figure>\n<\/div>\n\n\n\n<div class=\"wp-block-column is-layout-flow wp-block-column-is-layout-flow\"><\/div>\n<\/div>\n\n<p><\/p>\n\n<h3 class=\"wp-block-heading\">Vlaganje z gotovostjo<\/h3>\n\n<p>Z dru\u017ebo OberA imate koristi od preverjenih re\u0161itev, ki zagotavljajo merljivo izbolj\u0161anje kakovosti zraka ter <strong>popolno preglednost rezultatov, nalo\u017eb in obratovalnih stro\u0161kov<\/strong>.<\/p>\n\n<blockquote class=\"wp-block-quote is-layout-flow wp-block-quote-is-layout-flow\">\n<p>Ker zdrav zrak ni mo\u017enost, temve\u010d zahteva.<\/p>\n\n\n\n<p><\/p>\n<\/blockquote>\n","protected":false},"excerpt":{"rendered":"<p>Va\u0161 partner za zdrav zrak na delovnem mestu! V Franciji je onesna\u017eenost zraka vzrok za skoraj 50.000 smrtnih \u017ertev na leto. Medtem ko so izzivi kakovosti zraka v mestnih okoljih dobro prepoznani, so na delovnem mestu \u0161e vedno precej podcenjeni. Vendar je lahko zrak v zaprtih prostorih v podjetjih od 10 do 50-krat bolj onesna\u017een kot zunanji zrak. Obstaja veliko virov onesna\u017eevanja: Ta onesna\u017eevala, plinasta ali trdna, neposredno vplivajo na zdravje zaposlenih, pa tudi na uspe\u0161nost industrije: pove\u010dan odpadek, prito\u017ebe strank, ni\u017eja produktivnost in vi\u0161ji stro\u0161ki vzdr\u017eevanja. Inovativen odziv na nasprotne omejitve Izpostavljenost onesna\u017eevalom povzro\u010da zdravstvene te\u017eave in lahko povzro\u010di &#8230; <\/p>\n<p class=\"read-more-container\"><a title=\"Zgodovina dru\u017ebe OberA\" class=\"read-more button\" href=\"https:\/\/obera.fr\/sl\/decouvrir\/histoire\/#more-42476\" aria-label=\"Read more about Zgodovina dru\u017ebe OberA\">Lire la suite<\/a><\/p>\n","protected":false},"author":4,"featured_media":84823,"parent":38045,"menu_order":0,"comment_status":"closed","ping_status":"closed","template":"","meta":{"_acf_changed":false,"_seopress_robots_primary_cat":"","_seopress_titles_title":"Odkrijte zgodovino podjetja oberA \u017ee ve\u010d kot 20 let","_seopress_titles_desc":"Ve\u010d kot 20 let izku\u0161enj na podro\u010dju odstranjevanja prahu, filtriranja in obdelave zraka. OBERA ponuja inovativen in edinstven pristop.","_seopress_robots_index":"","footnotes":""},"class_list":{"0":"post-42476","1":"page","2":"type-page","3":"status-publish","4":"has-post-thumbnail","6":"no-featured-image-padding","7":"resize-featured-image"},"acf":[],"_links":{"self":[{"href":"https:\/\/obera.fr\/sl\/wp-json\/wp\/v2\/pages\/42476","targetHints":{"allow":["GET"]}}],"collection":[{"href":"https:\/\/obera.fr\/sl\/wp-json\/wp\/v2\/pages"}],"about":[{"href":"https:\/\/obera.fr\/sl\/wp-json\/wp\/v2\/types\/page"}],"author":[{"embeddable":true,"href":"https:\/\/obera.fr\/sl\/wp-json\/wp\/v2\/users\/4"}],"replies":[{"embeddable":true,"href":"https:\/\/obera.fr\/sl\/wp-json\/wp\/v2\/comments?post=42476"}],"version-history":[{"count":4,"href":"https:\/\/obera.fr\/sl\/wp-json\/wp\/v2\/pages\/42476\/revisions"}],"predecessor-version":[{"id":101291,"href":"https:\/\/obera.fr\/sl\/wp-json\/wp\/v2\/pages\/42476\/revisions\/101291"}],"up":[{"embeddable":true,"href":"https:\/\/obera.fr\/sl\/wp-json\/wp\/v2\/pages\/38045"}],"wp:featuredmedia":[{"embeddable":true,"href":"https:\/\/obera.fr\/sl\/wp-json\/wp\/v2\/media\/84823"}],"wp:attachment":[{"href":"https:\/\/obera.fr\/sl\/wp-json\/wp\/v2\/media?parent=42476"}],"curies":[{"name":"wp","href":"https:\/\/api.w.org\/{rel}","templated":true}]}}