{"id":42906,"date":"2024-05-07T09:40:58","date_gmt":"2024-05-07T07:40:58","guid":{"rendered":"https:\/\/obera.fr\/nasi-izdelki\/mobilne-sesalne-enote\/mobilna-miza-epurbox-tsp\/"},"modified":"2025-06-30T14:00:15","modified_gmt":"2025-06-30T12:00:15","slug":"epurbox-tsp","status":"publish","type":"page","link":"https:\/\/obera.fr\/sl\/produits\/caissons-mobiles-aspiration\/epurbox-tsp\/","title":{"rendered":"EpurBox TSP"},"content":{"rendered":"\n<div class=\"wp-block-columns is-layout-flex wp-container-core-columns-is-layout-28f84493 wp-block-columns-is-layout-flex\">\n<div class=\"wp-block-column is-vertically-aligned-top is-layout-flow wp-block-column-is-layout-flow\" style=\"flex-basis:33.33%\">\n<figure class=\"wp-block-image aligncenter size-full is-resized\"><img decoding=\"async\" width=\"1200\" height=\"1200\" src=\"https:\/\/obera.fr\/wp-content\/uploads\/2024\/05\/epurbox-tsp.png\" alt=\"epurbox tsp sesalna miza\" class=\"wp-image-30348\" style=\"width:296px;height:346px\" srcset=\"https:\/\/obera.fr\/wp-content\/uploads\/2024\/05\/epurbox-tsp.png 1200w, https:\/\/obera.fr\/wp-content\/uploads\/2024\/05\/epurbox-tsp-300x300.png 300w, https:\/\/obera.fr\/wp-content\/uploads\/2024\/05\/epurbox-tsp-1024x1024.png 1024w, https:\/\/obera.fr\/wp-content\/uploads\/2024\/05\/epurbox-tsp-150x150.png 150w, https:\/\/obera.fr\/wp-content\/uploads\/2024\/05\/epurbox-tsp-768x768.png 768w\" sizes=\"(max-width: 1200px) 100vw, 1200px\" \/><figcaption class=\"wp-element-caption\">ePURbox TSP<\/figcaption><\/figure>\n<\/div>\n\n\n\n<div class=\"wp-block-column is-layout-flow wp-block-column-is-layout-flow\" style=\"flex-basis:66.66%\">\n<p><strong>Sesalna miza ePURBOX<\/strong> je neposredno vgrajena v napravo ePURBOX. Ima lasten filtrirni sistem in lasten ventilator za obdelavo vonjav in hlapnih organskih spojin. Obloga zadnje stene zagotavlja zelo u\u010dinkovito sesanje in zajemanje onesna\u017eeval po celotni povr\u0161ini sesalne mize.  <\/p>\n\n\n\n<p>Grobi delci se filtrirajo z vgrajenim predfilterjem (G4), da se podalj\u0161a \u017eivljenjska doba kartu\u0161 z aktivnim ogljem.<\/p>\n\n\n\n<p>Obloge na stranskih stenah zagotavljajo zelo visoko raven zajetja vonjav na povr\u0161ini mize. Na koncu se procesni zrak filtrira z aktivnim ogljem (tip A) in ga je mogo\u010de ponovno vpeljati v delovni prostor. <\/p>\n\n\n\n<hr class=\"wp-block-separator has-css-opacity is-style-dots\"\/>\n\n\n\n<div class=\"wp-block-columns is-layout-flex wp-container-core-columns-is-layout-28f84493 wp-block-columns-is-layout-flex\">\n<div class=\"wp-block-column is-layout-flow wp-block-column-is-layout-flow\" style=\"flex-basis:33.33%\">\n<div class=\"wp-block-buttons is-layout-flex wp-block-buttons-is-layout-flex\">\n<div class=\"wp-block-button\"><a class=\"wp-block-button__link wp-element-button\" href=\"https:\/\/obera.fr\/wp-content\/uploads\/2025\/04\/brochure-epurbox-tsp-atex-fr.pdf\">PRENESI BRO\u0160URO<\/a><\/div>\n<\/div>\n<\/div>\n\n\n\n<div class=\"wp-block-column is-layout-flow wp-block-column-is-layout-flow\" style=\"flex-basis:33.34%\">\n<div class=\"wp-block-buttons is-horizontal is-content-justification-center is-layout-flex wp-container-core-buttons-is-layout-03627597 wp-block-buttons-is-layout-flex\">\n<div class=\"wp-block-button has-custom-width wp-block-button__width-100\"><a class=\"wp-block-button__link wp-element-button\" href=\"https:\/\/obera.fr\/sl\/pisite-nam\/\">Ve\u010d o tem<\/a><\/div>\n<\/div>\n<\/div>\n\n\n\n<div class=\"wp-block-column is-layout-flow wp-block-column-is-layout-flow\" style=\"flex-basis:33.34%\">\n<div class=\"wp-block-buttons is-content-justification-center is-layout-flex wp-container-core-buttons-is-layout-a89b3969 wp-block-buttons-is-layout-flex\">\n<div class=\"wp-block-button btn-devis-source\"><a class=\"wp-block-button__link wp-element-button\" href=\"https:\/\/obera.fr\/sl\/devis\/\">Zahtevajte ponudbo<\/a><\/div>\n<\/div>\n\n\n<script>\r\ndocument.addEventListener('DOMContentLoaded', function() {\r\n    \/\/ 1. On cherche le titre H1 de la page\r\n    var h1 = document.querySelector('h1');\r\n    var productTitle = h1 ? h1.innerText.trim() : \"\";\r\n\r\n    \/\/ 2. On cherche les boutons via la classe CSS .btn-devis-source\r\n    var buttons = document.querySelectorAll('.btn-devis-source a');\r\n\r\n    \/\/ 3. Si on a le titre et les boutons, on ajoute le param\u00e8tre\r\n    if (buttons.length > 0 && productTitle !== \"\") {\r\n        var encodedTitle = encodeURIComponent(productTitle);\r\n\r\n        buttons.forEach(function(btn) {\r\n            var currentHref = btn.getAttribute('href');\r\n            \r\n            \/\/ S\u00e9curit\u00e9 pour ne pas ajouter le param\u00e8tre 2 fois\r\n            if (currentHref.indexOf('sujet=') === -1) {\r\n                var separator = currentHref.indexOf('?') !== -1 ? '&' : '?';\r\n                var newLink = currentHref + separator + 'sujet=' + encodedTitle;\r\n                \r\n                btn.setAttribute('href', newLink);\r\n            }\r\n        });\r\n    }\r\n});\r\n<\/script><\/div>\n<\/div>\n\n\n\n<div style=\"height:45px\" aria-hidden=\"true\" class=\"wp-block-spacer\"><\/div>\n<\/div>\n<\/div>\n\n<div class=\"wp-block-columns is-layout-flex wp-container-core-columns-is-layout-28f84493 wp-block-columns-is-layout-flex\">\n<div class=\"wp-block-column is-layout-flow wp-block-column-is-layout-flow\" style=\"flex-basis:33.34%\">\n<h3 class=\"wp-block-heading\">Prednosti<\/h3>\n\n\n\n<ul class=\"wp-block-list\">\n<li>Ventilator z zelo visokim izkoristkom<\/li>\n\n\n\n<li>Du\u0161ilnik zvoka<\/li>\n\n\n\n<li>Mobilen, lahek, enostaven za uporabo<\/li>\n\n\n\n<li>Majhen odtis<\/li>\n\n\n\n<li>Enostavno vzdr\u017eevanje filtra<\/li>\n\n\n\n<li>Stopnja pretoka je nastavljiva od 0 do 100 %.<\/li>\n\n\n\n<li>Sistem Plug &amp; Play<\/li>\n<\/ul>\n<\/div>\n\n\n\n<div class=\"wp-block-column is-layout-flow wp-block-column-is-layout-flow\" style=\"flex-basis:33.34%\">\n<h3 class=\"wp-block-heading\">Posebne zna\u010dilnosti<\/h3>\n\n\n\n<ul class=\"wp-block-list\">\n<li>Enostavna zamenjava filtrirnega medija<\/li>\n\n\n\n<li>Nadgradljivost in mo\u017enost konfiguracije<\/li>\n\n\n\n<li>Atex 2 plin \/ Atex 22 prah<\/li>\n\n\n\n<li>Visoka adsorpcijska zmogljivost<\/li>\n\n\n\n<li>\u0160tevec ur<\/li>\n\n\n\n<li>Indikator umazanega filtra<\/li>\n\n\n\n<li>220V<\/li>\n<\/ul>\n<\/div>\n\n\n\n<div class=\"wp-block-column is-layout-flow wp-block-column-is-layout-flow\" style=\"flex-basis:33.33%\">\n<h3 class=\"wp-block-heading\">Zna\u010dilnosti<\/h3>\n\n\n\n<ul class=\"wp-block-list\">\n<li>Najve\u010dji pretok 1200 m3\/h<\/li>\n\n\n\n<li>premer dovoda 140 mm<\/li>\n\n\n\n<li>Najve\u010dji podtlak 1350 Pa<\/li>\n\n\n\n<li>Nazivna mo\u010d 0,75 kW<\/li>\n\n\n\n<li>15 kg filtra z aktivnim ogljem<\/li>\n\n\n\n<li>Dimenzije: 700 x 710 x 1060 mm<\/li>\n\n\n\n<li>Te\u017ea 90 kg<\/li>\n\n\n\n<li>Raven hrupa 68 db<\/li>\n<\/ul>\n<\/div>\n<\/div>\n\n<h3 class=\"wp-block-heading\">Prednosti<\/h3>\n\n<p>Odvzemna miza ePURBOX je zasnovana za <strong>mobilno uporabo in je primerna za neprekinjeno delovanje<\/strong>. Zaradi robustne konstrukcije je ekstrakcijska miza kompaktna in enostavna za rokovanje. Pod re\u0161etko je name\u0161\u010den predal za preprosto in \u010disto odstranjevanje odpadkov, zbranih med postopkom. Tehnologija EC zagotavlja<strong> tiho <\/strong>in var\u010dno<strong> delovanje <\/strong>.   <\/p>\n\n<h3 class=\"wp-block-heading\">Posebne zna\u010dilnosti<\/h3>\n\n<p>Sesalna miza ePURBOX ima gumb za neprekinjeno nastavitev pretoka zraka. <strong>Z vrtljivim gumbom lahko po potrebi ro\u010dno nastavite pretok zraka <\/strong>. Na voljo je tudi \u0161tevec obratovalnih ur, tako da veste, koliko \u010dasa so bili na primer filtri v notranjosti, da veste, kdaj jih je treba zamenjati.  <\/p>\n\n<h3 class=\"wp-block-heading\">Zna\u010dilnosti<\/h3>\n\n<p>Zaradi materialov, uporabljenih pri oblikovanju<strong> sesalne mize ePURBOX<\/strong>, je ta robustna in enostavna za uporabo. Zaradi svoje mobilnosti in dimenzij je ta miza u\u010dinkovit delovni prostor. <\/p>\n\n<h3 class=\"wp-block-heading\">Katera onesna\u017eevala je mogo\u010de obdelati z mizo ePURBOX?<\/h3>\n\n<p>Sesalna miza ePURBOX TSP je u\u010dinkovita proti .<\/p>\n\n<ul class=\"wp-block-list\">\n<li>Delci, ki nastanejo pri bru\u0161enju in bru\u0161enju.<\/li>\n\n\n\n<li>Droben in zelo droben prah ;<\/li>\n\n\n\n<li>Kovinski hlapi ;<\/li>\n\n\n\n<li>\u0160kodljivi plini in hlapi ;<\/li>\n<\/ul>\n\n<p><\/p>\n\n<div class=\"wp-block-columns is-layout-flex wp-container-core-columns-is-layout-28f84493 wp-block-columns-is-layout-flex\">\n<div class=\"wp-block-column is-layout-flow wp-block-column-is-layout-flow\" style=\"flex-basis:25%\"><\/div>\n\n\n\n<div class=\"wp-block-column is-layout-flow wp-block-column-is-layout-flow\" style=\"flex-basis:50%\">\n<figure class=\"wp-block-embed is-type-video is-provider-youtube wp-block-embed-youtube wp-embed-aspect-16-9 wp-has-aspect-ratio\"><div class=\"wp-block-embed__wrapper\">\n<iframe title=\"Caisson mobile d&#039;aspiration - ePURbox Atex - OberA\" width=\"1200\" height=\"675\" src=\"https:\/\/www.youtube.com\/embed\/vpDttbOwJGQ?start=1&#038;feature=oembed\" frameborder=\"0\" allow=\"accelerometer; autoplay; clipboard-write; encrypted-media; gyroscope; picture-in-picture; web-share\" referrerpolicy=\"strict-origin-when-cross-origin\" allowfullscreen><\/iframe>\n<\/div><\/figure>\n\n\n\n<p><\/p>\n<\/div>\n\n\n\n<div class=\"wp-block-column is-layout-flow wp-block-column-is-layout-flow\" style=\"flex-basis:25%\"><\/div>\n<\/div>\n\n<h2 class=\"wp-block-heading\">Industrijska uporaba sesalnih miz ATEX<\/h2>\n\n<div class=\"wp-block-columns is-layout-flex wp-container-core-columns-is-layout-28f84493 wp-block-columns-is-layout-flex\">\n<div class=\"wp-block-column is-layout-flow wp-block-column-is-layout-flow\">\n<h3 class=\"wp-block-heading has-text-align-center\">Onesna\u017eevala<\/h3>\n\n\n\n<div class=\"wp-block-columns is-layout-flex wp-container-core-columns-is-layout-28f84493 wp-block-columns-is-layout-flex\">\n<div class=\"wp-block-column is-layout-flow wp-block-column-is-layout-flow\">\n<figure class=\"wp-block-image aligncenter size-large\"><img decoding=\"async\" width=\"70\" height=\"70\" src=\"https:\/\/obera.fr\/wp-content\/uploads\/2021\/03\/industrie-fumees.jpg\" alt=\"industrijski hlapi\" class=\"wp-image-4971\"\/><figcaption class=\"wp-element-caption\">Izpuhi<\/figcaption><\/figure>\n\n\n\n<figure class=\"wp-block-image aligncenter size-large\"><img decoding=\"async\" width=\"70\" height=\"70\" src=\"https:\/\/obera.fr\/wp-content\/uploads\/2021\/03\/industrie-odeur-2.jpg\" alt=\"industrija vonjav 2\" class=\"wp-image-4972\"\/><figcaption class=\"wp-element-caption\">Vonji<\/figcaption><\/figure>\n<\/div>\n\n\n\n<div class=\"wp-block-column is-layout-flow wp-block-column-is-layout-flow\">\n<figure class=\"wp-block-image aligncenter size-large\"><img decoding=\"async\" width=\"70\" height=\"70\" src=\"https:\/\/obera.fr\/wp-content\/uploads\/2021\/03\/polluants-poussieres-1.jpg\" alt=\"pra&#x161;na onesna&#x17E;evala 1\" class=\"wp-image-4969\"\/><figcaption class=\"wp-element-caption\">Prah<\/figcaption><\/figure>\n<\/div>\n<\/div>\n\n\n\n<p><\/p>\n<\/div>\n\n\n\n<div class=\"wp-block-column is-layout-flow wp-block-column-is-layout-flow\">\n<h3 class=\"wp-block-heading has-text-align-center\">industrije<\/h3>\n\n\n\n<div class=\"wp-block-columns is-layout-flex wp-container-core-columns-is-layout-28f84493 wp-block-columns-is-layout-flex\">\n<div class=\"wp-block-column is-layout-flow wp-block-column-is-layout-flow\">\n<figure class=\"wp-block-image aligncenter size-large\"><img decoding=\"async\" width=\"70\" height=\"70\" src=\"https:\/\/obera.fr\/wp-content\/uploads\/2021\/03\/industrie-metallurgie-1.jpg\" alt=\"metalur&#x161;ka industrija 1\" class=\"wp-image-4975\"\/><figcaption class=\"wp-element-caption\">Metalurgija<\/figcaption><\/figure>\n\n\n\n<figure class=\"wp-block-image aligncenter size-large\"><img decoding=\"async\" width=\"70\" height=\"70\" src=\"https:\/\/obera.fr\/wp-content\/uploads\/2021\/03\/industrie-textile.jpg\" alt=\"tekstilna industrija\" class=\"wp-image-4980\"\/><figcaption class=\"wp-element-caption\">Tekstil<\/figcaption><\/figure>\n\n\n\n<figure class=\"wp-block-image aligncenter size-large\"><img decoding=\"async\" width=\"70\" height=\"70\" src=\"https:\/\/obera.fr\/wp-content\/uploads\/2021\/03\/industrie-chimie-1.jpg\" alt=\"kemi&#x10D;na industrija 1\" class=\"wp-image-4981\"\/><figcaption class=\"wp-element-caption\">Kemija<\/figcaption><\/figure>\n\n\n\n<figure class=\"wp-block-image aligncenter size-large\"><img decoding=\"async\" width=\"70\" height=\"70\" src=\"https:\/\/obera.fr\/wp-content\/uploads\/2021\/03\/industrie-minerai.jpg\" alt=\"mineralna industrija\" class=\"wp-image-4977\"\/><figcaption class=\"wp-element-caption\">Minerali<\/figcaption><\/figure>\n<\/div>\n\n\n\n<div class=\"wp-block-column is-layout-flow wp-block-column-is-layout-flow\">\n<figure class=\"wp-block-image aligncenter size-large\"><img decoding=\"async\" width=\"70\" height=\"70\" src=\"https:\/\/obera.fr\/wp-content\/uploads\/2020\/08\/industrie-bois.jpg\" alt=\"INSTITUT PARAMEDICAL SCIENCE AND MANAGEMENT - Management\" class=\"wp-image-672\"\/><figcaption class=\"wp-element-caption\">Obdelava lesa<\/figcaption><\/figure>\n\n\n\n<figure class=\"wp-block-image aligncenter size-large\"><img decoding=\"async\" width=\"70\" height=\"70\" src=\"https:\/\/obera.fr\/wp-content\/uploads\/2021\/03\/industrie-plastique.jpg\" alt=\"plasti&#x10D;na industrija\" class=\"wp-image-4976\"\/><figcaption class=\"wp-element-caption\">Plastika<\/figcaption><\/figure>\n\n\n\n<figure class=\"wp-block-image aligncenter size-large\"><img decoding=\"async\" width=\"70\" height=\"70\" src=\"https:\/\/obera.fr\/wp-content\/uploads\/2021\/03\/industrie-papier-carton.jpg\" alt=\"industrija papirja in kartona\" class=\"wp-image-4982\"\/><figcaption class=\"wp-element-caption\">Papir\/karton<\/figcaption><\/figure>\n\n\n\n<figure class=\"wp-block-image aligncenter size-large\"><img decoding=\"async\" width=\"70\" height=\"70\" src=\"https:\/\/obera.fr\/wp-content\/uploads\/2020\/08\/industrie-dechets.jpg\" alt=\"Izdelek - blagovna znamka\" class=\"wp-image-726\"\/><figcaption class=\"wp-element-caption\">Zbiranje in sortiranje odpadkov<\/figcaption><\/figure>\n<\/div>\n<\/div>\n<\/div>\n<\/div>\n\n<p>V letalski in vesoljski industriji se <strong>mobilna enota za odsesavanje prahu ePURbox TSP<\/strong> uporablja za bru\u0161enje aluminijastih delov, pri katerem nastaja droben prah. Ti aluminijevi pra\u0161ki predstavljajo tveganje za zdravje upravljavcev, pa tudi <strong>tveganje ATEX<\/strong>. Z izbiro modela ePURbox ATEX TSP je proizvajalec znatno zmanj\u0161al tveganja, povezana z gorljivimi prahi, in izpolnil svojo potrebo po prilagodljivosti z izbiro mobilne opreme.  <\/p>\n\n<div class=\"wp-block-buttons is-horizontal is-content-justification-center is-layout-flex wp-container-core-buttons-is-layout-03627597 wp-block-buttons-is-layout-flex\">\n<div class=\"wp-block-button has-custom-width wp-block-button__width-100\"><a class=\"wp-block-button__link wp-element-button\" href=\"https:\/\/obera.fr\/sl\/pisite-nam\/\">Ve\u010d o tem<\/a><\/div>\n<\/div>\n\n<figure class=\"wp-block-table\"><table class=\"has-fixed-layout\"><thead><tr><th>Izdelek<\/th><th><\/th><th>ePURbox<\/th><\/tr><\/thead><tbody><tr><td>Najve\u010dji pretok zraka<\/td><td>m3\/h<\/td><td>1200<\/td><\/tr><tr><td>Napajalna napetost<\/td><td>V<\/td><td>220<\/td><\/tr><tr><td>Napajanje<\/td><td>kW<\/td><td>0.75<\/td><\/tr><tr><td>Sesalna povr\u0161ina<\/td><td>mm<\/td><td>570 x 460<\/td><\/tr><tr><td>Filter z aktivnim ogljem<\/td><td>kg<\/td><td>15<\/td><\/tr><tr><td>Dimenzije<\/td><td>mm (D x \u0160 x V)<\/td><td>700 x 710 x 1060 mm<\/td><\/tr><tr><td>Te\u017ea<\/td><td>kg<\/td><td>90<\/td><\/tr><tr><td>Raven hrupa<\/td><td>dB(A)<\/td><td>68<\/td><\/tr><\/tbody><\/table><\/figure>\n","protected":false},"excerpt":{"rendered":"<p>Sesalna miza ePURBOX je neposredno vgrajena v napravo ePURBOX. Ima lasten filtrirni sistem in lasten ventilator za obdelavo vonjav in hlapnih organskih spojin. Obloga zadnje stene zagotavlja zelo u\u010dinkovito sesanje in zajemanje onesna\u017eeval po celotni povr\u0161ini sesalne mize. Grobi delci se filtrirajo z vgrajenim predfilterjem (G4), da se podalj\u0161a \u017eivljenjska doba kartu\u0161 z aktivnim ogljem. Obloge na stranskih stenah zagotavljajo zelo visoko raven zajetja vonjav na povr\u0161ini mize. Na koncu se procesni zrak filtrira z aktivnim ogljem (tip A) in ga je mogo\u010de ponovno vpeljati v delovni prostor. Prednosti Posebne zna\u010dilnosti Zna\u010dilnosti Prednosti Odvzemna miza ePURBOX je zasnovana za mobilno &#8230; <\/p>\n<p class=\"read-more-container\"><a title=\"EpurBox TSP\" class=\"read-more button\" href=\"https:\/\/obera.fr\/sl\/produits\/caissons-mobiles-aspiration\/epurbox-tsp\/#more-42906\" aria-label=\"Read more about EpurBox TSP\">Lire la suite<\/a><\/p>\n","protected":false},"author":4,"featured_media":83750,"parent":39634,"menu_order":0,"comment_status":"closed","ping_status":"closed","template":"","meta":{"_acf_changed":false,"_seopress_robots_primary_cat":"","_seopress_titles_title":"Table mobile ePURBOX TSP - oberA","_seopress_titles_desc":"","_seopress_robots_index":"","footnotes":""},"class_list":{"0":"post-42906","1":"page","2":"type-page","3":"status-publish","4":"has-post-thumbnail","6":"no-featured-image-padding","7":"resize-featured-image"},"acf":[],"_links":{"self":[{"href":"https:\/\/obera.fr\/sl\/wp-json\/wp\/v2\/pages\/42906","targetHints":{"allow":["GET"]}}],"collection":[{"href":"https:\/\/obera.fr\/sl\/wp-json\/wp\/v2\/pages"}],"about":[{"href":"https:\/\/obera.fr\/sl\/wp-json\/wp\/v2\/types\/page"}],"author":[{"embeddable":true,"href":"https:\/\/obera.fr\/sl\/wp-json\/wp\/v2\/users\/4"}],"replies":[{"embeddable":true,"href":"https:\/\/obera.fr\/sl\/wp-json\/wp\/v2\/comments?post=42906"}],"version-history":[{"count":20,"href":"https:\/\/obera.fr\/sl\/wp-json\/wp\/v2\/pages\/42906\/revisions"}],"predecessor-version":[{"id":116257,"href":"https:\/\/obera.fr\/sl\/wp-json\/wp\/v2\/pages\/42906\/revisions\/116257"}],"up":[{"embeddable":true,"href":"https:\/\/obera.fr\/sl\/wp-json\/wp\/v2\/pages\/39634"}],"wp:featuredmedia":[{"embeddable":true,"href":"https:\/\/obera.fr\/sl\/wp-json\/wp\/v2\/media\/83750"}],"wp:attachment":[{"href":"https:\/\/obera.fr\/sl\/wp-json\/wp\/v2\/media?parent=42906"}],"curies":[{"name":"wp","href":"https:\/\/api.w.org\/{rel}","templated":true}]}}