{"id":44145,"date":"2020-08-26T12:41:56","date_gmt":"2020-08-26T10:41:56","guid":{"rendered":"https:\/\/obera.fr\/nasi-izdelki\/industrijski-cistilci-zraka\/epur-b01-ecoprime-cistilec-zraka-za-prah\/"},"modified":"2026-02-10T18:16:28","modified_gmt":"2026-02-10T16:16:28","slug":"epur-b01-ecoprime-cistilec-zraka-za-prah","status":"publish","type":"page","link":"https:\/\/obera.fr\/sl\/produits\/purificateurs-air\/epur-b01-ecoprime-cistilec-zraka-za-prah\/","title":{"rendered":"ePUR B01 Ecoprime \u010distilec zraka za prah"},"content":{"rendered":"\n<p><strong>ePUR B01 Ecoprime<\/strong> je <a href=\"https:\/\/obera.fr\/sl\/produits\/purificateurs-air\/\" data-type=\"page\" data-id=\"26\">profesionalni \u010distilec zraka za<\/a> majhne prostore.<\/p>\n\n\n<h2 class=\"wp-block-heading\" id=\"comment-fonctionne-notre-purificateur-d-air\">Kako deluje na\u0161 \u010distilec zraka?<\/h2>\n\n<div class=\"wp-block-columns is-layout-flex wp-container-core-columns-is-layout-28f84493 wp-block-columns-is-layout-flex\">\n<div class=\"wp-block-column is-layout-flow wp-block-column-is-layout-flow\" style=\"flex-basis:33.33%\">\n<figure class=\"wp-block-image aligncenter size-medium\"><img decoding=\"async\" width=\"300\" height=\"300\" src=\"https:\/\/obera.fr\/wp-content\/uploads\/2020\/09\/epur-b01-ecoprime-300x300.jpg\" alt=\"Epur B01 Ecoprime\" class=\"wp-image-1008\" srcset=\"https:\/\/obera.fr\/wp-content\/uploads\/2020\/09\/epur-b01-ecoprime-300x300.jpg 300w, https:\/\/obera.fr\/wp-content\/uploads\/2020\/09\/epur-b01-ecoprime-150x150.jpg 150w, https:\/\/obera.fr\/wp-content\/uploads\/2020\/09\/epur-b01-ecoprime.jpg 433w\" sizes=\"(max-width: 300px) 100vw, 300px\" \/><\/figure>\n<\/div>\n\n\n\n<div class=\"wp-block-column is-layout-flow wp-block-column-is-layout-flow\" style=\"flex-basis:66.66%\">\n<p>Delovanje je preprosto: onesna\u017een zrak se vpihuje na vrhu enote, nato gre skozi ve\u010d slojev filtriranja v notranjosti enote, preden se na dnu izpusti neposredno v va\u0161 delovni prostor.<\/p>\n\n\n\n<h3 class=\"wp-block-heading\" id=\"a-quelles-utilisations-convient-il\">Kak\u0161ne so njegove uporabe?<\/h3>\n\n\n\n<p>Ta naprava za <strong>obdelavo zraka<\/strong> je primerna prakti\u010dno za vse vrste podjetij. U\u010dinkovit bo v majhnih in srednje velikih prostorih, kot so pisarne, sejne sobe, frizerski saloni, saloni za nohte, hoteli, kemi\u010dne \u010distilnice, telovadnice, zdravni\u0161ke ordinacije, zobozdravniki, domovi za starej\u0161e, obrtniki ali celo \u0161ole itd.<\/p>\n\n\n\n<div class=\"wp-block-columns is-layout-flex wp-container-core-columns-is-layout-28f84493 wp-block-columns-is-layout-flex\">\n<div class=\"wp-block-column is-layout-flow wp-block-column-is-layout-flow\" style=\"flex-basis:33.34%\">\n<div class=\"wp-block-buttons is-content-justification-center is-layout-flex wp-container-core-buttons-is-layout-a89b3969 wp-block-buttons-is-layout-flex\">\n<div class=\"wp-block-button\"><a class=\"wp-block-button__link wp-element-button\" href=\"https:\/\/obera.fr\/wp-content\/uploads\/2023\/10\/brochure-ecoprime.pdf\">Prenesi bro\u0161uro<\/a><\/div>\n<\/div>\n<\/div>\n\n\n\n<div class=\"wp-block-column is-layout-flow wp-block-column-is-layout-flow\" style=\"flex-basis:33.33%\"><\/div>\n\n\n\n<div class=\"wp-block-column is-layout-flow wp-block-column-is-layout-flow\" style=\"flex-basis:33.33%\">\n<div class=\"wp-block-buttons is-content-justification-center is-layout-flex wp-container-core-buttons-is-layout-a89b3969 wp-block-buttons-is-layout-flex\">\n<div class=\"wp-block-button btn-devis-source\"><a class=\"wp-block-button__link wp-element-button\" href=\"https:\/\/obera.fr\/sl\/devis\/\">Zahtevajte ponudbo<\/a><\/div>\n<\/div>\n\n\n<script>\r\ndocument.addEventListener('DOMContentLoaded', function() {\r\n    \/\/ 1. On cherche le titre H1 de la page\r\n    var h1 = document.querySelector('h1');\r\n    var productTitle = h1 ? h1.innerText.trim() : \"\";\r\n\r\n    \/\/ 2. On cherche les boutons via la classe CSS .btn-devis-source\r\n    var buttons = document.querySelectorAll('.btn-devis-source a');\r\n\r\n    \/\/ 3. Si on a le titre et les boutons, on ajoute le param\u00e8tre\r\n    if (buttons.length > 0 && productTitle !== \"\") {\r\n        var encodedTitle = encodeURIComponent(productTitle);\r\n\r\n        buttons.forEach(function(btn) {\r\n            var currentHref = btn.getAttribute('href');\r\n            \r\n            \/\/ S\u00e9curit\u00e9 pour ne pas ajouter le param\u00e8tre 2 fois\r\n            if (currentHref.indexOf('sujet=') === -1) {\r\n                var separator = currentHref.indexOf('?') !== -1 ? '&' : '?';\r\n                var newLink = currentHref + separator + 'sujet=' + encodedTitle;\r\n                \r\n                btn.setAttribute('href', newLink);\r\n            }\r\n        });\r\n    }\r\n});\r\n<\/script><\/div>\n<\/div>\n<\/div>\n<\/div>\n\n<h2 class=\"wp-block-heading\" id=\"quels-polluants-puis-je-traiter-avec-le-purificateur-d-air-epur-b01-ecoprime\">Katera onesna\u017eevala lahko odstranim s \u010distilnikom zraka ePUR B01 Ecoprime?<\/h2>\n\n<p>\u010cistilec zraka ePUR B01 Ecoprime je lahko opremljen z razli\u010dnimi konfiguracijami filtracije. Standardno vsebuje stopnjo molekularne filtracije z aktivnim ogljem za <strong>plinske onesna\u017eevalce<\/strong> (HOS, vonjave, formaldehidi,&#8230;) in stopnjo <strong>filtracije delcev<\/strong> (filter z nasi\u010denostjo razreda F do HEPA za obdelavo finega prahu, plinskih onesna\u017eevalcev, vonjav, HOS ter virusov in bakterij v zraku).<\/p>\n\n<div class=\"wp-block-buttons is-horizontal is-content-justification-center is-layout-flex wp-container-core-buttons-is-layout-03627597 wp-block-buttons-is-layout-flex\">\n<div class=\"wp-block-button has-custom-width wp-block-button__width-100\"><a class=\"wp-block-button__link wp-element-button\" href=\"https:\/\/obera.fr\/sl\/pisite-nam\/\">Ve\u010d o tem<\/a><\/div>\n<\/div>\n\n<div style=\"height:20px\" aria-hidden=\"true\" class=\"wp-block-spacer\"><\/div>\n\n<div class=\"wp-block-columns is-layout-flex wp-container-core-columns-is-layout-28f84493 wp-block-columns-is-layout-flex\">\n<div class=\"wp-block-column is-layout-flow wp-block-column-is-layout-flow\">\n<h3 class=\"wp-block-heading has-text-align-center\" id=\"polluants\">Onesna\u017eevala<\/h3>\n\n\n\n<hr class=\"wp-block-separator has-css-opacity is-style-wide\"\/>\n\n\n\n<div class=\"wp-block-columns is-layout-flex wp-container-core-columns-is-layout-28f84493 wp-block-columns-is-layout-flex\">\n<div class=\"wp-block-column is-layout-flow wp-block-column-is-layout-flow\">\n<figure class=\"wp-block-image aligncenter size-large\"><img decoding=\"async\" width=\"70\" height=\"70\" src=\"https:\/\/obera.fr\/wp-content\/uploads\/2020\/08\/polluants-poussieres.jpg\" alt=\"Onesna&#x17E;evalci Prah\" class=\"wp-image-675\"\/><figcaption class=\"wp-element-caption\">Prah<\/figcaption><\/figure>\n<\/div>\n\n\n\n<div class=\"wp-block-column is-layout-flow wp-block-column-is-layout-flow\">\n<figure class=\"wp-block-image aligncenter size-large\"><img decoding=\"async\" width=\"70\" height=\"70\" src=\"https:\/\/obera.fr\/wp-content\/uploads\/2020\/10\/industrie-aerosols.jpg\" alt=\"Industrijski aerosoli\" class=\"wp-image-1201\"\/><figcaption class=\"wp-element-caption\">Aerosoli<\/figcaption><\/figure>\n<\/div>\n<\/div>\n\n\n\n<p><\/p>\n<\/div>\n\n\n\n<div class=\"wp-block-column is-layout-flow wp-block-column-is-layout-flow\">\n<h3 class=\"wp-block-heading has-text-align-center\" id=\"industries\">Industrije<\/h3>\n\n\n\n<hr class=\"wp-block-separator has-css-opacity is-style-wide\"\/>\n\n\n\n<p>Primeren je za vse vrste podjetij, saj bo nepogre\u0161ljiv v :<\/p>\n\n\n\n<ul class=\"wp-block-list\">\n<li>Pisarne in sejne sobe<\/li>\n\n\n\n<li>Odprti prostori<\/li>\n\n\n\n<li>Obrtniki<\/li>\n\n\n\n<li>Frizerji<\/li>\n\n\n\n<li>Umetnost nohtov<\/li>\n\n\n\n<li>Trgovina z elektronskimi cigaretami in teko\u010dinami za e-cigarete<\/li>\n\n\n\n<li>Zdravstvene prakse<\/li>\n\n\n\n<li>Zobozdravniki<\/li>\n\n\n\n<li>Zobozdravstveni tehniki<\/li>\n\n\n\n<li>EPHAD<\/li>\n\n\n\n<li>Optiki<\/li>\n\n\n\n<li>Hoteli<\/li>\n\n\n\n<li>Restavracije<\/li>\n\n\n\n<li>Trgovine z obla\u010dili<\/li>\n\n\n\n<li>Pritiskanje<\/li>\n\n\n\n<li>\u0160portni in fitnes centri<\/li>\n\n\n\n<li>Primeurs<\/li>\n\n\n\n<li>Vrtci in \u0161ole<\/li>\n<\/ul>\n<\/div>\n<\/div>\n\n<h2 class=\"wp-block-heading\" id=\"quelles-sont-les-caracteristiques-du-purificateur-d-air-epur-b01-ecoprime\">Katere so zna\u010dilnosti \u010distilnika zraka ePUR B01 Ecoprime?<\/h2>\n\n<figure class=\"wp-block-image alignright size-medium\"><img decoding=\"async\" width=\"300\" height=\"206\" src=\"https:\/\/obera.fr\/wp-content\/uploads\/2020\/10\/epur-ecoprime-300x206.jpg\" alt=\"Epur Ecoprime\" class=\"wp-image-1240\" srcset=\"https:\/\/obera.fr\/wp-content\/uploads\/2020\/10\/epur-ecoprime-300x206.jpg 300w, https:\/\/obera.fr\/wp-content\/uploads\/2020\/10\/epur-ecoprime-768x528.jpg 768w, https:\/\/obera.fr\/wp-content\/uploads\/2020\/10\/epur-ecoprime.jpg 900w\" sizes=\"(max-width: 300px) 100vw, 300px\" \/><figcaption class=\"wp-element-caption\">EcoPrime<\/figcaption><\/figure>\n\n<p>Ta naprava je opremljena z <strong>visoko u\u010dinkovitim filtrom za delce, impregniranim z ogljem<\/strong>, kar ji omogo\u010da zajemanje ve\u010d kot 99,9 % prahu in plinskih onesna\u017eevalcev. Njegova mo\u010d je popolnoma nastavljiva in omogo\u010da prilagoditev pretoka glede na potrebe. Kompakten, z dimenzijami 25x25x33 cm, se bo zelo dobro prilagodil tudi majhnemu delovnemu okolju. <\/p>\n\n<p>U\u010dinkovito lahko obdeluje onesna\u017eevalce na povr\u0161ini do 60 m\u00b2. Var\u010den, njegova energetska poraba razreda A+ zna\u0161a le 14 W. \u010cistilec zraka ePUR B01 Ecoprime je <strong>tih<\/strong>, njegova nizka raven hrupa 48 dB pri polni mo\u010di vam bo omogo\u010dila, da ga postavite \u010dim bli\u017eje sebi, ne da bi vas motil.<\/p>\n\n<h2 class=\"wp-block-heading\" id=\"quels-sont-ses-avantages\"><strong>Kak\u0161ne so njegove prednosti?<\/strong><\/h2>\n\n<p>Prvi\u010d, \u010distilec zraka \u0161\u010diti zaposlene pred finimi delci in drugimi plinskimi onesna\u017eevalci, kar prepre\u010duje vse vrste plju\u010dnih ali sr\u010dnih bolezni. <strong>HEPA filtracija<\/strong> prav tako omogo\u010da odstranjevanje virusov, bakterij in spor, da se omejijo epidemije, ki jih povzro\u010dajo patogeni, ki se prena\u0161ajo po zraku, in alergeni.<\/p>\n\n<p>Obstaja tudi prednost glede stro\u0161kov \u010di\u0161\u010denja. Dejansko naprava obdeluje prah in druge onesna\u017eevalce, ki bi se v njegovi odsotnosti nabirali v va\u0161em delovnem prostoru. Poleg tega skoraj ne potrebuje vzdr\u017eevanja. Glede na uporabo in stopnjo onesna\u017eevalcev v prostoru je treba filtre zamenjati le enkrat letno. Ta kompakten \u010distilec zraka, z modernim in pre\u010di\u0161\u010denim dizajnom, se bo enostavno prilagodil va\u0161emu prostoru.<\/p>\n\n<p>V nekaterih primerih se na\u0161 profesionalni \u010distilec zraka uporablja za izpolnjevanje omejitev poklicne izpostavljenosti (OEL).<\/p>\n\n<div class=\"wp-block-columns is-layout-flex wp-container-core-columns-is-layout-28f84493 wp-block-columns-is-layout-flex\">\n<div class=\"wp-block-column is-layout-flow wp-block-column-is-layout-flow\">\n<h3 class=\"wp-block-heading has-text-align-center\" id=\"avantages\">Prednosti<\/h3>\n\n\n\n<ul class=\"wp-block-list\">\n<li>Sinteti\u010dni filter HEPA, impregniran z visoko u\u010dinkovitim aktivnim ogljem.<\/li>\n\n\n\n<li>Var\u010dno: maks. 14 W<\/li>\n\n\n\n<li>Najve\u010dja u\u010dinkovitost do 60m\u00b2.<\/li>\n<\/ul>\n<\/div>\n\n\n\n<div class=\"wp-block-column is-layout-flow wp-block-column-is-layout-flow\">\n<h3 class=\"wp-block-heading has-text-align-center\" id=\"particularites\">Posebne zna\u010dilnosti<\/h3>\n\n\n\n<ul class=\"wp-block-list\">\n<li>Mo\u010d je nastavljiva od 0 do 100 %.<\/li>\n\n\n\n<li>Sodobna, pregledna zasnova<\/li>\n\n\n\n<li>Kompaktni 25 cm x 25 cm x 33 cm<\/li>\n\n\n\n<li>Tiho: maks. 48 dB pri polni mo\u010di<\/li>\n<\/ul>\n<\/div>\n\n\n\n<div class=\"wp-block-column is-layout-flow wp-block-column-is-layout-flow\">\n<h3 class=\"wp-block-heading has-text-align-center\" id=\"caracteristiques\">Zna\u010dilnosti<\/h3>\n\n\n\n<ul class=\"wp-block-list\">\n<li>Ve\u010d kot 99,9-odstotno filtriranje drobnih delcev in hlapnih organskih spojin (VOC)<\/li>\n\n\n\n<li>filtrira viruse, bakterije in spore: pomaga omejiti epidemije, ki jih povzro\u010dajo patogeni, ki se prena\u0161ajo po zraku<\/li>\n<\/ul>\n<\/div>\n<\/div>\n\n<div class=\"wp-block-buttons is-horizontal is-content-justification-center is-layout-flex wp-container-core-buttons-is-layout-03627597 wp-block-buttons-is-layout-flex\">\n<div class=\"wp-block-button has-custom-width wp-block-button__width-100\"><a class=\"wp-block-button__link wp-element-button\" href=\"https:\/\/obera.fr\/sl\/pisite-nam\/\">Ve\u010d o tem<\/a><\/div>\n<\/div>\n\n<h2 class=\"wp-block-heading\" id=\"exemples-de-domaine-d-application-pour-le-epur-b01-ecoprime\">Primeri uporabe za ePUR B01 Ecoprime :<\/h2>\n\n<h3 class=\"wp-block-heading\" id=\"secteur-medical-hopitaux-ehpad-veterinaires-pedicures-podologues-dentistes-et-prothesistes-dentaires-cabinets-medicaux-espaces-funeraires\">Zdravstveni sektor (bolni\u0161nice, domovi za ostarele, veterinarji, pedikerji, zobozdravniki in zobni tehniki, zdravni\u0161ke ordinacije, pogrebni zavodi)<\/h3>\n\n<p>Potrebe so razli\u010dne:<\/p>\n\n<ul class=\"wp-block-list\">\n<li>Izbolj\u0161anje kakovosti zraka za <strong>zmanj\u0161anje onesna\u017eenosti zraka<\/strong>(virusi, bakterije).<\/li>\n\n\n\n<li>Razku\u017eevanje in <strong>prepre\u010devanje \u0161irjenja virusov<\/strong>, bakterij itd.<\/li>\n\n\n\n<li>Odpravljanje nadle\u017enih vonjav in <strong>nevtralizacija razli\u010dnih oblik onesna\u017eevanja z vonjavami<\/strong><\/li>\n\n\n\n<li><strong>Zmanj\u0161anje ravni prahu<\/strong> pri dejavnostih, ki povzro\u010dajo prah<\/li>\n<\/ul>\n\n<h2 class=\"wp-block-heading\" id=\"les-autres-purificateur-d-air-de-la-marque-obera\">Drugi \u010distilci zraka znamke oberA<\/h2>\n\n<div class=\"wp-block-columns is-layout-flex wp-container-core-columns-is-layout-28f84493 wp-block-columns-is-layout-flex\">\n<div class=\"wp-block-column is-layout-flow wp-block-column-is-layout-flow\">\n<figure class=\"wp-block-image aligncenter size-full is-resized\"><a href=\"https:\/\/obera.fr\/produits\/purificateurs-air\/filtower\/\"><img decoding=\"async\" width=\"184\" height=\"300\" src=\"https:\/\/obera.fr\/wp-content\/uploads\/2026\/01\/image-filtower.png\" alt=\"slika filtower\" class=\"wp-image-138903\" style=\"object-fit:contain;width:150px;height:150px\"\/><\/a><figcaption class=\"wp-element-caption\">Filtower<\/figcaption><\/figure>\n<\/div>\n\n\n\n<div class=\"wp-block-column is-layout-flow wp-block-column-is-layout-flow\">\n<figure class=\"wp-block-image aligncenter size-medium is-resized\"><a href=\"https:\/\/obera.fr\/produits\/purificateurs-air\/professionnel-epur-ca\/\"><img decoding=\"async\" width=\"300\" height=\"300\" src=\"https:\/\/obera.fr\/wp-content\/uploads\/2026\/01\/image-epur-ca-300x300.png\" alt=\"slika epur ca\" class=\"wp-image-138874\" style=\"width:150px;height:150px\" srcset=\"https:\/\/obera.fr\/wp-content\/uploads\/2026\/01\/image-epur-ca-300x300.png 300w, https:\/\/obera.fr\/wp-content\/uploads\/2026\/01\/image-epur-ca-1024x1024.png 1024w, https:\/\/obera.fr\/wp-content\/uploads\/2026\/01\/image-epur-ca-150x150.png 150w, https:\/\/obera.fr\/wp-content\/uploads\/2026\/01\/image-epur-ca-768x768.png 768w, https:\/\/obera.fr\/wp-content\/uploads\/2026\/01\/image-epur-ca.png 1200w\" sizes=\"(max-width: 300px) 100vw, 300px\" \/><\/a><figcaption class=\"wp-element-caption\">ePUR CA<\/figcaption><\/figure>\n<\/div>\n\n\n\n<div class=\"wp-block-column is-layout-flow wp-block-column-is-layout-flow\">\n<figure class=\"wp-block-image aligncenter size-full is-resized\"><a href=\"https:\/\/obera.fr\/produits\/purificateurs-air\/industriel-epur\/\"><img decoding=\"async\" width=\"1200\" height=\"1200\" src=\"https:\/\/obera.fr\/wp-content\/uploads\/2026\/01\/image-gamme-epur.png\" alt=\"slika linije epur\" class=\"wp-image-138868\" style=\"width:180px;height:auto\" srcset=\"https:\/\/obera.fr\/wp-content\/uploads\/2026\/01\/image-gamme-epur.png 1200w, https:\/\/obera.fr\/wp-content\/uploads\/2026\/01\/image-gamme-epur-300x300.png 300w, https:\/\/obera.fr\/wp-content\/uploads\/2026\/01\/image-gamme-epur-1024x1024.png 1024w, https:\/\/obera.fr\/wp-content\/uploads\/2026\/01\/image-gamme-epur-150x150.png 150w, https:\/\/obera.fr\/wp-content\/uploads\/2026\/01\/image-gamme-epur-768x768.png 768w\" sizes=\"(max-width: 1200px) 100vw, 1200px\" \/><\/a><figcaption class=\"wp-element-caption\">ePUR<\/figcaption><\/figure>\n<\/div>\n\n\n\n<div class=\"wp-block-column is-layout-flow wp-block-column-is-layout-flow\">\n<figure class=\"wp-block-image aligncenter size-full\"><a href=\"https:\/\/obera.fr\/produits\/purificateurs-air\/purificateur-rafraichisseur-epur150-fresh\/\"><img decoding=\"async\" width=\"150\" height=\"150\" src=\"https:\/\/obera.fr\/wp-content\/uploads\/2023\/04\/epur150-fresh-4.png\" alt=\"epur150 sve&#x17E;e (4)\" class=\"wp-image-22427\"\/><\/a><figcaption class=\"wp-element-caption\">ePUR150 FRESH<\/figcaption><\/figure>\n<\/div>\n<\/div>\n","protected":false},"excerpt":{"rendered":"<p>ePUR B01 Ecoprime je profesionalni \u010distilec zraka za majhne prostore. Kako deluje na\u0161 \u010distilec zraka? Delovanje je preprosto: onesna\u017een zrak se vpihuje na vrhu enote, nato gre skozi ve\u010d slojev filtriranja v notranjosti enote, preden se na dnu izpusti neposredno v va\u0161 delovni prostor. Kak\u0161ne so njegove uporabe? Ta naprava za obdelavo zraka je primerna prakti\u010dno za vse vrste podjetij. U\u010dinkovit bo v majhnih in srednje velikih prostorih, kot so pisarne, sejne sobe, frizerski saloni, saloni za nohte, hoteli, kemi\u010dne \u010distilnice, telovadnice, zdravni\u0161ke ordinacije, zobozdravniki, domovi za starej\u0161e, obrtniki ali celo \u0161ole itd. Katera onesna\u017eevala lahko odstranim s \u010distilnikom zraka &#8230; <\/p>\n<p class=\"read-more-container\"><a title=\"ePUR B01 Ecoprime \u010distilec zraka za prah\" class=\"read-more button\" href=\"https:\/\/obera.fr\/sl\/produits\/purificateurs-air\/epur-b01-ecoprime-cistilec-zraka-za-prah\/#more-44145\" aria-label=\"Read more about ePUR B01 Ecoprime \u010distilec zraka za prah\">Lire la suite<\/a><\/p>\n","protected":false},"author":4,"featured_media":83750,"parent":37713,"menu_order":0,"comment_status":"closed","ping_status":"closed","template":"","meta":{"_acf_changed":false,"_seopress_robots_primary_cat":"","_seopress_titles_title":"Purificateur d\u2019air poussi\u00e8re l\u2019ePUR B01 Ecoprime - oberA","_seopress_titles_desc":"Le purificateur d\u2019air ePUR B01 Ecoprime est \u00e9quip\u00e9 de diff\u00e9rentes configurations de filtration. Cet appareil de traitement d\u2019air convient \u00e0 toutes les entreprises","_seopress_robots_index":"","footnotes":""},"class_list":{"0":"post-44145","1":"page","2":"type-page","3":"status-publish","4":"has-post-thumbnail","6":"no-featured-image-padding","7":"resize-featured-image"},"acf":[],"_links":{"self":[{"href":"https:\/\/obera.fr\/sl\/wp-json\/wp\/v2\/pages\/44145","targetHints":{"allow":["GET"]}}],"collection":[{"href":"https:\/\/obera.fr\/sl\/wp-json\/wp\/v2\/pages"}],"about":[{"href":"https:\/\/obera.fr\/sl\/wp-json\/wp\/v2\/types\/page"}],"author":[{"embeddable":true,"href":"https:\/\/obera.fr\/sl\/wp-json\/wp\/v2\/users\/4"}],"replies":[{"embeddable":true,"href":"https:\/\/obera.fr\/sl\/wp-json\/wp\/v2\/comments?post=44145"}],"version-history":[{"count":4,"href":"https:\/\/obera.fr\/sl\/wp-json\/wp\/v2\/pages\/44145\/revisions"}],"predecessor-version":[{"id":141965,"href":"https:\/\/obera.fr\/sl\/wp-json\/wp\/v2\/pages\/44145\/revisions\/141965"}],"up":[{"embeddable":true,"href":"https:\/\/obera.fr\/sl\/wp-json\/wp\/v2\/pages\/37713"}],"wp:featuredmedia":[{"embeddable":true,"href":"https:\/\/obera.fr\/sl\/wp-json\/wp\/v2\/media\/83750"}],"wp:attachment":[{"href":"https:\/\/obera.fr\/sl\/wp-json\/wp\/v2\/media?parent=44145"}],"curies":[{"name":"wp","href":"https:\/\/api.w.org\/{rel}","templated":true}]}}