{"id":44449,"date":"2021-03-09T13:26:35","date_gmt":"2021-03-09T11:26:35","guid":{"rendered":"https:\/\/obera.fr\/360-sesalna-miza\/"},"modified":"2025-06-30T10:09:06","modified_gmt":"2025-06-30T08:09:06","slug":"table-rotative-360","status":"publish","type":"page","link":"https:\/\/obera.fr\/sl\/produits\/sesalne-mize\/table-rotative-360\/","title":{"rendered":"360\u00b0 sesalna miza"},"content":{"rendered":"\n\n<h2 class=\"wp-block-heading\" id=\"table-d-extraction-rotative\">Rotacijska ekstrakcijska miza<\/h2>\n\n<div class=\"wp-block-columns is-layout-flex wp-container-core-columns-is-layout-28f84493 wp-block-columns-is-layout-flex\">\n<div class=\"wp-block-column is-layout-flow wp-block-column-is-layout-flow\" style=\"flex-basis:33.33%\">\n<figure class=\"wp-block-image aligncenter size-large\"><img decoding=\"async\" width=\"1024\" height=\"1024\" src=\"https:\/\/obera.fr\/wp-content\/uploads\/2025\/01\/image-table-aspirante-rotative-1024x1024.jpg\" alt=\"slika rotacijska sesalna miza\" class=\"wp-image-57698\" srcset=\"https:\/\/obera.fr\/wp-content\/uploads\/2025\/01\/image-table-aspirante-rotative-1024x1024.jpg 1024w, https:\/\/obera.fr\/wp-content\/uploads\/2025\/01\/image-table-aspirante-rotative-300x300.jpg 300w, https:\/\/obera.fr\/wp-content\/uploads\/2025\/01\/image-table-aspirante-rotative-150x150.jpg 150w, https:\/\/obera.fr\/wp-content\/uploads\/2025\/01\/image-table-aspirante-rotative-768x768.jpg 768w, https:\/\/obera.fr\/wp-content\/uploads\/2025\/01\/image-table-aspirante-rotative-400x400.jpg 400w, https:\/\/obera.fr\/wp-content\/uploads\/2025\/01\/image-table-aspirante-rotative-600x600.jpg 600w, https:\/\/obera.fr\/wp-content\/uploads\/2025\/01\/image-table-aspirante-rotative.jpg 1200w\" sizes=\"(max-width: 1024px) 100vw, 1024px\" \/><figcaption class=\"wp-element-caption\">\nSlika rotacijske sesalne mize<\/figcaption><\/figure>\n<\/div>\n\n\n\n<div class=\"wp-block-column is-layout-flow wp-block-column-is-layout-flow\" style=\"flex-basis:66.66%\">\n<p>360\u00b0 ekstrakcijska miza je \u0161e posebej primerna za postopke mehanskega in termi\u010dnega lo\u010devanja. Funkcija vrtenja mize okoli lastne osi uporabnikom omogo\u010da popoln dostop do obdelovanca, kar zmanj\u0161uje zamudno vpenjanje.  <\/p>\n\n\n\n<p>Zaradi optimiziranega pretoka zraka in prilagodljive kapuce nad delovnim obmo\u010djem 360\u00b0 sesalna miza u\u010dinkovito \u0161\u010diti zaposlene pred prahom in dimom.  <\/p>\n\n\n\n<p>Ergonomska konstrukcija te mize omogo\u010da, da se njena vi\u0161ina po potrebi prilagodi, kar zagotavlja varne in prijetne delovne pogoje.<\/p>\n\n\n\n<div style=\"height:30px\" aria-hidden=\"true\" class=\"wp-block-spacer\"><\/div>\n\n\n\n<div class=\"wp-block-columns is-layout-flex wp-container-core-columns-is-layout-28f84493 wp-block-columns-is-layout-flex\">\n<div class=\"wp-block-column is-layout-flow wp-block-column-is-layout-flow\" style=\"flex-basis:33.33%\">\n<div class=\"wp-block-buttons is-layout-flex wp-block-buttons-is-layout-flex\">\n<div class=\"wp-block-button\"><a class=\"wp-block-button__link wp-element-button\" href=\"https:\/\/obera.fr\/wp-content\/uploads\/2025\/04\/brochure-table-aspirante-rotative-.pdf\">PRENESI BRO\u0160URO<\/a><\/div>\n<\/div>\n<\/div>\n\n\n\n<div class=\"wp-block-column is-layout-flow wp-block-column-is-layout-flow\" style=\"flex-basis:33.34%\">\n<div class=\"wp-block-buttons is-horizontal is-content-justification-center is-layout-flex wp-container-core-buttons-is-layout-03627597 wp-block-buttons-is-layout-flex\">\n<div class=\"wp-block-button has-custom-width wp-block-button__width-100\"><a class=\"wp-block-button__link wp-element-button\" href=\"https:\/\/obera.fr\/sl\/pisite-nam\/\">Ve\u010d o tem<\/a><\/div>\n<\/div>\n<\/div>\n\n\n\n<div class=\"wp-block-column is-layout-flow wp-block-column-is-layout-flow\" style=\"flex-basis:33.34%\">\n<div class=\"wp-block-buttons is-content-justification-center is-layout-flex wp-container-core-buttons-is-layout-a89b3969 wp-block-buttons-is-layout-flex\">\n<div class=\"wp-block-button btn-devis-source\"><a class=\"wp-block-button__link wp-element-button\" href=\"https:\/\/obera.fr\/sl\/devis\/\">Zahtevajte ponudbo<\/a><\/div>\n<\/div>\n\n\n<script>\r\ndocument.addEventListener('DOMContentLoaded', function() {\r\n    \/\/ 1. On cherche le titre H1 de la page\r\n    var h1 = document.querySelector('h1');\r\n    var productTitle = h1 ? h1.innerText.trim() : \"\";\r\n\r\n    \/\/ 2. On cherche les boutons via la classe CSS .btn-devis-source\r\n    var buttons = document.querySelectorAll('.btn-devis-source a');\r\n\r\n    \/\/ 3. Si on a le titre et les boutons, on ajoute le param\u00e8tre\r\n    if (buttons.length > 0 && productTitle !== \"\") {\r\n        var encodedTitle = encodeURIComponent(productTitle);\r\n\r\n        buttons.forEach(function(btn) {\r\n            var currentHref = btn.getAttribute('href');\r\n            \r\n            \/\/ S\u00e9curit\u00e9 pour ne pas ajouter le param\u00e8tre 2 fois\r\n            if (currentHref.indexOf('sujet=') === -1) {\r\n                var separator = currentHref.indexOf('?') !== -1 ? '&' : '?';\r\n                var newLink = currentHref + separator + 'sujet=' + encodedTitle;\r\n                \r\n                btn.setAttribute('href', newLink);\r\n            }\r\n        });\r\n    }\r\n});\r\n<\/script><\/div>\n<\/div>\n<\/div>\n<\/div>\n\n<p><\/p>\n\n<div class=\"wp-block-columns is-layout-flex wp-container-core-columns-is-layout-28f84493 wp-block-columns-is-layout-flex\">\n<div class=\"wp-block-column is-layout-flow wp-block-column-is-layout-flow\">\n<h3 class=\"wp-block-heading has-text-align-center\" id=\"avantages\">PREDNOSTI<\/h3>\n\n\n\n<ul class=\"wp-block-list\">\n<li>Ve\u010dja u\u010dinkovitost pri obdelavi delov<\/li>\n\n\n\n<li>Var\u010devanje s \u010dasom  <\/li>\n\n\n\n<li>Visoka ergonomija<\/li>\n\n\n\n<li>Zmanj\u0161anje onesna\u017eevanja na delovnem mestu<\/li>\n\n\n\n<li>Optimizirana varnost pri delu<\/li>\n<\/ul>\n<\/div>\n\n\n\n<div class=\"wp-block-column is-layout-flow wp-block-column-is-layout-flow\">\n<h3 class=\"wp-block-heading has-text-align-center\" id=\"particularites\">Posebne zna\u010dilnosti<\/h3>\n\n\n\n<ul class=\"wp-block-list\">\n<li>Zlo\u017eljiva stranska plo\u0161\u010da (brez pokrova)<\/li>\n\n\n\n<li>Prostor je dostopen z vseh strani (do 360 stopinj)<\/li>\n\n\n\n<li>Najve\u010dja \u0161irina prostora: 900 mm (z zaprtimi stenami)<\/li>\n\n\n\n<li>Potrebuje pribli\u017eno 2500 m3\/h zraka<\/li>\n\n\n\n<li>Sesalna \u0161oba v sprednjem delu<\/li>\n\n\n\n<li>Nastavljiv omejevalnik<\/li>\n<\/ul>\n<\/div>\n\n\n\n<div class=\"wp-block-column is-layout-flow wp-block-column-is-layout-flow\">\n<h3 class=\"wp-block-heading has-text-align-center\" id=\"caracteristiques\">funkcije<\/h3>\n\n\n\n<ul class=\"wp-block-list\">\n<li>Brezstopenjska elektri\u010dna nastavitev vi\u0161ine (980 do 1800 mm)<\/li>\n\n\n\n<li>Kovinska mre\u017ea ali dr\u017ealo<\/li>\n\n\n\n<li>Magnetna za\u0161\u010dita \u010deljusti<\/li>\n\n\n\n<li>Razsvetljava<\/li>\n\n\n\n<li>Posamezna platforma<\/li>\n\n\n\n<li>Skladen z ATEX  <\/li>\n<\/ul>\n\n\n\n<p><\/p>\n<\/div>\n<\/div>\n\n<div class=\"wp-block-buttons is-content-justification-center is-layout-flex wp-container-core-buttons-is-layout-a89b3969 wp-block-buttons-is-layout-flex\">\n<div class=\"wp-block-button\"><a class=\"wp-block-button__link wp-element-button\" href=\"https:\/\/obera.fr\/wp-content\/uploads\/2024\/02\/brochure-table-aspirante-rotative-.pdf\">Prenesite dokumentacijo<\/a><\/div>\n<\/div>\n\n<h3 class=\"wp-block-heading\" id=\"quels-polluants-traiter-sur-notre-table-aspirante\">Katera onesna\u017eevala je treba obdelati na na\u0161i sesalni mizi?<\/h3>\n\n<p>Na\u0161a 360-stopinjska <a href=\"https:\/\/obera.fr\/sl\/produits\/tables-aspirantes\/\">sesalna miza<\/a> se lahko ukvarja s \u0161irokim spektrom onesna\u017eeval, \u0161e najbolje s te\u017ekimi onesna\u017eevali, ki se obi\u010dajno usedajo.  <\/p>\n\n<p>Primeri so kovinski prah, varilni hlapi, plasti\u010dni drobci, mineralni prah, betonski prah, hlapi in sestavljeni materiali.<\/p>\n\n<h2 class=\"wp-block-heading\" id=\"a-quelles-utilisations-convient-elle\">Kak\u0161ne so njegove uporabe?<\/h2>\n\n<p>Ta onesna\u017eevala ve\u010dinoma nastajajo med postopki, kot so varjenje, spajkanje, \u017eaganje, rezanje, bru\u0161enje, poliranje, strojna obdelava, rezkanje in lo\u010devanje materiala. Ti procesi potekajo v panogah, kot so metalurgija, plastika, obdelava lesa, tekstil, minerali, kemikalije\/petrokemikalije ter papir\/karton.<\/p>\n\n<div class=\"wp-block-columns is-layout-flex wp-container-core-columns-is-layout-28f84493 wp-block-columns-is-layout-flex\">\n<div class=\"wp-block-column is-layout-flow wp-block-column-is-layout-flow\">\n<h3 class=\"wp-block-heading has-text-align-center\" id=\"polluants\">POLUTANTI<\/h3>\n\n\n\n<div class=\"wp-block-columns is-layout-flex wp-container-core-columns-is-layout-28f84493 wp-block-columns-is-layout-flex\">\n<div class=\"wp-block-column is-layout-flow wp-block-column-is-layout-flow\">\n<figure class=\"wp-block-image aligncenter size-large\"><img decoding=\"async\" width=\"70\" height=\"70\" src=\"https:\/\/obera.fr\/wp-content\/uploads\/2021\/03\/polluants-poussieres-1.jpg\" alt=\"pra&#x161;na onesna&#x17E;evala 1\" class=\"wp-image-4969\"\/><figcaption class=\"wp-element-caption\">Prah<\/figcaption><\/figure>\n\n\n\n<figure class=\"wp-block-image aligncenter size-large\"><img decoding=\"async\" width=\"70\" height=\"70\" src=\"https:\/\/obera.fr\/wp-content\/uploads\/2021\/03\/industrie-fumees.jpg\" alt=\"industrijski hlapi\" class=\"wp-image-4971\"\/><figcaption class=\"wp-element-caption\">Izpuhi<\/figcaption><\/figure>\n\n\n\n<figure class=\"wp-block-image aligncenter size-large\"><img decoding=\"async\" width=\"70\" height=\"70\" src=\"https:\/\/obera.fr\/wp-content\/uploads\/2021\/03\/industrie-brouillard-huile.jpg\" alt=\"industrija oljne megle\" class=\"wp-image-4973\"\/><figcaption class=\"wp-element-caption\">Oljna meglica<\/figcaption><\/figure>\n<\/div>\n\n\n\n<div class=\"wp-block-column is-layout-flow wp-block-column-is-layout-flow\">\n<figure class=\"wp-block-image aligncenter size-large\"><img decoding=\"async\" width=\"70\" height=\"70\" src=\"https:\/\/obera.fr\/wp-content\/uploads\/2021\/03\/polluants-copeaux-bois.jpg\" alt=\"onesna&#x17E;evala iz lesnih sekancev\" class=\"wp-image-4970\"\/><figcaption class=\"wp-element-caption\">\u010cipsi<\/figcaption><\/figure>\n\n\n\n<figure class=\"wp-block-image aligncenter size-large\"><img decoding=\"async\" width=\"70\" height=\"70\" src=\"https:\/\/obera.fr\/wp-content\/uploads\/2021\/03\/industrie-odeur-2.jpg\" alt=\"industrija vonjav 2\" class=\"wp-image-4972\"\/><figcaption class=\"wp-element-caption\">Vonji<\/figcaption><\/figure>\n\n\n\n<figure class=\"wp-block-image aligncenter size-large\"><img decoding=\"async\" width=\"70\" height=\"70\" src=\"https:\/\/obera.fr\/wp-content\/uploads\/2021\/03\/cov.jpg\" alt=\"cov\" class=\"wp-image-4974\"\/><figcaption class=\"wp-element-caption\">VOCS<\/figcaption><\/figure>\n<\/div>\n<\/div>\n<\/div>\n\n\n\n<div class=\"wp-block-column is-layout-flow wp-block-column-is-layout-flow\">\n<h3 class=\"wp-block-heading has-text-align-center\" id=\"industries\">industrije<\/h3>\n\n\n\n<div class=\"wp-block-columns is-layout-flex wp-container-core-columns-is-layout-28f84493 wp-block-columns-is-layout-flex\">\n<div class=\"wp-block-column is-layout-flow wp-block-column-is-layout-flow\">\n<figure class=\"wp-block-image aligncenter size-large\"><img decoding=\"async\" width=\"70\" height=\"70\" src=\"https:\/\/obera.fr\/wp-content\/uploads\/2021\/03\/industrie-metallurgie-1.jpg\" alt=\"metalur&#x161;ka industrija 1\" class=\"wp-image-4975\"\/><figcaption class=\"wp-element-caption\">Metalurgija<\/figcaption><\/figure>\n\n\n\n<figure class=\"wp-block-image aligncenter size-large\"><img decoding=\"async\" width=\"70\" height=\"70\" src=\"https:\/\/obera.fr\/wp-content\/uploads\/2021\/03\/industrie-plastique.jpg\" alt=\"plasti&#x10D;na industrija\" class=\"wp-image-4976\"\/><figcaption class=\"wp-element-caption\">Plastika<\/figcaption><\/figure>\n\n\n\n<figure class=\"wp-block-image aligncenter size-large\"><img decoding=\"async\" width=\"70\" height=\"70\" src=\"https:\/\/obera.fr\/wp-content\/uploads\/2021\/03\/industrie-minerai.jpg\" alt=\"mineralna industrija\" class=\"wp-image-4977\"\/><figcaption class=\"wp-element-caption\">Minerali<\/figcaption><\/figure>\n\n\n\n<figure class=\"wp-block-image aligncenter size-large\"><img decoding=\"async\" width=\"70\" height=\"70\" src=\"https:\/\/obera.fr\/wp-content\/uploads\/2021\/03\/industrie-dechets.jpg\" alt=\"industrija odpadkov\" class=\"wp-image-4978\"\/><figcaption class=\"wp-element-caption\">Zbiranje in sortiranje odpadkov<\/figcaption><\/figure>\n<\/div>\n\n\n\n<div class=\"wp-block-column is-layout-flow wp-block-column-is-layout-flow\">\n<figure class=\"wp-block-image aligncenter size-large\"><img decoding=\"async\" width=\"70\" height=\"70\" src=\"https:\/\/obera.fr\/wp-content\/uploads\/2021\/03\/industrie-bois.jpg\" alt=\"lesna industrija\" class=\"wp-image-4979\"\/><figcaption class=\"wp-element-caption\">Obdelava lesa<\/figcaption><\/figure>\n\n\n\n<figure class=\"wp-block-image aligncenter size-large\"><img decoding=\"async\" width=\"70\" height=\"70\" src=\"https:\/\/obera.fr\/wp-content\/uploads\/2021\/03\/industrie-textile.jpg\" alt=\"tekstilna industrija\" class=\"wp-image-4980\"\/><figcaption class=\"wp-element-caption\">Tekstil<\/figcaption><\/figure>\n\n\n\n<figure class=\"wp-block-image aligncenter size-large\"><img decoding=\"async\" width=\"70\" height=\"70\" src=\"https:\/\/obera.fr\/wp-content\/uploads\/2021\/03\/industrie-chimie-1.jpg\" alt=\"kemi&#x10D;na industrija 1\" class=\"wp-image-4981\"\/><figcaption class=\"wp-element-caption\">Kemikalije\/Petrokemikalije<\/figcaption><\/figure>\n\n\n\n<figure class=\"wp-block-image aligncenter size-large\"><img decoding=\"async\" width=\"70\" height=\"70\" src=\"https:\/\/obera.fr\/wp-content\/uploads\/2021\/03\/industrie-papier-carton.jpg\" alt=\"industrija papirja in kartona\" class=\"wp-image-4982\"\/><figcaption class=\"wp-element-caption\">Papir\/karton<\/figcaption><\/figure>\n\n\n\n<p><\/p>\n<\/div>\n<\/div>\n\n\n\n<p><\/p>\n<\/div>\n<\/div>\n\n<h2 class=\"wp-block-heading\" id=\"les-autres-produits-de-captation-et-d-aspiration-obera\">Druge sesalne mize OberA<\/h2>\n\n<div class=\"wp-block-columns is-layout-flex wp-container-core-columns-is-layout-28f84493 wp-block-columns-is-layout-flex\">\n<div class=\"wp-block-column is-layout-flow wp-block-column-is-layout-flow\">\n<figure class=\"wp-block-image aligncenter size-medium is-resized\"><a href=\"https:\/\/obera.fr\/produits\/tables-aspirantes\/table-aspirante-a-at\/\"><img decoding=\"async\" width=\"300\" height=\"300\" src=\"https:\/\/obera.fr\/wp-content\/uploads\/2020\/10\/table-SF-300x300.png\" alt=\"Sesalne mize\" class=\"wp-image-1179\" style=\"width:auto;height:150px\" srcset=\"https:\/\/obera.fr\/wp-content\/uploads\/2020\/10\/table-SF-300x300.png 300w, https:\/\/obera.fr\/wp-content\/uploads\/2020\/10\/table-SF-150x150.png 150w, https:\/\/obera.fr\/wp-content\/uploads\/2020\/10\/table-SF.png 433w\" sizes=\"(max-width: 300px) 100vw, 300px\" \/><\/a><figcaption class=\"wp-element-caption\">Sesalna miza A &amp; AT<\/figcaption><\/figure>\n<\/div>\n\n\n\n<div class=\"wp-block-column is-layout-flow wp-block-column-is-layout-flow\">\n<figure class=\"wp-block-image aligncenter size-full\"><a href=\"https:\/\/obera.fr\/produits\/tables-aspirantes\/table-autonome\/\"><img decoding=\"async\" width=\"150\" height=\"150\" src=\"https:\/\/obera.fr\/wp-content\/uploads\/2022\/06\/Sans-titre-2022-06-07T101130.850.png\" alt=\"Samostojne sesalne mize\" class=\"wp-image-13083\"\/><\/a><figcaption class=\"wp-element-caption\">Samostojna sesalna miza<\/figcaption><\/figure>\n<\/div>\n\n\n\n<div class=\"wp-block-column is-layout-flow wp-block-column-is-layout-flow\">\n<figure class=\"wp-block-image aligncenter size-medium is-resized\"><img decoding=\"async\" width=\"300\" height=\"300\" src=\"https:\/\/obera.fr\/wp-content\/uploads\/2024\/05\/epurbox-tsp-300x300.png\" alt=\"epurbox tsp\" class=\"wp-image-30348\" style=\"width:auto;height:150px\" srcset=\"https:\/\/obera.fr\/wp-content\/uploads\/2024\/05\/epurbox-tsp-300x300.png 300w, https:\/\/obera.fr\/wp-content\/uploads\/2024\/05\/epurbox-tsp-1024x1024.png 1024w, https:\/\/obera.fr\/wp-content\/uploads\/2024\/05\/epurbox-tsp-150x150.png 150w, https:\/\/obera.fr\/wp-content\/uploads\/2024\/05\/epurbox-tsp-768x768.png 768w, https:\/\/obera.fr\/wp-content\/uploads\/2024\/05\/epurbox-tsp.png 1200w\" sizes=\"(max-width: 300px) 100vw, 300px\" \/><figcaption class=\"wp-element-caption\">ePURBOX Atex<\/figcaption><\/figure>\n<\/div>\n<\/div>\n","protected":false},"excerpt":{"rendered":"<p>Rotacijska ekstrakcijska miza 360\u00b0 ekstrakcijska miza je \u0161e posebej primerna za postopke mehanskega in termi\u010dnega lo\u010devanja. Funkcija vrtenja mize okoli lastne osi uporabnikom omogo\u010da popoln dostop do obdelovanca, kar zmanj\u0161uje zamudno vpenjanje. Zaradi optimiziranega pretoka zraka in prilagodljive kapuce nad delovnim obmo\u010djem 360\u00b0 sesalna miza u\u010dinkovito \u0161\u010diti zaposlene pred prahom in dimom. Ergonomska konstrukcija te mize omogo\u010da, da se njena vi\u0161ina po potrebi prilagodi, kar zagotavlja varne in prijetne delovne pogoje. PREDNOSTI Posebne zna\u010dilnosti funkcije Katera onesna\u017eevala je treba obdelati na na\u0161i sesalni mizi? Na\u0161a 360-stopinjska sesalna miza se lahko ukvarja s \u0161irokim spektrom onesna\u017eeval, \u0161e najbolje s te\u017ekimi onesna\u017eevali, &#8230; <\/p>\n<p class=\"read-more-container\"><a title=\"360\u00b0 sesalna miza\" class=\"read-more button\" href=\"https:\/\/obera.fr\/sl\/produits\/sesalne-mize\/table-rotative-360\/#more-44449\" aria-label=\"Read more about 360\u00b0 sesalna miza\">Lire la suite<\/a><\/p>\n","protected":false},"author":4,"featured_media":83750,"parent":154266,"menu_order":0,"comment_status":"closed","ping_status":"closed","template":"","meta":{"_acf_changed":false,"_seopress_robots_primary_cat":"","_seopress_titles_title":"oberA 360\u00b0 sesalna miza ali rotacijska ekstrakcijska miza","_seopress_titles_desc":"360\u00b0 ekstrakcijska miza je \u0161e posebej primerna za postopke mehanskega in termi\u010dnega lo\u010devanja. Zagotavlja u\u010dinkovito za\u0161\u010dito zaposlenih.","_seopress_robots_index":"","footnotes":""},"class_list":{"0":"post-44449","1":"page","2":"type-page","3":"status-publish","4":"has-post-thumbnail","6":"no-featured-image-padding","7":"resize-featured-image"},"acf":[],"_links":{"self":[{"href":"https:\/\/obera.fr\/sl\/wp-json\/wp\/v2\/pages\/44449","targetHints":{"allow":["GET"]}}],"collection":[{"href":"https:\/\/obera.fr\/sl\/wp-json\/wp\/v2\/pages"}],"about":[{"href":"https:\/\/obera.fr\/sl\/wp-json\/wp\/v2\/types\/page"}],"author":[{"embeddable":true,"href":"https:\/\/obera.fr\/sl\/wp-json\/wp\/v2\/users\/4"}],"replies":[{"embeddable":true,"href":"https:\/\/obera.fr\/sl\/wp-json\/wp\/v2\/comments?post=44449"}],"version-history":[{"count":8,"href":"https:\/\/obera.fr\/sl\/wp-json\/wp\/v2\/pages\/44449\/revisions"}],"predecessor-version":[{"id":117763,"href":"https:\/\/obera.fr\/sl\/wp-json\/wp\/v2\/pages\/44449\/revisions\/117763"}],"up":[{"embeddable":true,"href":"https:\/\/obera.fr\/sl\/wp-json\/wp\/v2\/pages\/154266"}],"wp:featuredmedia":[{"embeddable":true,"href":"https:\/\/obera.fr\/sl\/wp-json\/wp\/v2\/media\/83750"}],"wp:attachment":[{"href":"https:\/\/obera.fr\/sl\/wp-json\/wp\/v2\/media?parent=44449"}],"curies":[{"name":"wp","href":"https:\/\/api.w.org\/{rel}","templated":true}]}}