{"id":45093,"date":"2024-04-05T22:55:29","date_gmt":"2024-04-05T20:55:29","guid":{"rendered":"https:\/\/obera.fr\/industrijski-sesalnik-w2-xr\/"},"modified":"2026-02-05T18:17:34","modified_gmt":"2026-02-05T16:17:34","slug":"w2-xr-atex-22","status":"publish","type":"page","link":"https:\/\/obera.fr\/sl\/produits\/aspirateurs-industriels\/w2-xr-atex-22\/","title":{"rendered":"Industrijski sesalnik W2 XR"},"content":{"rendered":"\n<p>Spoznajte industrijski sesalnik W2 XR za sesanje trdnih in teko\u010dih snovi, odpornih proti eksploziji. Kompaktna, mobilna in zmogljiva oprema za zmanj\u0161anje tveganja v\u017eiga in eksplozije v va\u0161ih proizvodnih enotah.<\/p>\n\n<h2 class=\"wp-block-heading\">Industrijski sesalnik W2 XR s certifikatom ATEX obmo\u010dje 22: na\u010delo in uporaba<\/h2>\n\n<div class=\"wp-block-columns is-layout-flex wp-container-core-columns-is-layout-28f84493 wp-block-columns-is-layout-flex\">\n<div class=\"wp-block-column is-layout-flow wp-block-column-is-layout-flow\" style=\"flex-basis:33.33%\">\n<figure class=\"wp-block-image size-full is-resized\"><img decoding=\"async\" width=\"566\" height=\"671\" src=\"https:\/\/obera.fr\/wp-content\/uploads\/2024\/10\/w2-xr-2.png\" alt=\"Industrijski sesalniki\" class=\"wp-image-35431\" style=\"object-fit:cover;width:300px;height:300px\" srcset=\"https:\/\/obera.fr\/wp-content\/uploads\/2024\/10\/w2-xr-2.png 566w, https:\/\/obera.fr\/wp-content\/uploads\/2024\/10\/w2-xr-2-253x300.png 253w\" sizes=\"(max-width: 566px) 100vw, 566px\" \/><\/figure>\n<\/div>\n\n\n\n<div class=\"wp-block-column is-layout-flow wp-block-column-is-layout-flow\" style=\"flex-basis:66.66%\">\n<p><strong>Industrijski sesalnik W2 XR za mokro in suho sesanje<\/strong> je zasnovan za sesanje trdnih in teko\u010dih snovi, odpornih proti eksploziji. Njegova izdelava je zasnovana tako, da prepre\u010duje nabiranje stati\u010dne elektrike, zahvaljujo\u010d antistati\u010dnemu poliestrskemu vre\u010dastemu filtru (za\u0161\u010dita filtrirne enote). Da bi prepre\u010dili pregrevanje, ima naprava enofazni brezkrta\u010dni motor, ki ustvarja manj toplote in trenja kot motor s \u0161\u010detkami. Zasnova, ki v celoti spo\u0161tuje predpise ATEX v obmo\u010djih razreda 22.<\/p>\n\n\n\n<p>Za kak\u0161ne namene? Serija W2 XR je kalibrirana za zmanj\u0161anje tveganj v eksplozivnih atmosferah: tovarne za proizvodnjo kemikalij, predelavo hrane, obdelavo lesa, obdelavo kovin, proizvodnjo energije\u2026 Industrijski sesalnik W2 XR izpolnjuje zahteve vseh vrst industrij, ki ustvarjajo gorljiv prah, ki je poleg tega \u0161kodljiv za zdravje operaterjev.<\/p>\n\n\n\n<div class=\"wp-block-columns is-layout-flex wp-container-core-columns-is-layout-28f84493 wp-block-columns-is-layout-flex\">\n<div class=\"wp-block-column is-layout-flow wp-block-column-is-layout-flow\">\n<div class=\"wp-block-buttons is-layout-flex wp-block-buttons-is-layout-flex\">\n<div class=\"wp-block-button\"><a class=\"wp-block-button__link wp-element-button\" href=\"https:\/\/obera.fr\/wp-content\/uploads\/2025\/06\/brochure-w2-xr-fr.pdf\">PRENESI BRO\u0160URO<\/a><\/div>\n<\/div>\n<\/div>\n\n\n\n<div class=\"wp-block-column is-layout-flow wp-block-column-is-layout-flow\">\n<div class=\"wp-block-buttons is-layout-flex wp-block-buttons-is-layout-flex\">\n<div class=\"wp-block-button\"><a class=\"wp-block-button__link wp-element-button\" href=\"https:\/\/obera.fr\/sl\/contact\/\">POTREBUJETE PRILAGOJEN NASVET?<\/a><\/div>\n<\/div>\n<\/div>\n\n\n\n<div class=\"wp-block-column is-layout-flow wp-block-column-is-layout-flow\">\n<div class=\"wp-block-buttons is-content-justification-center is-layout-flex wp-container-core-buttons-is-layout-a89b3969 wp-block-buttons-is-layout-flex\">\n<div class=\"wp-block-button btn-devis-source\"><a class=\"wp-block-button__link wp-element-button\" href=\"https:\/\/obera.fr\/sl\/devis\/\">Zahtevajte ponudbo<\/a><\/div>\n<\/div>\n\n\n<script>\r\ndocument.addEventListener('DOMContentLoaded', function() {\r\n    \/\/ 1. On cherche le titre H1 de la page\r\n    var h1 = document.querySelector('h1');\r\n    var productTitle = h1 ? h1.innerText.trim() : \"\";\r\n\r\n    \/\/ 2. On cherche les boutons via la classe CSS .btn-devis-source\r\n    var buttons = document.querySelectorAll('.btn-devis-source a');\r\n\r\n    \/\/ 3. Si on a le titre et les boutons, on ajoute le param\u00e8tre\r\n    if (buttons.length > 0 && productTitle !== \"\") {\r\n        var encodedTitle = encodeURIComponent(productTitle);\r\n\r\n        buttons.forEach(function(btn) {\r\n            var currentHref = btn.getAttribute('href');\r\n            \r\n            \/\/ S\u00e9curit\u00e9 pour ne pas ajouter le param\u00e8tre 2 fois\r\n            if (currentHref.indexOf('sujet=') === -1) {\r\n                var separator = currentHref.indexOf('?') !== -1 ? '&' : '?';\r\n                var newLink = currentHref + separator + 'sujet=' + encodedTitle;\r\n                \r\n                btn.setAttribute('href', newLink);\r\n            }\r\n        });\r\n    }\r\n});\r\n<\/script><\/div>\n<\/div>\n<\/div>\n<\/div>\n\n<h2 class=\"wp-block-heading\">Kak\u0161ne so tehni\u010dne zna\u010dilnosti industrijskega sesalnika W2 XR?<\/h2>\n\n<p>Industrijski sesalnik W2 XR zagotavlja pretok zraka do 215 m3\/h in mo\u010d 1,1 kW, kar mu omogo\u010da visoko sesalno zmogljivost. Opremljen je s sistemom za \u010di\u0161\u010denje filtra z vertikalnim premikom, kar olaj\u0161a \u010di\u0161\u010denje in zagotavlja maksimalno \u017eivljenjsko dobo. <a href=\"https:\/\/obera.fr\/sl\/produits\/aspirateurs-industriels\/\" data-type=\"page\" data-id=\"41\">Sesalnik<\/a> ima 40-litrsko posodo in je opremljen s snemljivim sistemom za praznjenje, ki omogo\u010da premikanje posode do to\u010dke odstranjevanja odpadkov. Za izpolnjevanje zahtev vseh industrij so sesalne, filtrirne in zbiralne enote izdelane iz nerjave\u010dega jekla.<\/p>\n\n<p>Znotraj je sesalna enota prekrita z zvo\u010dno izolacijsko oblogo, filtrirna enota pa je za\u0161\u010ditena z antistati\u010dnim poliestrskim vre\u010dastim filtrom. Sesalni sistem ima vhod premera 50 mm, name\u0161\u010den pod filtrom, kar mu omogo\u010da so\u010dasno sesanje prahu, trdnih snovi in teko\u010din.<\/p>\n\n<p>Dodatna prednost za strokovnjake za \u010di\u0161\u010denje: sesalnik je dobavljen z dodatki, kot so gibljiva sesalna cev, teleskopska palica, \u0161\u010detke, ozka \u0161oba.<\/p>\n\n<blockquote class=\"wp-block-quote is-layout-flow wp-block-quote-is-layout-flow\">\n<p>Katere mo\u017enosti? Razli\u010dica ATEX sesalnika W2 XR ima ve\u010d mo\u017enosti za \u0161e bolj\u0161o prilagoditev va\u0161im potrebam: Nomex filter (odpornost na vro\u010dino do 250\u00b0), absolutni filter Hepa H14, ko\u0161ara za dodatke, filter razreda M, M PTFE, M Teflon hidro-oleofoben, antistati\u010den razred L in M, posoda in filtrirna komora iz nerjave\u010dega jekla, ozemljitev. Za nasvet se obrnite na na\u0161e ekipe, da preu\u010dimo najustreznej\u0161e mo\u017enosti za va\u0161o industrijo.<\/p>\n<\/blockquote>\n\n<h3 class=\"wp-block-heading has-text-align-center\">INDUSTRIJE<\/h3>\n\n<div class=\"wp-block-columns is-layout-flex wp-container-core-columns-is-layout-28f84493 wp-block-columns-is-layout-flex\">\n<div class=\"wp-block-column is-layout-flow wp-block-column-is-layout-flow\">\n<hr class=\"wp-block-separator has-alpha-channel-opacity\"\/>\n\n\n\n<div class=\"wp-block-columns is-layout-flex wp-container-core-columns-is-layout-28f84493 wp-block-columns-is-layout-flex\">\n<div class=\"wp-block-column is-layout-flow wp-block-column-is-layout-flow\">\n<figure class=\"wp-block-image aligncenter size-thumbnail is-resized\"><img decoding=\"async\" width=\"150\" height=\"150\" src=\"https:\/\/obera.fr\/wp-content\/uploads\/2022\/02\/Textile-150x150.png\" alt=\"tekstil\" class=\"wp-image-8855\"\/><figcaption class=\"wp-element-caption\">Tekstil<\/figcaption><\/figure>\n\n\n\n<figure class=\"wp-block-image aligncenter size-thumbnail is-resized\"><img decoding=\"async\" width=\"150\" height=\"150\" src=\"https:\/\/obera.fr\/wp-content\/uploads\/2022\/02\/Plastique-150x150.png\" alt=\"plastika\" class=\"wp-image-8854\"\/><figcaption class=\"wp-element-caption\">Plastika<\/figcaption><\/figure>\n<\/div>\n\n\n\n<div class=\"wp-block-column is-layout-flow wp-block-column-is-layout-flow\">\n<figure class=\"wp-block-image aligncenter size-thumbnail is-resized\"><img decoding=\"async\" width=\"150\" height=\"150\" src=\"https:\/\/obera.fr\/wp-content\/uploads\/2022\/02\/MINERAIS-150x150.png\" alt=\"rude\" class=\"wp-image-8847\"\/><figcaption class=\"wp-element-caption\">Minerali<\/figcaption><\/figure>\n\n\n\n<figure class=\"wp-block-image aligncenter size-thumbnail is-resized\"><img decoding=\"async\" width=\"150\" height=\"150\" src=\"https:\/\/obera.fr\/wp-content\/uploads\/2022\/02\/Metalurgie-150x150.png\" alt=\"metalurgija\" class=\"wp-image-8857\"\/><figcaption class=\"wp-element-caption\">Metalurgija<\/figcaption><\/figure>\n\n\n\n<figure class=\"wp-block-image aligncenter size-thumbnail is-resized\"><img decoding=\"async\" width=\"150\" height=\"150\" src=\"https:\/\/obera.fr\/wp-content\/uploads\/2023\/02\/sans-titre-2023-02-14t102211.641-150x150.png\" alt=\"Kmetijstvo\" class=\"wp-image-18828\"\/><figcaption class=\"wp-element-caption\">Kmetijstvo<\/figcaption><\/figure>\n<\/div>\n<\/div>\n<\/div>\n\n\n\n<div class=\"wp-block-column is-layout-flow wp-block-column-is-layout-flow\">\n<hr class=\"wp-block-separator has-alpha-channel-opacity\"\/>\n\n\n\n<div class=\"wp-block-columns is-layout-flex wp-container-core-columns-is-layout-28f84493 wp-block-columns-is-layout-flex\">\n<div class=\"wp-block-column is-layout-flow wp-block-column-is-layout-flow\">\n<figure class=\"wp-block-image aligncenter size-thumbnail is-resized\"><img decoding=\"async\" width=\"150\" height=\"150\" src=\"https:\/\/obera.fr\/wp-content\/uploads\/2022\/02\/Chimie-150x150.png\" alt=\"kemija\" class=\"wp-image-8846\"\/><figcaption class=\"wp-element-caption\">Kemija<\/figcaption><\/figure>\n\n\n\n<figure class=\"wp-block-image aligncenter size-thumbnail is-resized\"><img decoding=\"async\" width=\"150\" height=\"150\" src=\"https:\/\/obera.fr\/wp-content\/uploads\/2022\/02\/Travail-du-bois-150x150.png\" alt=\"obdelava lesa\" class=\"wp-image-8856\"\/><figcaption class=\"wp-element-caption\">Obdelava lesa<\/figcaption><\/figure>\n\n\n\n<figure class=\"wp-block-image aligncenter size-thumbnail is-resized\"><img decoding=\"async\" width=\"150\" height=\"150\" src=\"https:\/\/obera.fr\/wp-content\/uploads\/2023\/02\/sans-titre-2023-02-14t101920.185-150x150.png\" alt=\"Letalstvo\" class=\"wp-image-18831\"\/><figcaption class=\"wp-element-caption\">Letalstvo<\/figcaption><\/figure>\n<\/div>\n\n\n\n<div class=\"wp-block-column is-layout-flow wp-block-column-is-layout-flow\">\n<figure class=\"wp-block-image aligncenter size-thumbnail is-resized\"><img decoding=\"async\" width=\"150\" height=\"150\" src=\"https:\/\/obera.fr\/wp-content\/uploads\/2022\/02\/AGROALIMENTAIRE-150x150.png\" alt=\"agro&#x17E;ivilski sektor\" class=\"wp-image-8844\"\/><figcaption class=\"wp-element-caption\">\u017divilska industrija<\/figcaption><\/figure>\n\n\n\n<figure class=\"wp-block-image aligncenter size-thumbnail is-resized\"><img decoding=\"async\" width=\"150\" height=\"150\" src=\"https:\/\/obera.fr\/wp-content\/uploads\/2022\/02\/Papier-carton-150x150.png\" alt=\"papir in karton\" class=\"wp-image-8853\"\/><figcaption class=\"wp-element-caption\">Papir\/karton<\/figcaption><\/figure>\n\n\n\n<figure class=\"wp-block-image aligncenter size-thumbnail is-resized\"><img decoding=\"async\" width=\"150\" height=\"150\" src=\"https:\/\/obera.fr\/wp-content\/uploads\/2023\/02\/sans-titre-2023-02-14t101712.416-150x150.png\" alt=\"Avtomobilska industrija\" class=\"wp-image-18834\"\/><figcaption class=\"wp-element-caption\">Avtomobilska industrija<\/figcaption><\/figure>\n<\/div>\n<\/div>\n<\/div>\n<\/div>\n\n<table id=\"tablepress-198\" class=\"tablepress tablepress-id-198\">\n<tbody class=\"row-striping row-hover\">\n<tr class=\"row-1\">\n\t<td class=\"column-1\">Zones ATEX<\/td><td class=\"column-2\"><\/td><td class=\"column-3\">22<\/td>\n<\/tr>\n<tr class=\"row-2\">\n\t<td class=\"column-1\">Marquage<\/td><td class=\"column-2\"><\/td><td class=\"column-3\">EX II 3D Ex tc IIIB T135\u00b0C X Dc<\/td>\n<\/tr>\n<tr class=\"row-3\">\n\t<td class=\"column-1\">Tension<\/td><td class=\"column-2\">V-HZ<\/td><td class=\"column-3\">230<\/td>\n<\/tr>\n<tr class=\"row-4\">\n\t<td class=\"column-1\">Puissance<\/td><td class=\"column-2\">kW<\/td><td class=\"column-3\">1.1<\/td>\n<\/tr>\n<tr class=\"row-5\">\n\t<td class=\"column-1\">Protection \u00e9lectrique<\/td><td class=\"column-2\">IP<\/td><td class=\"column-3\">55<\/td>\n<\/tr>\n<tr class=\"row-6\">\n\t<td class=\"column-1\">D\u00e9pression maximum<\/td><td class=\"column-2\">Pa<\/td><td class=\"column-3\">2.250 Pa<\/td>\n<\/tr>\n<tr class=\"row-7\">\n\t<td class=\"column-1\">D\u00e9bit d\u2019air max<\/td><td class=\"column-2\">m3\/h<\/td><td class=\"column-3\">215<\/td>\n<\/tr>\n<tr class=\"row-8\">\n\t<td class=\"column-1\">Diam\u00e8tre embouchure<\/td><td class=\"column-2\">mm<\/td><td class=\"column-3\">50<\/td>\n<\/tr>\n<tr class=\"row-9\">\n\t<td class=\"column-1\">Type de filtre<\/td><td class=\"column-2\"><\/td><td class=\"column-3\">\u00c0 poches en \u00e9toile<\/td>\n<\/tr>\n<tr class=\"row-10\">\n\t<td class=\"column-1\">Surface<\/td><td class=\"column-2\">cm2<\/td><td class=\"column-3\">20.000<\/td>\n<\/tr>\n<tr class=\"row-11\">\n\t<td class=\"column-1\">Syst\u00e8me de nettoyage<\/td><td class=\"column-2\"><\/td><td class=\"column-3\">Manuel<\/td>\n<\/tr>\n<tr class=\"row-12\">\n\t<td class=\"column-1\">Bac de r\u00e9colte<\/td><td class=\"column-2\"><\/td><td class=\"column-3\">Acier<\/td>\n<\/tr>\n<tr class=\"row-13\">\n\t<td class=\"column-1\">Syst\u00e8me de vidange<\/td><td class=\"column-2\"><\/td><td class=\"column-3\">Bac d\u00e9crochable<\/td>\n<\/tr>\n<tr class=\"row-14\">\n\t<td class=\"column-1\">Capacit\u00e9<\/td><td class=\"column-2\">litre<\/td><td class=\"column-3\">40<\/td>\n<\/tr>\n<tr class=\"row-15\">\n\t<td class=\"column-1\">Dimensions<\/td><td class=\"column-2\">cm<\/td><td class=\"column-3\">55x63x124<\/td>\n<\/tr>\n<\/tbody>\n<\/table>\n\n\n<div class=\"wp-block-buttons is-content-justification-center is-layout-flex wp-container-core-buttons-is-layout-a89b3969 wp-block-buttons-is-layout-flex\">\n<div class=\"wp-block-button\"><a class=\"wp-block-button__link wp-element-button\" href=\"https:\/\/obera.fr\/wp-content\/uploads\/2024\/04\/obera_brochure-w2-xr-fr.pdf\">PRENESITE TEHNI\u010cNI LIST IZDELKA<\/a><\/div>\n<\/div>\n\n<h2 class=\"wp-block-heading\">Sesalnik W2 XR: prednosti kompaktnega sesalnika z visoko filtracijo<\/h2>\n\n<p>Industrijski sesalnik W2 XR ponuja vse prednosti serije W2, in sicer: visoko mobilnost za enostavno in udobno uporabo za operaterje. Zvo\u010dno izolacijska obloga okoli motorja za maksimalno zmanj\u0161anje hrupa in prepre\u010devanje motenj ekip. <\/p>\n\n<p>Njegova vsestranskost je o\u010ditno klju\u010dni kriterij za industrijo, saj njegova tehnologija mokrega in suhega sesanja v kombinaciji z skladnostjo ATEX omogo\u010da sesanje tako prahu kot trdnih snovi in teko\u010din, odpornih proti eksploziji. Je tudi enostaven za vzdr\u017eevanje, zahvaljujo\u010d vgrajenemu stresalniku filtra, ki mo\u010dno poenostavi \u010di\u0161\u010denje. Operater mora le aktivirati ro\u010dico stresalnika za takoj\u0161nje ro\u010dno \u010di\u0161\u010denje.<\/p>\n\n<p>Kon\u010dno, glavna prednost serije W2 XR je certifikat ATEX obmo\u010dje 22. S tem industrijskim sesalnikom izpolnjujete svoje obveznosti glede skladnosti. Uporaba sesalnika s certifikatom ATEX v obmo\u010dju 22 je nujna za zagotavljanje varnosti va\u0161ih ekip in premo\u017eenja.<\/p>\n\n<div class=\"wp-block-columns is-layout-flex wp-container-core-columns-is-layout-28f84493 wp-block-columns-is-layout-flex\">\n<div class=\"wp-block-column is-layout-flow wp-block-column-is-layout-flow\" style=\"flex-basis:33.34%\">\n<h3 class=\"wp-block-heading\">Prednosti :<\/h3>\n\n\n\n<ul class=\"wp-block-list\">\n<li>Kompakten in mobilen sesalnik;<\/li>\n\n\n\n<li>Zmanj\u0161anje tveganja za alergije in bolezni dihal;<\/li>\n\n\n\n<li>Izpolnjevanje zahtev predpisov ATEX.<\/li>\n<\/ul>\n<\/div>\n\n\n\n<div class=\"wp-block-column is-layout-flow wp-block-column-is-layout-flow\" style=\"flex-basis:33.34%\">\n<h3 class=\"wp-block-heading\">Posebne funkcije:<\/h3>\n\n\n\n<ul class=\"wp-block-list\">\n<li>Skladnost z ATEX obmo\u010djem 22, sesanje delcev, trdnih snovi in teko\u010din, odpornih proti eksploziji.<\/li>\n<\/ul>\n<\/div>\n\n\n\n<div class=\"wp-block-column is-layout-flow wp-block-column-is-layout-flow\" style=\"flex-basis:33.33%\">\n<h3 class=\"wp-block-heading\">Zna\u010dilnosti :<\/h3>\n\n\n\n<ul class=\"wp-block-list\">\n<li>Antistati\u010dni poliestrski vre\u010dasti filter;<\/li>\n\n\n\n<li>Enofazni brezkrta\u010dni motor;<\/li>\n\n\n\n<li>Sistem za zama\u0161itev s svetlobnim indikatorjem.<\/li>\n<\/ul>\n<\/div>\n<\/div>\n\n<h2 class=\"wp-block-heading\">\u0160e vedno dvomite o u\u010dinkovitosti sesalnika W2 XR za va\u0161o industrijo?<\/h2>\n\n<p>Pri OberA vemo, da se raven tveganja eksplozije v obmo\u010dju 22 spreminja glede na \u0161tevilne dejavnike: vrste prahu, koli\u010dina, viri v\u017eiga\u2026 Za izbiro prave sesalne re\u0161itve izvedemo diagnostiko v va\u0161ih delavnicah in vam ponudimo test opreme z mo\u017enostjo nakupa.<\/p>\n\n<div class=\"wp-block-buttons is-content-justification-center is-layout-flex wp-container-core-buttons-is-layout-a89b3969 wp-block-buttons-is-layout-flex\">\n<div class=\"wp-block-button\"><a class=\"wp-block-button__link wp-element-button\" href=\"https:\/\/obera.fr\/sl\/contact\/\">PREIZKUSITE SESALNIK W2 XR<\/a><\/div>\n<\/div>\n\n<h2 class=\"wp-block-heading\">Drugi industrijski sesalniki iz ponudbe<\/h2>\n\n<div class=\"wp-block-columns is-layout-flex wp-container-core-columns-is-layout-28f84493 wp-block-columns-is-layout-flex\">\n<div class=\"wp-block-column is-layout-flow wp-block-column-is-layout-flow\">\n<figure class=\"wp-block-image aligncenter size-full is-resized\"><a href=\"https:\/\/obera.fr\/sl\/produits\/aspirateurs-industriels\/ventilateurs-aspiration-gamme-eurosog-rg-100-800\/\"><img decoding=\"async\" width=\"600\" height=\"600\" src=\"https:\/\/obera.fr\/wp-content\/uploads\/2024\/04\/obera-ventilateur-aspiration-rg-300-400.jpg\" alt=\"obera ventilator za sesanje rg 300 400\" class=\"wp-image-29437\" style=\"width:349px;height:auto\" srcset=\"https:\/\/obera.fr\/wp-content\/uploads\/2024\/04\/obera-ventilateur-aspiration-rg-300-400.jpg 600w, https:\/\/obera.fr\/wp-content\/uploads\/2024\/04\/obera-ventilateur-aspiration-rg-300-400-300x300.jpg 300w, https:\/\/obera.fr\/wp-content\/uploads\/2024\/04\/obera-ventilateur-aspiration-rg-300-400-150x150.jpg 150w\" sizes=\"(max-width: 600px) 100vw, 600px\" \/><\/a><figcaption class=\"wp-element-caption\">RG 300\/400<\/figcaption><\/figure>\n<\/div>\n\n\n\n<div class=\"wp-block-column is-layout-flow wp-block-column-is-layout-flow\">\n<figure class=\"wp-block-image aligncenter size-full is-resized\"><a href=\"https:\/\/obera.fr\/sl\/produits\/aspirateurs-industriels\/w2-haute-filtration-polyvalence\/\"><img decoding=\"async\" width=\"711\" height=\"622\" src=\"https:\/\/obera.fr\/wp-content\/uploads\/2024\/10\/w2.png\" alt=\"Industrijski sesalniki\" class=\"wp-image-35424\" style=\"object-fit:cover;width:300px;height:300px\" srcset=\"https:\/\/obera.fr\/wp-content\/uploads\/2024\/10\/w2.png 711w, https:\/\/obera.fr\/wp-content\/uploads\/2024\/10\/w2-300x262.png 300w\" sizes=\"(max-width: 711px) 100vw, 711px\" \/><\/a><figcaption class=\"wp-element-caption\">W2<\/figcaption><\/figure>\n<\/div>\n\n\n\n<div class=\"wp-block-column is-layout-flow wp-block-column-is-layout-flow\">\n<figure class=\"wp-block-image aligncenter size-full is-resized\"><a href=\"https:\/\/obera.fr\/sl\/produits\/aspirateurs-industriels\/w3-pour-nettoyage-general\/\"><img decoding=\"async\" width=\"658\" height=\"652\" src=\"https:\/\/obera.fr\/wp-content\/uploads\/2024\/10\/w3.png\" alt=\"w3\" class=\"wp-image-35427\" style=\"object-fit:cover;width:300px;height:300px\" srcset=\"https:\/\/obera.fr\/wp-content\/uploads\/2024\/10\/w3.png 658w, https:\/\/obera.fr\/wp-content\/uploads\/2024\/10\/w3-300x297.png 300w, https:\/\/obera.fr\/wp-content\/uploads\/2024\/10\/w3-150x150.png 150w, https:\/\/obera.fr\/wp-content\/uploads\/2024\/10\/w3-24x24.png 24w, https:\/\/obera.fr\/wp-content\/uploads\/2024\/10\/w3-48x48.png 48w, https:\/\/obera.fr\/wp-content\/uploads\/2024\/10\/w3-96x96.png 96w\" sizes=\"(max-width: 658px) 100vw, 658px\" \/><\/a><figcaption class=\"wp-element-caption\">W3<\/figcaption><\/figure>\n<\/div>\n<\/div>\n","protected":false},"excerpt":{"rendered":"<p>Spoznajte industrijski sesalnik W2 XR za sesanje trdnih in teko\u010dih snovi, odpornih proti eksploziji. Kompaktna, mobilna in zmogljiva oprema za zmanj\u0161anje tveganja v\u017eiga in eksplozije v va\u0161ih proizvodnih enotah. Industrijski sesalnik W2 XR s certifikatom ATEX obmo\u010dje 22: na\u010delo in uporaba Industrijski sesalnik W2 XR za mokro in suho sesanje je zasnovan za sesanje trdnih in teko\u010dih snovi, odpornih proti eksploziji. Njegova izdelava je zasnovana tako, da prepre\u010duje nabiranje stati\u010dne elektrike, zahvaljujo\u010d antistati\u010dnemu poliestrskemu vre\u010dastemu filtru (za\u0161\u010dita filtrirne enote). Da bi prepre\u010dili pregrevanje, ima naprava enofazni brezkrta\u010dni motor, ki ustvarja manj toplote in trenja kot motor s \u0161\u010detkami. Zasnova, ki &#8230; <\/p>\n<p class=\"read-more-container\"><a title=\"Industrijski sesalnik W2 XR\" class=\"read-more button\" href=\"https:\/\/obera.fr\/sl\/produits\/aspirateurs-industriels\/w2-xr-atex-22\/#more-45093\" aria-label=\"Read more about Industrijski sesalnik W2 XR\">Lire la suite<\/a><\/p>\n","protected":false},"author":4,"featured_media":83750,"parent":48487,"menu_order":0,"comment_status":"closed","ping_status":"closed","template":"","meta":{"_acf_changed":false,"_seopress_robots_primary_cat":"","_seopress_titles_title":"Industrijski sesalnik W2 XR ATEX 22 oberA","_seopress_titles_desc":"Kompakten in zmogljiv, spoznajte serijo W2 XR za sesanje trdnih in teko\u010dih snovi, odpornih proti eksploziji. Oprema, ki jo lahko preizkusite z mo\u017enostjo nakupa, zahvaljujo\u010d podjetju OberA.","_seopress_robots_index":"","footnotes":""},"class_list":{"0":"post-45093","1":"page","2":"type-page","3":"status-publish","4":"has-post-thumbnail","6":"no-featured-image-padding","7":"resize-featured-image"},"acf":[],"_links":{"self":[{"href":"https:\/\/obera.fr\/sl\/wp-json\/wp\/v2\/pages\/45093","targetHints":{"allow":["GET"]}}],"collection":[{"href":"https:\/\/obera.fr\/sl\/wp-json\/wp\/v2\/pages"}],"about":[{"href":"https:\/\/obera.fr\/sl\/wp-json\/wp\/v2\/types\/page"}],"author":[{"embeddable":true,"href":"https:\/\/obera.fr\/sl\/wp-json\/wp\/v2\/users\/4"}],"replies":[{"embeddable":true,"href":"https:\/\/obera.fr\/sl\/wp-json\/wp\/v2\/comments?post=45093"}],"version-history":[{"count":10,"href":"https:\/\/obera.fr\/sl\/wp-json\/wp\/v2\/pages\/45093\/revisions"}],"predecessor-version":[{"id":140670,"href":"https:\/\/obera.fr\/sl\/wp-json\/wp\/v2\/pages\/45093\/revisions\/140670"}],"up":[{"embeddable":true,"href":"https:\/\/obera.fr\/sl\/wp-json\/wp\/v2\/pages\/48487"}],"wp:featuredmedia":[{"embeddable":true,"href":"https:\/\/obera.fr\/sl\/wp-json\/wp\/v2\/media\/83750"}],"wp:attachment":[{"href":"https:\/\/obera.fr\/sl\/wp-json\/wp\/v2\/media?parent=45093"}],"curies":[{"name":"wp","href":"https:\/\/api.w.org\/{rel}","templated":true}]}}