{"id":45301,"date":"2024-04-05T23:01:46","date_gmt":"2024-04-05T21:01:46","guid":{"rendered":"https:\/\/obera.fr\/w3-industrijski-sesalnik\/"},"modified":"2026-02-05T11:45:08","modified_gmt":"2026-02-05T09:45:08","slug":"w3-pour-nettoyage-general","status":"publish","type":"page","link":"https:\/\/obera.fr\/sl\/produits\/aspirateurs-industriels\/w3-pour-nettoyage-general\/","title":{"rendered":"Industrijski sesalnik W3"},"content":{"rendered":"\n<p>Industrijski sesalnik W3 je visoko zmogljiva in za uporabo enostavna <a href=\"https:\/\/obera.fr\/sl\/produits\/aspirateurs-industriels\/\" data-type=\"page\" data-id=\"41\">re\u0161itev,<\/a> ki je nujna za splo\u0161no \u010di\u0161\u010denje in jo je mogo\u010de prilagoditi vsem potrebam.<\/p>\n\n\n\n<h2 class=\"wp-block-heading\">Princip in uporaba industrijskega sesalnika W3<\/h2>\n\n\n\n<div class=\"wp-block-columns is-layout-flex wp-container-core-columns-is-layout-28f84493 wp-block-columns-is-layout-flex\">\n<div class=\"wp-block-column is-layout-flow wp-block-column-is-layout-flow\" style=\"flex-basis:33.33%\">\n<figure class=\"wp-block-image aligncenter size-full is-resized\"><img decoding=\"async\" width=\"658\" height=\"652\" src=\"https:\/\/obera.fr\/wp-content\/uploads\/2024\/10\/w3.png\" alt=\"Industrijski sesalniki\" class=\"wp-image-35427\" style=\"object-fit:cover;width:300px;height:300px\" srcset=\"https:\/\/obera.fr\/wp-content\/uploads\/2024\/10\/w3.png 658w, https:\/\/obera.fr\/wp-content\/uploads\/2024\/10\/w3-300x297.png 300w, https:\/\/obera.fr\/wp-content\/uploads\/2024\/10\/w3-150x150.png 150w, https:\/\/obera.fr\/wp-content\/uploads\/2024\/10\/w3-24x24.png 24w, https:\/\/obera.fr\/wp-content\/uploads\/2024\/10\/w3-48x48.png 48w, https:\/\/obera.fr\/wp-content\/uploads\/2024\/10\/w3-96x96.png 96w\" sizes=\"(max-width: 658px) 100vw, 658px\" \/><\/figure>\n<\/div>\n\n\n\n<div class=\"wp-block-column is-layout-flow wp-block-column-is-layout-flow\" style=\"flex-basis:66.66%\">\n<p><strong>Industrijski sesalnik W3<\/strong> je znan po svoji vsestranskosti in tihem delovanju. Opremljen je s tremi zmogljivimi by-pass motorji, ki sesajo zrak in ga razdelijo v dva tokova: en tok se uporablja za hlajenje motorja, drugi pa za sesanje prahu in trdnih delcev. Ta sistem sesanja ne le prepre\u010duje zama\u0161itev motorja, temve\u010d tudi zadr\u017euje drobne delce, saj zra\u010dni tok prehaja skozi filter za prah. Obto\u010dni motorji serije W3 zagotavljajo visoko sesalno mo\u010d, manj vzdr\u017eevanja in dalj\u0161o \u017eivljenjsko dobo opreme (manj\u0161a nevarnost pregrevanja in zama\u0161itve).   <\/p>\n\n\n\n<p>Za kaj je namenjen? Enofazni sesalnik W3 je vsestranski, okreten in prakti\u010den, zato je idealen za splo\u0161no \u010di\u0161\u010denje: \u010di\u0161\u010denje tal, sten, gradbi\u0161\u010d, delavnic, proizvodnih strojev itd. Je tudi odli\u010dna izbira za sesanje drobnega prahu in alergenih delcev. Zaradi svoje konstrukcije in \u0161irokega nabora mo\u017enosti prilagajanja se zlahka prilagodi vsem industrijskim panogam. Posebej u\u010dinkovit je za odsesavanje prahu in trdnih delcev v mehani\u010dnih delavnicah, \u017eivilskopredelovalnih podjetjih, mizarskih delavnicah, obrtnih delavnicah, peskanju, cementarnah in pri obdelavi povr\u0161in.   <\/p>\n\n\n\n<div class=\"wp-block-columns is-layout-flex wp-container-core-columns-is-layout-28f84493 wp-block-columns-is-layout-flex\">\n<div class=\"wp-block-column is-layout-flow wp-block-column-is-layout-flow\">\n<div class=\"wp-block-buttons is-layout-flex wp-block-buttons-is-layout-flex\">\n<div class=\"wp-block-button\"><a class=\"wp-block-button__link wp-element-button\" href=\"https:\/\/obera.fr\/wp-content\/uploads\/2025\/06\/brochure-w3-en.pdf\">PRENESI BRO\u0160URO<\/a><\/div>\n<\/div>\n<\/div>\n\n\n\n<div class=\"wp-block-column is-layout-flow wp-block-column-is-layout-flow\">\n<div class=\"wp-block-buttons is-layout-flex wp-block-buttons-is-layout-flex\">\n<div class=\"wp-block-button\"><a class=\"wp-block-button__link wp-element-button\" href=\"https:\/\/obera.fr\/contact\/\">POTREBUJETE INDIVIDUALNI NASVET?<\/a><\/div>\n<\/div>\n<\/div>\n\n\n\n<div class=\"wp-block-column is-layout-flow wp-block-column-is-layout-flow\">\n<div class=\"wp-block-buttons is-content-justification-center is-layout-flex wp-container-core-buttons-is-layout-a89b3969 wp-block-buttons-is-layout-flex\">\n<div class=\"wp-block-button btn-devis-source\"><a class=\"wp-block-button__link wp-element-button\" href=\"https:\/\/obera.fr\/sl\/devis\/\">Zahtevajte ponudbo<\/a><\/div>\n<\/div>\n\n\n<script>\r\ndocument.addEventListener('DOMContentLoaded', function() {\r\n    \/\/ 1. On cherche le titre H1 de la page\r\n    var h1 = document.querySelector('h1');\r\n    var productTitle = h1 ? h1.innerText.trim() : \"\";\r\n\r\n    \/\/ 2. On cherche les boutons via la classe CSS .btn-devis-source\r\n    var buttons = document.querySelectorAll('.btn-devis-source a');\r\n\r\n    \/\/ 3. Si on a le titre et les boutons, on ajoute le param\u00e8tre\r\n    if (buttons.length > 0 && productTitle !== \"\") {\r\n        var encodedTitle = encodeURIComponent(productTitle);\r\n\r\n        buttons.forEach(function(btn) {\r\n            var currentHref = btn.getAttribute('href');\r\n            \r\n            \/\/ S\u00e9curit\u00e9 pour ne pas ajouter le param\u00e8tre 2 fois\r\n            if (currentHref.indexOf('sujet=') === -1) {\r\n                var separator = currentHref.indexOf('?') !== -1 ? '&' : '?';\r\n                var newLink = currentHref + separator + 'sujet=' + encodedTitle;\r\n                \r\n                btn.setAttribute('href', newLink);\r\n            }\r\n        });\r\n    }\r\n});\r\n<\/script><\/div>\n<\/div>\n<\/div>\n<\/div>\n\n\n\n<h2 class=\"wp-block-heading\">Splo\u0161no \u010di\u0161\u010denje: zna\u010dilnosti sesalnika W3<\/h2>\n\n\n\n<p>Industrijski sesalnik W3 je na voljo v dveh razli\u010dicah. Opremljen je s tremi enofaznimi motorji z mo\u010djo 1,1 kW v 65-litrski razli\u010dici in 1,3 kW v 100-litrski razli\u010dici. Zaradi te posebne tehni\u010dne lastnosti je stroj \u0161e posebej u\u010dinkovit pri sesanju materialov z veliko specifi\u010dno maso (gramoz, pesek, \u017eeblji, vijaki, ostanki stekla). Sesalnik zagotavlja najve\u010dji podtlak med 2 400 in 3 600 Pa ter najve\u010dji pretok med 540 m3\/h in 450 m3\/h, odvisno od izbrane razli\u010dice.<\/p>\n\n\n\n<p>Industrijski sesalnik W3 je kljub trem by-pass motorjem tih. Sesalna enota je zvo\u010dno izolirana, da je hrup \u010dim manj\u0161i.<\/p>\n\n\n\n<p>Robustna sesalna naprava ima masivno jekleno glavo. Filtrirna enota je prav tako izdelana iz nerjavnega jekla (filtrirna komora), prav tako kot pladenj na kolesih in podvozje.  <\/p>\n\n\n\n<p>Na koncu je filtrirna enota opremljena s filtrom iz poliestrske vre\u010dke za za\u0161\u010dito in visoko stopnjo zadr\u017eevanja prahu. Velika povr\u0161ina 2 m2 in visoka u\u010dinkovitost filtriranja (3 mikroni) prav tako zagotavljata \u010distost izstopajo\u010dega zraka.<\/p>\n\n\n\n<p>Sesalnik W3 vklju\u010duje dodatke, namenjene profesionalcem pri \u010di\u0161\u010denju: prilagodljivo sesalno cev, krta\u010de, orodje za krpanje itd.<\/p>\n\n\n\n<blockquote class=\"wp-block-quote is-layout-flow wp-block-quote-is-layout-flow\">\n<p>Razpolo\u017eljive razli\u010dice: industrijski sesalnik W3 je na voljo v dveh razli\u010dicah! Ena s prostornino 65 litrov, druga s prostornino 100 litrov. Na voljo je tudi s 3 enofaznimi, 3-stopenjskimi motorji za sesanje materialov z visoko specifi\u010dno maso.<\/p>\n<\/blockquote>\n\n\n\n<h3 class=\"wp-block-heading has-text-align-center\">Izbirno<\/h3>\n\n\n\n<div class=\"wp-block-columns is-layout-flex wp-container-core-columns-is-layout-28f84493 wp-block-columns-is-layout-flex\">\n<div class=\"wp-block-column is-layout-flow wp-block-column-is-layout-flow\" style=\"flex-basis:50%\">\n<ul class=\"wp-block-list\">\n<li>Nomexov filter &#8211; odporen na vro\u010dino do 250\u00b0;<\/li>\n\n\n\n<li>Absolutni filter Hepa H14 ;<\/li>\n\n\n\n<li>Filter razreda M iz PTFE;<\/li>\n\n\n\n<li>Teflonski filter razreda M z vodno oleofobno za\u0161\u010dito;  <\/li>\n\n\n\n<li>Antistati\u010dni filter razreda M ;<\/li>\n<\/ul>\n<\/div>\n\n\n\n<div class=\"wp-block-column is-layout-flow wp-block-column-is-layout-flow\" style=\"flex-basis:50%\">\n<ul class=\"wp-block-list\">\n<li>Posoda in filtrirna komora iz nerjave\u010dega jekla;<\/li>\n\n\n\n<li>Ozemljitev ;<\/li>\n\n\n\n<li>Ko\u0161ara za \u017ear z izpustnim ventilom in indikatorjem nivoja ;<\/li>\n\n\n\n<li>Zabojnik za vre\u010dke z dolgo podlogo 20mt;<\/li>\n\n\n\n<li>Ciklon za za\u0161\u010dito filtra.<\/li>\n<\/ul>\n<\/div>\n<\/div>\n\n\n\n<h3 class=\"wp-block-heading has-text-align-center\">INDUSTRIJE<\/h3>\n\n\n\n<div class=\"wp-block-columns is-layout-flex wp-container-core-columns-is-layout-28f84493 wp-block-columns-is-layout-flex\">\n<div class=\"wp-block-column is-layout-flow wp-block-column-is-layout-flow\">\n<hr class=\"wp-block-separator has-alpha-channel-opacity\"\/>\n\n\n\n<div class=\"wp-block-columns is-layout-flex wp-container-core-columns-is-layout-28f84493 wp-block-columns-is-layout-flex\">\n<div class=\"wp-block-column is-layout-flow wp-block-column-is-layout-flow\">\n<figure class=\"wp-block-image aligncenter size-thumbnail is-resized\"><img decoding=\"async\" width=\"150\" height=\"150\" src=\"https:\/\/obera.fr\/wp-content\/uploads\/2022\/02\/Textile-150x150.png\" alt=\"tekstil\" class=\"wp-image-8855\"\/><figcaption class=\"wp-element-caption\">Tekstil<\/figcaption><\/figure>\n\n\n\n<figure class=\"wp-block-image aligncenter size-thumbnail is-resized\"><img decoding=\"async\" width=\"150\" height=\"150\" src=\"https:\/\/obera.fr\/wp-content\/uploads\/2022\/02\/Plastique-150x150.png\" alt=\"plastika\" class=\"wp-image-8854\"\/><figcaption class=\"wp-element-caption\">Plastika<\/figcaption><\/figure>\n<\/div>\n\n\n\n<div class=\"wp-block-column is-layout-flow wp-block-column-is-layout-flow\">\n<figure class=\"wp-block-image aligncenter size-thumbnail is-resized\"><img decoding=\"async\" width=\"150\" height=\"150\" src=\"https:\/\/obera.fr\/wp-content\/uploads\/2022\/02\/MINERAIS-150x150.png\" alt=\"rude\" class=\"wp-image-8847\"\/><figcaption class=\"wp-element-caption\">Minerali<\/figcaption><\/figure>\n\n\n\n<figure class=\"wp-block-image aligncenter size-thumbnail is-resized\"><img decoding=\"async\" width=\"150\" height=\"150\" src=\"https:\/\/obera.fr\/wp-content\/uploads\/2022\/02\/Metalurgie-150x150.png\" alt=\"metalurgija\" class=\"wp-image-8857\"\/><figcaption class=\"wp-element-caption\">Metalurgija<\/figcaption><\/figure>\n\n\n\n<figure class=\"wp-block-image aligncenter size-thumbnail is-resized\"><img decoding=\"async\" width=\"150\" height=\"150\" src=\"https:\/\/obera.fr\/wp-content\/uploads\/2023\/02\/sans-titre-2023-02-14t102211.641-150x150.png\" alt=\"Kmetijstvo\" class=\"wp-image-18828\"\/><figcaption class=\"wp-element-caption\">Kmetijstvo<\/figcaption><\/figure>\n<\/div>\n<\/div>\n<\/div>\n\n\n\n<div class=\"wp-block-column is-layout-flow wp-block-column-is-layout-flow\">\n<hr class=\"wp-block-separator has-alpha-channel-opacity\"\/>\n\n\n\n<div class=\"wp-block-columns is-layout-flex wp-container-core-columns-is-layout-28f84493 wp-block-columns-is-layout-flex\">\n<div class=\"wp-block-column is-layout-flow wp-block-column-is-layout-flow\">\n<figure class=\"wp-block-image aligncenter size-thumbnail is-resized\"><img decoding=\"async\" width=\"150\" height=\"150\" src=\"https:\/\/obera.fr\/wp-content\/uploads\/2022\/02\/Chimie-150x150.png\" alt=\"kemija\" class=\"wp-image-8846\"\/><figcaption class=\"wp-element-caption\">Kemija<\/figcaption><\/figure>\n\n\n\n<figure class=\"wp-block-image aligncenter size-thumbnail is-resized\"><img decoding=\"async\" width=\"150\" height=\"150\" src=\"https:\/\/obera.fr\/wp-content\/uploads\/2022\/02\/Travail-du-bois-150x150.png\" alt=\"obdelava lesa\" class=\"wp-image-8856\"\/><figcaption class=\"wp-element-caption\">Obdelava lesa<\/figcaption><\/figure>\n\n\n\n<figure class=\"wp-block-image aligncenter size-thumbnail is-resized\"><img decoding=\"async\" width=\"150\" height=\"150\" src=\"https:\/\/obera.fr\/wp-content\/uploads\/2023\/02\/sans-titre-2023-02-14t101920.185-150x150.png\" alt=\"Letalstvo\" class=\"wp-image-18831\"\/><figcaption class=\"wp-element-caption\">Letalstvo<\/figcaption><\/figure>\n<\/div>\n\n\n\n<div class=\"wp-block-column is-layout-flow wp-block-column-is-layout-flow\">\n<figure class=\"wp-block-image aligncenter size-thumbnail is-resized\"><img decoding=\"async\" width=\"150\" height=\"150\" src=\"https:\/\/obera.fr\/wp-content\/uploads\/2022\/02\/AGROALIMENTAIRE-150x150.png\" alt=\"agro\u017eivilski sektor\" class=\"wp-image-8844\"\/><figcaption class=\"wp-element-caption\">\u017divilska industrija<\/figcaption><\/figure>\n\n\n\n<figure class=\"wp-block-image aligncenter size-thumbnail is-resized\"><img decoding=\"async\" width=\"150\" height=\"150\" src=\"https:\/\/obera.fr\/wp-content\/uploads\/2022\/02\/Papier-carton-150x150.png\" alt=\"papir in karton\" class=\"wp-image-8853\"\/><figcaption class=\"wp-element-caption\">Papir\/karton<\/figcaption><\/figure>\n\n\n\n<figure class=\"wp-block-image aligncenter size-thumbnail is-resized\"><img decoding=\"async\" width=\"150\" height=\"150\" src=\"https:\/\/obera.fr\/wp-content\/uploads\/2023\/02\/sans-titre-2023-02-14t101712.416-150x150.png\" alt=\"Avtomobilska industrija\" class=\"wp-image-18834\"\/><figcaption class=\"wp-element-caption\">Avtomobilska industrija<\/figcaption><\/figure>\n<\/div>\n<\/div>\n<\/div>\n<\/div>\n\n\n\n<figure class=\"wp-block-table\"><table class=\"has-fixed-layout\"><tbody><tr><td>Napetost<\/td><td>V-HZ<\/td><td>230<\/td><td>230-50<\/td><\/tr><tr><td>Napajanje<\/td><td>kW<\/td><td>3&#215;1.1<\/td><td>3&#215;1.3<\/td><\/tr><tr><td>Najve\u010dja depresija<\/td><td>Pa<\/td><td>2.400 Pa<\/td><td>3.600 Pa<\/td><\/tr><tr><td>Najve\u010dji pretok zraka<\/td><td>m3\/h<\/td><td>540<\/td><td>450<\/td><\/tr><tr><td>Premer ustnika<\/td><td>mm<\/td><td>80<\/td><td>80<\/td><\/tr><tr><td>Vrsta filtra<\/td><td><\/td><td>Z \u017eepi z zvezdicami<\/td><td>Z \u017eepi z zvezdicami<\/td><\/tr><tr><td>Povr\u0161ina<\/td><td>cm2<\/td><td>20.000<\/td><td>20.000<\/td><\/tr><tr><td>Sistem \u010di\u0161\u010denja<\/td><td><\/td><td>Manuel<\/td><td>Manuel<\/td><\/tr><tr><td>Zaboj za pridelek<\/td><td><\/td><td>Jeklo<\/td><td>Jeklo<\/td><\/tr><tr><td>Sistem za odvajanje vode<\/td><td><\/td><td>Odstranljiv zabojnik<\/td><td>Odstranljiv zabojnik<\/td><\/tr><tr><td>Zmogljivost<\/td><td>liter<\/td><td>65\/100<\/td><td>65\/100<\/td><\/tr><tr><td>Dimenzije<\/td><td>cm<\/td><td>58x60x135cm<\/td><td>58x60x145cm<\/td><\/tr><tr><td>Oprema za filtriranje &#8211; razred<\/td><td><\/td><td><\/td><td>Poliester-L<\/td><\/tr><\/tbody><\/table><\/figure>\n\n\n\n<div class=\"wp-block-buttons is-content-justification-center is-layout-flex wp-container-core-buttons-is-layout-a89b3969 wp-block-buttons-is-layout-flex\">\n<div class=\"wp-block-button\"><a class=\"wp-block-button__link wp-element-button\" href=\"https:\/\/obera.fr\/wp-content\/uploads\/2024\/04\/obera_brochure-w3-fr.pdf\">PRENESI PODATKOVNI LIST IZDELKA<\/a><\/div>\n<\/div>\n\n\n\n<h2 class=\"wp-block-heading\">Prednosti sesalnika W3<\/h2>\n\n\n\n<p>Serija W3 je \u0161e posebej priljubljena zaradi preproste uporabe. Vse je zasnovano tako, da upravljavcu \u010dim bolj poenostavi storitve generalnega \u010di\u0161\u010denja. Ima vakuumski merilnik z indikatorsko lu\u010dko za zaznavanje morebitne zasi\u010denosti filtra. Na glavi motorja sta dva ro\u010daja za la\u017eje dvigovanje pri menjavi filtra. Enofazni sesalnik ima tudi sistem za ro\u010dno odpra\u0161evanje, ki ga je mogo\u010de aktivirati s pritiskom stikala, tako da lahko povr\u0161inski tehniki u\u017eivajo v najve\u010dji u\u010dinkovitosti sesanja.<\/p>\n\n\n\n<div class=\"wp-block-columns is-layout-flex wp-container-core-columns-is-layout-28f84493 wp-block-columns-is-layout-flex\">\n<div class=\"wp-block-column is-layout-flow wp-block-column-is-layout-flow\" style=\"flex-basis:33.34%\">\n<h3 class=\"wp-block-heading\">Prednosti :<\/h3>\n\n\n\n<ul class=\"wp-block-list\">\n<li>Vakuumski merilnik z indikatorsko lu\u010dko za predvidevanje zasi\u010denosti filtra;<\/li>\n\n\n\n<li>Odvajanje zraka navzdol ;<\/li>\n\n\n\n<li>Kompakten, mobilen in enostaven za uporabo;<\/li>\n\n\n\n<li>Vsestranski in tihi.<\/li>\n<\/ul>\n<\/div>\n\n\n\n<div class=\"wp-block-column is-layout-flow wp-block-column-is-layout-flow\" style=\"flex-basis:33.34%\">\n<h3 class=\"wp-block-heading\">Posebne funkcije:<\/h3>\n\n\n\n<ul class=\"wp-block-list\">\n<li>Trije enofazni \u0161unt motorji z neodvisnimi stikali;<\/li>\n\n\n\n<li>Poliester zvezdni filter;<\/li>\n\n\n\n<li>Na voljo je \u0161irok izbor filtrov.<\/li>\n<\/ul>\n<\/div>\n\n\n\n<div class=\"wp-block-column is-layout-flow wp-block-column-is-layout-flow\" style=\"flex-basis:33.33%\">\n<h3 class=\"wp-block-heading\">Zna\u010dilnosti :<\/h3>\n\n\n\n<ul class=\"wp-block-list\">\n<li>Na voljo v 65-litrski ali 100-litrski razli\u010dici;<\/li>\n\n\n\n<li>Na voljo je 3-stopenjska razli\u010dica;<\/li>\n\n\n\n<li>Za\u0161\u010dita sesalne enote z zvezdnim filtrom (poliester).<\/li>\n<\/ul>\n<\/div>\n<\/div>\n\n\n\n<h2 class=\"wp-block-heading\">Preizkus enofaznega industrijskega sesalnika za splo\u0161no \u010di\u0161\u010denje<\/h2>\n\n\n\n<p>V va\u0161ih delavnicah vam ponujamo preizkus v celoti z mo\u017enostjo nakupa v povpre\u010dnem obdobju enega meseca.<\/p>\n\n\n\n<div class=\"wp-block-buttons is-content-justification-center is-layout-flex wp-container-core-buttons-is-layout-a89b3969 wp-block-buttons-is-layout-flex\">\n<div class=\"wp-block-button\"><a class=\"wp-block-button__link wp-element-button\" href=\"https:\/\/obera.fr\/sl\/contact\/\">TESTIRANJE SESALNIKA W2<\/a><\/div>\n<\/div>\n\n\n\n<h2 class=\"wp-block-heading\">Drugi industrijski sesalniki v ponudbi<\/h2>\n\n\n\n<div class=\"wp-block-columns is-layout-flex wp-container-core-columns-is-layout-28f84493 wp-block-columns-is-layout-flex\">\n<div class=\"wp-block-column is-layout-flow wp-block-column-is-layout-flow\">\n<figure class=\"wp-block-image aligncenter size-full is-resized\"><a href=\"https:\/\/obera.fr\/produits\/aspirateurs-industriels\/w2-xr-atex-22\/\"><img decoding=\"async\" width=\"566\" height=\"671\" src=\"https:\/\/obera.fr\/wp-content\/uploads\/2024\/10\/w2-xr-2.png\" alt=\"Industrijski sesalniki\" class=\"wp-image-35431\" style=\"object-fit:cover;width:300px;height:300px\" srcset=\"https:\/\/obera.fr\/wp-content\/uploads\/2024\/10\/w2-xr-2.png 566w, https:\/\/obera.fr\/wp-content\/uploads\/2024\/10\/w2-xr-2-253x300.png 253w\" sizes=\"(max-width: 566px) 100vw, 566px\" \/><\/a><figcaption class=\"wp-element-caption\">W2 XR<\/figcaption><\/figure>\n<\/div>\n\n\n\n<div class=\"wp-block-column is-layout-flow wp-block-column-is-layout-flow\">\n<figure class=\"wp-block-image aligncenter size-full is-resized\"><a href=\"https:\/\/obera.fr\/produits\/aspirateurs-industriels\/w2-haute-filtration-polyvalence\/\"><img decoding=\"async\" width=\"711\" height=\"622\" src=\"https:\/\/obera.fr\/wp-content\/uploads\/2024\/10\/w2.png\" alt=\"Industrijski sesalniki\" class=\"wp-image-35424\" style=\"width:343px;height:auto\" srcset=\"https:\/\/obera.fr\/wp-content\/uploads\/2024\/10\/w2.png 711w, https:\/\/obera.fr\/wp-content\/uploads\/2024\/10\/w2-300x262.png 300w\" sizes=\"(max-width: 711px) 100vw, 711px\" \/><\/a><figcaption class=\"wp-element-caption\">W2<\/figcaption><\/figure>\n<\/div>\n\n\n\n<div class=\"wp-block-column is-layout-flow wp-block-column-is-layout-flow\">\n<figure class=\"wp-block-image aligncenter size-full is-resized\"><a href=\"https:\/\/obera.fr\/produits\/aspirateurs-industriels\/ventilateurs-aspiration-gamme-eurosog-rg-100-800\/\"><img decoding=\"async\" width=\"600\" height=\"600\" src=\"https:\/\/obera.fr\/wp-content\/uploads\/2024\/04\/obera-ventilateur-aspiration-rg-300-400.jpg\" alt=\"obera sesalni ventilator rg 300 400\" class=\"wp-image-29437\" style=\"object-fit:cover;width:300px;height:300px\" srcset=\"https:\/\/obera.fr\/wp-content\/uploads\/2024\/04\/obera-ventilateur-aspiration-rg-300-400.jpg 600w, https:\/\/obera.fr\/wp-content\/uploads\/2024\/04\/obera-ventilateur-aspiration-rg-300-400-300x300.jpg 300w, https:\/\/obera.fr\/wp-content\/uploads\/2024\/04\/obera-ventilateur-aspiration-rg-300-400-150x150.jpg 150w\" sizes=\"(max-width: 600px) 100vw, 600px\" \/><\/a><figcaption class=\"wp-element-caption\">RG 300\/400<\/figcaption><\/figure>\n<\/div>\n<\/div>\n","protected":false},"excerpt":{"rendered":"<p>Industrijski sesalnik W3 je visoko zmogljiva in za uporabo enostavna re\u0161itev, ki je nujna za splo\u0161no \u010di\u0161\u010denje in jo je mogo\u010de prilagoditi vsem potrebam. Princip in uporaba industrijskega sesalnika W3 Industrijski sesalnik W3 je znan po svoji vsestranskosti in tihem delovanju. Opremljen je s tremi zmogljivimi by-pass motorji, ki sesajo zrak in ga razdelijo v dva tokova: en tok se uporablja za hlajenje motorja, drugi pa za sesanje prahu in trdnih delcev. Ta sistem sesanja ne le prepre\u010duje zama\u0161itev motorja, temve\u010d tudi zadr\u017euje drobne delce, saj zra\u010dni tok prehaja skozi filter za prah. Obto\u010dni motorji serije W3 zagotavljajo visoko sesalno &#8230; <\/p>\n<p class=\"read-more-container\"><a title=\"Industrijski sesalnik W3\" class=\"read-more button\" href=\"https:\/\/obera.fr\/sl\/produits\/aspirateurs-industriels\/w3-pour-nettoyage-general\/#more-45301\" aria-label=\"Read more about Industrijski sesalnik W3\">Lire la suite<\/a><\/p>\n","protected":false},"author":4,"featured_media":83750,"parent":48487,"menu_order":0,"comment_status":"closed","ping_status":"closed","template":"","meta":{"_acf_changed":false,"_seopress_robots_primary_cat":"","_seopress_titles_title":"Industrijski sesalnik W3 za splo\u0161no \u010di\u0161\u010denje OberA","_seopress_titles_desc":"Serija W3, nepogre\u0161ljiva za splo\u0161no \u010di\u0161\u010denje, ima 3 enofazne motorje, ki zdru\u017eujejo zmogljivost in udobje uporabe.","_seopress_robots_index":"","footnotes":""},"class_list":{"0":"post-45301","1":"page","2":"type-page","3":"status-publish","4":"has-post-thumbnail","6":"no-featured-image-padding","7":"resize-featured-image"},"acf":[],"_links":{"self":[{"href":"https:\/\/obera.fr\/sl\/wp-json\/wp\/v2\/pages\/45301","targetHints":{"allow":["GET"]}}],"collection":[{"href":"https:\/\/obera.fr\/sl\/wp-json\/wp\/v2\/pages"}],"about":[{"href":"https:\/\/obera.fr\/sl\/wp-json\/wp\/v2\/types\/page"}],"author":[{"embeddable":true,"href":"https:\/\/obera.fr\/sl\/wp-json\/wp\/v2\/users\/4"}],"replies":[{"embeddable":true,"href":"https:\/\/obera.fr\/sl\/wp-json\/wp\/v2\/comments?post=45301"}],"version-history":[{"count":10,"href":"https:\/\/obera.fr\/sl\/wp-json\/wp\/v2\/pages\/45301\/revisions"}],"predecessor-version":[{"id":140576,"href":"https:\/\/obera.fr\/sl\/wp-json\/wp\/v2\/pages\/45301\/revisions\/140576"}],"up":[{"embeddable":true,"href":"https:\/\/obera.fr\/sl\/wp-json\/wp\/v2\/pages\/48487"}],"wp:featuredmedia":[{"embeddable":true,"href":"https:\/\/obera.fr\/sl\/wp-json\/wp\/v2\/media\/83750"}],"wp:attachment":[{"href":"https:\/\/obera.fr\/sl\/wp-json\/wp\/v2\/media?parent=45301"}],"curies":[{"name":"wp","href":"https:\/\/api.w.org\/{rel}","templated":true}]}}